{"id":15556,"date":"2021-07-07T16:06:59","date_gmt":"2021-12-20T12:30:37","guid":{"rendered":"https:\/\/naturalpoland.pl\/produkty\/nezarazene\/kyselina-trenaxamova\/"},"modified":"2024-09-10T13:55:31","modified_gmt":"2024-09-10T11:55:31","slug":"kyselina-trenaxemova","status":"publish","type":"product","link":"https:\/\/naturalpoland.com\/cs\/produkty\/produkty-pro-kosmeticky-prumysl\/kyseliny\/kyselina-trenaxemova\/","title":{"rendered":"Kyselina tranexamov\u00e1"},"content":{"rendered":"<h2>Vlastnosti kyseliny tranexamov\u00e9<\/h2>\n<p>  Kyselina tranexamov\u00e1 je zn\u00e1m\u00e1 sv\u00fdmi \u00fa\u010dinky na rozjasn\u011bn\u00ed pleti a redukci hyperpigmentac\u00ed, jako je melasma, slune\u010dn\u00ed skvrny a hyperpigmentace po akn\u00e9. Bylo zji\u0161t\u011bno, \u017ee zesv\u011btluje zabarven\u00ed k\u016f\u017ee zp\u016fsoben\u00e9 hormon\u00e1ln\u00edmi poruchami, z\u00e1n\u011bty nebo u\u017e\u00edv\u00e1n\u00edm n\u011bkter\u00fdch l\u00e9k\u016f. Inhibuje aktivitu melanocyt\u016f, co\u017e vede ke sn\u00ed\u017een\u00ed produkce melaninu a zlep\u0161en\u00ed odst\u00ednu pleti.<br \/>\nVykazuje tak\u00e9 siln\u00e9 protiz\u00e1n\u011btliv\u00e9 \u00fa\u010dinky.<br \/>\nKrom\u011b toho chr\u00e1n\u00ed poko\u017eku p\u0159ed vn\u011bj\u0161\u00edmi vlivy.   Jeho protikrv\u00e1civ\u00fd \u00fa\u010dinek se osv\u011bd\u010duje p\u0159i l\u00e9\u010db\u011b z\u00e1n\u011btliv\u00fdch ko\u017en\u00edch onemocn\u011bn\u00ed.  <\/p>\n<h2>Aplikace<\/h2>\n<p>  Kyselina tranexamov\u00e1 se \u010dasto pou\u017e\u00edv\u00e1 v kosmetick\u00fdch p\u0159\u00edpravc\u00edch proti st\u00e1rnut\u00ed a k rozjasn\u011bn\u00ed.<br \/>\nP\u0159id\u00e1v\u00e1 se tak\u00e9 do kosmetiky pro citlivou a podr\u00e1\u017ed\u011bnou ple\u0165.  Dob\u0159e funguje p\u0159i l\u00e9\u010db\u011b r\u016f\u017eovky, proto\u017ee \u00fa\u010dinn\u011b redukuje zabarven\u00ed. Absorbuje se do 3 hodin.<\/p>\n","protected":false},"excerpt":{"rendered":"<p>Kyselina tranexamov\u00e1 byla uzn\u00e1na v 80. letech 20. stolet\u00ed. Z dvac\u00e1t\u00e9ho stolet\u00ed. Dnes je zn\u00e1mo, \u017ee jde o syntetickou aminokyselinu, kter\u00e1 m\u00e1 antihemoragick\u00e9 vlastnosti. To znamen\u00e1, \u017ee je schopen \u00fa\u010dinn\u011b inhibovat konverzi plasminogenu na plasmin.<\/p>\n","protected":false},"featured_media":15559,"template":"","meta":{"_acf_changed":false},"product_brand":[],"product_cat":[628,5448],"product_tag":[],"class_list":{"0":"post-15556","1":"product","2":"type-product","3":"status-publish","4":"has-post-thumbnail","6":"product_cat-aminokyseliny","7":"product_cat-kyseliny","9":"first","10":"instock","11":"shipping-taxable","12":"product-type-simple"},"acf":[],"yoast_head":"<!-- This site is optimized with the Yoast SEO plugin v27.5 - https:\/\/yoast.com\/product\/yoast-seo-wordpress\/ -->\n<title>Kyselina tranexamov\u00e1 - NATURAL POLAND - Velkoobchodn\u00ed distributor surovin<\/title>\n<meta name=\"description\" content=\"Kyselina tranexamov\u00e1 je univerz\u00e1ln\u00ed \u00fa\u010dinn\u00e1 l\u00e1tka s rozjas\u0148uj\u00edc\u00edmi, protiz\u00e1n\u011btliv\u00fdmi a ochrann\u00fdmi vlastnostmi, kter\u00e1 se pou\u017e\u00edv\u00e1 v kosmetice proti st\u00e1rnut\u00ed.\" \/>\n<meta name=\"robots\" content=\"index, follow, max-snippet:-1, max-image-preview:large, max-video-preview:-1\" \/>\n<link rel=\"canonical\" href=\"https:\/\/naturalpoland.com\/cs\/produkty\/produkty-pro-kosmeticky-prumysl\/kyseliny\/kyselina-trenaxemova\/\" \/>\n<meta property=\"og:locale\" content=\"cs_CZ\" \/>\n<meta property=\"og:type\" content=\"article\" \/>\n<meta property=\"og:title\" content=\"Kyselina tranexamov\u00e1 - NATURAL POLAND - Velkoobchodn\u00ed distributor surovin\" \/>\n<meta property=\"og:description\" content=\"Kyselina tranexamov\u00e1 je univerz\u00e1ln\u00ed \u00fa\u010dinn\u00e1 l\u00e1tka s rozjas\u0148uj\u00edc\u00edmi, protiz\u00e1n\u011btliv\u00fdmi a ochrann\u00fdmi vlastnostmi, kter\u00e1 se pou\u017e\u00edv\u00e1 v kosmetice proti st\u00e1rnut\u00ed.\" \/>\n<meta property=\"og:url\" content=\"https:\/\/naturalpoland.com\/cs\/produkty\/produkty-pro-kosmeticky-prumysl\/kyseliny\/kyselina-trenaxemova\/\" \/>\n<meta property=\"og:site_name\" content=\"NATURAL POLAND - Velkoobchodn\u00ed distributor surovin\" \/>\n<meta property=\"article:publisher\" content=\"https:\/\/www.facebook.com\/naturalpoland.b2b\" \/>\n<meta property=\"article:modified_time\" content=\"2024-09-10T11:55:31+00:00\" \/>\n<meta property=\"og:image\" content=\"https:\/\/naturalpoland.com\/wp-content\/uploads\/TRANEXAMIC-ACID.jpg\" \/>\n\t<meta property=\"og:image:width\" content=\"1139\" \/>\n\t<meta property=\"og:image:height\" content=\"959\" \/>\n\t<meta property=\"og:image:type\" content=\"image\/jpeg\" \/>\n<script type=\"application\/ld+json\" class=\"yoast-schema-graph\">{\"@context\":\"https:\\\/\\\/schema.org\",\"@graph\":[{\"@type\":\"WebPage\",\"@id\":\"https:\\\/\\\/naturalpoland.com\\\/cs\\\/produkty\\\/produkty-pro-kosmeticky-prumysl\\\/kyseliny\\\/kyselina-trenaxemova\\\/\",\"url\":\"https:\\\/\\\/naturalpoland.com\\\/cs\\\/produkty\\\/produkty-pro-kosmeticky-prumysl\\\/kyseliny\\\/kyselina-trenaxemova\\\/\",\"name\":\"Kyselina tranexamov\u00e1 - NATURAL POLAND - Velkoobchodn\u00ed distributor surovin\",\"isPartOf\":{\"@id\":\"https:\\\/\\\/naturalpoland.com\\\/cs\\\/#website\"},\"primaryImageOfPage\":{\"@id\":\"https:\\\/\\\/naturalpoland.com\\\/cs\\\/produkty\\\/produkty-pro-kosmeticky-prumysl\\\/kyseliny\\\/kyselina-trenaxemova\\\/#primaryimage\"},\"image\":{\"@id\":\"https:\\\/\\\/naturalpoland.com\\\/cs\\\/produkty\\\/produkty-pro-kosmeticky-prumysl\\\/kyseliny\\\/kyselina-trenaxemova\\\/#primaryimage\"},\"thumbnailUrl\":\"https:\\\/\\\/naturalpoland.com\\\/wp-content\\\/uploads\\\/TRANEXAMIC-ACID.jpg\",\"datePublished\":\"2021-12-20T12:30:37+00:00\",\"dateModified\":\"2024-09-10T11:55:31+00:00\",\"description\":\"Kyselina tranexamov\u00e1 je univerz\u00e1ln\u00ed \u00fa\u010dinn\u00e1 l\u00e1tka s rozjas\u0148uj\u00edc\u00edmi, protiz\u00e1n\u011btliv\u00fdmi a ochrann\u00fdmi vlastnostmi, kter\u00e1 se pou\u017e\u00edv\u00e1 v kosmetice proti st\u00e1rnut\u00ed.\",\"breadcrumb\":{\"@id\":\"https:\\\/\\\/naturalpoland.com\\\/cs\\\/produkty\\\/produkty-pro-kosmeticky-prumysl\\\/kyseliny\\\/kyselina-trenaxemova\\\/#breadcrumb\"},\"inLanguage\":\"cs\",\"potentialAction\":[{\"@type\":\"ReadAction\",\"target\":[\"https:\\\/\\\/naturalpoland.com\\\/cs\\\/produkty\\\/produkty-pro-kosmeticky-prumysl\\\/kyseliny\\\/kyselina-trenaxemova\\\/\"]}]},{\"@type\":\"ImageObject\",\"inLanguage\":\"cs\",\"@id\":\"https:\\\/\\\/naturalpoland.com\\\/cs\\\/produkty\\\/produkty-pro-kosmeticky-prumysl\\\/kyseliny\\\/kyselina-trenaxemova\\\/#primaryimage\",\"url\":\"https:\\\/\\\/naturalpoland.com\\\/wp-content\\\/uploads\\\/TRANEXAMIC-ACID.jpg\",\"contentUrl\":\"https:\\\/\\\/naturalpoland.com\\\/wp-content\\\/uploads\\\/TRANEXAMIC-ACID.jpg\",\"width\":1139,\"height\":959},{\"@type\":\"BreadcrumbList\",\"@id\":\"https:\\\/\\\/naturalpoland.com\\\/cs\\\/produkty\\\/produkty-pro-kosmeticky-prumysl\\\/kyseliny\\\/kyselina-trenaxemova\\\/#breadcrumb\",\"itemListElement\":[{\"@type\":\"ListItem\",\"position\":1,\"name\":\"Dom\u016f\",\"item\":\"https:\\\/\\\/naturalpoland.com\\\/cs\\\/\"},{\"@type\":\"ListItem\",\"position\":2,\"name\":\"Produkty\",\"item\":\"https:\\\/\\\/naturalpoland.com\\\/cs\\\/produkty\\\/\"},{\"@type\":\"ListItem\",\"position\":3,\"name\":\"Kyselina tranexamov\u00e1\"}]},{\"@type\":\"WebSite\",\"@id\":\"https:\\\/\\\/naturalpoland.com\\\/cs\\\/#website\",\"url\":\"https:\\\/\\\/naturalpoland.com\\\/cs\\\/\",\"name\":\"NATURAL POLAND - Velkoobchodn\u00ed distributor surovin\",\"description\":\"Surowce dla przemys\u0142u spo\u017cywczego, kosmetycznego i farmaceutycznego\",\"publisher\":{\"@id\":\"https:\\\/\\\/naturalpoland.com\\\/cs\\\/#organization\"},\"potentialAction\":[{\"@type\":\"SearchAction\",\"target\":{\"@type\":\"EntryPoint\",\"urlTemplate\":\"https:\\\/\\\/naturalpoland.com\\\/cs\\\/?s={search_term_string}\"},\"query-input\":{\"@type\":\"PropertyValueSpecification\",\"valueRequired\":true,\"valueName\":\"search_term_string\"}}],\"inLanguage\":\"cs\"},{\"@type\":\"Organization\",\"@id\":\"https:\\\/\\\/naturalpoland.com\\\/cs\\\/#organization\",\"name\":\"Natural Poland\",\"url\":\"https:\\\/\\\/naturalpoland.com\\\/cs\\\/\",\"logo\":{\"@type\":\"ImageObject\",\"inLanguage\":\"cs\",\"@id\":\"https:\\\/\\\/naturalpoland.com\\\/cs\\\/#\\\/schema\\\/logo\\\/image\\\/\",\"url\":\"https:\\\/\\\/naturalpoland.com\\\/wp-content\\\/uploads\\\/2021\\\/05\\\/natural-poland-icon.png\",\"contentUrl\":\"https:\\\/\\\/naturalpoland.com\\\/wp-content\\\/uploads\\\/2021\\\/05\\\/natural-poland-icon.png\",\"width\":512,\"height\":512,\"caption\":\"Natural Poland\"},\"image\":{\"@id\":\"https:\\\/\\\/naturalpoland.com\\\/cs\\\/#\\\/schema\\\/logo\\\/image\\\/\"},\"sameAs\":[\"https:\\\/\\\/www.facebook.com\\\/naturalpoland.b2b\",\"https:\\\/\\\/pl.linkedin.com\\\/company\\\/natural-poland\",\"https:\\\/\\\/www.youtube.com\\\/channel\\\/UCgeGGkvOMahZo-xu_MSEWxg\"]}]}<\/script>\n<!-- \/ Yoast SEO plugin. -->","yoast_head_json":{"title":"Kyselina tranexamov\u00e1 - NATURAL POLAND - Velkoobchodn\u00ed distributor surovin","description":"Kyselina tranexamov\u00e1 je univerz\u00e1ln\u00ed \u00fa\u010dinn\u00e1 l\u00e1tka s rozjas\u0148uj\u00edc\u00edmi, protiz\u00e1n\u011btliv\u00fdmi a ochrann\u00fdmi vlastnostmi, kter\u00e1 se pou\u017e\u00edv\u00e1 v kosmetice proti st\u00e1rnut\u00ed.","robots":{"index":"index","follow":"follow","max-snippet":"max-snippet:-1","max-image-preview":"max-image-preview:large","max-video-preview":"max-video-preview:-1"},"canonical":"https:\/\/naturalpoland.com\/cs\/produkty\/produkty-pro-kosmeticky-prumysl\/kyseliny\/kyselina-trenaxemova\/","og_locale":"cs_CZ","og_type":"article","og_title":"Kyselina tranexamov\u00e1 - NATURAL POLAND - Velkoobchodn\u00ed distributor surovin","og_description":"Kyselina tranexamov\u00e1 je univerz\u00e1ln\u00ed \u00fa\u010dinn\u00e1 l\u00e1tka s rozjas\u0148uj\u00edc\u00edmi, protiz\u00e1n\u011btliv\u00fdmi a ochrann\u00fdmi vlastnostmi, kter\u00e1 se pou\u017e\u00edv\u00e1 v kosmetice proti st\u00e1rnut\u00ed.","og_url":"https:\/\/naturalpoland.com\/cs\/produkty\/produkty-pro-kosmeticky-prumysl\/kyseliny\/kyselina-trenaxemova\/","og_site_name":"NATURAL POLAND - Velkoobchodn\u00ed distributor surovin","article_publisher":"https:\/\/www.facebook.com\/naturalpoland.b2b","article_modified_time":"2024-09-10T11:55:31+00:00","og_image":[{"width":1139,"height":959,"url":"https:\/\/naturalpoland.com\/wp-content\/uploads\/TRANEXAMIC-ACID.jpg","type":"image\/jpeg"}],"schema":{"@context":"https:\/\/schema.org","@graph":[{"@type":"WebPage","@id":"https:\/\/naturalpoland.com\/cs\/produkty\/produkty-pro-kosmeticky-prumysl\/kyseliny\/kyselina-trenaxemova\/","url":"https:\/\/naturalpoland.com\/cs\/produkty\/produkty-pro-kosmeticky-prumysl\/kyseliny\/kyselina-trenaxemova\/","name":"Kyselina tranexamov\u00e1 - NATURAL POLAND - Velkoobchodn\u00ed distributor surovin","isPartOf":{"@id":"https:\/\/naturalpoland.com\/cs\/#website"},"primaryImageOfPage":{"@id":"https:\/\/naturalpoland.com\/cs\/produkty\/produkty-pro-kosmeticky-prumysl\/kyseliny\/kyselina-trenaxemova\/#primaryimage"},"image":{"@id":"https:\/\/naturalpoland.com\/cs\/produkty\/produkty-pro-kosmeticky-prumysl\/kyseliny\/kyselina-trenaxemova\/#primaryimage"},"thumbnailUrl":"https:\/\/naturalpoland.com\/wp-content\/uploads\/TRANEXAMIC-ACID.jpg","datePublished":"2021-12-20T12:30:37+00:00","dateModified":"2024-09-10T11:55:31+00:00","description":"Kyselina tranexamov\u00e1 je univerz\u00e1ln\u00ed \u00fa\u010dinn\u00e1 l\u00e1tka s rozjas\u0148uj\u00edc\u00edmi, protiz\u00e1n\u011btliv\u00fdmi a ochrann\u00fdmi vlastnostmi, kter\u00e1 se pou\u017e\u00edv\u00e1 v kosmetice proti st\u00e1rnut\u00ed.","breadcrumb":{"@id":"https:\/\/naturalpoland.com\/cs\/produkty\/produkty-pro-kosmeticky-prumysl\/kyseliny\/kyselina-trenaxemova\/#breadcrumb"},"inLanguage":"cs","potentialAction":[{"@type":"ReadAction","target":["https:\/\/naturalpoland.com\/cs\/produkty\/produkty-pro-kosmeticky-prumysl\/kyseliny\/kyselina-trenaxemova\/"]}]},{"@type":"ImageObject","inLanguage":"cs","@id":"https:\/\/naturalpoland.com\/cs\/produkty\/produkty-pro-kosmeticky-prumysl\/kyseliny\/kyselina-trenaxemova\/#primaryimage","url":"https:\/\/naturalpoland.com\/wp-content\/uploads\/TRANEXAMIC-ACID.jpg","contentUrl":"https:\/\/naturalpoland.com\/wp-content\/uploads\/TRANEXAMIC-ACID.jpg","width":1139,"height":959},{"@type":"BreadcrumbList","@id":"https:\/\/naturalpoland.com\/cs\/produkty\/produkty-pro-kosmeticky-prumysl\/kyseliny\/kyselina-trenaxemova\/#breadcrumb","itemListElement":[{"@type":"ListItem","position":1,"name":"Dom\u016f","item":"https:\/\/naturalpoland.com\/cs\/"},{"@type":"ListItem","position":2,"name":"Produkty","item":"https:\/\/naturalpoland.com\/cs\/produkty\/"},{"@type":"ListItem","position":3,"name":"Kyselina tranexamov\u00e1"}]},{"@type":"WebSite","@id":"https:\/\/naturalpoland.com\/cs\/#website","url":"https:\/\/naturalpoland.com\/cs\/","name":"NATURAL POLAND - Velkoobchodn\u00ed distributor surovin","description":"Surowce dla przemys\u0142u spo\u017cywczego, kosmetycznego i farmaceutycznego","publisher":{"@id":"https:\/\/naturalpoland.com\/cs\/#organization"},"potentialAction":[{"@type":"SearchAction","target":{"@type":"EntryPoint","urlTemplate":"https:\/\/naturalpoland.com\/cs\/?s={search_term_string}"},"query-input":{"@type":"PropertyValueSpecification","valueRequired":true,"valueName":"search_term_string"}}],"inLanguage":"cs"},{"@type":"Organization","@id":"https:\/\/naturalpoland.com\/cs\/#organization","name":"Natural Poland","url":"https:\/\/naturalpoland.com\/cs\/","logo":{"@type":"ImageObject","inLanguage":"cs","@id":"https:\/\/naturalpoland.com\/cs\/#\/schema\/logo\/image\/","url":"https:\/\/naturalpoland.com\/wp-content\/uploads\/2021\/05\/natural-poland-icon.png","contentUrl":"https:\/\/naturalpoland.com\/wp-content\/uploads\/2021\/05\/natural-poland-icon.png","width":512,"height":512,"caption":"Natural Poland"},"image":{"@id":"https:\/\/naturalpoland.com\/cs\/#\/schema\/logo\/image\/"},"sameAs":["https:\/\/www.facebook.com\/naturalpoland.b2b","https:\/\/pl.linkedin.com\/company\/natural-poland","https:\/\/www.youtube.com\/channel\/UCgeGGkvOMahZo-xu_MSEWxg"]}]}},"_links":{"self":[{"href":"https:\/\/naturalpoland.com\/cs\/wp-json\/wp\/v2\/product\/15556","targetHints":{"allow":["GET"]}}],"collection":[{"href":"https:\/\/naturalpoland.com\/cs\/wp-json\/wp\/v2\/product"}],"about":[{"href":"https:\/\/naturalpoland.com\/cs\/wp-json\/wp\/v2\/types\/product"}],"wp:featuredmedia":[{"embeddable":true,"href":"https:\/\/naturalpoland.com\/cs\/wp-json\/wp\/v2\/media\/15559"}],"wp:attachment":[{"href":"https:\/\/naturalpoland.com\/cs\/wp-json\/wp\/v2\/media?parent=15556"}],"wp:term":[{"taxonomy":"product_brand","embeddable":true,"href":"https:\/\/naturalpoland.com\/cs\/wp-json\/wp\/v2\/product_brand?post=15556"},{"taxonomy":"product_cat","embeddable":true,"href":"https:\/\/naturalpoland.com\/cs\/wp-json\/wp\/v2\/product_cat?post=15556"},{"taxonomy":"product_tag","embeddable":true,"href":"https:\/\/naturalpoland.com\/cs\/wp-json\/wp\/v2\/product_tag?post=15556"}],"curies":[{"name":"wp","href":"https:\/\/api.w.org\/{rel}","templated":true}]}}