{"id":15592,"date":"2021-07-29T11:59:22","date_gmt":"2021-12-20T12:31:07","guid":{"rendered":"https:\/\/naturalpoland.pl\/produkty\/nezarazene\/olej-z-tresnovych-seminek\/"},"modified":"2022-01-24T13:14:10","modified_gmt":"2022-01-24T12:14:10","slug":"olej-z-tresnovych-seminek","status":"publish","type":"product","link":"https:\/\/naturalpoland.com\/cs\/produkty\/jedle-a-kosmeticke-oleje\/olej-z-tresnovych-seminek\/","title":{"rendered":"Olej z t\u0159e\u0161\u0148ov\u00fdch sem\u00ednek"},"content":{"rendered":"<table>\n<tbody>\n<tr>\n<th>ANALYTICAL DETAILS<\/th>\n<th>ROZSAH<\/th>\n<\/tr>\n<tr>\n<td>Peroxidov\u00e9 \u010d\u00edslo (MEQ O <sub>2<\/sub> \/ kg)<\/td>\n<td>Max. 20<\/td>\n<\/tr>\n<tr>\n<td>\u010c\u00cdSLO KYSELOSTI (MG KOH\/G)<\/td>\n<td>Max. 10<\/td>\n<\/tr>\n<\/tbody>\n<\/table>\n<h3><\/h3>\n<h3>Obsah mastn\u00fdch kyselin v oleji z t\u0159e\u0161\u0148ov\u00fdch sem\u00ednek:<\/h3>\n<table>\n<tbody>\n<tr>\n<th>N\u00c1ZEV KYSELINY<\/th>\n<th>C-\u0158ET\u011aZ<\/th>\n<th>ROZSAH (%)<\/th>\n<\/tr>\n<tr>\n<td>LESS<\/td>\n<td>&lt; C16: 0<\/td>\n<td><\/td>\n<\/tr>\n<tr>\n<td>PALMITICK\u00dd<\/td>\n<td>C16:0<\/td>\n<td>5,5-9,5<\/td>\n<\/tr>\n<tr>\n<td>PALMITOLEIC<\/td>\n<td>C16:1<\/td>\n<td><\/td>\n<\/tr>\n<tr>\n<td>STEARIC<\/td>\n<td>C18:0<\/td>\n<td>1,6-3,0<\/td>\n<\/tr>\n<tr>\n<td>OLEIC<\/td>\n<td>C18:1<\/td>\n<td>24-34,5<\/td>\n<\/tr>\n<tr>\n<td>LINOLEKOV\u00c9<\/td>\n<td>C18: 2<\/td>\n<td>40,0-46,0<\/td>\n<\/tr>\n<tr>\n<td>LINOLENICK\u00c1<\/td>\n<td>C18: 3<\/td>\n<td><\/td>\n<\/tr>\n<tr>\n<td>LINOLENIC (GLA)<\/td>\n<td>C18: 3<\/td>\n<td>10-13,0<\/td>\n<\/tr>\n<tr>\n<td>ICOSANOIC<\/td>\n<td>C20: 0<\/td>\n<td><\/td>\n<\/tr>\n<tr>\n<td>ICOSENOIC<\/td>\n<td>C20:1<\/td>\n<td><\/td>\n<\/tr>\n<tr>\n<td>DOCOSANOIC<\/td>\n<td>C22:0<\/td>\n<td><\/td>\n<\/tr>\n<tr>\n<td>ERUCIC<\/td>\n<td>C22:1<\/td>\n<td><\/td>\n<\/tr>\n<tr>\n<td>TETRACOSANOIC<\/td>\n<td>C24:0<\/td>\n<td><\/td>\n<\/tr>\n<\/tbody>\n<\/table>\n<p>&nbsp;<\/p>\n<p>Konzumace oleje z t\u0159e\u0161\u0148ov\u00fdch sem\u00ednek pom\u00e1h\u00e1 sni\u017eovat hladinu cholesterolu a p\u0159edch\u00e1zet srde\u010dn\u00edm onemocn\u011bn\u00edm. Stimuluje imunitn\u00ed syst\u00e9m a zvy\u0161uje odolnost v\u016f\u010di infek\u010dn\u00edm chorob\u00e1m.<\/p>\n<p>V kosmetice se t\u0159e\u0161\u0148ov\u00fd olej doporu\u010duje zejm\u00e9na pro p\u00e9\u010di o zralou ple\u0165 se sklonem k podr\u00e1\u017ed\u011bn\u00ed. M\u00e1 protiz\u00e1n\u011btliv\u00e9, analgetick\u00e9 a zm\u011bk\u010duj\u00edc\u00ed vlastnosti. Perfektn\u00ed jako dopln\u011bk k peeling\u016fm.<\/p>\n<p>Olej z t\u0159e\u0161\u0148ov\u00fdch sem\u00ednek se pou\u017e\u00edv\u00e1 jako mas\u00e1\u017en\u00ed olej. Slou\u017e\u00ed jako p\u0159irozen\u00fd UV filtr.<\/p>\n","protected":false},"excerpt":{"rendered":"<p>Olej z t\u0159e\u0161\u0148ov\u00fdch sem\u00ednek potravin\u00e1\u0159sk\u00e9 a kosmetick\u00e9 kvality, lisovan\u00fd za studena, nerafinovan\u00fd. Obsahuje p\u0159\u00edrodn\u00ed antioxidanty a alfa-delta- a gama-tokoferoly. Je v\u00fdjime\u010dn\u011b bohat\u00fd na vitam\u00edn E. Obsahuje tak\u00e9 polynenasycen\u00e9 mastn\u00e9 kyseliny. T\u0159e\u0161\u0148ov\u00fd olej m\u00e1 ochrann\u00e9 vlastnosti proti ultrafialov\u00e9mu z\u00e1\u0159en\u00ed.<\/p>\n","protected":false},"featured_media":5446,"template":"","meta":[],"product_brand":[],"product_cat":[625],"product_tag":[],"class_list":{"0":"post-15592","1":"product","2":"type-product","3":"status-publish","4":"has-post-thumbnail","6":"product_cat-jedle-a-kosmeticke-oleje","8":"first","9":"instock","10":"shipping-taxable","11":"product-type-simple"},"yoast_head":"<!-- This site is optimized with the Yoast SEO plugin v27.4 - https:\/\/yoast.com\/product\/yoast-seo-wordpress\/ -->\n<title>Olej z t\u0159e\u0161\u0148ov\u00fdch sem\u00ednek - Velkoobchodn\u00ed distributor<\/title>\n<meta name=\"description\" content=\"Olej z t\u0159e\u0161\u0148ov\u00fdch sem\u00ednek potravin\u00e1\u0159sk\u00e9 a kosmetick\u00e9 kvality obsahuje p\u0159\u00edrodn\u00ed antioxidanty, vitam\u00edn E a polynenasycen\u00e9 mastn\u00e9 kyseliny.\" \/>\n<meta name=\"robots\" content=\"index, follow, max-snippet:-1, max-image-preview:large, max-video-preview:-1\" \/>\n<link rel=\"canonical\" href=\"https:\/\/naturalpoland.com\/cs\/produkty\/jedle-a-kosmeticke-oleje\/olej-z-tresnovych-seminek\/\" \/>\n<meta property=\"og:locale\" content=\"cs_CZ\" \/>\n<meta property=\"og:type\" content=\"article\" \/>\n<meta property=\"og:title\" content=\"Olej z t\u0159e\u0161\u0148ov\u00fdch sem\u00ednek - Velkoobchodn\u00ed distributor\" \/>\n<meta property=\"og:description\" content=\"Olej z t\u0159e\u0161\u0148ov\u00fdch sem\u00ednek potravin\u00e1\u0159sk\u00e9 a kosmetick\u00e9 kvality obsahuje p\u0159\u00edrodn\u00ed antioxidanty, vitam\u00edn E a polynenasycen\u00e9 mastn\u00e9 kyseliny.\" \/>\n<meta property=\"og:url\" content=\"https:\/\/naturalpoland.com\/cs\/produkty\/jedle-a-kosmeticke-oleje\/olej-z-tresnovych-seminek\/\" \/>\n<meta property=\"og:site_name\" content=\"NATURAL POLAND - Velkoobchodn\u00ed distributor surovin\" \/>\n<meta property=\"article:publisher\" content=\"https:\/\/www.facebook.com\/naturalpoland.b2b\" \/>\n<meta property=\"article:modified_time\" content=\"2022-01-24T12:14:10+00:00\" \/>\n<meta property=\"og:image\" content=\"https:\/\/naturalpoland.com\/wp-content\/uploads\/olej-z-pestek-wisni.jpg\" \/>\n\t<meta property=\"og:image:width\" content=\"650\" \/>\n\t<meta property=\"og:image:height\" content=\"650\" \/>\n\t<meta property=\"og:image:type\" content=\"image\/jpeg\" \/>\n<script type=\"application\/ld+json\" class=\"yoast-schema-graph\">{\"@context\":\"https:\\\/\\\/schema.org\",\"@graph\":[{\"@type\":\"WebPage\",\"@id\":\"https:\\\/\\\/naturalpoland.com\\\/cs\\\/produkty\\\/jedle-a-kosmeticke-oleje\\\/olej-z-tresnovych-seminek\\\/\",\"url\":\"https:\\\/\\\/naturalpoland.com\\\/cs\\\/produkty\\\/jedle-a-kosmeticke-oleje\\\/olej-z-tresnovych-seminek\\\/\",\"name\":\"Olej z t\u0159e\u0161\u0148ov\u00fdch sem\u00ednek - Velkoobchodn\u00ed distributor\",\"isPartOf\":{\"@id\":\"https:\\\/\\\/naturalpoland.com\\\/cs\\\/#website\"},\"primaryImageOfPage\":{\"@id\":\"https:\\\/\\\/naturalpoland.com\\\/cs\\\/produkty\\\/jedle-a-kosmeticke-oleje\\\/olej-z-tresnovych-seminek\\\/#primaryimage\"},\"image\":{\"@id\":\"https:\\\/\\\/naturalpoland.com\\\/cs\\\/produkty\\\/jedle-a-kosmeticke-oleje\\\/olej-z-tresnovych-seminek\\\/#primaryimage\"},\"thumbnailUrl\":\"https:\\\/\\\/naturalpoland.com\\\/wp-content\\\/uploads\\\/olej-z-pestek-wisni.jpg\",\"datePublished\":\"2021-12-20T12:31:07+00:00\",\"dateModified\":\"2022-01-24T12:14:10+00:00\",\"description\":\"Olej z t\u0159e\u0161\u0148ov\u00fdch sem\u00ednek potravin\u00e1\u0159sk\u00e9 a kosmetick\u00e9 kvality obsahuje p\u0159\u00edrodn\u00ed antioxidanty, vitam\u00edn E a polynenasycen\u00e9 mastn\u00e9 kyseliny.\",\"breadcrumb\":{\"@id\":\"https:\\\/\\\/naturalpoland.com\\\/cs\\\/produkty\\\/jedle-a-kosmeticke-oleje\\\/olej-z-tresnovych-seminek\\\/#breadcrumb\"},\"inLanguage\":\"cs\",\"potentialAction\":[{\"@type\":\"ReadAction\",\"target\":[\"https:\\\/\\\/naturalpoland.com\\\/cs\\\/produkty\\\/jedle-a-kosmeticke-oleje\\\/olej-z-tresnovych-seminek\\\/\"]}]},{\"@type\":\"ImageObject\",\"inLanguage\":\"cs\",\"@id\":\"https:\\\/\\\/naturalpoland.com\\\/cs\\\/produkty\\\/jedle-a-kosmeticke-oleje\\\/olej-z-tresnovych-seminek\\\/#primaryimage\",\"url\":\"https:\\\/\\\/naturalpoland.com\\\/wp-content\\\/uploads\\\/olej-z-pestek-wisni.jpg\",\"contentUrl\":\"https:\\\/\\\/naturalpoland.com\\\/wp-content\\\/uploads\\\/olej-z-pestek-wisni.jpg\",\"width\":650,\"height\":650,\"caption\":\"cherry oil in a small jar. selective focus. nature.medical\"},{\"@type\":\"BreadcrumbList\",\"@id\":\"https:\\\/\\\/naturalpoland.com\\\/cs\\\/produkty\\\/jedle-a-kosmeticke-oleje\\\/olej-z-tresnovych-seminek\\\/#breadcrumb\",\"itemListElement\":[{\"@type\":\"ListItem\",\"position\":1,\"name\":\"Dom\u016f\",\"item\":\"https:\\\/\\\/naturalpoland.com\\\/cs\\\/\"},{\"@type\":\"ListItem\",\"position\":2,\"name\":\"Produkty\",\"item\":\"https:\\\/\\\/naturalpoland.com\\\/cs\\\/produkty\\\/\"},{\"@type\":\"ListItem\",\"position\":3,\"name\":\"Olej z t\u0159e\u0161\u0148ov\u00fdch sem\u00ednek\"}]},{\"@type\":\"WebSite\",\"@id\":\"https:\\\/\\\/naturalpoland.com\\\/cs\\\/#website\",\"url\":\"https:\\\/\\\/naturalpoland.com\\\/cs\\\/\",\"name\":\"NATURAL POLAND - Velkoobchodn\u00ed distributor surovin\",\"description\":\"Surowce dla przemys\u0142u spo\u017cywczego, kosmetycznego i farmaceutycznego\",\"publisher\":{\"@id\":\"https:\\\/\\\/naturalpoland.com\\\/cs\\\/#organization\"},\"potentialAction\":[{\"@type\":\"SearchAction\",\"target\":{\"@type\":\"EntryPoint\",\"urlTemplate\":\"https:\\\/\\\/naturalpoland.com\\\/cs\\\/?s={search_term_string}\"},\"query-input\":{\"@type\":\"PropertyValueSpecification\",\"valueRequired\":true,\"valueName\":\"search_term_string\"}}],\"inLanguage\":\"cs\"},{\"@type\":\"Organization\",\"@id\":\"https:\\\/\\\/naturalpoland.com\\\/cs\\\/#organization\",\"name\":\"Natural Poland\",\"url\":\"https:\\\/\\\/naturalpoland.com\\\/cs\\\/\",\"logo\":{\"@type\":\"ImageObject\",\"inLanguage\":\"cs\",\"@id\":\"https:\\\/\\\/naturalpoland.com\\\/cs\\\/#\\\/schema\\\/logo\\\/image\\\/\",\"url\":\"https:\\\/\\\/naturalpoland.com\\\/wp-content\\\/uploads\\\/2021\\\/05\\\/natural-poland-icon.png\",\"contentUrl\":\"https:\\\/\\\/naturalpoland.com\\\/wp-content\\\/uploads\\\/2021\\\/05\\\/natural-poland-icon.png\",\"width\":512,\"height\":512,\"caption\":\"Natural Poland\"},\"image\":{\"@id\":\"https:\\\/\\\/naturalpoland.com\\\/cs\\\/#\\\/schema\\\/logo\\\/image\\\/\"},\"sameAs\":[\"https:\\\/\\\/www.facebook.com\\\/naturalpoland.b2b\",\"https:\\\/\\\/pl.linkedin.com\\\/company\\\/natural-poland\",\"https:\\\/\\\/www.youtube.com\\\/channel\\\/UCgeGGkvOMahZo-xu_MSEWxg\"]}]}<\/script>\n<!-- \/ Yoast SEO plugin. -->","yoast_head_json":{"title":"Olej z t\u0159e\u0161\u0148ov\u00fdch sem\u00ednek - Velkoobchodn\u00ed distributor","description":"Olej z t\u0159e\u0161\u0148ov\u00fdch sem\u00ednek potravin\u00e1\u0159sk\u00e9 a kosmetick\u00e9 kvality obsahuje p\u0159\u00edrodn\u00ed antioxidanty, vitam\u00edn E a polynenasycen\u00e9 mastn\u00e9 kyseliny.","robots":{"index":"index","follow":"follow","max-snippet":"max-snippet:-1","max-image-preview":"max-image-preview:large","max-video-preview":"max-video-preview:-1"},"canonical":"https:\/\/naturalpoland.com\/cs\/produkty\/jedle-a-kosmeticke-oleje\/olej-z-tresnovych-seminek\/","og_locale":"cs_CZ","og_type":"article","og_title":"Olej z t\u0159e\u0161\u0148ov\u00fdch sem\u00ednek - Velkoobchodn\u00ed distributor","og_description":"Olej z t\u0159e\u0161\u0148ov\u00fdch sem\u00ednek potravin\u00e1\u0159sk\u00e9 a kosmetick\u00e9 kvality obsahuje p\u0159\u00edrodn\u00ed antioxidanty, vitam\u00edn E a polynenasycen\u00e9 mastn\u00e9 kyseliny.","og_url":"https:\/\/naturalpoland.com\/cs\/produkty\/jedle-a-kosmeticke-oleje\/olej-z-tresnovych-seminek\/","og_site_name":"NATURAL POLAND - Velkoobchodn\u00ed distributor surovin","article_publisher":"https:\/\/www.facebook.com\/naturalpoland.b2b","article_modified_time":"2022-01-24T12:14:10+00:00","og_image":[{"width":650,"height":650,"url":"https:\/\/naturalpoland.com\/wp-content\/uploads\/olej-z-pestek-wisni.jpg","type":"image\/jpeg"}],"schema":{"@context":"https:\/\/schema.org","@graph":[{"@type":"WebPage","@id":"https:\/\/naturalpoland.com\/cs\/produkty\/jedle-a-kosmeticke-oleje\/olej-z-tresnovych-seminek\/","url":"https:\/\/naturalpoland.com\/cs\/produkty\/jedle-a-kosmeticke-oleje\/olej-z-tresnovych-seminek\/","name":"Olej z t\u0159e\u0161\u0148ov\u00fdch sem\u00ednek - Velkoobchodn\u00ed distributor","isPartOf":{"@id":"https:\/\/naturalpoland.com\/cs\/#website"},"primaryImageOfPage":{"@id":"https:\/\/naturalpoland.com\/cs\/produkty\/jedle-a-kosmeticke-oleje\/olej-z-tresnovych-seminek\/#primaryimage"},"image":{"@id":"https:\/\/naturalpoland.com\/cs\/produkty\/jedle-a-kosmeticke-oleje\/olej-z-tresnovych-seminek\/#primaryimage"},"thumbnailUrl":"https:\/\/naturalpoland.com\/wp-content\/uploads\/olej-z-pestek-wisni.jpg","datePublished":"2021-12-20T12:31:07+00:00","dateModified":"2022-01-24T12:14:10+00:00","description":"Olej z t\u0159e\u0161\u0148ov\u00fdch sem\u00ednek potravin\u00e1\u0159sk\u00e9 a kosmetick\u00e9 kvality obsahuje p\u0159\u00edrodn\u00ed antioxidanty, vitam\u00edn E a polynenasycen\u00e9 mastn\u00e9 kyseliny.","breadcrumb":{"@id":"https:\/\/naturalpoland.com\/cs\/produkty\/jedle-a-kosmeticke-oleje\/olej-z-tresnovych-seminek\/#breadcrumb"},"inLanguage":"cs","potentialAction":[{"@type":"ReadAction","target":["https:\/\/naturalpoland.com\/cs\/produkty\/jedle-a-kosmeticke-oleje\/olej-z-tresnovych-seminek\/"]}]},{"@type":"ImageObject","inLanguage":"cs","@id":"https:\/\/naturalpoland.com\/cs\/produkty\/jedle-a-kosmeticke-oleje\/olej-z-tresnovych-seminek\/#primaryimage","url":"https:\/\/naturalpoland.com\/wp-content\/uploads\/olej-z-pestek-wisni.jpg","contentUrl":"https:\/\/naturalpoland.com\/wp-content\/uploads\/olej-z-pestek-wisni.jpg","width":650,"height":650,"caption":"cherry oil in a small jar. selective focus. nature.medical"},{"@type":"BreadcrumbList","@id":"https:\/\/naturalpoland.com\/cs\/produkty\/jedle-a-kosmeticke-oleje\/olej-z-tresnovych-seminek\/#breadcrumb","itemListElement":[{"@type":"ListItem","position":1,"name":"Dom\u016f","item":"https:\/\/naturalpoland.com\/cs\/"},{"@type":"ListItem","position":2,"name":"Produkty","item":"https:\/\/naturalpoland.com\/cs\/produkty\/"},{"@type":"ListItem","position":3,"name":"Olej z t\u0159e\u0161\u0148ov\u00fdch sem\u00ednek"}]},{"@type":"WebSite","@id":"https:\/\/naturalpoland.com\/cs\/#website","url":"https:\/\/naturalpoland.com\/cs\/","name":"NATURAL POLAND - Velkoobchodn\u00ed distributor surovin","description":"Surowce dla przemys\u0142u spo\u017cywczego, kosmetycznego i farmaceutycznego","publisher":{"@id":"https:\/\/naturalpoland.com\/cs\/#organization"},"potentialAction":[{"@type":"SearchAction","target":{"@type":"EntryPoint","urlTemplate":"https:\/\/naturalpoland.com\/cs\/?s={search_term_string}"},"query-input":{"@type":"PropertyValueSpecification","valueRequired":true,"valueName":"search_term_string"}}],"inLanguage":"cs"},{"@type":"Organization","@id":"https:\/\/naturalpoland.com\/cs\/#organization","name":"Natural Poland","url":"https:\/\/naturalpoland.com\/cs\/","logo":{"@type":"ImageObject","inLanguage":"cs","@id":"https:\/\/naturalpoland.com\/cs\/#\/schema\/logo\/image\/","url":"https:\/\/naturalpoland.com\/wp-content\/uploads\/2021\/05\/natural-poland-icon.png","contentUrl":"https:\/\/naturalpoland.com\/wp-content\/uploads\/2021\/05\/natural-poland-icon.png","width":512,"height":512,"caption":"Natural Poland"},"image":{"@id":"https:\/\/naturalpoland.com\/cs\/#\/schema\/logo\/image\/"},"sameAs":["https:\/\/www.facebook.com\/naturalpoland.b2b","https:\/\/pl.linkedin.com\/company\/natural-poland","https:\/\/www.youtube.com\/channel\/UCgeGGkvOMahZo-xu_MSEWxg"]}]}},"_links":{"self":[{"href":"https:\/\/naturalpoland.com\/cs\/wp-json\/wp\/v2\/product\/15592","targetHints":{"allow":["GET"]}}],"collection":[{"href":"https:\/\/naturalpoland.com\/cs\/wp-json\/wp\/v2\/product"}],"about":[{"href":"https:\/\/naturalpoland.com\/cs\/wp-json\/wp\/v2\/types\/product"}],"wp:featuredmedia":[{"embeddable":true,"href":"https:\/\/naturalpoland.com\/cs\/wp-json\/wp\/v2\/media\/5446"}],"wp:attachment":[{"href":"https:\/\/naturalpoland.com\/cs\/wp-json\/wp\/v2\/media?parent=15592"}],"wp:term":[{"taxonomy":"product_brand","embeddable":true,"href":"https:\/\/naturalpoland.com\/cs\/wp-json\/wp\/v2\/product_brand?post=15592"},{"taxonomy":"product_cat","embeddable":true,"href":"https:\/\/naturalpoland.com\/cs\/wp-json\/wp\/v2\/product_cat?post=15592"},{"taxonomy":"product_tag","embeddable":true,"href":"https:\/\/naturalpoland.com\/cs\/wp-json\/wp\/v2\/product_tag?post=15592"}],"curies":[{"name":"wp","href":"https:\/\/api.w.org\/{rel}","templated":true}]}}