{"id":15610,"date":"2021-07-29T14:05:36","date_gmt":"2021-07-29T12:05:36","guid":{"rendered":"https:\/\/naturalpoland.pl\/produkty\/nezarazene\/olej-ze-semen-pizmove-ruze\/"},"modified":"2025-11-27T15:03:11","modified_gmt":"2025-11-27T14:03:11","slug":"olej-z-ruzovych-seminek","status":"publish","type":"product","link":"https:\/\/naturalpoland.com\/cs\/produkty\/produkty-pro-kosmeticky-prumysl\/kosmeticke-oleje\/olej-z-ruzovych-seminek\/","title":{"rendered":"Olej ze semen pi\u017emov\u00e9 r\u016f\u017ee"},"content":{"rendered":"<h2>Charakteristika produktu:<\/h2>\n<p>Olej ze semen r\u016f\u017ee pi\u017emov\u00e9 se z\u00edsk\u00e1v\u00e1 metodou <strong>lisov\u00e1n\u00ed za studena.<\/strong> M\u00e1 p\u0159irozen\u00fd profil mastn\u00fdch kyselin, v\u010detn\u011b vysok\u00e9ho obsahu nenasycen\u00fdch kyselin linolov\u00e9 a linolenov\u00e9, kter\u00e9 jsou obzvl\u00e1\u0161t\u011b d\u016fle\u017eit\u00e9 pro fungov\u00e1n\u00ed hydrolipidicke bari\u00e9ry poko\u017eky. Surovina m\u00e1 podobu nepr\u016fhledn\u00e9, oran\u017eov\u00e9 kapaliny s charakteristickou v\u016fn\u00ed. D\u00edky nerafinovan\u00e9 form\u011b p\u0159edstavuje slo\u017eku s vysokou bioaktivitou, kter\u00e1 se r\u00e1da pou\u017e\u00edv\u00e1 v pr\u00e9miov\u00fdch produktech pro p\u00e9\u010di o obli\u010dej a t\u011blo.  <\/p>\n<h2>Vlastnosti a \u00fa\u010dinky oleje ze semen r\u016f\u017ee pi\u017emov\u00e9:<\/h2>\n<p>Olej m\u00e1 bohat\u00fd profil kl\u00ed\u010dov\u00fdch nenasycen\u00fdch mastn\u00fdch kyselin pro poko\u017eku:<\/p>\n<ul>\n<li><strong>Kyselina linolov\u00e1 (C18:2) \u2013 35%<\/strong> &#8211; Podporuje procesy regenerace poko\u017eky, zlep\u0161uje funkce ochrann\u00e9 bari\u00e9ry a sni\u017euje transepiderm\u00e1ln\u00ed ztr\u00e1tu vody. Je d\u016fle\u017eitou slo\u017ekou pro suchou, citlivou a problematickou poko\u017eku. <\/li>\n<li><strong>Kyselina linolenov\u00e1 (C18:3) \u2013 23,6%<\/strong> &#8211; Ovliv\u0148uje procesy bun\u011b\u010dn\u00e9 obnovy, podporuje zklidn\u011bn\u00ed podr\u00e1\u017ed\u011bn\u00ed a zlep\u0161en\u00ed elasticity poko\u017eky.<\/li>\n<li><strong>Kyselina olejov\u00e1 (C18:1) \u2013 24,6%<\/strong> &#8211; Usnad\u0148uje pronik\u00e1n\u00ed aktivn\u00edch slo\u017eek a zlep\u0161uje m\u011bkkost a hladkost poko\u017eky.<\/li>\n<li><strong>Nasycen\u00e9 kyseliny \u2013 palmitov\u00e1 (6,2%) a stearov\u00e1 (3%)<\/strong> &#8211; Podporuj\u00ed stabilitu formulace a ochrann\u00e9 p\u016fsoben\u00ed na poko\u017eku.<\/li>\n<\/ul>\n<p>Olej z r\u016f\u017ee pi\u017emov\u00e9 v p\u00e9\u010di o poko\u017eku p\u016fsob\u00ed v\u00edcerozm\u011brn\u011b. D\u00edky vysok\u00e9mu obsahu NNKT podporuje procesy bun\u011b\u010dn\u00e9 obnovy, co\u017e je obzvl\u00e1\u0161t\u011b d\u016fle\u017eit\u00e9 v produktech ur\u010den\u00fdch pro zralou poko\u017eku, kter\u00e1 ztr\u00e1c\u00ed pevnost a elasticitu. Ve regenera\u010dn\u00edch formulac\u00edch <strong>pom\u00e1h\u00e1 vyhlazovat drobn\u00e9 nerovnosti<\/strong> a <strong>zlep\u0161uje pru\u017enost poko\u017eky<\/strong>. D\u00edky <g id=\"gid_2\">emolientn\u00edm vlastnostem<\/g> vytv\u00e1\u0159\u00ed na povrchu poko\u017eky jemn\u00fd, t\u00e9m\u011b\u0159 neznateln\u00fd ochrann\u00fd film, kter\u00fd sni\u017euje ztr\u00e1tu vody a podporuje spr\u00e1vn\u00e9 fungov\u00e1n\u00ed lipidick\u00e9 bari\u00e9ry. Sou\u010dasn\u011b je olej cen\u011bn v p\u0159\u00edpravc\u00edch <strong>sjednocuj\u00edc\u00edch barevn\u00fd t\u00f3n poko\u017eky<\/strong>, proto\u017ee p\u0159i pravideln\u00e9m pou\u017e\u00edv\u00e1n\u00ed m\u016f\u017ee podporovat regeneraci poko\u017eky a ovliv\u0148ovat rovnom\u011brnou pigmentaci.    <\/p>\n<h2>Pou\u017eit\u00ed oleje Rosa Moschata<\/h2>\n<p>V pe\u010duj\u00edc\u00edch produktech se olej Rosa Moschata zav\u00e1d\u00ed do <strong>kr\u00e9m\u016f, emulz\u00ed a olejov\u00fdch s\u00e9r<\/strong>, zejm\u00e9na t\u011bch s v\u00fd\u017eivn\u00fdm nebo protist\u00e1rnouc\u00edm \u00fa\u010dinkem. D\u00edky zklid\u0148uj\u00edc\u00edmu p\u016fsoben\u00ed na suchou a podr\u00e1\u017ed\u011bnou poko\u017eku m\u016f\u017ee p\u0159edstavovat d\u016fle\u017eitou slo\u017eku receptur zam\u011b\u0159en\u00fdch na zlep\u0161en\u00ed komfortu poko\u017eky po vystaven\u00ed atmosf\u00e9rick\u00fdm vliv\u016fm. V p\u00e9\u010di o t\u011blo se osv\u011bd\u010duje v <strong>balz\u00e1mech, m\u00e1stech<\/strong> i v <strong>olej\u00edch na mas\u00e1\u017e<\/strong>, kter\u00fdm dod\u00e1v\u00e1 klouzavost a vyhlazuj\u00edc\u00ed vlastnosti. V kosmetice ur\u010den\u00e9 <strong>pro vlasy<\/strong> pln\u00ed olej ze semen r\u016f\u017ee pi\u017emov\u00e9 funkci zm\u011bk\u010duj\u00edc\u00ed a regenera\u010dn\u00ed suroviny, zejm\u00e9na na kone\u010dc\u00edch a v produktech obnovuj\u00edc\u00edch strukturu vlas\u016f.   <\/p>\n","protected":false},"excerpt":{"rendered":"<p><strong>Olej ze semen r\u016f\u017ee pi\u017emov\u00e9<\/strong> (<em>Rosa Moschata<\/em>) potravin\u00e1\u0159sk\u00e9 a kosmetick\u00e9 kvality je bohat\u00fdm zdrojem vitamin\u016f A, C a beta-karotenu, jako\u017e i nezbytn\u00fdch nenasycen\u00fdch mastn\u00fdch kyselin Omega 3, 6 a 9.<\/p>\n","protected":false},"featured_media":5470,"template":"","meta":[],"product_brand":[],"product_cat":[625,636],"product_tag":[],"class_list":{"0":"post-15610","1":"product","2":"type-product","3":"status-publish","4":"has-post-thumbnail","6":"product_cat-jedle-a-kosmeticke-oleje","7":"product_cat-kosmeticke-oleje","8":"pa_metoda-pozyskiwania-lisovani-za-studena","10":"first","11":"instock","12":"shipping-taxable","13":"product-type-simple"},"yoast_head":"<!-- This site is optimized with the Yoast SEO plugin v27.3 - https:\/\/yoast.com\/product\/yoast-seo-wordpress\/ -->\n<title>Olej ze semen pi\u017emov\u00e9 r\u016f\u017ee - Velkoobchodn\u00ed distributor<\/title>\n<meta name=\"description\" content=\"Nerafinovan\u00fd olej ze semen \u0161\u00edpku r\u016f\u017ee pi\u017emov\u00e9 (Rosa Moschata Seed Oil) s vysok\u00fdm obsahem NNKT. Kosmetick\u00e1 surovina pro regenera\u010dn\u00ed produkty.\" \/>\n<meta name=\"robots\" content=\"index, follow, max-snippet:-1, max-image-preview:large, max-video-preview:-1\" \/>\n<link rel=\"canonical\" href=\"https:\/\/naturalpoland.com\/cs\/produkty\/produkty-pro-kosmeticky-prumysl\/kosmeticke-oleje\/olej-z-ruzovych-seminek\/\" \/>\n<meta property=\"og:locale\" content=\"cs_CZ\" \/>\n<meta property=\"og:type\" content=\"article\" \/>\n<meta property=\"og:title\" content=\"Olej ze semen pi\u017emov\u00e9 r\u016f\u017ee - Velkoobchodn\u00ed distributor\" \/>\n<meta property=\"og:description\" content=\"Nerafinovan\u00fd olej ze semen \u0161\u00edpku r\u016f\u017ee pi\u017emov\u00e9 (Rosa Moschata Seed Oil) s vysok\u00fdm obsahem NNKT. Kosmetick\u00e1 surovina pro regenera\u010dn\u00ed produkty.\" \/>\n<meta property=\"og:url\" content=\"https:\/\/naturalpoland.com\/cs\/produkty\/produkty-pro-kosmeticky-prumysl\/kosmeticke-oleje\/olej-z-ruzovych-seminek\/\" \/>\n<meta property=\"og:site_name\" content=\"NATURAL POLAND - Velkoobchodn\u00ed distributor surovin\" \/>\n<meta property=\"article:publisher\" content=\"https:\/\/www.facebook.com\/naturalpoland.b2b\" \/>\n<meta property=\"article:modified_time\" content=\"2025-11-27T14:03:11+00:00\" \/>\n<meta property=\"og:image\" content=\"https:\/\/naturalpoland.com\/wp-content\/uploads\/olej-z-nasion-rozy-pizmowej.jpg\" \/>\n\t<meta property=\"og:image:width\" content=\"650\" \/>\n\t<meta property=\"og:image:height\" content=\"650\" \/>\n\t<meta property=\"og:image:type\" content=\"image\/jpeg\" \/>\n<script type=\"application\/ld+json\" class=\"yoast-schema-graph\">{\"@context\":\"https:\\\/\\\/schema.org\",\"@graph\":[{\"@type\":\"WebPage\",\"@id\":\"https:\\\/\\\/naturalpoland.com\\\/cs\\\/produkty\\\/produkty-pro-kosmeticky-prumysl\\\/kosmeticke-oleje\\\/olej-z-ruzovych-seminek\\\/\",\"url\":\"https:\\\/\\\/naturalpoland.com\\\/cs\\\/produkty\\\/produkty-pro-kosmeticky-prumysl\\\/kosmeticke-oleje\\\/olej-z-ruzovych-seminek\\\/\",\"name\":\"Olej ze semen pi\u017emov\u00e9 r\u016f\u017ee - Velkoobchodn\u00ed distributor\",\"isPartOf\":{\"@id\":\"https:\\\/\\\/naturalpoland.com\\\/cs\\\/#website\"},\"primaryImageOfPage\":{\"@id\":\"https:\\\/\\\/naturalpoland.com\\\/cs\\\/produkty\\\/produkty-pro-kosmeticky-prumysl\\\/kosmeticke-oleje\\\/olej-z-ruzovych-seminek\\\/#primaryimage\"},\"image\":{\"@id\":\"https:\\\/\\\/naturalpoland.com\\\/cs\\\/produkty\\\/produkty-pro-kosmeticky-prumysl\\\/kosmeticke-oleje\\\/olej-z-ruzovych-seminek\\\/#primaryimage\"},\"thumbnailUrl\":\"https:\\\/\\\/naturalpoland.com\\\/wp-content\\\/uploads\\\/olej-z-nasion-rozy-pizmowej.jpg\",\"datePublished\":\"2021-07-29T12:05:36+00:00\",\"dateModified\":\"2025-11-27T14:03:11+00:00\",\"description\":\"Nerafinovan\u00fd olej ze semen \u0161\u00edpku r\u016f\u017ee pi\u017emov\u00e9 (Rosa Moschata Seed Oil) s vysok\u00fdm obsahem NNKT. Kosmetick\u00e1 surovina pro regenera\u010dn\u00ed produkty.\",\"breadcrumb\":{\"@id\":\"https:\\\/\\\/naturalpoland.com\\\/cs\\\/produkty\\\/produkty-pro-kosmeticky-prumysl\\\/kosmeticke-oleje\\\/olej-z-ruzovych-seminek\\\/#breadcrumb\"},\"inLanguage\":\"cs\",\"potentialAction\":[{\"@type\":\"ReadAction\",\"target\":[\"https:\\\/\\\/naturalpoland.com\\\/cs\\\/produkty\\\/produkty-pro-kosmeticky-prumysl\\\/kosmeticke-oleje\\\/olej-z-ruzovych-seminek\\\/\"]}]},{\"@type\":\"ImageObject\",\"inLanguage\":\"cs\",\"@id\":\"https:\\\/\\\/naturalpoland.com\\\/cs\\\/produkty\\\/produkty-pro-kosmeticky-prumysl\\\/kosmeticke-oleje\\\/olej-z-ruzovych-seminek\\\/#primaryimage\",\"url\":\"https:\\\/\\\/naturalpoland.com\\\/wp-content\\\/uploads\\\/olej-z-nasion-rozy-pizmowej.jpg\",\"contentUrl\":\"https:\\\/\\\/naturalpoland.com\\\/wp-content\\\/uploads\\\/olej-z-nasion-rozy-pizmowej.jpg\",\"width\":650,\"height\":650,\"caption\":\"Rose-hips and rosehip seed oil on the white background.\"},{\"@type\":\"BreadcrumbList\",\"@id\":\"https:\\\/\\\/naturalpoland.com\\\/cs\\\/produkty\\\/produkty-pro-kosmeticky-prumysl\\\/kosmeticke-oleje\\\/olej-z-ruzovych-seminek\\\/#breadcrumb\",\"itemListElement\":[{\"@type\":\"ListItem\",\"position\":1,\"name\":\"Dom\u016f\",\"item\":\"https:\\\/\\\/naturalpoland.com\\\/cs\\\/\"},{\"@type\":\"ListItem\",\"position\":2,\"name\":\"Produkty\",\"item\":\"https:\\\/\\\/naturalpoland.com\\\/cs\\\/produkty\\\/\"},{\"@type\":\"ListItem\",\"position\":3,\"name\":\"Olej ze semen pi\u017emov\u00e9 r\u016f\u017ee\"}]},{\"@type\":\"WebSite\",\"@id\":\"https:\\\/\\\/naturalpoland.com\\\/cs\\\/#website\",\"url\":\"https:\\\/\\\/naturalpoland.com\\\/cs\\\/\",\"name\":\"NATURAL POLAND - Velkoobchodn\u00ed distributor surovin\",\"description\":\"Surowce dla przemys\u0142u spo\u017cywczego, kosmetycznego i farmaceutycznego\",\"publisher\":{\"@id\":\"https:\\\/\\\/naturalpoland.com\\\/cs\\\/#organization\"},\"potentialAction\":[{\"@type\":\"SearchAction\",\"target\":{\"@type\":\"EntryPoint\",\"urlTemplate\":\"https:\\\/\\\/naturalpoland.com\\\/cs\\\/?s={search_term_string}\"},\"query-input\":{\"@type\":\"PropertyValueSpecification\",\"valueRequired\":true,\"valueName\":\"search_term_string\"}}],\"inLanguage\":\"cs\"},{\"@type\":\"Organization\",\"@id\":\"https:\\\/\\\/naturalpoland.com\\\/cs\\\/#organization\",\"name\":\"Natural Poland\",\"url\":\"https:\\\/\\\/naturalpoland.com\\\/cs\\\/\",\"logo\":{\"@type\":\"ImageObject\",\"inLanguage\":\"cs\",\"@id\":\"https:\\\/\\\/naturalpoland.com\\\/cs\\\/#\\\/schema\\\/logo\\\/image\\\/\",\"url\":\"https:\\\/\\\/naturalpoland.com\\\/wp-content\\\/uploads\\\/2021\\\/05\\\/natural-poland-icon.png\",\"contentUrl\":\"https:\\\/\\\/naturalpoland.com\\\/wp-content\\\/uploads\\\/2021\\\/05\\\/natural-poland-icon.png\",\"width\":512,\"height\":512,\"caption\":\"Natural Poland\"},\"image\":{\"@id\":\"https:\\\/\\\/naturalpoland.com\\\/cs\\\/#\\\/schema\\\/logo\\\/image\\\/\"},\"sameAs\":[\"https:\\\/\\\/www.facebook.com\\\/naturalpoland.b2b\",\"https:\\\/\\\/pl.linkedin.com\\\/company\\\/natural-poland\",\"https:\\\/\\\/www.youtube.com\\\/channel\\\/UCgeGGkvOMahZo-xu_MSEWxg\"]}]}<\/script>\n<!-- \/ Yoast SEO plugin. -->","yoast_head_json":{"title":"Olej ze semen pi\u017emov\u00e9 r\u016f\u017ee - Velkoobchodn\u00ed distributor","description":"Nerafinovan\u00fd olej ze semen \u0161\u00edpku r\u016f\u017ee pi\u017emov\u00e9 (Rosa Moschata Seed Oil) s vysok\u00fdm obsahem NNKT. Kosmetick\u00e1 surovina pro regenera\u010dn\u00ed produkty.","robots":{"index":"index","follow":"follow","max-snippet":"max-snippet:-1","max-image-preview":"max-image-preview:large","max-video-preview":"max-video-preview:-1"},"canonical":"https:\/\/naturalpoland.com\/cs\/produkty\/produkty-pro-kosmeticky-prumysl\/kosmeticke-oleje\/olej-z-ruzovych-seminek\/","og_locale":"cs_CZ","og_type":"article","og_title":"Olej ze semen pi\u017emov\u00e9 r\u016f\u017ee - Velkoobchodn\u00ed distributor","og_description":"Nerafinovan\u00fd olej ze semen \u0161\u00edpku r\u016f\u017ee pi\u017emov\u00e9 (Rosa Moschata Seed Oil) s vysok\u00fdm obsahem NNKT. Kosmetick\u00e1 surovina pro regenera\u010dn\u00ed produkty.","og_url":"https:\/\/naturalpoland.com\/cs\/produkty\/produkty-pro-kosmeticky-prumysl\/kosmeticke-oleje\/olej-z-ruzovych-seminek\/","og_site_name":"NATURAL POLAND - Velkoobchodn\u00ed distributor surovin","article_publisher":"https:\/\/www.facebook.com\/naturalpoland.b2b","article_modified_time":"2025-11-27T14:03:11+00:00","og_image":[{"width":650,"height":650,"url":"https:\/\/naturalpoland.com\/wp-content\/uploads\/olej-z-nasion-rozy-pizmowej.jpg","type":"image\/jpeg"}],"schema":{"@context":"https:\/\/schema.org","@graph":[{"@type":"WebPage","@id":"https:\/\/naturalpoland.com\/cs\/produkty\/produkty-pro-kosmeticky-prumysl\/kosmeticke-oleje\/olej-z-ruzovych-seminek\/","url":"https:\/\/naturalpoland.com\/cs\/produkty\/produkty-pro-kosmeticky-prumysl\/kosmeticke-oleje\/olej-z-ruzovych-seminek\/","name":"Olej ze semen pi\u017emov\u00e9 r\u016f\u017ee - Velkoobchodn\u00ed distributor","isPartOf":{"@id":"https:\/\/naturalpoland.com\/cs\/#website"},"primaryImageOfPage":{"@id":"https:\/\/naturalpoland.com\/cs\/produkty\/produkty-pro-kosmeticky-prumysl\/kosmeticke-oleje\/olej-z-ruzovych-seminek\/#primaryimage"},"image":{"@id":"https:\/\/naturalpoland.com\/cs\/produkty\/produkty-pro-kosmeticky-prumysl\/kosmeticke-oleje\/olej-z-ruzovych-seminek\/#primaryimage"},"thumbnailUrl":"https:\/\/naturalpoland.com\/wp-content\/uploads\/olej-z-nasion-rozy-pizmowej.jpg","datePublished":"2021-07-29T12:05:36+00:00","dateModified":"2025-11-27T14:03:11+00:00","description":"Nerafinovan\u00fd olej ze semen \u0161\u00edpku r\u016f\u017ee pi\u017emov\u00e9 (Rosa Moschata Seed Oil) s vysok\u00fdm obsahem NNKT. Kosmetick\u00e1 surovina pro regenera\u010dn\u00ed produkty.","breadcrumb":{"@id":"https:\/\/naturalpoland.com\/cs\/produkty\/produkty-pro-kosmeticky-prumysl\/kosmeticke-oleje\/olej-z-ruzovych-seminek\/#breadcrumb"},"inLanguage":"cs","potentialAction":[{"@type":"ReadAction","target":["https:\/\/naturalpoland.com\/cs\/produkty\/produkty-pro-kosmeticky-prumysl\/kosmeticke-oleje\/olej-z-ruzovych-seminek\/"]}]},{"@type":"ImageObject","inLanguage":"cs","@id":"https:\/\/naturalpoland.com\/cs\/produkty\/produkty-pro-kosmeticky-prumysl\/kosmeticke-oleje\/olej-z-ruzovych-seminek\/#primaryimage","url":"https:\/\/naturalpoland.com\/wp-content\/uploads\/olej-z-nasion-rozy-pizmowej.jpg","contentUrl":"https:\/\/naturalpoland.com\/wp-content\/uploads\/olej-z-nasion-rozy-pizmowej.jpg","width":650,"height":650,"caption":"Rose-hips and rosehip seed oil on the white background."},{"@type":"BreadcrumbList","@id":"https:\/\/naturalpoland.com\/cs\/produkty\/produkty-pro-kosmeticky-prumysl\/kosmeticke-oleje\/olej-z-ruzovych-seminek\/#breadcrumb","itemListElement":[{"@type":"ListItem","position":1,"name":"Dom\u016f","item":"https:\/\/naturalpoland.com\/cs\/"},{"@type":"ListItem","position":2,"name":"Produkty","item":"https:\/\/naturalpoland.com\/cs\/produkty\/"},{"@type":"ListItem","position":3,"name":"Olej ze semen pi\u017emov\u00e9 r\u016f\u017ee"}]},{"@type":"WebSite","@id":"https:\/\/naturalpoland.com\/cs\/#website","url":"https:\/\/naturalpoland.com\/cs\/","name":"NATURAL POLAND - Velkoobchodn\u00ed distributor surovin","description":"Surowce dla przemys\u0142u spo\u017cywczego, kosmetycznego i farmaceutycznego","publisher":{"@id":"https:\/\/naturalpoland.com\/cs\/#organization"},"potentialAction":[{"@type":"SearchAction","target":{"@type":"EntryPoint","urlTemplate":"https:\/\/naturalpoland.com\/cs\/?s={search_term_string}"},"query-input":{"@type":"PropertyValueSpecification","valueRequired":true,"valueName":"search_term_string"}}],"inLanguage":"cs"},{"@type":"Organization","@id":"https:\/\/naturalpoland.com\/cs\/#organization","name":"Natural Poland","url":"https:\/\/naturalpoland.com\/cs\/","logo":{"@type":"ImageObject","inLanguage":"cs","@id":"https:\/\/naturalpoland.com\/cs\/#\/schema\/logo\/image\/","url":"https:\/\/naturalpoland.com\/wp-content\/uploads\/2021\/05\/natural-poland-icon.png","contentUrl":"https:\/\/naturalpoland.com\/wp-content\/uploads\/2021\/05\/natural-poland-icon.png","width":512,"height":512,"caption":"Natural Poland"},"image":{"@id":"https:\/\/naturalpoland.com\/cs\/#\/schema\/logo\/image\/"},"sameAs":["https:\/\/www.facebook.com\/naturalpoland.b2b","https:\/\/pl.linkedin.com\/company\/natural-poland","https:\/\/www.youtube.com\/channel\/UCgeGGkvOMahZo-xu_MSEWxg"]}]}},"_links":{"self":[{"href":"https:\/\/naturalpoland.com\/cs\/wp-json\/wp\/v2\/product\/15610","targetHints":{"allow":["GET"]}}],"collection":[{"href":"https:\/\/naturalpoland.com\/cs\/wp-json\/wp\/v2\/product"}],"about":[{"href":"https:\/\/naturalpoland.com\/cs\/wp-json\/wp\/v2\/types\/product"}],"wp:featuredmedia":[{"embeddable":true,"href":"https:\/\/naturalpoland.com\/cs\/wp-json\/wp\/v2\/media\/5470"}],"wp:attachment":[{"href":"https:\/\/naturalpoland.com\/cs\/wp-json\/wp\/v2\/media?parent=15610"}],"wp:term":[{"taxonomy":"product_brand","embeddable":true,"href":"https:\/\/naturalpoland.com\/cs\/wp-json\/wp\/v2\/product_brand?post=15610"},{"taxonomy":"product_cat","embeddable":true,"href":"https:\/\/naturalpoland.com\/cs\/wp-json\/wp\/v2\/product_cat?post=15610"},{"taxonomy":"product_tag","embeddable":true,"href":"https:\/\/naturalpoland.com\/cs\/wp-json\/wp\/v2\/product_tag?post=15610"}],"curies":[{"name":"wp","href":"https:\/\/api.w.org\/{rel}","templated":true}]}}