{"id":15627,"date":"2021-08-27T17:14:45","date_gmt":"2021-12-20T12:31:34","guid":{"rendered":"https:\/\/naturalpoland.pl\/produkty\/nezarazene\/koncentrovana-morska-voda\/"},"modified":"2021-12-20T13:31:34","modified_gmt":"2021-12-20T12:31:34","slug":"koncentrovana-morska-voda","status":"publish","type":"product","link":"https:\/\/naturalpoland.com\/cs\/produkty\/produkty-pro-kosmeticky-prumysl\/kosmeticke-suroviny\/koncentrovana-morska-voda\/","title":{"rendered":"Koncentrovan\u00e1 mo\u0159sk\u00e1 voda"},"content":{"rendered":"<p><strong>Farmaceutick\u00e1 kvalita<\/strong> : izotonick\u00e9 nosn\u00ed spreje.<\/p>\n<p><strong>Kosmetick\u00e1 kvalita<\/strong> &#8211; baz\u00e9ny, vany, SPA procedury s mo\u0159skou vodou jsou \u00fa\u010dinn\u00e9 p\u0159i:<\/p>\n<ul>\n<li>hubnut\u00ed, boj s celulitidou<\/li>\n<li>onemocn\u011bn\u00ed pohybov\u00e9ho apar\u00e1tu<\/li>\n<li>kardiovaskul\u00e1rn\u00ed choroby<\/li>\n<li>onemocn\u011bn\u00ed nervov\u00e9ho syst\u00e9mu<\/li>\n<li>Respira\u010dn\u00edch onemocn\u011bn\u00ed<\/li>\n<li>onemocn\u011bn\u00ed tr\u00e1vic\u00edho syst\u00e9mu<\/li>\n<li>onemocn\u011bn\u00ed endokrinn\u00edho syst\u00e9mu a metabolick\u00e9 poruchy<\/li>\n<li>onemocn\u011bn\u00ed genitourin\u00e1rn\u00edho syst\u00e9mu<\/li>\n<li>ko\u017en\u00ed onemocn\u011bn\u00ed (dermatitida, ekz\u00e9m, kop\u0159ivka, jizvy, kerat\u00f3za, lup\u00e9nka atd.)<\/li>\n<li>akn\u00e9<\/li>\n<li>l\u00e9\u010db\u011b artritidy<\/li>\n<\/ul>\n","protected":false},"excerpt":{"rendered":"<div>Koncentrovan\u00e1 mo\u0159sk\u00e1 voda se z\u00edsk\u00e1v\u00e1 z vrt\u016f o hloubce 1000 metr\u016f.<\/div>\n<div>Surovina m\u016f\u017ee b\u00fdt farmaceutick\u00e9 nebo kosmetick\u00e9 kvality.<\/p>\n<div><\/div>\n<p><strong>V\u00fdrobek v jednom litru obsahuje a\u017e 300 gram\u016f miner\u00e1ln\u00edch l\u00e1tek. <\/strong><\/div>\n<div><b> <\/b><\/div>\n<div><\/div>\n","protected":false},"featured_media":6521,"template":"","meta":[],"product_brand":[],"product_cat":[638,627],"product_tag":[1644],"class_list":{"0":"post-15627","1":"product","2":"type-product","3":"status-publish","4":"has-post-thumbnail","6":"product_cat-kosmeticke-suroviny","7":"product_cat-produkty-pro-farmaceuticky-a-zdravotnicky-prumysl","8":"product_tag-produkt-nedostupny","10":"first","11":"instock","12":"shipping-taxable","13":"product-type-simple"},"yoast_head":"<!-- This site is optimized with the Yoast SEO plugin v27.3 - https:\/\/yoast.com\/product\/yoast-seo-wordpress\/ -->\n<title>Koncentrovan\u00e1 mo\u0159sk\u00e1 voda - Velkoobchodn\u00ed distributor<\/title>\n<meta name=\"robots\" content=\"index, follow, max-snippet:-1, max-image-preview:large, max-video-preview:-1\" \/>\n<link rel=\"canonical\" href=\"https:\/\/naturalpoland.com\/cs\/produkty\/produkty-pro-kosmeticky-prumysl\/kosmeticke-suroviny\/koncentrovana-morska-voda\/\" \/>\n<meta property=\"og:locale\" content=\"cs_CZ\" \/>\n<meta property=\"og:type\" content=\"article\" \/>\n<meta property=\"og:title\" content=\"Koncentrovan\u00e1 mo\u0159sk\u00e1 voda - Velkoobchodn\u00ed distributor\" \/>\n<meta property=\"og:description\" content=\"Koncentrovan\u00e1 mo\u0159sk\u00e1 voda se z\u00edsk\u00e1v\u00e1 z vrt\u016f o hloubce 1000 metr\u016f. Surovina m\u016f\u017ee b\u00fdt farmaceutick\u00e9 nebo kosmetick\u00e9 kvality. V\u00fdrobek v jednom litru obsahuje a\u017e 300 gram\u016f miner\u00e1ln\u00edch l\u00e1tek.\" \/>\n<meta property=\"og:url\" content=\"https:\/\/naturalpoland.com\/cs\/produkty\/produkty-pro-kosmeticky-prumysl\/kosmeticke-suroviny\/koncentrovana-morska-voda\/\" \/>\n<meta property=\"og:site_name\" content=\"NATURAL POLAND - Velkoobchodn\u00ed distributor surovin\" \/>\n<meta property=\"article:publisher\" content=\"https:\/\/www.facebook.com\/naturalpoland.b2b\" \/>\n<meta property=\"og:image\" content=\"https:\/\/naturalpoland.com\/wp-content\/uploads\/woda-morska-koncentrowana.jpg\" \/>\n\t<meta property=\"og:image:width\" content=\"678\" \/>\n\t<meta property=\"og:image:height\" content=\"650\" \/>\n\t<meta property=\"og:image:type\" content=\"image\/jpeg\" \/>\n<script type=\"application\/ld+json\" class=\"yoast-schema-graph\">{\"@context\":\"https:\\\/\\\/schema.org\",\"@graph\":[{\"@type\":\"WebPage\",\"@id\":\"https:\\\/\\\/naturalpoland.com\\\/cs\\\/produkty\\\/produkty-pro-kosmeticky-prumysl\\\/kosmeticke-suroviny\\\/koncentrovana-morska-voda\\\/\",\"url\":\"https:\\\/\\\/naturalpoland.com\\\/cs\\\/produkty\\\/produkty-pro-kosmeticky-prumysl\\\/kosmeticke-suroviny\\\/koncentrovana-morska-voda\\\/\",\"name\":\"Koncentrovan\u00e1 mo\u0159sk\u00e1 voda - Velkoobchodn\u00ed distributor\",\"isPartOf\":{\"@id\":\"https:\\\/\\\/naturalpoland.com\\\/cs\\\/#website\"},\"primaryImageOfPage\":{\"@id\":\"https:\\\/\\\/naturalpoland.com\\\/cs\\\/produkty\\\/produkty-pro-kosmeticky-prumysl\\\/kosmeticke-suroviny\\\/koncentrovana-morska-voda\\\/#primaryimage\"},\"image\":{\"@id\":\"https:\\\/\\\/naturalpoland.com\\\/cs\\\/produkty\\\/produkty-pro-kosmeticky-prumysl\\\/kosmeticke-suroviny\\\/koncentrovana-morska-voda\\\/#primaryimage\"},\"thumbnailUrl\":\"https:\\\/\\\/naturalpoland.com\\\/wp-content\\\/uploads\\\/woda-morska-koncentrowana.jpg\",\"datePublished\":\"2021-12-20T12:31:34+00:00\",\"breadcrumb\":{\"@id\":\"https:\\\/\\\/naturalpoland.com\\\/cs\\\/produkty\\\/produkty-pro-kosmeticky-prumysl\\\/kosmeticke-suroviny\\\/koncentrovana-morska-voda\\\/#breadcrumb\"},\"inLanguage\":\"cs\",\"potentialAction\":[{\"@type\":\"ReadAction\",\"target\":[\"https:\\\/\\\/naturalpoland.com\\\/cs\\\/produkty\\\/produkty-pro-kosmeticky-prumysl\\\/kosmeticke-suroviny\\\/koncentrovana-morska-voda\\\/\"]}]},{\"@type\":\"ImageObject\",\"inLanguage\":\"cs\",\"@id\":\"https:\\\/\\\/naturalpoland.com\\\/cs\\\/produkty\\\/produkty-pro-kosmeticky-prumysl\\\/kosmeticke-suroviny\\\/koncentrovana-morska-voda\\\/#primaryimage\",\"url\":\"https:\\\/\\\/naturalpoland.com\\\/wp-content\\\/uploads\\\/woda-morska-koncentrowana.jpg\",\"contentUrl\":\"https:\\\/\\\/naturalpoland.com\\\/wp-content\\\/uploads\\\/woda-morska-koncentrowana.jpg\",\"width\":678,\"height\":650,\"caption\":\"Clear Water drop with circular waves\"},{\"@type\":\"BreadcrumbList\",\"@id\":\"https:\\\/\\\/naturalpoland.com\\\/cs\\\/produkty\\\/produkty-pro-kosmeticky-prumysl\\\/kosmeticke-suroviny\\\/koncentrovana-morska-voda\\\/#breadcrumb\",\"itemListElement\":[{\"@type\":\"ListItem\",\"position\":1,\"name\":\"Dom\u016f\",\"item\":\"https:\\\/\\\/naturalpoland.com\\\/cs\\\/\"},{\"@type\":\"ListItem\",\"position\":2,\"name\":\"Produkty\",\"item\":\"https:\\\/\\\/naturalpoland.com\\\/cs\\\/produkty\\\/\"},{\"@type\":\"ListItem\",\"position\":3,\"name\":\"Koncentrovan\u00e1 mo\u0159sk\u00e1 voda\"}]},{\"@type\":\"WebSite\",\"@id\":\"https:\\\/\\\/naturalpoland.com\\\/cs\\\/#website\",\"url\":\"https:\\\/\\\/naturalpoland.com\\\/cs\\\/\",\"name\":\"NATURAL POLAND - Velkoobchodn\u00ed distributor surovin\",\"description\":\"Surowce dla przemys\u0142u spo\u017cywczego, kosmetycznego i farmaceutycznego\",\"publisher\":{\"@id\":\"https:\\\/\\\/naturalpoland.com\\\/cs\\\/#organization\"},\"potentialAction\":[{\"@type\":\"SearchAction\",\"target\":{\"@type\":\"EntryPoint\",\"urlTemplate\":\"https:\\\/\\\/naturalpoland.com\\\/cs\\\/?s={search_term_string}\"},\"query-input\":{\"@type\":\"PropertyValueSpecification\",\"valueRequired\":true,\"valueName\":\"search_term_string\"}}],\"inLanguage\":\"cs\"},{\"@type\":\"Organization\",\"@id\":\"https:\\\/\\\/naturalpoland.com\\\/cs\\\/#organization\",\"name\":\"Natural Poland\",\"url\":\"https:\\\/\\\/naturalpoland.com\\\/cs\\\/\",\"logo\":{\"@type\":\"ImageObject\",\"inLanguage\":\"cs\",\"@id\":\"https:\\\/\\\/naturalpoland.com\\\/cs\\\/#\\\/schema\\\/logo\\\/image\\\/\",\"url\":\"https:\\\/\\\/naturalpoland.com\\\/wp-content\\\/uploads\\\/2021\\\/05\\\/natural-poland-icon.png\",\"contentUrl\":\"https:\\\/\\\/naturalpoland.com\\\/wp-content\\\/uploads\\\/2021\\\/05\\\/natural-poland-icon.png\",\"width\":512,\"height\":512,\"caption\":\"Natural Poland\"},\"image\":{\"@id\":\"https:\\\/\\\/naturalpoland.com\\\/cs\\\/#\\\/schema\\\/logo\\\/image\\\/\"},\"sameAs\":[\"https:\\\/\\\/www.facebook.com\\\/naturalpoland.b2b\",\"https:\\\/\\\/pl.linkedin.com\\\/company\\\/natural-poland\",\"https:\\\/\\\/www.youtube.com\\\/channel\\\/UCgeGGkvOMahZo-xu_MSEWxg\"]}]}<\/script>\n<!-- \/ Yoast SEO plugin. -->","yoast_head_json":{"title":"Koncentrovan\u00e1 mo\u0159sk\u00e1 voda - Velkoobchodn\u00ed distributor","robots":{"index":"index","follow":"follow","max-snippet":"max-snippet:-1","max-image-preview":"max-image-preview:large","max-video-preview":"max-video-preview:-1"},"canonical":"https:\/\/naturalpoland.com\/cs\/produkty\/produkty-pro-kosmeticky-prumysl\/kosmeticke-suroviny\/koncentrovana-morska-voda\/","og_locale":"cs_CZ","og_type":"article","og_title":"Koncentrovan\u00e1 mo\u0159sk\u00e1 voda - Velkoobchodn\u00ed distributor","og_description":"Koncentrovan\u00e1 mo\u0159sk\u00e1 voda se z\u00edsk\u00e1v\u00e1 z vrt\u016f o hloubce 1000 metr\u016f. Surovina m\u016f\u017ee b\u00fdt farmaceutick\u00e9 nebo kosmetick\u00e9 kvality. V\u00fdrobek v jednom litru obsahuje a\u017e 300 gram\u016f miner\u00e1ln\u00edch l\u00e1tek.","og_url":"https:\/\/naturalpoland.com\/cs\/produkty\/produkty-pro-kosmeticky-prumysl\/kosmeticke-suroviny\/koncentrovana-morska-voda\/","og_site_name":"NATURAL POLAND - Velkoobchodn\u00ed distributor surovin","article_publisher":"https:\/\/www.facebook.com\/naturalpoland.b2b","og_image":[{"width":678,"height":650,"url":"https:\/\/naturalpoland.com\/wp-content\/uploads\/woda-morska-koncentrowana.jpg","type":"image\/jpeg"}],"schema":{"@context":"https:\/\/schema.org","@graph":[{"@type":"WebPage","@id":"https:\/\/naturalpoland.com\/cs\/produkty\/produkty-pro-kosmeticky-prumysl\/kosmeticke-suroviny\/koncentrovana-morska-voda\/","url":"https:\/\/naturalpoland.com\/cs\/produkty\/produkty-pro-kosmeticky-prumysl\/kosmeticke-suroviny\/koncentrovana-morska-voda\/","name":"Koncentrovan\u00e1 mo\u0159sk\u00e1 voda - Velkoobchodn\u00ed distributor","isPartOf":{"@id":"https:\/\/naturalpoland.com\/cs\/#website"},"primaryImageOfPage":{"@id":"https:\/\/naturalpoland.com\/cs\/produkty\/produkty-pro-kosmeticky-prumysl\/kosmeticke-suroviny\/koncentrovana-morska-voda\/#primaryimage"},"image":{"@id":"https:\/\/naturalpoland.com\/cs\/produkty\/produkty-pro-kosmeticky-prumysl\/kosmeticke-suroviny\/koncentrovana-morska-voda\/#primaryimage"},"thumbnailUrl":"https:\/\/naturalpoland.com\/wp-content\/uploads\/woda-morska-koncentrowana.jpg","datePublished":"2021-12-20T12:31:34+00:00","breadcrumb":{"@id":"https:\/\/naturalpoland.com\/cs\/produkty\/produkty-pro-kosmeticky-prumysl\/kosmeticke-suroviny\/koncentrovana-morska-voda\/#breadcrumb"},"inLanguage":"cs","potentialAction":[{"@type":"ReadAction","target":["https:\/\/naturalpoland.com\/cs\/produkty\/produkty-pro-kosmeticky-prumysl\/kosmeticke-suroviny\/koncentrovana-morska-voda\/"]}]},{"@type":"ImageObject","inLanguage":"cs","@id":"https:\/\/naturalpoland.com\/cs\/produkty\/produkty-pro-kosmeticky-prumysl\/kosmeticke-suroviny\/koncentrovana-morska-voda\/#primaryimage","url":"https:\/\/naturalpoland.com\/wp-content\/uploads\/woda-morska-koncentrowana.jpg","contentUrl":"https:\/\/naturalpoland.com\/wp-content\/uploads\/woda-morska-koncentrowana.jpg","width":678,"height":650,"caption":"Clear Water drop with circular waves"},{"@type":"BreadcrumbList","@id":"https:\/\/naturalpoland.com\/cs\/produkty\/produkty-pro-kosmeticky-prumysl\/kosmeticke-suroviny\/koncentrovana-morska-voda\/#breadcrumb","itemListElement":[{"@type":"ListItem","position":1,"name":"Dom\u016f","item":"https:\/\/naturalpoland.com\/cs\/"},{"@type":"ListItem","position":2,"name":"Produkty","item":"https:\/\/naturalpoland.com\/cs\/produkty\/"},{"@type":"ListItem","position":3,"name":"Koncentrovan\u00e1 mo\u0159sk\u00e1 voda"}]},{"@type":"WebSite","@id":"https:\/\/naturalpoland.com\/cs\/#website","url":"https:\/\/naturalpoland.com\/cs\/","name":"NATURAL POLAND - Velkoobchodn\u00ed distributor surovin","description":"Surowce dla przemys\u0142u spo\u017cywczego, kosmetycznego i farmaceutycznego","publisher":{"@id":"https:\/\/naturalpoland.com\/cs\/#organization"},"potentialAction":[{"@type":"SearchAction","target":{"@type":"EntryPoint","urlTemplate":"https:\/\/naturalpoland.com\/cs\/?s={search_term_string}"},"query-input":{"@type":"PropertyValueSpecification","valueRequired":true,"valueName":"search_term_string"}}],"inLanguage":"cs"},{"@type":"Organization","@id":"https:\/\/naturalpoland.com\/cs\/#organization","name":"Natural Poland","url":"https:\/\/naturalpoland.com\/cs\/","logo":{"@type":"ImageObject","inLanguage":"cs","@id":"https:\/\/naturalpoland.com\/cs\/#\/schema\/logo\/image\/","url":"https:\/\/naturalpoland.com\/wp-content\/uploads\/2021\/05\/natural-poland-icon.png","contentUrl":"https:\/\/naturalpoland.com\/wp-content\/uploads\/2021\/05\/natural-poland-icon.png","width":512,"height":512,"caption":"Natural Poland"},"image":{"@id":"https:\/\/naturalpoland.com\/cs\/#\/schema\/logo\/image\/"},"sameAs":["https:\/\/www.facebook.com\/naturalpoland.b2b","https:\/\/pl.linkedin.com\/company\/natural-poland","https:\/\/www.youtube.com\/channel\/UCgeGGkvOMahZo-xu_MSEWxg"]}]}},"_links":{"self":[{"href":"https:\/\/naturalpoland.com\/cs\/wp-json\/wp\/v2\/product\/15627","targetHints":{"allow":["GET"]}}],"collection":[{"href":"https:\/\/naturalpoland.com\/cs\/wp-json\/wp\/v2\/product"}],"about":[{"href":"https:\/\/naturalpoland.com\/cs\/wp-json\/wp\/v2\/types\/product"}],"wp:featuredmedia":[{"embeddable":true,"href":"https:\/\/naturalpoland.com\/cs\/wp-json\/wp\/v2\/media\/6521"}],"wp:attachment":[{"href":"https:\/\/naturalpoland.com\/cs\/wp-json\/wp\/v2\/media?parent=15627"}],"wp:term":[{"taxonomy":"product_brand","embeddable":true,"href":"https:\/\/naturalpoland.com\/cs\/wp-json\/wp\/v2\/product_brand?post=15627"},{"taxonomy":"product_cat","embeddable":true,"href":"https:\/\/naturalpoland.com\/cs\/wp-json\/wp\/v2\/product_cat?post=15627"},{"taxonomy":"product_tag","embeddable":true,"href":"https:\/\/naturalpoland.com\/cs\/wp-json\/wp\/v2\/product_tag?post=15627"}],"curies":[{"name":"wp","href":"https:\/\/api.w.org\/{rel}","templated":true}]}}