{"id":18854,"date":"2022-03-24T13:04:48","date_gmt":"2022-05-25T12:37:55","guid":{"rendered":"https:\/\/naturalpoland.pl\/produkty\/nezarazene\/olej-ze-semen-kdoule\/"},"modified":"2023-01-20T12:42:07","modified_gmt":"2023-01-20T11:42:07","slug":"kdoulovy-olej","status":"publish","type":"product","link":"https:\/\/naturalpoland.com\/cs\/produkty\/produkty-pro-potravinarsky-prumysl\/jedle-oleje\/kdoulovy-olej\/","title":{"rendered":"Olej ze semen kdoule"},"content":{"rendered":"<p><strong>Kdoulov\u00fd olej<\/strong> obsahuje vitam\u00edny E a A. Osv\u011bd\u010duje se v p\u00e9\u010di o jemnou citlivou poko\u017eku, kter\u00e1 pot\u0159ebuje regeneraci. M\u016f\u017ee b\u00fdt pou\u017eit v kosmetick\u00e9m a potravin\u00e1\u0159sk\u00e9m pr\u016fmyslu. Kdoulov\u00fd olej pat\u0159\u00ed do skupiny antioxidant\u016f. Olej zklid\u0148uje, redukuje zarudnut\u00ed a podporuje boj proti akn\u00e9.<\/p>\n<p>&nbsp;<\/p>\n<p>Obsah mastn\u00fdch kyselin:<\/p>\n<table>\n<tbody>\n<tr>\n<th>N\u00c1ZEV KYSELINY<\/th>\n<th>C-\u0158ET\u011aZ<\/th>\n<th>ROZSAH (%)<\/th>\n<\/tr>\n<tr>\n<td>LESS<\/td>\n<td>&lt; C16: 0<\/td>\n<td><\/td>\n<\/tr>\n<tr>\n<td>PALMITICK\u00dd<\/td>\n<td>C16:0<\/td>\n<td>4,5-9,0<\/td>\n<\/tr>\n<tr>\n<td>PALMITOLEIC<\/td>\n<td>C16:1<\/td>\n<td><\/td>\n<\/tr>\n<tr>\n<td>STEARIC<\/td>\n<td>C18:0<\/td>\n<td>2,1-3,0<\/td>\n<\/tr>\n<tr>\n<td>OLEIC<\/td>\n<td>C18:1<\/td>\n<td>25,0-36,0<\/td>\n<\/tr>\n<tr>\n<td>LINOLEKOV\u00c9<\/td>\n<td>C18: 2<\/td>\n<td>44,0-53,0<\/td>\n<\/tr>\n<tr>\n<td>LINOLENICK\u00c1<\/td>\n<td>C18: 3<\/td>\n<td>0,1-1,5<\/td>\n<\/tr>\n<tr>\n<td>LINOLENIC (GLA)<\/td>\n<td>C18: 3<\/td>\n<td><\/td>\n<\/tr>\n<tr>\n<td>ICOSANOIC<\/td>\n<td>C20: 0<\/td>\n<td><\/td>\n<\/tr>\n<tr>\n<td>ICOSENOIC<\/td>\n<td>C20:1<\/td>\n<td><\/td>\n<\/tr>\n<tr>\n<td>DOCOSANOIC<\/td>\n<td>C22:0<\/td>\n<td><\/td>\n<\/tr>\n<tr>\n<td>ERUCIC<\/td>\n<td>C22:1<\/td>\n<td><\/td>\n<\/tr>\n<tr>\n<td>TETRACOSANOIC<\/td>\n<td>C24:0<\/td>\n<td><\/td>\n<\/tr>\n<\/tbody>\n<\/table>\n<p>&nbsp;<\/p>\n<p>Olej ze semen kdoule je l\u00e9k s velk\u00fdm potenci\u00e1lem. Kdoule je ovoce s obrovsk\u00fdm mno\u017estv\u00edm ingredienc\u00ed. Je proslul\u00e1 vysok\u00fdm obsahem t\u0159\u00edslovin, flavonoid\u016f a organick\u00fdch kyselin. Krom\u011b toho obsahuje tak\u00e9 provitamin A, vitamin C a vitaminy skupiny B. D\u00edky tomu se skv\u011ble hod\u00ed k p\u00e9\u010di o ple\u0165 a pom\u00e1h\u00e1 ji udr\u017eovat hydratovanou.<\/p>\n<p>Olej je cenn\u00fdm dopl\u0148kem kosmetiky. Sni\u017euje zarudnut\u00ed a p\u0159\u00edznaky akn\u00e9. Zabra\u0148uje st\u00e1rnut\u00ed pleti. Lze jej pou\u017e\u00edt i na vlasy &#8211; posiluje jejich ko\u0159\u00ednky a zabra\u0148uje t\u0159epen\u00ed kone\u010dk\u016f.<\/p>\n","protected":false},"excerpt":{"rendered":"<p><strong>Kdoulov\u00fd olej<\/strong> za studena lisovan\u00fd, nerafinovan\u00fd, bez p\u0159\u00edsad osv\u011bd\u010den\u00e9 kvality.<\/p>\n","protected":false},"featured_media":18467,"template":"","meta":{"_acf_changed":false},"product_brand":[],"product_cat":[625,640,636],"product_tag":[],"class_list":{"0":"post-18854","1":"product","2":"type-product","3":"status-publish","4":"has-post-thumbnail","6":"product_cat-jedle-a-kosmeticke-oleje","7":"product_cat-jedle-oleje","8":"product_cat-kosmeticke-oleje","10":"first","11":"instock","12":"shipping-taxable","13":"product-type-simple"},"acf":[],"yoast_head":"<!-- This site is optimized with the Yoast SEO plugin v27.4 - https:\/\/yoast.com\/product\/yoast-seo-wordpress\/ -->\n<title>Olej ze semen kdoule - Velkoobchodn\u00ed distributor<\/title>\n<meta name=\"robots\" content=\"index, follow, max-snippet:-1, max-image-preview:large, max-video-preview:-1\" \/>\n<link rel=\"canonical\" href=\"https:\/\/naturalpoland.com\/cs\/produkty\/produkty-pro-potravinarsky-prumysl\/jedle-oleje\/kdoulovy-olej\/\" \/>\n<meta property=\"og:locale\" content=\"cs_CZ\" \/>\n<meta property=\"og:type\" content=\"article\" \/>\n<meta property=\"og:title\" content=\"Olej ze semen kdoule - Velkoobchodn\u00ed distributor\" \/>\n<meta property=\"og:description\" content=\"Kdoulov\u00fd olej za studena lisovan\u00fd, nerafinovan\u00fd, bez p\u0159\u00edsad osv\u011bd\u010den\u00e9 kvality.\" \/>\n<meta property=\"og:url\" content=\"https:\/\/naturalpoland.com\/cs\/produkty\/produkty-pro-potravinarsky-prumysl\/jedle-oleje\/kdoulovy-olej\/\" \/>\n<meta property=\"og:site_name\" content=\"NATURAL POLAND - Velkoobchodn\u00ed distributor surovin\" \/>\n<meta property=\"article:publisher\" content=\"https:\/\/www.facebook.com\/naturalpoland.b2b\" \/>\n<meta property=\"article:modified_time\" content=\"2023-01-20T11:42:07+00:00\" \/>\n<meta property=\"og:image\" content=\"https:\/\/naturalpoland.com\/wp-content\/uploads\/olej-z-pestek-pigwy.jpg\" \/>\n\t<meta property=\"og:image:width\" content=\"500\" \/>\n\t<meta property=\"og:image:height\" content=\"500\" \/>\n\t<meta property=\"og:image:type\" content=\"image\/jpeg\" \/>\n<script type=\"application\/ld+json\" class=\"yoast-schema-graph\">{\"@context\":\"https:\\\/\\\/schema.org\",\"@graph\":[{\"@type\":\"WebPage\",\"@id\":\"https:\\\/\\\/naturalpoland.com\\\/cs\\\/produkty\\\/produkty-pro-potravinarsky-prumysl\\\/jedle-oleje\\\/kdoulovy-olej\\\/\",\"url\":\"https:\\\/\\\/naturalpoland.com\\\/cs\\\/produkty\\\/produkty-pro-potravinarsky-prumysl\\\/jedle-oleje\\\/kdoulovy-olej\\\/\",\"name\":\"Olej ze semen kdoule - Velkoobchodn\u00ed distributor\",\"isPartOf\":{\"@id\":\"https:\\\/\\\/naturalpoland.com\\\/cs\\\/#website\"},\"primaryImageOfPage\":{\"@id\":\"https:\\\/\\\/naturalpoland.com\\\/cs\\\/produkty\\\/produkty-pro-potravinarsky-prumysl\\\/jedle-oleje\\\/kdoulovy-olej\\\/#primaryimage\"},\"image\":{\"@id\":\"https:\\\/\\\/naturalpoland.com\\\/cs\\\/produkty\\\/produkty-pro-potravinarsky-prumysl\\\/jedle-oleje\\\/kdoulovy-olej\\\/#primaryimage\"},\"thumbnailUrl\":\"https:\\\/\\\/naturalpoland.com\\\/wp-content\\\/uploads\\\/olej-z-pestek-pigwy.jpg\",\"datePublished\":\"2022-05-25T12:37:55+00:00\",\"dateModified\":\"2023-01-20T11:42:07+00:00\",\"breadcrumb\":{\"@id\":\"https:\\\/\\\/naturalpoland.com\\\/cs\\\/produkty\\\/produkty-pro-potravinarsky-prumysl\\\/jedle-oleje\\\/kdoulovy-olej\\\/#breadcrumb\"},\"inLanguage\":\"cs\",\"potentialAction\":[{\"@type\":\"ReadAction\",\"target\":[\"https:\\\/\\\/naturalpoland.com\\\/cs\\\/produkty\\\/produkty-pro-potravinarsky-prumysl\\\/jedle-oleje\\\/kdoulovy-olej\\\/\"]}]},{\"@type\":\"ImageObject\",\"inLanguage\":\"cs\",\"@id\":\"https:\\\/\\\/naturalpoland.com\\\/cs\\\/produkty\\\/produkty-pro-potravinarsky-prumysl\\\/jedle-oleje\\\/kdoulovy-olej\\\/#primaryimage\",\"url\":\"https:\\\/\\\/naturalpoland.com\\\/wp-content\\\/uploads\\\/olej-z-pestek-pigwy.jpg\",\"contentUrl\":\"https:\\\/\\\/naturalpoland.com\\\/wp-content\\\/uploads\\\/olej-z-pestek-pigwy.jpg\",\"width\":500,\"height\":500,\"caption\":\"olej z kdoulov\u00fdch sem\u00ednek\"},{\"@type\":\"BreadcrumbList\",\"@id\":\"https:\\\/\\\/naturalpoland.com\\\/cs\\\/produkty\\\/produkty-pro-potravinarsky-prumysl\\\/jedle-oleje\\\/kdoulovy-olej\\\/#breadcrumb\",\"itemListElement\":[{\"@type\":\"ListItem\",\"position\":1,\"name\":\"Dom\u016f\",\"item\":\"https:\\\/\\\/naturalpoland.com\\\/cs\\\/\"},{\"@type\":\"ListItem\",\"position\":2,\"name\":\"Produkty\",\"item\":\"https:\\\/\\\/naturalpoland.com\\\/cs\\\/produkty\\\/\"},{\"@type\":\"ListItem\",\"position\":3,\"name\":\"Olej ze semen kdoule\"}]},{\"@type\":\"WebSite\",\"@id\":\"https:\\\/\\\/naturalpoland.com\\\/cs\\\/#website\",\"url\":\"https:\\\/\\\/naturalpoland.com\\\/cs\\\/\",\"name\":\"NATURAL POLAND - Velkoobchodn\u00ed distributor surovin\",\"description\":\"Surowce dla przemys\u0142u spo\u017cywczego, kosmetycznego i farmaceutycznego\",\"publisher\":{\"@id\":\"https:\\\/\\\/naturalpoland.com\\\/cs\\\/#organization\"},\"potentialAction\":[{\"@type\":\"SearchAction\",\"target\":{\"@type\":\"EntryPoint\",\"urlTemplate\":\"https:\\\/\\\/naturalpoland.com\\\/cs\\\/?s={search_term_string}\"},\"query-input\":{\"@type\":\"PropertyValueSpecification\",\"valueRequired\":true,\"valueName\":\"search_term_string\"}}],\"inLanguage\":\"cs\"},{\"@type\":\"Organization\",\"@id\":\"https:\\\/\\\/naturalpoland.com\\\/cs\\\/#organization\",\"name\":\"Natural Poland\",\"url\":\"https:\\\/\\\/naturalpoland.com\\\/cs\\\/\",\"logo\":{\"@type\":\"ImageObject\",\"inLanguage\":\"cs\",\"@id\":\"https:\\\/\\\/naturalpoland.com\\\/cs\\\/#\\\/schema\\\/logo\\\/image\\\/\",\"url\":\"https:\\\/\\\/naturalpoland.com\\\/wp-content\\\/uploads\\\/2021\\\/05\\\/natural-poland-icon.png\",\"contentUrl\":\"https:\\\/\\\/naturalpoland.com\\\/wp-content\\\/uploads\\\/2021\\\/05\\\/natural-poland-icon.png\",\"width\":512,\"height\":512,\"caption\":\"Natural Poland\"},\"image\":{\"@id\":\"https:\\\/\\\/naturalpoland.com\\\/cs\\\/#\\\/schema\\\/logo\\\/image\\\/\"},\"sameAs\":[\"https:\\\/\\\/www.facebook.com\\\/naturalpoland.b2b\",\"https:\\\/\\\/pl.linkedin.com\\\/company\\\/natural-poland\",\"https:\\\/\\\/www.youtube.com\\\/channel\\\/UCgeGGkvOMahZo-xu_MSEWxg\"]}]}<\/script>\n<!-- \/ Yoast SEO plugin. -->","yoast_head_json":{"title":"Olej ze semen kdoule - Velkoobchodn\u00ed distributor","robots":{"index":"index","follow":"follow","max-snippet":"max-snippet:-1","max-image-preview":"max-image-preview:large","max-video-preview":"max-video-preview:-1"},"canonical":"https:\/\/naturalpoland.com\/cs\/produkty\/produkty-pro-potravinarsky-prumysl\/jedle-oleje\/kdoulovy-olej\/","og_locale":"cs_CZ","og_type":"article","og_title":"Olej ze semen kdoule - Velkoobchodn\u00ed distributor","og_description":"Kdoulov\u00fd olej za studena lisovan\u00fd, nerafinovan\u00fd, bez p\u0159\u00edsad osv\u011bd\u010den\u00e9 kvality.","og_url":"https:\/\/naturalpoland.com\/cs\/produkty\/produkty-pro-potravinarsky-prumysl\/jedle-oleje\/kdoulovy-olej\/","og_site_name":"NATURAL POLAND - Velkoobchodn\u00ed distributor surovin","article_publisher":"https:\/\/www.facebook.com\/naturalpoland.b2b","article_modified_time":"2023-01-20T11:42:07+00:00","og_image":[{"width":500,"height":500,"url":"https:\/\/naturalpoland.com\/wp-content\/uploads\/olej-z-pestek-pigwy.jpg","type":"image\/jpeg"}],"schema":{"@context":"https:\/\/schema.org","@graph":[{"@type":"WebPage","@id":"https:\/\/naturalpoland.com\/cs\/produkty\/produkty-pro-potravinarsky-prumysl\/jedle-oleje\/kdoulovy-olej\/","url":"https:\/\/naturalpoland.com\/cs\/produkty\/produkty-pro-potravinarsky-prumysl\/jedle-oleje\/kdoulovy-olej\/","name":"Olej ze semen kdoule - Velkoobchodn\u00ed distributor","isPartOf":{"@id":"https:\/\/naturalpoland.com\/cs\/#website"},"primaryImageOfPage":{"@id":"https:\/\/naturalpoland.com\/cs\/produkty\/produkty-pro-potravinarsky-prumysl\/jedle-oleje\/kdoulovy-olej\/#primaryimage"},"image":{"@id":"https:\/\/naturalpoland.com\/cs\/produkty\/produkty-pro-potravinarsky-prumysl\/jedle-oleje\/kdoulovy-olej\/#primaryimage"},"thumbnailUrl":"https:\/\/naturalpoland.com\/wp-content\/uploads\/olej-z-pestek-pigwy.jpg","datePublished":"2022-05-25T12:37:55+00:00","dateModified":"2023-01-20T11:42:07+00:00","breadcrumb":{"@id":"https:\/\/naturalpoland.com\/cs\/produkty\/produkty-pro-potravinarsky-prumysl\/jedle-oleje\/kdoulovy-olej\/#breadcrumb"},"inLanguage":"cs","potentialAction":[{"@type":"ReadAction","target":["https:\/\/naturalpoland.com\/cs\/produkty\/produkty-pro-potravinarsky-prumysl\/jedle-oleje\/kdoulovy-olej\/"]}]},{"@type":"ImageObject","inLanguage":"cs","@id":"https:\/\/naturalpoland.com\/cs\/produkty\/produkty-pro-potravinarsky-prumysl\/jedle-oleje\/kdoulovy-olej\/#primaryimage","url":"https:\/\/naturalpoland.com\/wp-content\/uploads\/olej-z-pestek-pigwy.jpg","contentUrl":"https:\/\/naturalpoland.com\/wp-content\/uploads\/olej-z-pestek-pigwy.jpg","width":500,"height":500,"caption":"olej z kdoulov\u00fdch sem\u00ednek"},{"@type":"BreadcrumbList","@id":"https:\/\/naturalpoland.com\/cs\/produkty\/produkty-pro-potravinarsky-prumysl\/jedle-oleje\/kdoulovy-olej\/#breadcrumb","itemListElement":[{"@type":"ListItem","position":1,"name":"Dom\u016f","item":"https:\/\/naturalpoland.com\/cs\/"},{"@type":"ListItem","position":2,"name":"Produkty","item":"https:\/\/naturalpoland.com\/cs\/produkty\/"},{"@type":"ListItem","position":3,"name":"Olej ze semen kdoule"}]},{"@type":"WebSite","@id":"https:\/\/naturalpoland.com\/cs\/#website","url":"https:\/\/naturalpoland.com\/cs\/","name":"NATURAL POLAND - Velkoobchodn\u00ed distributor surovin","description":"Surowce dla przemys\u0142u spo\u017cywczego, kosmetycznego i farmaceutycznego","publisher":{"@id":"https:\/\/naturalpoland.com\/cs\/#organization"},"potentialAction":[{"@type":"SearchAction","target":{"@type":"EntryPoint","urlTemplate":"https:\/\/naturalpoland.com\/cs\/?s={search_term_string}"},"query-input":{"@type":"PropertyValueSpecification","valueRequired":true,"valueName":"search_term_string"}}],"inLanguage":"cs"},{"@type":"Organization","@id":"https:\/\/naturalpoland.com\/cs\/#organization","name":"Natural Poland","url":"https:\/\/naturalpoland.com\/cs\/","logo":{"@type":"ImageObject","inLanguage":"cs","@id":"https:\/\/naturalpoland.com\/cs\/#\/schema\/logo\/image\/","url":"https:\/\/naturalpoland.com\/wp-content\/uploads\/2021\/05\/natural-poland-icon.png","contentUrl":"https:\/\/naturalpoland.com\/wp-content\/uploads\/2021\/05\/natural-poland-icon.png","width":512,"height":512,"caption":"Natural Poland"},"image":{"@id":"https:\/\/naturalpoland.com\/cs\/#\/schema\/logo\/image\/"},"sameAs":["https:\/\/www.facebook.com\/naturalpoland.b2b","https:\/\/pl.linkedin.com\/company\/natural-poland","https:\/\/www.youtube.com\/channel\/UCgeGGkvOMahZo-xu_MSEWxg"]}]}},"_links":{"self":[{"href":"https:\/\/naturalpoland.com\/cs\/wp-json\/wp\/v2\/product\/18854","targetHints":{"allow":["GET"]}}],"collection":[{"href":"https:\/\/naturalpoland.com\/cs\/wp-json\/wp\/v2\/product"}],"about":[{"href":"https:\/\/naturalpoland.com\/cs\/wp-json\/wp\/v2\/types\/product"}],"wp:featuredmedia":[{"embeddable":true,"href":"https:\/\/naturalpoland.com\/cs\/wp-json\/wp\/v2\/media\/18467"}],"wp:attachment":[{"href":"https:\/\/naturalpoland.com\/cs\/wp-json\/wp\/v2\/media?parent=18854"}],"wp:term":[{"taxonomy":"product_brand","embeddable":true,"href":"https:\/\/naturalpoland.com\/cs\/wp-json\/wp\/v2\/product_brand?post=18854"},{"taxonomy":"product_cat","embeddable":true,"href":"https:\/\/naturalpoland.com\/cs\/wp-json\/wp\/v2\/product_cat?post=18854"},{"taxonomy":"product_tag","embeddable":true,"href":"https:\/\/naturalpoland.com\/cs\/wp-json\/wp\/v2\/product_tag?post=18854"}],"curies":[{"name":"wp","href":"https:\/\/api.w.org\/{rel}","templated":true}]}}