{"id":18864,"date":"2022-03-24T13:16:25","date_gmt":"2022-05-25T12:38:54","guid":{"rendered":"https:\/\/naturalpoland.pl\/produkty\/nezarazene\/olej-ze-zelenych-kavovych-zrn\/"},"modified":"2023-01-20T12:42:01","modified_gmt":"2023-01-20T11:42:01","slug":"zeleny-kavovy-olej-z-bobu","status":"publish","type":"product","link":"https:\/\/naturalpoland.com\/cs\/produkty\/produkty-pro-kosmeticky-prumysl\/kosmeticke-oleje\/zeleny-kavovy-olej-z-bobu\/","title":{"rendered":"Olej ze zelen\u00fdch k\u00e1vov\u00fdch zrn"},"content":{"rendered":"<p><strong>Zelen\u00fd k\u00e1vov\u00fd olej<\/strong> se lisuje z nepra\u017een\u00fdch k\u00e1vov\u00fdch zrn. M\u00e1 jemnou texturu a je velmi \u00fa\u010dinn\u00fd. Dokonale zachycuje voln\u00e9 radik\u00e1ly. Olej ze zelen\u00fdch k\u00e1vov\u00fdch zrn m\u00e1 hydrata\u010dn\u00ed, protivr\u00e1skov\u00fd, protiz\u00e1n\u011btliv\u00fd a zvlh\u010duj\u00edc\u00ed \u00fa\u010dinek, pom\u016f\u017ee zm\u00edrnit z\u00e1n\u011bt. Olej ze zelen\u00e9 k\u00e1vy se doporu\u010duje pro p\u00e9\u010di o suchou, problematickou a citlivou ple\u0165.<\/p>\n<h3><\/h3>\n<h3>Obsah mastn\u00fdch kyselin v oleji ze zelen\u00e9 k\u00e1vy:<\/h3>\n<table>\n<tbody>\n<tr>\n<th>N\u00c1ZEV KYSELINY<\/th>\n<th>C-\u0158ET\u011aZ<\/th>\n<th>ROZSAH (%)<\/th>\n<th>V\u00ddSLEDN\u00c1 METODA: PB-191\/LF<\/th>\n<\/tr>\n<tr>\n<td>LESS<\/td>\n<td>&lt; C16: 0<\/td>\n<td><\/td>\n<td><\/td>\n<\/tr>\n<tr>\n<td>PALMITICK\u00dd<\/td>\n<td>C16:0<\/td>\n<td>5,0-11,0<\/td>\n<td>10,2<\/td>\n<\/tr>\n<tr>\n<td>PALMITOLEIC<\/td>\n<td>C16:1<\/td>\n<td><\/td>\n<td><\/td>\n<\/tr>\n<tr>\n<td>STEARIC<\/td>\n<td>C18:0<\/td>\n<td>1,0-7,0<\/td>\n<td>4,3<\/td>\n<\/tr>\n<tr>\n<td>OLEIC<\/td>\n<td>C18:1<\/td>\n<td>20,0-35,0<\/td>\n<td>33,3<\/td>\n<\/tr>\n<tr>\n<td>LINOLEKOV\u00c9<\/td>\n<td>C18: 2<\/td>\n<td>47,0-65,0<\/td>\n<td>48,7<\/td>\n<\/tr>\n<tr>\n<td>LINOLENICK\u00c1<\/td>\n<td>C18: 3<\/td>\n<td><\/td>\n<td><\/td>\n<\/tr>\n<tr>\n<td>LINOLENIC (GLA)<\/td>\n<td>C18: 3<\/td>\n<td><\/td>\n<td><\/td>\n<\/tr>\n<tr>\n<td>ICOSANOIC<\/td>\n<td>C20: 0<\/td>\n<td><\/td>\n<td><\/td>\n<\/tr>\n<tr>\n<td>ICOSENOIC<\/td>\n<td>C20:1<\/td>\n<td><\/td>\n<td><\/td>\n<\/tr>\n<tr>\n<td>DOCOSANOIC<\/td>\n<td>C22:0<\/td>\n<td><\/td>\n<td><\/td>\n<\/tr>\n<tr>\n<td>ERUCIC<\/td>\n<td>C22:1<\/td>\n<td><\/td>\n<td><\/td>\n<\/tr>\n<tr>\n<td>TETRACOSANOIC<\/td>\n<td>C24:0<\/td>\n<td><\/td>\n<td><\/td>\n<\/tr>\n<\/tbody>\n<\/table>\n<p>&nbsp;<\/p>\n<h2>Zelen\u00fd k\u00e1vov\u00fd olej &#8211; vlastnosti<\/h2>\n<p>Olej ze zelen\u00fdch k\u00e1vov\u00fdch zrn je zn\u00e1m\u00fd svou vysokou \u00fa\u010dinnost\u00ed. Studie prok\u00e1zaly, \u017ee funguje \u0161estkr\u00e1t \u00fa\u010dinn\u011bji ne\u017e <strong><br \/>\n  <a href=\"https:\/\/naturalpoland.pl\/cs\/produkty\/produkty-pro-kosmeticky-prumysl\/kosmeticke-oleje\/jojobovy-olej-golden\/\">jojobov\u00fd olej<\/a><br \/>\n<\/strong> a <strong><br \/>\n  <a href=\"https:\/\/naturalpoland.pl\/cs\/produkty\/produkty-pro-potravinarsky-prumysl\/jedle-oleje\/mandlovy-olej\/\">olej ze sladk\u00fdch mandl\u00ed<\/a><br \/>\n<\/strong>. Je velmi bohat\u00fdm zdrojem kyseliny linolov\u00e9 a vitaminu E. Olej m\u00e1 siln\u00fd <strong>\u00fa\u010dinek proti st\u00e1rnut\u00ed<\/strong>. Fytosteroly obsa\u017een\u00e9 v zelen\u00fdch k\u00e1vov\u00fdch zrnech maj\u00ed na poko\u017eku zpev\u0148uj\u00edc\u00ed \u00fa\u010dinek, kter\u00fd rovn\u011b\u017e p\u0159isp\u00edv\u00e1 k jej\u00edmu mladistv\u00e9mu vzhledu.<\/p>\n<h2>Zelen\u00fd k\u00e1vov\u00fd olej &#8211; pou\u017eit\u00ed<\/h2>\n<p>Tento olej je cennou <strong>slo\u017ekou kosmetick\u00fdch p\u0159\u00edpravk\u016f<\/strong> pou\u017e\u00edvan\u00fdch na ple\u0165. Vhodn\u00e9 pro akn\u00f3zn\u00ed a st\u00e1rnouc\u00ed ple\u0165. M\u00e1 regenera\u010dn\u00ed, protiz\u00e1n\u011btliv\u00e9 a hydrata\u010dn\u00ed \u00fa\u010dinky. \u00da\u010dinn\u011b chr\u00e1n\u00ed tak\u00e9 p\u0159ed vn\u011bj\u0161\u00edmi vlivy a UV z\u00e1\u0159en\u00edm.<\/p>\n","protected":false},"excerpt":{"rendered":"<p><strong>Olej ze zelen\u00fdch k\u00e1vov\u00fdch zrn<\/strong> , lisovan\u00fd za studena, nerafinovan\u00fd. Tento olej se pou\u017e\u00edv\u00e1 v kosmetick\u00e9m a potravin\u00e1\u0159sk\u00e9m pr\u016fmyslu.<\/p>\n","protected":false},"featured_media":18478,"template":"","meta":{"_acf_changed":false},"product_brand":[],"product_cat":[625,636],"product_tag":[],"class_list":{"0":"post-18864","1":"product","2":"type-product","3":"status-publish","4":"has-post-thumbnail","6":"product_cat-jedle-a-kosmeticke-oleje","7":"product_cat-kosmeticke-oleje","9":"first","10":"instock","11":"shipping-taxable","12":"product-type-simple"},"acf":[],"yoast_head":"<!-- This site is optimized with the Yoast SEO plugin v27.4 - https:\/\/yoast.com\/product\/yoast-seo-wordpress\/ -->\n<title>Olej ze zelen\u00fdch k\u00e1vov\u00fdch zrn - Velkoobchodn\u00ed distributor<\/title>\n<meta name=\"robots\" content=\"index, follow, max-snippet:-1, max-image-preview:large, max-video-preview:-1\" \/>\n<link rel=\"canonical\" href=\"https:\/\/naturalpoland.com\/cs\/produkty\/produkty-pro-kosmeticky-prumysl\/kosmeticke-oleje\/zeleny-kavovy-olej-z-bobu\/\" \/>\n<meta property=\"og:locale\" content=\"cs_CZ\" \/>\n<meta property=\"og:type\" content=\"article\" \/>\n<meta property=\"og:title\" content=\"Olej ze zelen\u00fdch k\u00e1vov\u00fdch zrn - Velkoobchodn\u00ed distributor\" \/>\n<meta property=\"og:description\" content=\"Olej ze zelen\u00fdch k\u00e1vov\u00fdch zrn , lisovan\u00fd za studena, nerafinovan\u00fd. Tento olej se pou\u017e\u00edv\u00e1 v kosmetick\u00e9m a potravin\u00e1\u0159sk\u00e9m pr\u016fmyslu.\" \/>\n<meta property=\"og:url\" content=\"https:\/\/naturalpoland.com\/cs\/produkty\/produkty-pro-kosmeticky-prumysl\/kosmeticke-oleje\/zeleny-kavovy-olej-z-bobu\/\" \/>\n<meta property=\"og:site_name\" content=\"NATURAL POLAND - Velkoobchodn\u00ed distributor surovin\" \/>\n<meta property=\"article:publisher\" content=\"https:\/\/www.facebook.com\/naturalpoland.b2b\" \/>\n<meta property=\"article:modified_time\" content=\"2023-01-20T11:42:01+00:00\" \/>\n<meta property=\"og:image\" content=\"https:\/\/naturalpoland.com\/wp-content\/uploads\/olej-z-nasion-zielonej-kawy.jpg\" \/>\n\t<meta property=\"og:image:width\" content=\"500\" \/>\n\t<meta property=\"og:image:height\" content=\"500\" \/>\n\t<meta property=\"og:image:type\" content=\"image\/jpeg\" \/>\n<script type=\"application\/ld+json\" class=\"yoast-schema-graph\">{\"@context\":\"https:\\\/\\\/schema.org\",\"@graph\":[{\"@type\":\"WebPage\",\"@id\":\"https:\\\/\\\/naturalpoland.com\\\/cs\\\/produkty\\\/produkty-pro-kosmeticky-prumysl\\\/kosmeticke-oleje\\\/zeleny-kavovy-olej-z-bobu\\\/\",\"url\":\"https:\\\/\\\/naturalpoland.com\\\/cs\\\/produkty\\\/produkty-pro-kosmeticky-prumysl\\\/kosmeticke-oleje\\\/zeleny-kavovy-olej-z-bobu\\\/\",\"name\":\"Olej ze zelen\u00fdch k\u00e1vov\u00fdch zrn - Velkoobchodn\u00ed distributor\",\"isPartOf\":{\"@id\":\"https:\\\/\\\/naturalpoland.com\\\/cs\\\/#website\"},\"primaryImageOfPage\":{\"@id\":\"https:\\\/\\\/naturalpoland.com\\\/cs\\\/produkty\\\/produkty-pro-kosmeticky-prumysl\\\/kosmeticke-oleje\\\/zeleny-kavovy-olej-z-bobu\\\/#primaryimage\"},\"image\":{\"@id\":\"https:\\\/\\\/naturalpoland.com\\\/cs\\\/produkty\\\/produkty-pro-kosmeticky-prumysl\\\/kosmeticke-oleje\\\/zeleny-kavovy-olej-z-bobu\\\/#primaryimage\"},\"thumbnailUrl\":\"https:\\\/\\\/naturalpoland.com\\\/wp-content\\\/uploads\\\/olej-z-nasion-zielonej-kawy.jpg\",\"datePublished\":\"2022-05-25T12:38:54+00:00\",\"dateModified\":\"2023-01-20T11:42:01+00:00\",\"breadcrumb\":{\"@id\":\"https:\\\/\\\/naturalpoland.com\\\/cs\\\/produkty\\\/produkty-pro-kosmeticky-prumysl\\\/kosmeticke-oleje\\\/zeleny-kavovy-olej-z-bobu\\\/#breadcrumb\"},\"inLanguage\":\"cs\",\"potentialAction\":[{\"@type\":\"ReadAction\",\"target\":[\"https:\\\/\\\/naturalpoland.com\\\/cs\\\/produkty\\\/produkty-pro-kosmeticky-prumysl\\\/kosmeticke-oleje\\\/zeleny-kavovy-olej-z-bobu\\\/\"]}]},{\"@type\":\"ImageObject\",\"inLanguage\":\"cs\",\"@id\":\"https:\\\/\\\/naturalpoland.com\\\/cs\\\/produkty\\\/produkty-pro-kosmeticky-prumysl\\\/kosmeticke-oleje\\\/zeleny-kavovy-olej-z-bobu\\\/#primaryimage\",\"url\":\"https:\\\/\\\/naturalpoland.com\\\/wp-content\\\/uploads\\\/olej-z-nasion-zielonej-kawy.jpg\",\"contentUrl\":\"https:\\\/\\\/naturalpoland.com\\\/wp-content\\\/uploads\\\/olej-z-nasion-zielonej-kawy.jpg\",\"width\":500,\"height\":500,\"caption\":\"Olej ze zelen\u00fdch k\u00e1vov\u00fdch zrn\"},{\"@type\":\"BreadcrumbList\",\"@id\":\"https:\\\/\\\/naturalpoland.com\\\/cs\\\/produkty\\\/produkty-pro-kosmeticky-prumysl\\\/kosmeticke-oleje\\\/zeleny-kavovy-olej-z-bobu\\\/#breadcrumb\",\"itemListElement\":[{\"@type\":\"ListItem\",\"position\":1,\"name\":\"Dom\u016f\",\"item\":\"https:\\\/\\\/naturalpoland.com\\\/cs\\\/\"},{\"@type\":\"ListItem\",\"position\":2,\"name\":\"Produkty\",\"item\":\"https:\\\/\\\/naturalpoland.com\\\/cs\\\/produkty\\\/\"},{\"@type\":\"ListItem\",\"position\":3,\"name\":\"Olej ze zelen\u00fdch k\u00e1vov\u00fdch zrn\"}]},{\"@type\":\"WebSite\",\"@id\":\"https:\\\/\\\/naturalpoland.com\\\/cs\\\/#website\",\"url\":\"https:\\\/\\\/naturalpoland.com\\\/cs\\\/\",\"name\":\"NATURAL POLAND - Velkoobchodn\u00ed distributor surovin\",\"description\":\"Surowce dla przemys\u0142u spo\u017cywczego, kosmetycznego i farmaceutycznego\",\"publisher\":{\"@id\":\"https:\\\/\\\/naturalpoland.com\\\/cs\\\/#organization\"},\"potentialAction\":[{\"@type\":\"SearchAction\",\"target\":{\"@type\":\"EntryPoint\",\"urlTemplate\":\"https:\\\/\\\/naturalpoland.com\\\/cs\\\/?s={search_term_string}\"},\"query-input\":{\"@type\":\"PropertyValueSpecification\",\"valueRequired\":true,\"valueName\":\"search_term_string\"}}],\"inLanguage\":\"cs\"},{\"@type\":\"Organization\",\"@id\":\"https:\\\/\\\/naturalpoland.com\\\/cs\\\/#organization\",\"name\":\"Natural Poland\",\"url\":\"https:\\\/\\\/naturalpoland.com\\\/cs\\\/\",\"logo\":{\"@type\":\"ImageObject\",\"inLanguage\":\"cs\",\"@id\":\"https:\\\/\\\/naturalpoland.com\\\/cs\\\/#\\\/schema\\\/logo\\\/image\\\/\",\"url\":\"https:\\\/\\\/naturalpoland.com\\\/wp-content\\\/uploads\\\/2021\\\/05\\\/natural-poland-icon.png\",\"contentUrl\":\"https:\\\/\\\/naturalpoland.com\\\/wp-content\\\/uploads\\\/2021\\\/05\\\/natural-poland-icon.png\",\"width\":512,\"height\":512,\"caption\":\"Natural Poland\"},\"image\":{\"@id\":\"https:\\\/\\\/naturalpoland.com\\\/cs\\\/#\\\/schema\\\/logo\\\/image\\\/\"},\"sameAs\":[\"https:\\\/\\\/www.facebook.com\\\/naturalpoland.b2b\",\"https:\\\/\\\/pl.linkedin.com\\\/company\\\/natural-poland\",\"https:\\\/\\\/www.youtube.com\\\/channel\\\/UCgeGGkvOMahZo-xu_MSEWxg\"]}]}<\/script>\n<!-- \/ Yoast SEO plugin. -->","yoast_head_json":{"title":"Olej ze zelen\u00fdch k\u00e1vov\u00fdch zrn - Velkoobchodn\u00ed distributor","robots":{"index":"index","follow":"follow","max-snippet":"max-snippet:-1","max-image-preview":"max-image-preview:large","max-video-preview":"max-video-preview:-1"},"canonical":"https:\/\/naturalpoland.com\/cs\/produkty\/produkty-pro-kosmeticky-prumysl\/kosmeticke-oleje\/zeleny-kavovy-olej-z-bobu\/","og_locale":"cs_CZ","og_type":"article","og_title":"Olej ze zelen\u00fdch k\u00e1vov\u00fdch zrn - Velkoobchodn\u00ed distributor","og_description":"Olej ze zelen\u00fdch k\u00e1vov\u00fdch zrn , lisovan\u00fd za studena, nerafinovan\u00fd. Tento olej se pou\u017e\u00edv\u00e1 v kosmetick\u00e9m a potravin\u00e1\u0159sk\u00e9m pr\u016fmyslu.","og_url":"https:\/\/naturalpoland.com\/cs\/produkty\/produkty-pro-kosmeticky-prumysl\/kosmeticke-oleje\/zeleny-kavovy-olej-z-bobu\/","og_site_name":"NATURAL POLAND - Velkoobchodn\u00ed distributor surovin","article_publisher":"https:\/\/www.facebook.com\/naturalpoland.b2b","article_modified_time":"2023-01-20T11:42:01+00:00","og_image":[{"width":500,"height":500,"url":"https:\/\/naturalpoland.com\/wp-content\/uploads\/olej-z-nasion-zielonej-kawy.jpg","type":"image\/jpeg"}],"schema":{"@context":"https:\/\/schema.org","@graph":[{"@type":"WebPage","@id":"https:\/\/naturalpoland.com\/cs\/produkty\/produkty-pro-kosmeticky-prumysl\/kosmeticke-oleje\/zeleny-kavovy-olej-z-bobu\/","url":"https:\/\/naturalpoland.com\/cs\/produkty\/produkty-pro-kosmeticky-prumysl\/kosmeticke-oleje\/zeleny-kavovy-olej-z-bobu\/","name":"Olej ze zelen\u00fdch k\u00e1vov\u00fdch zrn - Velkoobchodn\u00ed distributor","isPartOf":{"@id":"https:\/\/naturalpoland.com\/cs\/#website"},"primaryImageOfPage":{"@id":"https:\/\/naturalpoland.com\/cs\/produkty\/produkty-pro-kosmeticky-prumysl\/kosmeticke-oleje\/zeleny-kavovy-olej-z-bobu\/#primaryimage"},"image":{"@id":"https:\/\/naturalpoland.com\/cs\/produkty\/produkty-pro-kosmeticky-prumysl\/kosmeticke-oleje\/zeleny-kavovy-olej-z-bobu\/#primaryimage"},"thumbnailUrl":"https:\/\/naturalpoland.com\/wp-content\/uploads\/olej-z-nasion-zielonej-kawy.jpg","datePublished":"2022-05-25T12:38:54+00:00","dateModified":"2023-01-20T11:42:01+00:00","breadcrumb":{"@id":"https:\/\/naturalpoland.com\/cs\/produkty\/produkty-pro-kosmeticky-prumysl\/kosmeticke-oleje\/zeleny-kavovy-olej-z-bobu\/#breadcrumb"},"inLanguage":"cs","potentialAction":[{"@type":"ReadAction","target":["https:\/\/naturalpoland.com\/cs\/produkty\/produkty-pro-kosmeticky-prumysl\/kosmeticke-oleje\/zeleny-kavovy-olej-z-bobu\/"]}]},{"@type":"ImageObject","inLanguage":"cs","@id":"https:\/\/naturalpoland.com\/cs\/produkty\/produkty-pro-kosmeticky-prumysl\/kosmeticke-oleje\/zeleny-kavovy-olej-z-bobu\/#primaryimage","url":"https:\/\/naturalpoland.com\/wp-content\/uploads\/olej-z-nasion-zielonej-kawy.jpg","contentUrl":"https:\/\/naturalpoland.com\/wp-content\/uploads\/olej-z-nasion-zielonej-kawy.jpg","width":500,"height":500,"caption":"Olej ze zelen\u00fdch k\u00e1vov\u00fdch zrn"},{"@type":"BreadcrumbList","@id":"https:\/\/naturalpoland.com\/cs\/produkty\/produkty-pro-kosmeticky-prumysl\/kosmeticke-oleje\/zeleny-kavovy-olej-z-bobu\/#breadcrumb","itemListElement":[{"@type":"ListItem","position":1,"name":"Dom\u016f","item":"https:\/\/naturalpoland.com\/cs\/"},{"@type":"ListItem","position":2,"name":"Produkty","item":"https:\/\/naturalpoland.com\/cs\/produkty\/"},{"@type":"ListItem","position":3,"name":"Olej ze zelen\u00fdch k\u00e1vov\u00fdch zrn"}]},{"@type":"WebSite","@id":"https:\/\/naturalpoland.com\/cs\/#website","url":"https:\/\/naturalpoland.com\/cs\/","name":"NATURAL POLAND - Velkoobchodn\u00ed distributor surovin","description":"Surowce dla przemys\u0142u spo\u017cywczego, kosmetycznego i farmaceutycznego","publisher":{"@id":"https:\/\/naturalpoland.com\/cs\/#organization"},"potentialAction":[{"@type":"SearchAction","target":{"@type":"EntryPoint","urlTemplate":"https:\/\/naturalpoland.com\/cs\/?s={search_term_string}"},"query-input":{"@type":"PropertyValueSpecification","valueRequired":true,"valueName":"search_term_string"}}],"inLanguage":"cs"},{"@type":"Organization","@id":"https:\/\/naturalpoland.com\/cs\/#organization","name":"Natural Poland","url":"https:\/\/naturalpoland.com\/cs\/","logo":{"@type":"ImageObject","inLanguage":"cs","@id":"https:\/\/naturalpoland.com\/cs\/#\/schema\/logo\/image\/","url":"https:\/\/naturalpoland.com\/wp-content\/uploads\/2021\/05\/natural-poland-icon.png","contentUrl":"https:\/\/naturalpoland.com\/wp-content\/uploads\/2021\/05\/natural-poland-icon.png","width":512,"height":512,"caption":"Natural Poland"},"image":{"@id":"https:\/\/naturalpoland.com\/cs\/#\/schema\/logo\/image\/"},"sameAs":["https:\/\/www.facebook.com\/naturalpoland.b2b","https:\/\/pl.linkedin.com\/company\/natural-poland","https:\/\/www.youtube.com\/channel\/UCgeGGkvOMahZo-xu_MSEWxg"]}]}},"_links":{"self":[{"href":"https:\/\/naturalpoland.com\/cs\/wp-json\/wp\/v2\/product\/18864","targetHints":{"allow":["GET"]}}],"collection":[{"href":"https:\/\/naturalpoland.com\/cs\/wp-json\/wp\/v2\/product"}],"about":[{"href":"https:\/\/naturalpoland.com\/cs\/wp-json\/wp\/v2\/types\/product"}],"wp:featuredmedia":[{"embeddable":true,"href":"https:\/\/naturalpoland.com\/cs\/wp-json\/wp\/v2\/media\/18478"}],"wp:attachment":[{"href":"https:\/\/naturalpoland.com\/cs\/wp-json\/wp\/v2\/media?parent=18864"}],"wp:term":[{"taxonomy":"product_brand","embeddable":true,"href":"https:\/\/naturalpoland.com\/cs\/wp-json\/wp\/v2\/product_brand?post=18864"},{"taxonomy":"product_cat","embeddable":true,"href":"https:\/\/naturalpoland.com\/cs\/wp-json\/wp\/v2\/product_cat?post=18864"},{"taxonomy":"product_tag","embeddable":true,"href":"https:\/\/naturalpoland.com\/cs\/wp-json\/wp\/v2\/product_tag?post=18864"}],"curies":[{"name":"wp","href":"https:\/\/api.w.org\/{rel}","templated":true}]}}