{"id":20137,"date":"2022-10-03T10:54:20","date_gmt":"2022-10-19T14:03:03","guid":{"rendered":"https:\/\/naturalpoland.pl\/produkty\/nezarazene\/olej-ze-semen-spenatu\/"},"modified":"2025-02-04T14:35:32","modified_gmt":"2025-02-04T13:35:32","slug":"olej-z-borovicovych-semen","status":"publish","type":"product","link":"https:\/\/naturalpoland.com\/cs\/produkty\/produkty-pro-potravinarsky-prumysl\/jedle-oleje\/olej-z-borovicovych-semen\/","title":{"rendered":"Olej ze semen \u0161pen\u00e1tu"},"content":{"rendered":"<h2>Vlastnosti a slo\u017een\u00ed oleje ze semen \u0161pen\u00e1tu<\/h2>\n<p>\u0160pen\u00e1tov\u00fd olej obsahuje mimo\u0159\u00e1dn\u011b vysok\u00fd obsah mononenasycen\u00fdch mastn\u00fdch kyselin, v\u010detn\u011b <strong>kyseliny olejov\u00e9 (cca 64 %)<\/strong> a <strong>kyseliny linolov\u00e9 (cca 28 %)<\/strong>, a tak\u00e9 <a href=\"https:\/\/naturalpoland.com\/produkty\/produkty-dla-przemyslu-kosmetycznego\/surowce-kosmetyczne\/witamina-a\/\"><strong>vitaminu A<\/strong><\/a>. Tyto slo\u017eky dod\u00e1vaj\u00ed oleji vlastnosti, kter\u00e9 zvy\u0161uj\u00ed p\u0159irozenou ochranu poko\u017eky p\u0159ed ztr\u00e1tou vody, zlep\u0161uj\u00ed jej\u00ed pru\u017enost a sni\u017euj\u00ed v\u00fdskyt jizev a barevn\u00fdch zm\u011bn. <\/p>\n<p>V\u00fdznamn\u00e9 mno\u017estv\u00ed <strong>vitaminu C, E <\/strong>a <strong>K m\u00e1 <\/strong>zase antioxida\u010dn\u00ed \u00fa\u010dinky a chr\u00e1n\u00ed poko\u017eku p\u0159ed p\u0159ed\u010dasn\u00fdm st\u00e1rnut\u00edm. D\u00edky p\u0159\u00edtomnosti <strong>luteinu<\/strong>, p\u0159\u00edrodn\u00edho slune\u010dn\u00edho filtru, pom\u00e1h\u00e1 \u0161pen\u00e1tov\u00fd olej neutralizovat \u0161kodliv\u00e9 UV z\u00e1\u0159en\u00ed a modr\u00e9 sv\u011btlo vyza\u0159ovan\u00e9 obrazovkami po\u010d\u00edta\u010d\u016f a telefon\u016f. <\/p>\n<h2>\u0160pen\u00e1tov\u00fd olej na ple\u0165<\/h2>\n<p>\u0160pen\u00e1tov\u00fd olej se doporu\u010duje pro suchou, zralou a citlivou ple\u0165. P\u0159i pravideln\u00e9m pou\u017e\u00edv\u00e1n\u00ed pom\u00e1h\u00e1 <strong>zesv\u011btlovat barevn\u00e9 zm\u011bny, redukovat vr\u00e1sky a vyrovn\u00e1vat t\u00f3n pleti<\/strong> pro zdrav\u00fd a z\u00e1\u0159iv\u00fd vzhled. Jeho protiz\u00e1n\u011btliv\u00e9 vlastnosti zklid\u0148uj\u00ed podr\u00e1\u017ed\u011bn\u00ed, sni\u017euj\u00ed zarudnut\u00ed a podporuj\u00ed boj proti akn\u00e9 a ekz\u00e9m\u016fm.  <\/p>\n<p>D\u00edky sv\u00fdm antioxida\u010dn\u00edm vlastnostem lze olej pou\u017e\u00edvat jako s\u00e9rum proti vr\u00e1sk\u00e1m, ochrann\u00fd balz\u00e1m na rty nebo regenera\u010dn\u00ed no\u010dn\u00ed kr\u00e9m.<\/p>\n<h2>\u0160pen\u00e1tov\u00fd olej na vlasy<\/h2>\n<p>D\u00edky vysok\u00e9mu obsahu vitamin\u016f a mastn\u00fdch kyselin olej stimuluje prokrven\u00ed vlasov\u00e9 poko\u017eky, podporuje r\u016fst vlasov\u00fdch folikul\u016f, posiluje strukturu vlas\u016f a zabra\u0148uje jejich vypad\u00e1v\u00e1n\u00ed. Lze jej pou\u017e\u00edvat jako p\u0159\u00edsadu do masek, s\u00e9r a \u0161ampon\u016f i p\u0159\u00edmo na poko\u017eku hlavy. <\/p>\n<h2>Pou\u017eit\u00ed \u0161pen\u00e1tov\u00e9ho oleje v kosmetice<\/h2>\n<p>\u0160pen\u00e1tov\u00fd olej lze pou\u017e\u00edt v r\u016fzn\u00fdch kosmetick\u00fdch p\u0159\u00edpravc\u00edch pro p\u00e9\u010di o obli\u010dej, t\u011blo a vlasy. P\u0159\u00edklady pou\u017eit\u00ed \u0161pen\u00e1tov\u00e9ho oleje: <\/p>\n<ul>\n<li>Ple\u0165ov\u00e9 <strong>kr\u00e9my a s\u00e9ra<\/strong> s hydrata\u010dn\u00edmi a regenera\u010dn\u00edmi \u00fa\u010dinky,<\/li>\n<li><strong>T\u011blov\u00e1 ml\u00e9ka a m\u00e1sla<\/strong>, kter\u00e1 posiluj\u00ed poko\u017eku a chr\u00e1n\u00ed ji p\u0159ed dehydratac\u00ed,<\/li>\n<li><strong>Mas\u00e1\u017en\u00ed oleje pro<\/strong> zlep\u0161en\u00ed pru\u017enosti a tonusu poko\u017eky,<\/li>\n<li><strong>\u0160ampony a kondicion\u00e9ry na vlasy pro<\/strong> stimulaci r\u016fstu a regeneraci vlas\u016f.<\/li>\n<\/ul>\n<h2>Pou\u017eit\u00ed v potravin\u00e1\u0159sk\u00e9m pr\u016fmyslu<\/h2>\n<p>Ve strav\u011b se \u0161pen\u00e1tov\u00fd olej pou\u017e\u00edv\u00e1 jako zdrav\u00fd dopln\u011bk sal\u00e1t\u016f, om\u00e1\u010dek a past. D\u00edky vysok\u00e9mu obsahu omega-3 a omega-6 mastn\u00fdch kyselin pom\u00e1h\u00e1 <strong>regulovat hladinu cholesterolu<\/strong> a podporuje \u010dinnost srdce a nervov\u00e9ho syst\u00e9mu. Je lehce straviteln\u00fd a jeho jemn\u00e1, lehce o\u0159\u00ed\u0161kov\u00e1 chu\u0165 se dob\u0159e hod\u00ed k zelenin\u011b a studen\u00fdm pokrm\u016fm.  <\/p>\n","protected":false},"excerpt":{"rendered":"<p><em>Olej ze semen spinacia oleracea (Spinacia Oleracea Seed Oil)<\/em> lisovan\u00fd za studena si z\u00edsk\u00e1v\u00e1 oblibu u v\u00fdrobc\u016f p\u0159\u00edrodn\u00ed kosmetiky a zdrav\u00e9 v\u00fd\u017eivy. Vyzna\u010duje se bohatstv\u00edm \u017eivin a lehkou, rychle se vst\u0159eb\u00e1vaj\u00edc\u00ed strukturou. <\/p>\n","protected":false},"featured_media":19644,"template":"","meta":[],"product_brand":[],"product_cat":[625,640],"product_tag":[],"class_list":{"0":"post-20137","1":"product","2":"type-product","3":"status-publish","4":"has-post-thumbnail","6":"product_cat-jedle-a-kosmeticke-oleje","7":"product_cat-jedle-oleje","9":"first","10":"instock","11":"shipping-taxable","12":"product-type-simple"},"yoast_head":"<!-- This site is optimized with the Yoast SEO plugin v27.4 - https:\/\/yoast.com\/product\/yoast-seo-wordpress\/ -->\n<title>Olej ze semen \u0161pen\u00e1tu - Velkoobchodn\u00ed distributor<\/title>\n<meta name=\"description\" content=\"Za studena lisovan\u00fd olej ze semen \u0161pen\u00e1tu je v\u0161estrann\u00e1 p\u0159\u00edsada, kter\u00e1 se pou\u017e\u00edv\u00e1 v kosmetick\u00e9m i potravin\u00e1\u0159sk\u00e9m pr\u016fmyslu.\" \/>\n<meta name=\"robots\" content=\"index, follow, max-snippet:-1, max-image-preview:large, max-video-preview:-1\" \/>\n<link rel=\"canonical\" href=\"https:\/\/naturalpoland.com\/cs\/produkty\/produkty-pro-potravinarsky-prumysl\/jedle-oleje\/olej-z-borovicovych-semen\/\" \/>\n<meta property=\"og:locale\" content=\"cs_CZ\" \/>\n<meta property=\"og:type\" content=\"article\" \/>\n<meta property=\"og:title\" content=\"Olej ze semen \u0161pen\u00e1tu - Velkoobchodn\u00ed distributor\" \/>\n<meta property=\"og:description\" content=\"Za studena lisovan\u00fd olej ze semen \u0161pen\u00e1tu je v\u0161estrann\u00e1 p\u0159\u00edsada, kter\u00e1 se pou\u017e\u00edv\u00e1 v kosmetick\u00e9m i potravin\u00e1\u0159sk\u00e9m pr\u016fmyslu.\" \/>\n<meta property=\"og:url\" content=\"https:\/\/naturalpoland.com\/cs\/produkty\/produkty-pro-potravinarsky-prumysl\/jedle-oleje\/olej-z-borovicovych-semen\/\" \/>\n<meta property=\"og:site_name\" content=\"NATURAL POLAND - Velkoobchodn\u00ed distributor surovin\" \/>\n<meta property=\"article:publisher\" content=\"https:\/\/www.facebook.com\/naturalpoland.b2b\" \/>\n<meta property=\"article:modified_time\" content=\"2025-02-04T13:35:32+00:00\" \/>\n<meta property=\"og:image\" content=\"https:\/\/naturalpoland.com\/wp-content\/uploads\/2022\/10\/olej-z-nasion-szpinaku.jpg\" \/>\n\t<meta property=\"og:image:width\" content=\"800\" \/>\n\t<meta property=\"og:image:height\" content=\"800\" \/>\n\t<meta property=\"og:image:type\" content=\"image\/jpeg\" \/>\n<script type=\"application\/ld+json\" class=\"yoast-schema-graph\">{\"@context\":\"https:\\\/\\\/schema.org\",\"@graph\":[{\"@type\":\"WebPage\",\"@id\":\"https:\\\/\\\/naturalpoland.com\\\/cs\\\/produkty\\\/produkty-pro-potravinarsky-prumysl\\\/jedle-oleje\\\/olej-z-borovicovych-semen\\\/\",\"url\":\"https:\\\/\\\/naturalpoland.com\\\/cs\\\/produkty\\\/produkty-pro-potravinarsky-prumysl\\\/jedle-oleje\\\/olej-z-borovicovych-semen\\\/\",\"name\":\"Olej ze semen \u0161pen\u00e1tu - Velkoobchodn\u00ed distributor\",\"isPartOf\":{\"@id\":\"https:\\\/\\\/naturalpoland.com\\\/cs\\\/#website\"},\"primaryImageOfPage\":{\"@id\":\"https:\\\/\\\/naturalpoland.com\\\/cs\\\/produkty\\\/produkty-pro-potravinarsky-prumysl\\\/jedle-oleje\\\/olej-z-borovicovych-semen\\\/#primaryimage\"},\"image\":{\"@id\":\"https:\\\/\\\/naturalpoland.com\\\/cs\\\/produkty\\\/produkty-pro-potravinarsky-prumysl\\\/jedle-oleje\\\/olej-z-borovicovych-semen\\\/#primaryimage\"},\"thumbnailUrl\":\"https:\\\/\\\/naturalpoland.com\\\/wp-content\\\/uploads\\\/2022\\\/10\\\/olej-z-nasion-szpinaku.jpg\",\"datePublished\":\"2022-10-19T14:03:03+00:00\",\"dateModified\":\"2025-02-04T13:35:32+00:00\",\"description\":\"Za studena lisovan\u00fd olej ze semen \u0161pen\u00e1tu je v\u0161estrann\u00e1 p\u0159\u00edsada, kter\u00e1 se pou\u017e\u00edv\u00e1 v kosmetick\u00e9m i potravin\u00e1\u0159sk\u00e9m pr\u016fmyslu.\",\"breadcrumb\":{\"@id\":\"https:\\\/\\\/naturalpoland.com\\\/cs\\\/produkty\\\/produkty-pro-potravinarsky-prumysl\\\/jedle-oleje\\\/olej-z-borovicovych-semen\\\/#breadcrumb\"},\"inLanguage\":\"cs\",\"potentialAction\":[{\"@type\":\"ReadAction\",\"target\":[\"https:\\\/\\\/naturalpoland.com\\\/cs\\\/produkty\\\/produkty-pro-potravinarsky-prumysl\\\/jedle-oleje\\\/olej-z-borovicovych-semen\\\/\"]}]},{\"@type\":\"ImageObject\",\"inLanguage\":\"cs\",\"@id\":\"https:\\\/\\\/naturalpoland.com\\\/cs\\\/produkty\\\/produkty-pro-potravinarsky-prumysl\\\/jedle-oleje\\\/olej-z-borovicovych-semen\\\/#primaryimage\",\"url\":\"https:\\\/\\\/naturalpoland.com\\\/wp-content\\\/uploads\\\/2022\\\/10\\\/olej-z-nasion-szpinaku.jpg\",\"contentUrl\":\"https:\\\/\\\/naturalpoland.com\\\/wp-content\\\/uploads\\\/2022\\\/10\\\/olej-z-nasion-szpinaku.jpg\",\"width\":800,\"height\":800,\"caption\":\"olej ze semen \u0161pen\u00e1tu\"},{\"@type\":\"BreadcrumbList\",\"@id\":\"https:\\\/\\\/naturalpoland.com\\\/cs\\\/produkty\\\/produkty-pro-potravinarsky-prumysl\\\/jedle-oleje\\\/olej-z-borovicovych-semen\\\/#breadcrumb\",\"itemListElement\":[{\"@type\":\"ListItem\",\"position\":1,\"name\":\"Dom\u016f\",\"item\":\"https:\\\/\\\/naturalpoland.com\\\/cs\\\/\"},{\"@type\":\"ListItem\",\"position\":2,\"name\":\"Produkty\",\"item\":\"https:\\\/\\\/naturalpoland.com\\\/cs\\\/produkty\\\/\"},{\"@type\":\"ListItem\",\"position\":3,\"name\":\"Olej ze semen \u0161pen\u00e1tu\"}]},{\"@type\":\"WebSite\",\"@id\":\"https:\\\/\\\/naturalpoland.com\\\/cs\\\/#website\",\"url\":\"https:\\\/\\\/naturalpoland.com\\\/cs\\\/\",\"name\":\"NATURAL POLAND - Velkoobchodn\u00ed distributor surovin\",\"description\":\"Surowce dla przemys\u0142u spo\u017cywczego, kosmetycznego i farmaceutycznego\",\"publisher\":{\"@id\":\"https:\\\/\\\/naturalpoland.com\\\/cs\\\/#organization\"},\"potentialAction\":[{\"@type\":\"SearchAction\",\"target\":{\"@type\":\"EntryPoint\",\"urlTemplate\":\"https:\\\/\\\/naturalpoland.com\\\/cs\\\/?s={search_term_string}\"},\"query-input\":{\"@type\":\"PropertyValueSpecification\",\"valueRequired\":true,\"valueName\":\"search_term_string\"}}],\"inLanguage\":\"cs\"},{\"@type\":\"Organization\",\"@id\":\"https:\\\/\\\/naturalpoland.com\\\/cs\\\/#organization\",\"name\":\"Natural Poland\",\"url\":\"https:\\\/\\\/naturalpoland.com\\\/cs\\\/\",\"logo\":{\"@type\":\"ImageObject\",\"inLanguage\":\"cs\",\"@id\":\"https:\\\/\\\/naturalpoland.com\\\/cs\\\/#\\\/schema\\\/logo\\\/image\\\/\",\"url\":\"https:\\\/\\\/naturalpoland.com\\\/wp-content\\\/uploads\\\/2021\\\/05\\\/natural-poland-icon.png\",\"contentUrl\":\"https:\\\/\\\/naturalpoland.com\\\/wp-content\\\/uploads\\\/2021\\\/05\\\/natural-poland-icon.png\",\"width\":512,\"height\":512,\"caption\":\"Natural Poland\"},\"image\":{\"@id\":\"https:\\\/\\\/naturalpoland.com\\\/cs\\\/#\\\/schema\\\/logo\\\/image\\\/\"},\"sameAs\":[\"https:\\\/\\\/www.facebook.com\\\/naturalpoland.b2b\",\"https:\\\/\\\/pl.linkedin.com\\\/company\\\/natural-poland\",\"https:\\\/\\\/www.youtube.com\\\/channel\\\/UCgeGGkvOMahZo-xu_MSEWxg\"]}]}<\/script>\n<!-- \/ Yoast SEO plugin. -->","yoast_head_json":{"title":"Olej ze semen \u0161pen\u00e1tu - Velkoobchodn\u00ed distributor","description":"Za studena lisovan\u00fd olej ze semen \u0161pen\u00e1tu je v\u0161estrann\u00e1 p\u0159\u00edsada, kter\u00e1 se pou\u017e\u00edv\u00e1 v kosmetick\u00e9m i potravin\u00e1\u0159sk\u00e9m pr\u016fmyslu.","robots":{"index":"index","follow":"follow","max-snippet":"max-snippet:-1","max-image-preview":"max-image-preview:large","max-video-preview":"max-video-preview:-1"},"canonical":"https:\/\/naturalpoland.com\/cs\/produkty\/produkty-pro-potravinarsky-prumysl\/jedle-oleje\/olej-z-borovicovych-semen\/","og_locale":"cs_CZ","og_type":"article","og_title":"Olej ze semen \u0161pen\u00e1tu - Velkoobchodn\u00ed distributor","og_description":"Za studena lisovan\u00fd olej ze semen \u0161pen\u00e1tu je v\u0161estrann\u00e1 p\u0159\u00edsada, kter\u00e1 se pou\u017e\u00edv\u00e1 v kosmetick\u00e9m i potravin\u00e1\u0159sk\u00e9m pr\u016fmyslu.","og_url":"https:\/\/naturalpoland.com\/cs\/produkty\/produkty-pro-potravinarsky-prumysl\/jedle-oleje\/olej-z-borovicovych-semen\/","og_site_name":"NATURAL POLAND - Velkoobchodn\u00ed distributor surovin","article_publisher":"https:\/\/www.facebook.com\/naturalpoland.b2b","article_modified_time":"2025-02-04T13:35:32+00:00","og_image":[{"width":800,"height":800,"url":"https:\/\/naturalpoland.com\/wp-content\/uploads\/2022\/10\/olej-z-nasion-szpinaku.jpg","type":"image\/jpeg"}],"schema":{"@context":"https:\/\/schema.org","@graph":[{"@type":"WebPage","@id":"https:\/\/naturalpoland.com\/cs\/produkty\/produkty-pro-potravinarsky-prumysl\/jedle-oleje\/olej-z-borovicovych-semen\/","url":"https:\/\/naturalpoland.com\/cs\/produkty\/produkty-pro-potravinarsky-prumysl\/jedle-oleje\/olej-z-borovicovych-semen\/","name":"Olej ze semen \u0161pen\u00e1tu - Velkoobchodn\u00ed distributor","isPartOf":{"@id":"https:\/\/naturalpoland.com\/cs\/#website"},"primaryImageOfPage":{"@id":"https:\/\/naturalpoland.com\/cs\/produkty\/produkty-pro-potravinarsky-prumysl\/jedle-oleje\/olej-z-borovicovych-semen\/#primaryimage"},"image":{"@id":"https:\/\/naturalpoland.com\/cs\/produkty\/produkty-pro-potravinarsky-prumysl\/jedle-oleje\/olej-z-borovicovych-semen\/#primaryimage"},"thumbnailUrl":"https:\/\/naturalpoland.com\/wp-content\/uploads\/2022\/10\/olej-z-nasion-szpinaku.jpg","datePublished":"2022-10-19T14:03:03+00:00","dateModified":"2025-02-04T13:35:32+00:00","description":"Za studena lisovan\u00fd olej ze semen \u0161pen\u00e1tu je v\u0161estrann\u00e1 p\u0159\u00edsada, kter\u00e1 se pou\u017e\u00edv\u00e1 v kosmetick\u00e9m i potravin\u00e1\u0159sk\u00e9m pr\u016fmyslu.","breadcrumb":{"@id":"https:\/\/naturalpoland.com\/cs\/produkty\/produkty-pro-potravinarsky-prumysl\/jedle-oleje\/olej-z-borovicovych-semen\/#breadcrumb"},"inLanguage":"cs","potentialAction":[{"@type":"ReadAction","target":["https:\/\/naturalpoland.com\/cs\/produkty\/produkty-pro-potravinarsky-prumysl\/jedle-oleje\/olej-z-borovicovych-semen\/"]}]},{"@type":"ImageObject","inLanguage":"cs","@id":"https:\/\/naturalpoland.com\/cs\/produkty\/produkty-pro-potravinarsky-prumysl\/jedle-oleje\/olej-z-borovicovych-semen\/#primaryimage","url":"https:\/\/naturalpoland.com\/wp-content\/uploads\/2022\/10\/olej-z-nasion-szpinaku.jpg","contentUrl":"https:\/\/naturalpoland.com\/wp-content\/uploads\/2022\/10\/olej-z-nasion-szpinaku.jpg","width":800,"height":800,"caption":"olej ze semen \u0161pen\u00e1tu"},{"@type":"BreadcrumbList","@id":"https:\/\/naturalpoland.com\/cs\/produkty\/produkty-pro-potravinarsky-prumysl\/jedle-oleje\/olej-z-borovicovych-semen\/#breadcrumb","itemListElement":[{"@type":"ListItem","position":1,"name":"Dom\u016f","item":"https:\/\/naturalpoland.com\/cs\/"},{"@type":"ListItem","position":2,"name":"Produkty","item":"https:\/\/naturalpoland.com\/cs\/produkty\/"},{"@type":"ListItem","position":3,"name":"Olej ze semen \u0161pen\u00e1tu"}]},{"@type":"WebSite","@id":"https:\/\/naturalpoland.com\/cs\/#website","url":"https:\/\/naturalpoland.com\/cs\/","name":"NATURAL POLAND - Velkoobchodn\u00ed distributor surovin","description":"Surowce dla przemys\u0142u spo\u017cywczego, kosmetycznego i farmaceutycznego","publisher":{"@id":"https:\/\/naturalpoland.com\/cs\/#organization"},"potentialAction":[{"@type":"SearchAction","target":{"@type":"EntryPoint","urlTemplate":"https:\/\/naturalpoland.com\/cs\/?s={search_term_string}"},"query-input":{"@type":"PropertyValueSpecification","valueRequired":true,"valueName":"search_term_string"}}],"inLanguage":"cs"},{"@type":"Organization","@id":"https:\/\/naturalpoland.com\/cs\/#organization","name":"Natural Poland","url":"https:\/\/naturalpoland.com\/cs\/","logo":{"@type":"ImageObject","inLanguage":"cs","@id":"https:\/\/naturalpoland.com\/cs\/#\/schema\/logo\/image\/","url":"https:\/\/naturalpoland.com\/wp-content\/uploads\/2021\/05\/natural-poland-icon.png","contentUrl":"https:\/\/naturalpoland.com\/wp-content\/uploads\/2021\/05\/natural-poland-icon.png","width":512,"height":512,"caption":"Natural Poland"},"image":{"@id":"https:\/\/naturalpoland.com\/cs\/#\/schema\/logo\/image\/"},"sameAs":["https:\/\/www.facebook.com\/naturalpoland.b2b","https:\/\/pl.linkedin.com\/company\/natural-poland","https:\/\/www.youtube.com\/channel\/UCgeGGkvOMahZo-xu_MSEWxg"]}]}},"_links":{"self":[{"href":"https:\/\/naturalpoland.com\/cs\/wp-json\/wp\/v2\/product\/20137","targetHints":{"allow":["GET"]}}],"collection":[{"href":"https:\/\/naturalpoland.com\/cs\/wp-json\/wp\/v2\/product"}],"about":[{"href":"https:\/\/naturalpoland.com\/cs\/wp-json\/wp\/v2\/types\/product"}],"wp:featuredmedia":[{"embeddable":true,"href":"https:\/\/naturalpoland.com\/cs\/wp-json\/wp\/v2\/media\/19644"}],"wp:attachment":[{"href":"https:\/\/naturalpoland.com\/cs\/wp-json\/wp\/v2\/media?parent=20137"}],"wp:term":[{"taxonomy":"product_brand","embeddable":true,"href":"https:\/\/naturalpoland.com\/cs\/wp-json\/wp\/v2\/product_brand?post=20137"},{"taxonomy":"product_cat","embeddable":true,"href":"https:\/\/naturalpoland.com\/cs\/wp-json\/wp\/v2\/product_cat?post=20137"},{"taxonomy":"product_tag","embeddable":true,"href":"https:\/\/naturalpoland.com\/cs\/wp-json\/wp\/v2\/product_tag?post=20137"}],"curies":[{"name":"wp","href":"https:\/\/api.w.org\/{rel}","templated":true}]}}