{"id":20697,"date":"2023-01-17T12:07:05","date_gmt":"2023-01-17T11:29:25","guid":{"rendered":"https:\/\/naturalpoland.pl\/produkty\/nezarazene\/olej-z-trescich-jater\/"},"modified":"2023-01-17T12:29:25","modified_gmt":"2023-01-17T11:29:25","slug":"olej-z-jaterni-orchideje","status":"publish","type":"product","link":"https:\/\/naturalpoland.com\/cs\/produkty\/produkty-pro-potravinarsky-prumysl\/jedle-oleje\/olej-z-jaterni-orchideje\/","title":{"rendered":"Olej z tres\u010d\u00edch jater"},"content":{"rendered":"<p>Olej z tres\u010d\u00edch jater se vyr\u00e1b\u00ed \u0161etrn\u00fdm \u010di\u0161t\u011bn\u00edm tres\u010d\u00edch jater. P\u0159esn\u00fd obsah \u017eivin se li\u0161\u00ed v z\u00e1vislosti na druhu ryby a m\u00edst\u011b jej\u00edho lovu. P\u0159\u00edrodn\u00ed olej z tres\u010d\u00edch jater obsahuje<strong> v\u00edce ne\u017e 50 r\u016fzn\u00fdch mastn\u00fdch kyselin<\/strong> a je cenn\u00fdm <strong>zdrojem vitaminu D a vitaminu A<\/strong>. Jedn\u00edm z nejv\u011bt\u0161\u00edch dodavatel\u016f t\u011bchto ryb je Norsko, jeho\u017e obyvatel\u00e9 v zim\u011b u\u017e\u00edvaj\u00ed olej z tres\u010d\u00edch jater, aby p\u0159ede\u0161li nedostatku vitaminu D.<\/p>\n<h3>Olej bohat\u00fd na omega 3 mastn\u00e9 kyseliny<\/h3>\n<p>Polynenasycen\u00e9 mastn\u00e9 kyseliny omega-3 jsou esenci\u00e1ln\u00ed \u017eiviny, kter\u00e9 se v lidsk\u00e9m t\u011ble nesyntetizuj\u00ed, a proto mus\u00ed b\u00fdt dod\u00e1v\u00e1ny potravou. Hlavn\u00edmi omega 3 mastn\u00fdmi kyselinami jsou<strong> kyselina eikosapentaenov\u00e1 (EPA<\/strong>), kyselina <strong>dokosapentaenov\u00e1<\/strong> a<strong> kyselina dokosahexaenov\u00e1 (DHA)<\/strong>, kter\u00e9 se nach\u00e1zej\u00ed zejm\u00e9na v tu\u010dn\u00fdch ryb\u00e1ch a mo\u0159sk\u00fdch plodech.<\/p>\n<h3>Olej z tres\u010d\u00edch jater &#8211; l\u00e9\u010div\u00e9 vlastnosti<\/h3>\n<p>Jako bohat\u00fd zdroj omega 3 mastn\u00fdch kyselin m\u00e1 olej z tres\u010d\u00edch jater l\u00e9\u010debn\u00fd \u00fa\u010dinek na mnoho onemocn\u011bn\u00ed, v\u010detn\u011b kardiovaskul\u00e1rn\u00edch chorob, cukrovky nebo deprese. Krom\u011b toho mnoho v\u011bdeck\u00fdch prac\u00ed tak\u00e9 ukazuje p\u0159\u00edzniv\u00e9 \u00fa\u010dinky oleje z tres\u010d\u00edch jater na hojen\u00ed ran.<\/p>\n","protected":false},"excerpt":{"rendered":"<p>Olej z tres\u010d\u00edch jater se vyr\u00e1b\u00ed z <strong>voln\u011b \u017eij\u00edc\u00ed tresky obecn\u00e9<\/strong><em>(Gadus Morhua)<\/em>. Jedn\u00edm z nejv\u011bt\u0161\u00edch dodavatel\u016f t\u011bchto ryb je Norsko. Treska obecn\u00e1 je lovena v Norsku v r\u00e1mci udr\u017eiteln\u00e9ho rybolovu s certifik\u00e1tem MSC.<\/p>\n","protected":false},"featured_media":20688,"template":"","meta":{"_acf_changed":false},"product_brand":[],"product_cat":[640,629],"product_tag":[],"class_list":{"0":"post-20697","1":"product","2":"type-product","3":"status-publish","4":"has-post-thumbnail","6":"product_cat-jedle-oleje","7":"product_cat-pridavky-k-doplnkum-stravy","9":"first","10":"instock","11":"shipping-taxable","12":"product-type-simple"},"acf":[],"yoast_head":"<!-- This site is optimized with the Yoast SEO plugin v27.5 - https:\/\/yoast.com\/product\/yoast-seo-wordpress\/ -->\n<title>Olej z tres\u010d\u00edch jater - Velkoobchodn\u00ed distributor<\/title>\n<meta name=\"description\" content=\"Olej z tres\u010d\u00edch jater se vyr\u00e1b\u00ed z voln\u011b \u017eij\u00edc\u00ed tresky obecn\u00e9 (Gadus Morhua). Jedn\u00edm z nejv\u011bt\u0161\u00edch dodavatel\u016f t\u011bchto ryb je Norsko.\" \/>\n<meta name=\"robots\" content=\"index, follow, max-snippet:-1, max-image-preview:large, max-video-preview:-1\" \/>\n<link rel=\"canonical\" href=\"https:\/\/naturalpoland.com\/cs\/produkty\/produkty-pro-potravinarsky-prumysl\/jedle-oleje\/olej-z-jaterni-orchideje\/\" \/>\n<meta property=\"og:locale\" content=\"cs_CZ\" \/>\n<meta property=\"og:type\" content=\"article\" \/>\n<meta property=\"og:title\" content=\"Olej z tres\u010d\u00edch jater - Velkoobchodn\u00ed distributor\" \/>\n<meta property=\"og:description\" content=\"Olej z tres\u010d\u00edch jater se vyr\u00e1b\u00ed z voln\u011b \u017eij\u00edc\u00ed tresky obecn\u00e9 (Gadus Morhua). Jedn\u00edm z nejv\u011bt\u0161\u00edch dodavatel\u016f t\u011bchto ryb je Norsko.\" \/>\n<meta property=\"og:url\" content=\"https:\/\/naturalpoland.com\/cs\/produkty\/produkty-pro-potravinarsky-prumysl\/jedle-oleje\/olej-z-jaterni-orchideje\/\" \/>\n<meta property=\"og:site_name\" content=\"NATURAL POLAND - Velkoobchodn\u00ed distributor surovin\" \/>\n<meta property=\"article:publisher\" content=\"https:\/\/www.facebook.com\/naturalpoland.b2b\" \/>\n<meta property=\"og:image\" content=\"https:\/\/naturalpoland.com\/wp-content\/uploads\/olej-z-watroby-dorsza.jpg\" \/>\n\t<meta property=\"og:image:width\" content=\"700\" \/>\n\t<meta property=\"og:image:height\" content=\"700\" \/>\n\t<meta property=\"og:image:type\" content=\"image\/jpeg\" \/>\n<script type=\"application\/ld+json\" class=\"yoast-schema-graph\">{\"@context\":\"https:\\\/\\\/schema.org\",\"@graph\":[{\"@type\":\"WebPage\",\"@id\":\"https:\\\/\\\/naturalpoland.com\\\/cs\\\/produkty\\\/produkty-pro-potravinarsky-prumysl\\\/jedle-oleje\\\/olej-z-jaterni-orchideje\\\/\",\"url\":\"https:\\\/\\\/naturalpoland.com\\\/cs\\\/produkty\\\/produkty-pro-potravinarsky-prumysl\\\/jedle-oleje\\\/olej-z-jaterni-orchideje\\\/\",\"name\":\"Olej z tres\u010d\u00edch jater - Velkoobchodn\u00ed distributor\",\"isPartOf\":{\"@id\":\"https:\\\/\\\/naturalpoland.com\\\/cs\\\/#website\"},\"primaryImageOfPage\":{\"@id\":\"https:\\\/\\\/naturalpoland.com\\\/cs\\\/produkty\\\/produkty-pro-potravinarsky-prumysl\\\/jedle-oleje\\\/olej-z-jaterni-orchideje\\\/#primaryimage\"},\"image\":{\"@id\":\"https:\\\/\\\/naturalpoland.com\\\/cs\\\/produkty\\\/produkty-pro-potravinarsky-prumysl\\\/jedle-oleje\\\/olej-z-jaterni-orchideje\\\/#primaryimage\"},\"thumbnailUrl\":\"https:\\\/\\\/naturalpoland.com\\\/wp-content\\\/uploads\\\/olej-z-watroby-dorsza.jpg\",\"datePublished\":\"2023-01-17T11:29:25+00:00\",\"description\":\"Olej z tres\u010d\u00edch jater se vyr\u00e1b\u00ed z voln\u011b \u017eij\u00edc\u00ed tresky obecn\u00e9 (Gadus Morhua). Jedn\u00edm z nejv\u011bt\u0161\u00edch dodavatel\u016f t\u011bchto ryb je Norsko.\",\"breadcrumb\":{\"@id\":\"https:\\\/\\\/naturalpoland.com\\\/cs\\\/produkty\\\/produkty-pro-potravinarsky-prumysl\\\/jedle-oleje\\\/olej-z-jaterni-orchideje\\\/#breadcrumb\"},\"inLanguage\":\"cs\",\"potentialAction\":[{\"@type\":\"ReadAction\",\"target\":[\"https:\\\/\\\/naturalpoland.com\\\/cs\\\/produkty\\\/produkty-pro-potravinarsky-prumysl\\\/jedle-oleje\\\/olej-z-jaterni-orchideje\\\/\"]}]},{\"@type\":\"ImageObject\",\"inLanguage\":\"cs\",\"@id\":\"https:\\\/\\\/naturalpoland.com\\\/cs\\\/produkty\\\/produkty-pro-potravinarsky-prumysl\\\/jedle-oleje\\\/olej-z-jaterni-orchideje\\\/#primaryimage\",\"url\":\"https:\\\/\\\/naturalpoland.com\\\/wp-content\\\/uploads\\\/olej-z-watroby-dorsza.jpg\",\"contentUrl\":\"https:\\\/\\\/naturalpoland.com\\\/wp-content\\\/uploads\\\/olej-z-watroby-dorsza.jpg\",\"width\":700,\"height\":700,\"caption\":\"olej z tres\u010d\u00edch jater\"},{\"@type\":\"BreadcrumbList\",\"@id\":\"https:\\\/\\\/naturalpoland.com\\\/cs\\\/produkty\\\/produkty-pro-potravinarsky-prumysl\\\/jedle-oleje\\\/olej-z-jaterni-orchideje\\\/#breadcrumb\",\"itemListElement\":[{\"@type\":\"ListItem\",\"position\":1,\"name\":\"Dom\u016f\",\"item\":\"https:\\\/\\\/naturalpoland.com\\\/cs\\\/\"},{\"@type\":\"ListItem\",\"position\":2,\"name\":\"Produkty\",\"item\":\"https:\\\/\\\/naturalpoland.com\\\/cs\\\/produkty\\\/\"},{\"@type\":\"ListItem\",\"position\":3,\"name\":\"Olej z tres\u010d\u00edch jater\"}]},{\"@type\":\"WebSite\",\"@id\":\"https:\\\/\\\/naturalpoland.com\\\/cs\\\/#website\",\"url\":\"https:\\\/\\\/naturalpoland.com\\\/cs\\\/\",\"name\":\"NATURAL POLAND - Velkoobchodn\u00ed distributor surovin\",\"description\":\"Surowce dla przemys\u0142u spo\u017cywczego, kosmetycznego i farmaceutycznego\",\"publisher\":{\"@id\":\"https:\\\/\\\/naturalpoland.com\\\/cs\\\/#organization\"},\"potentialAction\":[{\"@type\":\"SearchAction\",\"target\":{\"@type\":\"EntryPoint\",\"urlTemplate\":\"https:\\\/\\\/naturalpoland.com\\\/cs\\\/?s={search_term_string}\"},\"query-input\":{\"@type\":\"PropertyValueSpecification\",\"valueRequired\":true,\"valueName\":\"search_term_string\"}}],\"inLanguage\":\"cs\"},{\"@type\":\"Organization\",\"@id\":\"https:\\\/\\\/naturalpoland.com\\\/cs\\\/#organization\",\"name\":\"Natural Poland\",\"url\":\"https:\\\/\\\/naturalpoland.com\\\/cs\\\/\",\"logo\":{\"@type\":\"ImageObject\",\"inLanguage\":\"cs\",\"@id\":\"https:\\\/\\\/naturalpoland.com\\\/cs\\\/#\\\/schema\\\/logo\\\/image\\\/\",\"url\":\"https:\\\/\\\/naturalpoland.com\\\/wp-content\\\/uploads\\\/2021\\\/05\\\/natural-poland-icon.png\",\"contentUrl\":\"https:\\\/\\\/naturalpoland.com\\\/wp-content\\\/uploads\\\/2021\\\/05\\\/natural-poland-icon.png\",\"width\":512,\"height\":512,\"caption\":\"Natural Poland\"},\"image\":{\"@id\":\"https:\\\/\\\/naturalpoland.com\\\/cs\\\/#\\\/schema\\\/logo\\\/image\\\/\"},\"sameAs\":[\"https:\\\/\\\/www.facebook.com\\\/naturalpoland.b2b\",\"https:\\\/\\\/pl.linkedin.com\\\/company\\\/natural-poland\",\"https:\\\/\\\/www.youtube.com\\\/channel\\\/UCgeGGkvOMahZo-xu_MSEWxg\"]}]}<\/script>\n<!-- \/ Yoast SEO plugin. -->","yoast_head_json":{"title":"Olej z tres\u010d\u00edch jater - Velkoobchodn\u00ed distributor","description":"Olej z tres\u010d\u00edch jater se vyr\u00e1b\u00ed z voln\u011b \u017eij\u00edc\u00ed tresky obecn\u00e9 (Gadus Morhua). Jedn\u00edm z nejv\u011bt\u0161\u00edch dodavatel\u016f t\u011bchto ryb je Norsko.","robots":{"index":"index","follow":"follow","max-snippet":"max-snippet:-1","max-image-preview":"max-image-preview:large","max-video-preview":"max-video-preview:-1"},"canonical":"https:\/\/naturalpoland.com\/cs\/produkty\/produkty-pro-potravinarsky-prumysl\/jedle-oleje\/olej-z-jaterni-orchideje\/","og_locale":"cs_CZ","og_type":"article","og_title":"Olej z tres\u010d\u00edch jater - Velkoobchodn\u00ed distributor","og_description":"Olej z tres\u010d\u00edch jater se vyr\u00e1b\u00ed z voln\u011b \u017eij\u00edc\u00ed tresky obecn\u00e9 (Gadus Morhua). Jedn\u00edm z nejv\u011bt\u0161\u00edch dodavatel\u016f t\u011bchto ryb je Norsko.","og_url":"https:\/\/naturalpoland.com\/cs\/produkty\/produkty-pro-potravinarsky-prumysl\/jedle-oleje\/olej-z-jaterni-orchideje\/","og_site_name":"NATURAL POLAND - Velkoobchodn\u00ed distributor surovin","article_publisher":"https:\/\/www.facebook.com\/naturalpoland.b2b","og_image":[{"width":700,"height":700,"url":"https:\/\/naturalpoland.com\/wp-content\/uploads\/olej-z-watroby-dorsza.jpg","type":"image\/jpeg"}],"schema":{"@context":"https:\/\/schema.org","@graph":[{"@type":"WebPage","@id":"https:\/\/naturalpoland.com\/cs\/produkty\/produkty-pro-potravinarsky-prumysl\/jedle-oleje\/olej-z-jaterni-orchideje\/","url":"https:\/\/naturalpoland.com\/cs\/produkty\/produkty-pro-potravinarsky-prumysl\/jedle-oleje\/olej-z-jaterni-orchideje\/","name":"Olej z tres\u010d\u00edch jater - Velkoobchodn\u00ed distributor","isPartOf":{"@id":"https:\/\/naturalpoland.com\/cs\/#website"},"primaryImageOfPage":{"@id":"https:\/\/naturalpoland.com\/cs\/produkty\/produkty-pro-potravinarsky-prumysl\/jedle-oleje\/olej-z-jaterni-orchideje\/#primaryimage"},"image":{"@id":"https:\/\/naturalpoland.com\/cs\/produkty\/produkty-pro-potravinarsky-prumysl\/jedle-oleje\/olej-z-jaterni-orchideje\/#primaryimage"},"thumbnailUrl":"https:\/\/naturalpoland.com\/wp-content\/uploads\/olej-z-watroby-dorsza.jpg","datePublished":"2023-01-17T11:29:25+00:00","description":"Olej z tres\u010d\u00edch jater se vyr\u00e1b\u00ed z voln\u011b \u017eij\u00edc\u00ed tresky obecn\u00e9 (Gadus Morhua). Jedn\u00edm z nejv\u011bt\u0161\u00edch dodavatel\u016f t\u011bchto ryb je Norsko.","breadcrumb":{"@id":"https:\/\/naturalpoland.com\/cs\/produkty\/produkty-pro-potravinarsky-prumysl\/jedle-oleje\/olej-z-jaterni-orchideje\/#breadcrumb"},"inLanguage":"cs","potentialAction":[{"@type":"ReadAction","target":["https:\/\/naturalpoland.com\/cs\/produkty\/produkty-pro-potravinarsky-prumysl\/jedle-oleje\/olej-z-jaterni-orchideje\/"]}]},{"@type":"ImageObject","inLanguage":"cs","@id":"https:\/\/naturalpoland.com\/cs\/produkty\/produkty-pro-potravinarsky-prumysl\/jedle-oleje\/olej-z-jaterni-orchideje\/#primaryimage","url":"https:\/\/naturalpoland.com\/wp-content\/uploads\/olej-z-watroby-dorsza.jpg","contentUrl":"https:\/\/naturalpoland.com\/wp-content\/uploads\/olej-z-watroby-dorsza.jpg","width":700,"height":700,"caption":"olej z tres\u010d\u00edch jater"},{"@type":"BreadcrumbList","@id":"https:\/\/naturalpoland.com\/cs\/produkty\/produkty-pro-potravinarsky-prumysl\/jedle-oleje\/olej-z-jaterni-orchideje\/#breadcrumb","itemListElement":[{"@type":"ListItem","position":1,"name":"Dom\u016f","item":"https:\/\/naturalpoland.com\/cs\/"},{"@type":"ListItem","position":2,"name":"Produkty","item":"https:\/\/naturalpoland.com\/cs\/produkty\/"},{"@type":"ListItem","position":3,"name":"Olej z tres\u010d\u00edch jater"}]},{"@type":"WebSite","@id":"https:\/\/naturalpoland.com\/cs\/#website","url":"https:\/\/naturalpoland.com\/cs\/","name":"NATURAL POLAND - Velkoobchodn\u00ed distributor surovin","description":"Surowce dla przemys\u0142u spo\u017cywczego, kosmetycznego i farmaceutycznego","publisher":{"@id":"https:\/\/naturalpoland.com\/cs\/#organization"},"potentialAction":[{"@type":"SearchAction","target":{"@type":"EntryPoint","urlTemplate":"https:\/\/naturalpoland.com\/cs\/?s={search_term_string}"},"query-input":{"@type":"PropertyValueSpecification","valueRequired":true,"valueName":"search_term_string"}}],"inLanguage":"cs"},{"@type":"Organization","@id":"https:\/\/naturalpoland.com\/cs\/#organization","name":"Natural Poland","url":"https:\/\/naturalpoland.com\/cs\/","logo":{"@type":"ImageObject","inLanguage":"cs","@id":"https:\/\/naturalpoland.com\/cs\/#\/schema\/logo\/image\/","url":"https:\/\/naturalpoland.com\/wp-content\/uploads\/2021\/05\/natural-poland-icon.png","contentUrl":"https:\/\/naturalpoland.com\/wp-content\/uploads\/2021\/05\/natural-poland-icon.png","width":512,"height":512,"caption":"Natural Poland"},"image":{"@id":"https:\/\/naturalpoland.com\/cs\/#\/schema\/logo\/image\/"},"sameAs":["https:\/\/www.facebook.com\/naturalpoland.b2b","https:\/\/pl.linkedin.com\/company\/natural-poland","https:\/\/www.youtube.com\/channel\/UCgeGGkvOMahZo-xu_MSEWxg"]}]}},"_links":{"self":[{"href":"https:\/\/naturalpoland.com\/cs\/wp-json\/wp\/v2\/product\/20697","targetHints":{"allow":["GET"]}}],"collection":[{"href":"https:\/\/naturalpoland.com\/cs\/wp-json\/wp\/v2\/product"}],"about":[{"href":"https:\/\/naturalpoland.com\/cs\/wp-json\/wp\/v2\/types\/product"}],"wp:featuredmedia":[{"embeddable":true,"href":"https:\/\/naturalpoland.com\/cs\/wp-json\/wp\/v2\/media\/20688"}],"wp:attachment":[{"href":"https:\/\/naturalpoland.com\/cs\/wp-json\/wp\/v2\/media?parent=20697"}],"wp:term":[{"taxonomy":"product_brand","embeddable":true,"href":"https:\/\/naturalpoland.com\/cs\/wp-json\/wp\/v2\/product_brand?post=20697"},{"taxonomy":"product_cat","embeddable":true,"href":"https:\/\/naturalpoland.com\/cs\/wp-json\/wp\/v2\/product_cat?post=20697"},{"taxonomy":"product_tag","embeddable":true,"href":"https:\/\/naturalpoland.com\/cs\/wp-json\/wp\/v2\/product_tag?post=20697"}],"curies":[{"name":"wp","href":"https:\/\/api.w.org\/{rel}","templated":true}]}}