{"id":21124,"date":"2023-03-20T16:11:39","date_gmt":"2023-03-20T15:11:39","guid":{"rendered":"https:\/\/naturalpoland.pl\/produkty\/nezarazene\/mednate-peptidy\/"},"modified":"2024-10-10T15:34:07","modified_gmt":"2024-10-10T13:34:07","slug":"peptidy-med","status":"publish","type":"product","link":"https:\/\/naturalpoland.com\/cs\/produkty\/produkty-pro-kosmeticky-prumysl\/kosmeticke-suroviny\/peptidy-med\/","title":{"rendered":"M\u011b\u010fnat\u00e9 peptidy"},"content":{"rendered":"<h2>Vlastnosti<\/h2>\n<p>M\u011b\u010fnat\u00e9 peptidy GHK-Cu jsou p\u0159irozen\u011b se vyskytuj\u00edc\u00ed tripeptidy (glycin-histidin-lysin) v lidsk\u00e9m t\u011ble, kter\u00e9 vykazuj\u00ed schopnost v\u00e1zat m\u011b\u010f. Pr\u00e1v\u011b s t\u00edmto prvkem, kter\u00fd je nezbytn\u00fd pro spr\u00e1vn\u00e9 fungov\u00e1n\u00ed organismu, souvis\u00ed biologick\u00e1 aktivita peptid\u016f m\u011bdi.<\/p>\n<p>Vazbou iont\u016f a modulac\u00ed hladiny m\u011bdi v tk\u00e1n\u00edch GHK-Cu vykazuje schopnost<strong> zvy\u0161ovat synt\u00e9zu kolagenu<\/strong>, <strong>stimulovat regeneraci a expanzi c\u00e9v a nerv\u016f<\/strong>, zlep\u0161ovat synt\u00e9zu elastinu a p\u0159\u00edzniv\u011b p\u016fsobit na fibroblasty buduj\u00edc\u00ed poko\u017eku. D\u00e1le byly pozorov\u00e1ny <strong>protiz\u00e1n\u011btliv\u00e9<\/strong> a <strong>protin\u00e1dorov\u00e9<\/strong> \u00fa\u010dinky m\u011b\u010fnat\u00fdch peptid\u016f.<\/p>\n<h2>Aplikace<\/h2>\n<p>D\u00edky p\u0159\u00edzniv\u00fdm \u00fa\u010dink\u016fm na lidskou poko\u017eku maj\u00ed m\u011b\u010fnat\u00e9 peptidy mnohostrann\u00e9 vyu\u017eit\u00ed <strong>v kosmetice<\/strong>. To zahrnuje nejen typick\u00e9 vlastnosti p\u00e9\u010de o ple\u0165, zlep\u0161ov\u00e1n\u00ed pevnosti pleti, vyhlazov\u00e1n\u00ed vr\u00e1sek a zlep\u0161ov\u00e1n\u00ed t\u00f3nu pleti. GHK-Cu se rovn\u011b\u017e osv\u011bd\u010duje jako prost\u0159edek urychluj\u00edc\u00ed regeneraci a hojen\u00ed ran, v\u010detn\u011b v\u0159ed\u016f, a urychluj\u00edc\u00ed r\u016fst vlas\u016f a zabra\u0148uj\u00edc\u00ed jejich vypad\u00e1v\u00e1n\u00ed.<\/p>\n<p>Tripeptid-1 m\u011bdi je ide\u00e1ln\u00ed \u00fa\u010dinnou l\u00e1tkou pro formulaci:<\/p>\n<ul>\n<li>Kr\u00e9my proti st\u00e1rnut\u00ed,<\/li>\n<li>Regenera\u010dn\u00ed s\u00e9ra,<\/li>\n<li>P\u0159\u00edpravky pro citlivou a problematickou ple\u0165,<\/li>\n<li>V\u00fdrobky na podporu hojen\u00ed ran a p\u00e9\u010di o poko\u017eku po dermatologick\u00fdch z\u00e1kroc\u00edch.<\/li>\n<\/ul>\n","protected":false},"excerpt":{"rendered":"<p><strong>GHK-Cu m\u011b\u010fnat\u00fd<\/strong> <strong>peptid<\/strong>(INICI: <strong>Copper Tripeptide-1<\/strong>) je vysoce p\u0159e\u010di\u0161t\u011bn\u00fd modr\u00fd m\u011b\u010fnat\u00fd peptid, kter\u00fd se pou\u017e\u00edv\u00e1 p\u0159edev\u0161\u00edm v kosmetice. Je obl\u00edben\u00fd zejm\u00e9na v p\u0159\u00edpravc\u00edch pro p\u00e9\u010di o ple\u0165, kde podporuje regenera\u010dn\u00ed procesy poko\u017eky, stimuluje synt\u00e9zu kolagenu a posiluje ko\u017en\u00ed bari\u00e9ru. <\/p>\n","protected":false},"featured_media":36452,"template":"","meta":{"_acf_changed":false},"product_brand":[],"product_cat":[638,2488],"product_tag":[],"class_list":{"0":"post-21124","1":"product","2":"type-product","3":"status-publish","4":"has-post-thumbnail","6":"product_cat-kosmeticke-suroviny","7":"product_cat-peptidy","9":"first","10":"instock","11":"shipping-taxable","12":"product-type-simple"},"acf":[],"yoast_head":"<!-- This site is optimized with the Yoast SEO plugin v27.4 - https:\/\/yoast.com\/product\/yoast-seo-wordpress\/ -->\n<title>M\u011b\u010fnat\u00e9 peptidy - NATURAL POLAND - Velkoobchodn\u00ed distributor surovin<\/title>\n<meta name=\"description\" content=\"M\u011b\u010fnat\u00e9 peptidy GHK-Cu (INICI: Copper Tripeptide-1) jsou p\u0159irozen\u011b se vyskytuj\u00edc\u00ed tripeptidy v lidsk\u00e9m t\u011ble, kter\u00e9 vykazuj\u00ed schopnost v\u00e1zat m\u011b\u010f.\" \/>\n<meta name=\"robots\" content=\"index, follow, max-snippet:-1, max-image-preview:large, max-video-preview:-1\" \/>\n<link rel=\"canonical\" href=\"https:\/\/naturalpoland.com\/cs\/produkty\/produkty-pro-kosmeticky-prumysl\/kosmeticke-suroviny\/peptidy-med\/\" \/>\n<meta property=\"og:locale\" content=\"cs_CZ\" \/>\n<meta property=\"og:type\" content=\"article\" \/>\n<meta property=\"og:title\" content=\"M\u011b\u010fnat\u00e9 peptidy - NATURAL POLAND - Velkoobchodn\u00ed distributor surovin\" \/>\n<meta property=\"og:description\" content=\"M\u011b\u010fnat\u00e9 peptidy GHK-Cu (INICI: Copper Tripeptide-1) jsou p\u0159irozen\u011b se vyskytuj\u00edc\u00ed tripeptidy v lidsk\u00e9m t\u011ble, kter\u00e9 vykazuj\u00ed schopnost v\u00e1zat m\u011b\u010f.\" \/>\n<meta property=\"og:url\" content=\"https:\/\/naturalpoland.com\/cs\/produkty\/produkty-pro-kosmeticky-prumysl\/kosmeticke-suroviny\/peptidy-med\/\" \/>\n<meta property=\"og:site_name\" content=\"NATURAL POLAND - Velkoobchodn\u00ed distributor surovin\" \/>\n<meta property=\"article:publisher\" content=\"https:\/\/www.facebook.com\/naturalpoland.b2b\" \/>\n<meta property=\"article:modified_time\" content=\"2024-10-10T13:34:07+00:00\" \/>\n<meta property=\"og:image\" content=\"https:\/\/naturalpoland.com\/wp-content\/uploads\/peptydy-miedziowe.webp\" \/>\n\t<meta property=\"og:image:width\" content=\"619\" \/>\n\t<meta property=\"og:image:height\" content=\"619\" \/>\n\t<meta property=\"og:image:type\" content=\"image\/webp\" \/>\n<script type=\"application\/ld+json\" class=\"yoast-schema-graph\">{\"@context\":\"https:\\\/\\\/schema.org\",\"@graph\":[{\"@type\":\"WebPage\",\"@id\":\"https:\\\/\\\/naturalpoland.com\\\/cs\\\/produkty\\\/produkty-pro-kosmeticky-prumysl\\\/kosmeticke-suroviny\\\/peptidy-med\\\/\",\"url\":\"https:\\\/\\\/naturalpoland.com\\\/cs\\\/produkty\\\/produkty-pro-kosmeticky-prumysl\\\/kosmeticke-suroviny\\\/peptidy-med\\\/\",\"name\":\"M\u011b\u010fnat\u00e9 peptidy - NATURAL POLAND - Velkoobchodn\u00ed distributor surovin\",\"isPartOf\":{\"@id\":\"https:\\\/\\\/naturalpoland.com\\\/cs\\\/#website\"},\"primaryImageOfPage\":{\"@id\":\"https:\\\/\\\/naturalpoland.com\\\/cs\\\/produkty\\\/produkty-pro-kosmeticky-prumysl\\\/kosmeticke-suroviny\\\/peptidy-med\\\/#primaryimage\"},\"image\":{\"@id\":\"https:\\\/\\\/naturalpoland.com\\\/cs\\\/produkty\\\/produkty-pro-kosmeticky-prumysl\\\/kosmeticke-suroviny\\\/peptidy-med\\\/#primaryimage\"},\"thumbnailUrl\":\"https:\\\/\\\/naturalpoland.com\\\/wp-content\\\/uploads\\\/peptydy-miedziowe.webp\",\"datePublished\":\"2023-03-20T15:11:39+00:00\",\"dateModified\":\"2024-10-10T13:34:07+00:00\",\"description\":\"M\u011b\u010fnat\u00e9 peptidy GHK-Cu (INICI: Copper Tripeptide-1) jsou p\u0159irozen\u011b se vyskytuj\u00edc\u00ed tripeptidy v lidsk\u00e9m t\u011ble, kter\u00e9 vykazuj\u00ed schopnost v\u00e1zat m\u011b\u010f.\",\"breadcrumb\":{\"@id\":\"https:\\\/\\\/naturalpoland.com\\\/cs\\\/produkty\\\/produkty-pro-kosmeticky-prumysl\\\/kosmeticke-suroviny\\\/peptidy-med\\\/#breadcrumb\"},\"inLanguage\":\"cs\",\"potentialAction\":[{\"@type\":\"ReadAction\",\"target\":[\"https:\\\/\\\/naturalpoland.com\\\/cs\\\/produkty\\\/produkty-pro-kosmeticky-prumysl\\\/kosmeticke-suroviny\\\/peptidy-med\\\/\"]}]},{\"@type\":\"ImageObject\",\"inLanguage\":\"cs\",\"@id\":\"https:\\\/\\\/naturalpoland.com\\\/cs\\\/produkty\\\/produkty-pro-kosmeticky-prumysl\\\/kosmeticke-suroviny\\\/peptidy-med\\\/#primaryimage\",\"url\":\"https:\\\/\\\/naturalpoland.com\\\/wp-content\\\/uploads\\\/peptydy-miedziowe.webp\",\"contentUrl\":\"https:\\\/\\\/naturalpoland.com\\\/wp-content\\\/uploads\\\/peptydy-miedziowe.webp\",\"width\":619,\"height\":619,\"caption\":\"peptydy miedziowe\"},{\"@type\":\"BreadcrumbList\",\"@id\":\"https:\\\/\\\/naturalpoland.com\\\/cs\\\/produkty\\\/produkty-pro-kosmeticky-prumysl\\\/kosmeticke-suroviny\\\/peptidy-med\\\/#breadcrumb\",\"itemListElement\":[{\"@type\":\"ListItem\",\"position\":1,\"name\":\"Dom\u016f\",\"item\":\"https:\\\/\\\/naturalpoland.com\\\/cs\\\/\"},{\"@type\":\"ListItem\",\"position\":2,\"name\":\"Produkty\",\"item\":\"https:\\\/\\\/naturalpoland.com\\\/cs\\\/produkty\\\/\"},{\"@type\":\"ListItem\",\"position\":3,\"name\":\"M\u011b\u010fnat\u00e9 peptidy\"}]},{\"@type\":\"WebSite\",\"@id\":\"https:\\\/\\\/naturalpoland.com\\\/cs\\\/#website\",\"url\":\"https:\\\/\\\/naturalpoland.com\\\/cs\\\/\",\"name\":\"NATURAL POLAND - Velkoobchodn\u00ed distributor surovin\",\"description\":\"Surowce dla przemys\u0142u spo\u017cywczego, kosmetycznego i farmaceutycznego\",\"publisher\":{\"@id\":\"https:\\\/\\\/naturalpoland.com\\\/cs\\\/#organization\"},\"potentialAction\":[{\"@type\":\"SearchAction\",\"target\":{\"@type\":\"EntryPoint\",\"urlTemplate\":\"https:\\\/\\\/naturalpoland.com\\\/cs\\\/?s={search_term_string}\"},\"query-input\":{\"@type\":\"PropertyValueSpecification\",\"valueRequired\":true,\"valueName\":\"search_term_string\"}}],\"inLanguage\":\"cs\"},{\"@type\":\"Organization\",\"@id\":\"https:\\\/\\\/naturalpoland.com\\\/cs\\\/#organization\",\"name\":\"Natural Poland\",\"url\":\"https:\\\/\\\/naturalpoland.com\\\/cs\\\/\",\"logo\":{\"@type\":\"ImageObject\",\"inLanguage\":\"cs\",\"@id\":\"https:\\\/\\\/naturalpoland.com\\\/cs\\\/#\\\/schema\\\/logo\\\/image\\\/\",\"url\":\"https:\\\/\\\/naturalpoland.com\\\/wp-content\\\/uploads\\\/2021\\\/05\\\/natural-poland-icon.png\",\"contentUrl\":\"https:\\\/\\\/naturalpoland.com\\\/wp-content\\\/uploads\\\/2021\\\/05\\\/natural-poland-icon.png\",\"width\":512,\"height\":512,\"caption\":\"Natural Poland\"},\"image\":{\"@id\":\"https:\\\/\\\/naturalpoland.com\\\/cs\\\/#\\\/schema\\\/logo\\\/image\\\/\"},\"sameAs\":[\"https:\\\/\\\/www.facebook.com\\\/naturalpoland.b2b\",\"https:\\\/\\\/pl.linkedin.com\\\/company\\\/natural-poland\",\"https:\\\/\\\/www.youtube.com\\\/channel\\\/UCgeGGkvOMahZo-xu_MSEWxg\"]}]}<\/script>\n<!-- \/ Yoast SEO plugin. -->","yoast_head_json":{"title":"M\u011b\u010fnat\u00e9 peptidy - NATURAL POLAND - Velkoobchodn\u00ed distributor surovin","description":"M\u011b\u010fnat\u00e9 peptidy GHK-Cu (INICI: Copper Tripeptide-1) jsou p\u0159irozen\u011b se vyskytuj\u00edc\u00ed tripeptidy v lidsk\u00e9m t\u011ble, kter\u00e9 vykazuj\u00ed schopnost v\u00e1zat m\u011b\u010f.","robots":{"index":"index","follow":"follow","max-snippet":"max-snippet:-1","max-image-preview":"max-image-preview:large","max-video-preview":"max-video-preview:-1"},"canonical":"https:\/\/naturalpoland.com\/cs\/produkty\/produkty-pro-kosmeticky-prumysl\/kosmeticke-suroviny\/peptidy-med\/","og_locale":"cs_CZ","og_type":"article","og_title":"M\u011b\u010fnat\u00e9 peptidy - NATURAL POLAND - Velkoobchodn\u00ed distributor surovin","og_description":"M\u011b\u010fnat\u00e9 peptidy GHK-Cu (INICI: Copper Tripeptide-1) jsou p\u0159irozen\u011b se vyskytuj\u00edc\u00ed tripeptidy v lidsk\u00e9m t\u011ble, kter\u00e9 vykazuj\u00ed schopnost v\u00e1zat m\u011b\u010f.","og_url":"https:\/\/naturalpoland.com\/cs\/produkty\/produkty-pro-kosmeticky-prumysl\/kosmeticke-suroviny\/peptidy-med\/","og_site_name":"NATURAL POLAND - Velkoobchodn\u00ed distributor surovin","article_publisher":"https:\/\/www.facebook.com\/naturalpoland.b2b","article_modified_time":"2024-10-10T13:34:07+00:00","og_image":[{"width":619,"height":619,"url":"https:\/\/naturalpoland.com\/wp-content\/uploads\/peptydy-miedziowe.webp","type":"image\/webp"}],"schema":{"@context":"https:\/\/schema.org","@graph":[{"@type":"WebPage","@id":"https:\/\/naturalpoland.com\/cs\/produkty\/produkty-pro-kosmeticky-prumysl\/kosmeticke-suroviny\/peptidy-med\/","url":"https:\/\/naturalpoland.com\/cs\/produkty\/produkty-pro-kosmeticky-prumysl\/kosmeticke-suroviny\/peptidy-med\/","name":"M\u011b\u010fnat\u00e9 peptidy - NATURAL POLAND - Velkoobchodn\u00ed distributor surovin","isPartOf":{"@id":"https:\/\/naturalpoland.com\/cs\/#website"},"primaryImageOfPage":{"@id":"https:\/\/naturalpoland.com\/cs\/produkty\/produkty-pro-kosmeticky-prumysl\/kosmeticke-suroviny\/peptidy-med\/#primaryimage"},"image":{"@id":"https:\/\/naturalpoland.com\/cs\/produkty\/produkty-pro-kosmeticky-prumysl\/kosmeticke-suroviny\/peptidy-med\/#primaryimage"},"thumbnailUrl":"https:\/\/naturalpoland.com\/wp-content\/uploads\/peptydy-miedziowe.webp","datePublished":"2023-03-20T15:11:39+00:00","dateModified":"2024-10-10T13:34:07+00:00","description":"M\u011b\u010fnat\u00e9 peptidy GHK-Cu (INICI: Copper Tripeptide-1) jsou p\u0159irozen\u011b se vyskytuj\u00edc\u00ed tripeptidy v lidsk\u00e9m t\u011ble, kter\u00e9 vykazuj\u00ed schopnost v\u00e1zat m\u011b\u010f.","breadcrumb":{"@id":"https:\/\/naturalpoland.com\/cs\/produkty\/produkty-pro-kosmeticky-prumysl\/kosmeticke-suroviny\/peptidy-med\/#breadcrumb"},"inLanguage":"cs","potentialAction":[{"@type":"ReadAction","target":["https:\/\/naturalpoland.com\/cs\/produkty\/produkty-pro-kosmeticky-prumysl\/kosmeticke-suroviny\/peptidy-med\/"]}]},{"@type":"ImageObject","inLanguage":"cs","@id":"https:\/\/naturalpoland.com\/cs\/produkty\/produkty-pro-kosmeticky-prumysl\/kosmeticke-suroviny\/peptidy-med\/#primaryimage","url":"https:\/\/naturalpoland.com\/wp-content\/uploads\/peptydy-miedziowe.webp","contentUrl":"https:\/\/naturalpoland.com\/wp-content\/uploads\/peptydy-miedziowe.webp","width":619,"height":619,"caption":"peptydy miedziowe"},{"@type":"BreadcrumbList","@id":"https:\/\/naturalpoland.com\/cs\/produkty\/produkty-pro-kosmeticky-prumysl\/kosmeticke-suroviny\/peptidy-med\/#breadcrumb","itemListElement":[{"@type":"ListItem","position":1,"name":"Dom\u016f","item":"https:\/\/naturalpoland.com\/cs\/"},{"@type":"ListItem","position":2,"name":"Produkty","item":"https:\/\/naturalpoland.com\/cs\/produkty\/"},{"@type":"ListItem","position":3,"name":"M\u011b\u010fnat\u00e9 peptidy"}]},{"@type":"WebSite","@id":"https:\/\/naturalpoland.com\/cs\/#website","url":"https:\/\/naturalpoland.com\/cs\/","name":"NATURAL POLAND - Velkoobchodn\u00ed distributor surovin","description":"Surowce dla przemys\u0142u spo\u017cywczego, kosmetycznego i farmaceutycznego","publisher":{"@id":"https:\/\/naturalpoland.com\/cs\/#organization"},"potentialAction":[{"@type":"SearchAction","target":{"@type":"EntryPoint","urlTemplate":"https:\/\/naturalpoland.com\/cs\/?s={search_term_string}"},"query-input":{"@type":"PropertyValueSpecification","valueRequired":true,"valueName":"search_term_string"}}],"inLanguage":"cs"},{"@type":"Organization","@id":"https:\/\/naturalpoland.com\/cs\/#organization","name":"Natural Poland","url":"https:\/\/naturalpoland.com\/cs\/","logo":{"@type":"ImageObject","inLanguage":"cs","@id":"https:\/\/naturalpoland.com\/cs\/#\/schema\/logo\/image\/","url":"https:\/\/naturalpoland.com\/wp-content\/uploads\/2021\/05\/natural-poland-icon.png","contentUrl":"https:\/\/naturalpoland.com\/wp-content\/uploads\/2021\/05\/natural-poland-icon.png","width":512,"height":512,"caption":"Natural Poland"},"image":{"@id":"https:\/\/naturalpoland.com\/cs\/#\/schema\/logo\/image\/"},"sameAs":["https:\/\/www.facebook.com\/naturalpoland.b2b","https:\/\/pl.linkedin.com\/company\/natural-poland","https:\/\/www.youtube.com\/channel\/UCgeGGkvOMahZo-xu_MSEWxg"]}]}},"_links":{"self":[{"href":"https:\/\/naturalpoland.com\/cs\/wp-json\/wp\/v2\/product\/21124","targetHints":{"allow":["GET"]}}],"collection":[{"href":"https:\/\/naturalpoland.com\/cs\/wp-json\/wp\/v2\/product"}],"about":[{"href":"https:\/\/naturalpoland.com\/cs\/wp-json\/wp\/v2\/types\/product"}],"wp:featuredmedia":[{"embeddable":true,"href":"https:\/\/naturalpoland.com\/cs\/wp-json\/wp\/v2\/media\/36452"}],"wp:attachment":[{"href":"https:\/\/naturalpoland.com\/cs\/wp-json\/wp\/v2\/media?parent=21124"}],"wp:term":[{"taxonomy":"product_brand","embeddable":true,"href":"https:\/\/naturalpoland.com\/cs\/wp-json\/wp\/v2\/product_brand?post=21124"},{"taxonomy":"product_cat","embeddable":true,"href":"https:\/\/naturalpoland.com\/cs\/wp-json\/wp\/v2\/product_cat?post=21124"},{"taxonomy":"product_tag","embeddable":true,"href":"https:\/\/naturalpoland.com\/cs\/wp-json\/wp\/v2\/product_tag?post=21124"}],"curies":[{"name":"wp","href":"https:\/\/api.w.org\/{rel}","templated":true}]}}