{"id":21155,"date":"2023-03-16T10:43:26","date_gmt":"2023-03-23T15:27:42","guid":{"rendered":"https:\/\/naturalpoland.pl\/produkty\/nezarazene\/bemt-tinosorb-s\/"},"modified":"2023-03-23T16:27:42","modified_gmt":"2023-03-23T15:27:42","slug":"bis-ethylhexyloxyfenolmethoxyfenyltriazin-bemt-tinosorb-s","status":"publish","type":"product","link":"https:\/\/naturalpoland.com\/cs\/produkty\/produkty-pro-kosmeticky-prumysl\/kosmeticke-suroviny\/bis-ethylhexyloxyfenolmethoxyfenyltriazin-bemt-tinosorb-s\/","title":{"rendered":"BEMT \/ Tinosorb S"},"content":{"rendered":"<p>Mezi charakteristick\u00e9 vlastnosti BEMT pat\u0159\u00ed vysok\u00e1 <strong>fotostabilita<\/strong> a \u0161irok\u00e9 spektrum p\u016fsoben\u00ed proti UVA i UVA z\u00e1\u0159en\u00ed. Jeho dal\u0161\u00ed v\u00fdhodou je dobr\u00e1 kompatibilita s miner\u00e1ln\u00edmi i chemick\u00fdmi filtry.<\/p>\n<p>BEMT m\u00e1 tak\u00e9 n\u00edzkou toxicitu pro \u017eivotn\u00ed prost\u0159ed\u00ed a je jedn\u00edm z nej\u010dast\u011bji volen\u00fdch UV filtr\u016f ve fotoprotektivn\u00edch p\u0159\u00edpravc\u00edch pro d\u011bti.<\/p>\n","protected":false},"excerpt":{"rendered":"<p>BEMT neboli <strong>bis-ethylhexyloxyfenolmethoxyfenyltriazin<\/strong>, zn\u00e1m\u00fd tak\u00e9 jako <strong>Tinosorb S<\/strong>, je chemick\u00fd filtr, zn\u00e1m\u00fd jako filtr &#8222;nov\u00e9 generace&#8220;. Jeho mechanismus \u00fa\u010dinku je zalo\u017een na absorpci UVR z\u00e1\u0159en\u00ed, kter\u00e9 vstupuje do excitovan\u00fdch energetick\u00fdch hladin. Pot\u00e9 se energie uvoln\u00ed a chemick\u00e1 molekula se vr\u00e1t\u00ed na svou p\u016fvodn\u00ed energetickou hladinu.<\/p>\n","protected":false},"featured_media":21033,"template":"","meta":{"_acf_changed":false},"product_brand":[],"product_cat":[638],"product_tag":[],"class_list":{"0":"post-21155","1":"product","2":"type-product","3":"status-publish","4":"has-post-thumbnail","6":"product_cat-kosmeticke-suroviny","8":"first","9":"instock","10":"shipping-taxable","11":"product-type-simple"},"acf":[],"yoast_head":"<!-- This site is optimized with the Yoast SEO plugin v27.5 - https:\/\/yoast.com\/product\/yoast-seo-wordpress\/ -->\n<title>BEMT \/ Tinosorb S - Velkoobchodn\u00ed distributor<\/title>\n<meta name=\"robots\" content=\"index, follow, max-snippet:-1, max-image-preview:large, max-video-preview:-1\" \/>\n<link rel=\"canonical\" href=\"https:\/\/naturalpoland.com\/cs\/produkty\/produkty-pro-kosmeticky-prumysl\/kosmeticke-suroviny\/bis-ethylhexyloxyfenolmethoxyfenyltriazin-bemt-tinosorb-s\/\" \/>\n<meta property=\"og:locale\" content=\"cs_CZ\" \/>\n<meta property=\"og:type\" content=\"article\" \/>\n<meta property=\"og:title\" content=\"BEMT \/ Tinosorb S - Velkoobchodn\u00ed distributor\" \/>\n<meta property=\"og:description\" content=\"BEMT neboli bis-ethylhexyloxyfenolmethoxyfenyltriazin, zn\u00e1m\u00fd tak\u00e9 jako Tinosorb S, je chemick\u00fd filtr, zn\u00e1m\u00fd jako filtr &quot;nov\u00e9 generace&quot;. Jeho mechanismus \u00fa\u010dinku je zalo\u017een na absorpci UVR z\u00e1\u0159en\u00ed, kter\u00e9 vstupuje do excitovan\u00fdch energetick\u00fdch hladin. Pot\u00e9 se energie uvoln\u00ed a chemick\u00e1 molekula se vr\u00e1t\u00ed na svou p\u016fvodn\u00ed energetickou hladinu.\" \/>\n<meta property=\"og:url\" content=\"https:\/\/naturalpoland.com\/cs\/produkty\/produkty-pro-kosmeticky-prumysl\/kosmeticke-suroviny\/bis-ethylhexyloxyfenolmethoxyfenyltriazin-bemt-tinosorb-s\/\" \/>\n<meta property=\"og:site_name\" content=\"NATURAL POLAND - Velkoobchodn\u00ed distributor surovin\" \/>\n<meta property=\"article:publisher\" content=\"https:\/\/www.facebook.com\/naturalpoland.b2b\" \/>\n<meta property=\"og:image\" content=\"https:\/\/naturalpoland.com\/wp-content\/uploads\/bemt-Tinosorb-s.jpg\" \/>\n\t<meta property=\"og:image:width\" content=\"600\" \/>\n\t<meta property=\"og:image:height\" content=\"600\" \/>\n\t<meta property=\"og:image:type\" content=\"image\/jpeg\" \/>\n<script type=\"application\/ld+json\" class=\"yoast-schema-graph\">{\"@context\":\"https:\\\/\\\/schema.org\",\"@graph\":[{\"@type\":\"WebPage\",\"@id\":\"https:\\\/\\\/naturalpoland.com\\\/cs\\\/produkty\\\/produkty-pro-kosmeticky-prumysl\\\/kosmeticke-suroviny\\\/bis-ethylhexyloxyfenolmethoxyfenyltriazin-bemt-tinosorb-s\\\/\",\"url\":\"https:\\\/\\\/naturalpoland.com\\\/cs\\\/produkty\\\/produkty-pro-kosmeticky-prumysl\\\/kosmeticke-suroviny\\\/bis-ethylhexyloxyfenolmethoxyfenyltriazin-bemt-tinosorb-s\\\/\",\"name\":\"BEMT \\\/ Tinosorb S - Velkoobchodn\u00ed distributor\",\"isPartOf\":{\"@id\":\"https:\\\/\\\/naturalpoland.com\\\/cs\\\/#website\"},\"primaryImageOfPage\":{\"@id\":\"https:\\\/\\\/naturalpoland.com\\\/cs\\\/produkty\\\/produkty-pro-kosmeticky-prumysl\\\/kosmeticke-suroviny\\\/bis-ethylhexyloxyfenolmethoxyfenyltriazin-bemt-tinosorb-s\\\/#primaryimage\"},\"image\":{\"@id\":\"https:\\\/\\\/naturalpoland.com\\\/cs\\\/produkty\\\/produkty-pro-kosmeticky-prumysl\\\/kosmeticke-suroviny\\\/bis-ethylhexyloxyfenolmethoxyfenyltriazin-bemt-tinosorb-s\\\/#primaryimage\"},\"thumbnailUrl\":\"https:\\\/\\\/naturalpoland.com\\\/wp-content\\\/uploads\\\/bemt-Tinosorb-s.jpg\",\"datePublished\":\"2023-03-23T15:27:42+00:00\",\"breadcrumb\":{\"@id\":\"https:\\\/\\\/naturalpoland.com\\\/cs\\\/produkty\\\/produkty-pro-kosmeticky-prumysl\\\/kosmeticke-suroviny\\\/bis-ethylhexyloxyfenolmethoxyfenyltriazin-bemt-tinosorb-s\\\/#breadcrumb\"},\"inLanguage\":\"cs\",\"potentialAction\":[{\"@type\":\"ReadAction\",\"target\":[\"https:\\\/\\\/naturalpoland.com\\\/cs\\\/produkty\\\/produkty-pro-kosmeticky-prumysl\\\/kosmeticke-suroviny\\\/bis-ethylhexyloxyfenolmethoxyfenyltriazin-bemt-tinosorb-s\\\/\"]}]},{\"@type\":\"ImageObject\",\"inLanguage\":\"cs\",\"@id\":\"https:\\\/\\\/naturalpoland.com\\\/cs\\\/produkty\\\/produkty-pro-kosmeticky-prumysl\\\/kosmeticke-suroviny\\\/bis-ethylhexyloxyfenolmethoxyfenyltriazin-bemt-tinosorb-s\\\/#primaryimage\",\"url\":\"https:\\\/\\\/naturalpoland.com\\\/wp-content\\\/uploads\\\/bemt-Tinosorb-s.jpg\",\"contentUrl\":\"https:\\\/\\\/naturalpoland.com\\\/wp-content\\\/uploads\\\/bemt-Tinosorb-s.jpg\",\"width\":600,\"height\":600,\"caption\":\"mebt \\\/ tinosorb s\"},{\"@type\":\"BreadcrumbList\",\"@id\":\"https:\\\/\\\/naturalpoland.com\\\/cs\\\/produkty\\\/produkty-pro-kosmeticky-prumysl\\\/kosmeticke-suroviny\\\/bis-ethylhexyloxyfenolmethoxyfenyltriazin-bemt-tinosorb-s\\\/#breadcrumb\",\"itemListElement\":[{\"@type\":\"ListItem\",\"position\":1,\"name\":\"Dom\u016f\",\"item\":\"https:\\\/\\\/naturalpoland.com\\\/cs\\\/\"},{\"@type\":\"ListItem\",\"position\":2,\"name\":\"Produkty\",\"item\":\"https:\\\/\\\/naturalpoland.com\\\/cs\\\/produkty\\\/\"},{\"@type\":\"ListItem\",\"position\":3,\"name\":\"BEMT \\\/ Tinosorb S\"}]},{\"@type\":\"WebSite\",\"@id\":\"https:\\\/\\\/naturalpoland.com\\\/cs\\\/#website\",\"url\":\"https:\\\/\\\/naturalpoland.com\\\/cs\\\/\",\"name\":\"NATURAL POLAND - Velkoobchodn\u00ed distributor surovin\",\"description\":\"Surowce dla przemys\u0142u spo\u017cywczego, kosmetycznego i farmaceutycznego\",\"publisher\":{\"@id\":\"https:\\\/\\\/naturalpoland.com\\\/cs\\\/#organization\"},\"potentialAction\":[{\"@type\":\"SearchAction\",\"target\":{\"@type\":\"EntryPoint\",\"urlTemplate\":\"https:\\\/\\\/naturalpoland.com\\\/cs\\\/?s={search_term_string}\"},\"query-input\":{\"@type\":\"PropertyValueSpecification\",\"valueRequired\":true,\"valueName\":\"search_term_string\"}}],\"inLanguage\":\"cs\"},{\"@type\":\"Organization\",\"@id\":\"https:\\\/\\\/naturalpoland.com\\\/cs\\\/#organization\",\"name\":\"Natural Poland\",\"url\":\"https:\\\/\\\/naturalpoland.com\\\/cs\\\/\",\"logo\":{\"@type\":\"ImageObject\",\"inLanguage\":\"cs\",\"@id\":\"https:\\\/\\\/naturalpoland.com\\\/cs\\\/#\\\/schema\\\/logo\\\/image\\\/\",\"url\":\"https:\\\/\\\/naturalpoland.com\\\/wp-content\\\/uploads\\\/2021\\\/05\\\/natural-poland-icon.png\",\"contentUrl\":\"https:\\\/\\\/naturalpoland.com\\\/wp-content\\\/uploads\\\/2021\\\/05\\\/natural-poland-icon.png\",\"width\":512,\"height\":512,\"caption\":\"Natural Poland\"},\"image\":{\"@id\":\"https:\\\/\\\/naturalpoland.com\\\/cs\\\/#\\\/schema\\\/logo\\\/image\\\/\"},\"sameAs\":[\"https:\\\/\\\/www.facebook.com\\\/naturalpoland.b2b\",\"https:\\\/\\\/pl.linkedin.com\\\/company\\\/natural-poland\",\"https:\\\/\\\/www.youtube.com\\\/channel\\\/UCgeGGkvOMahZo-xu_MSEWxg\"]}]}<\/script>\n<!-- \/ Yoast SEO plugin. -->","yoast_head_json":{"title":"BEMT \/ Tinosorb S - Velkoobchodn\u00ed distributor","robots":{"index":"index","follow":"follow","max-snippet":"max-snippet:-1","max-image-preview":"max-image-preview:large","max-video-preview":"max-video-preview:-1"},"canonical":"https:\/\/naturalpoland.com\/cs\/produkty\/produkty-pro-kosmeticky-prumysl\/kosmeticke-suroviny\/bis-ethylhexyloxyfenolmethoxyfenyltriazin-bemt-tinosorb-s\/","og_locale":"cs_CZ","og_type":"article","og_title":"BEMT \/ Tinosorb S - Velkoobchodn\u00ed distributor","og_description":"BEMT neboli bis-ethylhexyloxyfenolmethoxyfenyltriazin, zn\u00e1m\u00fd tak\u00e9 jako Tinosorb S, je chemick\u00fd filtr, zn\u00e1m\u00fd jako filtr \"nov\u00e9 generace\". Jeho mechanismus \u00fa\u010dinku je zalo\u017een na absorpci UVR z\u00e1\u0159en\u00ed, kter\u00e9 vstupuje do excitovan\u00fdch energetick\u00fdch hladin. Pot\u00e9 se energie uvoln\u00ed a chemick\u00e1 molekula se vr\u00e1t\u00ed na svou p\u016fvodn\u00ed energetickou hladinu.","og_url":"https:\/\/naturalpoland.com\/cs\/produkty\/produkty-pro-kosmeticky-prumysl\/kosmeticke-suroviny\/bis-ethylhexyloxyfenolmethoxyfenyltriazin-bemt-tinosorb-s\/","og_site_name":"NATURAL POLAND - Velkoobchodn\u00ed distributor surovin","article_publisher":"https:\/\/www.facebook.com\/naturalpoland.b2b","og_image":[{"width":600,"height":600,"url":"https:\/\/naturalpoland.com\/wp-content\/uploads\/bemt-Tinosorb-s.jpg","type":"image\/jpeg"}],"schema":{"@context":"https:\/\/schema.org","@graph":[{"@type":"WebPage","@id":"https:\/\/naturalpoland.com\/cs\/produkty\/produkty-pro-kosmeticky-prumysl\/kosmeticke-suroviny\/bis-ethylhexyloxyfenolmethoxyfenyltriazin-bemt-tinosorb-s\/","url":"https:\/\/naturalpoland.com\/cs\/produkty\/produkty-pro-kosmeticky-prumysl\/kosmeticke-suroviny\/bis-ethylhexyloxyfenolmethoxyfenyltriazin-bemt-tinosorb-s\/","name":"BEMT \/ Tinosorb S - Velkoobchodn\u00ed distributor","isPartOf":{"@id":"https:\/\/naturalpoland.com\/cs\/#website"},"primaryImageOfPage":{"@id":"https:\/\/naturalpoland.com\/cs\/produkty\/produkty-pro-kosmeticky-prumysl\/kosmeticke-suroviny\/bis-ethylhexyloxyfenolmethoxyfenyltriazin-bemt-tinosorb-s\/#primaryimage"},"image":{"@id":"https:\/\/naturalpoland.com\/cs\/produkty\/produkty-pro-kosmeticky-prumysl\/kosmeticke-suroviny\/bis-ethylhexyloxyfenolmethoxyfenyltriazin-bemt-tinosorb-s\/#primaryimage"},"thumbnailUrl":"https:\/\/naturalpoland.com\/wp-content\/uploads\/bemt-Tinosorb-s.jpg","datePublished":"2023-03-23T15:27:42+00:00","breadcrumb":{"@id":"https:\/\/naturalpoland.com\/cs\/produkty\/produkty-pro-kosmeticky-prumysl\/kosmeticke-suroviny\/bis-ethylhexyloxyfenolmethoxyfenyltriazin-bemt-tinosorb-s\/#breadcrumb"},"inLanguage":"cs","potentialAction":[{"@type":"ReadAction","target":["https:\/\/naturalpoland.com\/cs\/produkty\/produkty-pro-kosmeticky-prumysl\/kosmeticke-suroviny\/bis-ethylhexyloxyfenolmethoxyfenyltriazin-bemt-tinosorb-s\/"]}]},{"@type":"ImageObject","inLanguage":"cs","@id":"https:\/\/naturalpoland.com\/cs\/produkty\/produkty-pro-kosmeticky-prumysl\/kosmeticke-suroviny\/bis-ethylhexyloxyfenolmethoxyfenyltriazin-bemt-tinosorb-s\/#primaryimage","url":"https:\/\/naturalpoland.com\/wp-content\/uploads\/bemt-Tinosorb-s.jpg","contentUrl":"https:\/\/naturalpoland.com\/wp-content\/uploads\/bemt-Tinosorb-s.jpg","width":600,"height":600,"caption":"mebt \/ tinosorb s"},{"@type":"BreadcrumbList","@id":"https:\/\/naturalpoland.com\/cs\/produkty\/produkty-pro-kosmeticky-prumysl\/kosmeticke-suroviny\/bis-ethylhexyloxyfenolmethoxyfenyltriazin-bemt-tinosorb-s\/#breadcrumb","itemListElement":[{"@type":"ListItem","position":1,"name":"Dom\u016f","item":"https:\/\/naturalpoland.com\/cs\/"},{"@type":"ListItem","position":2,"name":"Produkty","item":"https:\/\/naturalpoland.com\/cs\/produkty\/"},{"@type":"ListItem","position":3,"name":"BEMT \/ Tinosorb S"}]},{"@type":"WebSite","@id":"https:\/\/naturalpoland.com\/cs\/#website","url":"https:\/\/naturalpoland.com\/cs\/","name":"NATURAL POLAND - Velkoobchodn\u00ed distributor surovin","description":"Surowce dla przemys\u0142u spo\u017cywczego, kosmetycznego i farmaceutycznego","publisher":{"@id":"https:\/\/naturalpoland.com\/cs\/#organization"},"potentialAction":[{"@type":"SearchAction","target":{"@type":"EntryPoint","urlTemplate":"https:\/\/naturalpoland.com\/cs\/?s={search_term_string}"},"query-input":{"@type":"PropertyValueSpecification","valueRequired":true,"valueName":"search_term_string"}}],"inLanguage":"cs"},{"@type":"Organization","@id":"https:\/\/naturalpoland.com\/cs\/#organization","name":"Natural Poland","url":"https:\/\/naturalpoland.com\/cs\/","logo":{"@type":"ImageObject","inLanguage":"cs","@id":"https:\/\/naturalpoland.com\/cs\/#\/schema\/logo\/image\/","url":"https:\/\/naturalpoland.com\/wp-content\/uploads\/2021\/05\/natural-poland-icon.png","contentUrl":"https:\/\/naturalpoland.com\/wp-content\/uploads\/2021\/05\/natural-poland-icon.png","width":512,"height":512,"caption":"Natural Poland"},"image":{"@id":"https:\/\/naturalpoland.com\/cs\/#\/schema\/logo\/image\/"},"sameAs":["https:\/\/www.facebook.com\/naturalpoland.b2b","https:\/\/pl.linkedin.com\/company\/natural-poland","https:\/\/www.youtube.com\/channel\/UCgeGGkvOMahZo-xu_MSEWxg"]}]}},"_links":{"self":[{"href":"https:\/\/naturalpoland.com\/cs\/wp-json\/wp\/v2\/product\/21155","targetHints":{"allow":["GET"]}}],"collection":[{"href":"https:\/\/naturalpoland.com\/cs\/wp-json\/wp\/v2\/product"}],"about":[{"href":"https:\/\/naturalpoland.com\/cs\/wp-json\/wp\/v2\/types\/product"}],"wp:featuredmedia":[{"embeddable":true,"href":"https:\/\/naturalpoland.com\/cs\/wp-json\/wp\/v2\/media\/21033"}],"wp:attachment":[{"href":"https:\/\/naturalpoland.com\/cs\/wp-json\/wp\/v2\/media?parent=21155"}],"wp:term":[{"taxonomy":"product_brand","embeddable":true,"href":"https:\/\/naturalpoland.com\/cs\/wp-json\/wp\/v2\/product_brand?post=21155"},{"taxonomy":"product_cat","embeddable":true,"href":"https:\/\/naturalpoland.com\/cs\/wp-json\/wp\/v2\/product_cat?post=21155"},{"taxonomy":"product_tag","embeddable":true,"href":"https:\/\/naturalpoland.com\/cs\/wp-json\/wp\/v2\/product_tag?post=21155"}],"curies":[{"name":"wp","href":"https:\/\/api.w.org\/{rel}","templated":true}]}}