{"id":21170,"date":"2023-03-16T11:45:33","date_gmt":"2023-03-24T07:39:03","guid":{"rendered":"https:\/\/naturalpoland.pl\/produkty\/nezarazene\/tremella-fungus-tremella-fuciformis-klusavka\/"},"modified":"2023-03-24T08:39:03","modified_gmt":"2023-03-24T07:39:03","slug":"fungus-tremella-tremella-fuciformis-fungus-tremella-fuciformis","status":"publish","type":"product","link":"https:\/\/naturalpoland.com\/cs\/produkty\/produkty-pro-farmaceuticky-a-zdravotnicky-prumysl\/vytazky-z-hub\/fungus-tremella-tremella-fuciformis-fungus-tremella-fuciformis\/","title":{"rendered":"Tremella fungus &#8211; Tremella fuciformis, klusavka"},"content":{"rendered":"<p>Mezi jeho hlavn\u00ed p\u0159ednosti pat\u0159\u00ed siln\u00e9 antioxida\u010dn\u00ed a protist\u00e1rnouc\u00ed vlastnosti a hydrata\u010dn\u00ed vlastnosti. Houba tremella je pova\u017eov\u00e1na za nejlep\u0161\u00ed p\u0159\u00edrodn\u00ed rostlinnou alternativu kyseliny hyaluronov\u00e9, nav\u00edc studie nazna\u010duj\u00ed, \u017ee ji m\u016f\u017ee v hydrataci pleti dokonce p\u0159ed\u010dit. Skv\u011ble se hod\u00ed do produkt\u016f proti st\u00e1rnut\u00ed a vr\u00e1sk\u00e1m, \u00fa\u010dinn\u011b vy\u017eivuje a hydratuje poko\u017eku a dod\u00e1v\u00e1 j\u00ed hebkost a vl\u00e1\u010dnost.<\/p>\n<p>\u00da\u010dinn\u00fdm adaptogenem je tak\u00e9 houba tremella. P\u0159\u00edzniv\u011b ovliv\u0148uje \u010dinnost mozku, zvy\u0161uje odolnost organismu v\u016f\u010di stresov\u00fdm faktor\u016fm a napom\u00e1h\u00e1 pam\u011bti a koncentraci. Z\u00e1rove\u0148 je bohat\u00fd na l\u00e1tky, kter\u00e9 podporuj\u00ed imunitu a funkci organismu &#8211; p\u0159\u00edzniv\u011b ovliv\u0148uje hladinu cholesterolu a cukru v krvi, podporuje zdrav\u00ed st\u0159ev a detoxika\u010dn\u00ed procesy. M\u016f\u017ee b\u00fdt proto cennou slo\u017ekou dopl\u0148k\u016f stravy s adaptogenn\u00edmi \u00fa\u010dinky a sni\u017euj\u00edc\u00ed riziko civiliza\u010dn\u00edch chorob.<\/p>\n","protected":false},"excerpt":{"rendered":"<p>P\u016fvodem asijsk\u00e1 houba tremella<em>(Tremella fuciformis<\/em>, mo\u0159sk\u00e1<em>t\u0159esavka<\/em>) je ji\u017e po tis\u00edce let cen\u011bna v tradi\u010dn\u00ed \u010d\u00ednsk\u00e9 medic\u00edn\u011b a v sou\u010dasn\u00e9 dob\u011b se t\u011b\u0161\u00ed rostouc\u00edmu z\u00e1jmu i v kosmetick\u00e9m a farmaceutick\u00e9m pr\u016fmyslu.<\/p>\n","protected":false},"featured_media":21069,"template":"","meta":{"_acf_changed":false},"product_brand":[],"product_cat":[2056],"product_tag":[],"class_list":{"0":"post-21170","1":"product","2":"type-product","3":"status-publish","4":"has-post-thumbnail","6":"product_cat-vytazky-z-hub","7":"pa_czesc-rosliny-plodnice","9":"first","10":"instock","11":"shipping-taxable","12":"product-type-simple"},"acf":[],"yoast_head":"<!-- This site is optimized with the Yoast SEO plugin v27.5 - https:\/\/yoast.com\/product\/yoast-seo-wordpress\/ -->\n<title>Tremella fungus - Tremella fuciformis, klusavka - Velkoobchodn\u00ed distributor<\/title>\n<meta name=\"robots\" content=\"index, follow, max-snippet:-1, max-image-preview:large, max-video-preview:-1\" \/>\n<link rel=\"canonical\" href=\"https:\/\/naturalpoland.com\/cs\/produkty\/produkty-pro-farmaceuticky-a-zdravotnicky-prumysl\/vytazky-z-hub\/fungus-tremella-tremella-fuciformis-fungus-tremella-fuciformis\/\" \/>\n<meta property=\"og:locale\" content=\"cs_CZ\" \/>\n<meta property=\"og:type\" content=\"article\" \/>\n<meta property=\"og:title\" content=\"Tremella fungus - Tremella fuciformis, klusavka - Velkoobchodn\u00ed distributor\" \/>\n<meta property=\"og:description\" content=\"P\u016fvodem asijsk\u00e1 houba tremella(Tremella fuciformis, mo\u0159sk\u00e1t\u0159esavka) je ji\u017e po tis\u00edce let cen\u011bna v tradi\u010dn\u00ed \u010d\u00ednsk\u00e9 medic\u00edn\u011b a v sou\u010dasn\u00e9 dob\u011b se t\u011b\u0161\u00ed rostouc\u00edmu z\u00e1jmu i v kosmetick\u00e9m a farmaceutick\u00e9m pr\u016fmyslu.\" \/>\n<meta property=\"og:url\" content=\"https:\/\/naturalpoland.com\/cs\/produkty\/produkty-pro-farmaceuticky-a-zdravotnicky-prumysl\/vytazky-z-hub\/fungus-tremella-tremella-fuciformis-fungus-tremella-fuciformis\/\" \/>\n<meta property=\"og:site_name\" content=\"NATURAL POLAND - Velkoobchodn\u00ed distributor surovin\" \/>\n<meta property=\"article:publisher\" content=\"https:\/\/www.facebook.com\/naturalpoland.b2b\" \/>\n<meta property=\"og:image\" content=\"https:\/\/naturalpoland.com\/wp-content\/uploads\/grzyb-tremella.jpg\" \/>\n\t<meta property=\"og:image:width\" content=\"600\" \/>\n\t<meta property=\"og:image:height\" content=\"600\" \/>\n\t<meta property=\"og:image:type\" content=\"image\/jpeg\" \/>\n<script type=\"application\/ld+json\" class=\"yoast-schema-graph\">{\"@context\":\"https:\\\/\\\/schema.org\",\"@graph\":[{\"@type\":\"WebPage\",\"@id\":\"https:\\\/\\\/naturalpoland.com\\\/cs\\\/produkty\\\/produkty-pro-farmaceuticky-a-zdravotnicky-prumysl\\\/vytazky-z-hub\\\/fungus-tremella-tremella-fuciformis-fungus-tremella-fuciformis\\\/\",\"url\":\"https:\\\/\\\/naturalpoland.com\\\/cs\\\/produkty\\\/produkty-pro-farmaceuticky-a-zdravotnicky-prumysl\\\/vytazky-z-hub\\\/fungus-tremella-tremella-fuciformis-fungus-tremella-fuciformis\\\/\",\"name\":\"Tremella fungus - Tremella fuciformis, klusavka - Velkoobchodn\u00ed distributor\",\"isPartOf\":{\"@id\":\"https:\\\/\\\/naturalpoland.com\\\/cs\\\/#website\"},\"primaryImageOfPage\":{\"@id\":\"https:\\\/\\\/naturalpoland.com\\\/cs\\\/produkty\\\/produkty-pro-farmaceuticky-a-zdravotnicky-prumysl\\\/vytazky-z-hub\\\/fungus-tremella-tremella-fuciformis-fungus-tremella-fuciformis\\\/#primaryimage\"},\"image\":{\"@id\":\"https:\\\/\\\/naturalpoland.com\\\/cs\\\/produkty\\\/produkty-pro-farmaceuticky-a-zdravotnicky-prumysl\\\/vytazky-z-hub\\\/fungus-tremella-tremella-fuciformis-fungus-tremella-fuciformis\\\/#primaryimage\"},\"thumbnailUrl\":\"https:\\\/\\\/naturalpoland.com\\\/wp-content\\\/uploads\\\/grzyb-tremella.jpg\",\"datePublished\":\"2023-03-24T07:39:03+00:00\",\"breadcrumb\":{\"@id\":\"https:\\\/\\\/naturalpoland.com\\\/cs\\\/produkty\\\/produkty-pro-farmaceuticky-a-zdravotnicky-prumysl\\\/vytazky-z-hub\\\/fungus-tremella-tremella-fuciformis-fungus-tremella-fuciformis\\\/#breadcrumb\"},\"inLanguage\":\"cs\",\"potentialAction\":[{\"@type\":\"ReadAction\",\"target\":[\"https:\\\/\\\/naturalpoland.com\\\/cs\\\/produkty\\\/produkty-pro-farmaceuticky-a-zdravotnicky-prumysl\\\/vytazky-z-hub\\\/fungus-tremella-tremella-fuciformis-fungus-tremella-fuciformis\\\/\"]}]},{\"@type\":\"ImageObject\",\"inLanguage\":\"cs\",\"@id\":\"https:\\\/\\\/naturalpoland.com\\\/cs\\\/produkty\\\/produkty-pro-farmaceuticky-a-zdravotnicky-prumysl\\\/vytazky-z-hub\\\/fungus-tremella-tremella-fuciformis-fungus-tremella-fuciformis\\\/#primaryimage\",\"url\":\"https:\\\/\\\/naturalpoland.com\\\/wp-content\\\/uploads\\\/grzyb-tremella.jpg\",\"contentUrl\":\"https:\\\/\\\/naturalpoland.com\\\/wp-content\\\/uploads\\\/grzyb-tremella.jpg\",\"width\":600,\"height\":600,\"caption\":\"houba tremella\"},{\"@type\":\"BreadcrumbList\",\"@id\":\"https:\\\/\\\/naturalpoland.com\\\/cs\\\/produkty\\\/produkty-pro-farmaceuticky-a-zdravotnicky-prumysl\\\/vytazky-z-hub\\\/fungus-tremella-tremella-fuciformis-fungus-tremella-fuciformis\\\/#breadcrumb\",\"itemListElement\":[{\"@type\":\"ListItem\",\"position\":1,\"name\":\"Dom\u016f\",\"item\":\"https:\\\/\\\/naturalpoland.com\\\/cs\\\/\"},{\"@type\":\"ListItem\",\"position\":2,\"name\":\"Produkty\",\"item\":\"https:\\\/\\\/naturalpoland.com\\\/cs\\\/produkty\\\/\"},{\"@type\":\"ListItem\",\"position\":3,\"name\":\"Tremella fungus &#8211; Tremella fuciformis, klusavka\"}]},{\"@type\":\"WebSite\",\"@id\":\"https:\\\/\\\/naturalpoland.com\\\/cs\\\/#website\",\"url\":\"https:\\\/\\\/naturalpoland.com\\\/cs\\\/\",\"name\":\"NATURAL POLAND - Velkoobchodn\u00ed distributor surovin\",\"description\":\"Surowce dla przemys\u0142u spo\u017cywczego, kosmetycznego i farmaceutycznego\",\"publisher\":{\"@id\":\"https:\\\/\\\/naturalpoland.com\\\/cs\\\/#organization\"},\"potentialAction\":[{\"@type\":\"SearchAction\",\"target\":{\"@type\":\"EntryPoint\",\"urlTemplate\":\"https:\\\/\\\/naturalpoland.com\\\/cs\\\/?s={search_term_string}\"},\"query-input\":{\"@type\":\"PropertyValueSpecification\",\"valueRequired\":true,\"valueName\":\"search_term_string\"}}],\"inLanguage\":\"cs\"},{\"@type\":\"Organization\",\"@id\":\"https:\\\/\\\/naturalpoland.com\\\/cs\\\/#organization\",\"name\":\"Natural Poland\",\"url\":\"https:\\\/\\\/naturalpoland.com\\\/cs\\\/\",\"logo\":{\"@type\":\"ImageObject\",\"inLanguage\":\"cs\",\"@id\":\"https:\\\/\\\/naturalpoland.com\\\/cs\\\/#\\\/schema\\\/logo\\\/image\\\/\",\"url\":\"https:\\\/\\\/naturalpoland.com\\\/wp-content\\\/uploads\\\/2021\\\/05\\\/natural-poland-icon.png\",\"contentUrl\":\"https:\\\/\\\/naturalpoland.com\\\/wp-content\\\/uploads\\\/2021\\\/05\\\/natural-poland-icon.png\",\"width\":512,\"height\":512,\"caption\":\"Natural Poland\"},\"image\":{\"@id\":\"https:\\\/\\\/naturalpoland.com\\\/cs\\\/#\\\/schema\\\/logo\\\/image\\\/\"},\"sameAs\":[\"https:\\\/\\\/www.facebook.com\\\/naturalpoland.b2b\",\"https:\\\/\\\/pl.linkedin.com\\\/company\\\/natural-poland\",\"https:\\\/\\\/www.youtube.com\\\/channel\\\/UCgeGGkvOMahZo-xu_MSEWxg\"]}]}<\/script>\n<!-- \/ Yoast SEO plugin. -->","yoast_head_json":{"title":"Tremella fungus - Tremella fuciformis, klusavka - Velkoobchodn\u00ed distributor","robots":{"index":"index","follow":"follow","max-snippet":"max-snippet:-1","max-image-preview":"max-image-preview:large","max-video-preview":"max-video-preview:-1"},"canonical":"https:\/\/naturalpoland.com\/cs\/produkty\/produkty-pro-farmaceuticky-a-zdravotnicky-prumysl\/vytazky-z-hub\/fungus-tremella-tremella-fuciformis-fungus-tremella-fuciformis\/","og_locale":"cs_CZ","og_type":"article","og_title":"Tremella fungus - Tremella fuciformis, klusavka - Velkoobchodn\u00ed distributor","og_description":"P\u016fvodem asijsk\u00e1 houba tremella(Tremella fuciformis, mo\u0159sk\u00e1t\u0159esavka) je ji\u017e po tis\u00edce let cen\u011bna v tradi\u010dn\u00ed \u010d\u00ednsk\u00e9 medic\u00edn\u011b a v sou\u010dasn\u00e9 dob\u011b se t\u011b\u0161\u00ed rostouc\u00edmu z\u00e1jmu i v kosmetick\u00e9m a farmaceutick\u00e9m pr\u016fmyslu.","og_url":"https:\/\/naturalpoland.com\/cs\/produkty\/produkty-pro-farmaceuticky-a-zdravotnicky-prumysl\/vytazky-z-hub\/fungus-tremella-tremella-fuciformis-fungus-tremella-fuciformis\/","og_site_name":"NATURAL POLAND - Velkoobchodn\u00ed distributor surovin","article_publisher":"https:\/\/www.facebook.com\/naturalpoland.b2b","og_image":[{"width":600,"height":600,"url":"https:\/\/naturalpoland.com\/wp-content\/uploads\/grzyb-tremella.jpg","type":"image\/jpeg"}],"schema":{"@context":"https:\/\/schema.org","@graph":[{"@type":"WebPage","@id":"https:\/\/naturalpoland.com\/cs\/produkty\/produkty-pro-farmaceuticky-a-zdravotnicky-prumysl\/vytazky-z-hub\/fungus-tremella-tremella-fuciformis-fungus-tremella-fuciformis\/","url":"https:\/\/naturalpoland.com\/cs\/produkty\/produkty-pro-farmaceuticky-a-zdravotnicky-prumysl\/vytazky-z-hub\/fungus-tremella-tremella-fuciformis-fungus-tremella-fuciformis\/","name":"Tremella fungus - Tremella fuciformis, klusavka - Velkoobchodn\u00ed distributor","isPartOf":{"@id":"https:\/\/naturalpoland.com\/cs\/#website"},"primaryImageOfPage":{"@id":"https:\/\/naturalpoland.com\/cs\/produkty\/produkty-pro-farmaceuticky-a-zdravotnicky-prumysl\/vytazky-z-hub\/fungus-tremella-tremella-fuciformis-fungus-tremella-fuciformis\/#primaryimage"},"image":{"@id":"https:\/\/naturalpoland.com\/cs\/produkty\/produkty-pro-farmaceuticky-a-zdravotnicky-prumysl\/vytazky-z-hub\/fungus-tremella-tremella-fuciformis-fungus-tremella-fuciformis\/#primaryimage"},"thumbnailUrl":"https:\/\/naturalpoland.com\/wp-content\/uploads\/grzyb-tremella.jpg","datePublished":"2023-03-24T07:39:03+00:00","breadcrumb":{"@id":"https:\/\/naturalpoland.com\/cs\/produkty\/produkty-pro-farmaceuticky-a-zdravotnicky-prumysl\/vytazky-z-hub\/fungus-tremella-tremella-fuciformis-fungus-tremella-fuciformis\/#breadcrumb"},"inLanguage":"cs","potentialAction":[{"@type":"ReadAction","target":["https:\/\/naturalpoland.com\/cs\/produkty\/produkty-pro-farmaceuticky-a-zdravotnicky-prumysl\/vytazky-z-hub\/fungus-tremella-tremella-fuciformis-fungus-tremella-fuciformis\/"]}]},{"@type":"ImageObject","inLanguage":"cs","@id":"https:\/\/naturalpoland.com\/cs\/produkty\/produkty-pro-farmaceuticky-a-zdravotnicky-prumysl\/vytazky-z-hub\/fungus-tremella-tremella-fuciformis-fungus-tremella-fuciformis\/#primaryimage","url":"https:\/\/naturalpoland.com\/wp-content\/uploads\/grzyb-tremella.jpg","contentUrl":"https:\/\/naturalpoland.com\/wp-content\/uploads\/grzyb-tremella.jpg","width":600,"height":600,"caption":"houba tremella"},{"@type":"BreadcrumbList","@id":"https:\/\/naturalpoland.com\/cs\/produkty\/produkty-pro-farmaceuticky-a-zdravotnicky-prumysl\/vytazky-z-hub\/fungus-tremella-tremella-fuciformis-fungus-tremella-fuciformis\/#breadcrumb","itemListElement":[{"@type":"ListItem","position":1,"name":"Dom\u016f","item":"https:\/\/naturalpoland.com\/cs\/"},{"@type":"ListItem","position":2,"name":"Produkty","item":"https:\/\/naturalpoland.com\/cs\/produkty\/"},{"@type":"ListItem","position":3,"name":"Tremella fungus &#8211; Tremella fuciformis, klusavka"}]},{"@type":"WebSite","@id":"https:\/\/naturalpoland.com\/cs\/#website","url":"https:\/\/naturalpoland.com\/cs\/","name":"NATURAL POLAND - Velkoobchodn\u00ed distributor surovin","description":"Surowce dla przemys\u0142u spo\u017cywczego, kosmetycznego i farmaceutycznego","publisher":{"@id":"https:\/\/naturalpoland.com\/cs\/#organization"},"potentialAction":[{"@type":"SearchAction","target":{"@type":"EntryPoint","urlTemplate":"https:\/\/naturalpoland.com\/cs\/?s={search_term_string}"},"query-input":{"@type":"PropertyValueSpecification","valueRequired":true,"valueName":"search_term_string"}}],"inLanguage":"cs"},{"@type":"Organization","@id":"https:\/\/naturalpoland.com\/cs\/#organization","name":"Natural Poland","url":"https:\/\/naturalpoland.com\/cs\/","logo":{"@type":"ImageObject","inLanguage":"cs","@id":"https:\/\/naturalpoland.com\/cs\/#\/schema\/logo\/image\/","url":"https:\/\/naturalpoland.com\/wp-content\/uploads\/2021\/05\/natural-poland-icon.png","contentUrl":"https:\/\/naturalpoland.com\/wp-content\/uploads\/2021\/05\/natural-poland-icon.png","width":512,"height":512,"caption":"Natural Poland"},"image":{"@id":"https:\/\/naturalpoland.com\/cs\/#\/schema\/logo\/image\/"},"sameAs":["https:\/\/www.facebook.com\/naturalpoland.b2b","https:\/\/pl.linkedin.com\/company\/natural-poland","https:\/\/www.youtube.com\/channel\/UCgeGGkvOMahZo-xu_MSEWxg"]}]}},"_links":{"self":[{"href":"https:\/\/naturalpoland.com\/cs\/wp-json\/wp\/v2\/product\/21170","targetHints":{"allow":["GET"]}}],"collection":[{"href":"https:\/\/naturalpoland.com\/cs\/wp-json\/wp\/v2\/product"}],"about":[{"href":"https:\/\/naturalpoland.com\/cs\/wp-json\/wp\/v2\/types\/product"}],"wp:featuredmedia":[{"embeddable":true,"href":"https:\/\/naturalpoland.com\/cs\/wp-json\/wp\/v2\/media\/21069"}],"wp:attachment":[{"href":"https:\/\/naturalpoland.com\/cs\/wp-json\/wp\/v2\/media?parent=21170"}],"wp:term":[{"taxonomy":"product_brand","embeddable":true,"href":"https:\/\/naturalpoland.com\/cs\/wp-json\/wp\/v2\/product_brand?post=21170"},{"taxonomy":"product_cat","embeddable":true,"href":"https:\/\/naturalpoland.com\/cs\/wp-json\/wp\/v2\/product_cat?post=21170"},{"taxonomy":"product_tag","embeddable":true,"href":"https:\/\/naturalpoland.com\/cs\/wp-json\/wp\/v2\/product_tag?post=21170"}],"curies":[{"name":"wp","href":"https:\/\/api.w.org\/{rel}","templated":true}]}}