{"id":21192,"date":"2023-02-15T15:04:34","date_gmt":"2023-03-24T07:39:14","guid":{"rendered":"https:\/\/naturalpoland.pl\/produkty\/nezarazene\/tremella-fuciformis-klusavka-macerat\/"},"modified":"2025-06-30T15:00:43","modified_gmt":"2025-06-30T13:00:43","slug":"fungus-tremella-tremella-fuciformis-fungus-tremella-fuciformis-macerat","status":"publish","type":"product","link":"https:\/\/naturalpoland.com\/cs\/produkty\/produkty-pro-potravinarsky-prumysl\/suroviny-pro-vyrobu\/fungus-tremella-tremella-fuciformis-fungus-tremella-fuciformis-macerat\/","title":{"rendered":"Macer\u00e1t z tremelly (Tremella fuciformis)"},"content":{"rendered":"<p>D\u00edky sv\u00e9 p\u0159\u00edjemn\u00e9 chuti a v\u016fni se houba tremella n\u011bkdy pou\u017e\u00edv\u00e1 jako p\u0159\u00edsada do r\u016fzn\u00fdch pokrm\u016f a dezert\u016f. Z hlediska dietetick\u00e9ho a farmaceutick\u00e9ho pr\u016fmyslu je v\u0161ak nejd\u016fle\u017eit\u011bj\u0161\u00ed extrahovan\u00e1 polysacharidov\u00e1 frakce, kter\u00e1 se skl\u00e1d\u00e1 z xyl\u00f3zy, man\u00f3zy a kyseliny glukuronov\u00e9 spojen\u00fdch \u03b1-1,3-glykosidickou vazbou s postrann\u00edmi \u0159et\u011bzci tvo\u0159en\u00fdmi galakt\u00f3zou, arabin\u00f3zou a mal\u00fdm mno\u017estv\u00edm fuk\u00f3zy.<\/p>\n<p>Macer\u00e1t z n\u011bj z\u00edskan\u00fd je v kosmetice zn\u00e1m\u00fd jako <strong>p\u0159\u00edrodn\u00ed n\u00e1hrada <a href=\"https:\/\/naturalpoland.pl\/cs\/produkty\/produkty-pro-kosmeticky-prumysl\/kosmeticke-suroviny\/hyaluronat-sodny\/\">kyseliny hyaluronov\u00e9<\/a><\/strong>, proto\u017ee m\u00e1 siln\u00e9 hydrata\u010dn\u00ed a protist\u00e1rnouc\u00ed vlastnosti.<\/p>\n<p>V l\u00e9\u010divech a dopl\u0148c\u00edch stravy se naopak oce\u0148uj\u00ed adaptogenn\u00ed vlastnosti chvojn\u00edku &#8211; chr\u00e1n\u00ed organismus p\u0159ed negativn\u00edmi \u00fa\u010dinky stresu a napom\u00e1h\u00e1 koncentraci a pam\u011bti. Je tak\u00e9 zn\u00e1mo, \u017ee je velmi prosp\u011b\u0161n\u00fd p\u0159i prevenci civiliza\u010dn\u00edch chorob. L\u00e1tky obsa\u017een\u00e9 v extraktu sni\u017euj\u00ed hladinu gluk\u00f3zy a cholesterolu v krvi, podporuj\u00ed detoxikaci organismu a norm\u00e1ln\u00ed funkci st\u0159ev.<\/p>\n","protected":false},"excerpt":{"rendered":"<p>Houba tremella, zn\u00e1m\u00e1 tak\u00e9 jako <em>Tremella fuciformis<\/em> nebo <em>tremella fuciformis<\/em>, je rostlinn\u00fd materi\u00e1l asijsk\u00e9ho p\u016fvodu pou\u017e\u00edvan\u00fd v tradi\u010dn\u00ed \u010d\u00ednsk\u00e9 medic\u00edn\u011b. D\u00edky sv\u00e9mu v\u00edcesm\u011brn\u00e9mu p\u016fsoben\u00ed jej lze pou\u017e\u00edt v obou sm\u011brech <strong><a href=\"\/kategoria\/produkty-dla-przemyslu-kosmetycznego\/\">kosmetick\u00e9m pr\u016fmyslu<\/a> <\/strong>i <strong><a href=\"\/kategoria\/produkty-dla-przemyslu-spozywczego\/\">potravin\u00e1\u0159sk\u00e9m pr\u016fmyslu<\/a> <\/strong>i <strong><a href=\"\/kategoria\/produkty-dla-przemyslu-farmaceutycznego-i-medycznego\/\">farmaceutick\u00e9m pr\u016fmyslu.<\/a><br \/>\n<\/strong>.<\/p>\n","protected":false},"featured_media":20867,"template":"","meta":{"_acf_changed":false},"product_brand":[],"product_cat":[634,629,641],"product_tag":[],"class_list":{"0":"post-21192","1":"product","2":"type-product","3":"status-publish","4":"has-post-thumbnail","6":"product_cat-maceraty-cs","7":"product_cat-pridavky-k-doplnkum-stravy","8":"product_cat-suroviny-pro-vyrobu","10":"first","11":"instock","12":"shipping-taxable","13":"product-type-simple"},"acf":[],"yoast_head":"<!-- This site is optimized with the Yoast SEO plugin v27.6 - https:\/\/yoast.com\/product\/yoast-seo-wordpress\/ -->\n<title>Macer\u00e1t z tremelly (Tremella fuciformis) - Velkoobchodn\u00ed distributor<\/title>\n<meta name=\"robots\" content=\"index, follow, max-snippet:-1, max-image-preview:large, max-video-preview:-1\" \/>\n<link rel=\"canonical\" href=\"https:\/\/naturalpoland.com\/cs\/produkty\/produkty-pro-potravinarsky-prumysl\/suroviny-pro-vyrobu\/fungus-tremella-tremella-fuciformis-fungus-tremella-fuciformis-macerat\/\" \/>\n<meta property=\"og:locale\" content=\"cs_CZ\" \/>\n<meta property=\"og:type\" content=\"article\" \/>\n<meta property=\"og:title\" content=\"Macer\u00e1t z tremelly (Tremella fuciformis) - Velkoobchodn\u00ed distributor\" \/>\n<meta property=\"og:description\" content=\"Houba tremella, zn\u00e1m\u00e1 tak\u00e9 jako Tremella fuciformis nebo tremella fuciformis, je rostlinn\u00fd materi\u00e1l asijsk\u00e9ho p\u016fvodu pou\u017e\u00edvan\u00fd v tradi\u010dn\u00ed \u010d\u00ednsk\u00e9 medic\u00edn\u011b. D\u00edky sv\u00e9mu v\u00edcesm\u011brn\u00e9mu p\u016fsoben\u00ed jej lze pou\u017e\u00edt v obou sm\u011brech kosmetick\u00e9m pr\u016fmyslu i potravin\u00e1\u0159sk\u00e9m pr\u016fmyslu i farmaceutick\u00e9m pr\u016fmyslu. .\" \/>\n<meta property=\"og:url\" content=\"https:\/\/naturalpoland.com\/cs\/produkty\/produkty-pro-potravinarsky-prumysl\/suroviny-pro-vyrobu\/fungus-tremella-tremella-fuciformis-fungus-tremella-fuciformis-macerat\/\" \/>\n<meta property=\"og:site_name\" content=\"NATURAL POLAND - Velkoobchodn\u00ed distributor surovin\" \/>\n<meta property=\"article:publisher\" content=\"https:\/\/www.facebook.com\/naturalpoland.b2b\" \/>\n<meta property=\"article:modified_time\" content=\"2025-06-30T13:00:43+00:00\" \/>\n<meta property=\"og:image\" content=\"https:\/\/naturalpoland.com\/wp-content\/uploads\/Grzyb-tremella-Tremella-fuciformis-trzesak-morszczynowaty-macerat.jpg\" \/>\n\t<meta property=\"og:image:width\" content=\"600\" \/>\n\t<meta property=\"og:image:height\" content=\"600\" \/>\n\t<meta property=\"og:image:type\" content=\"image\/jpeg\" \/>\n<script type=\"application\/ld+json\" class=\"yoast-schema-graph\">{\"@context\":\"https:\\\/\\\/schema.org\",\"@graph\":[{\"@type\":\"WebPage\",\"@id\":\"https:\\\/\\\/naturalpoland.com\\\/cs\\\/produkty\\\/produkty-pro-potravinarsky-prumysl\\\/suroviny-pro-vyrobu\\\/fungus-tremella-tremella-fuciformis-fungus-tremella-fuciformis-macerat\\\/\",\"url\":\"https:\\\/\\\/naturalpoland.com\\\/cs\\\/produkty\\\/produkty-pro-potravinarsky-prumysl\\\/suroviny-pro-vyrobu\\\/fungus-tremella-tremella-fuciformis-fungus-tremella-fuciformis-macerat\\\/\",\"name\":\"Macer\u00e1t z tremelly (Tremella fuciformis) - Velkoobchodn\u00ed distributor\",\"isPartOf\":{\"@id\":\"https:\\\/\\\/naturalpoland.com\\\/cs\\\/#website\"},\"primaryImageOfPage\":{\"@id\":\"https:\\\/\\\/naturalpoland.com\\\/cs\\\/produkty\\\/produkty-pro-potravinarsky-prumysl\\\/suroviny-pro-vyrobu\\\/fungus-tremella-tremella-fuciformis-fungus-tremella-fuciformis-macerat\\\/#primaryimage\"},\"image\":{\"@id\":\"https:\\\/\\\/naturalpoland.com\\\/cs\\\/produkty\\\/produkty-pro-potravinarsky-prumysl\\\/suroviny-pro-vyrobu\\\/fungus-tremella-tremella-fuciformis-fungus-tremella-fuciformis-macerat\\\/#primaryimage\"},\"thumbnailUrl\":\"https:\\\/\\\/naturalpoland.com\\\/wp-content\\\/uploads\\\/Grzyb-tremella-Tremella-fuciformis-trzesak-morszczynowaty-macerat.jpg\",\"datePublished\":\"2023-03-24T07:39:14+00:00\",\"dateModified\":\"2025-06-30T13:00:43+00:00\",\"breadcrumb\":{\"@id\":\"https:\\\/\\\/naturalpoland.com\\\/cs\\\/produkty\\\/produkty-pro-potravinarsky-prumysl\\\/suroviny-pro-vyrobu\\\/fungus-tremella-tremella-fuciformis-fungus-tremella-fuciformis-macerat\\\/#breadcrumb\"},\"inLanguage\":\"cs\",\"potentialAction\":[{\"@type\":\"ReadAction\",\"target\":[\"https:\\\/\\\/naturalpoland.com\\\/cs\\\/produkty\\\/produkty-pro-potravinarsky-prumysl\\\/suroviny-pro-vyrobu\\\/fungus-tremella-tremella-fuciformis-fungus-tremella-fuciformis-macerat\\\/\"]}]},{\"@type\":\"ImageObject\",\"inLanguage\":\"cs\",\"@id\":\"https:\\\/\\\/naturalpoland.com\\\/cs\\\/produkty\\\/produkty-pro-potravinarsky-prumysl\\\/suroviny-pro-vyrobu\\\/fungus-tremella-tremella-fuciformis-fungus-tremella-fuciformis-macerat\\\/#primaryimage\",\"url\":\"https:\\\/\\\/naturalpoland.com\\\/wp-content\\\/uploads\\\/Grzyb-tremella-Tremella-fuciformis-trzesak-morszczynowaty-macerat.jpg\",\"contentUrl\":\"https:\\\/\\\/naturalpoland.com\\\/wp-content\\\/uploads\\\/Grzyb-tremella-Tremella-fuciformis-trzesak-morszczynowaty-macerat.jpg\",\"width\":600,\"height\":600,\"caption\":\"Tremella fuciformis, klusavka - macer\u00e1t\"},{\"@type\":\"BreadcrumbList\",\"@id\":\"https:\\\/\\\/naturalpoland.com\\\/cs\\\/produkty\\\/produkty-pro-potravinarsky-prumysl\\\/suroviny-pro-vyrobu\\\/fungus-tremella-tremella-fuciformis-fungus-tremella-fuciformis-macerat\\\/#breadcrumb\",\"itemListElement\":[{\"@type\":\"ListItem\",\"position\":1,\"name\":\"Dom\u016f\",\"item\":\"https:\\\/\\\/naturalpoland.com\\\/cs\\\/\"},{\"@type\":\"ListItem\",\"position\":2,\"name\":\"Produkty\",\"item\":\"https:\\\/\\\/naturalpoland.com\\\/cs\\\/produkty\\\/\"},{\"@type\":\"ListItem\",\"position\":3,\"name\":\"Macer\u00e1t z tremelly (Tremella fuciformis)\"}]},{\"@type\":\"WebSite\",\"@id\":\"https:\\\/\\\/naturalpoland.com\\\/cs\\\/#website\",\"url\":\"https:\\\/\\\/naturalpoland.com\\\/cs\\\/\",\"name\":\"NATURAL POLAND - Velkoobchodn\u00ed distributor surovin\",\"description\":\"Surowce dla przemys\u0142u spo\u017cywczego, kosmetycznego i farmaceutycznego\",\"publisher\":{\"@id\":\"https:\\\/\\\/naturalpoland.com\\\/cs\\\/#organization\"},\"potentialAction\":[{\"@type\":\"SearchAction\",\"target\":{\"@type\":\"EntryPoint\",\"urlTemplate\":\"https:\\\/\\\/naturalpoland.com\\\/cs\\\/?s={search_term_string}\"},\"query-input\":{\"@type\":\"PropertyValueSpecification\",\"valueRequired\":true,\"valueName\":\"search_term_string\"}}],\"inLanguage\":\"cs\"},{\"@type\":\"Organization\",\"@id\":\"https:\\\/\\\/naturalpoland.com\\\/cs\\\/#organization\",\"name\":\"Natural Poland\",\"url\":\"https:\\\/\\\/naturalpoland.com\\\/cs\\\/\",\"logo\":{\"@type\":\"ImageObject\",\"inLanguage\":\"cs\",\"@id\":\"https:\\\/\\\/naturalpoland.com\\\/cs\\\/#\\\/schema\\\/logo\\\/image\\\/\",\"url\":\"https:\\\/\\\/naturalpoland.com\\\/wp-content\\\/uploads\\\/2021\\\/05\\\/natural-poland-icon.png\",\"contentUrl\":\"https:\\\/\\\/naturalpoland.com\\\/wp-content\\\/uploads\\\/2021\\\/05\\\/natural-poland-icon.png\",\"width\":512,\"height\":512,\"caption\":\"Natural Poland\"},\"image\":{\"@id\":\"https:\\\/\\\/naturalpoland.com\\\/cs\\\/#\\\/schema\\\/logo\\\/image\\\/\"},\"sameAs\":[\"https:\\\/\\\/www.facebook.com\\\/naturalpoland.b2b\",\"https:\\\/\\\/pl.linkedin.com\\\/company\\\/natural-poland\",\"https:\\\/\\\/www.youtube.com\\\/channel\\\/UCgeGGkvOMahZo-xu_MSEWxg\"]}]}<\/script>\n<!-- \/ Yoast SEO plugin. -->","yoast_head_json":{"title":"Macer\u00e1t z tremelly (Tremella fuciformis) - Velkoobchodn\u00ed distributor","robots":{"index":"index","follow":"follow","max-snippet":"max-snippet:-1","max-image-preview":"max-image-preview:large","max-video-preview":"max-video-preview:-1"},"canonical":"https:\/\/naturalpoland.com\/cs\/produkty\/produkty-pro-potravinarsky-prumysl\/suroviny-pro-vyrobu\/fungus-tremella-tremella-fuciformis-fungus-tremella-fuciformis-macerat\/","og_locale":"cs_CZ","og_type":"article","og_title":"Macer\u00e1t z tremelly (Tremella fuciformis) - Velkoobchodn\u00ed distributor","og_description":"Houba tremella, zn\u00e1m\u00e1 tak\u00e9 jako Tremella fuciformis nebo tremella fuciformis, je rostlinn\u00fd materi\u00e1l asijsk\u00e9ho p\u016fvodu pou\u017e\u00edvan\u00fd v tradi\u010dn\u00ed \u010d\u00ednsk\u00e9 medic\u00edn\u011b. D\u00edky sv\u00e9mu v\u00edcesm\u011brn\u00e9mu p\u016fsoben\u00ed jej lze pou\u017e\u00edt v obou sm\u011brech kosmetick\u00e9m pr\u016fmyslu i potravin\u00e1\u0159sk\u00e9m pr\u016fmyslu i farmaceutick\u00e9m pr\u016fmyslu. .","og_url":"https:\/\/naturalpoland.com\/cs\/produkty\/produkty-pro-potravinarsky-prumysl\/suroviny-pro-vyrobu\/fungus-tremella-tremella-fuciformis-fungus-tremella-fuciformis-macerat\/","og_site_name":"NATURAL POLAND - Velkoobchodn\u00ed distributor surovin","article_publisher":"https:\/\/www.facebook.com\/naturalpoland.b2b","article_modified_time":"2025-06-30T13:00:43+00:00","og_image":[{"width":600,"height":600,"url":"https:\/\/naturalpoland.com\/wp-content\/uploads\/Grzyb-tremella-Tremella-fuciformis-trzesak-morszczynowaty-macerat.jpg","type":"image\/jpeg"}],"schema":{"@context":"https:\/\/schema.org","@graph":[{"@type":"WebPage","@id":"https:\/\/naturalpoland.com\/cs\/produkty\/produkty-pro-potravinarsky-prumysl\/suroviny-pro-vyrobu\/fungus-tremella-tremella-fuciformis-fungus-tremella-fuciformis-macerat\/","url":"https:\/\/naturalpoland.com\/cs\/produkty\/produkty-pro-potravinarsky-prumysl\/suroviny-pro-vyrobu\/fungus-tremella-tremella-fuciformis-fungus-tremella-fuciformis-macerat\/","name":"Macer\u00e1t z tremelly (Tremella fuciformis) - Velkoobchodn\u00ed distributor","isPartOf":{"@id":"https:\/\/naturalpoland.com\/cs\/#website"},"primaryImageOfPage":{"@id":"https:\/\/naturalpoland.com\/cs\/produkty\/produkty-pro-potravinarsky-prumysl\/suroviny-pro-vyrobu\/fungus-tremella-tremella-fuciformis-fungus-tremella-fuciformis-macerat\/#primaryimage"},"image":{"@id":"https:\/\/naturalpoland.com\/cs\/produkty\/produkty-pro-potravinarsky-prumysl\/suroviny-pro-vyrobu\/fungus-tremella-tremella-fuciformis-fungus-tremella-fuciformis-macerat\/#primaryimage"},"thumbnailUrl":"https:\/\/naturalpoland.com\/wp-content\/uploads\/Grzyb-tremella-Tremella-fuciformis-trzesak-morszczynowaty-macerat.jpg","datePublished":"2023-03-24T07:39:14+00:00","dateModified":"2025-06-30T13:00:43+00:00","breadcrumb":{"@id":"https:\/\/naturalpoland.com\/cs\/produkty\/produkty-pro-potravinarsky-prumysl\/suroviny-pro-vyrobu\/fungus-tremella-tremella-fuciformis-fungus-tremella-fuciformis-macerat\/#breadcrumb"},"inLanguage":"cs","potentialAction":[{"@type":"ReadAction","target":["https:\/\/naturalpoland.com\/cs\/produkty\/produkty-pro-potravinarsky-prumysl\/suroviny-pro-vyrobu\/fungus-tremella-tremella-fuciformis-fungus-tremella-fuciformis-macerat\/"]}]},{"@type":"ImageObject","inLanguage":"cs","@id":"https:\/\/naturalpoland.com\/cs\/produkty\/produkty-pro-potravinarsky-prumysl\/suroviny-pro-vyrobu\/fungus-tremella-tremella-fuciformis-fungus-tremella-fuciformis-macerat\/#primaryimage","url":"https:\/\/naturalpoland.com\/wp-content\/uploads\/Grzyb-tremella-Tremella-fuciformis-trzesak-morszczynowaty-macerat.jpg","contentUrl":"https:\/\/naturalpoland.com\/wp-content\/uploads\/Grzyb-tremella-Tremella-fuciformis-trzesak-morszczynowaty-macerat.jpg","width":600,"height":600,"caption":"Tremella fuciformis, klusavka - macer\u00e1t"},{"@type":"BreadcrumbList","@id":"https:\/\/naturalpoland.com\/cs\/produkty\/produkty-pro-potravinarsky-prumysl\/suroviny-pro-vyrobu\/fungus-tremella-tremella-fuciformis-fungus-tremella-fuciformis-macerat\/#breadcrumb","itemListElement":[{"@type":"ListItem","position":1,"name":"Dom\u016f","item":"https:\/\/naturalpoland.com\/cs\/"},{"@type":"ListItem","position":2,"name":"Produkty","item":"https:\/\/naturalpoland.com\/cs\/produkty\/"},{"@type":"ListItem","position":3,"name":"Macer\u00e1t z tremelly (Tremella fuciformis)"}]},{"@type":"WebSite","@id":"https:\/\/naturalpoland.com\/cs\/#website","url":"https:\/\/naturalpoland.com\/cs\/","name":"NATURAL POLAND - Velkoobchodn\u00ed distributor surovin","description":"Surowce dla przemys\u0142u spo\u017cywczego, kosmetycznego i farmaceutycznego","publisher":{"@id":"https:\/\/naturalpoland.com\/cs\/#organization"},"potentialAction":[{"@type":"SearchAction","target":{"@type":"EntryPoint","urlTemplate":"https:\/\/naturalpoland.com\/cs\/?s={search_term_string}"},"query-input":{"@type":"PropertyValueSpecification","valueRequired":true,"valueName":"search_term_string"}}],"inLanguage":"cs"},{"@type":"Organization","@id":"https:\/\/naturalpoland.com\/cs\/#organization","name":"Natural Poland","url":"https:\/\/naturalpoland.com\/cs\/","logo":{"@type":"ImageObject","inLanguage":"cs","@id":"https:\/\/naturalpoland.com\/cs\/#\/schema\/logo\/image\/","url":"https:\/\/naturalpoland.com\/wp-content\/uploads\/2021\/05\/natural-poland-icon.png","contentUrl":"https:\/\/naturalpoland.com\/wp-content\/uploads\/2021\/05\/natural-poland-icon.png","width":512,"height":512,"caption":"Natural Poland"},"image":{"@id":"https:\/\/naturalpoland.com\/cs\/#\/schema\/logo\/image\/"},"sameAs":["https:\/\/www.facebook.com\/naturalpoland.b2b","https:\/\/pl.linkedin.com\/company\/natural-poland","https:\/\/www.youtube.com\/channel\/UCgeGGkvOMahZo-xu_MSEWxg"]}]}},"_links":{"self":[{"href":"https:\/\/naturalpoland.com\/cs\/wp-json\/wp\/v2\/product\/21192","targetHints":{"allow":["GET"]}}],"collection":[{"href":"https:\/\/naturalpoland.com\/cs\/wp-json\/wp\/v2\/product"}],"about":[{"href":"https:\/\/naturalpoland.com\/cs\/wp-json\/wp\/v2\/types\/product"}],"wp:featuredmedia":[{"embeddable":true,"href":"https:\/\/naturalpoland.com\/cs\/wp-json\/wp\/v2\/media\/20867"}],"wp:attachment":[{"href":"https:\/\/naturalpoland.com\/cs\/wp-json\/wp\/v2\/media?parent=21192"}],"wp:term":[{"taxonomy":"product_brand","embeddable":true,"href":"https:\/\/naturalpoland.com\/cs\/wp-json\/wp\/v2\/product_brand?post=21192"},{"taxonomy":"product_cat","embeddable":true,"href":"https:\/\/naturalpoland.com\/cs\/wp-json\/wp\/v2\/product_cat?post=21192"},{"taxonomy":"product_tag","embeddable":true,"href":"https:\/\/naturalpoland.com\/cs\/wp-json\/wp\/v2\/product_tag?post=21192"}],"curies":[{"name":"wp","href":"https:\/\/api.w.org\/{rel}","templated":true}]}}