{"id":21194,"date":"2023-03-06T13:00:15","date_gmt":"2023-03-24T07:39:15","guid":{"rendered":"https:\/\/naturalpoland.pl\/produkty\/nezarazene\/cordyceps\/"},"modified":"2023-03-24T08:39:15","modified_gmt":"2023-03-24T07:39:15","slug":"cordyceps","status":"publish","type":"product","link":"https:\/\/naturalpoland.com\/cs\/produkty\/produkty-pro-farmaceuticky-a-zdravotnicky-prumysl\/vytazky-z-hub\/cordyceps\/","title":{"rendered":"Cordyceps"},"content":{"rendered":"<p>V houb\u00e1ch <em>Cordyceps <\/em>se nach\u00e1z\u00ed mnoho \u00fa\u010dinn\u00fdch l\u00e1tek, nap\u0159. mannitol, cordycepin, nukleosidy, ergosterol, aminofenol a stopov\u00e9 prvky. Tyto houby maj\u00ed \u0161irokou \u0161k\u00e1lu l\u00e9\u010div\u00fdch \u00fa\u010dink\u016f a jejich schopnost regulovat imunitu hraje d\u016fle\u017eitou roli v prevenci rakoviny, ledvin, jater a srde\u010dn\u00edch onemocn\u011bn\u00ed.<\/p>\n<p>\u010c\u00ednsk\u00fd l\u00e9kopis (2005) uv\u00e1d\u00ed, \u017ee houby <em>Cordyceps<\/em>maj\u00ed pozitivn\u00ed vliv na funkci ledvin a plic. Lze je pou\u017e\u00edt k l\u00e9\u010db\u011b \u00faporn\u00e9ho ka\u0161le zp\u016fsoben\u00e9ho astmatem.<\/p>\n<p>Ve voln\u00e9 p\u0159\u00edrod\u011b <strong><br \/>\n  <em>Cordyceps sinensis<\/em><br \/>\n<\/strong> roste jako parazitick\u00e1 houba na housenk\u00e1ch (Zhu, Halpern a Jones, 1998a; Zhu et al., 1998b), tak\u017ee je velmi vz\u00e1cn\u00fd. Mezi podobn\u00e9 vlastnosti<em> Cordycepsu sinensis <\/em>pat\u0159\u00ed. <strong><br \/>\n  <em>Cordyceps militaris<\/em><br \/>\n<\/strong>kter\u00fd s oblibou vyu\u017e\u00edvaj\u00ed sportovci &#8211; zvy\u0161uje pr\u016ftok krve a z\u00e1rove\u0148 l\u00e9pe okysli\u010duje na\u0161e t\u011blesn\u00e9 bu\u0148ky, co\u017e se projevuje zv\u00fd\u0161enou vytrvalost\u00ed p\u0159i sportu. P\u016fsob\u00ed tak\u00e9 jako p\u0159\u00edrodn\u00ed antioxidant.<\/p>\n","protected":false},"excerpt":{"rendered":"<p>Extrakt z houby <strong>Cordyceps <\/strong>m\u016f\u017ee p\u0159isp\u011bt ke zv\u00fd\u0161en\u00ed s\u00edly a fyzick\u00e9 v\u00fdkonnosti t\u00edm, \u017ee zvy\u0161uje produkci a transport ATP a zvy\u0161uje pr\u00e1h kyseliny ml\u00e9\u010dn\u00e9. M\u00e1 antivirov\u00e9, antimikrobi\u00e1ln\u00ed a antioxida\u010dn\u00ed \u00fa\u010dinky. Reguluje hladinu gluk\u00f3zy v krvi a p\u016fsob\u00ed preventivn\u011b proti rakovin\u011b. Extrakt obsahuje cenn\u00e9 vitaminy a miner\u00e1ly &#8211; vitaminy skupiny B, vitaminy C a D, ho\u0159\u010d\u00edk, v\u00e1pn\u00edk a drasl\u00edk.<\/p>\n","protected":false},"featured_media":37204,"template":"","meta":{"_acf_changed":false},"product_brand":[],"product_cat":[2056],"product_tag":[],"class_list":{"0":"post-21194","1":"product","2":"type-product","3":"status-publish","4":"has-post-thumbnail","6":"product_cat-vytazky-z-hub","7":"pa_czesc-rosliny-plodnice","8":"pa_skladnik-aktywny-polysacharidy","10":"first","11":"instock","12":"shipping-taxable","13":"product-type-simple"},"acf":[],"yoast_head":"<!-- This site is optimized with the Yoast SEO plugin v27.5 - https:\/\/yoast.com\/product\/yoast-seo-wordpress\/ -->\n<title>Cordyceps - Velkoobchodn\u00ed distributor<\/title>\n<meta name=\"robots\" content=\"index, follow, max-snippet:-1, max-image-preview:large, max-video-preview:-1\" \/>\n<link rel=\"canonical\" href=\"https:\/\/naturalpoland.com\/cs\/produkty\/produkty-pro-farmaceuticky-a-zdravotnicky-prumysl\/vytazky-z-hub\/cordyceps\/\" \/>\n<meta property=\"og:locale\" content=\"cs_CZ\" \/>\n<meta property=\"og:type\" content=\"article\" \/>\n<meta property=\"og:title\" content=\"Cordyceps - Velkoobchodn\u00ed distributor\" \/>\n<meta property=\"og:description\" content=\"Extrakt z houby Cordyceps m\u016f\u017ee p\u0159isp\u011bt ke zv\u00fd\u0161en\u00ed s\u00edly a fyzick\u00e9 v\u00fdkonnosti t\u00edm, \u017ee zvy\u0161uje produkci a transport ATP a zvy\u0161uje pr\u00e1h kyseliny ml\u00e9\u010dn\u00e9. M\u00e1 antivirov\u00e9, antimikrobi\u00e1ln\u00ed a antioxida\u010dn\u00ed \u00fa\u010dinky. Reguluje hladinu gluk\u00f3zy v krvi a p\u016fsob\u00ed preventivn\u011b proti rakovin\u011b. Extrakt obsahuje cenn\u00e9 vitaminy a miner\u00e1ly - vitaminy skupiny B, vitaminy C a D, ho\u0159\u010d\u00edk, v\u00e1pn\u00edk a drasl\u00edk.\" \/>\n<meta property=\"og:url\" content=\"https:\/\/naturalpoland.com\/cs\/produkty\/produkty-pro-farmaceuticky-a-zdravotnicky-prumysl\/vytazky-z-hub\/cordyceps\/\" \/>\n<meta property=\"og:site_name\" content=\"NATURAL POLAND - Velkoobchodn\u00ed distributor surovin\" \/>\n<meta property=\"article:publisher\" content=\"https:\/\/www.facebook.com\/naturalpoland.b2b\" \/>\n<meta property=\"og:image\" content=\"https:\/\/naturalpoland.com\/wp-content\/uploads\/ekstrakt-z-cordyceps-sinensis.webp\" \/>\n\t<meta property=\"og:image:width\" content=\"614\" \/>\n\t<meta property=\"og:image:height\" content=\"614\" \/>\n\t<meta property=\"og:image:type\" content=\"image\/webp\" \/>\n<script type=\"application\/ld+json\" class=\"yoast-schema-graph\">{\"@context\":\"https:\\\/\\\/schema.org\",\"@graph\":[{\"@type\":\"WebPage\",\"@id\":\"https:\\\/\\\/naturalpoland.com\\\/cs\\\/produkty\\\/produkty-pro-farmaceuticky-a-zdravotnicky-prumysl\\\/vytazky-z-hub\\\/cordyceps\\\/\",\"url\":\"https:\\\/\\\/naturalpoland.com\\\/cs\\\/produkty\\\/produkty-pro-farmaceuticky-a-zdravotnicky-prumysl\\\/vytazky-z-hub\\\/cordyceps\\\/\",\"name\":\"Cordyceps - Velkoobchodn\u00ed distributor\",\"isPartOf\":{\"@id\":\"https:\\\/\\\/naturalpoland.com\\\/cs\\\/#website\"},\"primaryImageOfPage\":{\"@id\":\"https:\\\/\\\/naturalpoland.com\\\/cs\\\/produkty\\\/produkty-pro-farmaceuticky-a-zdravotnicky-prumysl\\\/vytazky-z-hub\\\/cordyceps\\\/#primaryimage\"},\"image\":{\"@id\":\"https:\\\/\\\/naturalpoland.com\\\/cs\\\/produkty\\\/produkty-pro-farmaceuticky-a-zdravotnicky-prumysl\\\/vytazky-z-hub\\\/cordyceps\\\/#primaryimage\"},\"thumbnailUrl\":\"https:\\\/\\\/naturalpoland.com\\\/wp-content\\\/uploads\\\/ekstrakt-z-cordyceps-sinensis.webp\",\"datePublished\":\"2023-03-24T07:39:15+00:00\",\"breadcrumb\":{\"@id\":\"https:\\\/\\\/naturalpoland.com\\\/cs\\\/produkty\\\/produkty-pro-farmaceuticky-a-zdravotnicky-prumysl\\\/vytazky-z-hub\\\/cordyceps\\\/#breadcrumb\"},\"inLanguage\":\"cs\",\"potentialAction\":[{\"@type\":\"ReadAction\",\"target\":[\"https:\\\/\\\/naturalpoland.com\\\/cs\\\/produkty\\\/produkty-pro-farmaceuticky-a-zdravotnicky-prumysl\\\/vytazky-z-hub\\\/cordyceps\\\/\"]}]},{\"@type\":\"ImageObject\",\"inLanguage\":\"cs\",\"@id\":\"https:\\\/\\\/naturalpoland.com\\\/cs\\\/produkty\\\/produkty-pro-farmaceuticky-a-zdravotnicky-prumysl\\\/vytazky-z-hub\\\/cordyceps\\\/#primaryimage\",\"url\":\"https:\\\/\\\/naturalpoland.com\\\/wp-content\\\/uploads\\\/ekstrakt-z-cordyceps-sinensis.webp\",\"contentUrl\":\"https:\\\/\\\/naturalpoland.com\\\/wp-content\\\/uploads\\\/ekstrakt-z-cordyceps-sinensis.webp\",\"width\":614,\"height\":614,\"caption\":\"ekstrakt z Cordyceps Sinensis\"},{\"@type\":\"BreadcrumbList\",\"@id\":\"https:\\\/\\\/naturalpoland.com\\\/cs\\\/produkty\\\/produkty-pro-farmaceuticky-a-zdravotnicky-prumysl\\\/vytazky-z-hub\\\/cordyceps\\\/#breadcrumb\",\"itemListElement\":[{\"@type\":\"ListItem\",\"position\":1,\"name\":\"Dom\u016f\",\"item\":\"https:\\\/\\\/naturalpoland.com\\\/cs\\\/\"},{\"@type\":\"ListItem\",\"position\":2,\"name\":\"Produkty\",\"item\":\"https:\\\/\\\/naturalpoland.com\\\/cs\\\/produkty\\\/\"},{\"@type\":\"ListItem\",\"position\":3,\"name\":\"Cordyceps\"}]},{\"@type\":\"WebSite\",\"@id\":\"https:\\\/\\\/naturalpoland.com\\\/cs\\\/#website\",\"url\":\"https:\\\/\\\/naturalpoland.com\\\/cs\\\/\",\"name\":\"NATURAL POLAND - Velkoobchodn\u00ed distributor surovin\",\"description\":\"Surowce dla przemys\u0142u spo\u017cywczego, kosmetycznego i farmaceutycznego\",\"publisher\":{\"@id\":\"https:\\\/\\\/naturalpoland.com\\\/cs\\\/#organization\"},\"potentialAction\":[{\"@type\":\"SearchAction\",\"target\":{\"@type\":\"EntryPoint\",\"urlTemplate\":\"https:\\\/\\\/naturalpoland.com\\\/cs\\\/?s={search_term_string}\"},\"query-input\":{\"@type\":\"PropertyValueSpecification\",\"valueRequired\":true,\"valueName\":\"search_term_string\"}}],\"inLanguage\":\"cs\"},{\"@type\":\"Organization\",\"@id\":\"https:\\\/\\\/naturalpoland.com\\\/cs\\\/#organization\",\"name\":\"Natural Poland\",\"url\":\"https:\\\/\\\/naturalpoland.com\\\/cs\\\/\",\"logo\":{\"@type\":\"ImageObject\",\"inLanguage\":\"cs\",\"@id\":\"https:\\\/\\\/naturalpoland.com\\\/cs\\\/#\\\/schema\\\/logo\\\/image\\\/\",\"url\":\"https:\\\/\\\/naturalpoland.com\\\/wp-content\\\/uploads\\\/2021\\\/05\\\/natural-poland-icon.png\",\"contentUrl\":\"https:\\\/\\\/naturalpoland.com\\\/wp-content\\\/uploads\\\/2021\\\/05\\\/natural-poland-icon.png\",\"width\":512,\"height\":512,\"caption\":\"Natural Poland\"},\"image\":{\"@id\":\"https:\\\/\\\/naturalpoland.com\\\/cs\\\/#\\\/schema\\\/logo\\\/image\\\/\"},\"sameAs\":[\"https:\\\/\\\/www.facebook.com\\\/naturalpoland.b2b\",\"https:\\\/\\\/pl.linkedin.com\\\/company\\\/natural-poland\",\"https:\\\/\\\/www.youtube.com\\\/channel\\\/UCgeGGkvOMahZo-xu_MSEWxg\"]}]}<\/script>\n<!-- \/ Yoast SEO plugin. -->","yoast_head_json":{"title":"Cordyceps - Velkoobchodn\u00ed distributor","robots":{"index":"index","follow":"follow","max-snippet":"max-snippet:-1","max-image-preview":"max-image-preview:large","max-video-preview":"max-video-preview:-1"},"canonical":"https:\/\/naturalpoland.com\/cs\/produkty\/produkty-pro-farmaceuticky-a-zdravotnicky-prumysl\/vytazky-z-hub\/cordyceps\/","og_locale":"cs_CZ","og_type":"article","og_title":"Cordyceps - Velkoobchodn\u00ed distributor","og_description":"Extrakt z houby Cordyceps m\u016f\u017ee p\u0159isp\u011bt ke zv\u00fd\u0161en\u00ed s\u00edly a fyzick\u00e9 v\u00fdkonnosti t\u00edm, \u017ee zvy\u0161uje produkci a transport ATP a zvy\u0161uje pr\u00e1h kyseliny ml\u00e9\u010dn\u00e9. M\u00e1 antivirov\u00e9, antimikrobi\u00e1ln\u00ed a antioxida\u010dn\u00ed \u00fa\u010dinky. Reguluje hladinu gluk\u00f3zy v krvi a p\u016fsob\u00ed preventivn\u011b proti rakovin\u011b. Extrakt obsahuje cenn\u00e9 vitaminy a miner\u00e1ly - vitaminy skupiny B, vitaminy C a D, ho\u0159\u010d\u00edk, v\u00e1pn\u00edk a drasl\u00edk.","og_url":"https:\/\/naturalpoland.com\/cs\/produkty\/produkty-pro-farmaceuticky-a-zdravotnicky-prumysl\/vytazky-z-hub\/cordyceps\/","og_site_name":"NATURAL POLAND - Velkoobchodn\u00ed distributor surovin","article_publisher":"https:\/\/www.facebook.com\/naturalpoland.b2b","og_image":[{"width":614,"height":614,"url":"https:\/\/naturalpoland.com\/wp-content\/uploads\/ekstrakt-z-cordyceps-sinensis.webp","type":"image\/webp"}],"schema":{"@context":"https:\/\/schema.org","@graph":[{"@type":"WebPage","@id":"https:\/\/naturalpoland.com\/cs\/produkty\/produkty-pro-farmaceuticky-a-zdravotnicky-prumysl\/vytazky-z-hub\/cordyceps\/","url":"https:\/\/naturalpoland.com\/cs\/produkty\/produkty-pro-farmaceuticky-a-zdravotnicky-prumysl\/vytazky-z-hub\/cordyceps\/","name":"Cordyceps - Velkoobchodn\u00ed distributor","isPartOf":{"@id":"https:\/\/naturalpoland.com\/cs\/#website"},"primaryImageOfPage":{"@id":"https:\/\/naturalpoland.com\/cs\/produkty\/produkty-pro-farmaceuticky-a-zdravotnicky-prumysl\/vytazky-z-hub\/cordyceps\/#primaryimage"},"image":{"@id":"https:\/\/naturalpoland.com\/cs\/produkty\/produkty-pro-farmaceuticky-a-zdravotnicky-prumysl\/vytazky-z-hub\/cordyceps\/#primaryimage"},"thumbnailUrl":"https:\/\/naturalpoland.com\/wp-content\/uploads\/ekstrakt-z-cordyceps-sinensis.webp","datePublished":"2023-03-24T07:39:15+00:00","breadcrumb":{"@id":"https:\/\/naturalpoland.com\/cs\/produkty\/produkty-pro-farmaceuticky-a-zdravotnicky-prumysl\/vytazky-z-hub\/cordyceps\/#breadcrumb"},"inLanguage":"cs","potentialAction":[{"@type":"ReadAction","target":["https:\/\/naturalpoland.com\/cs\/produkty\/produkty-pro-farmaceuticky-a-zdravotnicky-prumysl\/vytazky-z-hub\/cordyceps\/"]}]},{"@type":"ImageObject","inLanguage":"cs","@id":"https:\/\/naturalpoland.com\/cs\/produkty\/produkty-pro-farmaceuticky-a-zdravotnicky-prumysl\/vytazky-z-hub\/cordyceps\/#primaryimage","url":"https:\/\/naturalpoland.com\/wp-content\/uploads\/ekstrakt-z-cordyceps-sinensis.webp","contentUrl":"https:\/\/naturalpoland.com\/wp-content\/uploads\/ekstrakt-z-cordyceps-sinensis.webp","width":614,"height":614,"caption":"ekstrakt z Cordyceps Sinensis"},{"@type":"BreadcrumbList","@id":"https:\/\/naturalpoland.com\/cs\/produkty\/produkty-pro-farmaceuticky-a-zdravotnicky-prumysl\/vytazky-z-hub\/cordyceps\/#breadcrumb","itemListElement":[{"@type":"ListItem","position":1,"name":"Dom\u016f","item":"https:\/\/naturalpoland.com\/cs\/"},{"@type":"ListItem","position":2,"name":"Produkty","item":"https:\/\/naturalpoland.com\/cs\/produkty\/"},{"@type":"ListItem","position":3,"name":"Cordyceps"}]},{"@type":"WebSite","@id":"https:\/\/naturalpoland.com\/cs\/#website","url":"https:\/\/naturalpoland.com\/cs\/","name":"NATURAL POLAND - Velkoobchodn\u00ed distributor surovin","description":"Surowce dla przemys\u0142u spo\u017cywczego, kosmetycznego i farmaceutycznego","publisher":{"@id":"https:\/\/naturalpoland.com\/cs\/#organization"},"potentialAction":[{"@type":"SearchAction","target":{"@type":"EntryPoint","urlTemplate":"https:\/\/naturalpoland.com\/cs\/?s={search_term_string}"},"query-input":{"@type":"PropertyValueSpecification","valueRequired":true,"valueName":"search_term_string"}}],"inLanguage":"cs"},{"@type":"Organization","@id":"https:\/\/naturalpoland.com\/cs\/#organization","name":"Natural Poland","url":"https:\/\/naturalpoland.com\/cs\/","logo":{"@type":"ImageObject","inLanguage":"cs","@id":"https:\/\/naturalpoland.com\/cs\/#\/schema\/logo\/image\/","url":"https:\/\/naturalpoland.com\/wp-content\/uploads\/2021\/05\/natural-poland-icon.png","contentUrl":"https:\/\/naturalpoland.com\/wp-content\/uploads\/2021\/05\/natural-poland-icon.png","width":512,"height":512,"caption":"Natural Poland"},"image":{"@id":"https:\/\/naturalpoland.com\/cs\/#\/schema\/logo\/image\/"},"sameAs":["https:\/\/www.facebook.com\/naturalpoland.b2b","https:\/\/pl.linkedin.com\/company\/natural-poland","https:\/\/www.youtube.com\/channel\/UCgeGGkvOMahZo-xu_MSEWxg"]}]}},"_links":{"self":[{"href":"https:\/\/naturalpoland.com\/cs\/wp-json\/wp\/v2\/product\/21194","targetHints":{"allow":["GET"]}}],"collection":[{"href":"https:\/\/naturalpoland.com\/cs\/wp-json\/wp\/v2\/product"}],"about":[{"href":"https:\/\/naturalpoland.com\/cs\/wp-json\/wp\/v2\/types\/product"}],"wp:featuredmedia":[{"embeddable":true,"href":"https:\/\/naturalpoland.com\/cs\/wp-json\/wp\/v2\/media\/37204"}],"wp:attachment":[{"href":"https:\/\/naturalpoland.com\/cs\/wp-json\/wp\/v2\/media?parent=21194"}],"wp:term":[{"taxonomy":"product_brand","embeddable":true,"href":"https:\/\/naturalpoland.com\/cs\/wp-json\/wp\/v2\/product_brand?post=21194"},{"taxonomy":"product_cat","embeddable":true,"href":"https:\/\/naturalpoland.com\/cs\/wp-json\/wp\/v2\/product_cat?post=21194"},{"taxonomy":"product_tag","embeddable":true,"href":"https:\/\/naturalpoland.com\/cs\/wp-json\/wp\/v2\/product_tag?post=21194"}],"curies":[{"name":"wp","href":"https:\/\/api.w.org\/{rel}","templated":true}]}}