{"id":21219,"date":"2023-02-15T14:55:21","date_gmt":"2023-02-15T13:55:21","guid":{"rendered":"https:\/\/naturalpoland.pl\/produkty\/nezarazene\/ashwagandha-white-cherry-macerat\/"},"modified":"2025-11-03T14:16:25","modified_gmt":"2025-11-03T13:16:25","slug":"ashwagandha-bila-tresen-macerat","status":"publish","type":"product","link":"https:\/\/naturalpoland.com\/cs\/produkty\/produkty-pro-potravinarsky-prumysl\/suroviny-pro-vyrobu\/ashwagandha-bila-tresen-macerat\/","title":{"rendered":"Ashwagandha macer\u00e1t"},"content":{"rendered":"<p>Macer\u00e1t z ashwagandhy se z\u00edsk\u00e1v\u00e1 metodou macerace. Olejovou z\u00e1kladnou je frakcionovan\u00fd kokosov\u00fd olej (Caprylic\/Capric Triglyceride), cen\u011bn\u00fd pro svou lehkou konzistenci, stabilitu a vynikaj\u00edc\u00ed biokompatibilitu s poko\u017ekou. <\/p>\n<p>Tento macer\u00e1t se vyzna\u010duje sv\u011btle hn\u011bdou, m\u00edrn\u011b zakalnou barvou a p\u0159irozenou, charakteristickou v\u016fn\u00ed. Je bohat\u00fd na mastn\u00e9 kyseliny C8:0 (kaprylov\u00e1) a C10:0 (kaprinov\u00e1).  Jedine\u010dn\u00e9 chemick\u00e9 slo\u017een\u00ed, kter\u00e9 zahrnuje. vitanolidy, glykovitanolidy a vitanosidy, kter\u00e9 se v jin\u00fdch rostlin\u00e1ch vyskytuj\u00ed jen z\u0159\u00eddka, z n\u011bj \u010din\u00ed jeden z nejobl\u00edben\u011bj\u0161\u00edch adaptogen\u016f &#8211; rostlinn\u00fdch l\u00e1tek s \u00fa\u010dinkem ochrany organismu p\u0159ed negativn\u00edmi \u00fa\u010dinky stresu.<\/p>\n<h2>Pou\u017eit\u00ed a vlastnosti<\/h2>\n<p>Macer\u00e1t z ashwagandhy podporuje organismus v boji se stresem a \u00fanavou, zlep\u0161uje odolnost, koncentraci, kvalitu sp\u00e1nku a celkovou fyzickou i psychickou v\u00fdkonnost. D\u00edky obsahu vitanolid\u016f a vitanozid\u016f nach\u00e1z\u00ed uplatn\u011bn\u00ed v dopl\u0148c\u00edch stravy ur\u010den\u00fdch pro osoby \u017eij\u00edc\u00ed v neust\u00e1l\u00e9m nap\u011bt\u00ed a hledaj\u00edc\u00ed p\u0159irozenou podporu nervov\u00e9ho syst\u00e9mu. <\/p>\n<p>V kosmetice se v\u00fdborn\u011b uplat\u0148uje v mas\u00e1\u017en\u00edch olej\u00edch, anti-aging kosmetice a regenera\u010dn\u00edch produktech. P\u016fsob\u00ed v\u00fd\u017eivn\u011b, antioxida\u010dn\u011b a uklid\u0148uj\u00edc\u011b, podporuje p\u00e9\u010di o zralou, suchou a unavenou poko\u017eku. D\u00edky MCT oleji se rychle vst\u0159eb\u00e1v\u00e1, nezanech\u00e1v\u00e1 mastnou vrstvu, co\u017e z n\u011bj \u010din\u00ed univerz\u00e1ln\u00ed slo\u017eku kr\u00e9m\u016f, balz\u00e1m\u016f, masek a SPA i aromaterapeutick\u00e9 kosmetiky.  <\/p>\n<h2>Profil mastn\u00fdch kyselin:<\/h2>\n<table>\n<tbody>\n<tr>\n<td>N\u00c1ZEV KYSELINY<\/td>\n<td>C-\u0158ET\u011aZEC<\/td>\n<td>ROZSAH %<\/td>\n<\/tr>\n<tr>\n<td>CAPROIC<\/td>\n<td>C6:0<\/td>\n<td>&lt;2.0<\/td>\n<\/tr>\n<tr>\n<td>CAPRYLIC<\/td>\n<td>C8:0<\/td>\n<td>50.0 &#8211; 80.0<\/td>\n<\/tr>\n<tr>\n<td>CAPRIC<\/td>\n<td>C10:0<\/td>\n<td>20.0 &#8211; 50.0<\/td>\n<\/tr>\n<tr>\n<td>LAURIC<\/td>\n<td>C12:0<\/td>\n<td>&lt;3.0<\/td>\n<\/tr>\n<\/tbody>\n<\/table>\n","protected":false},"excerpt":{"rendered":"<p><strong>Macer\u00e1t z ashwagandhy<\/strong> (<em><strong>Withania somnifera<\/strong><\/em>) na b\u00e1zi kokosov\u00e9ho oleje MCT spojuje vlastnosti jednoho z nejd\u016fle\u017eit\u011bj\u0161\u00edch \u00e1jurv\u00e9dsk\u00fdch adaptogen\u016f s v\u00fdhodami st\u0159edn\u011b\u0159et\u011bzcov\u00fdch triacylglycerol\u016f.<\/p>\n","protected":false},"featured_media":20856,"template":"","meta":[],"product_brand":[],"product_cat":[634,641],"product_tag":[],"class_list":{"0":"post-21219","1":"product","2":"type-product","3":"status-publish","4":"has-post-thumbnail","6":"product_cat-maceraty-cs","7":"product_cat-suroviny-pro-vyrobu","8":"pa_metoda-pozyskiwania-macerace","10":"first","11":"instock","12":"shipping-taxable","13":"product-type-simple"},"yoast_head":"<!-- This site is optimized with the Yoast SEO plugin v27.4 - https:\/\/yoast.com\/product\/yoast-seo-wordpress\/ -->\n<title>Ashwagandha macer\u00e1t - Velkoobchodn\u00ed distributor<\/title>\n<meta name=\"description\" content=\"Macer\u00e1t z a\u0161vagandy je jedn\u00edm z nejd\u016fle\u017eit\u011bj\u0161\u00edch l\u00e9\u010div\u00fdch p\u0159\u00edpravk\u016f rostouc\u00edho z\u00e1jmu o tradi\u010dn\u00ed \u00e1jurv\u00e9dskou medic\u00ednu.\" \/>\n<meta name=\"robots\" content=\"index, follow, max-snippet:-1, max-image-preview:large, max-video-preview:-1\" \/>\n<link rel=\"canonical\" href=\"https:\/\/naturalpoland.com\/cs\/produkty\/produkty-pro-potravinarsky-prumysl\/suroviny-pro-vyrobu\/ashwagandha-bila-tresen-macerat\/\" \/>\n<meta property=\"og:locale\" content=\"cs_CZ\" \/>\n<meta property=\"og:type\" content=\"article\" \/>\n<meta property=\"og:title\" content=\"Ashwagandha macer\u00e1t - Velkoobchodn\u00ed distributor\" \/>\n<meta property=\"og:description\" content=\"Macer\u00e1t z a\u0161vagandy je jedn\u00edm z nejd\u016fle\u017eit\u011bj\u0161\u00edch l\u00e9\u010div\u00fdch p\u0159\u00edpravk\u016f rostouc\u00edho z\u00e1jmu o tradi\u010dn\u00ed \u00e1jurv\u00e9dskou medic\u00ednu.\" \/>\n<meta property=\"og:url\" content=\"https:\/\/naturalpoland.com\/cs\/produkty\/produkty-pro-potravinarsky-prumysl\/suroviny-pro-vyrobu\/ashwagandha-bila-tresen-macerat\/\" \/>\n<meta property=\"og:site_name\" content=\"NATURAL POLAND - Velkoobchodn\u00ed distributor surovin\" \/>\n<meta property=\"article:publisher\" content=\"https:\/\/www.facebook.com\/naturalpoland.b2b\" \/>\n<meta property=\"article:modified_time\" content=\"2025-11-03T13:16:25+00:00\" \/>\n<meta property=\"og:image\" content=\"https:\/\/naturalpoland.com\/wp-content\/uploads\/Ashwagandha-White-Cherry\u2013-macerat.jpg\" \/>\n\t<meta property=\"og:image:width\" content=\"600\" \/>\n\t<meta property=\"og:image:height\" content=\"600\" \/>\n\t<meta property=\"og:image:type\" content=\"image\/jpeg\" \/>\n<script type=\"application\/ld+json\" class=\"yoast-schema-graph\">{\"@context\":\"https:\\\/\\\/schema.org\",\"@graph\":[{\"@type\":\"WebPage\",\"@id\":\"https:\\\/\\\/naturalpoland.com\\\/cs\\\/produkty\\\/produkty-pro-potravinarsky-prumysl\\\/suroviny-pro-vyrobu\\\/ashwagandha-bila-tresen-macerat\\\/\",\"url\":\"https:\\\/\\\/naturalpoland.com\\\/cs\\\/produkty\\\/produkty-pro-potravinarsky-prumysl\\\/suroviny-pro-vyrobu\\\/ashwagandha-bila-tresen-macerat\\\/\",\"name\":\"Ashwagandha macer\u00e1t - Velkoobchodn\u00ed distributor\",\"isPartOf\":{\"@id\":\"https:\\\/\\\/naturalpoland.com\\\/cs\\\/#website\"},\"primaryImageOfPage\":{\"@id\":\"https:\\\/\\\/naturalpoland.com\\\/cs\\\/produkty\\\/produkty-pro-potravinarsky-prumysl\\\/suroviny-pro-vyrobu\\\/ashwagandha-bila-tresen-macerat\\\/#primaryimage\"},\"image\":{\"@id\":\"https:\\\/\\\/naturalpoland.com\\\/cs\\\/produkty\\\/produkty-pro-potravinarsky-prumysl\\\/suroviny-pro-vyrobu\\\/ashwagandha-bila-tresen-macerat\\\/#primaryimage\"},\"thumbnailUrl\":\"https:\\\/\\\/naturalpoland.com\\\/wp-content\\\/uploads\\\/Ashwagandha-White-Cherry\u2013-macerat.jpg\",\"datePublished\":\"2023-02-15T13:55:21+00:00\",\"dateModified\":\"2025-11-03T13:16:25+00:00\",\"description\":\"Macer\u00e1t z a\u0161vagandy je jedn\u00edm z nejd\u016fle\u017eit\u011bj\u0161\u00edch l\u00e9\u010div\u00fdch p\u0159\u00edpravk\u016f rostouc\u00edho z\u00e1jmu o tradi\u010dn\u00ed \u00e1jurv\u00e9dskou medic\u00ednu.\",\"breadcrumb\":{\"@id\":\"https:\\\/\\\/naturalpoland.com\\\/cs\\\/produkty\\\/produkty-pro-potravinarsky-prumysl\\\/suroviny-pro-vyrobu\\\/ashwagandha-bila-tresen-macerat\\\/#breadcrumb\"},\"inLanguage\":\"cs\",\"potentialAction\":[{\"@type\":\"ReadAction\",\"target\":[\"https:\\\/\\\/naturalpoland.com\\\/cs\\\/produkty\\\/produkty-pro-potravinarsky-prumysl\\\/suroviny-pro-vyrobu\\\/ashwagandha-bila-tresen-macerat\\\/\"]}]},{\"@type\":\"ImageObject\",\"inLanguage\":\"cs\",\"@id\":\"https:\\\/\\\/naturalpoland.com\\\/cs\\\/produkty\\\/produkty-pro-potravinarsky-prumysl\\\/suroviny-pro-vyrobu\\\/ashwagandha-bila-tresen-macerat\\\/#primaryimage\",\"url\":\"https:\\\/\\\/naturalpoland.com\\\/wp-content\\\/uploads\\\/Ashwagandha-White-Cherry\u2013-macerat.jpg\",\"contentUrl\":\"https:\\\/\\\/naturalpoland.com\\\/wp-content\\\/uploads\\\/Ashwagandha-White-Cherry\u2013-macerat.jpg\",\"width\":600,\"height\":600,\"caption\":\"Ashwagandha (White Cherry) macer\u00e1t\"},{\"@type\":\"BreadcrumbList\",\"@id\":\"https:\\\/\\\/naturalpoland.com\\\/cs\\\/produkty\\\/produkty-pro-potravinarsky-prumysl\\\/suroviny-pro-vyrobu\\\/ashwagandha-bila-tresen-macerat\\\/#breadcrumb\",\"itemListElement\":[{\"@type\":\"ListItem\",\"position\":1,\"name\":\"Dom\u016f\",\"item\":\"https:\\\/\\\/naturalpoland.com\\\/cs\\\/\"},{\"@type\":\"ListItem\",\"position\":2,\"name\":\"Produkty\",\"item\":\"https:\\\/\\\/naturalpoland.com\\\/cs\\\/produkty\\\/\"},{\"@type\":\"ListItem\",\"position\":3,\"name\":\"Ashwagandha macer\u00e1t\"}]},{\"@type\":\"WebSite\",\"@id\":\"https:\\\/\\\/naturalpoland.com\\\/cs\\\/#website\",\"url\":\"https:\\\/\\\/naturalpoland.com\\\/cs\\\/\",\"name\":\"NATURAL POLAND - Velkoobchodn\u00ed distributor surovin\",\"description\":\"Surowce dla przemys\u0142u spo\u017cywczego, kosmetycznego i farmaceutycznego\",\"publisher\":{\"@id\":\"https:\\\/\\\/naturalpoland.com\\\/cs\\\/#organization\"},\"potentialAction\":[{\"@type\":\"SearchAction\",\"target\":{\"@type\":\"EntryPoint\",\"urlTemplate\":\"https:\\\/\\\/naturalpoland.com\\\/cs\\\/?s={search_term_string}\"},\"query-input\":{\"@type\":\"PropertyValueSpecification\",\"valueRequired\":true,\"valueName\":\"search_term_string\"}}],\"inLanguage\":\"cs\"},{\"@type\":\"Organization\",\"@id\":\"https:\\\/\\\/naturalpoland.com\\\/cs\\\/#organization\",\"name\":\"Natural Poland\",\"url\":\"https:\\\/\\\/naturalpoland.com\\\/cs\\\/\",\"logo\":{\"@type\":\"ImageObject\",\"inLanguage\":\"cs\",\"@id\":\"https:\\\/\\\/naturalpoland.com\\\/cs\\\/#\\\/schema\\\/logo\\\/image\\\/\",\"url\":\"https:\\\/\\\/naturalpoland.com\\\/wp-content\\\/uploads\\\/2021\\\/05\\\/natural-poland-icon.png\",\"contentUrl\":\"https:\\\/\\\/naturalpoland.com\\\/wp-content\\\/uploads\\\/2021\\\/05\\\/natural-poland-icon.png\",\"width\":512,\"height\":512,\"caption\":\"Natural Poland\"},\"image\":{\"@id\":\"https:\\\/\\\/naturalpoland.com\\\/cs\\\/#\\\/schema\\\/logo\\\/image\\\/\"},\"sameAs\":[\"https:\\\/\\\/www.facebook.com\\\/naturalpoland.b2b\",\"https:\\\/\\\/pl.linkedin.com\\\/company\\\/natural-poland\",\"https:\\\/\\\/www.youtube.com\\\/channel\\\/UCgeGGkvOMahZo-xu_MSEWxg\"]}]}<\/script>\n<!-- \/ Yoast SEO plugin. -->","yoast_head_json":{"title":"Ashwagandha macer\u00e1t - Velkoobchodn\u00ed distributor","description":"Macer\u00e1t z a\u0161vagandy je jedn\u00edm z nejd\u016fle\u017eit\u011bj\u0161\u00edch l\u00e9\u010div\u00fdch p\u0159\u00edpravk\u016f rostouc\u00edho z\u00e1jmu o tradi\u010dn\u00ed \u00e1jurv\u00e9dskou medic\u00ednu.","robots":{"index":"index","follow":"follow","max-snippet":"max-snippet:-1","max-image-preview":"max-image-preview:large","max-video-preview":"max-video-preview:-1"},"canonical":"https:\/\/naturalpoland.com\/cs\/produkty\/produkty-pro-potravinarsky-prumysl\/suroviny-pro-vyrobu\/ashwagandha-bila-tresen-macerat\/","og_locale":"cs_CZ","og_type":"article","og_title":"Ashwagandha macer\u00e1t - Velkoobchodn\u00ed distributor","og_description":"Macer\u00e1t z a\u0161vagandy je jedn\u00edm z nejd\u016fle\u017eit\u011bj\u0161\u00edch l\u00e9\u010div\u00fdch p\u0159\u00edpravk\u016f rostouc\u00edho z\u00e1jmu o tradi\u010dn\u00ed \u00e1jurv\u00e9dskou medic\u00ednu.","og_url":"https:\/\/naturalpoland.com\/cs\/produkty\/produkty-pro-potravinarsky-prumysl\/suroviny-pro-vyrobu\/ashwagandha-bila-tresen-macerat\/","og_site_name":"NATURAL POLAND - Velkoobchodn\u00ed distributor surovin","article_publisher":"https:\/\/www.facebook.com\/naturalpoland.b2b","article_modified_time":"2025-11-03T13:16:25+00:00","og_image":[{"width":600,"height":600,"url":"https:\/\/naturalpoland.com\/wp-content\/uploads\/Ashwagandha-White-Cherry\u2013-macerat.jpg","type":"image\/jpeg"}],"schema":{"@context":"https:\/\/schema.org","@graph":[{"@type":"WebPage","@id":"https:\/\/naturalpoland.com\/cs\/produkty\/produkty-pro-potravinarsky-prumysl\/suroviny-pro-vyrobu\/ashwagandha-bila-tresen-macerat\/","url":"https:\/\/naturalpoland.com\/cs\/produkty\/produkty-pro-potravinarsky-prumysl\/suroviny-pro-vyrobu\/ashwagandha-bila-tresen-macerat\/","name":"Ashwagandha macer\u00e1t - Velkoobchodn\u00ed distributor","isPartOf":{"@id":"https:\/\/naturalpoland.com\/cs\/#website"},"primaryImageOfPage":{"@id":"https:\/\/naturalpoland.com\/cs\/produkty\/produkty-pro-potravinarsky-prumysl\/suroviny-pro-vyrobu\/ashwagandha-bila-tresen-macerat\/#primaryimage"},"image":{"@id":"https:\/\/naturalpoland.com\/cs\/produkty\/produkty-pro-potravinarsky-prumysl\/suroviny-pro-vyrobu\/ashwagandha-bila-tresen-macerat\/#primaryimage"},"thumbnailUrl":"https:\/\/naturalpoland.com\/wp-content\/uploads\/Ashwagandha-White-Cherry\u2013-macerat.jpg","datePublished":"2023-02-15T13:55:21+00:00","dateModified":"2025-11-03T13:16:25+00:00","description":"Macer\u00e1t z a\u0161vagandy je jedn\u00edm z nejd\u016fle\u017eit\u011bj\u0161\u00edch l\u00e9\u010div\u00fdch p\u0159\u00edpravk\u016f rostouc\u00edho z\u00e1jmu o tradi\u010dn\u00ed \u00e1jurv\u00e9dskou medic\u00ednu.","breadcrumb":{"@id":"https:\/\/naturalpoland.com\/cs\/produkty\/produkty-pro-potravinarsky-prumysl\/suroviny-pro-vyrobu\/ashwagandha-bila-tresen-macerat\/#breadcrumb"},"inLanguage":"cs","potentialAction":[{"@type":"ReadAction","target":["https:\/\/naturalpoland.com\/cs\/produkty\/produkty-pro-potravinarsky-prumysl\/suroviny-pro-vyrobu\/ashwagandha-bila-tresen-macerat\/"]}]},{"@type":"ImageObject","inLanguage":"cs","@id":"https:\/\/naturalpoland.com\/cs\/produkty\/produkty-pro-potravinarsky-prumysl\/suroviny-pro-vyrobu\/ashwagandha-bila-tresen-macerat\/#primaryimage","url":"https:\/\/naturalpoland.com\/wp-content\/uploads\/Ashwagandha-White-Cherry\u2013-macerat.jpg","contentUrl":"https:\/\/naturalpoland.com\/wp-content\/uploads\/Ashwagandha-White-Cherry\u2013-macerat.jpg","width":600,"height":600,"caption":"Ashwagandha (White Cherry) macer\u00e1t"},{"@type":"BreadcrumbList","@id":"https:\/\/naturalpoland.com\/cs\/produkty\/produkty-pro-potravinarsky-prumysl\/suroviny-pro-vyrobu\/ashwagandha-bila-tresen-macerat\/#breadcrumb","itemListElement":[{"@type":"ListItem","position":1,"name":"Dom\u016f","item":"https:\/\/naturalpoland.com\/cs\/"},{"@type":"ListItem","position":2,"name":"Produkty","item":"https:\/\/naturalpoland.com\/cs\/produkty\/"},{"@type":"ListItem","position":3,"name":"Ashwagandha macer\u00e1t"}]},{"@type":"WebSite","@id":"https:\/\/naturalpoland.com\/cs\/#website","url":"https:\/\/naturalpoland.com\/cs\/","name":"NATURAL POLAND - Velkoobchodn\u00ed distributor surovin","description":"Surowce dla przemys\u0142u spo\u017cywczego, kosmetycznego i farmaceutycznego","publisher":{"@id":"https:\/\/naturalpoland.com\/cs\/#organization"},"potentialAction":[{"@type":"SearchAction","target":{"@type":"EntryPoint","urlTemplate":"https:\/\/naturalpoland.com\/cs\/?s={search_term_string}"},"query-input":{"@type":"PropertyValueSpecification","valueRequired":true,"valueName":"search_term_string"}}],"inLanguage":"cs"},{"@type":"Organization","@id":"https:\/\/naturalpoland.com\/cs\/#organization","name":"Natural Poland","url":"https:\/\/naturalpoland.com\/cs\/","logo":{"@type":"ImageObject","inLanguage":"cs","@id":"https:\/\/naturalpoland.com\/cs\/#\/schema\/logo\/image\/","url":"https:\/\/naturalpoland.com\/wp-content\/uploads\/2021\/05\/natural-poland-icon.png","contentUrl":"https:\/\/naturalpoland.com\/wp-content\/uploads\/2021\/05\/natural-poland-icon.png","width":512,"height":512,"caption":"Natural Poland"},"image":{"@id":"https:\/\/naturalpoland.com\/cs\/#\/schema\/logo\/image\/"},"sameAs":["https:\/\/www.facebook.com\/naturalpoland.b2b","https:\/\/pl.linkedin.com\/company\/natural-poland","https:\/\/www.youtube.com\/channel\/UCgeGGkvOMahZo-xu_MSEWxg"]}]}},"_links":{"self":[{"href":"https:\/\/naturalpoland.com\/cs\/wp-json\/wp\/v2\/product\/21219","targetHints":{"allow":["GET"]}}],"collection":[{"href":"https:\/\/naturalpoland.com\/cs\/wp-json\/wp\/v2\/product"}],"about":[{"href":"https:\/\/naturalpoland.com\/cs\/wp-json\/wp\/v2\/types\/product"}],"wp:featuredmedia":[{"embeddable":true,"href":"https:\/\/naturalpoland.com\/cs\/wp-json\/wp\/v2\/media\/20856"}],"wp:attachment":[{"href":"https:\/\/naturalpoland.com\/cs\/wp-json\/wp\/v2\/media?parent=21219"}],"wp:term":[{"taxonomy":"product_brand","embeddable":true,"href":"https:\/\/naturalpoland.com\/cs\/wp-json\/wp\/v2\/product_brand?post=21219"},{"taxonomy":"product_cat","embeddable":true,"href":"https:\/\/naturalpoland.com\/cs\/wp-json\/wp\/v2\/product_cat?post=21219"},{"taxonomy":"product_tag","embeddable":true,"href":"https:\/\/naturalpoland.com\/cs\/wp-json\/wp\/v2\/product_tag?post=21219"}],"curies":[{"name":"wp","href":"https:\/\/api.w.org\/{rel}","templated":true}]}}