{"id":22663,"date":"2023-04-21T13:13:31","date_gmt":"2023-04-21T11:13:31","guid":{"rendered":"https:\/\/naturalpoland.pl\/produkty\/nezarazene\/ashwagandha-olej\/"},"modified":"2025-11-03T13:12:56","modified_gmt":"2025-11-03T12:12:56","slug":"olej-z-asvagandy","status":"publish","type":"product","link":"https:\/\/naturalpoland.com\/cs\/produkty\/jedle-a-kosmeticke-oleje\/olej-z-asvagandy\/","title":{"rendered":"Ashwagandha olej"},"content":{"rendered":"<p>Olej z a\u0161vagandy se dob\u0159e hod\u00ed jako mas\u00e1\u017en\u00ed olej i v aromaterapii. Jako adaptogen posiluje odolnost organismu v\u016f\u010di stresu a m\u00e1 relaxa\u010dn\u00ed, tonizuj\u00edc\u00ed a uklid\u0148uj\u00edc\u00ed \u00fa\u010dinky. Pom\u00e1h\u00e1 sn\u00e1\u0161et psychickou i fyzickou \u00fanavu a uvol\u0148ovat svaly a klouby. Z\u00e1rove\u0148 snadno pronik\u00e1 do poko\u017eky a d\u00edky bohatstv\u00ed cenn\u00fdch slo\u017eek m\u00e1 na ple\u0165 vy\u017eivuj\u00edc\u00ed a hydrata\u010dn\u00ed \u00fa\u010dinky, omlazuje ko\u017en\u00ed bu\u0148ky a podporuje jejich regeneraci.<\/p>\n","protected":false},"excerpt":{"rendered":"<p>A\u0161vaganda (zimn\u00ed t\u0159e\u0161e\u0148), z\u00edsk\u00e1van\u00e1 z ko\u0159ene indick\u00e9ho \u017een\u0161enu, je jednou z nejd\u016fle\u017eit\u011bj\u0161\u00edch surovin \u00e1jurv\u00e9dsk\u00e9 medic\u00edny a nejzn\u00e1m\u011bj\u0161\u00edm adaptogenem. Olej, kter\u00fd se z n\u011bj p\u0159ipravuje na b\u00e1zi sezamov\u00e9ho oleje, je bohat\u00fd na antioxida\u010dn\u00ed a protist\u00e1rnouc\u00ed l\u00e1tky (fytosteroly, fenolov\u00e9 kyseliny, kumariny) a z\u00e1rove\u0148 m\u00e1 uklid\u0148uj\u00edc\u00ed a protistresov\u00fd \u00fa\u010dinek.<\/p>\n","protected":false},"featured_media":22650,"template":"","meta":{"_acf_changed":false},"product_brand":[],"product_cat":[625],"product_tag":[],"class_list":{"0":"post-22663","1":"product","2":"type-product","3":"status-publish","4":"has-post-thumbnail","6":"product_cat-jedle-a-kosmeticke-oleje","8":"first","9":"instock","10":"shipping-taxable","11":"product-type-simple"},"acf":[],"yoast_head":"<!-- This site is optimized with the Yoast SEO plugin v27.4 - https:\/\/yoast.com\/product\/yoast-seo-wordpress\/ -->\n<title>Ashwagandha olej - Velkoobchodn\u00ed distributor<\/title>\n<meta name=\"robots\" content=\"index, follow, max-snippet:-1, max-image-preview:large, max-video-preview:-1\" \/>\n<link rel=\"canonical\" href=\"https:\/\/naturalpoland.com\/cs\/produkty\/jedle-a-kosmeticke-oleje\/olej-z-asvagandy\/\" \/>\n<meta property=\"og:locale\" content=\"cs_CZ\" \/>\n<meta property=\"og:type\" content=\"article\" \/>\n<meta property=\"og:title\" content=\"Ashwagandha olej - Velkoobchodn\u00ed distributor\" \/>\n<meta property=\"og:description\" content=\"A\u0161vaganda (zimn\u00ed t\u0159e\u0161e\u0148), z\u00edsk\u00e1van\u00e1 z ko\u0159ene indick\u00e9ho \u017een\u0161enu, je jednou z nejd\u016fle\u017eit\u011bj\u0161\u00edch surovin \u00e1jurv\u00e9dsk\u00e9 medic\u00edny a nejzn\u00e1m\u011bj\u0161\u00edm adaptogenem. Olej, kter\u00fd se z n\u011bj p\u0159ipravuje na b\u00e1zi sezamov\u00e9ho oleje, je bohat\u00fd na antioxida\u010dn\u00ed a protist\u00e1rnouc\u00ed l\u00e1tky (fytosteroly, fenolov\u00e9 kyseliny, kumariny) a z\u00e1rove\u0148 m\u00e1 uklid\u0148uj\u00edc\u00ed a protistresov\u00fd \u00fa\u010dinek.\" \/>\n<meta property=\"og:url\" content=\"https:\/\/naturalpoland.com\/cs\/produkty\/jedle-a-kosmeticke-oleje\/olej-z-asvagandy\/\" \/>\n<meta property=\"og:site_name\" content=\"NATURAL POLAND - Velkoobchodn\u00ed distributor surovin\" \/>\n<meta property=\"article:publisher\" content=\"https:\/\/www.facebook.com\/naturalpoland.b2b\" \/>\n<meta property=\"article:modified_time\" content=\"2025-11-03T12:12:56+00:00\" \/>\n<meta property=\"og:image\" content=\"https:\/\/naturalpoland.com\/wp-content\/uploads\/olej-z-ashwagandhy.jpg\" \/>\n\t<meta property=\"og:image:width\" content=\"500\" \/>\n\t<meta property=\"og:image:height\" content=\"500\" \/>\n\t<meta property=\"og:image:type\" content=\"image\/jpeg\" \/>\n<script type=\"application\/ld+json\" class=\"yoast-schema-graph\">{\"@context\":\"https:\\\/\\\/schema.org\",\"@graph\":[{\"@type\":\"WebPage\",\"@id\":\"https:\\\/\\\/naturalpoland.com\\\/cs\\\/produkty\\\/jedle-a-kosmeticke-oleje\\\/olej-z-asvagandy\\\/\",\"url\":\"https:\\\/\\\/naturalpoland.com\\\/cs\\\/produkty\\\/jedle-a-kosmeticke-oleje\\\/olej-z-asvagandy\\\/\",\"name\":\"Ashwagandha olej - Velkoobchodn\u00ed distributor\",\"isPartOf\":{\"@id\":\"https:\\\/\\\/naturalpoland.com\\\/cs\\\/#website\"},\"primaryImageOfPage\":{\"@id\":\"https:\\\/\\\/naturalpoland.com\\\/cs\\\/produkty\\\/jedle-a-kosmeticke-oleje\\\/olej-z-asvagandy\\\/#primaryimage\"},\"image\":{\"@id\":\"https:\\\/\\\/naturalpoland.com\\\/cs\\\/produkty\\\/jedle-a-kosmeticke-oleje\\\/olej-z-asvagandy\\\/#primaryimage\"},\"thumbnailUrl\":\"https:\\\/\\\/naturalpoland.com\\\/wp-content\\\/uploads\\\/olej-z-ashwagandhy.jpg\",\"datePublished\":\"2023-04-21T11:13:31+00:00\",\"dateModified\":\"2025-11-03T12:12:56+00:00\",\"breadcrumb\":{\"@id\":\"https:\\\/\\\/naturalpoland.com\\\/cs\\\/produkty\\\/jedle-a-kosmeticke-oleje\\\/olej-z-asvagandy\\\/#breadcrumb\"},\"inLanguage\":\"cs\",\"potentialAction\":[{\"@type\":\"ReadAction\",\"target\":[\"https:\\\/\\\/naturalpoland.com\\\/cs\\\/produkty\\\/jedle-a-kosmeticke-oleje\\\/olej-z-asvagandy\\\/\"]}]},{\"@type\":\"ImageObject\",\"inLanguage\":\"cs\",\"@id\":\"https:\\\/\\\/naturalpoland.com\\\/cs\\\/produkty\\\/jedle-a-kosmeticke-oleje\\\/olej-z-asvagandy\\\/#primaryimage\",\"url\":\"https:\\\/\\\/naturalpoland.com\\\/wp-content\\\/uploads\\\/olej-z-ashwagandhy.jpg\",\"contentUrl\":\"https:\\\/\\\/naturalpoland.com\\\/wp-content\\\/uploads\\\/olej-z-ashwagandhy.jpg\",\"width\":500,\"height\":500,\"caption\":\"ashwagandha olej\"},{\"@type\":\"BreadcrumbList\",\"@id\":\"https:\\\/\\\/naturalpoland.com\\\/cs\\\/produkty\\\/jedle-a-kosmeticke-oleje\\\/olej-z-asvagandy\\\/#breadcrumb\",\"itemListElement\":[{\"@type\":\"ListItem\",\"position\":1,\"name\":\"Dom\u016f\",\"item\":\"https:\\\/\\\/naturalpoland.com\\\/cs\\\/\"},{\"@type\":\"ListItem\",\"position\":2,\"name\":\"Produkty\",\"item\":\"https:\\\/\\\/naturalpoland.com\\\/cs\\\/produkty\\\/\"},{\"@type\":\"ListItem\",\"position\":3,\"name\":\"Ashwagandha olej\"}]},{\"@type\":\"WebSite\",\"@id\":\"https:\\\/\\\/naturalpoland.com\\\/cs\\\/#website\",\"url\":\"https:\\\/\\\/naturalpoland.com\\\/cs\\\/\",\"name\":\"NATURAL POLAND - Velkoobchodn\u00ed distributor surovin\",\"description\":\"Surowce dla przemys\u0142u spo\u017cywczego, kosmetycznego i farmaceutycznego\",\"publisher\":{\"@id\":\"https:\\\/\\\/naturalpoland.com\\\/cs\\\/#organization\"},\"potentialAction\":[{\"@type\":\"SearchAction\",\"target\":{\"@type\":\"EntryPoint\",\"urlTemplate\":\"https:\\\/\\\/naturalpoland.com\\\/cs\\\/?s={search_term_string}\"},\"query-input\":{\"@type\":\"PropertyValueSpecification\",\"valueRequired\":true,\"valueName\":\"search_term_string\"}}],\"inLanguage\":\"cs\"},{\"@type\":\"Organization\",\"@id\":\"https:\\\/\\\/naturalpoland.com\\\/cs\\\/#organization\",\"name\":\"Natural Poland\",\"url\":\"https:\\\/\\\/naturalpoland.com\\\/cs\\\/\",\"logo\":{\"@type\":\"ImageObject\",\"inLanguage\":\"cs\",\"@id\":\"https:\\\/\\\/naturalpoland.com\\\/cs\\\/#\\\/schema\\\/logo\\\/image\\\/\",\"url\":\"https:\\\/\\\/naturalpoland.com\\\/wp-content\\\/uploads\\\/2021\\\/05\\\/natural-poland-icon.png\",\"contentUrl\":\"https:\\\/\\\/naturalpoland.com\\\/wp-content\\\/uploads\\\/2021\\\/05\\\/natural-poland-icon.png\",\"width\":512,\"height\":512,\"caption\":\"Natural Poland\"},\"image\":{\"@id\":\"https:\\\/\\\/naturalpoland.com\\\/cs\\\/#\\\/schema\\\/logo\\\/image\\\/\"},\"sameAs\":[\"https:\\\/\\\/www.facebook.com\\\/naturalpoland.b2b\",\"https:\\\/\\\/pl.linkedin.com\\\/company\\\/natural-poland\",\"https:\\\/\\\/www.youtube.com\\\/channel\\\/UCgeGGkvOMahZo-xu_MSEWxg\"]}]}<\/script>\n<!-- \/ Yoast SEO plugin. -->","yoast_head_json":{"title":"Ashwagandha olej - Velkoobchodn\u00ed distributor","robots":{"index":"index","follow":"follow","max-snippet":"max-snippet:-1","max-image-preview":"max-image-preview:large","max-video-preview":"max-video-preview:-1"},"canonical":"https:\/\/naturalpoland.com\/cs\/produkty\/jedle-a-kosmeticke-oleje\/olej-z-asvagandy\/","og_locale":"cs_CZ","og_type":"article","og_title":"Ashwagandha olej - Velkoobchodn\u00ed distributor","og_description":"A\u0161vaganda (zimn\u00ed t\u0159e\u0161e\u0148), z\u00edsk\u00e1van\u00e1 z ko\u0159ene indick\u00e9ho \u017een\u0161enu, je jednou z nejd\u016fle\u017eit\u011bj\u0161\u00edch surovin \u00e1jurv\u00e9dsk\u00e9 medic\u00edny a nejzn\u00e1m\u011bj\u0161\u00edm adaptogenem. Olej, kter\u00fd se z n\u011bj p\u0159ipravuje na b\u00e1zi sezamov\u00e9ho oleje, je bohat\u00fd na antioxida\u010dn\u00ed a protist\u00e1rnouc\u00ed l\u00e1tky (fytosteroly, fenolov\u00e9 kyseliny, kumariny) a z\u00e1rove\u0148 m\u00e1 uklid\u0148uj\u00edc\u00ed a protistresov\u00fd \u00fa\u010dinek.","og_url":"https:\/\/naturalpoland.com\/cs\/produkty\/jedle-a-kosmeticke-oleje\/olej-z-asvagandy\/","og_site_name":"NATURAL POLAND - Velkoobchodn\u00ed distributor surovin","article_publisher":"https:\/\/www.facebook.com\/naturalpoland.b2b","article_modified_time":"2025-11-03T12:12:56+00:00","og_image":[{"width":500,"height":500,"url":"https:\/\/naturalpoland.com\/wp-content\/uploads\/olej-z-ashwagandhy.jpg","type":"image\/jpeg"}],"schema":{"@context":"https:\/\/schema.org","@graph":[{"@type":"WebPage","@id":"https:\/\/naturalpoland.com\/cs\/produkty\/jedle-a-kosmeticke-oleje\/olej-z-asvagandy\/","url":"https:\/\/naturalpoland.com\/cs\/produkty\/jedle-a-kosmeticke-oleje\/olej-z-asvagandy\/","name":"Ashwagandha olej - Velkoobchodn\u00ed distributor","isPartOf":{"@id":"https:\/\/naturalpoland.com\/cs\/#website"},"primaryImageOfPage":{"@id":"https:\/\/naturalpoland.com\/cs\/produkty\/jedle-a-kosmeticke-oleje\/olej-z-asvagandy\/#primaryimage"},"image":{"@id":"https:\/\/naturalpoland.com\/cs\/produkty\/jedle-a-kosmeticke-oleje\/olej-z-asvagandy\/#primaryimage"},"thumbnailUrl":"https:\/\/naturalpoland.com\/wp-content\/uploads\/olej-z-ashwagandhy.jpg","datePublished":"2023-04-21T11:13:31+00:00","dateModified":"2025-11-03T12:12:56+00:00","breadcrumb":{"@id":"https:\/\/naturalpoland.com\/cs\/produkty\/jedle-a-kosmeticke-oleje\/olej-z-asvagandy\/#breadcrumb"},"inLanguage":"cs","potentialAction":[{"@type":"ReadAction","target":["https:\/\/naturalpoland.com\/cs\/produkty\/jedle-a-kosmeticke-oleje\/olej-z-asvagandy\/"]}]},{"@type":"ImageObject","inLanguage":"cs","@id":"https:\/\/naturalpoland.com\/cs\/produkty\/jedle-a-kosmeticke-oleje\/olej-z-asvagandy\/#primaryimage","url":"https:\/\/naturalpoland.com\/wp-content\/uploads\/olej-z-ashwagandhy.jpg","contentUrl":"https:\/\/naturalpoland.com\/wp-content\/uploads\/olej-z-ashwagandhy.jpg","width":500,"height":500,"caption":"ashwagandha olej"},{"@type":"BreadcrumbList","@id":"https:\/\/naturalpoland.com\/cs\/produkty\/jedle-a-kosmeticke-oleje\/olej-z-asvagandy\/#breadcrumb","itemListElement":[{"@type":"ListItem","position":1,"name":"Dom\u016f","item":"https:\/\/naturalpoland.com\/cs\/"},{"@type":"ListItem","position":2,"name":"Produkty","item":"https:\/\/naturalpoland.com\/cs\/produkty\/"},{"@type":"ListItem","position":3,"name":"Ashwagandha olej"}]},{"@type":"WebSite","@id":"https:\/\/naturalpoland.com\/cs\/#website","url":"https:\/\/naturalpoland.com\/cs\/","name":"NATURAL POLAND - Velkoobchodn\u00ed distributor surovin","description":"Surowce dla przemys\u0142u spo\u017cywczego, kosmetycznego i farmaceutycznego","publisher":{"@id":"https:\/\/naturalpoland.com\/cs\/#organization"},"potentialAction":[{"@type":"SearchAction","target":{"@type":"EntryPoint","urlTemplate":"https:\/\/naturalpoland.com\/cs\/?s={search_term_string}"},"query-input":{"@type":"PropertyValueSpecification","valueRequired":true,"valueName":"search_term_string"}}],"inLanguage":"cs"},{"@type":"Organization","@id":"https:\/\/naturalpoland.com\/cs\/#organization","name":"Natural Poland","url":"https:\/\/naturalpoland.com\/cs\/","logo":{"@type":"ImageObject","inLanguage":"cs","@id":"https:\/\/naturalpoland.com\/cs\/#\/schema\/logo\/image\/","url":"https:\/\/naturalpoland.com\/wp-content\/uploads\/2021\/05\/natural-poland-icon.png","contentUrl":"https:\/\/naturalpoland.com\/wp-content\/uploads\/2021\/05\/natural-poland-icon.png","width":512,"height":512,"caption":"Natural Poland"},"image":{"@id":"https:\/\/naturalpoland.com\/cs\/#\/schema\/logo\/image\/"},"sameAs":["https:\/\/www.facebook.com\/naturalpoland.b2b","https:\/\/pl.linkedin.com\/company\/natural-poland","https:\/\/www.youtube.com\/channel\/UCgeGGkvOMahZo-xu_MSEWxg"]}]}},"_links":{"self":[{"href":"https:\/\/naturalpoland.com\/cs\/wp-json\/wp\/v2\/product\/22663","targetHints":{"allow":["GET"]}}],"collection":[{"href":"https:\/\/naturalpoland.com\/cs\/wp-json\/wp\/v2\/product"}],"about":[{"href":"https:\/\/naturalpoland.com\/cs\/wp-json\/wp\/v2\/types\/product"}],"wp:featuredmedia":[{"embeddable":true,"href":"https:\/\/naturalpoland.com\/cs\/wp-json\/wp\/v2\/media\/22650"}],"wp:attachment":[{"href":"https:\/\/naturalpoland.com\/cs\/wp-json\/wp\/v2\/media?parent=22663"}],"wp:term":[{"taxonomy":"product_brand","embeddable":true,"href":"https:\/\/naturalpoland.com\/cs\/wp-json\/wp\/v2\/product_brand?post=22663"},{"taxonomy":"product_cat","embeddable":true,"href":"https:\/\/naturalpoland.com\/cs\/wp-json\/wp\/v2\/product_cat?post=22663"},{"taxonomy":"product_tag","embeddable":true,"href":"https:\/\/naturalpoland.com\/cs\/wp-json\/wp\/v2\/product_tag?post=22663"}],"curies":[{"name":"wp","href":"https:\/\/api.w.org\/{rel}","templated":true}]}}