{"id":22732,"date":"2023-04-13T15:31:37","date_gmt":"2023-04-21T11:49:21","guid":{"rendered":"https:\/\/naturalpoland.pl\/produkty\/nezarazene\/macerat-z-korene-trezalky-teckovane\/"},"modified":"2025-06-30T15:02:00","modified_gmt":"2025-06-30T13:02:00","slug":"macerat-z-korene-lawsonu","status":"publish","type":"product","link":"https:\/\/naturalpoland.com\/cs\/produkty\/produkty-pro-kosmeticky-prumysl\/maceraty-cs\/macerat-z-korene-lawsonu\/","title":{"rendered":"Macer\u00e1t z ko\u0159ene proskurn\u00edku l\u00e9ka\u0159sk\u00e9ho"},"content":{"rendered":"<p>Macer\u00e1t z ko\u0159ene proskurn\u00edku l\u00e9ka\u0159sk\u00e9ho je cen\u011bn pro sv\u00e9 zklid\u0148uj\u00edc\u00ed a uklid\u0148uj\u00edc\u00ed \u00fa\u010dinky na poko\u017eku. V kosmetice se pou\u017e\u00edv\u00e1 na citlivou, suchou a podr\u00e1\u017ed\u011bnou poko\u017eku. D\u00edky obsahu rostlinn\u00fdch sliz\u016f m\u00e1 kozl\u00edkov\u00fd olej hydrata\u010dn\u00ed a zklid\u0148uj\u00edc\u00ed \u00fa\u010dinky, pom\u00e1h\u00e1 zm\u00edr\u0148ovat z\u00e1n\u011bty a zarudnut\u00ed a zlep\u0161uje pru\u017enost poko\u017eky.<\/p>\n","protected":false},"excerpt":{"rendered":"<p><strong>Macer\u00e1t z ko\u0159ene proskurn\u00edku l\u00e9ka\u0159sk\u00e9ho<\/strong> je rostlinn\u00fd olej, kter\u00fd se vyr\u00e1b\u00ed macerac\u00ed ko\u0159ene rostliny Marshmallow <em>(Althaea officinalis<\/em>) v rostlinn\u00e9m oleji, nej\u010dast\u011bji olivov\u00e9m. Tento proces spo\u010d\u00edv\u00e1 v nam\u00e1\u010den\u00ed ko\u0159ene pely\u0148ku do oleje po ur\u010ditou dobu, co\u017e umo\u017en\u00ed \u00fa\u010dinn\u00fdm l\u00e1tk\u00e1m z ko\u0159ene proniknout do oleje.<\/p>\n","protected":false},"featured_media":21887,"template":"","meta":[],"product_brand":[],"product_cat":[634],"product_tag":[],"class_list":{"0":"post-22732","1":"product","2":"type-product","3":"status-publish","4":"has-post-thumbnail","6":"product_cat-maceraty-cs","8":"first","9":"instock","10":"shipping-taxable","11":"product-type-simple"},"yoast_head":"<!-- This site is optimized with the Yoast SEO plugin v27.4 - https:\/\/yoast.com\/product\/yoast-seo-wordpress\/ -->\n<title>Macer\u00e1t z ko\u0159ene proskurn\u00edku l\u00e9ka\u0159sk\u00e9ho - Velkoobchodn\u00ed distributor<\/title>\n<meta name=\"robots\" content=\"index, follow, max-snippet:-1, max-image-preview:large, max-video-preview:-1\" \/>\n<link rel=\"canonical\" href=\"https:\/\/naturalpoland.com\/cs\/produkty\/produkty-pro-kosmeticky-prumysl\/maceraty-cs\/macerat-z-korene-lawsonu\/\" \/>\n<meta property=\"og:locale\" content=\"cs_CZ\" \/>\n<meta property=\"og:type\" content=\"article\" \/>\n<meta property=\"og:title\" content=\"Macer\u00e1t z ko\u0159ene proskurn\u00edku l\u00e9ka\u0159sk\u00e9ho - Velkoobchodn\u00ed distributor\" \/>\n<meta property=\"og:description\" content=\"Macer\u00e1t z ko\u0159ene proskurn\u00edku l\u00e9ka\u0159sk\u00e9ho je rostlinn\u00fd olej, kter\u00fd se vyr\u00e1b\u00ed macerac\u00ed ko\u0159ene rostliny Marshmallow (Althaea officinalis) v rostlinn\u00e9m oleji, nej\u010dast\u011bji olivov\u00e9m. Tento proces spo\u010d\u00edv\u00e1 v nam\u00e1\u010den\u00ed ko\u0159ene pely\u0148ku do oleje po ur\u010ditou dobu, co\u017e umo\u017en\u00ed \u00fa\u010dinn\u00fdm l\u00e1tk\u00e1m z ko\u0159ene proniknout do oleje.\" \/>\n<meta property=\"og:url\" content=\"https:\/\/naturalpoland.com\/cs\/produkty\/produkty-pro-kosmeticky-prumysl\/maceraty-cs\/macerat-z-korene-lawsonu\/\" \/>\n<meta property=\"og:site_name\" content=\"NATURAL POLAND - Velkoobchodn\u00ed distributor surovin\" \/>\n<meta property=\"article:publisher\" content=\"https:\/\/www.facebook.com\/naturalpoland.b2b\" \/>\n<meta property=\"article:modified_time\" content=\"2025-06-30T13:02:00+00:00\" \/>\n<meta property=\"og:image\" content=\"https:\/\/naturalpoland.com\/wp-content\/uploads\/MARSHMALLOW.jpg\" \/>\n\t<meta property=\"og:image:width\" content=\"500\" \/>\n\t<meta property=\"og:image:height\" content=\"306\" \/>\n\t<meta property=\"og:image:type\" content=\"image\/jpeg\" \/>\n<script type=\"application\/ld+json\" class=\"yoast-schema-graph\">{\"@context\":\"https:\\\/\\\/schema.org\",\"@graph\":[{\"@type\":\"WebPage\",\"@id\":\"https:\\\/\\\/naturalpoland.com\\\/cs\\\/produkty\\\/produkty-pro-kosmeticky-prumysl\\\/maceraty-cs\\\/macerat-z-korene-lawsonu\\\/\",\"url\":\"https:\\\/\\\/naturalpoland.com\\\/cs\\\/produkty\\\/produkty-pro-kosmeticky-prumysl\\\/maceraty-cs\\\/macerat-z-korene-lawsonu\\\/\",\"name\":\"Macer\u00e1t z ko\u0159ene proskurn\u00edku l\u00e9ka\u0159sk\u00e9ho - Velkoobchodn\u00ed distributor\",\"isPartOf\":{\"@id\":\"https:\\\/\\\/naturalpoland.com\\\/cs\\\/#website\"},\"primaryImageOfPage\":{\"@id\":\"https:\\\/\\\/naturalpoland.com\\\/cs\\\/produkty\\\/produkty-pro-kosmeticky-prumysl\\\/maceraty-cs\\\/macerat-z-korene-lawsonu\\\/#primaryimage\"},\"image\":{\"@id\":\"https:\\\/\\\/naturalpoland.com\\\/cs\\\/produkty\\\/produkty-pro-kosmeticky-prumysl\\\/maceraty-cs\\\/macerat-z-korene-lawsonu\\\/#primaryimage\"},\"thumbnailUrl\":\"https:\\\/\\\/naturalpoland.com\\\/wp-content\\\/uploads\\\/MARSHMALLOW.jpg\",\"datePublished\":\"2023-04-21T11:49:21+00:00\",\"dateModified\":\"2025-06-30T13:02:00+00:00\",\"breadcrumb\":{\"@id\":\"https:\\\/\\\/naturalpoland.com\\\/cs\\\/produkty\\\/produkty-pro-kosmeticky-prumysl\\\/maceraty-cs\\\/macerat-z-korene-lawsonu\\\/#breadcrumb\"},\"inLanguage\":\"cs\",\"potentialAction\":[{\"@type\":\"ReadAction\",\"target\":[\"https:\\\/\\\/naturalpoland.com\\\/cs\\\/produkty\\\/produkty-pro-kosmeticky-prumysl\\\/maceraty-cs\\\/macerat-z-korene-lawsonu\\\/\"]}]},{\"@type\":\"ImageObject\",\"inLanguage\":\"cs\",\"@id\":\"https:\\\/\\\/naturalpoland.com\\\/cs\\\/produkty\\\/produkty-pro-kosmeticky-prumysl\\\/maceraty-cs\\\/macerat-z-korene-lawsonu\\\/#primaryimage\",\"url\":\"https:\\\/\\\/naturalpoland.com\\\/wp-content\\\/uploads\\\/MARSHMALLOW.jpg\",\"contentUrl\":\"https:\\\/\\\/naturalpoland.com\\\/wp-content\\\/uploads\\\/MARSHMALLOW.jpg\",\"width\":500,\"height\":306,\"caption\":\"goldenrod\"},{\"@type\":\"BreadcrumbList\",\"@id\":\"https:\\\/\\\/naturalpoland.com\\\/cs\\\/produkty\\\/produkty-pro-kosmeticky-prumysl\\\/maceraty-cs\\\/macerat-z-korene-lawsonu\\\/#breadcrumb\",\"itemListElement\":[{\"@type\":\"ListItem\",\"position\":1,\"name\":\"Dom\u016f\",\"item\":\"https:\\\/\\\/naturalpoland.com\\\/cs\\\/\"},{\"@type\":\"ListItem\",\"position\":2,\"name\":\"Produkty\",\"item\":\"https:\\\/\\\/naturalpoland.com\\\/cs\\\/produkty\\\/\"},{\"@type\":\"ListItem\",\"position\":3,\"name\":\"Macer\u00e1t z ko\u0159ene proskurn\u00edku l\u00e9ka\u0159sk\u00e9ho\"}]},{\"@type\":\"WebSite\",\"@id\":\"https:\\\/\\\/naturalpoland.com\\\/cs\\\/#website\",\"url\":\"https:\\\/\\\/naturalpoland.com\\\/cs\\\/\",\"name\":\"NATURAL POLAND - Velkoobchodn\u00ed distributor surovin\",\"description\":\"Surowce dla przemys\u0142u spo\u017cywczego, kosmetycznego i farmaceutycznego\",\"publisher\":{\"@id\":\"https:\\\/\\\/naturalpoland.com\\\/cs\\\/#organization\"},\"potentialAction\":[{\"@type\":\"SearchAction\",\"target\":{\"@type\":\"EntryPoint\",\"urlTemplate\":\"https:\\\/\\\/naturalpoland.com\\\/cs\\\/?s={search_term_string}\"},\"query-input\":{\"@type\":\"PropertyValueSpecification\",\"valueRequired\":true,\"valueName\":\"search_term_string\"}}],\"inLanguage\":\"cs\"},{\"@type\":\"Organization\",\"@id\":\"https:\\\/\\\/naturalpoland.com\\\/cs\\\/#organization\",\"name\":\"Natural Poland\",\"url\":\"https:\\\/\\\/naturalpoland.com\\\/cs\\\/\",\"logo\":{\"@type\":\"ImageObject\",\"inLanguage\":\"cs\",\"@id\":\"https:\\\/\\\/naturalpoland.com\\\/cs\\\/#\\\/schema\\\/logo\\\/image\\\/\",\"url\":\"https:\\\/\\\/naturalpoland.com\\\/wp-content\\\/uploads\\\/2021\\\/05\\\/natural-poland-icon.png\",\"contentUrl\":\"https:\\\/\\\/naturalpoland.com\\\/wp-content\\\/uploads\\\/2021\\\/05\\\/natural-poland-icon.png\",\"width\":512,\"height\":512,\"caption\":\"Natural Poland\"},\"image\":{\"@id\":\"https:\\\/\\\/naturalpoland.com\\\/cs\\\/#\\\/schema\\\/logo\\\/image\\\/\"},\"sameAs\":[\"https:\\\/\\\/www.facebook.com\\\/naturalpoland.b2b\",\"https:\\\/\\\/pl.linkedin.com\\\/company\\\/natural-poland\",\"https:\\\/\\\/www.youtube.com\\\/channel\\\/UCgeGGkvOMahZo-xu_MSEWxg\"]}]}<\/script>\n<!-- \/ Yoast SEO plugin. -->","yoast_head_json":{"title":"Macer\u00e1t z ko\u0159ene proskurn\u00edku l\u00e9ka\u0159sk\u00e9ho - Velkoobchodn\u00ed distributor","robots":{"index":"index","follow":"follow","max-snippet":"max-snippet:-1","max-image-preview":"max-image-preview:large","max-video-preview":"max-video-preview:-1"},"canonical":"https:\/\/naturalpoland.com\/cs\/produkty\/produkty-pro-kosmeticky-prumysl\/maceraty-cs\/macerat-z-korene-lawsonu\/","og_locale":"cs_CZ","og_type":"article","og_title":"Macer\u00e1t z ko\u0159ene proskurn\u00edku l\u00e9ka\u0159sk\u00e9ho - Velkoobchodn\u00ed distributor","og_description":"Macer\u00e1t z ko\u0159ene proskurn\u00edku l\u00e9ka\u0159sk\u00e9ho je rostlinn\u00fd olej, kter\u00fd se vyr\u00e1b\u00ed macerac\u00ed ko\u0159ene rostliny Marshmallow (Althaea officinalis) v rostlinn\u00e9m oleji, nej\u010dast\u011bji olivov\u00e9m. Tento proces spo\u010d\u00edv\u00e1 v nam\u00e1\u010den\u00ed ko\u0159ene pely\u0148ku do oleje po ur\u010ditou dobu, co\u017e umo\u017en\u00ed \u00fa\u010dinn\u00fdm l\u00e1tk\u00e1m z ko\u0159ene proniknout do oleje.","og_url":"https:\/\/naturalpoland.com\/cs\/produkty\/produkty-pro-kosmeticky-prumysl\/maceraty-cs\/macerat-z-korene-lawsonu\/","og_site_name":"NATURAL POLAND - Velkoobchodn\u00ed distributor surovin","article_publisher":"https:\/\/www.facebook.com\/naturalpoland.b2b","article_modified_time":"2025-06-30T13:02:00+00:00","og_image":[{"width":500,"height":306,"url":"https:\/\/naturalpoland.com\/wp-content\/uploads\/MARSHMALLOW.jpg","type":"image\/jpeg"}],"schema":{"@context":"https:\/\/schema.org","@graph":[{"@type":"WebPage","@id":"https:\/\/naturalpoland.com\/cs\/produkty\/produkty-pro-kosmeticky-prumysl\/maceraty-cs\/macerat-z-korene-lawsonu\/","url":"https:\/\/naturalpoland.com\/cs\/produkty\/produkty-pro-kosmeticky-prumysl\/maceraty-cs\/macerat-z-korene-lawsonu\/","name":"Macer\u00e1t z ko\u0159ene proskurn\u00edku l\u00e9ka\u0159sk\u00e9ho - Velkoobchodn\u00ed distributor","isPartOf":{"@id":"https:\/\/naturalpoland.com\/cs\/#website"},"primaryImageOfPage":{"@id":"https:\/\/naturalpoland.com\/cs\/produkty\/produkty-pro-kosmeticky-prumysl\/maceraty-cs\/macerat-z-korene-lawsonu\/#primaryimage"},"image":{"@id":"https:\/\/naturalpoland.com\/cs\/produkty\/produkty-pro-kosmeticky-prumysl\/maceraty-cs\/macerat-z-korene-lawsonu\/#primaryimage"},"thumbnailUrl":"https:\/\/naturalpoland.com\/wp-content\/uploads\/MARSHMALLOW.jpg","datePublished":"2023-04-21T11:49:21+00:00","dateModified":"2025-06-30T13:02:00+00:00","breadcrumb":{"@id":"https:\/\/naturalpoland.com\/cs\/produkty\/produkty-pro-kosmeticky-prumysl\/maceraty-cs\/macerat-z-korene-lawsonu\/#breadcrumb"},"inLanguage":"cs","potentialAction":[{"@type":"ReadAction","target":["https:\/\/naturalpoland.com\/cs\/produkty\/produkty-pro-kosmeticky-prumysl\/maceraty-cs\/macerat-z-korene-lawsonu\/"]}]},{"@type":"ImageObject","inLanguage":"cs","@id":"https:\/\/naturalpoland.com\/cs\/produkty\/produkty-pro-kosmeticky-prumysl\/maceraty-cs\/macerat-z-korene-lawsonu\/#primaryimage","url":"https:\/\/naturalpoland.com\/wp-content\/uploads\/MARSHMALLOW.jpg","contentUrl":"https:\/\/naturalpoland.com\/wp-content\/uploads\/MARSHMALLOW.jpg","width":500,"height":306,"caption":"goldenrod"},{"@type":"BreadcrumbList","@id":"https:\/\/naturalpoland.com\/cs\/produkty\/produkty-pro-kosmeticky-prumysl\/maceraty-cs\/macerat-z-korene-lawsonu\/#breadcrumb","itemListElement":[{"@type":"ListItem","position":1,"name":"Dom\u016f","item":"https:\/\/naturalpoland.com\/cs\/"},{"@type":"ListItem","position":2,"name":"Produkty","item":"https:\/\/naturalpoland.com\/cs\/produkty\/"},{"@type":"ListItem","position":3,"name":"Macer\u00e1t z ko\u0159ene proskurn\u00edku l\u00e9ka\u0159sk\u00e9ho"}]},{"@type":"WebSite","@id":"https:\/\/naturalpoland.com\/cs\/#website","url":"https:\/\/naturalpoland.com\/cs\/","name":"NATURAL POLAND - Velkoobchodn\u00ed distributor surovin","description":"Surowce dla przemys\u0142u spo\u017cywczego, kosmetycznego i farmaceutycznego","publisher":{"@id":"https:\/\/naturalpoland.com\/cs\/#organization"},"potentialAction":[{"@type":"SearchAction","target":{"@type":"EntryPoint","urlTemplate":"https:\/\/naturalpoland.com\/cs\/?s={search_term_string}"},"query-input":{"@type":"PropertyValueSpecification","valueRequired":true,"valueName":"search_term_string"}}],"inLanguage":"cs"},{"@type":"Organization","@id":"https:\/\/naturalpoland.com\/cs\/#organization","name":"Natural Poland","url":"https:\/\/naturalpoland.com\/cs\/","logo":{"@type":"ImageObject","inLanguage":"cs","@id":"https:\/\/naturalpoland.com\/cs\/#\/schema\/logo\/image\/","url":"https:\/\/naturalpoland.com\/wp-content\/uploads\/2021\/05\/natural-poland-icon.png","contentUrl":"https:\/\/naturalpoland.com\/wp-content\/uploads\/2021\/05\/natural-poland-icon.png","width":512,"height":512,"caption":"Natural Poland"},"image":{"@id":"https:\/\/naturalpoland.com\/cs\/#\/schema\/logo\/image\/"},"sameAs":["https:\/\/www.facebook.com\/naturalpoland.b2b","https:\/\/pl.linkedin.com\/company\/natural-poland","https:\/\/www.youtube.com\/channel\/UCgeGGkvOMahZo-xu_MSEWxg"]}]}},"_links":{"self":[{"href":"https:\/\/naturalpoland.com\/cs\/wp-json\/wp\/v2\/product\/22732","targetHints":{"allow":["GET"]}}],"collection":[{"href":"https:\/\/naturalpoland.com\/cs\/wp-json\/wp\/v2\/product"}],"about":[{"href":"https:\/\/naturalpoland.com\/cs\/wp-json\/wp\/v2\/types\/product"}],"wp:featuredmedia":[{"embeddable":true,"href":"https:\/\/naturalpoland.com\/cs\/wp-json\/wp\/v2\/media\/21887"}],"wp:attachment":[{"href":"https:\/\/naturalpoland.com\/cs\/wp-json\/wp\/v2\/media?parent=22732"}],"wp:term":[{"taxonomy":"product_brand","embeddable":true,"href":"https:\/\/naturalpoland.com\/cs\/wp-json\/wp\/v2\/product_brand?post=22732"},{"taxonomy":"product_cat","embeddable":true,"href":"https:\/\/naturalpoland.com\/cs\/wp-json\/wp\/v2\/product_cat?post=22732"},{"taxonomy":"product_tag","embeddable":true,"href":"https:\/\/naturalpoland.com\/cs\/wp-json\/wp\/v2\/product_tag?post=22732"}],"curies":[{"name":"wp","href":"https:\/\/api.w.org\/{rel}","templated":true}]}}