{"id":22846,"date":"2023-04-21T14:52:48","date_gmt":"2023-04-21T12:52:48","guid":{"rendered":"https:\/\/naturalpoland.pl\/produkty\/nezarazene\/extrakt-z-centella-asiatica\/"},"modified":"2026-02-09T12:51:01","modified_gmt":"2026-02-09T11:51:01","slug":"extract-from-vacrota-asiatic","status":"publish","type":"product","link":"https:\/\/naturalpoland.com\/cs\/produkty\/produkty-pro-farmaceuticky-a-zdravotnicky-prumysl\/pridavky-k-doplnkum-stravy\/extract-from-vacrota-asiatic\/","title":{"rendered":"Extrakt z Centella asiatica"},"content":{"rendered":"<h2>Vlastnosti a pou\u017eit\u00ed extraktu Centella Asiatica<\/h2>\n<p>Jeho unik\u00e1tn\u00ed vlastnosti vypl\u00fdvaj\u00ed z p\u0159\u00edtomnosti pentacyklick\u00fdch <strong>triterpenov\u00fdch saponin\u016f<\/strong>, <strong>triterpenov\u00e9ho geninu<\/strong>, <strong><a href=\"https:\/\/naturalpoland.com\/artykuly\/produkty-naturalne\/czym-sa-i-jak-dzialaja-flawonoidy\/\">flavonoid\u016f<\/a><\/strong>, <strong>fytosterol\u016f<\/strong> a <strong>tanin\u016f<\/strong>, jejich\u017e slo\u017een\u00ed se m\u016f\u017ee li\u0161it v z\u00e1vislosti na zemi p\u011bstov\u00e1n\u00ed rostliny. Triterpenov\u00e9 saponiny jsou zn\u00e1m\u00e9 sv\u00fdm \u00fa\u010dinkem podporuj\u00edc\u00edm c\u00e9vn\u00ed syst\u00e9m, zvy\u0161uj\u00ed odolnost krevn\u00edch c\u00e9v, co\u017e br\u00e1n\u00ed vzniku k\u0159e\u010dov\u00fdch \u017eil. Pou\u017eit\u00ed extraktu je doporu\u010deno pro citlivou, zralou, citlivou a suchou ple\u0165, proto\u017ee nejen <strong>posiluje c\u00e9vky<\/strong>, ale tak\u00e9 <strong>pom\u00e1h\u00e1 p\u0159i regeneraci popraskan\u00ed a po\u0161kozen\u00e9 k\u016f\u017ee,<\/strong> vyhlazuje, \u010dist\u00ed a uklid\u0148uje podr\u00e1\u017ed\u011bn\u00ed.   <\/p>\n<p>V dermatologii a kosmetice extrakt z centelly asijsk\u00e9 <strong>podporuje procesy hojen\u00ed ran<\/strong>, p\u016fsob\u00ed antibakteri\u00e1ln\u011b, protiz\u00e1n\u011btliv\u011b, hydrata\u010dn\u011b a protiedemat\u00f3zn\u011b. Je to \u00fa\u010dinn\u00e1 slo\u017eka v produktech proti akn\u00e9, proti st\u00e1rnut\u00ed a v p\u0159\u00edpravc\u00edch ur\u010den\u00fdch pro p\u00e9\u010di o suchou ple\u0165 n\u00e1chylnou k podr\u00e1\u017ed\u011bn\u00ed a okol\u00ed o\u010d\u00ed. Nav\u00edc <strong>stimuluje produkci kolagenu a podporuje r\u016fst vlas\u016f<\/strong> zlep\u0161en\u00edm cirkulace v poko\u017ece hlavy.  <\/p>\n<h2>Pou\u017eit\u00ed:<\/h2>\n<p>Extrakt z centelly asijsk\u00e9 m\u016f\u017ee b\u00fdt pou\u017e\u00edv\u00e1n jako slo\u017eka kr\u00e9m\u016f, s\u00e9r, tonik, masek a tak\u00e9 jako aktivn\u00ed l\u00e1tka v kosmetice pro p\u00e9\u010di o okol\u00ed o\u010d\u00ed, hydrata\u010dn\u00edch emulz\u00edch a kosmetice proti vr\u00e1sk\u00e1m. Ide\u00e1ln\u011b se hod\u00ed tak\u00e9 do uklid\u0148uj\u00edc\u00edch p\u0159\u00edpravk\u016f po holen\u00ed a produkt\u016f pro zralou a citlivou ple\u0165. <\/p>\n<h2>Extrakt z Gotu Kola v dopl\u0148c\u00edch stravy<\/h2>\n<p>Dopl\u0148ky stravy s extraktem z centelly asijsk\u00e9 jsou doporu\u010dov\u00e1ny p\u0159i <strong>l\u00e9\u010db\u011b onemocn\u011bn\u00ed tr\u00e1vic\u00edho syst\u00e9mu<\/strong>, jako jsou pr\u016fjmy \u010di \u0161patn\u00e9 tr\u00e1ven\u00ed, a v p\u0159\u00edpad\u011b <strong>z\u00e1n\u011bt\u016f mo\u010dov\u00fdch cest<\/strong>, <strong>hypertenze<\/strong> a <strong>cukrovky<\/strong>. Tento extrakt je tak\u00e9 u\u017eite\u010dn\u00fd p\u0159i terapii r\u016fzn\u00fdch <strong>ko\u017en\u00edch onemocn\u011bn\u00ed<\/strong>, v\u010detn\u011b lup\u00e9nky, ekz\u00e9mu, malomocenstv\u00ed, vitiligo \u010di ko\u017en\u00edch zm\u011bn souvisej\u00edc\u00edch s v\u011bkem. <\/p>\n<h2>Slo\u017een\u00ed extraktu:<\/h2>\n<ul>\n<li><strong>Centella Asiatica Extract<\/strong> (5%) \u2013 hlavn\u00ed aktivn\u00ed slo\u017eka, bohat\u00e1 na saponiny s protiz\u00e1n\u011btliv\u00fdm a antibakteri\u00e1ln\u00edm \u00fa\u010dinkem,<\/li>\n<li><strong>Aqua<\/strong> (40-50%) \u2013 rozpou\u0161t\u011bdlo,<\/li>\n<li><strong>Glycerin<\/strong> (40-50%) \u2013 hydrata\u010dn\u00ed humektant,<\/li>\n<li><strong>Sodium Benzoate<\/strong> (0,4%) a <strong>Potassium Sorbate<\/strong> (0,2%) \u2013 konzerva\u010dn\u00ed l\u00e1tky, kter\u00e9 chr\u00e1n\u00ed produkt p\u0159ed rozvojem mikroorganism\u016f a prodlu\u017euj\u00ed jeho trvanlivost.<\/li>\n<\/ul>\n","protected":false},"excerpt":{"rendered":"<p><strong>Extrakt z nati centelly asijsk\u00e9<\/strong>, zn\u00e1m\u00e9 tak\u00e9 pod n\u00e1zvy <strong>gotu kola<\/strong>, <strong>centella asijsk\u00e1<\/strong> nebo <strong>tyg\u0159\u00ed tr\u00e1va<\/strong>, je z\u00edsk\u00e1v\u00e1n z nadzemn\u00edch \u010d\u00e1st\u00ed t\u00e9to exotick\u00e9 rostliny vyskytuj\u00edc\u00ed se v tropick\u00fdch a subtropick\u00fdch oblastech. Tento produkt je ur\u010den k pou\u017eit\u00ed v kosmetice a farmacii. <\/p>\n","protected":false},"featured_media":22805,"template":"","meta":{"_acf_changed":false},"product_brand":[],"product_cat":[629,622],"product_tag":[],"class_list":{"0":"post-22846","1":"product","2":"type-product","3":"status-publish","4":"has-post-thumbnail","6":"product_cat-pridavky-k-doplnkum-stravy","7":"product_cat-rostlinne-vytazky","9":"first","10":"instock","11":"shipping-taxable","12":"product-type-simple"},"acf":[],"yoast_head":"<!-- This site is optimized with the Yoast SEO plugin v27.4 - https:\/\/yoast.com\/product\/yoast-seo-wordpress\/ -->\n<title>Extrakt z Centella asiatica - NATURAL POLAND - Velkoobchodn\u00ed distributor surovin<\/title>\n<meta name=\"description\" content=\"Extrakt z Centella asiatica je \u0161iroce pou\u017e\u00edv\u00e1n v kosmetice, tradi\u010dn\u00ed i modern\u00ed medic\u00edn\u011b d\u00edky sv\u00fdm mnohostrann\u00fdm p\u0159\u00ednosn\u00fdm vlastnostem.\" \/>\n<meta name=\"robots\" content=\"index, follow, max-snippet:-1, max-image-preview:large, max-video-preview:-1\" \/>\n<link rel=\"canonical\" href=\"https:\/\/naturalpoland.com\/cs\/produkty\/produkty-pro-farmaceuticky-a-zdravotnicky-prumysl\/pridavky-k-doplnkum-stravy\/extract-from-vacrota-asiatic\/\" \/>\n<meta property=\"og:locale\" content=\"cs_CZ\" \/>\n<meta property=\"og:type\" content=\"article\" \/>\n<meta property=\"og:title\" content=\"Extrakt z Centella asiatica - NATURAL POLAND - Velkoobchodn\u00ed distributor surovin\" \/>\n<meta property=\"og:description\" content=\"Extrakt z Centella asiatica je \u0161iroce pou\u017e\u00edv\u00e1n v kosmetice, tradi\u010dn\u00ed i modern\u00ed medic\u00edn\u011b d\u00edky sv\u00fdm mnohostrann\u00fdm p\u0159\u00ednosn\u00fdm vlastnostem.\" \/>\n<meta property=\"og:url\" content=\"https:\/\/naturalpoland.com\/cs\/produkty\/produkty-pro-farmaceuticky-a-zdravotnicky-prumysl\/pridavky-k-doplnkum-stravy\/extract-from-vacrota-asiatic\/\" \/>\n<meta property=\"og:site_name\" content=\"NATURAL POLAND - Velkoobchodn\u00ed distributor surovin\" \/>\n<meta property=\"article:publisher\" content=\"https:\/\/www.facebook.com\/naturalpoland.b2b\" \/>\n<meta property=\"article:modified_time\" content=\"2026-02-09T11:51:01+00:00\" \/>\n<meta property=\"og:image\" content=\"https:\/\/naturalpoland.com\/wp-content\/uploads\/ekstrakt-z-wakroty-azjatyckiej.jpg\" \/>\n\t<meta property=\"og:image:width\" content=\"500\" \/>\n\t<meta property=\"og:image:height\" content=\"500\" \/>\n\t<meta property=\"og:image:type\" content=\"image\/jpeg\" \/>\n<script type=\"application\/ld+json\" class=\"yoast-schema-graph\">{\"@context\":\"https:\\\/\\\/schema.org\",\"@graph\":[{\"@type\":\"WebPage\",\"@id\":\"https:\\\/\\\/naturalpoland.com\\\/cs\\\/produkty\\\/produkty-pro-farmaceuticky-a-zdravotnicky-prumysl\\\/pridavky-k-doplnkum-stravy\\\/extract-from-vacrota-asiatic\\\/\",\"url\":\"https:\\\/\\\/naturalpoland.com\\\/cs\\\/produkty\\\/produkty-pro-farmaceuticky-a-zdravotnicky-prumysl\\\/pridavky-k-doplnkum-stravy\\\/extract-from-vacrota-asiatic\\\/\",\"name\":\"Extrakt z Centella asiatica - NATURAL POLAND - Velkoobchodn\u00ed distributor surovin\",\"isPartOf\":{\"@id\":\"https:\\\/\\\/naturalpoland.com\\\/cs\\\/#website\"},\"primaryImageOfPage\":{\"@id\":\"https:\\\/\\\/naturalpoland.com\\\/cs\\\/produkty\\\/produkty-pro-farmaceuticky-a-zdravotnicky-prumysl\\\/pridavky-k-doplnkum-stravy\\\/extract-from-vacrota-asiatic\\\/#primaryimage\"},\"image\":{\"@id\":\"https:\\\/\\\/naturalpoland.com\\\/cs\\\/produkty\\\/produkty-pro-farmaceuticky-a-zdravotnicky-prumysl\\\/pridavky-k-doplnkum-stravy\\\/extract-from-vacrota-asiatic\\\/#primaryimage\"},\"thumbnailUrl\":\"https:\\\/\\\/naturalpoland.com\\\/wp-content\\\/uploads\\\/ekstrakt-z-wakroty-azjatyckiej.jpg\",\"datePublished\":\"2023-04-21T12:52:48+00:00\",\"dateModified\":\"2026-02-09T11:51:01+00:00\",\"description\":\"Extrakt z Centella asiatica je \u0161iroce pou\u017e\u00edv\u00e1n v kosmetice, tradi\u010dn\u00ed i modern\u00ed medic\u00edn\u011b d\u00edky sv\u00fdm mnohostrann\u00fdm p\u0159\u00ednosn\u00fdm vlastnostem.\",\"breadcrumb\":{\"@id\":\"https:\\\/\\\/naturalpoland.com\\\/cs\\\/produkty\\\/produkty-pro-farmaceuticky-a-zdravotnicky-prumysl\\\/pridavky-k-doplnkum-stravy\\\/extract-from-vacrota-asiatic\\\/#breadcrumb\"},\"inLanguage\":\"cs\",\"potentialAction\":[{\"@type\":\"ReadAction\",\"target\":[\"https:\\\/\\\/naturalpoland.com\\\/cs\\\/produkty\\\/produkty-pro-farmaceuticky-a-zdravotnicky-prumysl\\\/pridavky-k-doplnkum-stravy\\\/extract-from-vacrota-asiatic\\\/\"]}]},{\"@type\":\"ImageObject\",\"inLanguage\":\"cs\",\"@id\":\"https:\\\/\\\/naturalpoland.com\\\/cs\\\/produkty\\\/produkty-pro-farmaceuticky-a-zdravotnicky-prumysl\\\/pridavky-k-doplnkum-stravy\\\/extract-from-vacrota-asiatic\\\/#primaryimage\",\"url\":\"https:\\\/\\\/naturalpoland.com\\\/wp-content\\\/uploads\\\/ekstrakt-z-wakroty-azjatyckiej.jpg\",\"contentUrl\":\"https:\\\/\\\/naturalpoland.com\\\/wp-content\\\/uploads\\\/ekstrakt-z-wakroty-azjatyckiej.jpg\",\"width\":500,\"height\":500,\"caption\":\"Extrakt z Centella asiatica\"},{\"@type\":\"BreadcrumbList\",\"@id\":\"https:\\\/\\\/naturalpoland.com\\\/cs\\\/produkty\\\/produkty-pro-farmaceuticky-a-zdravotnicky-prumysl\\\/pridavky-k-doplnkum-stravy\\\/extract-from-vacrota-asiatic\\\/#breadcrumb\",\"itemListElement\":[{\"@type\":\"ListItem\",\"position\":1,\"name\":\"Dom\u016f\",\"item\":\"https:\\\/\\\/naturalpoland.com\\\/cs\\\/\"},{\"@type\":\"ListItem\",\"position\":2,\"name\":\"Produkty\",\"item\":\"https:\\\/\\\/naturalpoland.com\\\/cs\\\/produkty\\\/\"},{\"@type\":\"ListItem\",\"position\":3,\"name\":\"Extrakt z Centella asiatica\"}]},{\"@type\":\"WebSite\",\"@id\":\"https:\\\/\\\/naturalpoland.com\\\/cs\\\/#website\",\"url\":\"https:\\\/\\\/naturalpoland.com\\\/cs\\\/\",\"name\":\"NATURAL POLAND - Velkoobchodn\u00ed distributor surovin\",\"description\":\"Surowce dla przemys\u0142u spo\u017cywczego, kosmetycznego i farmaceutycznego\",\"publisher\":{\"@id\":\"https:\\\/\\\/naturalpoland.com\\\/cs\\\/#organization\"},\"potentialAction\":[{\"@type\":\"SearchAction\",\"target\":{\"@type\":\"EntryPoint\",\"urlTemplate\":\"https:\\\/\\\/naturalpoland.com\\\/cs\\\/?s={search_term_string}\"},\"query-input\":{\"@type\":\"PropertyValueSpecification\",\"valueRequired\":true,\"valueName\":\"search_term_string\"}}],\"inLanguage\":\"cs\"},{\"@type\":\"Organization\",\"@id\":\"https:\\\/\\\/naturalpoland.com\\\/cs\\\/#organization\",\"name\":\"Natural Poland\",\"url\":\"https:\\\/\\\/naturalpoland.com\\\/cs\\\/\",\"logo\":{\"@type\":\"ImageObject\",\"inLanguage\":\"cs\",\"@id\":\"https:\\\/\\\/naturalpoland.com\\\/cs\\\/#\\\/schema\\\/logo\\\/image\\\/\",\"url\":\"https:\\\/\\\/naturalpoland.com\\\/wp-content\\\/uploads\\\/2021\\\/05\\\/natural-poland-icon.png\",\"contentUrl\":\"https:\\\/\\\/naturalpoland.com\\\/wp-content\\\/uploads\\\/2021\\\/05\\\/natural-poland-icon.png\",\"width\":512,\"height\":512,\"caption\":\"Natural Poland\"},\"image\":{\"@id\":\"https:\\\/\\\/naturalpoland.com\\\/cs\\\/#\\\/schema\\\/logo\\\/image\\\/\"},\"sameAs\":[\"https:\\\/\\\/www.facebook.com\\\/naturalpoland.b2b\",\"https:\\\/\\\/pl.linkedin.com\\\/company\\\/natural-poland\",\"https:\\\/\\\/www.youtube.com\\\/channel\\\/UCgeGGkvOMahZo-xu_MSEWxg\"]}]}<\/script>\n<!-- \/ Yoast SEO plugin. -->","yoast_head_json":{"title":"Extrakt z Centella asiatica - NATURAL POLAND - Velkoobchodn\u00ed distributor surovin","description":"Extrakt z Centella asiatica je \u0161iroce pou\u017e\u00edv\u00e1n v kosmetice, tradi\u010dn\u00ed i modern\u00ed medic\u00edn\u011b d\u00edky sv\u00fdm mnohostrann\u00fdm p\u0159\u00ednosn\u00fdm vlastnostem.","robots":{"index":"index","follow":"follow","max-snippet":"max-snippet:-1","max-image-preview":"max-image-preview:large","max-video-preview":"max-video-preview:-1"},"canonical":"https:\/\/naturalpoland.com\/cs\/produkty\/produkty-pro-farmaceuticky-a-zdravotnicky-prumysl\/pridavky-k-doplnkum-stravy\/extract-from-vacrota-asiatic\/","og_locale":"cs_CZ","og_type":"article","og_title":"Extrakt z Centella asiatica - NATURAL POLAND - Velkoobchodn\u00ed distributor surovin","og_description":"Extrakt z Centella asiatica je \u0161iroce pou\u017e\u00edv\u00e1n v kosmetice, tradi\u010dn\u00ed i modern\u00ed medic\u00edn\u011b d\u00edky sv\u00fdm mnohostrann\u00fdm p\u0159\u00ednosn\u00fdm vlastnostem.","og_url":"https:\/\/naturalpoland.com\/cs\/produkty\/produkty-pro-farmaceuticky-a-zdravotnicky-prumysl\/pridavky-k-doplnkum-stravy\/extract-from-vacrota-asiatic\/","og_site_name":"NATURAL POLAND - Velkoobchodn\u00ed distributor surovin","article_publisher":"https:\/\/www.facebook.com\/naturalpoland.b2b","article_modified_time":"2026-02-09T11:51:01+00:00","og_image":[{"width":500,"height":500,"url":"https:\/\/naturalpoland.com\/wp-content\/uploads\/ekstrakt-z-wakroty-azjatyckiej.jpg","type":"image\/jpeg"}],"schema":{"@context":"https:\/\/schema.org","@graph":[{"@type":"WebPage","@id":"https:\/\/naturalpoland.com\/cs\/produkty\/produkty-pro-farmaceuticky-a-zdravotnicky-prumysl\/pridavky-k-doplnkum-stravy\/extract-from-vacrota-asiatic\/","url":"https:\/\/naturalpoland.com\/cs\/produkty\/produkty-pro-farmaceuticky-a-zdravotnicky-prumysl\/pridavky-k-doplnkum-stravy\/extract-from-vacrota-asiatic\/","name":"Extrakt z Centella asiatica - NATURAL POLAND - Velkoobchodn\u00ed distributor surovin","isPartOf":{"@id":"https:\/\/naturalpoland.com\/cs\/#website"},"primaryImageOfPage":{"@id":"https:\/\/naturalpoland.com\/cs\/produkty\/produkty-pro-farmaceuticky-a-zdravotnicky-prumysl\/pridavky-k-doplnkum-stravy\/extract-from-vacrota-asiatic\/#primaryimage"},"image":{"@id":"https:\/\/naturalpoland.com\/cs\/produkty\/produkty-pro-farmaceuticky-a-zdravotnicky-prumysl\/pridavky-k-doplnkum-stravy\/extract-from-vacrota-asiatic\/#primaryimage"},"thumbnailUrl":"https:\/\/naturalpoland.com\/wp-content\/uploads\/ekstrakt-z-wakroty-azjatyckiej.jpg","datePublished":"2023-04-21T12:52:48+00:00","dateModified":"2026-02-09T11:51:01+00:00","description":"Extrakt z Centella asiatica je \u0161iroce pou\u017e\u00edv\u00e1n v kosmetice, tradi\u010dn\u00ed i modern\u00ed medic\u00edn\u011b d\u00edky sv\u00fdm mnohostrann\u00fdm p\u0159\u00ednosn\u00fdm vlastnostem.","breadcrumb":{"@id":"https:\/\/naturalpoland.com\/cs\/produkty\/produkty-pro-farmaceuticky-a-zdravotnicky-prumysl\/pridavky-k-doplnkum-stravy\/extract-from-vacrota-asiatic\/#breadcrumb"},"inLanguage":"cs","potentialAction":[{"@type":"ReadAction","target":["https:\/\/naturalpoland.com\/cs\/produkty\/produkty-pro-farmaceuticky-a-zdravotnicky-prumysl\/pridavky-k-doplnkum-stravy\/extract-from-vacrota-asiatic\/"]}]},{"@type":"ImageObject","inLanguage":"cs","@id":"https:\/\/naturalpoland.com\/cs\/produkty\/produkty-pro-farmaceuticky-a-zdravotnicky-prumysl\/pridavky-k-doplnkum-stravy\/extract-from-vacrota-asiatic\/#primaryimage","url":"https:\/\/naturalpoland.com\/wp-content\/uploads\/ekstrakt-z-wakroty-azjatyckiej.jpg","contentUrl":"https:\/\/naturalpoland.com\/wp-content\/uploads\/ekstrakt-z-wakroty-azjatyckiej.jpg","width":500,"height":500,"caption":"Extrakt z Centella asiatica"},{"@type":"BreadcrumbList","@id":"https:\/\/naturalpoland.com\/cs\/produkty\/produkty-pro-farmaceuticky-a-zdravotnicky-prumysl\/pridavky-k-doplnkum-stravy\/extract-from-vacrota-asiatic\/#breadcrumb","itemListElement":[{"@type":"ListItem","position":1,"name":"Dom\u016f","item":"https:\/\/naturalpoland.com\/cs\/"},{"@type":"ListItem","position":2,"name":"Produkty","item":"https:\/\/naturalpoland.com\/cs\/produkty\/"},{"@type":"ListItem","position":3,"name":"Extrakt z Centella asiatica"}]},{"@type":"WebSite","@id":"https:\/\/naturalpoland.com\/cs\/#website","url":"https:\/\/naturalpoland.com\/cs\/","name":"NATURAL POLAND - Velkoobchodn\u00ed distributor surovin","description":"Surowce dla przemys\u0142u spo\u017cywczego, kosmetycznego i farmaceutycznego","publisher":{"@id":"https:\/\/naturalpoland.com\/cs\/#organization"},"potentialAction":[{"@type":"SearchAction","target":{"@type":"EntryPoint","urlTemplate":"https:\/\/naturalpoland.com\/cs\/?s={search_term_string}"},"query-input":{"@type":"PropertyValueSpecification","valueRequired":true,"valueName":"search_term_string"}}],"inLanguage":"cs"},{"@type":"Organization","@id":"https:\/\/naturalpoland.com\/cs\/#organization","name":"Natural Poland","url":"https:\/\/naturalpoland.com\/cs\/","logo":{"@type":"ImageObject","inLanguage":"cs","@id":"https:\/\/naturalpoland.com\/cs\/#\/schema\/logo\/image\/","url":"https:\/\/naturalpoland.com\/wp-content\/uploads\/2021\/05\/natural-poland-icon.png","contentUrl":"https:\/\/naturalpoland.com\/wp-content\/uploads\/2021\/05\/natural-poland-icon.png","width":512,"height":512,"caption":"Natural Poland"},"image":{"@id":"https:\/\/naturalpoland.com\/cs\/#\/schema\/logo\/image\/"},"sameAs":["https:\/\/www.facebook.com\/naturalpoland.b2b","https:\/\/pl.linkedin.com\/company\/natural-poland","https:\/\/www.youtube.com\/channel\/UCgeGGkvOMahZo-xu_MSEWxg"]}]}},"_links":{"self":[{"href":"https:\/\/naturalpoland.com\/cs\/wp-json\/wp\/v2\/product\/22846","targetHints":{"allow":["GET"]}}],"collection":[{"href":"https:\/\/naturalpoland.com\/cs\/wp-json\/wp\/v2\/product"}],"about":[{"href":"https:\/\/naturalpoland.com\/cs\/wp-json\/wp\/v2\/types\/product"}],"wp:featuredmedia":[{"embeddable":true,"href":"https:\/\/naturalpoland.com\/cs\/wp-json\/wp\/v2\/media\/22805"}],"wp:attachment":[{"href":"https:\/\/naturalpoland.com\/cs\/wp-json\/wp\/v2\/media?parent=22846"}],"wp:term":[{"taxonomy":"product_brand","embeddable":true,"href":"https:\/\/naturalpoland.com\/cs\/wp-json\/wp\/v2\/product_brand?post=22846"},{"taxonomy":"product_cat","embeddable":true,"href":"https:\/\/naturalpoland.com\/cs\/wp-json\/wp\/v2\/product_cat?post=22846"},{"taxonomy":"product_tag","embeddable":true,"href":"https:\/\/naturalpoland.com\/cs\/wp-json\/wp\/v2\/product_tag?post=22846"}],"curies":[{"name":"wp","href":"https:\/\/api.w.org\/{rel}","templated":true}]}}