{"id":22863,"date":"2023-04-21T14:27:03","date_gmt":"2023-04-21T13:03:56","guid":{"rendered":"https:\/\/naturalpoland.pl\/produkty\/nezarazene\/tripeptid-1-palmitat\/"},"modified":"2023-04-21T15:03:56","modified_gmt":"2023-04-21T13:03:56","slug":"tripeptid-1-palmitat","status":"publish","type":"product","link":"https:\/\/naturalpoland.com\/cs\/produkty\/produkty-pro-kosmeticky-prumysl\/ucinne-latky\/tripeptid-1-palmitat\/","title":{"rendered":"Tripeptid-1 palmit\u00e1t"},"content":{"rendered":"<p><strong>Palmitoyltripeptid-1 (palmitoyltripeptid-1<\/strong> ) pat\u0159\u00ed do skupiny sign\u00e1ln\u00edch peptid\u016f a je chemickou modifikac\u00ed zn\u00e1m\u011bj\u0161\u00edho peptidu GHK. Vys\u00edl\u00e1 bu\u0148k\u00e1m zpr\u00e1vu, aby podnikly kroky k regeneraci k\u016f\u017ee, a stimuluje je ke zv\u00fd\u0161en\u00e9 produkci kolagenu a glykosaminoglykan\u016f. Podporuje regenera\u010dn\u00ed procesy poko\u017eky spojen\u00e9 s po\u0161kozen\u00edm sluncem, podr\u00e1\u017ed\u011bn\u00edm a pom\u00e1h\u00e1 vyhlazovat i hlubok\u00e9 vr\u00e1sky.<\/p>\n<p>Vzhledem ke sv\u00fdm fyzik\u00e1ln\u00edm a chemick\u00fdm vlastnostem by se tento peptid nem\u011bl kombinovat s kyselinami. Skv\u011ble v\u0161ak funguje v kombinaci s retinolem, s n\u00edm\u017e vz\u00e1jemn\u011b posiluj\u00ed sv\u00e9 \u00fa\u010dinky.<\/p>\n","protected":false},"excerpt":{"rendered":"<p>D\u00edky sv\u00fdm v\u00fdjime\u010dn\u00fdm vlastnostem proti st\u00e1rnut\u00ed a schopnosti pronikat do hlubok\u00fdch vrstev poko\u017eky si peptidy z\u00edsk\u00e1vaj\u00ed st\u00e1le v\u011bt\u0161\u00ed oblibu jako kosmetick\u00e9 ingredience. K tomu p\u0159isp\u00edv\u00e1 rozvoj biotechnologi\u00ed, kter\u00fd umo\u017e\u0148uje v\u00fdvoj nov\u00fdch, st\u00e1le \u00fa\u010dinn\u011bj\u0161\u00edch a bezpe\u010dn\u011bj\u0161\u00edch l\u00e1tek.<\/p>\n","protected":false},"featured_media":22781,"template":"","meta":{"_acf_changed":false},"product_brand":[],"product_cat":[2488,1505],"product_tag":[],"class_list":{"0":"post-22863","1":"product","2":"type-product","3":"status-publish","4":"has-post-thumbnail","6":"product_cat-peptidy","7":"product_cat-ucinne-latky","9":"first","10":"instock","11":"shipping-taxable","12":"product-type-simple"},"acf":[],"yoast_head":"<!-- This site is optimized with the Yoast SEO plugin v27.4 - https:\/\/yoast.com\/product\/yoast-seo-wordpress\/ -->\n<title>Tripeptid-1 palmit\u00e1t - Velkoobchodn\u00ed distributor<\/title>\n<meta name=\"robots\" content=\"index, follow, max-snippet:-1, max-image-preview:large, max-video-preview:-1\" \/>\n<link rel=\"canonical\" href=\"https:\/\/naturalpoland.com\/cs\/produkty\/produkty-pro-kosmeticky-prumysl\/ucinne-latky\/tripeptid-1-palmitat\/\" \/>\n<meta property=\"og:locale\" content=\"cs_CZ\" \/>\n<meta property=\"og:type\" content=\"article\" \/>\n<meta property=\"og:title\" content=\"Tripeptid-1 palmit\u00e1t - Velkoobchodn\u00ed distributor\" \/>\n<meta property=\"og:description\" content=\"D\u00edky sv\u00fdm v\u00fdjime\u010dn\u00fdm vlastnostem proti st\u00e1rnut\u00ed a schopnosti pronikat do hlubok\u00fdch vrstev poko\u017eky si peptidy z\u00edsk\u00e1vaj\u00ed st\u00e1le v\u011bt\u0161\u00ed oblibu jako kosmetick\u00e9 ingredience. K tomu p\u0159isp\u00edv\u00e1 rozvoj biotechnologi\u00ed, kter\u00fd umo\u017e\u0148uje v\u00fdvoj nov\u00fdch, st\u00e1le \u00fa\u010dinn\u011bj\u0161\u00edch a bezpe\u010dn\u011bj\u0161\u00edch l\u00e1tek.\" \/>\n<meta property=\"og:url\" content=\"https:\/\/naturalpoland.com\/cs\/produkty\/produkty-pro-kosmeticky-prumysl\/ucinne-latky\/tripeptid-1-palmitat\/\" \/>\n<meta property=\"og:site_name\" content=\"NATURAL POLAND - Velkoobchodn\u00ed distributor surovin\" \/>\n<meta property=\"article:publisher\" content=\"https:\/\/www.facebook.com\/naturalpoland.b2b\" \/>\n<meta property=\"og:image\" content=\"https:\/\/naturalpoland.com\/wp-content\/uploads\/Palmitynian-tripeptydu-1.jpg\" \/>\n\t<meta property=\"og:image:width\" content=\"500\" \/>\n\t<meta property=\"og:image:height\" content=\"500\" \/>\n\t<meta property=\"og:image:type\" content=\"image\/jpeg\" \/>\n<script type=\"application\/ld+json\" class=\"yoast-schema-graph\">{\"@context\":\"https:\\\/\\\/schema.org\",\"@graph\":[{\"@type\":\"WebPage\",\"@id\":\"https:\\\/\\\/naturalpoland.com\\\/cs\\\/produkty\\\/produkty-pro-kosmeticky-prumysl\\\/ucinne-latky\\\/tripeptid-1-palmitat\\\/\",\"url\":\"https:\\\/\\\/naturalpoland.com\\\/cs\\\/produkty\\\/produkty-pro-kosmeticky-prumysl\\\/ucinne-latky\\\/tripeptid-1-palmitat\\\/\",\"name\":\"Tripeptid-1 palmit\u00e1t - Velkoobchodn\u00ed distributor\",\"isPartOf\":{\"@id\":\"https:\\\/\\\/naturalpoland.com\\\/cs\\\/#website\"},\"primaryImageOfPage\":{\"@id\":\"https:\\\/\\\/naturalpoland.com\\\/cs\\\/produkty\\\/produkty-pro-kosmeticky-prumysl\\\/ucinne-latky\\\/tripeptid-1-palmitat\\\/#primaryimage\"},\"image\":{\"@id\":\"https:\\\/\\\/naturalpoland.com\\\/cs\\\/produkty\\\/produkty-pro-kosmeticky-prumysl\\\/ucinne-latky\\\/tripeptid-1-palmitat\\\/#primaryimage\"},\"thumbnailUrl\":\"https:\\\/\\\/naturalpoland.com\\\/wp-content\\\/uploads\\\/Palmitynian-tripeptydu-1.jpg\",\"datePublished\":\"2023-04-21T13:03:56+00:00\",\"breadcrumb\":{\"@id\":\"https:\\\/\\\/naturalpoland.com\\\/cs\\\/produkty\\\/produkty-pro-kosmeticky-prumysl\\\/ucinne-latky\\\/tripeptid-1-palmitat\\\/#breadcrumb\"},\"inLanguage\":\"cs\",\"potentialAction\":[{\"@type\":\"ReadAction\",\"target\":[\"https:\\\/\\\/naturalpoland.com\\\/cs\\\/produkty\\\/produkty-pro-kosmeticky-prumysl\\\/ucinne-latky\\\/tripeptid-1-palmitat\\\/\"]}]},{\"@type\":\"ImageObject\",\"inLanguage\":\"cs\",\"@id\":\"https:\\\/\\\/naturalpoland.com\\\/cs\\\/produkty\\\/produkty-pro-kosmeticky-prumysl\\\/ucinne-latky\\\/tripeptid-1-palmitat\\\/#primaryimage\",\"url\":\"https:\\\/\\\/naturalpoland.com\\\/wp-content\\\/uploads\\\/Palmitynian-tripeptydu-1.jpg\",\"contentUrl\":\"https:\\\/\\\/naturalpoland.com\\\/wp-content\\\/uploads\\\/Palmitynian-tripeptydu-1.jpg\",\"width\":500,\"height\":500,\"caption\":\"Tripeptid-1 palmit\u00e1t\"},{\"@type\":\"BreadcrumbList\",\"@id\":\"https:\\\/\\\/naturalpoland.com\\\/cs\\\/produkty\\\/produkty-pro-kosmeticky-prumysl\\\/ucinne-latky\\\/tripeptid-1-palmitat\\\/#breadcrumb\",\"itemListElement\":[{\"@type\":\"ListItem\",\"position\":1,\"name\":\"Dom\u016f\",\"item\":\"https:\\\/\\\/naturalpoland.com\\\/cs\\\/\"},{\"@type\":\"ListItem\",\"position\":2,\"name\":\"Produkty\",\"item\":\"https:\\\/\\\/naturalpoland.com\\\/cs\\\/produkty\\\/\"},{\"@type\":\"ListItem\",\"position\":3,\"name\":\"Tripeptid-1 palmit\u00e1t\"}]},{\"@type\":\"WebSite\",\"@id\":\"https:\\\/\\\/naturalpoland.com\\\/cs\\\/#website\",\"url\":\"https:\\\/\\\/naturalpoland.com\\\/cs\\\/\",\"name\":\"NATURAL POLAND - Velkoobchodn\u00ed distributor surovin\",\"description\":\"Surowce dla przemys\u0142u spo\u017cywczego, kosmetycznego i farmaceutycznego\",\"publisher\":{\"@id\":\"https:\\\/\\\/naturalpoland.com\\\/cs\\\/#organization\"},\"potentialAction\":[{\"@type\":\"SearchAction\",\"target\":{\"@type\":\"EntryPoint\",\"urlTemplate\":\"https:\\\/\\\/naturalpoland.com\\\/cs\\\/?s={search_term_string}\"},\"query-input\":{\"@type\":\"PropertyValueSpecification\",\"valueRequired\":true,\"valueName\":\"search_term_string\"}}],\"inLanguage\":\"cs\"},{\"@type\":\"Organization\",\"@id\":\"https:\\\/\\\/naturalpoland.com\\\/cs\\\/#organization\",\"name\":\"Natural Poland\",\"url\":\"https:\\\/\\\/naturalpoland.com\\\/cs\\\/\",\"logo\":{\"@type\":\"ImageObject\",\"inLanguage\":\"cs\",\"@id\":\"https:\\\/\\\/naturalpoland.com\\\/cs\\\/#\\\/schema\\\/logo\\\/image\\\/\",\"url\":\"https:\\\/\\\/naturalpoland.com\\\/wp-content\\\/uploads\\\/2021\\\/05\\\/natural-poland-icon.png\",\"contentUrl\":\"https:\\\/\\\/naturalpoland.com\\\/wp-content\\\/uploads\\\/2021\\\/05\\\/natural-poland-icon.png\",\"width\":512,\"height\":512,\"caption\":\"Natural Poland\"},\"image\":{\"@id\":\"https:\\\/\\\/naturalpoland.com\\\/cs\\\/#\\\/schema\\\/logo\\\/image\\\/\"},\"sameAs\":[\"https:\\\/\\\/www.facebook.com\\\/naturalpoland.b2b\",\"https:\\\/\\\/pl.linkedin.com\\\/company\\\/natural-poland\",\"https:\\\/\\\/www.youtube.com\\\/channel\\\/UCgeGGkvOMahZo-xu_MSEWxg\"]}]}<\/script>\n<!-- \/ Yoast SEO plugin. -->","yoast_head_json":{"title":"Tripeptid-1 palmit\u00e1t - Velkoobchodn\u00ed distributor","robots":{"index":"index","follow":"follow","max-snippet":"max-snippet:-1","max-image-preview":"max-image-preview:large","max-video-preview":"max-video-preview:-1"},"canonical":"https:\/\/naturalpoland.com\/cs\/produkty\/produkty-pro-kosmeticky-prumysl\/ucinne-latky\/tripeptid-1-palmitat\/","og_locale":"cs_CZ","og_type":"article","og_title":"Tripeptid-1 palmit\u00e1t - Velkoobchodn\u00ed distributor","og_description":"D\u00edky sv\u00fdm v\u00fdjime\u010dn\u00fdm vlastnostem proti st\u00e1rnut\u00ed a schopnosti pronikat do hlubok\u00fdch vrstev poko\u017eky si peptidy z\u00edsk\u00e1vaj\u00ed st\u00e1le v\u011bt\u0161\u00ed oblibu jako kosmetick\u00e9 ingredience. K tomu p\u0159isp\u00edv\u00e1 rozvoj biotechnologi\u00ed, kter\u00fd umo\u017e\u0148uje v\u00fdvoj nov\u00fdch, st\u00e1le \u00fa\u010dinn\u011bj\u0161\u00edch a bezpe\u010dn\u011bj\u0161\u00edch l\u00e1tek.","og_url":"https:\/\/naturalpoland.com\/cs\/produkty\/produkty-pro-kosmeticky-prumysl\/ucinne-latky\/tripeptid-1-palmitat\/","og_site_name":"NATURAL POLAND - Velkoobchodn\u00ed distributor surovin","article_publisher":"https:\/\/www.facebook.com\/naturalpoland.b2b","og_image":[{"width":500,"height":500,"url":"https:\/\/naturalpoland.com\/wp-content\/uploads\/Palmitynian-tripeptydu-1.jpg","type":"image\/jpeg"}],"schema":{"@context":"https:\/\/schema.org","@graph":[{"@type":"WebPage","@id":"https:\/\/naturalpoland.com\/cs\/produkty\/produkty-pro-kosmeticky-prumysl\/ucinne-latky\/tripeptid-1-palmitat\/","url":"https:\/\/naturalpoland.com\/cs\/produkty\/produkty-pro-kosmeticky-prumysl\/ucinne-latky\/tripeptid-1-palmitat\/","name":"Tripeptid-1 palmit\u00e1t - Velkoobchodn\u00ed distributor","isPartOf":{"@id":"https:\/\/naturalpoland.com\/cs\/#website"},"primaryImageOfPage":{"@id":"https:\/\/naturalpoland.com\/cs\/produkty\/produkty-pro-kosmeticky-prumysl\/ucinne-latky\/tripeptid-1-palmitat\/#primaryimage"},"image":{"@id":"https:\/\/naturalpoland.com\/cs\/produkty\/produkty-pro-kosmeticky-prumysl\/ucinne-latky\/tripeptid-1-palmitat\/#primaryimage"},"thumbnailUrl":"https:\/\/naturalpoland.com\/wp-content\/uploads\/Palmitynian-tripeptydu-1.jpg","datePublished":"2023-04-21T13:03:56+00:00","breadcrumb":{"@id":"https:\/\/naturalpoland.com\/cs\/produkty\/produkty-pro-kosmeticky-prumysl\/ucinne-latky\/tripeptid-1-palmitat\/#breadcrumb"},"inLanguage":"cs","potentialAction":[{"@type":"ReadAction","target":["https:\/\/naturalpoland.com\/cs\/produkty\/produkty-pro-kosmeticky-prumysl\/ucinne-latky\/tripeptid-1-palmitat\/"]}]},{"@type":"ImageObject","inLanguage":"cs","@id":"https:\/\/naturalpoland.com\/cs\/produkty\/produkty-pro-kosmeticky-prumysl\/ucinne-latky\/tripeptid-1-palmitat\/#primaryimage","url":"https:\/\/naturalpoland.com\/wp-content\/uploads\/Palmitynian-tripeptydu-1.jpg","contentUrl":"https:\/\/naturalpoland.com\/wp-content\/uploads\/Palmitynian-tripeptydu-1.jpg","width":500,"height":500,"caption":"Tripeptid-1 palmit\u00e1t"},{"@type":"BreadcrumbList","@id":"https:\/\/naturalpoland.com\/cs\/produkty\/produkty-pro-kosmeticky-prumysl\/ucinne-latky\/tripeptid-1-palmitat\/#breadcrumb","itemListElement":[{"@type":"ListItem","position":1,"name":"Dom\u016f","item":"https:\/\/naturalpoland.com\/cs\/"},{"@type":"ListItem","position":2,"name":"Produkty","item":"https:\/\/naturalpoland.com\/cs\/produkty\/"},{"@type":"ListItem","position":3,"name":"Tripeptid-1 palmit\u00e1t"}]},{"@type":"WebSite","@id":"https:\/\/naturalpoland.com\/cs\/#website","url":"https:\/\/naturalpoland.com\/cs\/","name":"NATURAL POLAND - Velkoobchodn\u00ed distributor surovin","description":"Surowce dla przemys\u0142u spo\u017cywczego, kosmetycznego i farmaceutycznego","publisher":{"@id":"https:\/\/naturalpoland.com\/cs\/#organization"},"potentialAction":[{"@type":"SearchAction","target":{"@type":"EntryPoint","urlTemplate":"https:\/\/naturalpoland.com\/cs\/?s={search_term_string}"},"query-input":{"@type":"PropertyValueSpecification","valueRequired":true,"valueName":"search_term_string"}}],"inLanguage":"cs"},{"@type":"Organization","@id":"https:\/\/naturalpoland.com\/cs\/#organization","name":"Natural Poland","url":"https:\/\/naturalpoland.com\/cs\/","logo":{"@type":"ImageObject","inLanguage":"cs","@id":"https:\/\/naturalpoland.com\/cs\/#\/schema\/logo\/image\/","url":"https:\/\/naturalpoland.com\/wp-content\/uploads\/2021\/05\/natural-poland-icon.png","contentUrl":"https:\/\/naturalpoland.com\/wp-content\/uploads\/2021\/05\/natural-poland-icon.png","width":512,"height":512,"caption":"Natural Poland"},"image":{"@id":"https:\/\/naturalpoland.com\/cs\/#\/schema\/logo\/image\/"},"sameAs":["https:\/\/www.facebook.com\/naturalpoland.b2b","https:\/\/pl.linkedin.com\/company\/natural-poland","https:\/\/www.youtube.com\/channel\/UCgeGGkvOMahZo-xu_MSEWxg"]}]}},"_links":{"self":[{"href":"https:\/\/naturalpoland.com\/cs\/wp-json\/wp\/v2\/product\/22863","targetHints":{"allow":["GET"]}}],"collection":[{"href":"https:\/\/naturalpoland.com\/cs\/wp-json\/wp\/v2\/product"}],"about":[{"href":"https:\/\/naturalpoland.com\/cs\/wp-json\/wp\/v2\/types\/product"}],"wp:featuredmedia":[{"embeddable":true,"href":"https:\/\/naturalpoland.com\/cs\/wp-json\/wp\/v2\/media\/22781"}],"wp:attachment":[{"href":"https:\/\/naturalpoland.com\/cs\/wp-json\/wp\/v2\/media?parent=22863"}],"wp:term":[{"taxonomy":"product_brand","embeddable":true,"href":"https:\/\/naturalpoland.com\/cs\/wp-json\/wp\/v2\/product_brand?post=22863"},{"taxonomy":"product_cat","embeddable":true,"href":"https:\/\/naturalpoland.com\/cs\/wp-json\/wp\/v2\/product_cat?post=22863"},{"taxonomy":"product_tag","embeddable":true,"href":"https:\/\/naturalpoland.com\/cs\/wp-json\/wp\/v2\/product_tag?post=22863"}],"curies":[{"name":"wp","href":"https:\/\/api.w.org\/{rel}","templated":true}]}}