{"id":23435,"date":"2023-05-12T16:17:55","date_gmt":"2023-05-24T12:57:33","guid":{"rendered":"https:\/\/naturalpoland.pl\/produkty\/nezarazene\/polyporus-umbellatus-polyporus-umbellatus\/"},"modified":"2023-05-24T14:57:33","modified_gmt":"2023-05-24T12:57:33","slug":"zagiew-multiple-polyporus-umbellatus","status":"publish","type":"product","link":"https:\/\/naturalpoland.com\/cs\/produkty\/produkty-pro-farmaceuticky-a-zdravotnicky-prumysl\/vytazky-z-hub\/zagiew-multiple-polyporus-umbellatus\/","title":{"rendered":"Polyporus umbellatus (Polyporus umbellatus)"},"content":{"rendered":"<p>Tradi\u010dn\u00ed pou\u017eit\u00ed <em>Polyporus<\/em> <em>umbellatus<\/em> zahrnuje p\u0159edev\u0161\u00edm &#8222;su\u0161\u00edc\u00ed&#8220; \u00fa\u010dinky. Pou\u017e\u00edv\u00e1 se k l\u00e9\u010db\u011b stav\u016f zp\u016fsoben\u00fdch stagnac\u00ed vody v t\u011ble, jako jsou otoky, \u0159\u00eddk\u00e1 mo\u010d, v\u00fdtoky a pr\u016fjmy. Sou\u010dasn\u00fd v\u00fdzkum tato pou\u017eit\u00ed rovn\u011b\u017e potvrzuje.<\/p>\n<h2>Pou\u017eit\u00ed extraktu z <em>Polyporus umbellatus<\/em><\/h2>\n<p><em>Polyporus umbellatus <\/em>Extrakt lze pou\u017e\u00edt v p\u0159\u00edpravc\u00edch:<\/p>\n<ul>\n<li>Podpora l\u00e9\u010dby ledvinov\u00fdch kamen\u016f a z\u00e1n\u011bt\u016f mo\u010dov\u00fdch cest.<\/li>\n<li>Sn\u00ed\u017een\u00ed krevn\u00edho tlaku, sn\u00ed\u017een\u00ed otok\u016f<\/li>\n<li>Usnadn\u011bn\u00ed odtoku vody a lymfy z t\u011bla.<\/li>\n<li>Proti pr\u016fjmu<\/li>\n<li>Pos\u00edlen\u00ed imunity<\/li>\n<li>Pos\u00edlen\u00ed vlas\u016f a poko\u017eky<\/li>\n<li>Podpora funkce jater a ledvin<\/li>\n<li>Podp\u016frn\u00fd prost\u0159edek p\u0159i l\u00e9\u010db\u011b rakoviny<\/li>\n<\/ul>\n","protected":false},"excerpt":{"rendered":"<p><strong><em>Polyporus umbellatus (polyporus umbellatus<\/em><\/strong> ) je vz\u00e1cn\u00e1 jedl\u00e1 houba, kter\u00e1 je v mnoha zem\u00edch Evropy za\u0159azena na seznam ohro\u017een\u00fdch druh\u016f, v Polsku od roku 2014. pod \u010d\u00e1ste\u010dnou ochranou. Vyskytuje se tak\u00e9 v Asii, kde se pou\u017e\u00edv\u00e1 v tradi\u010dn\u00ed \u010d\u00ednsk\u00e9 medic\u00edn\u011b ji\u017e v\u00edce ne\u017e 2000 let.<\/p>\n","protected":false},"featured_media":23241,"template":"","meta":{"_acf_changed":false},"product_brand":[],"product_cat":[2056],"product_tag":[],"class_list":{"0":"post-23435","1":"product","2":"type-product","3":"status-publish","4":"has-post-thumbnail","6":"product_cat-vytazky-z-hub","8":"first","9":"instock","10":"shipping-taxable","11":"product-type-simple"},"acf":[],"yoast_head":"<!-- This site is optimized with the Yoast SEO plugin v27.5 - https:\/\/yoast.com\/product\/yoast-seo-wordpress\/ -->\n<title>Polyporus umbellatus (Polyporus umbellatus) - Velkoobchodn\u00ed distributor<\/title>\n<meta name=\"robots\" content=\"index, follow, max-snippet:-1, max-image-preview:large, max-video-preview:-1\" \/>\n<link rel=\"canonical\" href=\"https:\/\/naturalpoland.com\/cs\/produkty\/produkty-pro-farmaceuticky-a-zdravotnicky-prumysl\/vytazky-z-hub\/zagiew-multiple-polyporus-umbellatus\/\" \/>\n<meta property=\"og:locale\" content=\"cs_CZ\" \/>\n<meta property=\"og:type\" content=\"article\" \/>\n<meta property=\"og:title\" content=\"Polyporus umbellatus (Polyporus umbellatus) - Velkoobchodn\u00ed distributor\" \/>\n<meta property=\"og:description\" content=\"Polyporus umbellatus (polyporus umbellatus ) je vz\u00e1cn\u00e1 jedl\u00e1 houba, kter\u00e1 je v mnoha zem\u00edch Evropy za\u0159azena na seznam ohro\u017een\u00fdch druh\u016f, v Polsku od roku 2014. pod \u010d\u00e1ste\u010dnou ochranou. Vyskytuje se tak\u00e9 v Asii, kde se pou\u017e\u00edv\u00e1 v tradi\u010dn\u00ed \u010d\u00ednsk\u00e9 medic\u00edn\u011b ji\u017e v\u00edce ne\u017e 2000 let.\" \/>\n<meta property=\"og:url\" content=\"https:\/\/naturalpoland.com\/cs\/produkty\/produkty-pro-farmaceuticky-a-zdravotnicky-prumysl\/vytazky-z-hub\/zagiew-multiple-polyporus-umbellatus\/\" \/>\n<meta property=\"og:site_name\" content=\"NATURAL POLAND - Velkoobchodn\u00ed distributor surovin\" \/>\n<meta property=\"article:publisher\" content=\"https:\/\/www.facebook.com\/naturalpoland.b2b\" \/>\n<meta property=\"og:image\" content=\"https:\/\/naturalpoland.com\/wp-content\/uploads\/Polyporus-umbellatus.jpg\" \/>\n\t<meta property=\"og:image:width\" content=\"600\" \/>\n\t<meta property=\"og:image:height\" content=\"600\" \/>\n\t<meta property=\"og:image:type\" content=\"image\/jpeg\" \/>\n<script type=\"application\/ld+json\" class=\"yoast-schema-graph\">{\"@context\":\"https:\\\/\\\/schema.org\",\"@graph\":[{\"@type\":\"WebPage\",\"@id\":\"https:\\\/\\\/naturalpoland.com\\\/cs\\\/produkty\\\/produkty-pro-farmaceuticky-a-zdravotnicky-prumysl\\\/vytazky-z-hub\\\/zagiew-multiple-polyporus-umbellatus\\\/\",\"url\":\"https:\\\/\\\/naturalpoland.com\\\/cs\\\/produkty\\\/produkty-pro-farmaceuticky-a-zdravotnicky-prumysl\\\/vytazky-z-hub\\\/zagiew-multiple-polyporus-umbellatus\\\/\",\"name\":\"Polyporus umbellatus (Polyporus umbellatus) - Velkoobchodn\u00ed distributor\",\"isPartOf\":{\"@id\":\"https:\\\/\\\/naturalpoland.com\\\/cs\\\/#website\"},\"primaryImageOfPage\":{\"@id\":\"https:\\\/\\\/naturalpoland.com\\\/cs\\\/produkty\\\/produkty-pro-farmaceuticky-a-zdravotnicky-prumysl\\\/vytazky-z-hub\\\/zagiew-multiple-polyporus-umbellatus\\\/#primaryimage\"},\"image\":{\"@id\":\"https:\\\/\\\/naturalpoland.com\\\/cs\\\/produkty\\\/produkty-pro-farmaceuticky-a-zdravotnicky-prumysl\\\/vytazky-z-hub\\\/zagiew-multiple-polyporus-umbellatus\\\/#primaryimage\"},\"thumbnailUrl\":\"https:\\\/\\\/naturalpoland.com\\\/wp-content\\\/uploads\\\/Polyporus-umbellatus.jpg\",\"datePublished\":\"2023-05-24T12:57:33+00:00\",\"breadcrumb\":{\"@id\":\"https:\\\/\\\/naturalpoland.com\\\/cs\\\/produkty\\\/produkty-pro-farmaceuticky-a-zdravotnicky-prumysl\\\/vytazky-z-hub\\\/zagiew-multiple-polyporus-umbellatus\\\/#breadcrumb\"},\"inLanguage\":\"cs\",\"potentialAction\":[{\"@type\":\"ReadAction\",\"target\":[\"https:\\\/\\\/naturalpoland.com\\\/cs\\\/produkty\\\/produkty-pro-farmaceuticky-a-zdravotnicky-prumysl\\\/vytazky-z-hub\\\/zagiew-multiple-polyporus-umbellatus\\\/\"]}]},{\"@type\":\"ImageObject\",\"inLanguage\":\"cs\",\"@id\":\"https:\\\/\\\/naturalpoland.com\\\/cs\\\/produkty\\\/produkty-pro-farmaceuticky-a-zdravotnicky-prumysl\\\/vytazky-z-hub\\\/zagiew-multiple-polyporus-umbellatus\\\/#primaryimage\",\"url\":\"https:\\\/\\\/naturalpoland.com\\\/wp-content\\\/uploads\\\/Polyporus-umbellatus.jpg\",\"contentUrl\":\"https:\\\/\\\/naturalpoland.com\\\/wp-content\\\/uploads\\\/Polyporus-umbellatus.jpg\",\"width\":600,\"height\":600,\"caption\":\"Polyporus umbellatus\"},{\"@type\":\"BreadcrumbList\",\"@id\":\"https:\\\/\\\/naturalpoland.com\\\/cs\\\/produkty\\\/produkty-pro-farmaceuticky-a-zdravotnicky-prumysl\\\/vytazky-z-hub\\\/zagiew-multiple-polyporus-umbellatus\\\/#breadcrumb\",\"itemListElement\":[{\"@type\":\"ListItem\",\"position\":1,\"name\":\"Dom\u016f\",\"item\":\"https:\\\/\\\/naturalpoland.com\\\/cs\\\/\"},{\"@type\":\"ListItem\",\"position\":2,\"name\":\"Produkty\",\"item\":\"https:\\\/\\\/naturalpoland.com\\\/cs\\\/produkty\\\/\"},{\"@type\":\"ListItem\",\"position\":3,\"name\":\"Polyporus umbellatus (Polyporus umbellatus)\"}]},{\"@type\":\"WebSite\",\"@id\":\"https:\\\/\\\/naturalpoland.com\\\/cs\\\/#website\",\"url\":\"https:\\\/\\\/naturalpoland.com\\\/cs\\\/\",\"name\":\"NATURAL POLAND - Velkoobchodn\u00ed distributor surovin\",\"description\":\"Surowce dla przemys\u0142u spo\u017cywczego, kosmetycznego i farmaceutycznego\",\"publisher\":{\"@id\":\"https:\\\/\\\/naturalpoland.com\\\/cs\\\/#organization\"},\"potentialAction\":[{\"@type\":\"SearchAction\",\"target\":{\"@type\":\"EntryPoint\",\"urlTemplate\":\"https:\\\/\\\/naturalpoland.com\\\/cs\\\/?s={search_term_string}\"},\"query-input\":{\"@type\":\"PropertyValueSpecification\",\"valueRequired\":true,\"valueName\":\"search_term_string\"}}],\"inLanguage\":\"cs\"},{\"@type\":\"Organization\",\"@id\":\"https:\\\/\\\/naturalpoland.com\\\/cs\\\/#organization\",\"name\":\"Natural Poland\",\"url\":\"https:\\\/\\\/naturalpoland.com\\\/cs\\\/\",\"logo\":{\"@type\":\"ImageObject\",\"inLanguage\":\"cs\",\"@id\":\"https:\\\/\\\/naturalpoland.com\\\/cs\\\/#\\\/schema\\\/logo\\\/image\\\/\",\"url\":\"https:\\\/\\\/naturalpoland.com\\\/wp-content\\\/uploads\\\/2021\\\/05\\\/natural-poland-icon.png\",\"contentUrl\":\"https:\\\/\\\/naturalpoland.com\\\/wp-content\\\/uploads\\\/2021\\\/05\\\/natural-poland-icon.png\",\"width\":512,\"height\":512,\"caption\":\"Natural Poland\"},\"image\":{\"@id\":\"https:\\\/\\\/naturalpoland.com\\\/cs\\\/#\\\/schema\\\/logo\\\/image\\\/\"},\"sameAs\":[\"https:\\\/\\\/www.facebook.com\\\/naturalpoland.b2b\",\"https:\\\/\\\/pl.linkedin.com\\\/company\\\/natural-poland\",\"https:\\\/\\\/www.youtube.com\\\/channel\\\/UCgeGGkvOMahZo-xu_MSEWxg\"]}]}<\/script>\n<!-- \/ Yoast SEO plugin. -->","yoast_head_json":{"title":"Polyporus umbellatus (Polyporus umbellatus) - Velkoobchodn\u00ed distributor","robots":{"index":"index","follow":"follow","max-snippet":"max-snippet:-1","max-image-preview":"max-image-preview:large","max-video-preview":"max-video-preview:-1"},"canonical":"https:\/\/naturalpoland.com\/cs\/produkty\/produkty-pro-farmaceuticky-a-zdravotnicky-prumysl\/vytazky-z-hub\/zagiew-multiple-polyporus-umbellatus\/","og_locale":"cs_CZ","og_type":"article","og_title":"Polyporus umbellatus (Polyporus umbellatus) - Velkoobchodn\u00ed distributor","og_description":"Polyporus umbellatus (polyporus umbellatus ) je vz\u00e1cn\u00e1 jedl\u00e1 houba, kter\u00e1 je v mnoha zem\u00edch Evropy za\u0159azena na seznam ohro\u017een\u00fdch druh\u016f, v Polsku od roku 2014. pod \u010d\u00e1ste\u010dnou ochranou. Vyskytuje se tak\u00e9 v Asii, kde se pou\u017e\u00edv\u00e1 v tradi\u010dn\u00ed \u010d\u00ednsk\u00e9 medic\u00edn\u011b ji\u017e v\u00edce ne\u017e 2000 let.","og_url":"https:\/\/naturalpoland.com\/cs\/produkty\/produkty-pro-farmaceuticky-a-zdravotnicky-prumysl\/vytazky-z-hub\/zagiew-multiple-polyporus-umbellatus\/","og_site_name":"NATURAL POLAND - Velkoobchodn\u00ed distributor surovin","article_publisher":"https:\/\/www.facebook.com\/naturalpoland.b2b","og_image":[{"width":600,"height":600,"url":"https:\/\/naturalpoland.com\/wp-content\/uploads\/Polyporus-umbellatus.jpg","type":"image\/jpeg"}],"schema":{"@context":"https:\/\/schema.org","@graph":[{"@type":"WebPage","@id":"https:\/\/naturalpoland.com\/cs\/produkty\/produkty-pro-farmaceuticky-a-zdravotnicky-prumysl\/vytazky-z-hub\/zagiew-multiple-polyporus-umbellatus\/","url":"https:\/\/naturalpoland.com\/cs\/produkty\/produkty-pro-farmaceuticky-a-zdravotnicky-prumysl\/vytazky-z-hub\/zagiew-multiple-polyporus-umbellatus\/","name":"Polyporus umbellatus (Polyporus umbellatus) - Velkoobchodn\u00ed distributor","isPartOf":{"@id":"https:\/\/naturalpoland.com\/cs\/#website"},"primaryImageOfPage":{"@id":"https:\/\/naturalpoland.com\/cs\/produkty\/produkty-pro-farmaceuticky-a-zdravotnicky-prumysl\/vytazky-z-hub\/zagiew-multiple-polyporus-umbellatus\/#primaryimage"},"image":{"@id":"https:\/\/naturalpoland.com\/cs\/produkty\/produkty-pro-farmaceuticky-a-zdravotnicky-prumysl\/vytazky-z-hub\/zagiew-multiple-polyporus-umbellatus\/#primaryimage"},"thumbnailUrl":"https:\/\/naturalpoland.com\/wp-content\/uploads\/Polyporus-umbellatus.jpg","datePublished":"2023-05-24T12:57:33+00:00","breadcrumb":{"@id":"https:\/\/naturalpoland.com\/cs\/produkty\/produkty-pro-farmaceuticky-a-zdravotnicky-prumysl\/vytazky-z-hub\/zagiew-multiple-polyporus-umbellatus\/#breadcrumb"},"inLanguage":"cs","potentialAction":[{"@type":"ReadAction","target":["https:\/\/naturalpoland.com\/cs\/produkty\/produkty-pro-farmaceuticky-a-zdravotnicky-prumysl\/vytazky-z-hub\/zagiew-multiple-polyporus-umbellatus\/"]}]},{"@type":"ImageObject","inLanguage":"cs","@id":"https:\/\/naturalpoland.com\/cs\/produkty\/produkty-pro-farmaceuticky-a-zdravotnicky-prumysl\/vytazky-z-hub\/zagiew-multiple-polyporus-umbellatus\/#primaryimage","url":"https:\/\/naturalpoland.com\/wp-content\/uploads\/Polyporus-umbellatus.jpg","contentUrl":"https:\/\/naturalpoland.com\/wp-content\/uploads\/Polyporus-umbellatus.jpg","width":600,"height":600,"caption":"Polyporus umbellatus"},{"@type":"BreadcrumbList","@id":"https:\/\/naturalpoland.com\/cs\/produkty\/produkty-pro-farmaceuticky-a-zdravotnicky-prumysl\/vytazky-z-hub\/zagiew-multiple-polyporus-umbellatus\/#breadcrumb","itemListElement":[{"@type":"ListItem","position":1,"name":"Dom\u016f","item":"https:\/\/naturalpoland.com\/cs\/"},{"@type":"ListItem","position":2,"name":"Produkty","item":"https:\/\/naturalpoland.com\/cs\/produkty\/"},{"@type":"ListItem","position":3,"name":"Polyporus umbellatus (Polyporus umbellatus)"}]},{"@type":"WebSite","@id":"https:\/\/naturalpoland.com\/cs\/#website","url":"https:\/\/naturalpoland.com\/cs\/","name":"NATURAL POLAND - Velkoobchodn\u00ed distributor surovin","description":"Surowce dla przemys\u0142u spo\u017cywczego, kosmetycznego i farmaceutycznego","publisher":{"@id":"https:\/\/naturalpoland.com\/cs\/#organization"},"potentialAction":[{"@type":"SearchAction","target":{"@type":"EntryPoint","urlTemplate":"https:\/\/naturalpoland.com\/cs\/?s={search_term_string}"},"query-input":{"@type":"PropertyValueSpecification","valueRequired":true,"valueName":"search_term_string"}}],"inLanguage":"cs"},{"@type":"Organization","@id":"https:\/\/naturalpoland.com\/cs\/#organization","name":"Natural Poland","url":"https:\/\/naturalpoland.com\/cs\/","logo":{"@type":"ImageObject","inLanguage":"cs","@id":"https:\/\/naturalpoland.com\/cs\/#\/schema\/logo\/image\/","url":"https:\/\/naturalpoland.com\/wp-content\/uploads\/2021\/05\/natural-poland-icon.png","contentUrl":"https:\/\/naturalpoland.com\/wp-content\/uploads\/2021\/05\/natural-poland-icon.png","width":512,"height":512,"caption":"Natural Poland"},"image":{"@id":"https:\/\/naturalpoland.com\/cs\/#\/schema\/logo\/image\/"},"sameAs":["https:\/\/www.facebook.com\/naturalpoland.b2b","https:\/\/pl.linkedin.com\/company\/natural-poland","https:\/\/www.youtube.com\/channel\/UCgeGGkvOMahZo-xu_MSEWxg"]}]}},"_links":{"self":[{"href":"https:\/\/naturalpoland.com\/cs\/wp-json\/wp\/v2\/product\/23435","targetHints":{"allow":["GET"]}}],"collection":[{"href":"https:\/\/naturalpoland.com\/cs\/wp-json\/wp\/v2\/product"}],"about":[{"href":"https:\/\/naturalpoland.com\/cs\/wp-json\/wp\/v2\/types\/product"}],"wp:featuredmedia":[{"embeddable":true,"href":"https:\/\/naturalpoland.com\/cs\/wp-json\/wp\/v2\/media\/23241"}],"wp:attachment":[{"href":"https:\/\/naturalpoland.com\/cs\/wp-json\/wp\/v2\/media?parent=23435"}],"wp:term":[{"taxonomy":"product_brand","embeddable":true,"href":"https:\/\/naturalpoland.com\/cs\/wp-json\/wp\/v2\/product_brand?post=23435"},{"taxonomy":"product_cat","embeddable":true,"href":"https:\/\/naturalpoland.com\/cs\/wp-json\/wp\/v2\/product_cat?post=23435"},{"taxonomy":"product_tag","embeddable":true,"href":"https:\/\/naturalpoland.com\/cs\/wp-json\/wp\/v2\/product_tag?post=23435"}],"curies":[{"name":"wp","href":"https:\/\/api.w.org\/{rel}","templated":true}]}}