{"id":23448,"date":"2023-05-12T16:36:22","date_gmt":"2023-05-12T14:36:22","guid":{"rendered":"https:\/\/naturalpoland.pl\/produkty\/nezarazene\/sitake-lentinus-edodes\/"},"modified":"2023-05-24T14:57:37","modified_gmt":"2023-05-24T12:57:37","slug":"shiitake-lentinus-edodes","status":"publish","type":"product","link":"https:\/\/naturalpoland.com\/cs\/produkty\/produkty-pro-farmaceuticky-a-zdravotnicky-prumysl\/vytazky-z-hub\/shiitake-lentinus-edodes\/","title":{"rendered":"\u0160itake (Lentinus edodes)"},"content":{"rendered":"<p>V tradi\u010dn\u00ed \u010d\u00ednsk\u00e9 medic\u00edn\u011b se shiitake n\u011bkdy ozna\u010duje jako &#8222;elix\u00edr \u017eivota&#8220; a m\u00e1 komplexn\u00ed \u00fa\u010dinek na organismus &#8211; posiluje imunitu, zvy\u0161uje vitalitu a \u010dist\u00ed krev. Je tak\u00e9 cenn\u00fdm zdrojem \u017eivin a vitamin\u016f, zejm\u00e9na vitamin\u016f skupiny B, kter\u00fdch je ve vegansk\u00e9 strav\u011b nedostatek.<\/p>\n<h2>Pou\u017eit\u00ed extraktu z houby shiitake<\/h2>\n<p><em>Lentinus edodes<\/em> lze pou\u017e\u00edt v p\u0159\u00edpravc\u00edch:<\/p>\n<ul>\n<li>Posilov\u00e1n\u00ed imunity a boj proti infekc\u00edm<\/li>\n<li>Sn\u00ed\u017een\u00ed hladiny cholesterolu a krevn\u00edho tlaku<\/li>\n<li>Zm\u00edrn\u011bn\u00ed p\u0159\u00edznak\u016f revmatick\u00fdch onemocn\u011bn\u00ed<\/li>\n<li>Adaptogenn\u00ed &#8211; zm\u00edr\u0148uje stres, podporuje nervov\u00fd syst\u00e9m<\/li>\n<li>Dopln\u011bn\u00ed nedostatku vitaminu D, vitamin\u016f skupiny B a miner\u00e1l\u016f<\/li>\n<\/ul>\n","protected":false},"excerpt":{"rendered":"<p><strong><em>Lentinus edodes<\/em> (\u0161i\u0161\u00e1k japonsk\u00fd)<\/strong> je jedl\u00e1 houba zn\u00e1m\u00e1 sp\u00ed\u0161e pod n\u00e1zvem &#8222;shiitake&#8220;, kter\u00e1 poch\u00e1z\u00ed z Asie. Krom\u011b potravin\u00e1\u0159sk\u00e9 hodnoty, d\u00edky n\u00ed\u017e je obl\u00edbenou p\u0159\u00edsadou v asijsk\u00e9 kuchyni, kterou si vychutn\u00e1vaj\u00ed i v Polsku, je tak\u00e9 cen\u011bn\u00fdm l\u00e9\u010div\u00fdm zdrojem.<\/p>\n","protected":false},"featured_media":42112,"template":"","meta":[],"product_brand":[],"product_cat":[2056],"product_tag":[],"class_list":{"0":"post-23448","1":"product","2":"type-product","3":"status-publish","4":"has-post-thumbnail","6":"product_cat-vytazky-z-hub","7":"pa_czesc-rosliny-plodnice","8":"pa_skladnik-aktywny-polysacharidy","10":"first","11":"instock","12":"shipping-taxable","13":"product-type-simple"},"yoast_head":"<!-- This site is optimized with the Yoast SEO plugin v27.4 - https:\/\/yoast.com\/product\/yoast-seo-wordpress\/ -->\n<title>\u0160itake (Lentinus edodes) - Velkoobchodn\u00ed distributor<\/title>\n<meta name=\"robots\" content=\"index, follow, max-snippet:-1, max-image-preview:large, max-video-preview:-1\" \/>\n<link rel=\"canonical\" href=\"https:\/\/naturalpoland.com\/cs\/produkty\/produkty-pro-farmaceuticky-a-zdravotnicky-prumysl\/vytazky-z-hub\/shiitake-lentinus-edodes\/\" \/>\n<meta property=\"og:locale\" content=\"cs_CZ\" \/>\n<meta property=\"og:type\" content=\"article\" \/>\n<meta property=\"og:title\" content=\"\u0160itake (Lentinus edodes) - Velkoobchodn\u00ed distributor\" \/>\n<meta property=\"og:description\" content=\"Lentinus edodes (\u0161i\u0161\u00e1k japonsk\u00fd) je jedl\u00e1 houba zn\u00e1m\u00e1 sp\u00ed\u0161e pod n\u00e1zvem &quot;shiitake&quot;, kter\u00e1 poch\u00e1z\u00ed z Asie. Krom\u011b potravin\u00e1\u0159sk\u00e9 hodnoty, d\u00edky n\u00ed\u017e je obl\u00edbenou p\u0159\u00edsadou v asijsk\u00e9 kuchyni, kterou si vychutn\u00e1vaj\u00ed i v Polsku, je tak\u00e9 cen\u011bn\u00fdm l\u00e9\u010div\u00fdm zdrojem.\" \/>\n<meta property=\"og:url\" content=\"https:\/\/naturalpoland.com\/cs\/produkty\/produkty-pro-farmaceuticky-a-zdravotnicky-prumysl\/vytazky-z-hub\/shiitake-lentinus-edodes\/\" \/>\n<meta property=\"og:site_name\" content=\"NATURAL POLAND - Velkoobchodn\u00ed distributor surovin\" \/>\n<meta property=\"article:publisher\" content=\"https:\/\/www.facebook.com\/naturalpoland.b2b\" \/>\n<meta property=\"article:modified_time\" content=\"2023-05-24T12:57:37+00:00\" \/>\n<meta property=\"og:image\" content=\"https:\/\/naturalpoland.com\/wp-content\/uploads\/shiitake.jpg\" \/>\n\t<meta property=\"og:image:width\" content=\"600\" \/>\n\t<meta property=\"og:image:height\" content=\"600\" \/>\n\t<meta property=\"og:image:type\" content=\"image\/jpeg\" \/>\n<script type=\"application\/ld+json\" class=\"yoast-schema-graph\">{\"@context\":\"https:\\\/\\\/schema.org\",\"@graph\":[{\"@type\":\"WebPage\",\"@id\":\"https:\\\/\\\/naturalpoland.com\\\/cs\\\/produkty\\\/produkty-pro-farmaceuticky-a-zdravotnicky-prumysl\\\/vytazky-z-hub\\\/shiitake-lentinus-edodes\\\/\",\"url\":\"https:\\\/\\\/naturalpoland.com\\\/cs\\\/produkty\\\/produkty-pro-farmaceuticky-a-zdravotnicky-prumysl\\\/vytazky-z-hub\\\/shiitake-lentinus-edodes\\\/\",\"name\":\"\u0160itake (Lentinus edodes) - Velkoobchodn\u00ed distributor\",\"isPartOf\":{\"@id\":\"https:\\\/\\\/naturalpoland.com\\\/cs\\\/#website\"},\"primaryImageOfPage\":{\"@id\":\"https:\\\/\\\/naturalpoland.com\\\/cs\\\/produkty\\\/produkty-pro-farmaceuticky-a-zdravotnicky-prumysl\\\/vytazky-z-hub\\\/shiitake-lentinus-edodes\\\/#primaryimage\"},\"image\":{\"@id\":\"https:\\\/\\\/naturalpoland.com\\\/cs\\\/produkty\\\/produkty-pro-farmaceuticky-a-zdravotnicky-prumysl\\\/vytazky-z-hub\\\/shiitake-lentinus-edodes\\\/#primaryimage\"},\"thumbnailUrl\":\"https:\\\/\\\/naturalpoland.com\\\/wp-content\\\/uploads\\\/ekstrakt-z-shiitake.webp\",\"datePublished\":\"2023-05-12T14:36:22+00:00\",\"dateModified\":\"2023-05-24T12:57:37+00:00\",\"breadcrumb\":{\"@id\":\"https:\\\/\\\/naturalpoland.com\\\/cs\\\/produkty\\\/produkty-pro-farmaceuticky-a-zdravotnicky-prumysl\\\/vytazky-z-hub\\\/shiitake-lentinus-edodes\\\/#breadcrumb\"},\"inLanguage\":\"cs\",\"potentialAction\":[{\"@type\":\"ReadAction\",\"target\":[\"https:\\\/\\\/naturalpoland.com\\\/cs\\\/produkty\\\/produkty-pro-farmaceuticky-a-zdravotnicky-prumysl\\\/vytazky-z-hub\\\/shiitake-lentinus-edodes\\\/\"]}]},{\"@type\":\"ImageObject\",\"inLanguage\":\"cs\",\"@id\":\"https:\\\/\\\/naturalpoland.com\\\/cs\\\/produkty\\\/produkty-pro-farmaceuticky-a-zdravotnicky-prumysl\\\/vytazky-z-hub\\\/shiitake-lentinus-edodes\\\/#primaryimage\",\"url\":\"https:\\\/\\\/naturalpoland.com\\\/wp-content\\\/uploads\\\/ekstrakt-z-shiitake.webp\",\"contentUrl\":\"https:\\\/\\\/naturalpoland.com\\\/wp-content\\\/uploads\\\/ekstrakt-z-shiitake.webp\",\"width\":1024,\"height\":1024,\"caption\":\"Proszkowy ekstrakt z grzyba shiitake (Lentinus edodes)\"},{\"@type\":\"BreadcrumbList\",\"@id\":\"https:\\\/\\\/naturalpoland.com\\\/cs\\\/produkty\\\/produkty-pro-farmaceuticky-a-zdravotnicky-prumysl\\\/vytazky-z-hub\\\/shiitake-lentinus-edodes\\\/#breadcrumb\",\"itemListElement\":[{\"@type\":\"ListItem\",\"position\":1,\"name\":\"Dom\u016f\",\"item\":\"https:\\\/\\\/naturalpoland.com\\\/cs\\\/\"},{\"@type\":\"ListItem\",\"position\":2,\"name\":\"Produkty\",\"item\":\"https:\\\/\\\/naturalpoland.com\\\/cs\\\/produkty\\\/\"},{\"@type\":\"ListItem\",\"position\":3,\"name\":\"\u0160itake (Lentinus edodes)\"}]},{\"@type\":\"WebSite\",\"@id\":\"https:\\\/\\\/naturalpoland.com\\\/cs\\\/#website\",\"url\":\"https:\\\/\\\/naturalpoland.com\\\/cs\\\/\",\"name\":\"NATURAL POLAND - Velkoobchodn\u00ed distributor surovin\",\"description\":\"Surowce dla przemys\u0142u spo\u017cywczego, kosmetycznego i farmaceutycznego\",\"publisher\":{\"@id\":\"https:\\\/\\\/naturalpoland.com\\\/cs\\\/#organization\"},\"potentialAction\":[{\"@type\":\"SearchAction\",\"target\":{\"@type\":\"EntryPoint\",\"urlTemplate\":\"https:\\\/\\\/naturalpoland.com\\\/cs\\\/?s={search_term_string}\"},\"query-input\":{\"@type\":\"PropertyValueSpecification\",\"valueRequired\":true,\"valueName\":\"search_term_string\"}}],\"inLanguage\":\"cs\"},{\"@type\":\"Organization\",\"@id\":\"https:\\\/\\\/naturalpoland.com\\\/cs\\\/#organization\",\"name\":\"Natural Poland\",\"url\":\"https:\\\/\\\/naturalpoland.com\\\/cs\\\/\",\"logo\":{\"@type\":\"ImageObject\",\"inLanguage\":\"cs\",\"@id\":\"https:\\\/\\\/naturalpoland.com\\\/cs\\\/#\\\/schema\\\/logo\\\/image\\\/\",\"url\":\"https:\\\/\\\/naturalpoland.com\\\/wp-content\\\/uploads\\\/2021\\\/05\\\/natural-poland-icon.png\",\"contentUrl\":\"https:\\\/\\\/naturalpoland.com\\\/wp-content\\\/uploads\\\/2021\\\/05\\\/natural-poland-icon.png\",\"width\":512,\"height\":512,\"caption\":\"Natural Poland\"},\"image\":{\"@id\":\"https:\\\/\\\/naturalpoland.com\\\/cs\\\/#\\\/schema\\\/logo\\\/image\\\/\"},\"sameAs\":[\"https:\\\/\\\/www.facebook.com\\\/naturalpoland.b2b\",\"https:\\\/\\\/pl.linkedin.com\\\/company\\\/natural-poland\",\"https:\\\/\\\/www.youtube.com\\\/channel\\\/UCgeGGkvOMahZo-xu_MSEWxg\"]}]}<\/script>\n<!-- \/ Yoast SEO plugin. -->","yoast_head_json":{"title":"\u0160itake (Lentinus edodes) - Velkoobchodn\u00ed distributor","robots":{"index":"index","follow":"follow","max-snippet":"max-snippet:-1","max-image-preview":"max-image-preview:large","max-video-preview":"max-video-preview:-1"},"canonical":"https:\/\/naturalpoland.com\/cs\/produkty\/produkty-pro-farmaceuticky-a-zdravotnicky-prumysl\/vytazky-z-hub\/shiitake-lentinus-edodes\/","og_locale":"cs_CZ","og_type":"article","og_title":"\u0160itake (Lentinus edodes) - Velkoobchodn\u00ed distributor","og_description":"Lentinus edodes (\u0161i\u0161\u00e1k japonsk\u00fd) je jedl\u00e1 houba zn\u00e1m\u00e1 sp\u00ed\u0161e pod n\u00e1zvem \"shiitake\", kter\u00e1 poch\u00e1z\u00ed z Asie. Krom\u011b potravin\u00e1\u0159sk\u00e9 hodnoty, d\u00edky n\u00ed\u017e je obl\u00edbenou p\u0159\u00edsadou v asijsk\u00e9 kuchyni, kterou si vychutn\u00e1vaj\u00ed i v Polsku, je tak\u00e9 cen\u011bn\u00fdm l\u00e9\u010div\u00fdm zdrojem.","og_url":"https:\/\/naturalpoland.com\/cs\/produkty\/produkty-pro-farmaceuticky-a-zdravotnicky-prumysl\/vytazky-z-hub\/shiitake-lentinus-edodes\/","og_site_name":"NATURAL POLAND - Velkoobchodn\u00ed distributor surovin","article_publisher":"https:\/\/www.facebook.com\/naturalpoland.b2b","article_modified_time":"2023-05-24T12:57:37+00:00","og_image":[{"width":600,"height":600,"url":"https:\/\/naturalpoland.com\/wp-content\/uploads\/shiitake.jpg","type":"image\/jpeg"}],"schema":{"@context":"https:\/\/schema.org","@graph":[{"@type":"WebPage","@id":"https:\/\/naturalpoland.com\/cs\/produkty\/produkty-pro-farmaceuticky-a-zdravotnicky-prumysl\/vytazky-z-hub\/shiitake-lentinus-edodes\/","url":"https:\/\/naturalpoland.com\/cs\/produkty\/produkty-pro-farmaceuticky-a-zdravotnicky-prumysl\/vytazky-z-hub\/shiitake-lentinus-edodes\/","name":"\u0160itake (Lentinus edodes) - Velkoobchodn\u00ed distributor","isPartOf":{"@id":"https:\/\/naturalpoland.com\/cs\/#website"},"primaryImageOfPage":{"@id":"https:\/\/naturalpoland.com\/cs\/produkty\/produkty-pro-farmaceuticky-a-zdravotnicky-prumysl\/vytazky-z-hub\/shiitake-lentinus-edodes\/#primaryimage"},"image":{"@id":"https:\/\/naturalpoland.com\/cs\/produkty\/produkty-pro-farmaceuticky-a-zdravotnicky-prumysl\/vytazky-z-hub\/shiitake-lentinus-edodes\/#primaryimage"},"thumbnailUrl":"https:\/\/naturalpoland.com\/wp-content\/uploads\/ekstrakt-z-shiitake.webp","datePublished":"2023-05-12T14:36:22+00:00","dateModified":"2023-05-24T12:57:37+00:00","breadcrumb":{"@id":"https:\/\/naturalpoland.com\/cs\/produkty\/produkty-pro-farmaceuticky-a-zdravotnicky-prumysl\/vytazky-z-hub\/shiitake-lentinus-edodes\/#breadcrumb"},"inLanguage":"cs","potentialAction":[{"@type":"ReadAction","target":["https:\/\/naturalpoland.com\/cs\/produkty\/produkty-pro-farmaceuticky-a-zdravotnicky-prumysl\/vytazky-z-hub\/shiitake-lentinus-edodes\/"]}]},{"@type":"ImageObject","inLanguage":"cs","@id":"https:\/\/naturalpoland.com\/cs\/produkty\/produkty-pro-farmaceuticky-a-zdravotnicky-prumysl\/vytazky-z-hub\/shiitake-lentinus-edodes\/#primaryimage","url":"https:\/\/naturalpoland.com\/wp-content\/uploads\/ekstrakt-z-shiitake.webp","contentUrl":"https:\/\/naturalpoland.com\/wp-content\/uploads\/ekstrakt-z-shiitake.webp","width":1024,"height":1024,"caption":"Proszkowy ekstrakt z grzyba shiitake (Lentinus edodes)"},{"@type":"BreadcrumbList","@id":"https:\/\/naturalpoland.com\/cs\/produkty\/produkty-pro-farmaceuticky-a-zdravotnicky-prumysl\/vytazky-z-hub\/shiitake-lentinus-edodes\/#breadcrumb","itemListElement":[{"@type":"ListItem","position":1,"name":"Dom\u016f","item":"https:\/\/naturalpoland.com\/cs\/"},{"@type":"ListItem","position":2,"name":"Produkty","item":"https:\/\/naturalpoland.com\/cs\/produkty\/"},{"@type":"ListItem","position":3,"name":"\u0160itake (Lentinus edodes)"}]},{"@type":"WebSite","@id":"https:\/\/naturalpoland.com\/cs\/#website","url":"https:\/\/naturalpoland.com\/cs\/","name":"NATURAL POLAND - Velkoobchodn\u00ed distributor surovin","description":"Surowce dla przemys\u0142u spo\u017cywczego, kosmetycznego i farmaceutycznego","publisher":{"@id":"https:\/\/naturalpoland.com\/cs\/#organization"},"potentialAction":[{"@type":"SearchAction","target":{"@type":"EntryPoint","urlTemplate":"https:\/\/naturalpoland.com\/cs\/?s={search_term_string}"},"query-input":{"@type":"PropertyValueSpecification","valueRequired":true,"valueName":"search_term_string"}}],"inLanguage":"cs"},{"@type":"Organization","@id":"https:\/\/naturalpoland.com\/cs\/#organization","name":"Natural Poland","url":"https:\/\/naturalpoland.com\/cs\/","logo":{"@type":"ImageObject","inLanguage":"cs","@id":"https:\/\/naturalpoland.com\/cs\/#\/schema\/logo\/image\/","url":"https:\/\/naturalpoland.com\/wp-content\/uploads\/2021\/05\/natural-poland-icon.png","contentUrl":"https:\/\/naturalpoland.com\/wp-content\/uploads\/2021\/05\/natural-poland-icon.png","width":512,"height":512,"caption":"Natural Poland"},"image":{"@id":"https:\/\/naturalpoland.com\/cs\/#\/schema\/logo\/image\/"},"sameAs":["https:\/\/www.facebook.com\/naturalpoland.b2b","https:\/\/pl.linkedin.com\/company\/natural-poland","https:\/\/www.youtube.com\/channel\/UCgeGGkvOMahZo-xu_MSEWxg"]}]}},"_links":{"self":[{"href":"https:\/\/naturalpoland.com\/cs\/wp-json\/wp\/v2\/product\/23448","targetHints":{"allow":["GET"]}}],"collection":[{"href":"https:\/\/naturalpoland.com\/cs\/wp-json\/wp\/v2\/product"}],"about":[{"href":"https:\/\/naturalpoland.com\/cs\/wp-json\/wp\/v2\/types\/product"}],"wp:featuredmedia":[{"embeddable":true,"href":"https:\/\/naturalpoland.com\/cs\/wp-json\/wp\/v2\/media\/42112"}],"wp:attachment":[{"href":"https:\/\/naturalpoland.com\/cs\/wp-json\/wp\/v2\/media?parent=23448"}],"wp:term":[{"taxonomy":"product_brand","embeddable":true,"href":"https:\/\/naturalpoland.com\/cs\/wp-json\/wp\/v2\/product_brand?post=23448"},{"taxonomy":"product_cat","embeddable":true,"href":"https:\/\/naturalpoland.com\/cs\/wp-json\/wp\/v2\/product_cat?post=23448"},{"taxonomy":"product_tag","embeddable":true,"href":"https:\/\/naturalpoland.com\/cs\/wp-json\/wp\/v2\/product_tag?post=23448"}],"curies":[{"name":"wp","href":"https:\/\/api.w.org\/{rel}","templated":true}]}}