{"id":23492,"date":"2023-05-12T14:40:41","date_gmt":"2023-05-24T14:39:37","guid":{"rendered":"https:\/\/naturalpoland.pl\/produkty\/nezarazene\/kafrova-houba-antrodia-camphorata\/"},"modified":"2023-05-24T16:39:37","modified_gmt":"2023-05-24T14:39:37","slug":"fungus-camphorata-antrodia-camphorata","status":"publish","type":"product","link":"https:\/\/naturalpoland.com\/cs\/produkty\/produkty-pro-farmaceuticky-a-zdravotnicky-prumysl\/vytazky-z-hub\/fungus-camphorata-antrodia-camphorata\/","title":{"rendered":"Kafrov\u00e1 houba (Antrodia Camphorata)"},"content":{"rendered":"<p><strong>Extrakt z <em>Antrodia Camphorata<\/em><\/strong> se tradi\u010dn\u011b pou\u017e\u00edv\u00e1 k l\u00e9\u010db\u011b otravy alkoholem, nadm\u011brn\u00e9 \u00fanavy a k detoxikaci jater. Modern\u00ed v\u00fdzkum potvrdil, \u017ee slou\u010deniny obsa\u017een\u00e9 v extraktu maj\u00ed nejen podp\u016frn\u00e9 a regenera\u010dn\u00ed \u00fa\u010dinky na j\u00e1tra, ale tak\u00e9 protiz\u00e1n\u011btliv\u00e9 a antioxida\u010dn\u00ed \u00fa\u010dinky a mohou podpo\u0159it l\u00e9\u010dbu rakoviny.<\/p>\n<h2>Pou\u017eit\u00ed extraktu <em>Antrodia camphorata<\/em><\/h2>\n<p>V\u00fdta\u017eek z houby kafr najde uplatn\u011bn\u00ed v p\u0159\u00edpravc\u00edch:<\/p>\n<ul>\n<li>Pos\u00edlen\u00ed imunity<\/li>\n<li>Pos\u00edlen\u00ed a regenerace jater<\/li>\n<li>Pos\u00edlen\u00ed funkce srdce<\/li>\n<li>Detoxikace (alkohol, drogy, otrava j\u00eddlem)<\/li>\n<li>Zlep\u0161en\u00ed funkce ledvin<\/li>\n<li>Bojuje proti \u00fanav\u011b, dod\u00e1v\u00e1 energii<\/li>\n<\/ul>\n","protected":false},"excerpt":{"rendered":"<p><strong><br \/>\n  <em>Antrodia camphorata<\/em><br \/>\n<\/strong> je unik\u00e1tn\u00ed houba vyskytuj\u00edc\u00ed se pouze na Tchaj-wanu, kde parazituje na endemick\u00fdch kafrovn\u00edc\u00edch rostouc\u00edch v nadmo\u0159sk\u00fdch v\u00fd\u0161k\u00e1ch 400-2000 m. Jej\u00ed l\u00e9\u010div\u00e9 \u00fa\u010dinky oce\u0148uj\u00ed tchajwan\u0161t\u00ed l\u00e9\u010ditel\u00e9 a odborn\u00edci na tradi\u010dn\u00ed \u010d\u00ednskou medic\u00ednu ji\u017e stovky let.<\/p>\n","protected":false},"featured_media":23168,"template":"","meta":{"_acf_changed":false},"product_brand":[],"product_cat":[2056],"product_tag":[],"class_list":{"0":"post-23492","1":"product","2":"type-product","3":"status-publish","4":"has-post-thumbnail","6":"product_cat-vytazky-z-hub","8":"first","9":"instock","10":"shipping-taxable","11":"product-type-simple"},"acf":[],"yoast_head":"<!-- This site is optimized with the Yoast SEO plugin v27.5 - https:\/\/yoast.com\/product\/yoast-seo-wordpress\/ -->\n<title>Kafrov\u00e1 houba (Antrodia Camphorata) - Velkoobchodn\u00ed distributor<\/title>\n<meta name=\"robots\" content=\"index, follow, max-snippet:-1, max-image-preview:large, max-video-preview:-1\" \/>\n<link rel=\"canonical\" href=\"https:\/\/naturalpoland.com\/cs\/produkty\/produkty-pro-farmaceuticky-a-zdravotnicky-prumysl\/vytazky-z-hub\/fungus-camphorata-antrodia-camphorata\/\" \/>\n<meta property=\"og:locale\" content=\"cs_CZ\" \/>\n<meta property=\"og:type\" content=\"article\" \/>\n<meta property=\"og:title\" content=\"Kafrov\u00e1 houba (Antrodia Camphorata) - Velkoobchodn\u00ed distributor\" \/>\n<meta property=\"og:description\" content=\"Antrodia camphorata je unik\u00e1tn\u00ed houba vyskytuj\u00edc\u00ed se pouze na Tchaj-wanu, kde parazituje na endemick\u00fdch kafrovn\u00edc\u00edch rostouc\u00edch v nadmo\u0159sk\u00fdch v\u00fd\u0161k\u00e1ch 400-2000 m. Jej\u00ed l\u00e9\u010div\u00e9 \u00fa\u010dinky oce\u0148uj\u00ed tchajwan\u0161t\u00ed l\u00e9\u010ditel\u00e9 a odborn\u00edci na tradi\u010dn\u00ed \u010d\u00ednskou medic\u00ednu ji\u017e stovky let.\" \/>\n<meta property=\"og:url\" content=\"https:\/\/naturalpoland.com\/cs\/produkty\/produkty-pro-farmaceuticky-a-zdravotnicky-prumysl\/vytazky-z-hub\/fungus-camphorata-antrodia-camphorata\/\" \/>\n<meta property=\"og:site_name\" content=\"NATURAL POLAND - Velkoobchodn\u00ed distributor surovin\" \/>\n<meta property=\"article:publisher\" content=\"https:\/\/www.facebook.com\/naturalpoland.b2b\" \/>\n<meta property=\"og:image\" content=\"https:\/\/naturalpoland.com\/wp-content\/uploads\/Antrodia-Camphorata.jpg\" \/>\n\t<meta property=\"og:image:width\" content=\"600\" \/>\n\t<meta property=\"og:image:height\" content=\"600\" \/>\n\t<meta property=\"og:image:type\" content=\"image\/jpeg\" \/>\n<script type=\"application\/ld+json\" class=\"yoast-schema-graph\">{\"@context\":\"https:\\\/\\\/schema.org\",\"@graph\":[{\"@type\":\"WebPage\",\"@id\":\"https:\\\/\\\/naturalpoland.com\\\/cs\\\/produkty\\\/produkty-pro-farmaceuticky-a-zdravotnicky-prumysl\\\/vytazky-z-hub\\\/fungus-camphorata-antrodia-camphorata\\\/\",\"url\":\"https:\\\/\\\/naturalpoland.com\\\/cs\\\/produkty\\\/produkty-pro-farmaceuticky-a-zdravotnicky-prumysl\\\/vytazky-z-hub\\\/fungus-camphorata-antrodia-camphorata\\\/\",\"name\":\"Kafrov\u00e1 houba (Antrodia Camphorata) - Velkoobchodn\u00ed distributor\",\"isPartOf\":{\"@id\":\"https:\\\/\\\/naturalpoland.com\\\/cs\\\/#website\"},\"primaryImageOfPage\":{\"@id\":\"https:\\\/\\\/naturalpoland.com\\\/cs\\\/produkty\\\/produkty-pro-farmaceuticky-a-zdravotnicky-prumysl\\\/vytazky-z-hub\\\/fungus-camphorata-antrodia-camphorata\\\/#primaryimage\"},\"image\":{\"@id\":\"https:\\\/\\\/naturalpoland.com\\\/cs\\\/produkty\\\/produkty-pro-farmaceuticky-a-zdravotnicky-prumysl\\\/vytazky-z-hub\\\/fungus-camphorata-antrodia-camphorata\\\/#primaryimage\"},\"thumbnailUrl\":\"https:\\\/\\\/naturalpoland.com\\\/wp-content\\\/uploads\\\/Antrodia-Camphorata.jpg\",\"datePublished\":\"2023-05-24T14:39:37+00:00\",\"breadcrumb\":{\"@id\":\"https:\\\/\\\/naturalpoland.com\\\/cs\\\/produkty\\\/produkty-pro-farmaceuticky-a-zdravotnicky-prumysl\\\/vytazky-z-hub\\\/fungus-camphorata-antrodia-camphorata\\\/#breadcrumb\"},\"inLanguage\":\"cs\",\"potentialAction\":[{\"@type\":\"ReadAction\",\"target\":[\"https:\\\/\\\/naturalpoland.com\\\/cs\\\/produkty\\\/produkty-pro-farmaceuticky-a-zdravotnicky-prumysl\\\/vytazky-z-hub\\\/fungus-camphorata-antrodia-camphorata\\\/\"]}]},{\"@type\":\"ImageObject\",\"inLanguage\":\"cs\",\"@id\":\"https:\\\/\\\/naturalpoland.com\\\/cs\\\/produkty\\\/produkty-pro-farmaceuticky-a-zdravotnicky-prumysl\\\/vytazky-z-hub\\\/fungus-camphorata-antrodia-camphorata\\\/#primaryimage\",\"url\":\"https:\\\/\\\/naturalpoland.com\\\/wp-content\\\/uploads\\\/Antrodia-Camphorata.jpg\",\"contentUrl\":\"https:\\\/\\\/naturalpoland.com\\\/wp-content\\\/uploads\\\/Antrodia-Camphorata.jpg\",\"width\":600,\"height\":600,\"caption\":\"Antrodia Camphorata\"},{\"@type\":\"BreadcrumbList\",\"@id\":\"https:\\\/\\\/naturalpoland.com\\\/cs\\\/produkty\\\/produkty-pro-farmaceuticky-a-zdravotnicky-prumysl\\\/vytazky-z-hub\\\/fungus-camphorata-antrodia-camphorata\\\/#breadcrumb\",\"itemListElement\":[{\"@type\":\"ListItem\",\"position\":1,\"name\":\"Dom\u016f\",\"item\":\"https:\\\/\\\/naturalpoland.com\\\/cs\\\/\"},{\"@type\":\"ListItem\",\"position\":2,\"name\":\"Produkty\",\"item\":\"https:\\\/\\\/naturalpoland.com\\\/cs\\\/produkty\\\/\"},{\"@type\":\"ListItem\",\"position\":3,\"name\":\"Kafrov\u00e1 houba (Antrodia Camphorata)\"}]},{\"@type\":\"WebSite\",\"@id\":\"https:\\\/\\\/naturalpoland.com\\\/cs\\\/#website\",\"url\":\"https:\\\/\\\/naturalpoland.com\\\/cs\\\/\",\"name\":\"NATURAL POLAND - Velkoobchodn\u00ed distributor surovin\",\"description\":\"Surowce dla przemys\u0142u spo\u017cywczego, kosmetycznego i farmaceutycznego\",\"publisher\":{\"@id\":\"https:\\\/\\\/naturalpoland.com\\\/cs\\\/#organization\"},\"potentialAction\":[{\"@type\":\"SearchAction\",\"target\":{\"@type\":\"EntryPoint\",\"urlTemplate\":\"https:\\\/\\\/naturalpoland.com\\\/cs\\\/?s={search_term_string}\"},\"query-input\":{\"@type\":\"PropertyValueSpecification\",\"valueRequired\":true,\"valueName\":\"search_term_string\"}}],\"inLanguage\":\"cs\"},{\"@type\":\"Organization\",\"@id\":\"https:\\\/\\\/naturalpoland.com\\\/cs\\\/#organization\",\"name\":\"Natural Poland\",\"url\":\"https:\\\/\\\/naturalpoland.com\\\/cs\\\/\",\"logo\":{\"@type\":\"ImageObject\",\"inLanguage\":\"cs\",\"@id\":\"https:\\\/\\\/naturalpoland.com\\\/cs\\\/#\\\/schema\\\/logo\\\/image\\\/\",\"url\":\"https:\\\/\\\/naturalpoland.com\\\/wp-content\\\/uploads\\\/2021\\\/05\\\/natural-poland-icon.png\",\"contentUrl\":\"https:\\\/\\\/naturalpoland.com\\\/wp-content\\\/uploads\\\/2021\\\/05\\\/natural-poland-icon.png\",\"width\":512,\"height\":512,\"caption\":\"Natural Poland\"},\"image\":{\"@id\":\"https:\\\/\\\/naturalpoland.com\\\/cs\\\/#\\\/schema\\\/logo\\\/image\\\/\"},\"sameAs\":[\"https:\\\/\\\/www.facebook.com\\\/naturalpoland.b2b\",\"https:\\\/\\\/pl.linkedin.com\\\/company\\\/natural-poland\",\"https:\\\/\\\/www.youtube.com\\\/channel\\\/UCgeGGkvOMahZo-xu_MSEWxg\"]}]}<\/script>\n<!-- \/ Yoast SEO plugin. -->","yoast_head_json":{"title":"Kafrov\u00e1 houba (Antrodia Camphorata) - Velkoobchodn\u00ed distributor","robots":{"index":"index","follow":"follow","max-snippet":"max-snippet:-1","max-image-preview":"max-image-preview:large","max-video-preview":"max-video-preview:-1"},"canonical":"https:\/\/naturalpoland.com\/cs\/produkty\/produkty-pro-farmaceuticky-a-zdravotnicky-prumysl\/vytazky-z-hub\/fungus-camphorata-antrodia-camphorata\/","og_locale":"cs_CZ","og_type":"article","og_title":"Kafrov\u00e1 houba (Antrodia Camphorata) - Velkoobchodn\u00ed distributor","og_description":"Antrodia camphorata je unik\u00e1tn\u00ed houba vyskytuj\u00edc\u00ed se pouze na Tchaj-wanu, kde parazituje na endemick\u00fdch kafrovn\u00edc\u00edch rostouc\u00edch v nadmo\u0159sk\u00fdch v\u00fd\u0161k\u00e1ch 400-2000 m. Jej\u00ed l\u00e9\u010div\u00e9 \u00fa\u010dinky oce\u0148uj\u00ed tchajwan\u0161t\u00ed l\u00e9\u010ditel\u00e9 a odborn\u00edci na tradi\u010dn\u00ed \u010d\u00ednskou medic\u00ednu ji\u017e stovky let.","og_url":"https:\/\/naturalpoland.com\/cs\/produkty\/produkty-pro-farmaceuticky-a-zdravotnicky-prumysl\/vytazky-z-hub\/fungus-camphorata-antrodia-camphorata\/","og_site_name":"NATURAL POLAND - Velkoobchodn\u00ed distributor surovin","article_publisher":"https:\/\/www.facebook.com\/naturalpoland.b2b","og_image":[{"width":600,"height":600,"url":"https:\/\/naturalpoland.com\/wp-content\/uploads\/Antrodia-Camphorata.jpg","type":"image\/jpeg"}],"schema":{"@context":"https:\/\/schema.org","@graph":[{"@type":"WebPage","@id":"https:\/\/naturalpoland.com\/cs\/produkty\/produkty-pro-farmaceuticky-a-zdravotnicky-prumysl\/vytazky-z-hub\/fungus-camphorata-antrodia-camphorata\/","url":"https:\/\/naturalpoland.com\/cs\/produkty\/produkty-pro-farmaceuticky-a-zdravotnicky-prumysl\/vytazky-z-hub\/fungus-camphorata-antrodia-camphorata\/","name":"Kafrov\u00e1 houba (Antrodia Camphorata) - Velkoobchodn\u00ed distributor","isPartOf":{"@id":"https:\/\/naturalpoland.com\/cs\/#website"},"primaryImageOfPage":{"@id":"https:\/\/naturalpoland.com\/cs\/produkty\/produkty-pro-farmaceuticky-a-zdravotnicky-prumysl\/vytazky-z-hub\/fungus-camphorata-antrodia-camphorata\/#primaryimage"},"image":{"@id":"https:\/\/naturalpoland.com\/cs\/produkty\/produkty-pro-farmaceuticky-a-zdravotnicky-prumysl\/vytazky-z-hub\/fungus-camphorata-antrodia-camphorata\/#primaryimage"},"thumbnailUrl":"https:\/\/naturalpoland.com\/wp-content\/uploads\/Antrodia-Camphorata.jpg","datePublished":"2023-05-24T14:39:37+00:00","breadcrumb":{"@id":"https:\/\/naturalpoland.com\/cs\/produkty\/produkty-pro-farmaceuticky-a-zdravotnicky-prumysl\/vytazky-z-hub\/fungus-camphorata-antrodia-camphorata\/#breadcrumb"},"inLanguage":"cs","potentialAction":[{"@type":"ReadAction","target":["https:\/\/naturalpoland.com\/cs\/produkty\/produkty-pro-farmaceuticky-a-zdravotnicky-prumysl\/vytazky-z-hub\/fungus-camphorata-antrodia-camphorata\/"]}]},{"@type":"ImageObject","inLanguage":"cs","@id":"https:\/\/naturalpoland.com\/cs\/produkty\/produkty-pro-farmaceuticky-a-zdravotnicky-prumysl\/vytazky-z-hub\/fungus-camphorata-antrodia-camphorata\/#primaryimage","url":"https:\/\/naturalpoland.com\/wp-content\/uploads\/Antrodia-Camphorata.jpg","contentUrl":"https:\/\/naturalpoland.com\/wp-content\/uploads\/Antrodia-Camphorata.jpg","width":600,"height":600,"caption":"Antrodia Camphorata"},{"@type":"BreadcrumbList","@id":"https:\/\/naturalpoland.com\/cs\/produkty\/produkty-pro-farmaceuticky-a-zdravotnicky-prumysl\/vytazky-z-hub\/fungus-camphorata-antrodia-camphorata\/#breadcrumb","itemListElement":[{"@type":"ListItem","position":1,"name":"Dom\u016f","item":"https:\/\/naturalpoland.com\/cs\/"},{"@type":"ListItem","position":2,"name":"Produkty","item":"https:\/\/naturalpoland.com\/cs\/produkty\/"},{"@type":"ListItem","position":3,"name":"Kafrov\u00e1 houba (Antrodia Camphorata)"}]},{"@type":"WebSite","@id":"https:\/\/naturalpoland.com\/cs\/#website","url":"https:\/\/naturalpoland.com\/cs\/","name":"NATURAL POLAND - Velkoobchodn\u00ed distributor surovin","description":"Surowce dla przemys\u0142u spo\u017cywczego, kosmetycznego i farmaceutycznego","publisher":{"@id":"https:\/\/naturalpoland.com\/cs\/#organization"},"potentialAction":[{"@type":"SearchAction","target":{"@type":"EntryPoint","urlTemplate":"https:\/\/naturalpoland.com\/cs\/?s={search_term_string}"},"query-input":{"@type":"PropertyValueSpecification","valueRequired":true,"valueName":"search_term_string"}}],"inLanguage":"cs"},{"@type":"Organization","@id":"https:\/\/naturalpoland.com\/cs\/#organization","name":"Natural Poland","url":"https:\/\/naturalpoland.com\/cs\/","logo":{"@type":"ImageObject","inLanguage":"cs","@id":"https:\/\/naturalpoland.com\/cs\/#\/schema\/logo\/image\/","url":"https:\/\/naturalpoland.com\/wp-content\/uploads\/2021\/05\/natural-poland-icon.png","contentUrl":"https:\/\/naturalpoland.com\/wp-content\/uploads\/2021\/05\/natural-poland-icon.png","width":512,"height":512,"caption":"Natural Poland"},"image":{"@id":"https:\/\/naturalpoland.com\/cs\/#\/schema\/logo\/image\/"},"sameAs":["https:\/\/www.facebook.com\/naturalpoland.b2b","https:\/\/pl.linkedin.com\/company\/natural-poland","https:\/\/www.youtube.com\/channel\/UCgeGGkvOMahZo-xu_MSEWxg"]}]}},"_links":{"self":[{"href":"https:\/\/naturalpoland.com\/cs\/wp-json\/wp\/v2\/product\/23492","targetHints":{"allow":["GET"]}}],"collection":[{"href":"https:\/\/naturalpoland.com\/cs\/wp-json\/wp\/v2\/product"}],"about":[{"href":"https:\/\/naturalpoland.com\/cs\/wp-json\/wp\/v2\/types\/product"}],"wp:featuredmedia":[{"embeddable":true,"href":"https:\/\/naturalpoland.com\/cs\/wp-json\/wp\/v2\/media\/23168"}],"wp:attachment":[{"href":"https:\/\/naturalpoland.com\/cs\/wp-json\/wp\/v2\/media?parent=23492"}],"wp:term":[{"taxonomy":"product_brand","embeddable":true,"href":"https:\/\/naturalpoland.com\/cs\/wp-json\/wp\/v2\/product_brand?post=23492"},{"taxonomy":"product_cat","embeddable":true,"href":"https:\/\/naturalpoland.com\/cs\/wp-json\/wp\/v2\/product_cat?post=23492"},{"taxonomy":"product_tag","embeddable":true,"href":"https:\/\/naturalpoland.com\/cs\/wp-json\/wp\/v2\/product_tag?post=23492"}],"curies":[{"name":"wp","href":"https:\/\/api.w.org\/{rel}","templated":true}]}}