{"id":23494,"date":"2023-05-12T15:46:05","date_gmt":"2023-05-24T14:39:37","guid":{"rendered":"https:\/\/naturalpoland.pl\/produkty\/nezarazene\/hlistice-coprinus-comatus\/"},"modified":"2023-05-24T16:39:37","modified_gmt":"2023-05-24T14:39:37","slug":"blackbird-coprinus-comatus","status":"publish","type":"product","link":"https:\/\/naturalpoland.com\/cs\/produkty\/produkty-pro-farmaceuticky-a-zdravotnicky-prumysl\/vytazky-z-hub\/blackbird-coprinus-comatus\/","title":{"rendered":"Hl\u00edstice (Coprinus comatus)"},"content":{"rendered":"<p>\u010cepice melanomu je v\u0161ak nejen zdrojem mnoha v\u00fd\u017eivov\u00fdch hodnot, vitam\u00edn\u016f a miner\u00e1l\u016f (obsahuje mimo jin\u00e9 vitam\u00edny skupiny B, vitam\u00edn C, ho\u0159\u010d\u00edk, drasl\u00edk, v\u00e1pn\u00edk, zinek), ale vykazuje i l\u00e9\u010div\u00fd potenci\u00e1l. Extrakt z <em>koprinu<\/em> je obzvl\u00e1\u0161t\u011b u\u017eite\u010dn\u00fd p\u0159i prevenci civiliza\u010dn\u00edch chorob.<\/p>\n<h2>Vlastnosti extraktu <em>Coprinus comatus<\/em><\/h2>\n<ul>\n<li>Sni\u017euje hladinu cukru v krvi<\/li>\n<li>Sni\u017euje krevn\u00ed tlak<\/li>\n<li>Podporuje l\u00e9\u010dbu a prevenci rakoviny<\/li>\n<li>Podporuje l\u00e9\u010dbu z\u00e1n\u011btliv\u00fdch stav\u016f<\/li>\n<\/ul>\n","protected":false},"excerpt":{"rendered":"<p><em>Coprinus comatus<\/em> (houba s \u010dernou \u010depi\u010dkou) je houba, kter\u00e1 se b\u011b\u017en\u011b vyskytuje v polsk\u00fdch les\u00edch, ale pro sv\u016fj neobvykl\u00fd vzhled je \u010dasto pova\u017eov\u00e1na za jedovatou. Mlad\u00e9 &#8211; b\u00edl\u00e9 a uzav\u0159en\u00e9 plodnice ostru\u017ein\u00edku bez zn\u00e1mek \u010dern\u00e1n\u00ed &#8211; jsou v\u0161ak jedl\u00e9 a p\u0159i spr\u00e1vn\u00e9 tepeln\u00e9 \u00faprav\u011b zcela bezpe\u010dn\u00e9.<\/p>\n","protected":false},"featured_media":23193,"template":"","meta":{"_acf_changed":false},"product_brand":[],"product_cat":[2056],"product_tag":[],"class_list":{"0":"post-23494","1":"product","2":"type-product","3":"status-publish","4":"has-post-thumbnail","6":"product_cat-vytazky-z-hub","8":"first","9":"instock","10":"shipping-taxable","11":"product-type-simple"},"acf":[],"yoast_head":"<!-- This site is optimized with the Yoast SEO plugin v27.4 - https:\/\/yoast.com\/product\/yoast-seo-wordpress\/ -->\n<title>Hl\u00edstice (Coprinus comatus) - Velkoobchodn\u00ed distributor<\/title>\n<meta name=\"robots\" content=\"index, follow, max-snippet:-1, max-image-preview:large, max-video-preview:-1\" \/>\n<link rel=\"canonical\" href=\"https:\/\/naturalpoland.com\/cs\/produkty\/produkty-pro-farmaceuticky-a-zdravotnicky-prumysl\/vytazky-z-hub\/blackbird-coprinus-comatus\/\" \/>\n<meta property=\"og:locale\" content=\"cs_CZ\" \/>\n<meta property=\"og:type\" content=\"article\" \/>\n<meta property=\"og:title\" content=\"Hl\u00edstice (Coprinus comatus) - Velkoobchodn\u00ed distributor\" \/>\n<meta property=\"og:description\" content=\"Coprinus comatus (houba s \u010dernou \u010depi\u010dkou) je houba, kter\u00e1 se b\u011b\u017en\u011b vyskytuje v polsk\u00fdch les\u00edch, ale pro sv\u016fj neobvykl\u00fd vzhled je \u010dasto pova\u017eov\u00e1na za jedovatou. Mlad\u00e9 - b\u00edl\u00e9 a uzav\u0159en\u00e9 plodnice ostru\u017ein\u00edku bez zn\u00e1mek \u010dern\u00e1n\u00ed - jsou v\u0161ak jedl\u00e9 a p\u0159i spr\u00e1vn\u00e9 tepeln\u00e9 \u00faprav\u011b zcela bezpe\u010dn\u00e9.\" \/>\n<meta property=\"og:url\" content=\"https:\/\/naturalpoland.com\/cs\/produkty\/produkty-pro-farmaceuticky-a-zdravotnicky-prumysl\/vytazky-z-hub\/blackbird-coprinus-comatus\/\" \/>\n<meta property=\"og:site_name\" content=\"NATURAL POLAND - Velkoobchodn\u00ed distributor surovin\" \/>\n<meta property=\"article:publisher\" content=\"https:\/\/www.facebook.com\/naturalpoland.b2b\" \/>\n<meta property=\"og:image\" content=\"https:\/\/naturalpoland.com\/wp-content\/uploads\/Coprinus-comatus.jpg\" \/>\n\t<meta property=\"og:image:width\" content=\"600\" \/>\n\t<meta property=\"og:image:height\" content=\"600\" \/>\n\t<meta property=\"og:image:type\" content=\"image\/jpeg\" \/>\n<script type=\"application\/ld+json\" class=\"yoast-schema-graph\">{\"@context\":\"https:\\\/\\\/schema.org\",\"@graph\":[{\"@type\":\"WebPage\",\"@id\":\"https:\\\/\\\/naturalpoland.com\\\/cs\\\/produkty\\\/produkty-pro-farmaceuticky-a-zdravotnicky-prumysl\\\/vytazky-z-hub\\\/blackbird-coprinus-comatus\\\/\",\"url\":\"https:\\\/\\\/naturalpoland.com\\\/cs\\\/produkty\\\/produkty-pro-farmaceuticky-a-zdravotnicky-prumysl\\\/vytazky-z-hub\\\/blackbird-coprinus-comatus\\\/\",\"name\":\"Hl\u00edstice (Coprinus comatus) - Velkoobchodn\u00ed distributor\",\"isPartOf\":{\"@id\":\"https:\\\/\\\/naturalpoland.com\\\/cs\\\/#website\"},\"primaryImageOfPage\":{\"@id\":\"https:\\\/\\\/naturalpoland.com\\\/cs\\\/produkty\\\/produkty-pro-farmaceuticky-a-zdravotnicky-prumysl\\\/vytazky-z-hub\\\/blackbird-coprinus-comatus\\\/#primaryimage\"},\"image\":{\"@id\":\"https:\\\/\\\/naturalpoland.com\\\/cs\\\/produkty\\\/produkty-pro-farmaceuticky-a-zdravotnicky-prumysl\\\/vytazky-z-hub\\\/blackbird-coprinus-comatus\\\/#primaryimage\"},\"thumbnailUrl\":\"https:\\\/\\\/naturalpoland.com\\\/wp-content\\\/uploads\\\/Coprinus-comatus.jpg\",\"datePublished\":\"2023-05-24T14:39:37+00:00\",\"breadcrumb\":{\"@id\":\"https:\\\/\\\/naturalpoland.com\\\/cs\\\/produkty\\\/produkty-pro-farmaceuticky-a-zdravotnicky-prumysl\\\/vytazky-z-hub\\\/blackbird-coprinus-comatus\\\/#breadcrumb\"},\"inLanguage\":\"cs\",\"potentialAction\":[{\"@type\":\"ReadAction\",\"target\":[\"https:\\\/\\\/naturalpoland.com\\\/cs\\\/produkty\\\/produkty-pro-farmaceuticky-a-zdravotnicky-prumysl\\\/vytazky-z-hub\\\/blackbird-coprinus-comatus\\\/\"]}]},{\"@type\":\"ImageObject\",\"inLanguage\":\"cs\",\"@id\":\"https:\\\/\\\/naturalpoland.com\\\/cs\\\/produkty\\\/produkty-pro-farmaceuticky-a-zdravotnicky-prumysl\\\/vytazky-z-hub\\\/blackbird-coprinus-comatus\\\/#primaryimage\",\"url\":\"https:\\\/\\\/naturalpoland.com\\\/wp-content\\\/uploads\\\/Coprinus-comatus.jpg\",\"contentUrl\":\"https:\\\/\\\/naturalpoland.com\\\/wp-content\\\/uploads\\\/Coprinus-comatus.jpg\",\"width\":600,\"height\":600,\"caption\":\"Coprinus comatus\"},{\"@type\":\"BreadcrumbList\",\"@id\":\"https:\\\/\\\/naturalpoland.com\\\/cs\\\/produkty\\\/produkty-pro-farmaceuticky-a-zdravotnicky-prumysl\\\/vytazky-z-hub\\\/blackbird-coprinus-comatus\\\/#breadcrumb\",\"itemListElement\":[{\"@type\":\"ListItem\",\"position\":1,\"name\":\"Dom\u016f\",\"item\":\"https:\\\/\\\/naturalpoland.com\\\/cs\\\/\"},{\"@type\":\"ListItem\",\"position\":2,\"name\":\"Produkty\",\"item\":\"https:\\\/\\\/naturalpoland.com\\\/cs\\\/produkty\\\/\"},{\"@type\":\"ListItem\",\"position\":3,\"name\":\"Hl\u00edstice (Coprinus comatus)\"}]},{\"@type\":\"WebSite\",\"@id\":\"https:\\\/\\\/naturalpoland.com\\\/cs\\\/#website\",\"url\":\"https:\\\/\\\/naturalpoland.com\\\/cs\\\/\",\"name\":\"NATURAL POLAND - Velkoobchodn\u00ed distributor surovin\",\"description\":\"Surowce dla przemys\u0142u spo\u017cywczego, kosmetycznego i farmaceutycznego\",\"publisher\":{\"@id\":\"https:\\\/\\\/naturalpoland.com\\\/cs\\\/#organization\"},\"potentialAction\":[{\"@type\":\"SearchAction\",\"target\":{\"@type\":\"EntryPoint\",\"urlTemplate\":\"https:\\\/\\\/naturalpoland.com\\\/cs\\\/?s={search_term_string}\"},\"query-input\":{\"@type\":\"PropertyValueSpecification\",\"valueRequired\":true,\"valueName\":\"search_term_string\"}}],\"inLanguage\":\"cs\"},{\"@type\":\"Organization\",\"@id\":\"https:\\\/\\\/naturalpoland.com\\\/cs\\\/#organization\",\"name\":\"Natural Poland\",\"url\":\"https:\\\/\\\/naturalpoland.com\\\/cs\\\/\",\"logo\":{\"@type\":\"ImageObject\",\"inLanguage\":\"cs\",\"@id\":\"https:\\\/\\\/naturalpoland.com\\\/cs\\\/#\\\/schema\\\/logo\\\/image\\\/\",\"url\":\"https:\\\/\\\/naturalpoland.com\\\/wp-content\\\/uploads\\\/2021\\\/05\\\/natural-poland-icon.png\",\"contentUrl\":\"https:\\\/\\\/naturalpoland.com\\\/wp-content\\\/uploads\\\/2021\\\/05\\\/natural-poland-icon.png\",\"width\":512,\"height\":512,\"caption\":\"Natural Poland\"},\"image\":{\"@id\":\"https:\\\/\\\/naturalpoland.com\\\/cs\\\/#\\\/schema\\\/logo\\\/image\\\/\"},\"sameAs\":[\"https:\\\/\\\/www.facebook.com\\\/naturalpoland.b2b\",\"https:\\\/\\\/pl.linkedin.com\\\/company\\\/natural-poland\",\"https:\\\/\\\/www.youtube.com\\\/channel\\\/UCgeGGkvOMahZo-xu_MSEWxg\"]}]}<\/script>\n<!-- \/ Yoast SEO plugin. -->","yoast_head_json":{"title":"Hl\u00edstice (Coprinus comatus) - Velkoobchodn\u00ed distributor","robots":{"index":"index","follow":"follow","max-snippet":"max-snippet:-1","max-image-preview":"max-image-preview:large","max-video-preview":"max-video-preview:-1"},"canonical":"https:\/\/naturalpoland.com\/cs\/produkty\/produkty-pro-farmaceuticky-a-zdravotnicky-prumysl\/vytazky-z-hub\/blackbird-coprinus-comatus\/","og_locale":"cs_CZ","og_type":"article","og_title":"Hl\u00edstice (Coprinus comatus) - Velkoobchodn\u00ed distributor","og_description":"Coprinus comatus (houba s \u010dernou \u010depi\u010dkou) je houba, kter\u00e1 se b\u011b\u017en\u011b vyskytuje v polsk\u00fdch les\u00edch, ale pro sv\u016fj neobvykl\u00fd vzhled je \u010dasto pova\u017eov\u00e1na za jedovatou. Mlad\u00e9 - b\u00edl\u00e9 a uzav\u0159en\u00e9 plodnice ostru\u017ein\u00edku bez zn\u00e1mek \u010dern\u00e1n\u00ed - jsou v\u0161ak jedl\u00e9 a p\u0159i spr\u00e1vn\u00e9 tepeln\u00e9 \u00faprav\u011b zcela bezpe\u010dn\u00e9.","og_url":"https:\/\/naturalpoland.com\/cs\/produkty\/produkty-pro-farmaceuticky-a-zdravotnicky-prumysl\/vytazky-z-hub\/blackbird-coprinus-comatus\/","og_site_name":"NATURAL POLAND - Velkoobchodn\u00ed distributor surovin","article_publisher":"https:\/\/www.facebook.com\/naturalpoland.b2b","og_image":[{"width":600,"height":600,"url":"https:\/\/naturalpoland.com\/wp-content\/uploads\/Coprinus-comatus.jpg","type":"image\/jpeg"}],"schema":{"@context":"https:\/\/schema.org","@graph":[{"@type":"WebPage","@id":"https:\/\/naturalpoland.com\/cs\/produkty\/produkty-pro-farmaceuticky-a-zdravotnicky-prumysl\/vytazky-z-hub\/blackbird-coprinus-comatus\/","url":"https:\/\/naturalpoland.com\/cs\/produkty\/produkty-pro-farmaceuticky-a-zdravotnicky-prumysl\/vytazky-z-hub\/blackbird-coprinus-comatus\/","name":"Hl\u00edstice (Coprinus comatus) - Velkoobchodn\u00ed distributor","isPartOf":{"@id":"https:\/\/naturalpoland.com\/cs\/#website"},"primaryImageOfPage":{"@id":"https:\/\/naturalpoland.com\/cs\/produkty\/produkty-pro-farmaceuticky-a-zdravotnicky-prumysl\/vytazky-z-hub\/blackbird-coprinus-comatus\/#primaryimage"},"image":{"@id":"https:\/\/naturalpoland.com\/cs\/produkty\/produkty-pro-farmaceuticky-a-zdravotnicky-prumysl\/vytazky-z-hub\/blackbird-coprinus-comatus\/#primaryimage"},"thumbnailUrl":"https:\/\/naturalpoland.com\/wp-content\/uploads\/Coprinus-comatus.jpg","datePublished":"2023-05-24T14:39:37+00:00","breadcrumb":{"@id":"https:\/\/naturalpoland.com\/cs\/produkty\/produkty-pro-farmaceuticky-a-zdravotnicky-prumysl\/vytazky-z-hub\/blackbird-coprinus-comatus\/#breadcrumb"},"inLanguage":"cs","potentialAction":[{"@type":"ReadAction","target":["https:\/\/naturalpoland.com\/cs\/produkty\/produkty-pro-farmaceuticky-a-zdravotnicky-prumysl\/vytazky-z-hub\/blackbird-coprinus-comatus\/"]}]},{"@type":"ImageObject","inLanguage":"cs","@id":"https:\/\/naturalpoland.com\/cs\/produkty\/produkty-pro-farmaceuticky-a-zdravotnicky-prumysl\/vytazky-z-hub\/blackbird-coprinus-comatus\/#primaryimage","url":"https:\/\/naturalpoland.com\/wp-content\/uploads\/Coprinus-comatus.jpg","contentUrl":"https:\/\/naturalpoland.com\/wp-content\/uploads\/Coprinus-comatus.jpg","width":600,"height":600,"caption":"Coprinus comatus"},{"@type":"BreadcrumbList","@id":"https:\/\/naturalpoland.com\/cs\/produkty\/produkty-pro-farmaceuticky-a-zdravotnicky-prumysl\/vytazky-z-hub\/blackbird-coprinus-comatus\/#breadcrumb","itemListElement":[{"@type":"ListItem","position":1,"name":"Dom\u016f","item":"https:\/\/naturalpoland.com\/cs\/"},{"@type":"ListItem","position":2,"name":"Produkty","item":"https:\/\/naturalpoland.com\/cs\/produkty\/"},{"@type":"ListItem","position":3,"name":"Hl\u00edstice (Coprinus comatus)"}]},{"@type":"WebSite","@id":"https:\/\/naturalpoland.com\/cs\/#website","url":"https:\/\/naturalpoland.com\/cs\/","name":"NATURAL POLAND - Velkoobchodn\u00ed distributor surovin","description":"Surowce dla przemys\u0142u spo\u017cywczego, kosmetycznego i farmaceutycznego","publisher":{"@id":"https:\/\/naturalpoland.com\/cs\/#organization"},"potentialAction":[{"@type":"SearchAction","target":{"@type":"EntryPoint","urlTemplate":"https:\/\/naturalpoland.com\/cs\/?s={search_term_string}"},"query-input":{"@type":"PropertyValueSpecification","valueRequired":true,"valueName":"search_term_string"}}],"inLanguage":"cs"},{"@type":"Organization","@id":"https:\/\/naturalpoland.com\/cs\/#organization","name":"Natural Poland","url":"https:\/\/naturalpoland.com\/cs\/","logo":{"@type":"ImageObject","inLanguage":"cs","@id":"https:\/\/naturalpoland.com\/cs\/#\/schema\/logo\/image\/","url":"https:\/\/naturalpoland.com\/wp-content\/uploads\/2021\/05\/natural-poland-icon.png","contentUrl":"https:\/\/naturalpoland.com\/wp-content\/uploads\/2021\/05\/natural-poland-icon.png","width":512,"height":512,"caption":"Natural Poland"},"image":{"@id":"https:\/\/naturalpoland.com\/cs\/#\/schema\/logo\/image\/"},"sameAs":["https:\/\/www.facebook.com\/naturalpoland.b2b","https:\/\/pl.linkedin.com\/company\/natural-poland","https:\/\/www.youtube.com\/channel\/UCgeGGkvOMahZo-xu_MSEWxg"]}]}},"_links":{"self":[{"href":"https:\/\/naturalpoland.com\/cs\/wp-json\/wp\/v2\/product\/23494","targetHints":{"allow":["GET"]}}],"collection":[{"href":"https:\/\/naturalpoland.com\/cs\/wp-json\/wp\/v2\/product"}],"about":[{"href":"https:\/\/naturalpoland.com\/cs\/wp-json\/wp\/v2\/types\/product"}],"wp:featuredmedia":[{"embeddable":true,"href":"https:\/\/naturalpoland.com\/cs\/wp-json\/wp\/v2\/media\/23193"}],"wp:attachment":[{"href":"https:\/\/naturalpoland.com\/cs\/wp-json\/wp\/v2\/media?parent=23494"}],"wp:term":[{"taxonomy":"product_brand","embeddable":true,"href":"https:\/\/naturalpoland.com\/cs\/wp-json\/wp\/v2\/product_brand?post=23494"},{"taxonomy":"product_cat","embeddable":true,"href":"https:\/\/naturalpoland.com\/cs\/wp-json\/wp\/v2\/product_cat?post=23494"},{"taxonomy":"product_tag","embeddable":true,"href":"https:\/\/naturalpoland.com\/cs\/wp-json\/wp\/v2\/product_tag?post=23494"}],"curies":[{"name":"wp","href":"https:\/\/api.w.org\/{rel}","templated":true}]}}