{"id":23744,"date":"2023-06-21T12:56:49","date_gmt":"2023-06-21T11:17:34","guid":{"rendered":"https:\/\/naturalpoland.com\/produkty\/nezarazene\/extrakt-ajuga-turkestanica\/"},"modified":"2023-06-21T13:17:34","modified_gmt":"2023-06-21T11:17:34","slug":"extrakt-ajuga-turkestanica","status":"publish","type":"product","link":"https:\/\/naturalpoland.com\/cs\/produkty\/rostlinne-vytazky\/extrakt-ajuga-turkestanica\/","title":{"rendered":"Extrakt Ajuga Turkestanica"},"content":{"rendered":"<p>Extrakt Ajuga Turkestanica je koncentr\u00e1t s\u00edly a vitality. Jeho slo\u017een\u00ed zahrnuje ecdysteroidy, p\u0159irozen\u00e9 rostlinn\u00e9 steroidy, kter\u00e9 p\u016fsob\u00ed anabolicky, \u010d\u00edm\u017e podporuj\u00ed svalovou stavbu. Krom\u011b toho Ajuga Turkestanica obsahuje fytoecdysteroidy, kter\u00e9 urychluj\u00ed regeneraci organismu po fyzick\u00e9 n\u00e1maze, co\u017e ho \u010din\u00ed ide\u00e1ln\u00edm dopl\u0148kem stravy pro sportovce a aktivn\u00ed lidi. Nav\u00edc Ajuga Turkestanica m\u00e1 schopnost posilovat imunitn\u00ed syst\u00e9m, d\u00edky p\u0159\u00edtomnosti jedine\u010dn\u00fdch slo\u017eek, jako je turkesteron a cyasteron.   <\/p>\n<h2>Co je turkesteron?<\/h2>\n<p>Turkesteron je fytoecdysteroid, kter\u00fd se p\u0159irozen\u011b vyskytuje v Ajuga Turkestanica. Jedn\u00e1 se o silnou bioaktivn\u00ed slou\u010deninu, kter\u00e1 projevuje anabolickou aktivitu. Ovliv\u0148uje lidsk\u00fd organismus podobn\u011b jako r\u016fstov\u00fd hormon, urychluje regenera\u010dn\u00ed procesy a stimuluje rozvoj svalov\u00e9 tk\u00e1n\u011b. D\u00edky tomu je extrakt z Ajuga Turkestanica zvl\u00e1\u0161t\u011b cen\u011bn sportovci a lidmi vedouc\u00edmi aktivn\u00ed \u017eivotn\u00ed styl. Na\u0161e standardizace na <strong>minim\u00e1ln\u00ed obsah 10% turkesteronu<\/strong> zaji\u0161\u0165uje, \u017ee ka\u017ed\u00e1 d\u00e1vka produktu dod\u00e1v\u00e1 optim\u00e1ln\u00ed mno\u017estv\u00ed t\u00e9to l\u00e1tky. Je to kl\u00ed\u010dov\u00e9 pro dosa\u017een\u00ed po\u017eadovan\u00fdch \u00fa\u010dink\u016f a zaji\u0161t\u011bn\u00ed bezpe\u010dnosti pou\u017eit\u00ed. Ale turkesteron m\u00e1 mnohem \u0161ir\u0161\u00ed uplatn\u011bn\u00ed ne\u017e jen podpora budov\u00e1n\u00ed svalov\u00e9 hmoty. Tato slou\u010denina tak\u00e9 ovliv\u0148uje celkov\u00fd v\u00fdkon organismu, pom\u00e1h\u00e1 udr\u017eovat spr\u00e1vnou t\u011blesnou hmotnost a pozitivn\u011b p\u016fsob\u00ed na imunitn\u00ed syst\u00e9m. M\u016f\u017ee tak\u00e9 podporovat kardiovaskul\u00e1rn\u00ed syst\u00e9m a p\u0159isp\u00edvat ke zlep\u0161en\u00ed kvality sp\u00e1nku, psychick\u00e9 odolnosti a zvl\u00e1d\u00e1n\u00ed stresu.   <\/p>\n<h2>Pou\u017eit\u00ed extraktu Ajuga Turkestanica<\/h2>\n<p>Pou\u017eit\u00ed extraktu m\u016f\u017ee p\u0159isp\u011bt ke zlep\u0161en\u00ed pohody, dod\u00e1n\u00ed energie a odol\u00e1n\u00ed \u00fa\u010dink\u016fm oxida\u010dn\u00edho stresu. Extrakt m\u016f\u017ee b\u00fdt pou\u017e\u00edv\u00e1n jako p\u0159\u00edrodn\u00ed dopln\u011bk stravy podporuj\u00edc\u00ed zdrav\u00ed ka\u017ed\u00e9ho \u010dlov\u011bka. Pozitivn\u011b ovliv\u0148uje fungov\u00e1n\u00ed kardiovaskul\u00e1rn\u00edho syst\u00e9mu, podporuje tr\u00e1ven\u00ed a tak\u00e9 m\u016f\u017ee p\u0159isp\u011bt ke zlep\u0161en\u00ed kvality sp\u00e1nku. N\u00e1\u0161 extrakt z Ajuga Turkestanica je vyr\u00e1b\u011bn podle nejvy\u0161\u0161\u00edch standard\u016f kvality. D\u00e1v\u00e1me si pozor, aby byla ka\u017ed\u00e1 \u0161ar\u017ee produktu d\u016fkladn\u011b kontrolov\u00e1na na p\u0159\u00edtomnost aktivn\u00edch slo\u017eek, co\u017e zaru\u010duje jeho \u00fa\u010dinnost a bezpe\u010dnost.<\/p>\n","protected":false},"excerpt":{"rendered":"<p><span class=\"ui-provider gs b c d e f g h i j k l m n o p q r s t u v w x y z ab ac ae af ag ah ai aj ak\" dir=\"ltr\">Ajuga Turkestanica je jedine\u010dn\u00fd extrakt poch\u00e1zej\u00edc\u00ed z srdce St\u0159edn\u00ed Asie. Obsahuje bohatstv\u00ed aktivn\u00edch slo\u017eek, v\u010detn\u011b jedn\u00e9 z nej\u00fa\u010dinn\u011bj\u0161\u00edch p\u0159\u00edrodn\u00edch aktivn\u00edch slo\u017eek &#8211; turkesteronu. N\u00e1\u0161 produkt je zdrojem t\u00e9to mimo\u0159\u00e1dn\u00e9 l\u00e1tky, jej\u00ed\u017e obsah garantujeme na minim\u00e1ln\u00ed \u00farovni 10%.  <\/span><\/p>\n","protected":false},"featured_media":23731,"template":"","meta":{"_acf_changed":false},"product_brand":[],"product_cat":[622],"product_tag":[],"class_list":{"0":"post-23744","1":"product","2":"type-product","3":"status-publish","4":"has-post-thumbnail","6":"product_cat-rostlinne-vytazky","7":"pa_certyfikaty-koser-certifikace","8":"pa_certyfikaty-halal-cs","9":"pa_czesc-rosliny-cela-rostlina","11":"first","12":"instock","13":"shipping-taxable","14":"product-type-simple"},"acf":[],"yoast_head":"<!-- This site is optimized with the Yoast SEO plugin v27.4 - https:\/\/yoast.com\/product\/yoast-seo-wordpress\/ -->\n<title>Extrakt Ajuga Turkestanica - Velkoobchodn\u00ed distributor<\/title>\n<meta name=\"description\" content=\"N\u00e1\u0161 extrakt z Ajuga Turkestanica je vyr\u00e1b\u011bn podle nejvy\u0161\u0161\u00edch standard\u016f kvality. D\u00e1v\u00e1me si pozor, aby byla ka\u017ed\u00e1 \u0161ar\u017ee produktu kontrolov\u00e1na na p\u0159\u00edtomnost aktivn\u00edch slo\u017eek.\" \/>\n<meta name=\"robots\" content=\"index, follow, max-snippet:-1, max-image-preview:large, max-video-preview:-1\" \/>\n<link rel=\"canonical\" href=\"https:\/\/naturalpoland.com\/cs\/produkty\/rostlinne-vytazky\/extrakt-ajuga-turkestanica\/\" \/>\n<meta property=\"og:locale\" content=\"cs_CZ\" \/>\n<meta property=\"og:type\" content=\"article\" \/>\n<meta property=\"og:title\" content=\"Extrakt Ajuga Turkestanica - Velkoobchodn\u00ed distributor\" \/>\n<meta property=\"og:description\" content=\"N\u00e1\u0161 extrakt z Ajuga Turkestanica je vyr\u00e1b\u011bn podle nejvy\u0161\u0161\u00edch standard\u016f kvality. D\u00e1v\u00e1me si pozor, aby byla ka\u017ed\u00e1 \u0161ar\u017ee produktu kontrolov\u00e1na na p\u0159\u00edtomnost aktivn\u00edch slo\u017eek.\" \/>\n<meta property=\"og:url\" content=\"https:\/\/naturalpoland.com\/cs\/produkty\/rostlinne-vytazky\/extrakt-ajuga-turkestanica\/\" \/>\n<meta property=\"og:site_name\" content=\"NATURAL POLAND - Velkoobchodn\u00ed distributor surovin\" \/>\n<meta property=\"article:publisher\" content=\"https:\/\/www.facebook.com\/naturalpoland.b2b\" \/>\n<meta property=\"og:image\" content=\"https:\/\/naturalpoland.com\/wp-content\/uploads\/sjuga-turkestanica-ekstrakt.jpg\" \/>\n\t<meta property=\"og:image:width\" content=\"650\" \/>\n\t<meta property=\"og:image:height\" content=\"650\" \/>\n\t<meta property=\"og:image:type\" content=\"image\/jpeg\" \/>\n<script type=\"application\/ld+json\" class=\"yoast-schema-graph\">{\"@context\":\"https:\\\/\\\/schema.org\",\"@graph\":[{\"@type\":\"WebPage\",\"@id\":\"https:\\\/\\\/naturalpoland.com\\\/cs\\\/produkty\\\/rostlinne-vytazky\\\/extrakt-ajuga-turkestanica\\\/\",\"url\":\"https:\\\/\\\/naturalpoland.com\\\/cs\\\/produkty\\\/rostlinne-vytazky\\\/extrakt-ajuga-turkestanica\\\/\",\"name\":\"Extrakt Ajuga Turkestanica - Velkoobchodn\u00ed distributor\",\"isPartOf\":{\"@id\":\"https:\\\/\\\/naturalpoland.com\\\/cs\\\/#website\"},\"primaryImageOfPage\":{\"@id\":\"https:\\\/\\\/naturalpoland.com\\\/cs\\\/produkty\\\/rostlinne-vytazky\\\/extrakt-ajuga-turkestanica\\\/#primaryimage\"},\"image\":{\"@id\":\"https:\\\/\\\/naturalpoland.com\\\/cs\\\/produkty\\\/rostlinne-vytazky\\\/extrakt-ajuga-turkestanica\\\/#primaryimage\"},\"thumbnailUrl\":\"https:\\\/\\\/naturalpoland.com\\\/wp-content\\\/uploads\\\/sjuga-turkestanica-ekstrakt.jpg\",\"datePublished\":\"2023-06-21T11:17:34+00:00\",\"description\":\"N\u00e1\u0161 extrakt z Ajuga Turkestanica je vyr\u00e1b\u011bn podle nejvy\u0161\u0161\u00edch standard\u016f kvality. D\u00e1v\u00e1me si pozor, aby byla ka\u017ed\u00e1 \u0161ar\u017ee produktu kontrolov\u00e1na na p\u0159\u00edtomnost aktivn\u00edch slo\u017eek.\",\"breadcrumb\":{\"@id\":\"https:\\\/\\\/naturalpoland.com\\\/cs\\\/produkty\\\/rostlinne-vytazky\\\/extrakt-ajuga-turkestanica\\\/#breadcrumb\"},\"inLanguage\":\"cs\",\"potentialAction\":[{\"@type\":\"ReadAction\",\"target\":[\"https:\\\/\\\/naturalpoland.com\\\/cs\\\/produkty\\\/rostlinne-vytazky\\\/extrakt-ajuga-turkestanica\\\/\"]}]},{\"@type\":\"ImageObject\",\"inLanguage\":\"cs\",\"@id\":\"https:\\\/\\\/naturalpoland.com\\\/cs\\\/produkty\\\/rostlinne-vytazky\\\/extrakt-ajuga-turkestanica\\\/#primaryimage\",\"url\":\"https:\\\/\\\/naturalpoland.com\\\/wp-content\\\/uploads\\\/sjuga-turkestanica-ekstrakt.jpg\",\"contentUrl\":\"https:\\\/\\\/naturalpoland.com\\\/wp-content\\\/uploads\\\/sjuga-turkestanica-ekstrakt.jpg\",\"width\":650,\"height\":650,\"caption\":\"Extrakt Ajuga Turkestanica\"},{\"@type\":\"BreadcrumbList\",\"@id\":\"https:\\\/\\\/naturalpoland.com\\\/cs\\\/produkty\\\/rostlinne-vytazky\\\/extrakt-ajuga-turkestanica\\\/#breadcrumb\",\"itemListElement\":[{\"@type\":\"ListItem\",\"position\":1,\"name\":\"Dom\u016f\",\"item\":\"https:\\\/\\\/naturalpoland.com\\\/cs\\\/\"},{\"@type\":\"ListItem\",\"position\":2,\"name\":\"Produkty\",\"item\":\"https:\\\/\\\/naturalpoland.com\\\/cs\\\/produkty\\\/\"},{\"@type\":\"ListItem\",\"position\":3,\"name\":\"Extrakt Ajuga Turkestanica\"}]},{\"@type\":\"WebSite\",\"@id\":\"https:\\\/\\\/naturalpoland.com\\\/cs\\\/#website\",\"url\":\"https:\\\/\\\/naturalpoland.com\\\/cs\\\/\",\"name\":\"NATURAL POLAND - Velkoobchodn\u00ed distributor surovin\",\"description\":\"Surowce dla przemys\u0142u spo\u017cywczego, kosmetycznego i farmaceutycznego\",\"publisher\":{\"@id\":\"https:\\\/\\\/naturalpoland.com\\\/cs\\\/#organization\"},\"potentialAction\":[{\"@type\":\"SearchAction\",\"target\":{\"@type\":\"EntryPoint\",\"urlTemplate\":\"https:\\\/\\\/naturalpoland.com\\\/cs\\\/?s={search_term_string}\"},\"query-input\":{\"@type\":\"PropertyValueSpecification\",\"valueRequired\":true,\"valueName\":\"search_term_string\"}}],\"inLanguage\":\"cs\"},{\"@type\":\"Organization\",\"@id\":\"https:\\\/\\\/naturalpoland.com\\\/cs\\\/#organization\",\"name\":\"Natural Poland\",\"url\":\"https:\\\/\\\/naturalpoland.com\\\/cs\\\/\",\"logo\":{\"@type\":\"ImageObject\",\"inLanguage\":\"cs\",\"@id\":\"https:\\\/\\\/naturalpoland.com\\\/cs\\\/#\\\/schema\\\/logo\\\/image\\\/\",\"url\":\"https:\\\/\\\/naturalpoland.com\\\/wp-content\\\/uploads\\\/2021\\\/05\\\/natural-poland-icon.png\",\"contentUrl\":\"https:\\\/\\\/naturalpoland.com\\\/wp-content\\\/uploads\\\/2021\\\/05\\\/natural-poland-icon.png\",\"width\":512,\"height\":512,\"caption\":\"Natural Poland\"},\"image\":{\"@id\":\"https:\\\/\\\/naturalpoland.com\\\/cs\\\/#\\\/schema\\\/logo\\\/image\\\/\"},\"sameAs\":[\"https:\\\/\\\/www.facebook.com\\\/naturalpoland.b2b\",\"https:\\\/\\\/pl.linkedin.com\\\/company\\\/natural-poland\",\"https:\\\/\\\/www.youtube.com\\\/channel\\\/UCgeGGkvOMahZo-xu_MSEWxg\"]}]}<\/script>\n<!-- \/ Yoast SEO plugin. -->","yoast_head_json":{"title":"Extrakt Ajuga Turkestanica - Velkoobchodn\u00ed distributor","description":"N\u00e1\u0161 extrakt z Ajuga Turkestanica je vyr\u00e1b\u011bn podle nejvy\u0161\u0161\u00edch standard\u016f kvality. D\u00e1v\u00e1me si pozor, aby byla ka\u017ed\u00e1 \u0161ar\u017ee produktu kontrolov\u00e1na na p\u0159\u00edtomnost aktivn\u00edch slo\u017eek.","robots":{"index":"index","follow":"follow","max-snippet":"max-snippet:-1","max-image-preview":"max-image-preview:large","max-video-preview":"max-video-preview:-1"},"canonical":"https:\/\/naturalpoland.com\/cs\/produkty\/rostlinne-vytazky\/extrakt-ajuga-turkestanica\/","og_locale":"cs_CZ","og_type":"article","og_title":"Extrakt Ajuga Turkestanica - Velkoobchodn\u00ed distributor","og_description":"N\u00e1\u0161 extrakt z Ajuga Turkestanica je vyr\u00e1b\u011bn podle nejvy\u0161\u0161\u00edch standard\u016f kvality. D\u00e1v\u00e1me si pozor, aby byla ka\u017ed\u00e1 \u0161ar\u017ee produktu kontrolov\u00e1na na p\u0159\u00edtomnost aktivn\u00edch slo\u017eek.","og_url":"https:\/\/naturalpoland.com\/cs\/produkty\/rostlinne-vytazky\/extrakt-ajuga-turkestanica\/","og_site_name":"NATURAL POLAND - Velkoobchodn\u00ed distributor surovin","article_publisher":"https:\/\/www.facebook.com\/naturalpoland.b2b","og_image":[{"width":650,"height":650,"url":"https:\/\/naturalpoland.com\/wp-content\/uploads\/sjuga-turkestanica-ekstrakt.jpg","type":"image\/jpeg"}],"schema":{"@context":"https:\/\/schema.org","@graph":[{"@type":"WebPage","@id":"https:\/\/naturalpoland.com\/cs\/produkty\/rostlinne-vytazky\/extrakt-ajuga-turkestanica\/","url":"https:\/\/naturalpoland.com\/cs\/produkty\/rostlinne-vytazky\/extrakt-ajuga-turkestanica\/","name":"Extrakt Ajuga Turkestanica - Velkoobchodn\u00ed distributor","isPartOf":{"@id":"https:\/\/naturalpoland.com\/cs\/#website"},"primaryImageOfPage":{"@id":"https:\/\/naturalpoland.com\/cs\/produkty\/rostlinne-vytazky\/extrakt-ajuga-turkestanica\/#primaryimage"},"image":{"@id":"https:\/\/naturalpoland.com\/cs\/produkty\/rostlinne-vytazky\/extrakt-ajuga-turkestanica\/#primaryimage"},"thumbnailUrl":"https:\/\/naturalpoland.com\/wp-content\/uploads\/sjuga-turkestanica-ekstrakt.jpg","datePublished":"2023-06-21T11:17:34+00:00","description":"N\u00e1\u0161 extrakt z Ajuga Turkestanica je vyr\u00e1b\u011bn podle nejvy\u0161\u0161\u00edch standard\u016f kvality. D\u00e1v\u00e1me si pozor, aby byla ka\u017ed\u00e1 \u0161ar\u017ee produktu kontrolov\u00e1na na p\u0159\u00edtomnost aktivn\u00edch slo\u017eek.","breadcrumb":{"@id":"https:\/\/naturalpoland.com\/cs\/produkty\/rostlinne-vytazky\/extrakt-ajuga-turkestanica\/#breadcrumb"},"inLanguage":"cs","potentialAction":[{"@type":"ReadAction","target":["https:\/\/naturalpoland.com\/cs\/produkty\/rostlinne-vytazky\/extrakt-ajuga-turkestanica\/"]}]},{"@type":"ImageObject","inLanguage":"cs","@id":"https:\/\/naturalpoland.com\/cs\/produkty\/rostlinne-vytazky\/extrakt-ajuga-turkestanica\/#primaryimage","url":"https:\/\/naturalpoland.com\/wp-content\/uploads\/sjuga-turkestanica-ekstrakt.jpg","contentUrl":"https:\/\/naturalpoland.com\/wp-content\/uploads\/sjuga-turkestanica-ekstrakt.jpg","width":650,"height":650,"caption":"Extrakt Ajuga Turkestanica"},{"@type":"BreadcrumbList","@id":"https:\/\/naturalpoland.com\/cs\/produkty\/rostlinne-vytazky\/extrakt-ajuga-turkestanica\/#breadcrumb","itemListElement":[{"@type":"ListItem","position":1,"name":"Dom\u016f","item":"https:\/\/naturalpoland.com\/cs\/"},{"@type":"ListItem","position":2,"name":"Produkty","item":"https:\/\/naturalpoland.com\/cs\/produkty\/"},{"@type":"ListItem","position":3,"name":"Extrakt Ajuga Turkestanica"}]},{"@type":"WebSite","@id":"https:\/\/naturalpoland.com\/cs\/#website","url":"https:\/\/naturalpoland.com\/cs\/","name":"NATURAL POLAND - Velkoobchodn\u00ed distributor surovin","description":"Surowce dla przemys\u0142u spo\u017cywczego, kosmetycznego i farmaceutycznego","publisher":{"@id":"https:\/\/naturalpoland.com\/cs\/#organization"},"potentialAction":[{"@type":"SearchAction","target":{"@type":"EntryPoint","urlTemplate":"https:\/\/naturalpoland.com\/cs\/?s={search_term_string}"},"query-input":{"@type":"PropertyValueSpecification","valueRequired":true,"valueName":"search_term_string"}}],"inLanguage":"cs"},{"@type":"Organization","@id":"https:\/\/naturalpoland.com\/cs\/#organization","name":"Natural Poland","url":"https:\/\/naturalpoland.com\/cs\/","logo":{"@type":"ImageObject","inLanguage":"cs","@id":"https:\/\/naturalpoland.com\/cs\/#\/schema\/logo\/image\/","url":"https:\/\/naturalpoland.com\/wp-content\/uploads\/2021\/05\/natural-poland-icon.png","contentUrl":"https:\/\/naturalpoland.com\/wp-content\/uploads\/2021\/05\/natural-poland-icon.png","width":512,"height":512,"caption":"Natural Poland"},"image":{"@id":"https:\/\/naturalpoland.com\/cs\/#\/schema\/logo\/image\/"},"sameAs":["https:\/\/www.facebook.com\/naturalpoland.b2b","https:\/\/pl.linkedin.com\/company\/natural-poland","https:\/\/www.youtube.com\/channel\/UCgeGGkvOMahZo-xu_MSEWxg"]}]}},"_links":{"self":[{"href":"https:\/\/naturalpoland.com\/cs\/wp-json\/wp\/v2\/product\/23744","targetHints":{"allow":["GET"]}}],"collection":[{"href":"https:\/\/naturalpoland.com\/cs\/wp-json\/wp\/v2\/product"}],"about":[{"href":"https:\/\/naturalpoland.com\/cs\/wp-json\/wp\/v2\/types\/product"}],"wp:featuredmedia":[{"embeddable":true,"href":"https:\/\/naturalpoland.com\/cs\/wp-json\/wp\/v2\/media\/23731"}],"wp:attachment":[{"href":"https:\/\/naturalpoland.com\/cs\/wp-json\/wp\/v2\/media?parent=23744"}],"wp:term":[{"taxonomy":"product_brand","embeddable":true,"href":"https:\/\/naturalpoland.com\/cs\/wp-json\/wp\/v2\/product_brand?post=23744"},{"taxonomy":"product_cat","embeddable":true,"href":"https:\/\/naturalpoland.com\/cs\/wp-json\/wp\/v2\/product_cat?post=23744"},{"taxonomy":"product_tag","embeddable":true,"href":"https:\/\/naturalpoland.com\/cs\/wp-json\/wp\/v2\/product_tag?post=23744"}],"curies":[{"name":"wp","href":"https:\/\/api.w.org\/{rel}","templated":true}]}}