{"id":24231,"date":"2023-07-17T16:18:28","date_gmt":"2023-07-18T10:30:40","guid":{"rendered":"https:\/\/naturalpoland.com\/produkty\/nezarazene\/jasminove-maslo\/"},"modified":"2023-07-18T12:30:40","modified_gmt":"2023-07-18T10:30:40","slug":"maslo-mleko","status":"publish","type":"product","link":"https:\/\/naturalpoland.com\/cs\/produkty\/produkty-pro-kosmeticky-prumysl\/kosmeticka-masla\/maslo-mleko\/","title":{"rendered":"Jasm\u00ednov\u00e9 m\u00e1slo"},"content":{"rendered":"<h2>Slo\u017een\u00ed jasm\u00ednov\u00e9ho m\u00e1sla:<\/h2>\n<p><strong><br \/>\n  <a href=\"https:\/\/naturalpoland.com\/cs\/produkty\/produkty-pro-potravinarsky-prumysl\/jedle-oleje\/mandlovy-olej\/\">Sladk\u00fd mandlov\u00fd olej<\/a><br \/>\n<\/strong>kter\u00fd tvo\u0159\u00ed z\u00e1klad na\u0161eho m\u00e1sla, je cen\u011bn pro sv\u00e9 intenzivn\u00ed hydrata\u010dn\u00ed vlastnosti. Je bohat\u00fd na vitaminy A a E, ho\u0159\u010d\u00edk a zdrav\u00e9 tuky, kter\u00e9 pom\u00e1haj\u00ed udr\u017eovat poko\u017eku jemnou, hydratovanou a zdravou. <strong>Ztu\u017een\u00fd rostlinn\u00fd olej<\/strong> dod\u00e1v\u00e1 m\u00e1slu kr\u00e9movou, snadno rozt\u00edratelnou strukturu, kter\u00e1 rychle pronik\u00e1 do poko\u017eky a poskytuje j\u00ed d\u016fle\u017eit\u00e9 \u017eiviny.<\/p>\n<p>Nejv\u011bt\u0161\u00ed p\u0159ednost\u00ed tohoto produktu je v\u0161ak <strong>jasm\u00ednov\u00fd olej<\/strong>, kter\u00fd obsahuje. Jej\u00ed intenzivn\u00ed exotick\u00e1 v\u016fn\u011b prom\u011bn\u00ed ka\u017edodenn\u00ed p\u00e9\u010di o ple\u0165 v jedine\u010dn\u00fd z\u00e1\u017eitek. Jasm\u00edn je tak\u00e9 zn\u00e1m\u00fd sv\u00fdmi antiseptick\u00fdmi a antioxida\u010dn\u00edmi \u00fa\u010dinky, kter\u00e9 pom\u00e1haj\u00ed chr\u00e1nit poko\u017eku p\u0159ed \u0161kodliv\u00fdmi vn\u011bj\u0161\u00edmi vlivy.<\/p>\n<h2>Jak pou\u017e\u00edvat jasm\u00ednov\u00e9 m\u00e1slo?<\/h2>\n<p>Jasm\u00ednov\u00e9 m\u00e1slo je vynikaj\u00edc\u00ed pro v\u0161echny typy pleti, ale doporu\u010duje se zejm\u00e9na pro suchou, zralou a citlivou ple\u0165. Lze ji pou\u017e\u00edt na t\u011blo, obli\u010dej i vlasy. Je ide\u00e1ln\u00ed jako p\u0159\u00edsada do dom\u00e1c\u00ed kosmetiky &#8211; ple\u0165ov\u00fdch vod, masek nebo kr\u00e9m\u016f.<\/p>\n","protected":false},"excerpt":{"rendered":"<p><em>Jasm\u00ednov\u00e9<\/em> m\u00e1slo kombinuje s\u00edlu oleje ze sladk\u00fdch mandl\u00ed<em>(Prunus Amygdalus Dulcis Oil<\/em>), hydrogenovan\u00e9ho rostlinn\u00e9ho oleje<em>(Hydrogenated Vegetable<\/em> Oil) a oleje z kv\u011bt\u016f<em>jasm\u00ednu (Jasminum Officinale Oil<\/em>).<\/p>\n","protected":false},"featured_media":24127,"template":"","meta":{"_acf_changed":false},"product_brand":[],"product_cat":[635],"product_tag":[],"class_list":{"0":"post-24231","1":"product","2":"type-product","3":"status-publish","4":"has-post-thumbnail","6":"product_cat-kosmeticka-masla","8":"first","9":"instock","10":"shipping-taxable","11":"product-type-simple"},"acf":[],"yoast_head":"<!-- This site is optimized with the Yoast SEO plugin v27.5 - https:\/\/yoast.com\/product\/yoast-seo-wordpress\/ -->\n<title>Jasm\u00ednov\u00e9 m\u00e1slo - Velkoobchodn\u00ed distributor<\/title>\n<meta name=\"description\" content=\"Jasm\u00ednov\u00e9 m\u00e1slo kombinuje s\u00edlu oleje ze sladk\u00fdch mandl\u00ed, ztu\u017een\u00e9ho rostlinn\u00e9ho oleje a oleje z kv\u011bt\u016f jasm\u00ednu.\" \/>\n<meta name=\"robots\" content=\"index, follow, max-snippet:-1, max-image-preview:large, max-video-preview:-1\" \/>\n<link rel=\"canonical\" href=\"https:\/\/naturalpoland.com\/cs\/produkty\/produkty-pro-kosmeticky-prumysl\/kosmeticka-masla\/maslo-mleko\/\" \/>\n<meta property=\"og:locale\" content=\"cs_CZ\" \/>\n<meta property=\"og:type\" content=\"article\" \/>\n<meta property=\"og:title\" content=\"Jasm\u00ednov\u00e9 m\u00e1slo - Velkoobchodn\u00ed distributor\" \/>\n<meta property=\"og:description\" content=\"Jasm\u00ednov\u00e9 m\u00e1slo kombinuje s\u00edlu oleje ze sladk\u00fdch mandl\u00ed, ztu\u017een\u00e9ho rostlinn\u00e9ho oleje a oleje z kv\u011bt\u016f jasm\u00ednu.\" \/>\n<meta property=\"og:url\" content=\"https:\/\/naturalpoland.com\/cs\/produkty\/produkty-pro-kosmeticky-prumysl\/kosmeticka-masla\/maslo-mleko\/\" \/>\n<meta property=\"og:site_name\" content=\"NATURAL POLAND - Velkoobchodn\u00ed distributor surovin\" \/>\n<meta property=\"article:publisher\" content=\"https:\/\/www.facebook.com\/naturalpoland.b2b\" \/>\n<meta property=\"og:image\" content=\"https:\/\/naturalpoland.com\/wp-content\/uploads\/jasmin_butter.png\" \/>\n\t<meta property=\"og:image:width\" content=\"597\" \/>\n\t<meta property=\"og:image:height\" content=\"597\" \/>\n\t<meta property=\"og:image:type\" content=\"image\/png\" \/>\n<script type=\"application\/ld+json\" class=\"yoast-schema-graph\">{\"@context\":\"https:\\\/\\\/schema.org\",\"@graph\":[{\"@type\":\"WebPage\",\"@id\":\"https:\\\/\\\/naturalpoland.com\\\/cs\\\/produkty\\\/produkty-pro-kosmeticky-prumysl\\\/kosmeticka-masla\\\/maslo-mleko\\\/\",\"url\":\"https:\\\/\\\/naturalpoland.com\\\/cs\\\/produkty\\\/produkty-pro-kosmeticky-prumysl\\\/kosmeticka-masla\\\/maslo-mleko\\\/\",\"name\":\"Jasm\u00ednov\u00e9 m\u00e1slo - Velkoobchodn\u00ed distributor\",\"isPartOf\":{\"@id\":\"https:\\\/\\\/naturalpoland.com\\\/cs\\\/#website\"},\"primaryImageOfPage\":{\"@id\":\"https:\\\/\\\/naturalpoland.com\\\/cs\\\/produkty\\\/produkty-pro-kosmeticky-prumysl\\\/kosmeticka-masla\\\/maslo-mleko\\\/#primaryimage\"},\"image\":{\"@id\":\"https:\\\/\\\/naturalpoland.com\\\/cs\\\/produkty\\\/produkty-pro-kosmeticky-prumysl\\\/kosmeticka-masla\\\/maslo-mleko\\\/#primaryimage\"},\"thumbnailUrl\":\"https:\\\/\\\/naturalpoland.com\\\/wp-content\\\/uploads\\\/jasmin_butter.png\",\"datePublished\":\"2023-07-18T10:30:40+00:00\",\"description\":\"Jasm\u00ednov\u00e9 m\u00e1slo kombinuje s\u00edlu oleje ze sladk\u00fdch mandl\u00ed, ztu\u017een\u00e9ho rostlinn\u00e9ho oleje a oleje z kv\u011bt\u016f jasm\u00ednu.\",\"breadcrumb\":{\"@id\":\"https:\\\/\\\/naturalpoland.com\\\/cs\\\/produkty\\\/produkty-pro-kosmeticky-prumysl\\\/kosmeticka-masla\\\/maslo-mleko\\\/#breadcrumb\"},\"inLanguage\":\"cs\",\"potentialAction\":[{\"@type\":\"ReadAction\",\"target\":[\"https:\\\/\\\/naturalpoland.com\\\/cs\\\/produkty\\\/produkty-pro-kosmeticky-prumysl\\\/kosmeticka-masla\\\/maslo-mleko\\\/\"]}]},{\"@type\":\"ImageObject\",\"inLanguage\":\"cs\",\"@id\":\"https:\\\/\\\/naturalpoland.com\\\/cs\\\/produkty\\\/produkty-pro-kosmeticky-prumysl\\\/kosmeticka-masla\\\/maslo-mleko\\\/#primaryimage\",\"url\":\"https:\\\/\\\/naturalpoland.com\\\/wp-content\\\/uploads\\\/jasmin_butter.png\",\"contentUrl\":\"https:\\\/\\\/naturalpoland.com\\\/wp-content\\\/uploads\\\/jasmin_butter.png\",\"width\":597,\"height\":597,\"caption\":\"jasm\u00ednov\u00e9 m\u00e1slo\"},{\"@type\":\"BreadcrumbList\",\"@id\":\"https:\\\/\\\/naturalpoland.com\\\/cs\\\/produkty\\\/produkty-pro-kosmeticky-prumysl\\\/kosmeticka-masla\\\/maslo-mleko\\\/#breadcrumb\",\"itemListElement\":[{\"@type\":\"ListItem\",\"position\":1,\"name\":\"Dom\u016f\",\"item\":\"https:\\\/\\\/naturalpoland.com\\\/cs\\\/\"},{\"@type\":\"ListItem\",\"position\":2,\"name\":\"Produkty\",\"item\":\"https:\\\/\\\/naturalpoland.com\\\/cs\\\/produkty\\\/\"},{\"@type\":\"ListItem\",\"position\":3,\"name\":\"Jasm\u00ednov\u00e9 m\u00e1slo\"}]},{\"@type\":\"WebSite\",\"@id\":\"https:\\\/\\\/naturalpoland.com\\\/cs\\\/#website\",\"url\":\"https:\\\/\\\/naturalpoland.com\\\/cs\\\/\",\"name\":\"NATURAL POLAND - Velkoobchodn\u00ed distributor surovin\",\"description\":\"Surowce dla przemys\u0142u spo\u017cywczego, kosmetycznego i farmaceutycznego\",\"publisher\":{\"@id\":\"https:\\\/\\\/naturalpoland.com\\\/cs\\\/#organization\"},\"potentialAction\":[{\"@type\":\"SearchAction\",\"target\":{\"@type\":\"EntryPoint\",\"urlTemplate\":\"https:\\\/\\\/naturalpoland.com\\\/cs\\\/?s={search_term_string}\"},\"query-input\":{\"@type\":\"PropertyValueSpecification\",\"valueRequired\":true,\"valueName\":\"search_term_string\"}}],\"inLanguage\":\"cs\"},{\"@type\":\"Organization\",\"@id\":\"https:\\\/\\\/naturalpoland.com\\\/cs\\\/#organization\",\"name\":\"Natural Poland\",\"url\":\"https:\\\/\\\/naturalpoland.com\\\/cs\\\/\",\"logo\":{\"@type\":\"ImageObject\",\"inLanguage\":\"cs\",\"@id\":\"https:\\\/\\\/naturalpoland.com\\\/cs\\\/#\\\/schema\\\/logo\\\/image\\\/\",\"url\":\"https:\\\/\\\/naturalpoland.com\\\/wp-content\\\/uploads\\\/2021\\\/05\\\/natural-poland-icon.png\",\"contentUrl\":\"https:\\\/\\\/naturalpoland.com\\\/wp-content\\\/uploads\\\/2021\\\/05\\\/natural-poland-icon.png\",\"width\":512,\"height\":512,\"caption\":\"Natural Poland\"},\"image\":{\"@id\":\"https:\\\/\\\/naturalpoland.com\\\/cs\\\/#\\\/schema\\\/logo\\\/image\\\/\"},\"sameAs\":[\"https:\\\/\\\/www.facebook.com\\\/naturalpoland.b2b\",\"https:\\\/\\\/pl.linkedin.com\\\/company\\\/natural-poland\",\"https:\\\/\\\/www.youtube.com\\\/channel\\\/UCgeGGkvOMahZo-xu_MSEWxg\"]}]}<\/script>\n<!-- \/ Yoast SEO plugin. -->","yoast_head_json":{"title":"Jasm\u00ednov\u00e9 m\u00e1slo - Velkoobchodn\u00ed distributor","description":"Jasm\u00ednov\u00e9 m\u00e1slo kombinuje s\u00edlu oleje ze sladk\u00fdch mandl\u00ed, ztu\u017een\u00e9ho rostlinn\u00e9ho oleje a oleje z kv\u011bt\u016f jasm\u00ednu.","robots":{"index":"index","follow":"follow","max-snippet":"max-snippet:-1","max-image-preview":"max-image-preview:large","max-video-preview":"max-video-preview:-1"},"canonical":"https:\/\/naturalpoland.com\/cs\/produkty\/produkty-pro-kosmeticky-prumysl\/kosmeticka-masla\/maslo-mleko\/","og_locale":"cs_CZ","og_type":"article","og_title":"Jasm\u00ednov\u00e9 m\u00e1slo - Velkoobchodn\u00ed distributor","og_description":"Jasm\u00ednov\u00e9 m\u00e1slo kombinuje s\u00edlu oleje ze sladk\u00fdch mandl\u00ed, ztu\u017een\u00e9ho rostlinn\u00e9ho oleje a oleje z kv\u011bt\u016f jasm\u00ednu.","og_url":"https:\/\/naturalpoland.com\/cs\/produkty\/produkty-pro-kosmeticky-prumysl\/kosmeticka-masla\/maslo-mleko\/","og_site_name":"NATURAL POLAND - Velkoobchodn\u00ed distributor surovin","article_publisher":"https:\/\/www.facebook.com\/naturalpoland.b2b","og_image":[{"width":597,"height":597,"url":"https:\/\/naturalpoland.com\/wp-content\/uploads\/jasmin_butter.png","type":"image\/png"}],"schema":{"@context":"https:\/\/schema.org","@graph":[{"@type":"WebPage","@id":"https:\/\/naturalpoland.com\/cs\/produkty\/produkty-pro-kosmeticky-prumysl\/kosmeticka-masla\/maslo-mleko\/","url":"https:\/\/naturalpoland.com\/cs\/produkty\/produkty-pro-kosmeticky-prumysl\/kosmeticka-masla\/maslo-mleko\/","name":"Jasm\u00ednov\u00e9 m\u00e1slo - Velkoobchodn\u00ed distributor","isPartOf":{"@id":"https:\/\/naturalpoland.com\/cs\/#website"},"primaryImageOfPage":{"@id":"https:\/\/naturalpoland.com\/cs\/produkty\/produkty-pro-kosmeticky-prumysl\/kosmeticka-masla\/maslo-mleko\/#primaryimage"},"image":{"@id":"https:\/\/naturalpoland.com\/cs\/produkty\/produkty-pro-kosmeticky-prumysl\/kosmeticka-masla\/maslo-mleko\/#primaryimage"},"thumbnailUrl":"https:\/\/naturalpoland.com\/wp-content\/uploads\/jasmin_butter.png","datePublished":"2023-07-18T10:30:40+00:00","description":"Jasm\u00ednov\u00e9 m\u00e1slo kombinuje s\u00edlu oleje ze sladk\u00fdch mandl\u00ed, ztu\u017een\u00e9ho rostlinn\u00e9ho oleje a oleje z kv\u011bt\u016f jasm\u00ednu.","breadcrumb":{"@id":"https:\/\/naturalpoland.com\/cs\/produkty\/produkty-pro-kosmeticky-prumysl\/kosmeticka-masla\/maslo-mleko\/#breadcrumb"},"inLanguage":"cs","potentialAction":[{"@type":"ReadAction","target":["https:\/\/naturalpoland.com\/cs\/produkty\/produkty-pro-kosmeticky-prumysl\/kosmeticka-masla\/maslo-mleko\/"]}]},{"@type":"ImageObject","inLanguage":"cs","@id":"https:\/\/naturalpoland.com\/cs\/produkty\/produkty-pro-kosmeticky-prumysl\/kosmeticka-masla\/maslo-mleko\/#primaryimage","url":"https:\/\/naturalpoland.com\/wp-content\/uploads\/jasmin_butter.png","contentUrl":"https:\/\/naturalpoland.com\/wp-content\/uploads\/jasmin_butter.png","width":597,"height":597,"caption":"jasm\u00ednov\u00e9 m\u00e1slo"},{"@type":"BreadcrumbList","@id":"https:\/\/naturalpoland.com\/cs\/produkty\/produkty-pro-kosmeticky-prumysl\/kosmeticka-masla\/maslo-mleko\/#breadcrumb","itemListElement":[{"@type":"ListItem","position":1,"name":"Dom\u016f","item":"https:\/\/naturalpoland.com\/cs\/"},{"@type":"ListItem","position":2,"name":"Produkty","item":"https:\/\/naturalpoland.com\/cs\/produkty\/"},{"@type":"ListItem","position":3,"name":"Jasm\u00ednov\u00e9 m\u00e1slo"}]},{"@type":"WebSite","@id":"https:\/\/naturalpoland.com\/cs\/#website","url":"https:\/\/naturalpoland.com\/cs\/","name":"NATURAL POLAND - Velkoobchodn\u00ed distributor surovin","description":"Surowce dla przemys\u0142u spo\u017cywczego, kosmetycznego i farmaceutycznego","publisher":{"@id":"https:\/\/naturalpoland.com\/cs\/#organization"},"potentialAction":[{"@type":"SearchAction","target":{"@type":"EntryPoint","urlTemplate":"https:\/\/naturalpoland.com\/cs\/?s={search_term_string}"},"query-input":{"@type":"PropertyValueSpecification","valueRequired":true,"valueName":"search_term_string"}}],"inLanguage":"cs"},{"@type":"Organization","@id":"https:\/\/naturalpoland.com\/cs\/#organization","name":"Natural Poland","url":"https:\/\/naturalpoland.com\/cs\/","logo":{"@type":"ImageObject","inLanguage":"cs","@id":"https:\/\/naturalpoland.com\/cs\/#\/schema\/logo\/image\/","url":"https:\/\/naturalpoland.com\/wp-content\/uploads\/2021\/05\/natural-poland-icon.png","contentUrl":"https:\/\/naturalpoland.com\/wp-content\/uploads\/2021\/05\/natural-poland-icon.png","width":512,"height":512,"caption":"Natural Poland"},"image":{"@id":"https:\/\/naturalpoland.com\/cs\/#\/schema\/logo\/image\/"},"sameAs":["https:\/\/www.facebook.com\/naturalpoland.b2b","https:\/\/pl.linkedin.com\/company\/natural-poland","https:\/\/www.youtube.com\/channel\/UCgeGGkvOMahZo-xu_MSEWxg"]}]}},"_links":{"self":[{"href":"https:\/\/naturalpoland.com\/cs\/wp-json\/wp\/v2\/product\/24231","targetHints":{"allow":["GET"]}}],"collection":[{"href":"https:\/\/naturalpoland.com\/cs\/wp-json\/wp\/v2\/product"}],"about":[{"href":"https:\/\/naturalpoland.com\/cs\/wp-json\/wp\/v2\/types\/product"}],"wp:featuredmedia":[{"embeddable":true,"href":"https:\/\/naturalpoland.com\/cs\/wp-json\/wp\/v2\/media\/24127"}],"wp:attachment":[{"href":"https:\/\/naturalpoland.com\/cs\/wp-json\/wp\/v2\/media?parent=24231"}],"wp:term":[{"taxonomy":"product_brand","embeddable":true,"href":"https:\/\/naturalpoland.com\/cs\/wp-json\/wp\/v2\/product_brand?post=24231"},{"taxonomy":"product_cat","embeddable":true,"href":"https:\/\/naturalpoland.com\/cs\/wp-json\/wp\/v2\/product_cat?post=24231"},{"taxonomy":"product_tag","embeddable":true,"href":"https:\/\/naturalpoland.com\/cs\/wp-json\/wp\/v2\/product_tag?post=24231"}],"curies":[{"name":"wp","href":"https:\/\/api.w.org\/{rel}","templated":true}]}}