{"id":24335,"date":"2023-07-20T10:54:49","date_gmt":"2023-07-20T13:32:23","guid":{"rendered":"https:\/\/naturalpoland.com\/produkty\/nezarazene\/inaktivovana-probiotika\/"},"modified":"2023-07-20T15:32:23","modified_gmt":"2023-07-20T13:32:23","slug":"aktivovane-probiotiky","status":"publish","type":"product","link":"https:\/\/naturalpoland.com\/cs\/produkty\/produkty-pro-kosmeticky-prumysl\/probiotika\/aktivovane-probiotiky\/","title":{"rendered":"Inaktivovan\u00e1 probiotika"},"content":{"rendered":"<p>I kdy\u017e jsou inaktivovan\u00e1 probiotika &#8222;neaktivn\u00ed&#8220;, jejich schopnost interagovat s ko\u017en\u00edm mikrobiomem z\u016fst\u00e1v\u00e1 nezm\u011bn\u011bna. Neosidluj\u00ed k\u016f\u017ei jako <strong><br \/>\n  <a href=\"https:\/\/naturalpoland.com\/cs\/produkty\/produkty-pro-kosmeticky-prumysl\/probiotika\/probiotika\/\">\u017eiv\u00e1 probiotika<\/a><br \/>\n<\/strong>, ale vytv\u00e1\u0159ej\u00ed p\u0159\u00edzniv\u00e9 prost\u0159ed\u00ed pro zdrav\u00e9 bakterie a pom\u00e1haj\u00ed udr\u017eovat p\u0159irozenou rovnov\u00e1hu poko\u017eky.<\/p>\n<p>Tyndalizovan\u00e1 probiotika maj\u00ed pro poko\u017eku mnoho v\u00fdhod. Maj\u00ed protiz\u00e1n\u011btliv\u00fd \u00fa\u010dinek, zklid\u0148uj\u00ed podr\u00e1\u017ed\u011bn\u00ed a zarudnut\u00ed, tak\u017ee jsou vynikaj\u00edc\u00ed slo\u017ekou pro citlivou ple\u0165 se sklonem k z\u00e1n\u011bt\u016fm nebo s probl\u00e9my, jako je akn\u00e9 nebo ekz\u00e9m. D\u00edky interakci s ko\u017en\u00edm mikrobiomem posiluj\u00ed probiotika p\u0159irozenou ko\u017en\u00ed bari\u00e9ru, pom\u00e1haj\u00ed udr\u017eovat vlhkost a chr\u00e1nit p\u0159ed negativn\u00edmi vn\u011bj\u0161\u00edmi faktory.<\/p>\n<p>Inaktivovan\u00e1 probiotika lze snadno za\u010dlenit do r\u016fzn\u00fdch kosmetick\u00fdch p\u0159\u00edpravk\u016f. P\u0159id\u00e1vaj\u00ed se do kr\u00e9m\u016f, s\u00e9r, masek nebo ple\u0165ov\u00fdch vod a vytv\u00e1\u0159ej\u00ed produkty, kter\u00e9 ple\u0165 doslova &#8222;krm\u00ed&#8220; a dod\u00e1vaj\u00ed j\u00ed slo\u017eky, kter\u00e9 pot\u0159ebuje, aby byla zdrav\u00e1 a kr\u00e1sn\u00e1.<\/p>\n","protected":false},"excerpt":{"rendered":"<p>Probiotika jsou zn\u00e1m\u00e1 pro sv\u016fj p\u0159\u00ednos pro zdrav\u00ed st\u0159ev, ale st\u00e1le v\u00edce v\u011bdeck\u00fdch d\u016fkaz\u016f poukazuje na jejich v\u00fdznam i pro zdrav\u00ed poko\u017eky. <strong>Tyndalizovan\u00e1<\/strong> <strong>probiotika<\/strong>, zn\u00e1m\u00e1 tak\u00e9 jako <strong>inaktivovan\u00e1 probiotika<\/strong>, p\u0159edstavuj\u00ed inovativn\u00ed \u00e9ru v kosmetice.<\/p>\n","protected":false},"featured_media":24299,"template":"","meta":{"_acf_changed":false},"product_brand":[],"product_cat":[2088],"product_tag":[],"class_list":{"0":"post-24335","1":"product","2":"type-product","3":"status-publish","4":"has-post-thumbnail","6":"product_cat-probiotika","8":"first","9":"instock","10":"shipping-taxable","11":"product-type-simple"},"acf":[],"yoast_head":"<!-- This site is optimized with the Yoast SEO plugin v27.5 - https:\/\/yoast.com\/product\/yoast-seo-wordpress\/ -->\n<title>Inaktivovan\u00e1 probiotika - Velkoobchodn\u00ed distributor<\/title>\n<meta name=\"description\" content=\"Inaktivovan\u00e1 probiotika jsou inovativn\u00ed kosmetickou slo\u017ekou, kter\u00e1 udr\u017euje rovnov\u00e1hu ko\u017en\u00edho mikrobiomu a zklid\u0148uje podr\u00e1\u017ed\u011bn\u00ed.\" \/>\n<meta name=\"robots\" content=\"index, follow, max-snippet:-1, max-image-preview:large, max-video-preview:-1\" \/>\n<link rel=\"canonical\" href=\"https:\/\/naturalpoland.com\/cs\/produkty\/produkty-pro-kosmeticky-prumysl\/probiotika\/aktivovane-probiotiky\/\" \/>\n<meta property=\"og:locale\" content=\"cs_CZ\" \/>\n<meta property=\"og:type\" content=\"article\" \/>\n<meta property=\"og:title\" content=\"Inaktivovan\u00e1 probiotika - Velkoobchodn\u00ed distributor\" \/>\n<meta property=\"og:description\" content=\"Inaktivovan\u00e1 probiotika jsou inovativn\u00ed kosmetickou slo\u017ekou, kter\u00e1 udr\u017euje rovnov\u00e1hu ko\u017en\u00edho mikrobiomu a zklid\u0148uje podr\u00e1\u017ed\u011bn\u00ed.\" \/>\n<meta property=\"og:url\" content=\"https:\/\/naturalpoland.com\/cs\/produkty\/produkty-pro-kosmeticky-prumysl\/probiotika\/aktivovane-probiotiky\/\" \/>\n<meta property=\"og:site_name\" content=\"NATURAL POLAND - Velkoobchodn\u00ed distributor surovin\" \/>\n<meta property=\"article:publisher\" content=\"https:\/\/www.facebook.com\/naturalpoland.b2b\" \/>\n<meta property=\"og:image\" content=\"https:\/\/naturalpoland.com\/wp-content\/uploads\/tyndallized-probiotics.png\" \/>\n\t<meta property=\"og:image:width\" content=\"595\" \/>\n\t<meta property=\"og:image:height\" content=\"595\" \/>\n\t<meta property=\"og:image:type\" content=\"image\/png\" \/>\n<script type=\"application\/ld+json\" class=\"yoast-schema-graph\">{\"@context\":\"https:\\\/\\\/schema.org\",\"@graph\":[{\"@type\":\"WebPage\",\"@id\":\"https:\\\/\\\/naturalpoland.com\\\/cs\\\/produkty\\\/produkty-pro-kosmeticky-prumysl\\\/probiotika\\\/aktivovane-probiotiky\\\/\",\"url\":\"https:\\\/\\\/naturalpoland.com\\\/cs\\\/produkty\\\/produkty-pro-kosmeticky-prumysl\\\/probiotika\\\/aktivovane-probiotiky\\\/\",\"name\":\"Inaktivovan\u00e1 probiotika - Velkoobchodn\u00ed distributor\",\"isPartOf\":{\"@id\":\"https:\\\/\\\/naturalpoland.com\\\/cs\\\/#website\"},\"primaryImageOfPage\":{\"@id\":\"https:\\\/\\\/naturalpoland.com\\\/cs\\\/produkty\\\/produkty-pro-kosmeticky-prumysl\\\/probiotika\\\/aktivovane-probiotiky\\\/#primaryimage\"},\"image\":{\"@id\":\"https:\\\/\\\/naturalpoland.com\\\/cs\\\/produkty\\\/produkty-pro-kosmeticky-prumysl\\\/probiotika\\\/aktivovane-probiotiky\\\/#primaryimage\"},\"thumbnailUrl\":\"https:\\\/\\\/naturalpoland.com\\\/wp-content\\\/uploads\\\/tyndallized-probiotics.png\",\"datePublished\":\"2023-07-20T13:32:23+00:00\",\"description\":\"Inaktivovan\u00e1 probiotika jsou inovativn\u00ed kosmetickou slo\u017ekou, kter\u00e1 udr\u017euje rovnov\u00e1hu ko\u017en\u00edho mikrobiomu a zklid\u0148uje podr\u00e1\u017ed\u011bn\u00ed.\",\"breadcrumb\":{\"@id\":\"https:\\\/\\\/naturalpoland.com\\\/cs\\\/produkty\\\/produkty-pro-kosmeticky-prumysl\\\/probiotika\\\/aktivovane-probiotiky\\\/#breadcrumb\"},\"inLanguage\":\"cs\",\"potentialAction\":[{\"@type\":\"ReadAction\",\"target\":[\"https:\\\/\\\/naturalpoland.com\\\/cs\\\/produkty\\\/produkty-pro-kosmeticky-prumysl\\\/probiotika\\\/aktivovane-probiotiky\\\/\"]}]},{\"@type\":\"ImageObject\",\"inLanguage\":\"cs\",\"@id\":\"https:\\\/\\\/naturalpoland.com\\\/cs\\\/produkty\\\/produkty-pro-kosmeticky-prumysl\\\/probiotika\\\/aktivovane-probiotiky\\\/#primaryimage\",\"url\":\"https:\\\/\\\/naturalpoland.com\\\/wp-content\\\/uploads\\\/tyndallized-probiotics.png\",\"contentUrl\":\"https:\\\/\\\/naturalpoland.com\\\/wp-content\\\/uploads\\\/tyndallized-probiotics.png\",\"width\":595,\"height\":595,\"caption\":\"inaktivovan\u00e1 probiotika\"},{\"@type\":\"BreadcrumbList\",\"@id\":\"https:\\\/\\\/naturalpoland.com\\\/cs\\\/produkty\\\/produkty-pro-kosmeticky-prumysl\\\/probiotika\\\/aktivovane-probiotiky\\\/#breadcrumb\",\"itemListElement\":[{\"@type\":\"ListItem\",\"position\":1,\"name\":\"Dom\u016f\",\"item\":\"https:\\\/\\\/naturalpoland.com\\\/cs\\\/\"},{\"@type\":\"ListItem\",\"position\":2,\"name\":\"Produkty\",\"item\":\"https:\\\/\\\/naturalpoland.com\\\/cs\\\/produkty\\\/\"},{\"@type\":\"ListItem\",\"position\":3,\"name\":\"Inaktivovan\u00e1 probiotika\"}]},{\"@type\":\"WebSite\",\"@id\":\"https:\\\/\\\/naturalpoland.com\\\/cs\\\/#website\",\"url\":\"https:\\\/\\\/naturalpoland.com\\\/cs\\\/\",\"name\":\"NATURAL POLAND - Velkoobchodn\u00ed distributor surovin\",\"description\":\"Surowce dla przemys\u0142u spo\u017cywczego, kosmetycznego i farmaceutycznego\",\"publisher\":{\"@id\":\"https:\\\/\\\/naturalpoland.com\\\/cs\\\/#organization\"},\"potentialAction\":[{\"@type\":\"SearchAction\",\"target\":{\"@type\":\"EntryPoint\",\"urlTemplate\":\"https:\\\/\\\/naturalpoland.com\\\/cs\\\/?s={search_term_string}\"},\"query-input\":{\"@type\":\"PropertyValueSpecification\",\"valueRequired\":true,\"valueName\":\"search_term_string\"}}],\"inLanguage\":\"cs\"},{\"@type\":\"Organization\",\"@id\":\"https:\\\/\\\/naturalpoland.com\\\/cs\\\/#organization\",\"name\":\"Natural Poland\",\"url\":\"https:\\\/\\\/naturalpoland.com\\\/cs\\\/\",\"logo\":{\"@type\":\"ImageObject\",\"inLanguage\":\"cs\",\"@id\":\"https:\\\/\\\/naturalpoland.com\\\/cs\\\/#\\\/schema\\\/logo\\\/image\\\/\",\"url\":\"https:\\\/\\\/naturalpoland.com\\\/wp-content\\\/uploads\\\/2021\\\/05\\\/natural-poland-icon.png\",\"contentUrl\":\"https:\\\/\\\/naturalpoland.com\\\/wp-content\\\/uploads\\\/2021\\\/05\\\/natural-poland-icon.png\",\"width\":512,\"height\":512,\"caption\":\"Natural Poland\"},\"image\":{\"@id\":\"https:\\\/\\\/naturalpoland.com\\\/cs\\\/#\\\/schema\\\/logo\\\/image\\\/\"},\"sameAs\":[\"https:\\\/\\\/www.facebook.com\\\/naturalpoland.b2b\",\"https:\\\/\\\/pl.linkedin.com\\\/company\\\/natural-poland\",\"https:\\\/\\\/www.youtube.com\\\/channel\\\/UCgeGGkvOMahZo-xu_MSEWxg\"]}]}<\/script>\n<!-- \/ Yoast SEO plugin. -->","yoast_head_json":{"title":"Inaktivovan\u00e1 probiotika - Velkoobchodn\u00ed distributor","description":"Inaktivovan\u00e1 probiotika jsou inovativn\u00ed kosmetickou slo\u017ekou, kter\u00e1 udr\u017euje rovnov\u00e1hu ko\u017en\u00edho mikrobiomu a zklid\u0148uje podr\u00e1\u017ed\u011bn\u00ed.","robots":{"index":"index","follow":"follow","max-snippet":"max-snippet:-1","max-image-preview":"max-image-preview:large","max-video-preview":"max-video-preview:-1"},"canonical":"https:\/\/naturalpoland.com\/cs\/produkty\/produkty-pro-kosmeticky-prumysl\/probiotika\/aktivovane-probiotiky\/","og_locale":"cs_CZ","og_type":"article","og_title":"Inaktivovan\u00e1 probiotika - Velkoobchodn\u00ed distributor","og_description":"Inaktivovan\u00e1 probiotika jsou inovativn\u00ed kosmetickou slo\u017ekou, kter\u00e1 udr\u017euje rovnov\u00e1hu ko\u017en\u00edho mikrobiomu a zklid\u0148uje podr\u00e1\u017ed\u011bn\u00ed.","og_url":"https:\/\/naturalpoland.com\/cs\/produkty\/produkty-pro-kosmeticky-prumysl\/probiotika\/aktivovane-probiotiky\/","og_site_name":"NATURAL POLAND - Velkoobchodn\u00ed distributor surovin","article_publisher":"https:\/\/www.facebook.com\/naturalpoland.b2b","og_image":[{"width":595,"height":595,"url":"https:\/\/naturalpoland.com\/wp-content\/uploads\/tyndallized-probiotics.png","type":"image\/png"}],"schema":{"@context":"https:\/\/schema.org","@graph":[{"@type":"WebPage","@id":"https:\/\/naturalpoland.com\/cs\/produkty\/produkty-pro-kosmeticky-prumysl\/probiotika\/aktivovane-probiotiky\/","url":"https:\/\/naturalpoland.com\/cs\/produkty\/produkty-pro-kosmeticky-prumysl\/probiotika\/aktivovane-probiotiky\/","name":"Inaktivovan\u00e1 probiotika - Velkoobchodn\u00ed distributor","isPartOf":{"@id":"https:\/\/naturalpoland.com\/cs\/#website"},"primaryImageOfPage":{"@id":"https:\/\/naturalpoland.com\/cs\/produkty\/produkty-pro-kosmeticky-prumysl\/probiotika\/aktivovane-probiotiky\/#primaryimage"},"image":{"@id":"https:\/\/naturalpoland.com\/cs\/produkty\/produkty-pro-kosmeticky-prumysl\/probiotika\/aktivovane-probiotiky\/#primaryimage"},"thumbnailUrl":"https:\/\/naturalpoland.com\/wp-content\/uploads\/tyndallized-probiotics.png","datePublished":"2023-07-20T13:32:23+00:00","description":"Inaktivovan\u00e1 probiotika jsou inovativn\u00ed kosmetickou slo\u017ekou, kter\u00e1 udr\u017euje rovnov\u00e1hu ko\u017en\u00edho mikrobiomu a zklid\u0148uje podr\u00e1\u017ed\u011bn\u00ed.","breadcrumb":{"@id":"https:\/\/naturalpoland.com\/cs\/produkty\/produkty-pro-kosmeticky-prumysl\/probiotika\/aktivovane-probiotiky\/#breadcrumb"},"inLanguage":"cs","potentialAction":[{"@type":"ReadAction","target":["https:\/\/naturalpoland.com\/cs\/produkty\/produkty-pro-kosmeticky-prumysl\/probiotika\/aktivovane-probiotiky\/"]}]},{"@type":"ImageObject","inLanguage":"cs","@id":"https:\/\/naturalpoland.com\/cs\/produkty\/produkty-pro-kosmeticky-prumysl\/probiotika\/aktivovane-probiotiky\/#primaryimage","url":"https:\/\/naturalpoland.com\/wp-content\/uploads\/tyndallized-probiotics.png","contentUrl":"https:\/\/naturalpoland.com\/wp-content\/uploads\/tyndallized-probiotics.png","width":595,"height":595,"caption":"inaktivovan\u00e1 probiotika"},{"@type":"BreadcrumbList","@id":"https:\/\/naturalpoland.com\/cs\/produkty\/produkty-pro-kosmeticky-prumysl\/probiotika\/aktivovane-probiotiky\/#breadcrumb","itemListElement":[{"@type":"ListItem","position":1,"name":"Dom\u016f","item":"https:\/\/naturalpoland.com\/cs\/"},{"@type":"ListItem","position":2,"name":"Produkty","item":"https:\/\/naturalpoland.com\/cs\/produkty\/"},{"@type":"ListItem","position":3,"name":"Inaktivovan\u00e1 probiotika"}]},{"@type":"WebSite","@id":"https:\/\/naturalpoland.com\/cs\/#website","url":"https:\/\/naturalpoland.com\/cs\/","name":"NATURAL POLAND - Velkoobchodn\u00ed distributor surovin","description":"Surowce dla przemys\u0142u spo\u017cywczego, kosmetycznego i farmaceutycznego","publisher":{"@id":"https:\/\/naturalpoland.com\/cs\/#organization"},"potentialAction":[{"@type":"SearchAction","target":{"@type":"EntryPoint","urlTemplate":"https:\/\/naturalpoland.com\/cs\/?s={search_term_string}"},"query-input":{"@type":"PropertyValueSpecification","valueRequired":true,"valueName":"search_term_string"}}],"inLanguage":"cs"},{"@type":"Organization","@id":"https:\/\/naturalpoland.com\/cs\/#organization","name":"Natural Poland","url":"https:\/\/naturalpoland.com\/cs\/","logo":{"@type":"ImageObject","inLanguage":"cs","@id":"https:\/\/naturalpoland.com\/cs\/#\/schema\/logo\/image\/","url":"https:\/\/naturalpoland.com\/wp-content\/uploads\/2021\/05\/natural-poland-icon.png","contentUrl":"https:\/\/naturalpoland.com\/wp-content\/uploads\/2021\/05\/natural-poland-icon.png","width":512,"height":512,"caption":"Natural Poland"},"image":{"@id":"https:\/\/naturalpoland.com\/cs\/#\/schema\/logo\/image\/"},"sameAs":["https:\/\/www.facebook.com\/naturalpoland.b2b","https:\/\/pl.linkedin.com\/company\/natural-poland","https:\/\/www.youtube.com\/channel\/UCgeGGkvOMahZo-xu_MSEWxg"]}]}},"_links":{"self":[{"href":"https:\/\/naturalpoland.com\/cs\/wp-json\/wp\/v2\/product\/24335","targetHints":{"allow":["GET"]}}],"collection":[{"href":"https:\/\/naturalpoland.com\/cs\/wp-json\/wp\/v2\/product"}],"about":[{"href":"https:\/\/naturalpoland.com\/cs\/wp-json\/wp\/v2\/types\/product"}],"wp:featuredmedia":[{"embeddable":true,"href":"https:\/\/naturalpoland.com\/cs\/wp-json\/wp\/v2\/media\/24299"}],"wp:attachment":[{"href":"https:\/\/naturalpoland.com\/cs\/wp-json\/wp\/v2\/media?parent=24335"}],"wp:term":[{"taxonomy":"product_brand","embeddable":true,"href":"https:\/\/naturalpoland.com\/cs\/wp-json\/wp\/v2\/product_brand?post=24335"},{"taxonomy":"product_cat","embeddable":true,"href":"https:\/\/naturalpoland.com\/cs\/wp-json\/wp\/v2\/product_cat?post=24335"},{"taxonomy":"product_tag","embeddable":true,"href":"https:\/\/naturalpoland.com\/cs\/wp-json\/wp\/v2\/product_tag?post=24335"}],"curies":[{"name":"wp","href":"https:\/\/api.w.org\/{rel}","templated":true}]}}