{"id":24517,"date":"2023-07-18T11:33:40","date_gmt":"2023-08-01T07:47:04","guid":{"rendered":"https:\/\/naturalpoland.com\/produkty\/nezarazene\/kreatin-monohydrat-2\/"},"modified":"2024-09-19T10:26:05","modified_gmt":"2024-09-19T08:26:05","slug":"kreatin-monohydrat","status":"publish","type":"product","link":"https:\/\/naturalpoland.com\/cs\/produkty\/produkty-pro-farmaceuticky-a-zdravotnicky-prumysl\/aminokyseliny\/kreatin-monohydrat\/","title":{"rendered":"Kreatin monohydr\u00e1t"},"content":{"rendered":"<h3>Co je kreatin monohydr\u00e1t<\/h3>\n<p>  Kreatin monohydr\u00e1t je dopln\u011bk stravy, kter\u00fd zp\u016fsobil revoluci ve sv\u011bt\u011b fitness a kulturistiky. Jeho v\u011bdecky prok\u00e1zan\u00e9 \u00fa\u010dinky na zdrav\u00ed a fyzickou v\u00fdkonnost z n\u011bj u\u010dinily jeden z nejobl\u00edben\u011bj\u0161\u00edch a nejpou\u017e\u00edvan\u011bj\u0161\u00edch dopl\u0148k\u016f stravy na sv\u011bt\u011b. Jeho roli v t\u011ble nelze podce\u0148ovat &#8211; kreatin pom\u00e1h\u00e1 dod\u00e1vat energii na\u0161im sval\u016fm, co\u017e je kl\u00ed\u010dov\u00e9 pro vytrvalost, s\u00edlu a r\u016fst sval\u016f. Kreatin monohydr\u00e1t je nej\u010dist\u0161\u00ed a nej\u00fa\u010dinn\u011bj\u0161\u00ed forma tohoto dopl\u0148ku. Kreatin je p\u0159irozen\u011b se vyskytuj\u00edc\u00ed l\u00e1tka v t\u011ble, kter\u00e1 pom\u00e1h\u00e1 dod\u00e1vat energii sval\u016fm. Vyr\u00e1b\u00ed se v ledvin\u00e1ch, j\u00e1trech a slinivce b\u0159i\u0161n\u00ed a n\u00e1sledn\u011b se krv\u00ed dost\u00e1v\u00e1 do sval\u016f. P\u0159irozen\u00e1 produkce kreatinu v\u0161ak \u010dasto nen\u00ed dostate\u010dn\u00e1, zejm\u00e9na u osob, kter\u00e9 intenzivn\u011b tr\u00e9nuj\u00ed. Suplementace kreatin monohydr\u00e1tem pom\u00e1h\u00e1 uspokojit popt\u00e1vku po t\u00e9to l\u00e1tce a dod\u00e1v\u00e1 sval\u016fm dodate\u010dnou energii, kterou pot\u0159ebuj\u00ed pro intenzivn\u00ed cvi\u010den\u00ed.  <\/p>\n<h3>Kreatin monohydr\u00e1t &#8211; v\u00fdhody<\/h3>\n<p>  Suplementace kreatin monohydr\u00e1tem m\u00e1 mnoho v\u00fdhod. Zaprv\u00e9 <strong>pom\u00e1h\u00e1 zvy\u0161ovat svalovou vytrvalost a s\u00edlu<\/strong>, co\u017e umo\u017e\u0148uje del\u0161\u00ed a intenzivn\u011bj\u0161\u00ed tr\u00e9ninky. Za druh\u00e9 <strong>pom\u00e1h\u00e1 urychlit regeneraci sval\u016f po tr\u00e9ninku<\/strong>, co\u017e je pro r\u016fst sval\u016f z\u00e1sadn\u00ed. Za t\u0159et\u00ed, kreatin monohydr\u00e1t<strong> pom\u00e1h\u00e1 zv\u011bt\u0161ovat objem sval\u016f<\/strong> t\u00edm, \u017ee zvy\u0161uje mno\u017estv\u00ed vody ulo\u017een\u00e9 ve svalov\u00fdch bu\u0148k\u00e1ch. Svaly tak vypadaj\u00ed v\u011bt\u0161\u00ed a pln\u011bj\u0161\u00ed. Kreatin monohydr\u00e1t <strong>se snadno vst\u0159eb\u00e1v\u00e1 a je bezpe\u010dn\u00fd<\/strong>. Doporu\u010duje se jak pro za\u010d\u00e1te\u010dn\u00edky v silov\u00e9m tr\u00e9ninku, tak pro zku\u0161en\u00e9 kulturisty. A\u0165 u\u017e je va\u0161e kondice na jak\u00e9koliv \u00farovni, kreatin monohydr\u00e1t je kl\u00ed\u010dov\u00fdm dopl\u0148kem, kter\u00fd v\u00e1m pom\u016f\u017ee dos\u00e1hnout tr\u00e9ninkov\u00fdch c\u00edl\u016f.  <\/p>\n<h3>Mikronizovan\u00fd kreatin monohydr\u00e1t<\/h3>\n<p>  Mikronizace je proces, p\u0159i kter\u00e9m se molekuly l\u00e1tky rozkl\u00e1daj\u00ed na velmi mal\u00e9 \u010d\u00e1stice se zv\u011bt\u0161en\u00fdm povrchem.<br \/>\nV p\u0159\u00edpad\u011b kreatin monohydr\u00e1tu vede mikronizace k <strong>jemn\u011bj\u0161\u00ed struktu\u0159e \u010d\u00e1stic kreatinu<\/strong>.<br \/>\nD\u00edky tomu se produkt l\u00e9pe rozpou\u0161t\u00ed ve vod\u011b nebo jin\u00fdch tekutin\u00e1ch, co\u017e usnad\u0148uje jeho konzumaci.<br \/>\nKrom\u011b toho m\u016f\u017ee b\u00fdt mikronizovan\u00fd kreatin l\u00e9pe vst\u0159eb\u00e1v\u00e1n organismem, co\u017e m\u016f\u017ee p\u0159isp\u011bt k efektivn\u011bj\u0161\u00edm tr\u00e9ninkov\u00fdm v\u00fdsledk\u016fm.     <\/p>\n<hr>\n<h2>CreaXorb\u2122 LSMe<\/h2>\n<p><strong>CreaXorb\u2122 LSMe<\/strong> je pokro\u010dil\u00fd produkt zalo\u017een\u00fd na technologii BioSNEDS\u2122, kter\u00e1 v\u00fdrazn\u011b zvy\u0161uje biologickou dostupnost kreatin monohydr\u00e1tu, zn\u00e1m\u00e9 slo\u017eky pro podporu fyzick\u00e9ho v\u00fdkonu, kognitivn\u00edch funkc\u00ed a neurologick\u00e9ho zdrav\u00ed.  <\/p>\n<h3>V\u00fdhody technologie BioSNEDS\u2122<\/h3>\n<ul>\n<li>CreaXorb\u2122 je 20kr\u00e1t biologicky dostupn\u011bj\u0161\u00ed ne\u017e b\u011b\u017en\u00fd kreatin monohydr\u00e1t, co\u017e znamen\u00e1, \u017ee 250 mg aktivn\u00edho kreatinu v p\u0159\u00edpravku BioSNEDS\u2122 je bioekvivalentn\u00ed 5 000 mg b\u011b\u017en\u00e9ho kreatin monohydr\u00e1tu.<\/li>\n<li>V\u00edce d\u00e1vek na kilogram &#8211; 800 d\u00e1vek na kilogram ve srovn\u00e1n\u00ed se 196 d\u00e1vkami b\u011b\u017en\u00e9ho kreatin monohydr\u00e1tu.<\/li>\n<li>Dostupn\u00e9 ve form\u011b pr\u00e1\u0161k\u016f a emulz\u00ed s neutr\u00e1ln\u00ed chut\u00ed a bez z\u00e1pachu.<\/li>\n<\/ul>\n<h3>Pou\u017eit\u00ed:<\/h3>\n<p>  Dopl\u0148ky stravy, funk\u010dn\u00ed potraviny, lok\u00e1ln\u00ed kosmetika, v\u00fd\u017eiva zv\u00ed\u0159at.  <\/p>\n<h3>Zdravotn\u00ed v\u00fdhody:<\/h3>\n<ul>\n<li>Zlep\u0161uje kognitivn\u00ed funkce a neurologick\u00e9 zdrav\u00ed.<\/li>\n<li>Podporuje obnovu sval\u016f, jejich funkci, vytrvalost a r\u016fst.<\/li>\n<li>Podporuje tvorbu energie a regeneraci po cvi\u010den\u00ed.<\/li>\n<li>Podporuje zdrav\u00ed kost\u00ed.<\/li>\n<li>P\u016fsob\u00ed jako antioxida\u010dn\u00ed podpora.<\/li>\n<\/ul>\n","protected":false},"excerpt":{"rendered":"<p><strong>Kreatin monohydr\u00e1t<\/strong> je vysoce kvalitn\u00ed dopln\u011bk stravy, kter\u00fd zvy\u0161uje s\u00edlu, vytrvalost a objem sval\u016f a je nezbytn\u00fd pro ty, kte\u0159\u00ed intenzivn\u011b tr\u00e9nuj\u00ed s\u00edlu. Jedn\u00e1 se o <strong>mikronizovan\u00fd<\/strong> produkt, kter\u00fd zlep\u0161uje jeho rozpustnost a potenci\u00e1ln\u011b lep\u0161\u00ed vst\u0159eb\u00e1v\u00e1n\u00ed, co\u017e p\u0159isp\u00edv\u00e1 k efektivn\u011bj\u0161\u00edm tr\u00e9ninkov\u00fdm v\u00fdsledk\u016fm.<\/p>\n","protected":false},"featured_media":24198,"template":"","meta":{"_acf_changed":false},"product_brand":[],"product_cat":[628,629],"product_tag":[],"class_list":{"0":"post-24517","1":"product","2":"type-product","3":"status-publish","4":"has-post-thumbnail","6":"product_cat-aminokyseliny","7":"product_cat-pridavky-k-doplnkum-stravy","8":"pa_grupa-substancji-nutraceutika","9":"pa_technologia-technologie-biosneds","11":"first","12":"instock","13":"shipping-taxable","14":"product-type-simple"},"acf":[],"yoast_head":"<!-- This site is optimized with the Yoast SEO plugin v27.4 - https:\/\/yoast.com\/product\/yoast-seo-wordpress\/ -->\n<title>Kreatin monohydr\u00e1t - NATURAL POLAND - Velkoobchodn\u00ed distributor surovin<\/title>\n<meta name=\"description\" content=\"Mikronizovan\u00fd kreatin monohydr\u00e1t je dopln\u011bk stravy, kter\u00fd zvy\u0161uje s\u00edlu, vytrvalost a objem sval\u016f. Je snadno straviteln\u00fd a bezpe\u010dn\u00fd.\" \/>\n<meta name=\"robots\" content=\"index, follow, max-snippet:-1, max-image-preview:large, max-video-preview:-1\" \/>\n<link rel=\"canonical\" href=\"https:\/\/naturalpoland.com\/cs\/produkty\/produkty-pro-farmaceuticky-a-zdravotnicky-prumysl\/aminokyseliny\/kreatin-monohydrat\/\" \/>\n<meta property=\"og:locale\" content=\"cs_CZ\" \/>\n<meta property=\"og:type\" content=\"article\" \/>\n<meta property=\"og:title\" content=\"Kreatin monohydr\u00e1t - NATURAL POLAND - Velkoobchodn\u00ed distributor surovin\" \/>\n<meta property=\"og:description\" content=\"Mikronizovan\u00fd kreatin monohydr\u00e1t je dopln\u011bk stravy, kter\u00fd zvy\u0161uje s\u00edlu, vytrvalost a objem sval\u016f. Je snadno straviteln\u00fd a bezpe\u010dn\u00fd.\" \/>\n<meta property=\"og:url\" content=\"https:\/\/naturalpoland.com\/cs\/produkty\/produkty-pro-farmaceuticky-a-zdravotnicky-prumysl\/aminokyseliny\/kreatin-monohydrat\/\" \/>\n<meta property=\"og:site_name\" content=\"NATURAL POLAND - Velkoobchodn\u00ed distributor surovin\" \/>\n<meta property=\"article:publisher\" content=\"https:\/\/www.facebook.com\/naturalpoland.b2b\" \/>\n<meta property=\"article:modified_time\" content=\"2024-09-19T08:26:05+00:00\" \/>\n<meta property=\"og:image\" content=\"https:\/\/naturalpoland.com\/wp-content\/uploads\/creatine-monohydrate.png\" \/>\n\t<meta property=\"og:image:width\" content=\"583\" \/>\n\t<meta property=\"og:image:height\" content=\"583\" \/>\n\t<meta property=\"og:image:type\" content=\"image\/png\" \/>\n<script type=\"application\/ld+json\" class=\"yoast-schema-graph\">{\"@context\":\"https:\\\/\\\/schema.org\",\"@graph\":[{\"@type\":\"WebPage\",\"@id\":\"https:\\\/\\\/naturalpoland.com\\\/cs\\\/produkty\\\/produkty-pro-farmaceuticky-a-zdravotnicky-prumysl\\\/aminokyseliny\\\/kreatin-monohydrat\\\/\",\"url\":\"https:\\\/\\\/naturalpoland.com\\\/cs\\\/produkty\\\/produkty-pro-farmaceuticky-a-zdravotnicky-prumysl\\\/aminokyseliny\\\/kreatin-monohydrat\\\/\",\"name\":\"Kreatin monohydr\u00e1t - NATURAL POLAND - Velkoobchodn\u00ed distributor surovin\",\"isPartOf\":{\"@id\":\"https:\\\/\\\/naturalpoland.com\\\/cs\\\/#website\"},\"primaryImageOfPage\":{\"@id\":\"https:\\\/\\\/naturalpoland.com\\\/cs\\\/produkty\\\/produkty-pro-farmaceuticky-a-zdravotnicky-prumysl\\\/aminokyseliny\\\/kreatin-monohydrat\\\/#primaryimage\"},\"image\":{\"@id\":\"https:\\\/\\\/naturalpoland.com\\\/cs\\\/produkty\\\/produkty-pro-farmaceuticky-a-zdravotnicky-prumysl\\\/aminokyseliny\\\/kreatin-monohydrat\\\/#primaryimage\"},\"thumbnailUrl\":\"https:\\\/\\\/naturalpoland.com\\\/wp-content\\\/uploads\\\/creatine-monohydrate.png\",\"datePublished\":\"2023-08-01T07:47:04+00:00\",\"dateModified\":\"2024-09-19T08:26:05+00:00\",\"description\":\"Mikronizovan\u00fd kreatin monohydr\u00e1t je dopln\u011bk stravy, kter\u00fd zvy\u0161uje s\u00edlu, vytrvalost a objem sval\u016f. Je snadno straviteln\u00fd a bezpe\u010dn\u00fd.\",\"breadcrumb\":{\"@id\":\"https:\\\/\\\/naturalpoland.com\\\/cs\\\/produkty\\\/produkty-pro-farmaceuticky-a-zdravotnicky-prumysl\\\/aminokyseliny\\\/kreatin-monohydrat\\\/#breadcrumb\"},\"inLanguage\":\"cs\",\"potentialAction\":[{\"@type\":\"ReadAction\",\"target\":[\"https:\\\/\\\/naturalpoland.com\\\/cs\\\/produkty\\\/produkty-pro-farmaceuticky-a-zdravotnicky-prumysl\\\/aminokyseliny\\\/kreatin-monohydrat\\\/\"]}]},{\"@type\":\"ImageObject\",\"inLanguage\":\"cs\",\"@id\":\"https:\\\/\\\/naturalpoland.com\\\/cs\\\/produkty\\\/produkty-pro-farmaceuticky-a-zdravotnicky-prumysl\\\/aminokyseliny\\\/kreatin-monohydrat\\\/#primaryimage\",\"url\":\"https:\\\/\\\/naturalpoland.com\\\/wp-content\\\/uploads\\\/creatine-monohydrate.png\",\"contentUrl\":\"https:\\\/\\\/naturalpoland.com\\\/wp-content\\\/uploads\\\/creatine-monohydrate.png\",\"width\":583,\"height\":583,\"caption\":\"kreatin monohydr\u00e1t\"},{\"@type\":\"BreadcrumbList\",\"@id\":\"https:\\\/\\\/naturalpoland.com\\\/cs\\\/produkty\\\/produkty-pro-farmaceuticky-a-zdravotnicky-prumysl\\\/aminokyseliny\\\/kreatin-monohydrat\\\/#breadcrumb\",\"itemListElement\":[{\"@type\":\"ListItem\",\"position\":1,\"name\":\"Dom\u016f\",\"item\":\"https:\\\/\\\/naturalpoland.com\\\/cs\\\/\"},{\"@type\":\"ListItem\",\"position\":2,\"name\":\"Produkty\",\"item\":\"https:\\\/\\\/naturalpoland.com\\\/cs\\\/produkty\\\/\"},{\"@type\":\"ListItem\",\"position\":3,\"name\":\"Kreatin monohydr\u00e1t\"}]},{\"@type\":\"WebSite\",\"@id\":\"https:\\\/\\\/naturalpoland.com\\\/cs\\\/#website\",\"url\":\"https:\\\/\\\/naturalpoland.com\\\/cs\\\/\",\"name\":\"NATURAL POLAND - Velkoobchodn\u00ed distributor surovin\",\"description\":\"Surowce dla przemys\u0142u spo\u017cywczego, kosmetycznego i farmaceutycznego\",\"publisher\":{\"@id\":\"https:\\\/\\\/naturalpoland.com\\\/cs\\\/#organization\"},\"potentialAction\":[{\"@type\":\"SearchAction\",\"target\":{\"@type\":\"EntryPoint\",\"urlTemplate\":\"https:\\\/\\\/naturalpoland.com\\\/cs\\\/?s={search_term_string}\"},\"query-input\":{\"@type\":\"PropertyValueSpecification\",\"valueRequired\":true,\"valueName\":\"search_term_string\"}}],\"inLanguage\":\"cs\"},{\"@type\":\"Organization\",\"@id\":\"https:\\\/\\\/naturalpoland.com\\\/cs\\\/#organization\",\"name\":\"Natural Poland\",\"url\":\"https:\\\/\\\/naturalpoland.com\\\/cs\\\/\",\"logo\":{\"@type\":\"ImageObject\",\"inLanguage\":\"cs\",\"@id\":\"https:\\\/\\\/naturalpoland.com\\\/cs\\\/#\\\/schema\\\/logo\\\/image\\\/\",\"url\":\"https:\\\/\\\/naturalpoland.com\\\/wp-content\\\/uploads\\\/2021\\\/05\\\/natural-poland-icon.png\",\"contentUrl\":\"https:\\\/\\\/naturalpoland.com\\\/wp-content\\\/uploads\\\/2021\\\/05\\\/natural-poland-icon.png\",\"width\":512,\"height\":512,\"caption\":\"Natural Poland\"},\"image\":{\"@id\":\"https:\\\/\\\/naturalpoland.com\\\/cs\\\/#\\\/schema\\\/logo\\\/image\\\/\"},\"sameAs\":[\"https:\\\/\\\/www.facebook.com\\\/naturalpoland.b2b\",\"https:\\\/\\\/pl.linkedin.com\\\/company\\\/natural-poland\",\"https:\\\/\\\/www.youtube.com\\\/channel\\\/UCgeGGkvOMahZo-xu_MSEWxg\"]}]}<\/script>\n<!-- \/ Yoast SEO plugin. -->","yoast_head_json":{"title":"Kreatin monohydr\u00e1t - NATURAL POLAND - Velkoobchodn\u00ed distributor surovin","description":"Mikronizovan\u00fd kreatin monohydr\u00e1t je dopln\u011bk stravy, kter\u00fd zvy\u0161uje s\u00edlu, vytrvalost a objem sval\u016f. Je snadno straviteln\u00fd a bezpe\u010dn\u00fd.","robots":{"index":"index","follow":"follow","max-snippet":"max-snippet:-1","max-image-preview":"max-image-preview:large","max-video-preview":"max-video-preview:-1"},"canonical":"https:\/\/naturalpoland.com\/cs\/produkty\/produkty-pro-farmaceuticky-a-zdravotnicky-prumysl\/aminokyseliny\/kreatin-monohydrat\/","og_locale":"cs_CZ","og_type":"article","og_title":"Kreatin monohydr\u00e1t - NATURAL POLAND - Velkoobchodn\u00ed distributor surovin","og_description":"Mikronizovan\u00fd kreatin monohydr\u00e1t je dopln\u011bk stravy, kter\u00fd zvy\u0161uje s\u00edlu, vytrvalost a objem sval\u016f. Je snadno straviteln\u00fd a bezpe\u010dn\u00fd.","og_url":"https:\/\/naturalpoland.com\/cs\/produkty\/produkty-pro-farmaceuticky-a-zdravotnicky-prumysl\/aminokyseliny\/kreatin-monohydrat\/","og_site_name":"NATURAL POLAND - Velkoobchodn\u00ed distributor surovin","article_publisher":"https:\/\/www.facebook.com\/naturalpoland.b2b","article_modified_time":"2024-09-19T08:26:05+00:00","og_image":[{"width":583,"height":583,"url":"https:\/\/naturalpoland.com\/wp-content\/uploads\/creatine-monohydrate.png","type":"image\/png"}],"schema":{"@context":"https:\/\/schema.org","@graph":[{"@type":"WebPage","@id":"https:\/\/naturalpoland.com\/cs\/produkty\/produkty-pro-farmaceuticky-a-zdravotnicky-prumysl\/aminokyseliny\/kreatin-monohydrat\/","url":"https:\/\/naturalpoland.com\/cs\/produkty\/produkty-pro-farmaceuticky-a-zdravotnicky-prumysl\/aminokyseliny\/kreatin-monohydrat\/","name":"Kreatin monohydr\u00e1t - NATURAL POLAND - Velkoobchodn\u00ed distributor surovin","isPartOf":{"@id":"https:\/\/naturalpoland.com\/cs\/#website"},"primaryImageOfPage":{"@id":"https:\/\/naturalpoland.com\/cs\/produkty\/produkty-pro-farmaceuticky-a-zdravotnicky-prumysl\/aminokyseliny\/kreatin-monohydrat\/#primaryimage"},"image":{"@id":"https:\/\/naturalpoland.com\/cs\/produkty\/produkty-pro-farmaceuticky-a-zdravotnicky-prumysl\/aminokyseliny\/kreatin-monohydrat\/#primaryimage"},"thumbnailUrl":"https:\/\/naturalpoland.com\/wp-content\/uploads\/creatine-monohydrate.png","datePublished":"2023-08-01T07:47:04+00:00","dateModified":"2024-09-19T08:26:05+00:00","description":"Mikronizovan\u00fd kreatin monohydr\u00e1t je dopln\u011bk stravy, kter\u00fd zvy\u0161uje s\u00edlu, vytrvalost a objem sval\u016f. Je snadno straviteln\u00fd a bezpe\u010dn\u00fd.","breadcrumb":{"@id":"https:\/\/naturalpoland.com\/cs\/produkty\/produkty-pro-farmaceuticky-a-zdravotnicky-prumysl\/aminokyseliny\/kreatin-monohydrat\/#breadcrumb"},"inLanguage":"cs","potentialAction":[{"@type":"ReadAction","target":["https:\/\/naturalpoland.com\/cs\/produkty\/produkty-pro-farmaceuticky-a-zdravotnicky-prumysl\/aminokyseliny\/kreatin-monohydrat\/"]}]},{"@type":"ImageObject","inLanguage":"cs","@id":"https:\/\/naturalpoland.com\/cs\/produkty\/produkty-pro-farmaceuticky-a-zdravotnicky-prumysl\/aminokyseliny\/kreatin-monohydrat\/#primaryimage","url":"https:\/\/naturalpoland.com\/wp-content\/uploads\/creatine-monohydrate.png","contentUrl":"https:\/\/naturalpoland.com\/wp-content\/uploads\/creatine-monohydrate.png","width":583,"height":583,"caption":"kreatin monohydr\u00e1t"},{"@type":"BreadcrumbList","@id":"https:\/\/naturalpoland.com\/cs\/produkty\/produkty-pro-farmaceuticky-a-zdravotnicky-prumysl\/aminokyseliny\/kreatin-monohydrat\/#breadcrumb","itemListElement":[{"@type":"ListItem","position":1,"name":"Dom\u016f","item":"https:\/\/naturalpoland.com\/cs\/"},{"@type":"ListItem","position":2,"name":"Produkty","item":"https:\/\/naturalpoland.com\/cs\/produkty\/"},{"@type":"ListItem","position":3,"name":"Kreatin monohydr\u00e1t"}]},{"@type":"WebSite","@id":"https:\/\/naturalpoland.com\/cs\/#website","url":"https:\/\/naturalpoland.com\/cs\/","name":"NATURAL POLAND - Velkoobchodn\u00ed distributor surovin","description":"Surowce dla przemys\u0142u spo\u017cywczego, kosmetycznego i farmaceutycznego","publisher":{"@id":"https:\/\/naturalpoland.com\/cs\/#organization"},"potentialAction":[{"@type":"SearchAction","target":{"@type":"EntryPoint","urlTemplate":"https:\/\/naturalpoland.com\/cs\/?s={search_term_string}"},"query-input":{"@type":"PropertyValueSpecification","valueRequired":true,"valueName":"search_term_string"}}],"inLanguage":"cs"},{"@type":"Organization","@id":"https:\/\/naturalpoland.com\/cs\/#organization","name":"Natural Poland","url":"https:\/\/naturalpoland.com\/cs\/","logo":{"@type":"ImageObject","inLanguage":"cs","@id":"https:\/\/naturalpoland.com\/cs\/#\/schema\/logo\/image\/","url":"https:\/\/naturalpoland.com\/wp-content\/uploads\/2021\/05\/natural-poland-icon.png","contentUrl":"https:\/\/naturalpoland.com\/wp-content\/uploads\/2021\/05\/natural-poland-icon.png","width":512,"height":512,"caption":"Natural Poland"},"image":{"@id":"https:\/\/naturalpoland.com\/cs\/#\/schema\/logo\/image\/"},"sameAs":["https:\/\/www.facebook.com\/naturalpoland.b2b","https:\/\/pl.linkedin.com\/company\/natural-poland","https:\/\/www.youtube.com\/channel\/UCgeGGkvOMahZo-xu_MSEWxg"]}]}},"_links":{"self":[{"href":"https:\/\/naturalpoland.com\/cs\/wp-json\/wp\/v2\/product\/24517","targetHints":{"allow":["GET"]}}],"collection":[{"href":"https:\/\/naturalpoland.com\/cs\/wp-json\/wp\/v2\/product"}],"about":[{"href":"https:\/\/naturalpoland.com\/cs\/wp-json\/wp\/v2\/types\/product"}],"wp:featuredmedia":[{"embeddable":true,"href":"https:\/\/naturalpoland.com\/cs\/wp-json\/wp\/v2\/media\/24198"}],"wp:attachment":[{"href":"https:\/\/naturalpoland.com\/cs\/wp-json\/wp\/v2\/media?parent=24517"}],"wp:term":[{"taxonomy":"product_brand","embeddable":true,"href":"https:\/\/naturalpoland.com\/cs\/wp-json\/wp\/v2\/product_brand?post=24517"},{"taxonomy":"product_cat","embeddable":true,"href":"https:\/\/naturalpoland.com\/cs\/wp-json\/wp\/v2\/product_cat?post=24517"},{"taxonomy":"product_tag","embeddable":true,"href":"https:\/\/naturalpoland.com\/cs\/wp-json\/wp\/v2\/product_tag?post=24517"}],"curies":[{"name":"wp","href":"https:\/\/api.w.org\/{rel}","templated":true}]}}