{"id":24522,"date":"2023-07-18T10:49:57","date_gmt":"2023-08-01T07:47:06","guid":{"rendered":"https:\/\/naturalpoland.com\/produkty\/nezarazene\/pistaciove-maslo\/"},"modified":"2023-08-01T09:47:06","modified_gmt":"2023-08-01T07:47:06","slug":"maslo-pistacie","status":"publish","type":"product","link":"https:\/\/naturalpoland.com\/cs\/produkty\/produkty-pro-kosmeticky-prumysl\/kosmeticka-masla\/maslo-pistacie\/","title":{"rendered":"Pist\u00e1ciov\u00e9 m\u00e1slo"},"content":{"rendered":"<h2>Slo\u017een\u00ed pist\u00e1ciov\u00e9ho m\u00e1sla<\/h2>\n<p>Pist\u00e1ciov\u00e9 m\u00e1slo se skl\u00e1d\u00e1 z pist\u00e1ciov\u00e9ho oleje a ztu\u017een\u00e9ho rostlinn\u00e9ho oleje.<\/p>\n<p><strong><br \/>\n  <a href=\"https:\/\/naturalpoland.com\/cs\/produkty\/jedle-a-kosmeticke-oleje\/pistaciovy-olej\/\">Pist\u00e1ciov\u00fd olej<\/a><br \/>\n<\/strong> je skute\u010dn\u00fdm pokladem v\u00fd\u017eivov\u00fdch hodnot. Je bohat\u00fd na <strong><br \/>\n  <a href=\"https:\/\/naturalpoland.com\/cs\/produkty\/produkty-pro-kosmeticky-prumysl\/kosmeticke-suroviny\/vitamin-e\/\">vitaminu E<\/a><br \/>\n<\/strong>, zn\u00e1m\u00fd pro sv\u00e9 antioxida\u010dn\u00ed vlastnosti, kter\u00e9 pom\u00e1haj\u00ed chr\u00e1nit poko\u017eku p\u0159ed \u0161kodliv\u00fdmi vlivy prost\u0159ed\u00ed. Obsahuje tak\u00e9 nenasycen\u00e9 mastn\u00e9 kyseliny, kter\u00e9 pom\u00e1haj\u00ed udr\u017eovat poko\u017eku hydratovanou a udr\u017eovat jej\u00ed p\u0159irozenou bari\u00e9ru.<\/p>\n<p><strong>Ztu\u017een\u00fd rostlinn\u00fd olej<\/strong> dod\u00e1v\u00e1 pist\u00e1ciov\u00e9mu m\u00e1slu hedv\u00e1bnou, kr\u00e9movou strukturu, kter\u00e1 se snadno rozt\u00edr\u00e1 po poko\u017ece a rychle se vst\u0159eb\u00e1v\u00e1. D\u00edky tomu se kosmetick\u00fd p\u0159\u00edpravek obzvl\u00e1\u0161t\u011b p\u0159\u00edjemn\u011b pou\u017e\u00edv\u00e1 a \u00fa\u010dinn\u011b dod\u00e1v\u00e1 pleti v\u0161echny pot\u0159ebn\u00e9 \u017eiviny.<\/p>\n<p>Jedn\u00e1 se o dokonalou kombinaci slo\u017eek, kter\u00e9 dod\u00e1vaj\u00ed pleti pot\u0159ebn\u00e9 \u017eiviny a dod\u00e1vaj\u00ed j\u00ed v\u00fdjime\u010dnou jemnost a hebkost.<\/p>\n<h2>Pou\u017eit\u00ed pist\u00e1ciov\u00e9ho m\u00e1sla<\/h2>\n<p>Pist\u00e1ciov\u00e9 m\u00e1slo je vynikaj\u00edc\u00ed volbou pro v\u0161echny typy pleti, ale doporu\u010duje se zejm\u00e9na pro suchou a zralou ple\u0165. Lze jej pou\u017e\u00edt k p\u00e9\u010di o t\u011blo, obli\u010dej i vlasy. Lze ji pou\u017e\u00edt samostatn\u011b nebo jako p\u0159\u00edsadu do dom\u00e1c\u00ed kosmetiky &#8211; masek, ple\u0165ov\u00fdch vod nebo kr\u00e9m\u016f.<\/p>\n","protected":false},"excerpt":{"rendered":"<p><em>Pist\u00e1ciov\u00e9<\/em> m\u00e1slo je unik\u00e1tn\u00ed kosmetick\u00fd p\u0159\u00edpravek kombinuj\u00edc\u00ed olej ze semen pist\u00e1ci\u00ed<em>(Pistacia Vera Seed Oil<\/em>) a hydrogenovan\u00fd rostlinn\u00fd olej<em>(Hydrogenated Vegetable Oil)<\/em>.<\/p>\n","protected":false},"featured_media":24162,"template":"","meta":{"_acf_changed":false},"product_brand":[],"product_cat":[635],"product_tag":[],"class_list":{"0":"post-24522","1":"product","2":"type-product","3":"status-publish","4":"has-post-thumbnail","6":"product_cat-kosmeticka-masla","8":"first","9":"instock","10":"shipping-taxable","11":"product-type-simple"},"acf":[],"yoast_head":"<!-- This site is optimized with the Yoast SEO plugin v27.5 - https:\/\/yoast.com\/product\/yoast-seo-wordpress\/ -->\n<title>Pist\u00e1ciov\u00e9 m\u00e1slo - Velkoobchodn\u00ed distributor<\/title>\n<meta name=\"description\" content=\"Pist\u00e1ciov\u00e9 m\u00e1slo je unik\u00e1tn\u00ed kosmetick\u00fd p\u0159\u00edpravek kombinuj\u00edc\u00ed olej ze semen pist\u00e1ci\u00ed (Pistacia Vera Seed Oil) a ztu\u017een\u00fd rostlinn\u00fd olej.\" \/>\n<meta name=\"robots\" content=\"index, follow, max-snippet:-1, max-image-preview:large, max-video-preview:-1\" \/>\n<link rel=\"canonical\" href=\"https:\/\/naturalpoland.com\/cs\/produkty\/produkty-pro-kosmeticky-prumysl\/kosmeticka-masla\/maslo-pistacie\/\" \/>\n<meta property=\"og:locale\" content=\"cs_CZ\" \/>\n<meta property=\"og:type\" content=\"article\" \/>\n<meta property=\"og:title\" content=\"Pist\u00e1ciov\u00e9 m\u00e1slo - Velkoobchodn\u00ed distributor\" \/>\n<meta property=\"og:description\" content=\"Pist\u00e1ciov\u00e9 m\u00e1slo je unik\u00e1tn\u00ed kosmetick\u00fd p\u0159\u00edpravek kombinuj\u00edc\u00ed olej ze semen pist\u00e1ci\u00ed (Pistacia Vera Seed Oil) a ztu\u017een\u00fd rostlinn\u00fd olej.\" \/>\n<meta property=\"og:url\" content=\"https:\/\/naturalpoland.com\/cs\/produkty\/produkty-pro-kosmeticky-prumysl\/kosmeticka-masla\/maslo-pistacie\/\" \/>\n<meta property=\"og:site_name\" content=\"NATURAL POLAND - Velkoobchodn\u00ed distributor surovin\" \/>\n<meta property=\"article:publisher\" content=\"https:\/\/www.facebook.com\/naturalpoland.b2b\" \/>\n<meta property=\"og:image\" content=\"https:\/\/naturalpoland.com\/wp-content\/uploads\/pistachio-butter.png\" \/>\n\t<meta property=\"og:image:width\" content=\"583\" \/>\n\t<meta property=\"og:image:height\" content=\"583\" \/>\n\t<meta property=\"og:image:type\" content=\"image\/png\" \/>\n<script type=\"application\/ld+json\" class=\"yoast-schema-graph\">{\"@context\":\"https:\\\/\\\/schema.org\",\"@graph\":[{\"@type\":\"WebPage\",\"@id\":\"https:\\\/\\\/naturalpoland.com\\\/cs\\\/produkty\\\/produkty-pro-kosmeticky-prumysl\\\/kosmeticka-masla\\\/maslo-pistacie\\\/\",\"url\":\"https:\\\/\\\/naturalpoland.com\\\/cs\\\/produkty\\\/produkty-pro-kosmeticky-prumysl\\\/kosmeticka-masla\\\/maslo-pistacie\\\/\",\"name\":\"Pist\u00e1ciov\u00e9 m\u00e1slo - Velkoobchodn\u00ed distributor\",\"isPartOf\":{\"@id\":\"https:\\\/\\\/naturalpoland.com\\\/cs\\\/#website\"},\"primaryImageOfPage\":{\"@id\":\"https:\\\/\\\/naturalpoland.com\\\/cs\\\/produkty\\\/produkty-pro-kosmeticky-prumysl\\\/kosmeticka-masla\\\/maslo-pistacie\\\/#primaryimage\"},\"image\":{\"@id\":\"https:\\\/\\\/naturalpoland.com\\\/cs\\\/produkty\\\/produkty-pro-kosmeticky-prumysl\\\/kosmeticka-masla\\\/maslo-pistacie\\\/#primaryimage\"},\"thumbnailUrl\":\"https:\\\/\\\/naturalpoland.com\\\/wp-content\\\/uploads\\\/pistachio-butter.png\",\"datePublished\":\"2023-08-01T07:47:06+00:00\",\"description\":\"Pist\u00e1ciov\u00e9 m\u00e1slo je unik\u00e1tn\u00ed kosmetick\u00fd p\u0159\u00edpravek kombinuj\u00edc\u00ed olej ze semen pist\u00e1ci\u00ed (Pistacia Vera Seed Oil) a ztu\u017een\u00fd rostlinn\u00fd olej.\",\"breadcrumb\":{\"@id\":\"https:\\\/\\\/naturalpoland.com\\\/cs\\\/produkty\\\/produkty-pro-kosmeticky-prumysl\\\/kosmeticka-masla\\\/maslo-pistacie\\\/#breadcrumb\"},\"inLanguage\":\"cs\",\"potentialAction\":[{\"@type\":\"ReadAction\",\"target\":[\"https:\\\/\\\/naturalpoland.com\\\/cs\\\/produkty\\\/produkty-pro-kosmeticky-prumysl\\\/kosmeticka-masla\\\/maslo-pistacie\\\/\"]}]},{\"@type\":\"ImageObject\",\"inLanguage\":\"cs\",\"@id\":\"https:\\\/\\\/naturalpoland.com\\\/cs\\\/produkty\\\/produkty-pro-kosmeticky-prumysl\\\/kosmeticka-masla\\\/maslo-pistacie\\\/#primaryimage\",\"url\":\"https:\\\/\\\/naturalpoland.com\\\/wp-content\\\/uploads\\\/pistachio-butter.png\",\"contentUrl\":\"https:\\\/\\\/naturalpoland.com\\\/wp-content\\\/uploads\\\/pistachio-butter.png\",\"width\":583,\"height\":583,\"caption\":\"pist\u00e1ciov\u00e9 m\u00e1slo\"},{\"@type\":\"BreadcrumbList\",\"@id\":\"https:\\\/\\\/naturalpoland.com\\\/cs\\\/produkty\\\/produkty-pro-kosmeticky-prumysl\\\/kosmeticka-masla\\\/maslo-pistacie\\\/#breadcrumb\",\"itemListElement\":[{\"@type\":\"ListItem\",\"position\":1,\"name\":\"Dom\u016f\",\"item\":\"https:\\\/\\\/naturalpoland.com\\\/cs\\\/\"},{\"@type\":\"ListItem\",\"position\":2,\"name\":\"Produkty\",\"item\":\"https:\\\/\\\/naturalpoland.com\\\/cs\\\/produkty\\\/\"},{\"@type\":\"ListItem\",\"position\":3,\"name\":\"Pist\u00e1ciov\u00e9 m\u00e1slo\"}]},{\"@type\":\"WebSite\",\"@id\":\"https:\\\/\\\/naturalpoland.com\\\/cs\\\/#website\",\"url\":\"https:\\\/\\\/naturalpoland.com\\\/cs\\\/\",\"name\":\"NATURAL POLAND - Velkoobchodn\u00ed distributor surovin\",\"description\":\"Surowce dla przemys\u0142u spo\u017cywczego, kosmetycznego i farmaceutycznego\",\"publisher\":{\"@id\":\"https:\\\/\\\/naturalpoland.com\\\/cs\\\/#organization\"},\"potentialAction\":[{\"@type\":\"SearchAction\",\"target\":{\"@type\":\"EntryPoint\",\"urlTemplate\":\"https:\\\/\\\/naturalpoland.com\\\/cs\\\/?s={search_term_string}\"},\"query-input\":{\"@type\":\"PropertyValueSpecification\",\"valueRequired\":true,\"valueName\":\"search_term_string\"}}],\"inLanguage\":\"cs\"},{\"@type\":\"Organization\",\"@id\":\"https:\\\/\\\/naturalpoland.com\\\/cs\\\/#organization\",\"name\":\"Natural Poland\",\"url\":\"https:\\\/\\\/naturalpoland.com\\\/cs\\\/\",\"logo\":{\"@type\":\"ImageObject\",\"inLanguage\":\"cs\",\"@id\":\"https:\\\/\\\/naturalpoland.com\\\/cs\\\/#\\\/schema\\\/logo\\\/image\\\/\",\"url\":\"https:\\\/\\\/naturalpoland.com\\\/wp-content\\\/uploads\\\/2021\\\/05\\\/natural-poland-icon.png\",\"contentUrl\":\"https:\\\/\\\/naturalpoland.com\\\/wp-content\\\/uploads\\\/2021\\\/05\\\/natural-poland-icon.png\",\"width\":512,\"height\":512,\"caption\":\"Natural Poland\"},\"image\":{\"@id\":\"https:\\\/\\\/naturalpoland.com\\\/cs\\\/#\\\/schema\\\/logo\\\/image\\\/\"},\"sameAs\":[\"https:\\\/\\\/www.facebook.com\\\/naturalpoland.b2b\",\"https:\\\/\\\/pl.linkedin.com\\\/company\\\/natural-poland\",\"https:\\\/\\\/www.youtube.com\\\/channel\\\/UCgeGGkvOMahZo-xu_MSEWxg\"]}]}<\/script>\n<!-- \/ Yoast SEO plugin. -->","yoast_head_json":{"title":"Pist\u00e1ciov\u00e9 m\u00e1slo - Velkoobchodn\u00ed distributor","description":"Pist\u00e1ciov\u00e9 m\u00e1slo je unik\u00e1tn\u00ed kosmetick\u00fd p\u0159\u00edpravek kombinuj\u00edc\u00ed olej ze semen pist\u00e1ci\u00ed (Pistacia Vera Seed Oil) a ztu\u017een\u00fd rostlinn\u00fd olej.","robots":{"index":"index","follow":"follow","max-snippet":"max-snippet:-1","max-image-preview":"max-image-preview:large","max-video-preview":"max-video-preview:-1"},"canonical":"https:\/\/naturalpoland.com\/cs\/produkty\/produkty-pro-kosmeticky-prumysl\/kosmeticka-masla\/maslo-pistacie\/","og_locale":"cs_CZ","og_type":"article","og_title":"Pist\u00e1ciov\u00e9 m\u00e1slo - Velkoobchodn\u00ed distributor","og_description":"Pist\u00e1ciov\u00e9 m\u00e1slo je unik\u00e1tn\u00ed kosmetick\u00fd p\u0159\u00edpravek kombinuj\u00edc\u00ed olej ze semen pist\u00e1ci\u00ed (Pistacia Vera Seed Oil) a ztu\u017een\u00fd rostlinn\u00fd olej.","og_url":"https:\/\/naturalpoland.com\/cs\/produkty\/produkty-pro-kosmeticky-prumysl\/kosmeticka-masla\/maslo-pistacie\/","og_site_name":"NATURAL POLAND - Velkoobchodn\u00ed distributor surovin","article_publisher":"https:\/\/www.facebook.com\/naturalpoland.b2b","og_image":[{"width":583,"height":583,"url":"https:\/\/naturalpoland.com\/wp-content\/uploads\/pistachio-butter.png","type":"image\/png"}],"schema":{"@context":"https:\/\/schema.org","@graph":[{"@type":"WebPage","@id":"https:\/\/naturalpoland.com\/cs\/produkty\/produkty-pro-kosmeticky-prumysl\/kosmeticka-masla\/maslo-pistacie\/","url":"https:\/\/naturalpoland.com\/cs\/produkty\/produkty-pro-kosmeticky-prumysl\/kosmeticka-masla\/maslo-pistacie\/","name":"Pist\u00e1ciov\u00e9 m\u00e1slo - Velkoobchodn\u00ed distributor","isPartOf":{"@id":"https:\/\/naturalpoland.com\/cs\/#website"},"primaryImageOfPage":{"@id":"https:\/\/naturalpoland.com\/cs\/produkty\/produkty-pro-kosmeticky-prumysl\/kosmeticka-masla\/maslo-pistacie\/#primaryimage"},"image":{"@id":"https:\/\/naturalpoland.com\/cs\/produkty\/produkty-pro-kosmeticky-prumysl\/kosmeticka-masla\/maslo-pistacie\/#primaryimage"},"thumbnailUrl":"https:\/\/naturalpoland.com\/wp-content\/uploads\/pistachio-butter.png","datePublished":"2023-08-01T07:47:06+00:00","description":"Pist\u00e1ciov\u00e9 m\u00e1slo je unik\u00e1tn\u00ed kosmetick\u00fd p\u0159\u00edpravek kombinuj\u00edc\u00ed olej ze semen pist\u00e1ci\u00ed (Pistacia Vera Seed Oil) a ztu\u017een\u00fd rostlinn\u00fd olej.","breadcrumb":{"@id":"https:\/\/naturalpoland.com\/cs\/produkty\/produkty-pro-kosmeticky-prumysl\/kosmeticka-masla\/maslo-pistacie\/#breadcrumb"},"inLanguage":"cs","potentialAction":[{"@type":"ReadAction","target":["https:\/\/naturalpoland.com\/cs\/produkty\/produkty-pro-kosmeticky-prumysl\/kosmeticka-masla\/maslo-pistacie\/"]}]},{"@type":"ImageObject","inLanguage":"cs","@id":"https:\/\/naturalpoland.com\/cs\/produkty\/produkty-pro-kosmeticky-prumysl\/kosmeticka-masla\/maslo-pistacie\/#primaryimage","url":"https:\/\/naturalpoland.com\/wp-content\/uploads\/pistachio-butter.png","contentUrl":"https:\/\/naturalpoland.com\/wp-content\/uploads\/pistachio-butter.png","width":583,"height":583,"caption":"pist\u00e1ciov\u00e9 m\u00e1slo"},{"@type":"BreadcrumbList","@id":"https:\/\/naturalpoland.com\/cs\/produkty\/produkty-pro-kosmeticky-prumysl\/kosmeticka-masla\/maslo-pistacie\/#breadcrumb","itemListElement":[{"@type":"ListItem","position":1,"name":"Dom\u016f","item":"https:\/\/naturalpoland.com\/cs\/"},{"@type":"ListItem","position":2,"name":"Produkty","item":"https:\/\/naturalpoland.com\/cs\/produkty\/"},{"@type":"ListItem","position":3,"name":"Pist\u00e1ciov\u00e9 m\u00e1slo"}]},{"@type":"WebSite","@id":"https:\/\/naturalpoland.com\/cs\/#website","url":"https:\/\/naturalpoland.com\/cs\/","name":"NATURAL POLAND - Velkoobchodn\u00ed distributor surovin","description":"Surowce dla przemys\u0142u spo\u017cywczego, kosmetycznego i farmaceutycznego","publisher":{"@id":"https:\/\/naturalpoland.com\/cs\/#organization"},"potentialAction":[{"@type":"SearchAction","target":{"@type":"EntryPoint","urlTemplate":"https:\/\/naturalpoland.com\/cs\/?s={search_term_string}"},"query-input":{"@type":"PropertyValueSpecification","valueRequired":true,"valueName":"search_term_string"}}],"inLanguage":"cs"},{"@type":"Organization","@id":"https:\/\/naturalpoland.com\/cs\/#organization","name":"Natural Poland","url":"https:\/\/naturalpoland.com\/cs\/","logo":{"@type":"ImageObject","inLanguage":"cs","@id":"https:\/\/naturalpoland.com\/cs\/#\/schema\/logo\/image\/","url":"https:\/\/naturalpoland.com\/wp-content\/uploads\/2021\/05\/natural-poland-icon.png","contentUrl":"https:\/\/naturalpoland.com\/wp-content\/uploads\/2021\/05\/natural-poland-icon.png","width":512,"height":512,"caption":"Natural Poland"},"image":{"@id":"https:\/\/naturalpoland.com\/cs\/#\/schema\/logo\/image\/"},"sameAs":["https:\/\/www.facebook.com\/naturalpoland.b2b","https:\/\/pl.linkedin.com\/company\/natural-poland","https:\/\/www.youtube.com\/channel\/UCgeGGkvOMahZo-xu_MSEWxg"]}]}},"_links":{"self":[{"href":"https:\/\/naturalpoland.com\/cs\/wp-json\/wp\/v2\/product\/24522","targetHints":{"allow":["GET"]}}],"collection":[{"href":"https:\/\/naturalpoland.com\/cs\/wp-json\/wp\/v2\/product"}],"about":[{"href":"https:\/\/naturalpoland.com\/cs\/wp-json\/wp\/v2\/types\/product"}],"wp:featuredmedia":[{"embeddable":true,"href":"https:\/\/naturalpoland.com\/cs\/wp-json\/wp\/v2\/media\/24162"}],"wp:attachment":[{"href":"https:\/\/naturalpoland.com\/cs\/wp-json\/wp\/v2\/media?parent=24522"}],"wp:term":[{"taxonomy":"product_brand","embeddable":true,"href":"https:\/\/naturalpoland.com\/cs\/wp-json\/wp\/v2\/product_brand?post=24522"},{"taxonomy":"product_cat","embeddable":true,"href":"https:\/\/naturalpoland.com\/cs\/wp-json\/wp\/v2\/product_cat?post=24522"},{"taxonomy":"product_tag","embeddable":true,"href":"https:\/\/naturalpoland.com\/cs\/wp-json\/wp\/v2\/product_tag?post=24522"}],"curies":[{"name":"wp","href":"https:\/\/api.w.org\/{rel}","templated":true}]}}