{"id":24524,"date":"2023-07-18T11:01:16","date_gmt":"2023-08-01T07:47:09","guid":{"rendered":"https:\/\/naturalpoland.com\/produkty\/nezarazene\/ryzove-maslo\/"},"modified":"2023-08-01T09:47:09","modified_gmt":"2023-08-01T07:47:09","slug":"maslo-ryze","status":"publish","type":"product","link":"https:\/\/naturalpoland.com\/cs\/produkty\/produkty-pro-kosmeticky-prumysl\/kosmeticka-masla\/maslo-ryze\/","title":{"rendered":"R\u00fd\u017eov\u00e9 m\u00e1slo"},"content":{"rendered":"<p>R\u00fd\u017ee je jednou z nejstar\u0161\u00edch a nejuniverz\u00e1ln\u011bj\u0161\u00edch slo\u017eek pou\u017e\u00edvan\u00fdch v p\u00e9\u010di o ple\u0165 na cel\u00e9m sv\u011bt\u011b. Ji\u017e po stalet\u00ed je cen\u011bna pro sv\u00e9 vy\u017eivuj\u00edc\u00ed a ochrann\u00e9 vlastnosti, kter\u00e9 pom\u00e1haj\u00ed udr\u017eovat poko\u017eku zdravou, hladkou a z\u00e1\u0159ivou. Na\u0161e r\u00fd\u017eov\u00e9 m\u00e1slo navazuje na tuto dlouhou tradici a kombinuje ji s modern\u00edm p\u0159\u00edstupem k p\u00e9\u010di o ple\u0165. Jedn\u00e1 se o kosmetiku, kter\u00e1 kombinuje tradi\u010dn\u00ed znalosti s modern\u00ed technologi\u00ed a poskytuje vynikaj\u00edc\u00ed p\u00e9\u010di o ple\u0165. Obsahuje mnoho cenn\u00fdch slo\u017eek, jako jsou vitaminy, miner\u00e1ly a antioxidanty, kter\u00e9 pom\u00e1haj\u00ed chr\u00e1nit poko\u017eku, hydratuj\u00ed ji a dod\u00e1vaj\u00ed j\u00ed z\u00e1\u0159iv\u00fd vzhled.<\/p>\n<h2>Slo\u017een\u00ed r\u00fd\u017eov\u00e9ho m\u00e1sla<\/h2>\n<p>Na\u0161e r\u00fd\u017eov\u00e9 m\u00e1slo se skl\u00e1d\u00e1 z oleje z r\u00fd\u017eov\u00fdch semen a hydrogenovan\u00e9ho rostlinn\u00e9ho oleje.  <strong>R\u00fd\u017eov\u00fd olej<\/strong> je bohat\u00fd na <strong><br \/>\n  <a href=\"https:\/\/naturalpoland.com\/cs\/produkty\/produkty-pro-kosmeticky-prumysl\/kosmeticke-suroviny\/vitamin-e\/\">vitaminu E<\/a><br \/>\n<\/strong> a mastn\u00e9 kyseliny, kter\u00e9 pom\u00e1haj\u00ed hydratovat a vy\u017eivovat poko\u017eku a podporuj\u00ed jej\u00ed p\u0159irozen\u00e9 ochrann\u00e9 funkce.  <strong>Ztu\u017een\u00fd rostlinn\u00fd olej<\/strong> dod\u00e1v\u00e1 r\u00fd\u017eov\u00e9mu m\u00e1slu charakteristickou kr\u00e9movou strukturu, d\u00edky n\u00ed\u017e se snadno nan\u00e1\u0161\u00ed a rychle vst\u0159eb\u00e1v\u00e1.<\/p>\n<h2>Vlastnosti r\u00fd\u017eov\u00e9ho m\u00e1sla<\/h2>\n<p>R\u00fd\u017eov\u00e9 m\u00e1slo je vynikaj\u00edc\u00ed kosmetick\u00fd p\u0159\u00edpravek pro v\u0161echny typy pleti &#8211; od such\u00e9 a zral\u00e9 a\u017e po mastnou a sm\u00ed\u0161enou. Lze ji pou\u017e\u00edt na obli\u010dej i t\u011blo, a dokonce i na vlasy. Jeho jemn\u00e1 p\u0159\u00edrodn\u00ed v\u016fn\u011b a kr\u00e9mov\u00e1 textura z n\u011bj \u010din\u00ed produkt, kter\u00fd p\u0159in\u00e1\u0161\u00ed skute\u010dn\u00e9 pot\u011b\u0161en\u00ed p\u0159i ka\u017ed\u00e9m pou\u017eit\u00ed.<\/p>\n<p>D\u00edky sv\u00fdm jedine\u010dn\u00fdm vlastnostem je r\u00fd\u017eov\u00e9 m\u00e1slo kosmetick\u00fdm p\u0159\u00edpravkem, kter\u00fd umo\u017e\u0148uje d\u016fkladnou p\u00e9\u010di o poko\u017eku, dod\u00e1v\u00e1 j\u00ed z\u00e1kladn\u00ed \u017eiviny a pom\u00e1h\u00e1 udr\u017eovat jej\u00ed zdrav\u00ed a kr\u00e1su.<\/p>\n","protected":false},"excerpt":{"rendered":"<p>R\u00fd\u017eov\u00e9 m\u00e1slo je jedine\u010dn\u00fd produkt, kter\u00fd sv\u00e9 vlastnosti z\u00edsk\u00e1v\u00e1 ze s\u00edly r\u00fd\u017eov\u00e9ho zrna. R\u00fd\u017ee se v kosmetice pou\u017e\u00edv\u00e1 ji\u017e po stalet\u00ed, zejm\u00e9na v Asii, kde je kl\u00ed\u010dovou slo\u017ekou mnoha dom\u00e1c\u00edch masek a kosmetiky.<\/p>\n","protected":false},"featured_media":24174,"template":"","meta":{"_acf_changed":false},"product_brand":[],"product_cat":[635],"product_tag":[],"class_list":{"0":"post-24524","1":"product","2":"type-product","3":"status-publish","4":"has-post-thumbnail","6":"product_cat-kosmeticka-masla","8":"first","9":"instock","10":"shipping-taxable","11":"product-type-simple"},"acf":[],"yoast_head":"<!-- This site is optimized with the Yoast SEO plugin v27.4 - https:\/\/yoast.com\/product\/yoast-seo-wordpress\/ -->\n<title>R\u00fd\u017eov\u00e9 m\u00e1slo - Velkoobchodn\u00ed distributor<\/title>\n<meta name=\"description\" content=\"R\u00fd\u017eov\u00e9 m\u00e1slo z\u00edsk\u00e1v\u00e1 sv\u00e9 vlastnosti ze s\u00edly r\u00fd\u017eov\u00e9ho zrna. Skl\u00e1d\u00e1 se z oleje z r\u00fd\u017eov\u00fdch semen a ztu\u017een\u00e9ho rostlinn\u00e9ho oleje.\" \/>\n<meta name=\"robots\" content=\"index, follow, max-snippet:-1, max-image-preview:large, max-video-preview:-1\" \/>\n<link rel=\"canonical\" href=\"https:\/\/naturalpoland.com\/cs\/produkty\/produkty-pro-kosmeticky-prumysl\/kosmeticka-masla\/maslo-ryze\/\" \/>\n<meta property=\"og:locale\" content=\"cs_CZ\" \/>\n<meta property=\"og:type\" content=\"article\" \/>\n<meta property=\"og:title\" content=\"R\u00fd\u017eov\u00e9 m\u00e1slo - Velkoobchodn\u00ed distributor\" \/>\n<meta property=\"og:description\" content=\"R\u00fd\u017eov\u00e9 m\u00e1slo z\u00edsk\u00e1v\u00e1 sv\u00e9 vlastnosti ze s\u00edly r\u00fd\u017eov\u00e9ho zrna. Skl\u00e1d\u00e1 se z oleje z r\u00fd\u017eov\u00fdch semen a ztu\u017een\u00e9ho rostlinn\u00e9ho oleje.\" \/>\n<meta property=\"og:url\" content=\"https:\/\/naturalpoland.com\/cs\/produkty\/produkty-pro-kosmeticky-prumysl\/kosmeticka-masla\/maslo-ryze\/\" \/>\n<meta property=\"og:site_name\" content=\"NATURAL POLAND - Velkoobchodn\u00ed distributor surovin\" \/>\n<meta property=\"article:publisher\" content=\"https:\/\/www.facebook.com\/naturalpoland.b2b\" \/>\n<meta property=\"og:image\" content=\"https:\/\/naturalpoland.com\/wp-content\/uploads\/rice-butter.png\" \/>\n\t<meta property=\"og:image:width\" content=\"583\" \/>\n\t<meta property=\"og:image:height\" content=\"583\" \/>\n\t<meta property=\"og:image:type\" content=\"image\/png\" \/>\n<script type=\"application\/ld+json\" class=\"yoast-schema-graph\">{\"@context\":\"https:\\\/\\\/schema.org\",\"@graph\":[{\"@type\":\"WebPage\",\"@id\":\"https:\\\/\\\/naturalpoland.com\\\/cs\\\/produkty\\\/produkty-pro-kosmeticky-prumysl\\\/kosmeticka-masla\\\/maslo-ryze\\\/\",\"url\":\"https:\\\/\\\/naturalpoland.com\\\/cs\\\/produkty\\\/produkty-pro-kosmeticky-prumysl\\\/kosmeticka-masla\\\/maslo-ryze\\\/\",\"name\":\"R\u00fd\u017eov\u00e9 m\u00e1slo - Velkoobchodn\u00ed distributor\",\"isPartOf\":{\"@id\":\"https:\\\/\\\/naturalpoland.com\\\/cs\\\/#website\"},\"primaryImageOfPage\":{\"@id\":\"https:\\\/\\\/naturalpoland.com\\\/cs\\\/produkty\\\/produkty-pro-kosmeticky-prumysl\\\/kosmeticka-masla\\\/maslo-ryze\\\/#primaryimage\"},\"image\":{\"@id\":\"https:\\\/\\\/naturalpoland.com\\\/cs\\\/produkty\\\/produkty-pro-kosmeticky-prumysl\\\/kosmeticka-masla\\\/maslo-ryze\\\/#primaryimage\"},\"thumbnailUrl\":\"https:\\\/\\\/naturalpoland.com\\\/wp-content\\\/uploads\\\/rice-butter.png\",\"datePublished\":\"2023-08-01T07:47:09+00:00\",\"description\":\"R\u00fd\u017eov\u00e9 m\u00e1slo z\u00edsk\u00e1v\u00e1 sv\u00e9 vlastnosti ze s\u00edly r\u00fd\u017eov\u00e9ho zrna. Skl\u00e1d\u00e1 se z oleje z r\u00fd\u017eov\u00fdch semen a ztu\u017een\u00e9ho rostlinn\u00e9ho oleje.\",\"breadcrumb\":{\"@id\":\"https:\\\/\\\/naturalpoland.com\\\/cs\\\/produkty\\\/produkty-pro-kosmeticky-prumysl\\\/kosmeticka-masla\\\/maslo-ryze\\\/#breadcrumb\"},\"inLanguage\":\"cs\",\"potentialAction\":[{\"@type\":\"ReadAction\",\"target\":[\"https:\\\/\\\/naturalpoland.com\\\/cs\\\/produkty\\\/produkty-pro-kosmeticky-prumysl\\\/kosmeticka-masla\\\/maslo-ryze\\\/\"]}]},{\"@type\":\"ImageObject\",\"inLanguage\":\"cs\",\"@id\":\"https:\\\/\\\/naturalpoland.com\\\/cs\\\/produkty\\\/produkty-pro-kosmeticky-prumysl\\\/kosmeticka-masla\\\/maslo-ryze\\\/#primaryimage\",\"url\":\"https:\\\/\\\/naturalpoland.com\\\/wp-content\\\/uploads\\\/rice-butter.png\",\"contentUrl\":\"https:\\\/\\\/naturalpoland.com\\\/wp-content\\\/uploads\\\/rice-butter.png\",\"width\":583,\"height\":583,\"caption\":\"r\u00fd\u017eov\u00e9 m\u00e1slo\"},{\"@type\":\"BreadcrumbList\",\"@id\":\"https:\\\/\\\/naturalpoland.com\\\/cs\\\/produkty\\\/produkty-pro-kosmeticky-prumysl\\\/kosmeticka-masla\\\/maslo-ryze\\\/#breadcrumb\",\"itemListElement\":[{\"@type\":\"ListItem\",\"position\":1,\"name\":\"Dom\u016f\",\"item\":\"https:\\\/\\\/naturalpoland.com\\\/cs\\\/\"},{\"@type\":\"ListItem\",\"position\":2,\"name\":\"Produkty\",\"item\":\"https:\\\/\\\/naturalpoland.com\\\/cs\\\/produkty\\\/\"},{\"@type\":\"ListItem\",\"position\":3,\"name\":\"R\u00fd\u017eov\u00e9 m\u00e1slo\"}]},{\"@type\":\"WebSite\",\"@id\":\"https:\\\/\\\/naturalpoland.com\\\/cs\\\/#website\",\"url\":\"https:\\\/\\\/naturalpoland.com\\\/cs\\\/\",\"name\":\"NATURAL POLAND - Velkoobchodn\u00ed distributor surovin\",\"description\":\"Surowce dla przemys\u0142u spo\u017cywczego, kosmetycznego i farmaceutycznego\",\"publisher\":{\"@id\":\"https:\\\/\\\/naturalpoland.com\\\/cs\\\/#organization\"},\"potentialAction\":[{\"@type\":\"SearchAction\",\"target\":{\"@type\":\"EntryPoint\",\"urlTemplate\":\"https:\\\/\\\/naturalpoland.com\\\/cs\\\/?s={search_term_string}\"},\"query-input\":{\"@type\":\"PropertyValueSpecification\",\"valueRequired\":true,\"valueName\":\"search_term_string\"}}],\"inLanguage\":\"cs\"},{\"@type\":\"Organization\",\"@id\":\"https:\\\/\\\/naturalpoland.com\\\/cs\\\/#organization\",\"name\":\"Natural Poland\",\"url\":\"https:\\\/\\\/naturalpoland.com\\\/cs\\\/\",\"logo\":{\"@type\":\"ImageObject\",\"inLanguage\":\"cs\",\"@id\":\"https:\\\/\\\/naturalpoland.com\\\/cs\\\/#\\\/schema\\\/logo\\\/image\\\/\",\"url\":\"https:\\\/\\\/naturalpoland.com\\\/wp-content\\\/uploads\\\/2021\\\/05\\\/natural-poland-icon.png\",\"contentUrl\":\"https:\\\/\\\/naturalpoland.com\\\/wp-content\\\/uploads\\\/2021\\\/05\\\/natural-poland-icon.png\",\"width\":512,\"height\":512,\"caption\":\"Natural Poland\"},\"image\":{\"@id\":\"https:\\\/\\\/naturalpoland.com\\\/cs\\\/#\\\/schema\\\/logo\\\/image\\\/\"},\"sameAs\":[\"https:\\\/\\\/www.facebook.com\\\/naturalpoland.b2b\",\"https:\\\/\\\/pl.linkedin.com\\\/company\\\/natural-poland\",\"https:\\\/\\\/www.youtube.com\\\/channel\\\/UCgeGGkvOMahZo-xu_MSEWxg\"]}]}<\/script>\n<!-- \/ Yoast SEO plugin. -->","yoast_head_json":{"title":"R\u00fd\u017eov\u00e9 m\u00e1slo - Velkoobchodn\u00ed distributor","description":"R\u00fd\u017eov\u00e9 m\u00e1slo z\u00edsk\u00e1v\u00e1 sv\u00e9 vlastnosti ze s\u00edly r\u00fd\u017eov\u00e9ho zrna. Skl\u00e1d\u00e1 se z oleje z r\u00fd\u017eov\u00fdch semen a ztu\u017een\u00e9ho rostlinn\u00e9ho oleje.","robots":{"index":"index","follow":"follow","max-snippet":"max-snippet:-1","max-image-preview":"max-image-preview:large","max-video-preview":"max-video-preview:-1"},"canonical":"https:\/\/naturalpoland.com\/cs\/produkty\/produkty-pro-kosmeticky-prumysl\/kosmeticka-masla\/maslo-ryze\/","og_locale":"cs_CZ","og_type":"article","og_title":"R\u00fd\u017eov\u00e9 m\u00e1slo - Velkoobchodn\u00ed distributor","og_description":"R\u00fd\u017eov\u00e9 m\u00e1slo z\u00edsk\u00e1v\u00e1 sv\u00e9 vlastnosti ze s\u00edly r\u00fd\u017eov\u00e9ho zrna. Skl\u00e1d\u00e1 se z oleje z r\u00fd\u017eov\u00fdch semen a ztu\u017een\u00e9ho rostlinn\u00e9ho oleje.","og_url":"https:\/\/naturalpoland.com\/cs\/produkty\/produkty-pro-kosmeticky-prumysl\/kosmeticka-masla\/maslo-ryze\/","og_site_name":"NATURAL POLAND - Velkoobchodn\u00ed distributor surovin","article_publisher":"https:\/\/www.facebook.com\/naturalpoland.b2b","og_image":[{"width":583,"height":583,"url":"https:\/\/naturalpoland.com\/wp-content\/uploads\/rice-butter.png","type":"image\/png"}],"schema":{"@context":"https:\/\/schema.org","@graph":[{"@type":"WebPage","@id":"https:\/\/naturalpoland.com\/cs\/produkty\/produkty-pro-kosmeticky-prumysl\/kosmeticka-masla\/maslo-ryze\/","url":"https:\/\/naturalpoland.com\/cs\/produkty\/produkty-pro-kosmeticky-prumysl\/kosmeticka-masla\/maslo-ryze\/","name":"R\u00fd\u017eov\u00e9 m\u00e1slo - Velkoobchodn\u00ed distributor","isPartOf":{"@id":"https:\/\/naturalpoland.com\/cs\/#website"},"primaryImageOfPage":{"@id":"https:\/\/naturalpoland.com\/cs\/produkty\/produkty-pro-kosmeticky-prumysl\/kosmeticka-masla\/maslo-ryze\/#primaryimage"},"image":{"@id":"https:\/\/naturalpoland.com\/cs\/produkty\/produkty-pro-kosmeticky-prumysl\/kosmeticka-masla\/maslo-ryze\/#primaryimage"},"thumbnailUrl":"https:\/\/naturalpoland.com\/wp-content\/uploads\/rice-butter.png","datePublished":"2023-08-01T07:47:09+00:00","description":"R\u00fd\u017eov\u00e9 m\u00e1slo z\u00edsk\u00e1v\u00e1 sv\u00e9 vlastnosti ze s\u00edly r\u00fd\u017eov\u00e9ho zrna. Skl\u00e1d\u00e1 se z oleje z r\u00fd\u017eov\u00fdch semen a ztu\u017een\u00e9ho rostlinn\u00e9ho oleje.","breadcrumb":{"@id":"https:\/\/naturalpoland.com\/cs\/produkty\/produkty-pro-kosmeticky-prumysl\/kosmeticka-masla\/maslo-ryze\/#breadcrumb"},"inLanguage":"cs","potentialAction":[{"@type":"ReadAction","target":["https:\/\/naturalpoland.com\/cs\/produkty\/produkty-pro-kosmeticky-prumysl\/kosmeticka-masla\/maslo-ryze\/"]}]},{"@type":"ImageObject","inLanguage":"cs","@id":"https:\/\/naturalpoland.com\/cs\/produkty\/produkty-pro-kosmeticky-prumysl\/kosmeticka-masla\/maslo-ryze\/#primaryimage","url":"https:\/\/naturalpoland.com\/wp-content\/uploads\/rice-butter.png","contentUrl":"https:\/\/naturalpoland.com\/wp-content\/uploads\/rice-butter.png","width":583,"height":583,"caption":"r\u00fd\u017eov\u00e9 m\u00e1slo"},{"@type":"BreadcrumbList","@id":"https:\/\/naturalpoland.com\/cs\/produkty\/produkty-pro-kosmeticky-prumysl\/kosmeticka-masla\/maslo-ryze\/#breadcrumb","itemListElement":[{"@type":"ListItem","position":1,"name":"Dom\u016f","item":"https:\/\/naturalpoland.com\/cs\/"},{"@type":"ListItem","position":2,"name":"Produkty","item":"https:\/\/naturalpoland.com\/cs\/produkty\/"},{"@type":"ListItem","position":3,"name":"R\u00fd\u017eov\u00e9 m\u00e1slo"}]},{"@type":"WebSite","@id":"https:\/\/naturalpoland.com\/cs\/#website","url":"https:\/\/naturalpoland.com\/cs\/","name":"NATURAL POLAND - Velkoobchodn\u00ed distributor surovin","description":"Surowce dla przemys\u0142u spo\u017cywczego, kosmetycznego i farmaceutycznego","publisher":{"@id":"https:\/\/naturalpoland.com\/cs\/#organization"},"potentialAction":[{"@type":"SearchAction","target":{"@type":"EntryPoint","urlTemplate":"https:\/\/naturalpoland.com\/cs\/?s={search_term_string}"},"query-input":{"@type":"PropertyValueSpecification","valueRequired":true,"valueName":"search_term_string"}}],"inLanguage":"cs"},{"@type":"Organization","@id":"https:\/\/naturalpoland.com\/cs\/#organization","name":"Natural Poland","url":"https:\/\/naturalpoland.com\/cs\/","logo":{"@type":"ImageObject","inLanguage":"cs","@id":"https:\/\/naturalpoland.com\/cs\/#\/schema\/logo\/image\/","url":"https:\/\/naturalpoland.com\/wp-content\/uploads\/2021\/05\/natural-poland-icon.png","contentUrl":"https:\/\/naturalpoland.com\/wp-content\/uploads\/2021\/05\/natural-poland-icon.png","width":512,"height":512,"caption":"Natural Poland"},"image":{"@id":"https:\/\/naturalpoland.com\/cs\/#\/schema\/logo\/image\/"},"sameAs":["https:\/\/www.facebook.com\/naturalpoland.b2b","https:\/\/pl.linkedin.com\/company\/natural-poland","https:\/\/www.youtube.com\/channel\/UCgeGGkvOMahZo-xu_MSEWxg"]}]}},"_links":{"self":[{"href":"https:\/\/naturalpoland.com\/cs\/wp-json\/wp\/v2\/product\/24524","targetHints":{"allow":["GET"]}}],"collection":[{"href":"https:\/\/naturalpoland.com\/cs\/wp-json\/wp\/v2\/product"}],"about":[{"href":"https:\/\/naturalpoland.com\/cs\/wp-json\/wp\/v2\/types\/product"}],"wp:featuredmedia":[{"embeddable":true,"href":"https:\/\/naturalpoland.com\/cs\/wp-json\/wp\/v2\/media\/24174"}],"wp:attachment":[{"href":"https:\/\/naturalpoland.com\/cs\/wp-json\/wp\/v2\/media?parent=24524"}],"wp:term":[{"taxonomy":"product_brand","embeddable":true,"href":"https:\/\/naturalpoland.com\/cs\/wp-json\/wp\/v2\/product_brand?post=24524"},{"taxonomy":"product_cat","embeddable":true,"href":"https:\/\/naturalpoland.com\/cs\/wp-json\/wp\/v2\/product_cat?post=24524"},{"taxonomy":"product_tag","embeddable":true,"href":"https:\/\/naturalpoland.com\/cs\/wp-json\/wp\/v2\/product_tag?post=24524"}],"curies":[{"name":"wp","href":"https:\/\/api.w.org\/{rel}","templated":true}]}}