{"id":24668,"date":"2023-08-08T11:09:05","date_gmt":"2023-08-08T09:14:42","guid":{"rendered":"https:\/\/naturalpoland.com\/produkty\/nezarazene\/korysi\/"},"modified":"2023-08-08T11:14:42","modified_gmt":"2023-08-08T09:14:42","slug":"korysi","status":"publish","type":"product","link":"https:\/\/naturalpoland.com\/cs\/produkty\/suroviny-pro-krmiva-pro-zvirata\/korysi\/","title":{"rendered":"Kor\u00fd\u0161i"},"content":{"rendered":"<p>V na\u0161em sortimentu najdete <strong>Gammarus<\/strong> &#8211; mal\u00e9 kor\u00fd\u0161e, kte\u0159\u00ed jsou vynikaj\u00edc\u00edm zdrojem b\u00edlkovin a mastn\u00fdch kyselin pro mnoho druh\u016f zv\u00ed\u0159at. Nab\u00edz\u00edme tak\u00e9 <strong>krevety<\/strong> r\u016fzn\u00fdch velikost\u00ed, od 1-2 cm a\u017e po 3-5 cm, kter\u00e9 jsou ide\u00e1ln\u00ed potravou pro akvarijn\u00ed ryby, vodn\u00ed pt\u00e1ky a mnoho dal\u0161\u00edch \u017eivo\u010dich\u016f.<\/p>\n<p>Nab\u00edz\u00edme tak\u00e9 <strong>krevety ve slan\u00e9m n\u00e1levu (FD<\/strong>), kter\u00e9 jsou vynikaj\u00edc\u00edm zdrojem miner\u00e1l\u016f a vitamin\u016f. Dal\u0161\u00edmi produkty, kter\u00e9 lze s \u00fasp\u011bchem pou\u017e\u00edt jako dopln\u011bk stravy zv\u00ed\u0159at, jsou <strong>dekapsulovan\u00e1 artemie<\/strong> a <strong>artemick\u00e1 vaj\u00ed\u010dka<\/strong>.<\/p>\n<p>Krom\u011b toho jsme v reakci na rostouc\u00ed popt\u00e1vku na trhu zavedli <strong>mo\u0159sk\u00e9 \u0161neky<\/strong>. P\u0159esto\u017ee nejsou kor\u00fd\u0161i, jsou cenn\u00fdm zdrojem v\u00e1pn\u00edku a dal\u0161\u00edch miner\u00e1l\u016f. Mo\u0159\u0161t\u00ed pl\u017ei jsou vynikaj\u00edc\u00ed potravou pro mnoho druh\u016f ryb a p\u0159\u00edsadou do krmiva pro plazy.<\/p>\n","protected":false},"excerpt":{"rendered":"<p>Kor\u00fd\u0161i a m\u011bkk\u00fd\u0161i pro krmivo pro dom\u00e1c\u00ed zv\u00ed\u0159ata poskytuj\u00ed zv\u00ed\u0159at\u016fm nejvy\u0161\u0161\u00ed nutri\u010dn\u00ed kvalitu.<\/p>\n","protected":false},"featured_media":24656,"template":"","meta":{"_acf_changed":false},"product_brand":[],"product_cat":[2507],"product_tag":[],"class_list":{"0":"post-24668","1":"product","2":"type-product","3":"status-publish","4":"has-post-thumbnail","6":"product_cat-suroviny-pro-krmiva-pro-zvirata","8":"first","9":"instock","10":"shipping-taxable","11":"product-type-simple"},"acf":[],"yoast_head":"<!-- This site is optimized with the Yoast SEO plugin v27.6 - https:\/\/yoast.com\/product\/yoast-seo-wordpress\/ -->\n<title>Kor\u00fd\u0161i - Velkoobchodn\u00ed distributor<\/title>\n<meta name=\"description\" content=\"Kor\u00fd\u0161i a m\u011bkk\u00fd\u0161i pro krmivo pro dom\u00e1c\u00ed zv\u00ed\u0159ata poskytuj\u00ed zv\u00ed\u0159at\u016fm nejvy\u0161\u0161\u00ed nutri\u010dn\u00ed kvalitu. V nab\u00eddce: gammarus, krevety. dekapsulovan\u00e1 artemie, vaj\u00ed\u010dka artemie.\" \/>\n<meta name=\"robots\" content=\"index, follow, max-snippet:-1, max-image-preview:large, max-video-preview:-1\" \/>\n<link rel=\"canonical\" href=\"https:\/\/naturalpoland.com\/cs\/produkty\/suroviny-pro-krmiva-pro-zvirata\/korysi\/\" \/>\n<meta property=\"og:locale\" content=\"cs_CZ\" \/>\n<meta property=\"og:type\" content=\"article\" \/>\n<meta property=\"og:title\" content=\"Kor\u00fd\u0161i - Velkoobchodn\u00ed distributor\" \/>\n<meta property=\"og:description\" content=\"Kor\u00fd\u0161i a m\u011bkk\u00fd\u0161i pro krmivo pro dom\u00e1c\u00ed zv\u00ed\u0159ata poskytuj\u00ed zv\u00ed\u0159at\u016fm nejvy\u0161\u0161\u00ed nutri\u010dn\u00ed kvalitu. V nab\u00eddce: gammarus, krevety. dekapsulovan\u00e1 artemie, vaj\u00ed\u010dka artemie.\" \/>\n<meta property=\"og:url\" content=\"https:\/\/naturalpoland.com\/cs\/produkty\/suroviny-pro-krmiva-pro-zvirata\/korysi\/\" \/>\n<meta property=\"og:site_name\" content=\"NATURAL POLAND - Velkoobchodn\u00ed distributor surovin\" \/>\n<meta property=\"article:publisher\" content=\"https:\/\/www.facebook.com\/naturalpoland.b2b\" \/>\n<meta property=\"og:image\" content=\"https:\/\/naturalpoland.com\/wp-content\/uploads\/skorupiaki-do-karm-dla-zwierzat.png\" \/>\n\t<meta property=\"og:image:width\" content=\"575\" \/>\n\t<meta property=\"og:image:height\" content=\"575\" \/>\n\t<meta property=\"og:image:type\" content=\"image\/png\" \/>\n<script type=\"application\/ld+json\" class=\"yoast-schema-graph\">{\"@context\":\"https:\\\/\\\/schema.org\",\"@graph\":[{\"@type\":\"WebPage\",\"@id\":\"https:\\\/\\\/naturalpoland.com\\\/cs\\\/produkty\\\/suroviny-pro-krmiva-pro-zvirata\\\/korysi\\\/\",\"url\":\"https:\\\/\\\/naturalpoland.com\\\/cs\\\/produkty\\\/suroviny-pro-krmiva-pro-zvirata\\\/korysi\\\/\",\"name\":\"Kor\u00fd\u0161i - Velkoobchodn\u00ed distributor\",\"isPartOf\":{\"@id\":\"https:\\\/\\\/naturalpoland.com\\\/cs\\\/#website\"},\"primaryImageOfPage\":{\"@id\":\"https:\\\/\\\/naturalpoland.com\\\/cs\\\/produkty\\\/suroviny-pro-krmiva-pro-zvirata\\\/korysi\\\/#primaryimage\"},\"image\":{\"@id\":\"https:\\\/\\\/naturalpoland.com\\\/cs\\\/produkty\\\/suroviny-pro-krmiva-pro-zvirata\\\/korysi\\\/#primaryimage\"},\"thumbnailUrl\":\"https:\\\/\\\/naturalpoland.com\\\/wp-content\\\/uploads\\\/skorupiaki-do-karm-dla-zwierzat.png\",\"datePublished\":\"2023-08-08T09:14:42+00:00\",\"description\":\"Kor\u00fd\u0161i a m\u011bkk\u00fd\u0161i pro krmivo pro dom\u00e1c\u00ed zv\u00ed\u0159ata poskytuj\u00ed zv\u00ed\u0159at\u016fm nejvy\u0161\u0161\u00ed nutri\u010dn\u00ed kvalitu. V nab\u00eddce: gammarus, krevety. dekapsulovan\u00e1 artemie, vaj\u00ed\u010dka artemie.\",\"breadcrumb\":{\"@id\":\"https:\\\/\\\/naturalpoland.com\\\/cs\\\/produkty\\\/suroviny-pro-krmiva-pro-zvirata\\\/korysi\\\/#breadcrumb\"},\"inLanguage\":\"cs\",\"potentialAction\":[{\"@type\":\"ReadAction\",\"target\":[\"https:\\\/\\\/naturalpoland.com\\\/cs\\\/produkty\\\/suroviny-pro-krmiva-pro-zvirata\\\/korysi\\\/\"]}]},{\"@type\":\"ImageObject\",\"inLanguage\":\"cs\",\"@id\":\"https:\\\/\\\/naturalpoland.com\\\/cs\\\/produkty\\\/suroviny-pro-krmiva-pro-zvirata\\\/korysi\\\/#primaryimage\",\"url\":\"https:\\\/\\\/naturalpoland.com\\\/wp-content\\\/uploads\\\/skorupiaki-do-karm-dla-zwierzat.png\",\"contentUrl\":\"https:\\\/\\\/naturalpoland.com\\\/wp-content\\\/uploads\\\/skorupiaki-do-karm-dla-zwierzat.png\",\"width\":575,\"height\":575,\"caption\":\"kor\u00fd\u0161i pro krmen\u00ed zv\u00ed\u0159at\"},{\"@type\":\"BreadcrumbList\",\"@id\":\"https:\\\/\\\/naturalpoland.com\\\/cs\\\/produkty\\\/suroviny-pro-krmiva-pro-zvirata\\\/korysi\\\/#breadcrumb\",\"itemListElement\":[{\"@type\":\"ListItem\",\"position\":1,\"name\":\"Dom\u016f\",\"item\":\"https:\\\/\\\/naturalpoland.com\\\/cs\\\/\"},{\"@type\":\"ListItem\",\"position\":2,\"name\":\"Produkty\",\"item\":\"https:\\\/\\\/naturalpoland.com\\\/cs\\\/produkty\\\/\"},{\"@type\":\"ListItem\",\"position\":3,\"name\":\"Kor\u00fd\u0161i\"}]},{\"@type\":\"WebSite\",\"@id\":\"https:\\\/\\\/naturalpoland.com\\\/cs\\\/#website\",\"url\":\"https:\\\/\\\/naturalpoland.com\\\/cs\\\/\",\"name\":\"NATURAL POLAND - Velkoobchodn\u00ed distributor surovin\",\"description\":\"Surowce dla przemys\u0142u spo\u017cywczego, kosmetycznego i farmaceutycznego\",\"publisher\":{\"@id\":\"https:\\\/\\\/naturalpoland.com\\\/cs\\\/#organization\"},\"potentialAction\":[{\"@type\":\"SearchAction\",\"target\":{\"@type\":\"EntryPoint\",\"urlTemplate\":\"https:\\\/\\\/naturalpoland.com\\\/cs\\\/?s={search_term_string}\"},\"query-input\":{\"@type\":\"PropertyValueSpecification\",\"valueRequired\":true,\"valueName\":\"search_term_string\"}}],\"inLanguage\":\"cs\"},{\"@type\":\"Organization\",\"@id\":\"https:\\\/\\\/naturalpoland.com\\\/cs\\\/#organization\",\"name\":\"Natural Poland\",\"url\":\"https:\\\/\\\/naturalpoland.com\\\/cs\\\/\",\"logo\":{\"@type\":\"ImageObject\",\"inLanguage\":\"cs\",\"@id\":\"https:\\\/\\\/naturalpoland.com\\\/cs\\\/#\\\/schema\\\/logo\\\/image\\\/\",\"url\":\"https:\\\/\\\/naturalpoland.com\\\/wp-content\\\/uploads\\\/2021\\\/05\\\/natural-poland-icon.png\",\"contentUrl\":\"https:\\\/\\\/naturalpoland.com\\\/wp-content\\\/uploads\\\/2021\\\/05\\\/natural-poland-icon.png\",\"width\":512,\"height\":512,\"caption\":\"Natural Poland\"},\"image\":{\"@id\":\"https:\\\/\\\/naturalpoland.com\\\/cs\\\/#\\\/schema\\\/logo\\\/image\\\/\"},\"sameAs\":[\"https:\\\/\\\/www.facebook.com\\\/naturalpoland.b2b\",\"https:\\\/\\\/pl.linkedin.com\\\/company\\\/natural-poland\",\"https:\\\/\\\/www.youtube.com\\\/channel\\\/UCgeGGkvOMahZo-xu_MSEWxg\"]}]}<\/script>\n<!-- \/ Yoast SEO plugin. -->","yoast_head_json":{"title":"Kor\u00fd\u0161i - Velkoobchodn\u00ed distributor","description":"Kor\u00fd\u0161i a m\u011bkk\u00fd\u0161i pro krmivo pro dom\u00e1c\u00ed zv\u00ed\u0159ata poskytuj\u00ed zv\u00ed\u0159at\u016fm nejvy\u0161\u0161\u00ed nutri\u010dn\u00ed kvalitu. V nab\u00eddce: gammarus, krevety. dekapsulovan\u00e1 artemie, vaj\u00ed\u010dka artemie.","robots":{"index":"index","follow":"follow","max-snippet":"max-snippet:-1","max-image-preview":"max-image-preview:large","max-video-preview":"max-video-preview:-1"},"canonical":"https:\/\/naturalpoland.com\/cs\/produkty\/suroviny-pro-krmiva-pro-zvirata\/korysi\/","og_locale":"cs_CZ","og_type":"article","og_title":"Kor\u00fd\u0161i - Velkoobchodn\u00ed distributor","og_description":"Kor\u00fd\u0161i a m\u011bkk\u00fd\u0161i pro krmivo pro dom\u00e1c\u00ed zv\u00ed\u0159ata poskytuj\u00ed zv\u00ed\u0159at\u016fm nejvy\u0161\u0161\u00ed nutri\u010dn\u00ed kvalitu. V nab\u00eddce: gammarus, krevety. dekapsulovan\u00e1 artemie, vaj\u00ed\u010dka artemie.","og_url":"https:\/\/naturalpoland.com\/cs\/produkty\/suroviny-pro-krmiva-pro-zvirata\/korysi\/","og_site_name":"NATURAL POLAND - Velkoobchodn\u00ed distributor surovin","article_publisher":"https:\/\/www.facebook.com\/naturalpoland.b2b","og_image":[{"width":575,"height":575,"url":"https:\/\/naturalpoland.com\/wp-content\/uploads\/skorupiaki-do-karm-dla-zwierzat.png","type":"image\/png"}],"schema":{"@context":"https:\/\/schema.org","@graph":[{"@type":"WebPage","@id":"https:\/\/naturalpoland.com\/cs\/produkty\/suroviny-pro-krmiva-pro-zvirata\/korysi\/","url":"https:\/\/naturalpoland.com\/cs\/produkty\/suroviny-pro-krmiva-pro-zvirata\/korysi\/","name":"Kor\u00fd\u0161i - Velkoobchodn\u00ed distributor","isPartOf":{"@id":"https:\/\/naturalpoland.com\/cs\/#website"},"primaryImageOfPage":{"@id":"https:\/\/naturalpoland.com\/cs\/produkty\/suroviny-pro-krmiva-pro-zvirata\/korysi\/#primaryimage"},"image":{"@id":"https:\/\/naturalpoland.com\/cs\/produkty\/suroviny-pro-krmiva-pro-zvirata\/korysi\/#primaryimage"},"thumbnailUrl":"https:\/\/naturalpoland.com\/wp-content\/uploads\/skorupiaki-do-karm-dla-zwierzat.png","datePublished":"2023-08-08T09:14:42+00:00","description":"Kor\u00fd\u0161i a m\u011bkk\u00fd\u0161i pro krmivo pro dom\u00e1c\u00ed zv\u00ed\u0159ata poskytuj\u00ed zv\u00ed\u0159at\u016fm nejvy\u0161\u0161\u00ed nutri\u010dn\u00ed kvalitu. V nab\u00eddce: gammarus, krevety. dekapsulovan\u00e1 artemie, vaj\u00ed\u010dka artemie.","breadcrumb":{"@id":"https:\/\/naturalpoland.com\/cs\/produkty\/suroviny-pro-krmiva-pro-zvirata\/korysi\/#breadcrumb"},"inLanguage":"cs","potentialAction":[{"@type":"ReadAction","target":["https:\/\/naturalpoland.com\/cs\/produkty\/suroviny-pro-krmiva-pro-zvirata\/korysi\/"]}]},{"@type":"ImageObject","inLanguage":"cs","@id":"https:\/\/naturalpoland.com\/cs\/produkty\/suroviny-pro-krmiva-pro-zvirata\/korysi\/#primaryimage","url":"https:\/\/naturalpoland.com\/wp-content\/uploads\/skorupiaki-do-karm-dla-zwierzat.png","contentUrl":"https:\/\/naturalpoland.com\/wp-content\/uploads\/skorupiaki-do-karm-dla-zwierzat.png","width":575,"height":575,"caption":"kor\u00fd\u0161i pro krmen\u00ed zv\u00ed\u0159at"},{"@type":"BreadcrumbList","@id":"https:\/\/naturalpoland.com\/cs\/produkty\/suroviny-pro-krmiva-pro-zvirata\/korysi\/#breadcrumb","itemListElement":[{"@type":"ListItem","position":1,"name":"Dom\u016f","item":"https:\/\/naturalpoland.com\/cs\/"},{"@type":"ListItem","position":2,"name":"Produkty","item":"https:\/\/naturalpoland.com\/cs\/produkty\/"},{"@type":"ListItem","position":3,"name":"Kor\u00fd\u0161i"}]},{"@type":"WebSite","@id":"https:\/\/naturalpoland.com\/cs\/#website","url":"https:\/\/naturalpoland.com\/cs\/","name":"NATURAL POLAND - Velkoobchodn\u00ed distributor surovin","description":"Surowce dla przemys\u0142u spo\u017cywczego, kosmetycznego i farmaceutycznego","publisher":{"@id":"https:\/\/naturalpoland.com\/cs\/#organization"},"potentialAction":[{"@type":"SearchAction","target":{"@type":"EntryPoint","urlTemplate":"https:\/\/naturalpoland.com\/cs\/?s={search_term_string}"},"query-input":{"@type":"PropertyValueSpecification","valueRequired":true,"valueName":"search_term_string"}}],"inLanguage":"cs"},{"@type":"Organization","@id":"https:\/\/naturalpoland.com\/cs\/#organization","name":"Natural Poland","url":"https:\/\/naturalpoland.com\/cs\/","logo":{"@type":"ImageObject","inLanguage":"cs","@id":"https:\/\/naturalpoland.com\/cs\/#\/schema\/logo\/image\/","url":"https:\/\/naturalpoland.com\/wp-content\/uploads\/2021\/05\/natural-poland-icon.png","contentUrl":"https:\/\/naturalpoland.com\/wp-content\/uploads\/2021\/05\/natural-poland-icon.png","width":512,"height":512,"caption":"Natural Poland"},"image":{"@id":"https:\/\/naturalpoland.com\/cs\/#\/schema\/logo\/image\/"},"sameAs":["https:\/\/www.facebook.com\/naturalpoland.b2b","https:\/\/pl.linkedin.com\/company\/natural-poland","https:\/\/www.youtube.com\/channel\/UCgeGGkvOMahZo-xu_MSEWxg"]}]}},"_links":{"self":[{"href":"https:\/\/naturalpoland.com\/cs\/wp-json\/wp\/v2\/product\/24668","targetHints":{"allow":["GET"]}}],"collection":[{"href":"https:\/\/naturalpoland.com\/cs\/wp-json\/wp\/v2\/product"}],"about":[{"href":"https:\/\/naturalpoland.com\/cs\/wp-json\/wp\/v2\/types\/product"}],"wp:featuredmedia":[{"embeddable":true,"href":"https:\/\/naturalpoland.com\/cs\/wp-json\/wp\/v2\/media\/24656"}],"wp:attachment":[{"href":"https:\/\/naturalpoland.com\/cs\/wp-json\/wp\/v2\/media?parent=24668"}],"wp:term":[{"taxonomy":"product_brand","embeddable":true,"href":"https:\/\/naturalpoland.com\/cs\/wp-json\/wp\/v2\/product_brand?post=24668"},{"taxonomy":"product_cat","embeddable":true,"href":"https:\/\/naturalpoland.com\/cs\/wp-json\/wp\/v2\/product_cat?post=24668"},{"taxonomy":"product_tag","embeddable":true,"href":"https:\/\/naturalpoland.com\/cs\/wp-json\/wp\/v2\/product_tag?post=24668"}],"curies":[{"name":"wp","href":"https:\/\/api.w.org\/{rel}","templated":true}]}}