{"id":24779,"date":"2023-08-10T10:30:34","date_gmt":"2023-08-10T09:13:26","guid":{"rendered":"https:\/\/naturalpoland.com\/produkty\/nezarazene\/susene-rybi-pochoutky-pro-psy-a-kocky\/"},"modified":"2023-08-10T11:13:26","modified_gmt":"2023-08-10T09:13:26","slug":"susene-rybi-platky-pro-psy-a-kocky","status":"publish","type":"product","link":"https:\/\/naturalpoland.com\/cs\/produkty\/suroviny-pro-krmiva-pro-zvirata\/susene-rybi-platky-pro-psy-a-kocky\/","title":{"rendered":"Su\u0161en\u00e9 ryb\u00ed pochoutky pro psy a ko\u010dky"},"content":{"rendered":"<ul>\n<li><strong>\u00daho\u0159<\/strong>: \u00daho\u0159 m\u00e1 v\u00fdraznou chu\u0165, poskytuje celou \u0159adu esenci\u00e1ln\u00edch aminokyselin a je vynikaj\u00edc\u00edm zdrojem vitamin\u016f skupiny B.<\/li>\n<li><strong>An\u010dovi\u010dky<\/strong>: Tyto mal\u00e9 ryby jsou bohat\u00fdm zdrojem omega-3 mastn\u00fdch kyselin, kter\u00e9 podporuj\u00ed zdrav\u00ed k\u016f\u017ee a srsti zv\u00ed\u0159at.<\/li>\n<li><strong>Bombaj<\/strong>: Ryba zn\u00e1m\u00e1 svou jemnou a delik\u00e1tn\u00ed chut\u00ed, kter\u00e1 je bohat\u00fdm zdrojem fosforu a b\u00edlkovin.<\/li>\n<li><strong>Bombajsk\u00e9 fil\u00e9<\/strong>: Vysoce kvalitn\u00ed ryb\u00ed b\u00edlkovina s jemnou strukturou, kter\u00e1 jist\u011b zachutn\u00e1 i t\u011bm nejvyz\u00fdvav\u011bj\u0161\u00edm dom\u00e1c\u00edm mazl\u00ed\u010dk\u016fm.<\/li>\n<li><strong>Krevety<\/strong>: Krevety jsou bohat\u00e9 na astaxantin a zinek a jsou ide\u00e1ln\u00edm zdrojem miner\u00e1l\u016f.<\/li>\n<li><strong>Zlat\u00e9 an\u010dovi\u010dky<\/strong>: Jsou nejen atraktivn\u00ed, ale tak\u00e9 bohat\u00e9 na \u017eiviny.<\/li>\n<li><strong>Cod<\/strong>: K\u0159ehk\u00e9 maso tresky je vynikaj\u00edc\u00edm zdrojem vitaminu B12 a j\u00f3du.<\/li>\n<li><strong>Je\u0161t\u011brkovec (Thrashfish<\/strong>): Jedn\u00e1 se o jedine\u010dnou rybu se zaj\u00edmavou strukturou, kter\u00e1 poskytuje velk\u00e9 mno\u017estv\u00ed b\u00edlkovin.<\/li>\n<li><strong>Omena<\/strong>: Mal\u00e9 st\u0159\u00edb\u0159it\u00e9 ryby, kter\u00e9 jsou pokladem mastn\u00fdch kyselin a b\u00edlkovin.<\/li>\n<li><strong>Filet<\/strong> z mo\u0159sk\u00e9ho jazyka: Filet z jazyka mo\u0159sk\u00e9ho se vyzna\u010duje jemnou chut\u00ed a je bohat\u00fdm zdrojem drasl\u00edku a ho\u0159\u010d\u00edku.<\/li>\n<li><strong>SD \u0161proty<\/strong>: Tyto su\u0161en\u00e9 ryby nab\u00edzej\u00ed celou \u0159adu zdravotn\u00edch v\u00fdhod, od zlep\u0161en\u00ed stavu poko\u017eky a\u017e po podporu srde\u010dn\u00ed \u010dinnosti.<\/li>\n<\/ul>\n","protected":false},"excerpt":{"rendered":"<p>Su\u0161en\u00e9 ryb\u00ed snacky pro psy a ko\u010dky p\u0159edstavuj\u00ed inovativn\u00ed p\u0159\u00edstup k v\u00fd\u017eiv\u011b zv\u00ed\u0159at, kter\u00fd kombinuje tradi\u010dn\u00ed suroviny s modern\u00edm procesem su\u0161en\u00ed.<\/p>\n","protected":false},"featured_media":24752,"template":"","meta":{"_acf_changed":false},"product_brand":[],"product_cat":[2507],"product_tag":[],"class_list":{"0":"post-24779","1":"product","2":"type-product","3":"status-publish","4":"has-post-thumbnail","6":"product_cat-suroviny-pro-krmiva-pro-zvirata","8":"first","9":"instock","10":"shipping-taxable","11":"product-type-simple"},"acf":[],"yoast_head":"<!-- This site is optimized with the Yoast SEO plugin v27.5 - https:\/\/yoast.com\/product\/yoast-seo-wordpress\/ -->\n<title>Su\u0161en\u00e9 ryb\u00ed pochoutky pro psy a ko\u010dky - Velkoobchodn\u00ed distributor<\/title>\n<meta name=\"description\" content=\"Su\u0161en\u00e9 ryb\u00ed snacky pro psy a ko\u010dky p\u0159edstavuj\u00ed inovativn\u00ed p\u0159\u00edstup k v\u00fd\u017eiv\u011b zv\u00ed\u0159at, kter\u00fd kombinuje tradi\u010dn\u00ed suroviny s procesem su\u0161en\u00ed.\" \/>\n<meta name=\"robots\" content=\"index, follow, max-snippet:-1, max-image-preview:large, max-video-preview:-1\" \/>\n<link rel=\"canonical\" href=\"https:\/\/naturalpoland.com\/cs\/produkty\/suroviny-pro-krmiva-pro-zvirata\/susene-rybi-platky-pro-psy-a-kocky\/\" \/>\n<meta property=\"og:locale\" content=\"cs_CZ\" \/>\n<meta property=\"og:type\" content=\"article\" \/>\n<meta property=\"og:title\" content=\"Su\u0161en\u00e9 ryb\u00ed pochoutky pro psy a ko\u010dky - Velkoobchodn\u00ed distributor\" \/>\n<meta property=\"og:description\" content=\"Su\u0161en\u00e9 ryb\u00ed snacky pro psy a ko\u010dky p\u0159edstavuj\u00ed inovativn\u00ed p\u0159\u00edstup k v\u00fd\u017eiv\u011b zv\u00ed\u0159at, kter\u00fd kombinuje tradi\u010dn\u00ed suroviny s procesem su\u0161en\u00ed.\" \/>\n<meta property=\"og:url\" content=\"https:\/\/naturalpoland.com\/cs\/produkty\/suroviny-pro-krmiva-pro-zvirata\/susene-rybi-platky-pro-psy-a-kocky\/\" \/>\n<meta property=\"og:site_name\" content=\"NATURAL POLAND - Velkoobchodn\u00ed distributor surovin\" \/>\n<meta property=\"article:publisher\" content=\"https:\/\/www.facebook.com\/naturalpoland.b2b\" \/>\n<meta property=\"og:image\" content=\"https:\/\/naturalpoland.com\/wp-content\/uploads\/suszone-przekaski-rybne-dla-psow-i-kotow.jpg\" \/>\n\t<meta property=\"og:image:width\" content=\"600\" \/>\n\t<meta property=\"og:image:height\" content=\"600\" \/>\n\t<meta property=\"og:image:type\" content=\"image\/jpeg\" \/>\n<script type=\"application\/ld+json\" class=\"yoast-schema-graph\">{\"@context\":\"https:\\\/\\\/schema.org\",\"@graph\":[{\"@type\":\"WebPage\",\"@id\":\"https:\\\/\\\/naturalpoland.com\\\/cs\\\/produkty\\\/suroviny-pro-krmiva-pro-zvirata\\\/susene-rybi-platky-pro-psy-a-kocky\\\/\",\"url\":\"https:\\\/\\\/naturalpoland.com\\\/cs\\\/produkty\\\/suroviny-pro-krmiva-pro-zvirata\\\/susene-rybi-platky-pro-psy-a-kocky\\\/\",\"name\":\"Su\u0161en\u00e9 ryb\u00ed pochoutky pro psy a ko\u010dky - Velkoobchodn\u00ed distributor\",\"isPartOf\":{\"@id\":\"https:\\\/\\\/naturalpoland.com\\\/cs\\\/#website\"},\"primaryImageOfPage\":{\"@id\":\"https:\\\/\\\/naturalpoland.com\\\/cs\\\/produkty\\\/suroviny-pro-krmiva-pro-zvirata\\\/susene-rybi-platky-pro-psy-a-kocky\\\/#primaryimage\"},\"image\":{\"@id\":\"https:\\\/\\\/naturalpoland.com\\\/cs\\\/produkty\\\/suroviny-pro-krmiva-pro-zvirata\\\/susene-rybi-platky-pro-psy-a-kocky\\\/#primaryimage\"},\"thumbnailUrl\":\"https:\\\/\\\/naturalpoland.com\\\/wp-content\\\/uploads\\\/suszone-przekaski-rybne-dla-psow-i-kotow.jpg\",\"datePublished\":\"2023-08-10T09:13:26+00:00\",\"description\":\"Su\u0161en\u00e9 ryb\u00ed snacky pro psy a ko\u010dky p\u0159edstavuj\u00ed inovativn\u00ed p\u0159\u00edstup k v\u00fd\u017eiv\u011b zv\u00ed\u0159at, kter\u00fd kombinuje tradi\u010dn\u00ed suroviny s procesem su\u0161en\u00ed.\",\"breadcrumb\":{\"@id\":\"https:\\\/\\\/naturalpoland.com\\\/cs\\\/produkty\\\/suroviny-pro-krmiva-pro-zvirata\\\/susene-rybi-platky-pro-psy-a-kocky\\\/#breadcrumb\"},\"inLanguage\":\"cs\",\"potentialAction\":[{\"@type\":\"ReadAction\",\"target\":[\"https:\\\/\\\/naturalpoland.com\\\/cs\\\/produkty\\\/suroviny-pro-krmiva-pro-zvirata\\\/susene-rybi-platky-pro-psy-a-kocky\\\/\"]}]},{\"@type\":\"ImageObject\",\"inLanguage\":\"cs\",\"@id\":\"https:\\\/\\\/naturalpoland.com\\\/cs\\\/produkty\\\/suroviny-pro-krmiva-pro-zvirata\\\/susene-rybi-platky-pro-psy-a-kocky\\\/#primaryimage\",\"url\":\"https:\\\/\\\/naturalpoland.com\\\/wp-content\\\/uploads\\\/suszone-przekaski-rybne-dla-psow-i-kotow.jpg\",\"contentUrl\":\"https:\\\/\\\/naturalpoland.com\\\/wp-content\\\/uploads\\\/suszone-przekaski-rybne-dla-psow-i-kotow.jpg\",\"width\":600,\"height\":600,\"caption\":\"su\u0161en\u00e9 ryb\u00ed pochoutky pro psy a ko\u010dky\"},{\"@type\":\"BreadcrumbList\",\"@id\":\"https:\\\/\\\/naturalpoland.com\\\/cs\\\/produkty\\\/suroviny-pro-krmiva-pro-zvirata\\\/susene-rybi-platky-pro-psy-a-kocky\\\/#breadcrumb\",\"itemListElement\":[{\"@type\":\"ListItem\",\"position\":1,\"name\":\"Dom\u016f\",\"item\":\"https:\\\/\\\/naturalpoland.com\\\/cs\\\/\"},{\"@type\":\"ListItem\",\"position\":2,\"name\":\"Produkty\",\"item\":\"https:\\\/\\\/naturalpoland.com\\\/cs\\\/produkty\\\/\"},{\"@type\":\"ListItem\",\"position\":3,\"name\":\"Su\u0161en\u00e9 ryb\u00ed pochoutky pro psy a ko\u010dky\"}]},{\"@type\":\"WebSite\",\"@id\":\"https:\\\/\\\/naturalpoland.com\\\/cs\\\/#website\",\"url\":\"https:\\\/\\\/naturalpoland.com\\\/cs\\\/\",\"name\":\"NATURAL POLAND - Velkoobchodn\u00ed distributor surovin\",\"description\":\"Surowce dla przemys\u0142u spo\u017cywczego, kosmetycznego i farmaceutycznego\",\"publisher\":{\"@id\":\"https:\\\/\\\/naturalpoland.com\\\/cs\\\/#organization\"},\"potentialAction\":[{\"@type\":\"SearchAction\",\"target\":{\"@type\":\"EntryPoint\",\"urlTemplate\":\"https:\\\/\\\/naturalpoland.com\\\/cs\\\/?s={search_term_string}\"},\"query-input\":{\"@type\":\"PropertyValueSpecification\",\"valueRequired\":true,\"valueName\":\"search_term_string\"}}],\"inLanguage\":\"cs\"},{\"@type\":\"Organization\",\"@id\":\"https:\\\/\\\/naturalpoland.com\\\/cs\\\/#organization\",\"name\":\"Natural Poland\",\"url\":\"https:\\\/\\\/naturalpoland.com\\\/cs\\\/\",\"logo\":{\"@type\":\"ImageObject\",\"inLanguage\":\"cs\",\"@id\":\"https:\\\/\\\/naturalpoland.com\\\/cs\\\/#\\\/schema\\\/logo\\\/image\\\/\",\"url\":\"https:\\\/\\\/naturalpoland.com\\\/wp-content\\\/uploads\\\/2021\\\/05\\\/natural-poland-icon.png\",\"contentUrl\":\"https:\\\/\\\/naturalpoland.com\\\/wp-content\\\/uploads\\\/2021\\\/05\\\/natural-poland-icon.png\",\"width\":512,\"height\":512,\"caption\":\"Natural Poland\"},\"image\":{\"@id\":\"https:\\\/\\\/naturalpoland.com\\\/cs\\\/#\\\/schema\\\/logo\\\/image\\\/\"},\"sameAs\":[\"https:\\\/\\\/www.facebook.com\\\/naturalpoland.b2b\",\"https:\\\/\\\/pl.linkedin.com\\\/company\\\/natural-poland\",\"https:\\\/\\\/www.youtube.com\\\/channel\\\/UCgeGGkvOMahZo-xu_MSEWxg\"]}]}<\/script>\n<!-- \/ Yoast SEO plugin. -->","yoast_head_json":{"title":"Su\u0161en\u00e9 ryb\u00ed pochoutky pro psy a ko\u010dky - Velkoobchodn\u00ed distributor","description":"Su\u0161en\u00e9 ryb\u00ed snacky pro psy a ko\u010dky p\u0159edstavuj\u00ed inovativn\u00ed p\u0159\u00edstup k v\u00fd\u017eiv\u011b zv\u00ed\u0159at, kter\u00fd kombinuje tradi\u010dn\u00ed suroviny s procesem su\u0161en\u00ed.","robots":{"index":"index","follow":"follow","max-snippet":"max-snippet:-1","max-image-preview":"max-image-preview:large","max-video-preview":"max-video-preview:-1"},"canonical":"https:\/\/naturalpoland.com\/cs\/produkty\/suroviny-pro-krmiva-pro-zvirata\/susene-rybi-platky-pro-psy-a-kocky\/","og_locale":"cs_CZ","og_type":"article","og_title":"Su\u0161en\u00e9 ryb\u00ed pochoutky pro psy a ko\u010dky - Velkoobchodn\u00ed distributor","og_description":"Su\u0161en\u00e9 ryb\u00ed snacky pro psy a ko\u010dky p\u0159edstavuj\u00ed inovativn\u00ed p\u0159\u00edstup k v\u00fd\u017eiv\u011b zv\u00ed\u0159at, kter\u00fd kombinuje tradi\u010dn\u00ed suroviny s procesem su\u0161en\u00ed.","og_url":"https:\/\/naturalpoland.com\/cs\/produkty\/suroviny-pro-krmiva-pro-zvirata\/susene-rybi-platky-pro-psy-a-kocky\/","og_site_name":"NATURAL POLAND - Velkoobchodn\u00ed distributor surovin","article_publisher":"https:\/\/www.facebook.com\/naturalpoland.b2b","og_image":[{"width":600,"height":600,"url":"https:\/\/naturalpoland.com\/wp-content\/uploads\/suszone-przekaski-rybne-dla-psow-i-kotow.jpg","type":"image\/jpeg"}],"schema":{"@context":"https:\/\/schema.org","@graph":[{"@type":"WebPage","@id":"https:\/\/naturalpoland.com\/cs\/produkty\/suroviny-pro-krmiva-pro-zvirata\/susene-rybi-platky-pro-psy-a-kocky\/","url":"https:\/\/naturalpoland.com\/cs\/produkty\/suroviny-pro-krmiva-pro-zvirata\/susene-rybi-platky-pro-psy-a-kocky\/","name":"Su\u0161en\u00e9 ryb\u00ed pochoutky pro psy a ko\u010dky - Velkoobchodn\u00ed distributor","isPartOf":{"@id":"https:\/\/naturalpoland.com\/cs\/#website"},"primaryImageOfPage":{"@id":"https:\/\/naturalpoland.com\/cs\/produkty\/suroviny-pro-krmiva-pro-zvirata\/susene-rybi-platky-pro-psy-a-kocky\/#primaryimage"},"image":{"@id":"https:\/\/naturalpoland.com\/cs\/produkty\/suroviny-pro-krmiva-pro-zvirata\/susene-rybi-platky-pro-psy-a-kocky\/#primaryimage"},"thumbnailUrl":"https:\/\/naturalpoland.com\/wp-content\/uploads\/suszone-przekaski-rybne-dla-psow-i-kotow.jpg","datePublished":"2023-08-10T09:13:26+00:00","description":"Su\u0161en\u00e9 ryb\u00ed snacky pro psy a ko\u010dky p\u0159edstavuj\u00ed inovativn\u00ed p\u0159\u00edstup k v\u00fd\u017eiv\u011b zv\u00ed\u0159at, kter\u00fd kombinuje tradi\u010dn\u00ed suroviny s procesem su\u0161en\u00ed.","breadcrumb":{"@id":"https:\/\/naturalpoland.com\/cs\/produkty\/suroviny-pro-krmiva-pro-zvirata\/susene-rybi-platky-pro-psy-a-kocky\/#breadcrumb"},"inLanguage":"cs","potentialAction":[{"@type":"ReadAction","target":["https:\/\/naturalpoland.com\/cs\/produkty\/suroviny-pro-krmiva-pro-zvirata\/susene-rybi-platky-pro-psy-a-kocky\/"]}]},{"@type":"ImageObject","inLanguage":"cs","@id":"https:\/\/naturalpoland.com\/cs\/produkty\/suroviny-pro-krmiva-pro-zvirata\/susene-rybi-platky-pro-psy-a-kocky\/#primaryimage","url":"https:\/\/naturalpoland.com\/wp-content\/uploads\/suszone-przekaski-rybne-dla-psow-i-kotow.jpg","contentUrl":"https:\/\/naturalpoland.com\/wp-content\/uploads\/suszone-przekaski-rybne-dla-psow-i-kotow.jpg","width":600,"height":600,"caption":"su\u0161en\u00e9 ryb\u00ed pochoutky pro psy a ko\u010dky"},{"@type":"BreadcrumbList","@id":"https:\/\/naturalpoland.com\/cs\/produkty\/suroviny-pro-krmiva-pro-zvirata\/susene-rybi-platky-pro-psy-a-kocky\/#breadcrumb","itemListElement":[{"@type":"ListItem","position":1,"name":"Dom\u016f","item":"https:\/\/naturalpoland.com\/cs\/"},{"@type":"ListItem","position":2,"name":"Produkty","item":"https:\/\/naturalpoland.com\/cs\/produkty\/"},{"@type":"ListItem","position":3,"name":"Su\u0161en\u00e9 ryb\u00ed pochoutky pro psy a ko\u010dky"}]},{"@type":"WebSite","@id":"https:\/\/naturalpoland.com\/cs\/#website","url":"https:\/\/naturalpoland.com\/cs\/","name":"NATURAL POLAND - Velkoobchodn\u00ed distributor surovin","description":"Surowce dla przemys\u0142u spo\u017cywczego, kosmetycznego i farmaceutycznego","publisher":{"@id":"https:\/\/naturalpoland.com\/cs\/#organization"},"potentialAction":[{"@type":"SearchAction","target":{"@type":"EntryPoint","urlTemplate":"https:\/\/naturalpoland.com\/cs\/?s={search_term_string}"},"query-input":{"@type":"PropertyValueSpecification","valueRequired":true,"valueName":"search_term_string"}}],"inLanguage":"cs"},{"@type":"Organization","@id":"https:\/\/naturalpoland.com\/cs\/#organization","name":"Natural Poland","url":"https:\/\/naturalpoland.com\/cs\/","logo":{"@type":"ImageObject","inLanguage":"cs","@id":"https:\/\/naturalpoland.com\/cs\/#\/schema\/logo\/image\/","url":"https:\/\/naturalpoland.com\/wp-content\/uploads\/2021\/05\/natural-poland-icon.png","contentUrl":"https:\/\/naturalpoland.com\/wp-content\/uploads\/2021\/05\/natural-poland-icon.png","width":512,"height":512,"caption":"Natural Poland"},"image":{"@id":"https:\/\/naturalpoland.com\/cs\/#\/schema\/logo\/image\/"},"sameAs":["https:\/\/www.facebook.com\/naturalpoland.b2b","https:\/\/pl.linkedin.com\/company\/natural-poland","https:\/\/www.youtube.com\/channel\/UCgeGGkvOMahZo-xu_MSEWxg"]}]}},"_links":{"self":[{"href":"https:\/\/naturalpoland.com\/cs\/wp-json\/wp\/v2\/product\/24779","targetHints":{"allow":["GET"]}}],"collection":[{"href":"https:\/\/naturalpoland.com\/cs\/wp-json\/wp\/v2\/product"}],"about":[{"href":"https:\/\/naturalpoland.com\/cs\/wp-json\/wp\/v2\/types\/product"}],"wp:featuredmedia":[{"embeddable":true,"href":"https:\/\/naturalpoland.com\/cs\/wp-json\/wp\/v2\/media\/24752"}],"wp:attachment":[{"href":"https:\/\/naturalpoland.com\/cs\/wp-json\/wp\/v2\/media?parent=24779"}],"wp:term":[{"taxonomy":"product_brand","embeddable":true,"href":"https:\/\/naturalpoland.com\/cs\/wp-json\/wp\/v2\/product_brand?post=24779"},{"taxonomy":"product_cat","embeddable":true,"href":"https:\/\/naturalpoland.com\/cs\/wp-json\/wp\/v2\/product_cat?post=24779"},{"taxonomy":"product_tag","embeddable":true,"href":"https:\/\/naturalpoland.com\/cs\/wp-json\/wp\/v2\/product_tag?post=24779"}],"curies":[{"name":"wp","href":"https:\/\/api.w.org\/{rel}","templated":true}]}}