{"id":24782,"date":"2023-08-10T10:11:35","date_gmt":"2023-08-10T09:13:28","guid":{"rendered":"https:\/\/naturalpoland.com\/produkty\/nezarazene\/krmivo-pro-ryby\/"},"modified":"2023-08-10T11:13:28","modified_gmt":"2023-08-10T09:13:28","slug":"potraviny-pro-ryby","status":"publish","type":"product","link":"https:\/\/naturalpoland.com\/cs\/produkty\/suroviny-pro-krmiva-pro-zvirata\/potraviny-pro-ryby\/","title":{"rendered":"Krmivo pro ryby"},"content":{"rendered":"<p><strong>Krmivo pro \u017eelvy<\/strong> bylo sestaveno s ohledem na jejich specifick\u00e9 metabolick\u00e9 pot\u0159eby a poskytuje spr\u00e1vn\u00e9 mno\u017estv\u00ed vitam\u00edn\u016f a miner\u00e1l\u016f nezbytn\u00fdch pro zdrav\u00fd r\u016fst.<\/p>\n<p>Na\u0161e <strong>krmiva pro jez\u00edrka<\/strong> v z\u00e1kladn\u00ed i pr\u00e9miov\u00e9 verzi byla vyvinuta pro r\u016fzn\u00e9 druhy ryb, od kapr\u016f a\u017e po choulostiv\u011bj\u0161\u00ed okrasn\u00e9 ryby.<\/p>\n<p><strong>Granule pro exotick\u00e9 ryby a cichlidy<\/strong> dod\u00e1vaj\u00ed spr\u00e1vn\u00e9 \u017eiviny, kter\u00e9 udr\u017euj\u00ed tyto fascinuj\u00edc\u00ed tvory z\u00e1\u0159iv\u011b zbarven\u00e9 a zdrav\u00e9.<\/p>\n<p>&nbsp;<\/p>\n<h2><strong>Extrud\u00e1ty<\/strong><\/h2>\n<p>Pokud hovo\u0159\u00edme o modern\u00edm chovu ryb, jsou extrud\u00e1ty ned\u00edlnou sou\u010d\u00e1st\u00ed stravy. Jedn\u00e1 se o produkty, kter\u00e9 pro\u0161ly speci\u00e1ln\u00edm tepeln\u00fdm zpracov\u00e1n\u00edm, kter\u00e9 zvy\u0161uje jejich stravitelnost a v\u00fd\u017eivovou hodnotu.<\/p>\n<p>N\u00e1\u0161 <strong>extrud\u00e1t pro ryby Koi<\/strong> je sestaven tak, aby poskytoval plnohodnotn\u00e9 krmivo, kter\u00e9 nejen spl\u0148uje jejich nutri\u010dn\u00ed pot\u0159eby, ale tak\u00e9 p\u0159isp\u00edv\u00e1 ke zdrav\u00e9mu r\u016fstu a kr\u00e1sn\u00e9mu vybarven\u00ed. Nab\u00eddkou r\u016fzn\u00fdch variant &#8211; od z\u00e1kladn\u00edch a\u017e po pr\u00e9miov\u00e9 &#8211; se sna\u017e\u00edme splnit po\u017eadavky i t\u011bch nejn\u00e1ro\u010dn\u011bj\u0161\u00edch p\u011bstitel\u016f.<\/p>\n<p>&nbsp;<\/p>\n<h2><strong>  \u0158asy<\/strong><\/h2>\n<p>Ve sv\u011bt\u011b akvakultury jsou \u0159asy st\u00e1le popul\u00e1rn\u011bj\u0161\u00ed jako kl\u00ed\u010dov\u00e1 slo\u017eka stravy ryb. Jejich v\u00fd\u017eivov\u00e1 hodnota a bohatstv\u00ed vitam\u00edn\u016f a miner\u00e1l\u016f z nich \u010din\u00ed nejen potravinu, ale tak\u00e9 p\u0159\u00edrodn\u00ed dopln\u011bk, kter\u00fd p\u0159isp\u00edv\u00e1 ke zdrav\u00ed a vitalit\u011b ryb.<\/p>\n<p>Pr\u00e1\u0161ek <strong>spiruliny<\/strong> je vynikaj\u00edc\u00edm zdrojem b\u00edlkovin a obsahuje v\u0161echny esenci\u00e1ln\u00ed aminokyseliny, kter\u00e9 jsou kl\u00ed\u010dov\u00e9 pro zdrav\u00fd r\u016fst ryb. Jeho intenzivn\u00ed barva tak\u00e9 pom\u00e1h\u00e1 obohatit barvu ryb a \u010din\u00ed je vizu\u00e1ln\u011b atraktivn\u011bj\u0161\u00edmi.<\/p>\n<p><strong>Mou\u010dka Ascophyllum<\/strong> naopak dod\u00e1v\u00e1 miner\u00e1ln\u00ed l\u00e1tky, jako je j\u00f3d, kter\u00fd je nezbytn\u00fd pro spr\u00e1vnou funkci \u0161t\u00edtn\u00e9 \u017el\u00e1zy ryb.<\/p>\n<p>\u0158asy nav\u00edc p\u016fsob\u00ed jako p\u0159\u00edrodn\u00ed probiotika a podporuj\u00ed zdravou mikrofl\u00f3ru tr\u00e1vic\u00edho traktu ryb. Za\u0159azen\u00ed \u0159as do j\u00eddeln\u00ed\u010dku ryb je investic\u00ed do jejich zdrav\u00ed, vitality a lep\u0161\u00edho chovu.<\/p>\n<p>&nbsp;<\/p>\n<h2><strong>Ryb\u00ed vlo\u010dky<\/strong><\/h2>\n<p>Vlo\u010dky jsou jedn\u00edm z nejtradi\u010dn\u011bj\u0161\u00edch a nejb\u011b\u017en\u011bj\u0161\u00edch zp\u016fsob\u016f krmen\u00ed ryb. D\u00edky sv\u00e9 rozmanitosti a bohatosti na \u017eiviny jsou vynikaj\u00edc\u00ed volbou pro chovatele a akvaristy.<\/p>\n<p><strong>Vlo\u010dky Tropical Fish<\/strong> a jejich pr\u00e9miov\u00e1 verze jsou navr\u017eeny tak, aby poskytovaly v\u0161echny z\u00e1kladn\u00ed \u017eiviny pot\u0159ebn\u00e9 pro zdrav\u00fd r\u016fst ryb.<\/p>\n<p>Odr\u016fdy <strong>Malawi Flake<\/strong> a <strong>Tanganyika Flake<\/strong> byly vyvinuty pro ryby z t\u011bchto africk\u00fdch oblast\u00ed s ohledem na jejich specifick\u00e9 nutri\u010dn\u00ed pot\u0159eby.<\/p>\n<p><strong>Bylinn\u00e9 vlo\u010dky<\/strong> se <strong>spirulinou<\/strong> nebo <strong>artemi\u00ed<\/strong> dod\u00e1vaj\u00ed ryb\u00e1m dal\u0161\u00ed vitam\u00edny a miner\u00e1ly, kter\u00e9 podporuj\u00ed jejich tr\u00e1ven\u00ed, r\u016fst a celkovou kondici.<\/p>\n<p>Chobotnice, <strong>kril<\/strong> nebo <strong>vlo\u010dky pro<\/strong> <strong>zlat\u00e9 rybky<\/strong> jsou chutn\u00e9 pochoutky, kter\u00e9 ryb\u00e1m obohat\u00ed j\u00eddeln\u00ed\u010dek a dodaj\u00ed jim b\u00edlkoviny a tuky, kter\u00e9 pot\u0159ebuj\u00ed, aby se jim da\u0159ilo.<\/p>\n<p>Rybni\u010dn\u00ed <strong>vlo\u010dky<\/strong> jsou ide\u00e1ln\u00ed pro ryby \u017eij\u00edc\u00ed v jez\u00edrk\u00e1ch a rybn\u00ed\u010dc\u00edch, kter\u00fdm poskytuj\u00ed komplexn\u00ed stravu na ka\u017ed\u00fd den.<\/p>\n<p>&nbsp;<\/p>\n<h2><strong>Ryb\u00ed tablety<\/strong><\/h2>\n<p>Tablety jsou extr\u00e9mn\u011b koncentrovan\u00fdm krmivem, kter\u00e9 ryb\u00e1m poskytuje bohatou d\u00e1vku \u017eivin v kompaktn\u00ed form\u011b.<\/p>\n<p>Z\u00e1kladn\u00ed <strong>\u010derven\u00e9<\/strong> a <strong>zelen\u00e9<\/strong> <strong>tablety<\/strong> poskytuj\u00ed spr\u00e1vnou rovnov\u00e1hu \u017eivin, kter\u00e9 jsou nezbytn\u00e9 pro zdrav\u00ed ryb.<\/p>\n<p><strong>Tablety FD<\/strong> jsou vynikaj\u00edc\u00edm zdrojem b\u00edlkovin a jsou ide\u00e1ln\u00ed pro drav\u00e9 ryby.<\/p>\n<p><strong>Tablety spiruliny<\/strong> jsou nejen bohat\u00fdm zdrojem b\u00edlkovin, ale tak\u00e9 p\u0159irozen\u00fdm zdrojem vitam\u00edn\u016f, miner\u00e1l\u016f a antioxidant\u016f, kter\u00e9 podporuj\u00ed zdrav\u00ed ryb a pom\u00e1haj\u00ed udr\u017eovat jejich kr\u00e1snou barvu.<\/p>\n<p><strong>Pr\u00e9miov\u00e9 tablety pro tropick\u00e9 ryby<\/strong> jsou naopak \u0159e\u0161en\u00edm pro nejn\u00e1ro\u010dn\u011bj\u0161\u00ed chovatele, kte\u0159\u00ed cht\u011bj\u00ed sv\u00fdm ryb\u00e1m poskytnout tu nejlep\u0161\u00ed mo\u017enou stravu.<\/p>\n<p>V\u0161echny tablety byly navr\u017eeny tak, aby vyhovovaly specifick\u00fdm pot\u0159eb\u00e1m r\u016fzn\u00fdch druh\u016f ryb, tak\u017ee ka\u017ed\u00fd chovatel ryb si najde n\u011bco vhodn\u00e9ho pro svou farmu.<\/p>\n<p>&nbsp;<\/p>\n","protected":false},"excerpt":{"rendered":"<p>V dne\u0161n\u00ed akvakultu\u0159e rozhoduje o zdrav\u00ed, vitalit\u011b a efektivit\u011b farmy kvalita krmiva pro ryby. Spr\u00e1vn\u00e9 krmivo poskytuje ryb\u00e1m zdravou stravu, kter\u00e1 podporuje jejich r\u016fst, barvu a celkovou kondici.<\/p>\n","protected":false},"featured_media":31315,"template":"","meta":{"_acf_changed":false},"product_brand":[],"product_cat":[2507],"product_tag":[],"class_list":{"0":"post-24782","1":"product","2":"type-product","3":"status-publish","4":"has-post-thumbnail","6":"product_cat-suroviny-pro-krmiva-pro-zvirata","8":"first","9":"instock","10":"shipping-taxable","11":"product-type-simple"},"acf":[],"yoast_head":"<!-- This site is optimized with the Yoast SEO plugin v27.5 - https:\/\/yoast.com\/product\/yoast-seo-wordpress\/ -->\n<title>Krmivo pro ryby - Velkoobchodn\u00ed distributor<\/title>\n<meta name=\"description\" content=\"Spr\u00e1vn\u00e9 krmivo poskytuje ryb\u00e1m zdravou stravu, kter\u00e1 podporuje jejich r\u016fst, barvu a celkovou kondici. Pod\u00edvejte se na na\u0161i velkoobchodn\u00ed nab\u00eddku.\" \/>\n<meta name=\"robots\" content=\"index, follow, max-snippet:-1, max-image-preview:large, max-video-preview:-1\" \/>\n<link rel=\"canonical\" href=\"https:\/\/naturalpoland.com\/cs\/produkty\/suroviny-pro-krmiva-pro-zvirata\/potraviny-pro-ryby\/\" \/>\n<meta property=\"og:locale\" content=\"cs_CZ\" \/>\n<meta property=\"og:type\" content=\"article\" \/>\n<meta property=\"og:title\" content=\"Krmivo pro ryby - Velkoobchodn\u00ed distributor\" \/>\n<meta property=\"og:description\" content=\"Spr\u00e1vn\u00e9 krmivo poskytuje ryb\u00e1m zdravou stravu, kter\u00e1 podporuje jejich r\u016fst, barvu a celkovou kondici. Pod\u00edvejte se na na\u0161i velkoobchodn\u00ed nab\u00eddku.\" \/>\n<meta property=\"og:url\" content=\"https:\/\/naturalpoland.com\/cs\/produkty\/suroviny-pro-krmiva-pro-zvirata\/potraviny-pro-ryby\/\" \/>\n<meta property=\"og:site_name\" content=\"NATURAL POLAND - Velkoobchodn\u00ed distributor surovin\" \/>\n<meta property=\"article:publisher\" content=\"https:\/\/www.facebook.com\/naturalpoland.b2b\" \/>\n<meta property=\"og:image\" content=\"https:\/\/naturalpoland.com\/wp-content\/uploads\/fish-food.jpg\" \/>\n\t<meta property=\"og:image:width\" content=\"500\" \/>\n\t<meta property=\"og:image:height\" content=\"500\" \/>\n\t<meta property=\"og:image:type\" content=\"image\/jpeg\" \/>\n<script type=\"application\/ld+json\" class=\"yoast-schema-graph\">{\"@context\":\"https:\\\/\\\/schema.org\",\"@graph\":[{\"@type\":\"WebPage\",\"@id\":\"https:\\\/\\\/naturalpoland.com\\\/cs\\\/produkty\\\/suroviny-pro-krmiva-pro-zvirata\\\/potraviny-pro-ryby\\\/\",\"url\":\"https:\\\/\\\/naturalpoland.com\\\/cs\\\/produkty\\\/suroviny-pro-krmiva-pro-zvirata\\\/potraviny-pro-ryby\\\/\",\"name\":\"Krmivo pro ryby - Velkoobchodn\u00ed distributor\",\"isPartOf\":{\"@id\":\"https:\\\/\\\/naturalpoland.com\\\/cs\\\/#website\"},\"primaryImageOfPage\":{\"@id\":\"https:\\\/\\\/naturalpoland.com\\\/cs\\\/produkty\\\/suroviny-pro-krmiva-pro-zvirata\\\/potraviny-pro-ryby\\\/#primaryimage\"},\"image\":{\"@id\":\"https:\\\/\\\/naturalpoland.com\\\/cs\\\/produkty\\\/suroviny-pro-krmiva-pro-zvirata\\\/potraviny-pro-ryby\\\/#primaryimage\"},\"thumbnailUrl\":\"https:\\\/\\\/naturalpoland.com\\\/wp-content\\\/uploads\\\/fish-food.jpg\",\"datePublished\":\"2023-08-10T09:13:28+00:00\",\"description\":\"Spr\u00e1vn\u00e9 krmivo poskytuje ryb\u00e1m zdravou stravu, kter\u00e1 podporuje jejich r\u016fst, barvu a celkovou kondici. Pod\u00edvejte se na na\u0161i velkoobchodn\u00ed nab\u00eddku.\",\"breadcrumb\":{\"@id\":\"https:\\\/\\\/naturalpoland.com\\\/cs\\\/produkty\\\/suroviny-pro-krmiva-pro-zvirata\\\/potraviny-pro-ryby\\\/#breadcrumb\"},\"inLanguage\":\"cs\",\"potentialAction\":[{\"@type\":\"ReadAction\",\"target\":[\"https:\\\/\\\/naturalpoland.com\\\/cs\\\/produkty\\\/suroviny-pro-krmiva-pro-zvirata\\\/potraviny-pro-ryby\\\/\"]}]},{\"@type\":\"ImageObject\",\"inLanguage\":\"cs\",\"@id\":\"https:\\\/\\\/naturalpoland.com\\\/cs\\\/produkty\\\/suroviny-pro-krmiva-pro-zvirata\\\/potraviny-pro-ryby\\\/#primaryimage\",\"url\":\"https:\\\/\\\/naturalpoland.com\\\/wp-content\\\/uploads\\\/fish-food.jpg\",\"contentUrl\":\"https:\\\/\\\/naturalpoland.com\\\/wp-content\\\/uploads\\\/fish-food.jpg\",\"width\":500,\"height\":500,\"caption\":\"fish food\"},{\"@type\":\"BreadcrumbList\",\"@id\":\"https:\\\/\\\/naturalpoland.com\\\/cs\\\/produkty\\\/suroviny-pro-krmiva-pro-zvirata\\\/potraviny-pro-ryby\\\/#breadcrumb\",\"itemListElement\":[{\"@type\":\"ListItem\",\"position\":1,\"name\":\"Dom\u016f\",\"item\":\"https:\\\/\\\/naturalpoland.com\\\/cs\\\/\"},{\"@type\":\"ListItem\",\"position\":2,\"name\":\"Produkty\",\"item\":\"https:\\\/\\\/naturalpoland.com\\\/cs\\\/produkty\\\/\"},{\"@type\":\"ListItem\",\"position\":3,\"name\":\"Krmivo pro ryby\"}]},{\"@type\":\"WebSite\",\"@id\":\"https:\\\/\\\/naturalpoland.com\\\/cs\\\/#website\",\"url\":\"https:\\\/\\\/naturalpoland.com\\\/cs\\\/\",\"name\":\"NATURAL POLAND - Velkoobchodn\u00ed distributor surovin\",\"description\":\"Surowce dla przemys\u0142u spo\u017cywczego, kosmetycznego i farmaceutycznego\",\"publisher\":{\"@id\":\"https:\\\/\\\/naturalpoland.com\\\/cs\\\/#organization\"},\"potentialAction\":[{\"@type\":\"SearchAction\",\"target\":{\"@type\":\"EntryPoint\",\"urlTemplate\":\"https:\\\/\\\/naturalpoland.com\\\/cs\\\/?s={search_term_string}\"},\"query-input\":{\"@type\":\"PropertyValueSpecification\",\"valueRequired\":true,\"valueName\":\"search_term_string\"}}],\"inLanguage\":\"cs\"},{\"@type\":\"Organization\",\"@id\":\"https:\\\/\\\/naturalpoland.com\\\/cs\\\/#organization\",\"name\":\"Natural Poland\",\"url\":\"https:\\\/\\\/naturalpoland.com\\\/cs\\\/\",\"logo\":{\"@type\":\"ImageObject\",\"inLanguage\":\"cs\",\"@id\":\"https:\\\/\\\/naturalpoland.com\\\/cs\\\/#\\\/schema\\\/logo\\\/image\\\/\",\"url\":\"https:\\\/\\\/naturalpoland.com\\\/wp-content\\\/uploads\\\/2021\\\/05\\\/natural-poland-icon.png\",\"contentUrl\":\"https:\\\/\\\/naturalpoland.com\\\/wp-content\\\/uploads\\\/2021\\\/05\\\/natural-poland-icon.png\",\"width\":512,\"height\":512,\"caption\":\"Natural Poland\"},\"image\":{\"@id\":\"https:\\\/\\\/naturalpoland.com\\\/cs\\\/#\\\/schema\\\/logo\\\/image\\\/\"},\"sameAs\":[\"https:\\\/\\\/www.facebook.com\\\/naturalpoland.b2b\",\"https:\\\/\\\/pl.linkedin.com\\\/company\\\/natural-poland\",\"https:\\\/\\\/www.youtube.com\\\/channel\\\/UCgeGGkvOMahZo-xu_MSEWxg\"]}]}<\/script>\n<!-- \/ Yoast SEO plugin. -->","yoast_head_json":{"title":"Krmivo pro ryby - Velkoobchodn\u00ed distributor","description":"Spr\u00e1vn\u00e9 krmivo poskytuje ryb\u00e1m zdravou stravu, kter\u00e1 podporuje jejich r\u016fst, barvu a celkovou kondici. Pod\u00edvejte se na na\u0161i velkoobchodn\u00ed nab\u00eddku.","robots":{"index":"index","follow":"follow","max-snippet":"max-snippet:-1","max-image-preview":"max-image-preview:large","max-video-preview":"max-video-preview:-1"},"canonical":"https:\/\/naturalpoland.com\/cs\/produkty\/suroviny-pro-krmiva-pro-zvirata\/potraviny-pro-ryby\/","og_locale":"cs_CZ","og_type":"article","og_title":"Krmivo pro ryby - Velkoobchodn\u00ed distributor","og_description":"Spr\u00e1vn\u00e9 krmivo poskytuje ryb\u00e1m zdravou stravu, kter\u00e1 podporuje jejich r\u016fst, barvu a celkovou kondici. Pod\u00edvejte se na na\u0161i velkoobchodn\u00ed nab\u00eddku.","og_url":"https:\/\/naturalpoland.com\/cs\/produkty\/suroviny-pro-krmiva-pro-zvirata\/potraviny-pro-ryby\/","og_site_name":"NATURAL POLAND - Velkoobchodn\u00ed distributor surovin","article_publisher":"https:\/\/www.facebook.com\/naturalpoland.b2b","og_image":[{"width":500,"height":500,"url":"https:\/\/naturalpoland.com\/wp-content\/uploads\/fish-food.jpg","type":"image\/jpeg"}],"schema":{"@context":"https:\/\/schema.org","@graph":[{"@type":"WebPage","@id":"https:\/\/naturalpoland.com\/cs\/produkty\/suroviny-pro-krmiva-pro-zvirata\/potraviny-pro-ryby\/","url":"https:\/\/naturalpoland.com\/cs\/produkty\/suroviny-pro-krmiva-pro-zvirata\/potraviny-pro-ryby\/","name":"Krmivo pro ryby - Velkoobchodn\u00ed distributor","isPartOf":{"@id":"https:\/\/naturalpoland.com\/cs\/#website"},"primaryImageOfPage":{"@id":"https:\/\/naturalpoland.com\/cs\/produkty\/suroviny-pro-krmiva-pro-zvirata\/potraviny-pro-ryby\/#primaryimage"},"image":{"@id":"https:\/\/naturalpoland.com\/cs\/produkty\/suroviny-pro-krmiva-pro-zvirata\/potraviny-pro-ryby\/#primaryimage"},"thumbnailUrl":"https:\/\/naturalpoland.com\/wp-content\/uploads\/fish-food.jpg","datePublished":"2023-08-10T09:13:28+00:00","description":"Spr\u00e1vn\u00e9 krmivo poskytuje ryb\u00e1m zdravou stravu, kter\u00e1 podporuje jejich r\u016fst, barvu a celkovou kondici. Pod\u00edvejte se na na\u0161i velkoobchodn\u00ed nab\u00eddku.","breadcrumb":{"@id":"https:\/\/naturalpoland.com\/cs\/produkty\/suroviny-pro-krmiva-pro-zvirata\/potraviny-pro-ryby\/#breadcrumb"},"inLanguage":"cs","potentialAction":[{"@type":"ReadAction","target":["https:\/\/naturalpoland.com\/cs\/produkty\/suroviny-pro-krmiva-pro-zvirata\/potraviny-pro-ryby\/"]}]},{"@type":"ImageObject","inLanguage":"cs","@id":"https:\/\/naturalpoland.com\/cs\/produkty\/suroviny-pro-krmiva-pro-zvirata\/potraviny-pro-ryby\/#primaryimage","url":"https:\/\/naturalpoland.com\/wp-content\/uploads\/fish-food.jpg","contentUrl":"https:\/\/naturalpoland.com\/wp-content\/uploads\/fish-food.jpg","width":500,"height":500,"caption":"fish food"},{"@type":"BreadcrumbList","@id":"https:\/\/naturalpoland.com\/cs\/produkty\/suroviny-pro-krmiva-pro-zvirata\/potraviny-pro-ryby\/#breadcrumb","itemListElement":[{"@type":"ListItem","position":1,"name":"Dom\u016f","item":"https:\/\/naturalpoland.com\/cs\/"},{"@type":"ListItem","position":2,"name":"Produkty","item":"https:\/\/naturalpoland.com\/cs\/produkty\/"},{"@type":"ListItem","position":3,"name":"Krmivo pro ryby"}]},{"@type":"WebSite","@id":"https:\/\/naturalpoland.com\/cs\/#website","url":"https:\/\/naturalpoland.com\/cs\/","name":"NATURAL POLAND - Velkoobchodn\u00ed distributor surovin","description":"Surowce dla przemys\u0142u spo\u017cywczego, kosmetycznego i farmaceutycznego","publisher":{"@id":"https:\/\/naturalpoland.com\/cs\/#organization"},"potentialAction":[{"@type":"SearchAction","target":{"@type":"EntryPoint","urlTemplate":"https:\/\/naturalpoland.com\/cs\/?s={search_term_string}"},"query-input":{"@type":"PropertyValueSpecification","valueRequired":true,"valueName":"search_term_string"}}],"inLanguage":"cs"},{"@type":"Organization","@id":"https:\/\/naturalpoland.com\/cs\/#organization","name":"Natural Poland","url":"https:\/\/naturalpoland.com\/cs\/","logo":{"@type":"ImageObject","inLanguage":"cs","@id":"https:\/\/naturalpoland.com\/cs\/#\/schema\/logo\/image\/","url":"https:\/\/naturalpoland.com\/wp-content\/uploads\/2021\/05\/natural-poland-icon.png","contentUrl":"https:\/\/naturalpoland.com\/wp-content\/uploads\/2021\/05\/natural-poland-icon.png","width":512,"height":512,"caption":"Natural Poland"},"image":{"@id":"https:\/\/naturalpoland.com\/cs\/#\/schema\/logo\/image\/"},"sameAs":["https:\/\/www.facebook.com\/naturalpoland.b2b","https:\/\/pl.linkedin.com\/company\/natural-poland","https:\/\/www.youtube.com\/channel\/UCgeGGkvOMahZo-xu_MSEWxg"]}]}},"_links":{"self":[{"href":"https:\/\/naturalpoland.com\/cs\/wp-json\/wp\/v2\/product\/24782","targetHints":{"allow":["GET"]}}],"collection":[{"href":"https:\/\/naturalpoland.com\/cs\/wp-json\/wp\/v2\/product"}],"about":[{"href":"https:\/\/naturalpoland.com\/cs\/wp-json\/wp\/v2\/types\/product"}],"wp:featuredmedia":[{"embeddable":true,"href":"https:\/\/naturalpoland.com\/cs\/wp-json\/wp\/v2\/media\/31315"}],"wp:attachment":[{"href":"https:\/\/naturalpoland.com\/cs\/wp-json\/wp\/v2\/media?parent=24782"}],"wp:term":[{"taxonomy":"product_brand","embeddable":true,"href":"https:\/\/naturalpoland.com\/cs\/wp-json\/wp\/v2\/product_brand?post=24782"},{"taxonomy":"product_cat","embeddable":true,"href":"https:\/\/naturalpoland.com\/cs\/wp-json\/wp\/v2\/product_cat?post=24782"},{"taxonomy":"product_tag","embeddable":true,"href":"https:\/\/naturalpoland.com\/cs\/wp-json\/wp\/v2\/product_tag?post=24782"}],"curies":[{"name":"wp","href":"https:\/\/api.w.org\/{rel}","templated":true}]}}