{"id":24804,"date":"2023-08-08T12:01:43","date_gmt":"2023-08-10T09:14:55","guid":{"rendered":"https:\/\/naturalpoland.com\/produkty\/nezarazene\/ryby\/"},"modified":"2023-08-10T11:14:55","modified_gmt":"2023-08-10T09:14:55","slug":"ryby","status":"publish","type":"product","link":"https:\/\/naturalpoland.com\/cs\/produkty\/suroviny-pro-krmiva-pro-zvirata\/ryby\/","title":{"rendered":"Ryby"},"content":{"rendered":"<p>Mlad\u00e9 <strong>rybky<\/strong> o d\u00e9lce 1 a\u017e 3 cm a o n\u011bco v\u011bt\u0161\u00ed, m\u011b\u0159\u00edc\u00ed 4 a\u017e 7 cm, jsou ide\u00e1ln\u00edm zdrojem b\u00edlkovin pro mal\u00e9 dravce, rybo\u017erav\u00e9 pt\u00e1ky nebo plazy.<\/p>\n<p><strong>\u0160proty<\/strong> dlouh\u00e9 4-7 cm jsou skute\u010dnou pochoutkou nejen pro ko\u010dky. Jsou obl\u00edbenou potravou mnoha druh\u016f zv\u00ed\u0159at, kter\u00fdm poskytuj\u00ed z\u00e1kladn\u00ed \u017eiviny.<\/p>\n<p><strong>Tubifex<\/strong> (FD) je vodn\u00ed krou\u017ekovec bohat\u00fd na b\u00edlkoviny, kter\u00fd je vynikaj\u00edc\u00edm dopl\u0148kem stravy mnoha druh\u016f akvarijn\u00edch ryb. <strong>Chud\u00e1 ryb\u00ed mou\u010dka s &#8222;n\u00edzk\u00fdm obsahem popela<\/strong> &#8220; a <strong>CPSP 90<\/strong> jsou vysoce kvalitn\u00ed produkty, kter\u00e9 lze \u00fasp\u011b\u0161n\u011b pou\u017e\u00edt jako p\u0159\u00edsady do krmiv pro dom\u00e1c\u00ed zv\u00ed\u0159ata a kter\u00e9 poskytuj\u00ed kompletn\u00ed zdroj b\u00edlkovin.<\/p>\n","protected":false},"excerpt":{"rendered":"<p><strong>Ryby jako dopln\u011bk stravy \u017eivo\u010di\u0161n\u00e9ho p\u016fvodu<\/strong> jsou bohat\u00e9 na b\u00edlkoviny, omega-3 tuky a mnoho dal\u0161\u00edch kl\u00ed\u010dov\u00fdch \u017eivin, co\u017e z nich \u010din\u00ed kompletn\u00ed a pestrou potravu.<\/p>\n","protected":false},"featured_media":24691,"template":"","meta":{"_acf_changed":false},"product_brand":[],"product_cat":[2507],"product_tag":[],"class_list":{"0":"post-24804","1":"product","2":"type-product","3":"status-publish","4":"has-post-thumbnail","6":"product_cat-suroviny-pro-krmiva-pro-zvirata","8":"first","9":"instock","10":"shipping-taxable","11":"product-type-simple"},"acf":[],"yoast_head":"<!-- This site is optimized with the Yoast SEO plugin v27.4 - https:\/\/yoast.com\/product\/yoast-seo-wordpress\/ -->\n<title>Ryby - Velkoobchodn\u00ed distributor<\/title>\n<meta name=\"description\" content=\"Ryb\u00ed krmivo pro dom\u00e1c\u00ed zv\u00ed\u0159ata je bohat\u00e9 na b\u00edlkoviny, omega-3 tuky a mnoho dal\u0161\u00edch kl\u00ed\u010dov\u00fdch \u017eivin, kter\u00e9 z n\u011bj \u010din\u00ed kompletn\u00ed krmivo.\" \/>\n<meta name=\"robots\" content=\"index, follow, max-snippet:-1, max-image-preview:large, max-video-preview:-1\" \/>\n<link rel=\"canonical\" href=\"https:\/\/naturalpoland.com\/cs\/produkty\/suroviny-pro-krmiva-pro-zvirata\/ryby\/\" \/>\n<meta property=\"og:locale\" content=\"cs_CZ\" \/>\n<meta property=\"og:type\" content=\"article\" \/>\n<meta property=\"og:title\" content=\"Ryby - Velkoobchodn\u00ed distributor\" \/>\n<meta property=\"og:description\" content=\"Ryb\u00ed krmivo pro dom\u00e1c\u00ed zv\u00ed\u0159ata je bohat\u00e9 na b\u00edlkoviny, omega-3 tuky a mnoho dal\u0161\u00edch kl\u00ed\u010dov\u00fdch \u017eivin, kter\u00e9 z n\u011bj \u010din\u00ed kompletn\u00ed krmivo.\" \/>\n<meta property=\"og:url\" content=\"https:\/\/naturalpoland.com\/cs\/produkty\/suroviny-pro-krmiva-pro-zvirata\/ryby\/\" \/>\n<meta property=\"og:site_name\" content=\"NATURAL POLAND - Velkoobchodn\u00ed distributor surovin\" \/>\n<meta property=\"article:publisher\" content=\"https:\/\/www.facebook.com\/naturalpoland.b2b\" \/>\n<meta property=\"og:image\" content=\"https:\/\/naturalpoland.com\/wp-content\/uploads\/ryby-do-karm-dla-zwierzat.png\" \/>\n\t<meta property=\"og:image:width\" content=\"575\" \/>\n\t<meta property=\"og:image:height\" content=\"575\" \/>\n\t<meta property=\"og:image:type\" content=\"image\/png\" \/>\n<script type=\"application\/ld+json\" class=\"yoast-schema-graph\">{\"@context\":\"https:\\\/\\\/schema.org\",\"@graph\":[{\"@type\":\"WebPage\",\"@id\":\"https:\\\/\\\/naturalpoland.com\\\/cs\\\/produkty\\\/suroviny-pro-krmiva-pro-zvirata\\\/ryby\\\/\",\"url\":\"https:\\\/\\\/naturalpoland.com\\\/cs\\\/produkty\\\/suroviny-pro-krmiva-pro-zvirata\\\/ryby\\\/\",\"name\":\"Ryby - Velkoobchodn\u00ed distributor\",\"isPartOf\":{\"@id\":\"https:\\\/\\\/naturalpoland.com\\\/cs\\\/#website\"},\"primaryImageOfPage\":{\"@id\":\"https:\\\/\\\/naturalpoland.com\\\/cs\\\/produkty\\\/suroviny-pro-krmiva-pro-zvirata\\\/ryby\\\/#primaryimage\"},\"image\":{\"@id\":\"https:\\\/\\\/naturalpoland.com\\\/cs\\\/produkty\\\/suroviny-pro-krmiva-pro-zvirata\\\/ryby\\\/#primaryimage\"},\"thumbnailUrl\":\"https:\\\/\\\/naturalpoland.com\\\/wp-content\\\/uploads\\\/ryby-do-karm-dla-zwierzat.png\",\"datePublished\":\"2023-08-10T09:14:55+00:00\",\"description\":\"Ryb\u00ed krmivo pro dom\u00e1c\u00ed zv\u00ed\u0159ata je bohat\u00e9 na b\u00edlkoviny, omega-3 tuky a mnoho dal\u0161\u00edch kl\u00ed\u010dov\u00fdch \u017eivin, kter\u00e9 z n\u011bj \u010din\u00ed kompletn\u00ed krmivo.\",\"breadcrumb\":{\"@id\":\"https:\\\/\\\/naturalpoland.com\\\/cs\\\/produkty\\\/suroviny-pro-krmiva-pro-zvirata\\\/ryby\\\/#breadcrumb\"},\"inLanguage\":\"cs\",\"potentialAction\":[{\"@type\":\"ReadAction\",\"target\":[\"https:\\\/\\\/naturalpoland.com\\\/cs\\\/produkty\\\/suroviny-pro-krmiva-pro-zvirata\\\/ryby\\\/\"]}]},{\"@type\":\"ImageObject\",\"inLanguage\":\"cs\",\"@id\":\"https:\\\/\\\/naturalpoland.com\\\/cs\\\/produkty\\\/suroviny-pro-krmiva-pro-zvirata\\\/ryby\\\/#primaryimage\",\"url\":\"https:\\\/\\\/naturalpoland.com\\\/wp-content\\\/uploads\\\/ryby-do-karm-dla-zwierzat.png\",\"contentUrl\":\"https:\\\/\\\/naturalpoland.com\\\/wp-content\\\/uploads\\\/ryby-do-karm-dla-zwierzat.png\",\"width\":575,\"height\":575,\"caption\":\"ryby pro krmivo pro dom\u00e1c\u00ed zv\u00ed\u0159ata\"},{\"@type\":\"BreadcrumbList\",\"@id\":\"https:\\\/\\\/naturalpoland.com\\\/cs\\\/produkty\\\/suroviny-pro-krmiva-pro-zvirata\\\/ryby\\\/#breadcrumb\",\"itemListElement\":[{\"@type\":\"ListItem\",\"position\":1,\"name\":\"Dom\u016f\",\"item\":\"https:\\\/\\\/naturalpoland.com\\\/cs\\\/\"},{\"@type\":\"ListItem\",\"position\":2,\"name\":\"Produkty\",\"item\":\"https:\\\/\\\/naturalpoland.com\\\/cs\\\/produkty\\\/\"},{\"@type\":\"ListItem\",\"position\":3,\"name\":\"Ryby\"}]},{\"@type\":\"WebSite\",\"@id\":\"https:\\\/\\\/naturalpoland.com\\\/cs\\\/#website\",\"url\":\"https:\\\/\\\/naturalpoland.com\\\/cs\\\/\",\"name\":\"NATURAL POLAND - Velkoobchodn\u00ed distributor surovin\",\"description\":\"Surowce dla przemys\u0142u spo\u017cywczego, kosmetycznego i farmaceutycznego\",\"publisher\":{\"@id\":\"https:\\\/\\\/naturalpoland.com\\\/cs\\\/#organization\"},\"potentialAction\":[{\"@type\":\"SearchAction\",\"target\":{\"@type\":\"EntryPoint\",\"urlTemplate\":\"https:\\\/\\\/naturalpoland.com\\\/cs\\\/?s={search_term_string}\"},\"query-input\":{\"@type\":\"PropertyValueSpecification\",\"valueRequired\":true,\"valueName\":\"search_term_string\"}}],\"inLanguage\":\"cs\"},{\"@type\":\"Organization\",\"@id\":\"https:\\\/\\\/naturalpoland.com\\\/cs\\\/#organization\",\"name\":\"Natural Poland\",\"url\":\"https:\\\/\\\/naturalpoland.com\\\/cs\\\/\",\"logo\":{\"@type\":\"ImageObject\",\"inLanguage\":\"cs\",\"@id\":\"https:\\\/\\\/naturalpoland.com\\\/cs\\\/#\\\/schema\\\/logo\\\/image\\\/\",\"url\":\"https:\\\/\\\/naturalpoland.com\\\/wp-content\\\/uploads\\\/2021\\\/05\\\/natural-poland-icon.png\",\"contentUrl\":\"https:\\\/\\\/naturalpoland.com\\\/wp-content\\\/uploads\\\/2021\\\/05\\\/natural-poland-icon.png\",\"width\":512,\"height\":512,\"caption\":\"Natural Poland\"},\"image\":{\"@id\":\"https:\\\/\\\/naturalpoland.com\\\/cs\\\/#\\\/schema\\\/logo\\\/image\\\/\"},\"sameAs\":[\"https:\\\/\\\/www.facebook.com\\\/naturalpoland.b2b\",\"https:\\\/\\\/pl.linkedin.com\\\/company\\\/natural-poland\",\"https:\\\/\\\/www.youtube.com\\\/channel\\\/UCgeGGkvOMahZo-xu_MSEWxg\"]}]}<\/script>\n<!-- \/ Yoast SEO plugin. -->","yoast_head_json":{"title":"Ryby - Velkoobchodn\u00ed distributor","description":"Ryb\u00ed krmivo pro dom\u00e1c\u00ed zv\u00ed\u0159ata je bohat\u00e9 na b\u00edlkoviny, omega-3 tuky a mnoho dal\u0161\u00edch kl\u00ed\u010dov\u00fdch \u017eivin, kter\u00e9 z n\u011bj \u010din\u00ed kompletn\u00ed krmivo.","robots":{"index":"index","follow":"follow","max-snippet":"max-snippet:-1","max-image-preview":"max-image-preview:large","max-video-preview":"max-video-preview:-1"},"canonical":"https:\/\/naturalpoland.com\/cs\/produkty\/suroviny-pro-krmiva-pro-zvirata\/ryby\/","og_locale":"cs_CZ","og_type":"article","og_title":"Ryby - Velkoobchodn\u00ed distributor","og_description":"Ryb\u00ed krmivo pro dom\u00e1c\u00ed zv\u00ed\u0159ata je bohat\u00e9 na b\u00edlkoviny, omega-3 tuky a mnoho dal\u0161\u00edch kl\u00ed\u010dov\u00fdch \u017eivin, kter\u00e9 z n\u011bj \u010din\u00ed kompletn\u00ed krmivo.","og_url":"https:\/\/naturalpoland.com\/cs\/produkty\/suroviny-pro-krmiva-pro-zvirata\/ryby\/","og_site_name":"NATURAL POLAND - Velkoobchodn\u00ed distributor surovin","article_publisher":"https:\/\/www.facebook.com\/naturalpoland.b2b","og_image":[{"width":575,"height":575,"url":"https:\/\/naturalpoland.com\/wp-content\/uploads\/ryby-do-karm-dla-zwierzat.png","type":"image\/png"}],"schema":{"@context":"https:\/\/schema.org","@graph":[{"@type":"WebPage","@id":"https:\/\/naturalpoland.com\/cs\/produkty\/suroviny-pro-krmiva-pro-zvirata\/ryby\/","url":"https:\/\/naturalpoland.com\/cs\/produkty\/suroviny-pro-krmiva-pro-zvirata\/ryby\/","name":"Ryby - Velkoobchodn\u00ed distributor","isPartOf":{"@id":"https:\/\/naturalpoland.com\/cs\/#website"},"primaryImageOfPage":{"@id":"https:\/\/naturalpoland.com\/cs\/produkty\/suroviny-pro-krmiva-pro-zvirata\/ryby\/#primaryimage"},"image":{"@id":"https:\/\/naturalpoland.com\/cs\/produkty\/suroviny-pro-krmiva-pro-zvirata\/ryby\/#primaryimage"},"thumbnailUrl":"https:\/\/naturalpoland.com\/wp-content\/uploads\/ryby-do-karm-dla-zwierzat.png","datePublished":"2023-08-10T09:14:55+00:00","description":"Ryb\u00ed krmivo pro dom\u00e1c\u00ed zv\u00ed\u0159ata je bohat\u00e9 na b\u00edlkoviny, omega-3 tuky a mnoho dal\u0161\u00edch kl\u00ed\u010dov\u00fdch \u017eivin, kter\u00e9 z n\u011bj \u010din\u00ed kompletn\u00ed krmivo.","breadcrumb":{"@id":"https:\/\/naturalpoland.com\/cs\/produkty\/suroviny-pro-krmiva-pro-zvirata\/ryby\/#breadcrumb"},"inLanguage":"cs","potentialAction":[{"@type":"ReadAction","target":["https:\/\/naturalpoland.com\/cs\/produkty\/suroviny-pro-krmiva-pro-zvirata\/ryby\/"]}]},{"@type":"ImageObject","inLanguage":"cs","@id":"https:\/\/naturalpoland.com\/cs\/produkty\/suroviny-pro-krmiva-pro-zvirata\/ryby\/#primaryimage","url":"https:\/\/naturalpoland.com\/wp-content\/uploads\/ryby-do-karm-dla-zwierzat.png","contentUrl":"https:\/\/naturalpoland.com\/wp-content\/uploads\/ryby-do-karm-dla-zwierzat.png","width":575,"height":575,"caption":"ryby pro krmivo pro dom\u00e1c\u00ed zv\u00ed\u0159ata"},{"@type":"BreadcrumbList","@id":"https:\/\/naturalpoland.com\/cs\/produkty\/suroviny-pro-krmiva-pro-zvirata\/ryby\/#breadcrumb","itemListElement":[{"@type":"ListItem","position":1,"name":"Dom\u016f","item":"https:\/\/naturalpoland.com\/cs\/"},{"@type":"ListItem","position":2,"name":"Produkty","item":"https:\/\/naturalpoland.com\/cs\/produkty\/"},{"@type":"ListItem","position":3,"name":"Ryby"}]},{"@type":"WebSite","@id":"https:\/\/naturalpoland.com\/cs\/#website","url":"https:\/\/naturalpoland.com\/cs\/","name":"NATURAL POLAND - Velkoobchodn\u00ed distributor surovin","description":"Surowce dla przemys\u0142u spo\u017cywczego, kosmetycznego i farmaceutycznego","publisher":{"@id":"https:\/\/naturalpoland.com\/cs\/#organization"},"potentialAction":[{"@type":"SearchAction","target":{"@type":"EntryPoint","urlTemplate":"https:\/\/naturalpoland.com\/cs\/?s={search_term_string}"},"query-input":{"@type":"PropertyValueSpecification","valueRequired":true,"valueName":"search_term_string"}}],"inLanguage":"cs"},{"@type":"Organization","@id":"https:\/\/naturalpoland.com\/cs\/#organization","name":"Natural Poland","url":"https:\/\/naturalpoland.com\/cs\/","logo":{"@type":"ImageObject","inLanguage":"cs","@id":"https:\/\/naturalpoland.com\/cs\/#\/schema\/logo\/image\/","url":"https:\/\/naturalpoland.com\/wp-content\/uploads\/2021\/05\/natural-poland-icon.png","contentUrl":"https:\/\/naturalpoland.com\/wp-content\/uploads\/2021\/05\/natural-poland-icon.png","width":512,"height":512,"caption":"Natural Poland"},"image":{"@id":"https:\/\/naturalpoland.com\/cs\/#\/schema\/logo\/image\/"},"sameAs":["https:\/\/www.facebook.com\/naturalpoland.b2b","https:\/\/pl.linkedin.com\/company\/natural-poland","https:\/\/www.youtube.com\/channel\/UCgeGGkvOMahZo-xu_MSEWxg"]}]}},"_links":{"self":[{"href":"https:\/\/naturalpoland.com\/cs\/wp-json\/wp\/v2\/product\/24804","targetHints":{"allow":["GET"]}}],"collection":[{"href":"https:\/\/naturalpoland.com\/cs\/wp-json\/wp\/v2\/product"}],"about":[{"href":"https:\/\/naturalpoland.com\/cs\/wp-json\/wp\/v2\/types\/product"}],"wp:featuredmedia":[{"embeddable":true,"href":"https:\/\/naturalpoland.com\/cs\/wp-json\/wp\/v2\/media\/24691"}],"wp:attachment":[{"href":"https:\/\/naturalpoland.com\/cs\/wp-json\/wp\/v2\/media?parent=24804"}],"wp:term":[{"taxonomy":"product_brand","embeddable":true,"href":"https:\/\/naturalpoland.com\/cs\/wp-json\/wp\/v2\/product_brand?post=24804"},{"taxonomy":"product_cat","embeddable":true,"href":"https:\/\/naturalpoland.com\/cs\/wp-json\/wp\/v2\/product_cat?post=24804"},{"taxonomy":"product_tag","embeddable":true,"href":"https:\/\/naturalpoland.com\/cs\/wp-json\/wp\/v2\/product_tag?post=24804"}],"curies":[{"name":"wp","href":"https:\/\/api.w.org\/{rel}","templated":true}]}}