{"id":24808,"date":"2023-08-08T16:03:23","date_gmt":"2023-08-10T09:14:58","guid":{"rendered":"https:\/\/naturalpoland.com\/produkty\/nezarazene\/olivovy-skvalen\/"},"modified":"2023-08-10T11:14:58","modified_gmt":"2023-08-10T09:14:58","slug":"skvalan-olivovy","status":"publish","type":"product","link":"https:\/\/naturalpoland.com\/cs\/produkty\/produkty-pro-kosmeticky-prumysl\/kosmeticke-suroviny\/skvalan-olivovy\/","title":{"rendered":"Olivov\u00fd skvalen"},"content":{"rendered":"<p>Skvalan d\u00edky sv\u00fdm jedine\u010dn\u00fdm hydrata\u010dn\u00edm vlastnostem dokonale napodobuje p\u0159irozen\u00e9 lipidy poko\u017eky a pom\u00e1h\u00e1 ji udr\u017eovat pru\u017enou, jemnou a zdrav\u011b vypadaj\u00edc\u00ed. P\u016fsob\u00ed tak\u00e9 jako zvl\u00e1\u010d\u0148uj\u00edc\u00ed l\u00e1tka, kter\u00e1 zjem\u0148uje a vyhlazuje poko\u017eku, ani\u017e by zanech\u00e1vala pocit mastnoty.<\/p>\n<p>Pou\u017eit\u00ed olivov\u00e9ho skvalenu v kosmetick\u00fdch p\u0159\u00edpravc\u00edch je ide\u00e1ln\u00edm zp\u016fsobem, jak vy\u017eivovat poko\u017eku a vlasy a z\u00e1rove\u0148 vyu\u017e\u00edvat v\u00fdhod p\u0159\u00edrody. Tento v\u00fdrobek neobsahuje konzerva\u010dn\u00ed l\u00e1tky, parabeny a um\u011bl\u00e9 p\u0159\u00edsady a je vhodn\u00fd pro v\u0161echny typy pleti, v\u010detn\u011b citliv\u00e9.<\/p>\n","protected":false},"excerpt":{"rendered":"<p>Olivov\u00fd skvalan je \u010dist\u00e1 a p\u0159\u00edrodn\u00ed slo\u017eka, kter\u00e1 je cenn\u00fdm dopl\u0148kem mnoha kosmetick\u00fdch v\u00fdrobk\u016f. Tento pr\u016fzra\u010dn\u00fd a lehk\u00fd olej izolovan\u00fd z olivov\u00e9ho oleje m\u00e1 pro poko\u017eku mnoho blahod\u00e1rn\u00fdch \u00fa\u010dink\u016f.<\/p>\n","protected":false},"featured_media":24705,"template":"","meta":{"_acf_changed":false},"product_brand":[],"product_cat":[638],"product_tag":[],"class_list":{"0":"post-24808","1":"product","2":"type-product","3":"status-publish","4":"has-post-thumbnail","6":"product_cat-kosmeticke-suroviny","8":"first","9":"instock","10":"shipping-taxable","11":"product-type-simple"},"acf":[],"yoast_head":"<!-- This site is optimized with the Yoast SEO plugin v27.6 - https:\/\/yoast.com\/product\/yoast-seo-wordpress\/ -->\n<title>Olivov\u00fd skvalen - Velkoobchodn\u00ed distributor<\/title>\n<meta name=\"description\" content=\"Olivov\u00fd skvalan je \u010dist\u00e1 a p\u0159\u00edrodn\u00ed slo\u017eka, kter\u00e1 je cenn\u00fdm dopl\u0148kem mnoha kosmetick\u00fdch v\u00fdrobk\u016f. Jedn\u00e1 se o olej izolovan\u00fd z olivov\u00e9ho oleje.\" \/>\n<meta name=\"robots\" content=\"index, follow, max-snippet:-1, max-image-preview:large, max-video-preview:-1\" \/>\n<link rel=\"canonical\" href=\"https:\/\/naturalpoland.com\/cs\/produkty\/produkty-pro-kosmeticky-prumysl\/kosmeticke-suroviny\/skvalan-olivovy\/\" \/>\n<meta property=\"og:locale\" content=\"cs_CZ\" \/>\n<meta property=\"og:type\" content=\"article\" \/>\n<meta property=\"og:title\" content=\"Olivov\u00fd skvalen - Velkoobchodn\u00ed distributor\" \/>\n<meta property=\"og:description\" content=\"Olivov\u00fd skvalan je \u010dist\u00e1 a p\u0159\u00edrodn\u00ed slo\u017eka, kter\u00e1 je cenn\u00fdm dopl\u0148kem mnoha kosmetick\u00fdch v\u00fdrobk\u016f. Jedn\u00e1 se o olej izolovan\u00fd z olivov\u00e9ho oleje.\" \/>\n<meta property=\"og:url\" content=\"https:\/\/naturalpoland.com\/cs\/produkty\/produkty-pro-kosmeticky-prumysl\/kosmeticke-suroviny\/skvalan-olivovy\/\" \/>\n<meta property=\"og:site_name\" content=\"NATURAL POLAND - Velkoobchodn\u00ed distributor surovin\" \/>\n<meta property=\"article:publisher\" content=\"https:\/\/www.facebook.com\/naturalpoland.b2b\" \/>\n<meta property=\"og:image\" content=\"https:\/\/naturalpoland.com\/wp-content\/uploads\/olive-squalane.png\" \/>\n\t<meta property=\"og:image:width\" content=\"587\" \/>\n\t<meta property=\"og:image:height\" content=\"587\" \/>\n\t<meta property=\"og:image:type\" content=\"image\/png\" \/>\n<script type=\"application\/ld+json\" class=\"yoast-schema-graph\">{\"@context\":\"https:\\\/\\\/schema.org\",\"@graph\":[{\"@type\":\"WebPage\",\"@id\":\"https:\\\/\\\/naturalpoland.com\\\/cs\\\/produkty\\\/produkty-pro-kosmeticky-prumysl\\\/kosmeticke-suroviny\\\/skvalan-olivovy\\\/\",\"url\":\"https:\\\/\\\/naturalpoland.com\\\/cs\\\/produkty\\\/produkty-pro-kosmeticky-prumysl\\\/kosmeticke-suroviny\\\/skvalan-olivovy\\\/\",\"name\":\"Olivov\u00fd skvalen - Velkoobchodn\u00ed distributor\",\"isPartOf\":{\"@id\":\"https:\\\/\\\/naturalpoland.com\\\/cs\\\/#website\"},\"primaryImageOfPage\":{\"@id\":\"https:\\\/\\\/naturalpoland.com\\\/cs\\\/produkty\\\/produkty-pro-kosmeticky-prumysl\\\/kosmeticke-suroviny\\\/skvalan-olivovy\\\/#primaryimage\"},\"image\":{\"@id\":\"https:\\\/\\\/naturalpoland.com\\\/cs\\\/produkty\\\/produkty-pro-kosmeticky-prumysl\\\/kosmeticke-suroviny\\\/skvalan-olivovy\\\/#primaryimage\"},\"thumbnailUrl\":\"https:\\\/\\\/naturalpoland.com\\\/wp-content\\\/uploads\\\/olive-squalane.png\",\"datePublished\":\"2023-08-10T09:14:58+00:00\",\"description\":\"Olivov\u00fd skvalan je \u010dist\u00e1 a p\u0159\u00edrodn\u00ed slo\u017eka, kter\u00e1 je cenn\u00fdm dopl\u0148kem mnoha kosmetick\u00fdch v\u00fdrobk\u016f. Jedn\u00e1 se o olej izolovan\u00fd z olivov\u00e9ho oleje.\",\"breadcrumb\":{\"@id\":\"https:\\\/\\\/naturalpoland.com\\\/cs\\\/produkty\\\/produkty-pro-kosmeticky-prumysl\\\/kosmeticke-suroviny\\\/skvalan-olivovy\\\/#breadcrumb\"},\"inLanguage\":\"cs\",\"potentialAction\":[{\"@type\":\"ReadAction\",\"target\":[\"https:\\\/\\\/naturalpoland.com\\\/cs\\\/produkty\\\/produkty-pro-kosmeticky-prumysl\\\/kosmeticke-suroviny\\\/skvalan-olivovy\\\/\"]}]},{\"@type\":\"ImageObject\",\"inLanguage\":\"cs\",\"@id\":\"https:\\\/\\\/naturalpoland.com\\\/cs\\\/produkty\\\/produkty-pro-kosmeticky-prumysl\\\/kosmeticke-suroviny\\\/skvalan-olivovy\\\/#primaryimage\",\"url\":\"https:\\\/\\\/naturalpoland.com\\\/wp-content\\\/uploads\\\/olive-squalane.png\",\"contentUrl\":\"https:\\\/\\\/naturalpoland.com\\\/wp-content\\\/uploads\\\/olive-squalane.png\",\"width\":587,\"height\":587,\"caption\":\"olivov\u00fd skvalen\"},{\"@type\":\"BreadcrumbList\",\"@id\":\"https:\\\/\\\/naturalpoland.com\\\/cs\\\/produkty\\\/produkty-pro-kosmeticky-prumysl\\\/kosmeticke-suroviny\\\/skvalan-olivovy\\\/#breadcrumb\",\"itemListElement\":[{\"@type\":\"ListItem\",\"position\":1,\"name\":\"Dom\u016f\",\"item\":\"https:\\\/\\\/naturalpoland.com\\\/cs\\\/\"},{\"@type\":\"ListItem\",\"position\":2,\"name\":\"Produkty\",\"item\":\"https:\\\/\\\/naturalpoland.com\\\/cs\\\/produkty\\\/\"},{\"@type\":\"ListItem\",\"position\":3,\"name\":\"Olivov\u00fd skvalen\"}]},{\"@type\":\"WebSite\",\"@id\":\"https:\\\/\\\/naturalpoland.com\\\/cs\\\/#website\",\"url\":\"https:\\\/\\\/naturalpoland.com\\\/cs\\\/\",\"name\":\"NATURAL POLAND - Velkoobchodn\u00ed distributor surovin\",\"description\":\"Surowce dla przemys\u0142u spo\u017cywczego, kosmetycznego i farmaceutycznego\",\"publisher\":{\"@id\":\"https:\\\/\\\/naturalpoland.com\\\/cs\\\/#organization\"},\"potentialAction\":[{\"@type\":\"SearchAction\",\"target\":{\"@type\":\"EntryPoint\",\"urlTemplate\":\"https:\\\/\\\/naturalpoland.com\\\/cs\\\/?s={search_term_string}\"},\"query-input\":{\"@type\":\"PropertyValueSpecification\",\"valueRequired\":true,\"valueName\":\"search_term_string\"}}],\"inLanguage\":\"cs\"},{\"@type\":\"Organization\",\"@id\":\"https:\\\/\\\/naturalpoland.com\\\/cs\\\/#organization\",\"name\":\"Natural Poland\",\"url\":\"https:\\\/\\\/naturalpoland.com\\\/cs\\\/\",\"logo\":{\"@type\":\"ImageObject\",\"inLanguage\":\"cs\",\"@id\":\"https:\\\/\\\/naturalpoland.com\\\/cs\\\/#\\\/schema\\\/logo\\\/image\\\/\",\"url\":\"https:\\\/\\\/naturalpoland.com\\\/wp-content\\\/uploads\\\/2021\\\/05\\\/natural-poland-icon.png\",\"contentUrl\":\"https:\\\/\\\/naturalpoland.com\\\/wp-content\\\/uploads\\\/2021\\\/05\\\/natural-poland-icon.png\",\"width\":512,\"height\":512,\"caption\":\"Natural Poland\"},\"image\":{\"@id\":\"https:\\\/\\\/naturalpoland.com\\\/cs\\\/#\\\/schema\\\/logo\\\/image\\\/\"},\"sameAs\":[\"https:\\\/\\\/www.facebook.com\\\/naturalpoland.b2b\",\"https:\\\/\\\/pl.linkedin.com\\\/company\\\/natural-poland\",\"https:\\\/\\\/www.youtube.com\\\/channel\\\/UCgeGGkvOMahZo-xu_MSEWxg\"]}]}<\/script>\n<!-- \/ Yoast SEO plugin. -->","yoast_head_json":{"title":"Olivov\u00fd skvalen - Velkoobchodn\u00ed distributor","description":"Olivov\u00fd skvalan je \u010dist\u00e1 a p\u0159\u00edrodn\u00ed slo\u017eka, kter\u00e1 je cenn\u00fdm dopl\u0148kem mnoha kosmetick\u00fdch v\u00fdrobk\u016f. Jedn\u00e1 se o olej izolovan\u00fd z olivov\u00e9ho oleje.","robots":{"index":"index","follow":"follow","max-snippet":"max-snippet:-1","max-image-preview":"max-image-preview:large","max-video-preview":"max-video-preview:-1"},"canonical":"https:\/\/naturalpoland.com\/cs\/produkty\/produkty-pro-kosmeticky-prumysl\/kosmeticke-suroviny\/skvalan-olivovy\/","og_locale":"cs_CZ","og_type":"article","og_title":"Olivov\u00fd skvalen - Velkoobchodn\u00ed distributor","og_description":"Olivov\u00fd skvalan je \u010dist\u00e1 a p\u0159\u00edrodn\u00ed slo\u017eka, kter\u00e1 je cenn\u00fdm dopl\u0148kem mnoha kosmetick\u00fdch v\u00fdrobk\u016f. Jedn\u00e1 se o olej izolovan\u00fd z olivov\u00e9ho oleje.","og_url":"https:\/\/naturalpoland.com\/cs\/produkty\/produkty-pro-kosmeticky-prumysl\/kosmeticke-suroviny\/skvalan-olivovy\/","og_site_name":"NATURAL POLAND - Velkoobchodn\u00ed distributor surovin","article_publisher":"https:\/\/www.facebook.com\/naturalpoland.b2b","og_image":[{"width":587,"height":587,"url":"https:\/\/naturalpoland.com\/wp-content\/uploads\/olive-squalane.png","type":"image\/png"}],"schema":{"@context":"https:\/\/schema.org","@graph":[{"@type":"WebPage","@id":"https:\/\/naturalpoland.com\/cs\/produkty\/produkty-pro-kosmeticky-prumysl\/kosmeticke-suroviny\/skvalan-olivovy\/","url":"https:\/\/naturalpoland.com\/cs\/produkty\/produkty-pro-kosmeticky-prumysl\/kosmeticke-suroviny\/skvalan-olivovy\/","name":"Olivov\u00fd skvalen - Velkoobchodn\u00ed distributor","isPartOf":{"@id":"https:\/\/naturalpoland.com\/cs\/#website"},"primaryImageOfPage":{"@id":"https:\/\/naturalpoland.com\/cs\/produkty\/produkty-pro-kosmeticky-prumysl\/kosmeticke-suroviny\/skvalan-olivovy\/#primaryimage"},"image":{"@id":"https:\/\/naturalpoland.com\/cs\/produkty\/produkty-pro-kosmeticky-prumysl\/kosmeticke-suroviny\/skvalan-olivovy\/#primaryimage"},"thumbnailUrl":"https:\/\/naturalpoland.com\/wp-content\/uploads\/olive-squalane.png","datePublished":"2023-08-10T09:14:58+00:00","description":"Olivov\u00fd skvalan je \u010dist\u00e1 a p\u0159\u00edrodn\u00ed slo\u017eka, kter\u00e1 je cenn\u00fdm dopl\u0148kem mnoha kosmetick\u00fdch v\u00fdrobk\u016f. Jedn\u00e1 se o olej izolovan\u00fd z olivov\u00e9ho oleje.","breadcrumb":{"@id":"https:\/\/naturalpoland.com\/cs\/produkty\/produkty-pro-kosmeticky-prumysl\/kosmeticke-suroviny\/skvalan-olivovy\/#breadcrumb"},"inLanguage":"cs","potentialAction":[{"@type":"ReadAction","target":["https:\/\/naturalpoland.com\/cs\/produkty\/produkty-pro-kosmeticky-prumysl\/kosmeticke-suroviny\/skvalan-olivovy\/"]}]},{"@type":"ImageObject","inLanguage":"cs","@id":"https:\/\/naturalpoland.com\/cs\/produkty\/produkty-pro-kosmeticky-prumysl\/kosmeticke-suroviny\/skvalan-olivovy\/#primaryimage","url":"https:\/\/naturalpoland.com\/wp-content\/uploads\/olive-squalane.png","contentUrl":"https:\/\/naturalpoland.com\/wp-content\/uploads\/olive-squalane.png","width":587,"height":587,"caption":"olivov\u00fd skvalen"},{"@type":"BreadcrumbList","@id":"https:\/\/naturalpoland.com\/cs\/produkty\/produkty-pro-kosmeticky-prumysl\/kosmeticke-suroviny\/skvalan-olivovy\/#breadcrumb","itemListElement":[{"@type":"ListItem","position":1,"name":"Dom\u016f","item":"https:\/\/naturalpoland.com\/cs\/"},{"@type":"ListItem","position":2,"name":"Produkty","item":"https:\/\/naturalpoland.com\/cs\/produkty\/"},{"@type":"ListItem","position":3,"name":"Olivov\u00fd skvalen"}]},{"@type":"WebSite","@id":"https:\/\/naturalpoland.com\/cs\/#website","url":"https:\/\/naturalpoland.com\/cs\/","name":"NATURAL POLAND - Velkoobchodn\u00ed distributor surovin","description":"Surowce dla przemys\u0142u spo\u017cywczego, kosmetycznego i farmaceutycznego","publisher":{"@id":"https:\/\/naturalpoland.com\/cs\/#organization"},"potentialAction":[{"@type":"SearchAction","target":{"@type":"EntryPoint","urlTemplate":"https:\/\/naturalpoland.com\/cs\/?s={search_term_string}"},"query-input":{"@type":"PropertyValueSpecification","valueRequired":true,"valueName":"search_term_string"}}],"inLanguage":"cs"},{"@type":"Organization","@id":"https:\/\/naturalpoland.com\/cs\/#organization","name":"Natural Poland","url":"https:\/\/naturalpoland.com\/cs\/","logo":{"@type":"ImageObject","inLanguage":"cs","@id":"https:\/\/naturalpoland.com\/cs\/#\/schema\/logo\/image\/","url":"https:\/\/naturalpoland.com\/wp-content\/uploads\/2021\/05\/natural-poland-icon.png","contentUrl":"https:\/\/naturalpoland.com\/wp-content\/uploads\/2021\/05\/natural-poland-icon.png","width":512,"height":512,"caption":"Natural Poland"},"image":{"@id":"https:\/\/naturalpoland.com\/cs\/#\/schema\/logo\/image\/"},"sameAs":["https:\/\/www.facebook.com\/naturalpoland.b2b","https:\/\/pl.linkedin.com\/company\/natural-poland","https:\/\/www.youtube.com\/channel\/UCgeGGkvOMahZo-xu_MSEWxg"]}]}},"_links":{"self":[{"href":"https:\/\/naturalpoland.com\/cs\/wp-json\/wp\/v2\/product\/24808","targetHints":{"allow":["GET"]}}],"collection":[{"href":"https:\/\/naturalpoland.com\/cs\/wp-json\/wp\/v2\/product"}],"about":[{"href":"https:\/\/naturalpoland.com\/cs\/wp-json\/wp\/v2\/types\/product"}],"wp:featuredmedia":[{"embeddable":true,"href":"https:\/\/naturalpoland.com\/cs\/wp-json\/wp\/v2\/media\/24705"}],"wp:attachment":[{"href":"https:\/\/naturalpoland.com\/cs\/wp-json\/wp\/v2\/media?parent=24808"}],"wp:term":[{"taxonomy":"product_brand","embeddable":true,"href":"https:\/\/naturalpoland.com\/cs\/wp-json\/wp\/v2\/product_brand?post=24808"},{"taxonomy":"product_cat","embeddable":true,"href":"https:\/\/naturalpoland.com\/cs\/wp-json\/wp\/v2\/product_cat?post=24808"},{"taxonomy":"product_tag","embeddable":true,"href":"https:\/\/naturalpoland.com\/cs\/wp-json\/wp\/v2\/product_tag?post=24808"}],"curies":[{"name":"wp","href":"https:\/\/api.w.org\/{rel}","templated":true}]}}