{"id":24814,"date":"2023-08-08T11:53:11","date_gmt":"2023-08-10T09:15:02","guid":{"rendered":"https:\/\/naturalpoland.com\/produkty\/nezarazene\/hmyz\/"},"modified":"2023-08-10T11:15:02","modified_gmt":"2023-08-10T09:15:02","slug":"hmyz","status":"publish","type":"product","link":"https:\/\/naturalpoland.com\/cs\/produkty\/suroviny-pro-krmiva-pro-zvirata\/hmyz\/","title":{"rendered":"Hmyz"},"content":{"rendered":"<p><strong>Kobylky <\/strong>(MD) a <strong>cvr\u010dci<\/strong> (MD) jsou vynikaj\u00edc\u00edmi zdroji b\u00edlkovin a dob\u0159e se hod\u00ed do j\u00eddeln\u00ed\u010dku plaz\u016f, pt\u00e1k\u016f a mnoha dal\u0161\u00edch zv\u00ed\u0159at. <strong>Mouchy<\/strong> (MD) jsou d\u00edky sv\u00e9 nutri\u010dn\u00ed hodnot\u011b obl\u00edbenou volbou jako dopln\u011bk stravy pro ryby, pt\u00e1ky nebo pt\u00e1ky.<\/p>\n<p><strong>Larvy kom\u00e1ra \u010derven\u00e9ho<\/strong> (FD) jsou vynikaj\u00edc\u00ed potravou pro mnoho druh\u016f sladkovodn\u00edch i mo\u0159sk\u00fdch ryb, kter\u00fdm poskytuj\u00ed nezbytn\u00e9 \u017eiviny. Na\u0161e \u0159ada produkt\u016f na b\u00e1zi<strong> \u010dern\u00fdch mu\u0161ek<\/strong><em>(Hermetia illucens)<\/em> zahrnuje velk\u00e9 <strong>larvy<\/strong>, <strong>kukly<\/strong> a <strong>dosp\u011bl\u00e9 jedince<\/strong>. Jsou cen\u011bny pro vysok\u00fd obsah b\u00edlkovin a tuk\u016f, kter\u00e9 pom\u00e1haj\u00ed zv\u00ed\u0159at\u016fm spr\u00e1vn\u011b r\u016fst.<\/p>\n<p>Nab\u00edz\u00edme tak\u00e9 speci\u00e1ln\u00ed <strong>kukly bource moru\u0161ov\u00e9ho<\/strong> a jejich jihoamerickou variantu, kter\u00e9 lze \u00fasp\u011b\u0161n\u011b vyu\u017e\u00edt jako potravu p\u0159i chovu exotick\u00e9ho ptactva a ryb.<\/p>\n<p>Pro ty, kte\u0159\u00ed hledaj\u00ed alternativn\u00ed zdroje b\u00edlkovin, nab\u00edz\u00edme <strong>pr\u00e1\u0161kov\u00fd hmyz\u00ed protein<\/strong> a <strong>hydrolyz\u00e1t z larev \u010dern\u00fdch much<\/strong>. Tyto produkty jsou vynikaj\u00edc\u00edm dopl\u0148kem stravy pro zv\u00ed\u0159ata, kter\u00e1 pot\u0159ebuj\u00ed bohat\u00fd zdroj b\u00edlkovin.<\/p>\n","protected":false},"excerpt":{"rendered":"<p>\u017divo\u010di\u0161n\u00fd hmyz poskytuje zv\u00ed\u0159at\u016fm zdrav\u00e9 a hodnotn\u00e9 slo\u017eky. Nab\u00edz\u00edme mimo jin\u00e9. cvr\u010dci, blanok\u0159\u00eddl\u00ed, kom\u00e1\u0159\u00ed a mu\u0161\u00ed larvy.<\/p>\n","protected":false},"featured_media":24678,"template":"","meta":{"_acf_changed":false},"product_brand":[],"product_cat":[2507],"product_tag":[],"class_list":{"0":"post-24814","1":"product","2":"type-product","3":"status-publish","4":"has-post-thumbnail","6":"product_cat-suroviny-pro-krmiva-pro-zvirata","8":"first","9":"instock","10":"shipping-taxable","11":"product-type-simple"},"acf":[],"yoast_head":"<!-- This site is optimized with the Yoast SEO plugin v27.4 - https:\/\/yoast.com\/product\/yoast-seo-wordpress\/ -->\n<title>Hmyz - Velkoobchodn\u00ed distributor<\/title>\n<meta name=\"description\" content=\"Krmivo pro dom\u00e1c\u00ed zv\u00ed\u0159ata s hmyzem poskytuje zv\u00ed\u0159at\u016fm zdrav\u00e9 a hodnotn\u00e9 slo\u017eky. Nab\u00edz\u00edme mimo jin\u00e9. cvr\u010dci, blanok\u0159\u00eddl\u00ed, kom\u00e1\u0159\u00ed a mu\u0161\u00ed larvy.\" \/>\n<meta name=\"robots\" content=\"index, follow, max-snippet:-1, max-image-preview:large, max-video-preview:-1\" \/>\n<link rel=\"canonical\" href=\"https:\/\/naturalpoland.com\/cs\/produkty\/suroviny-pro-krmiva-pro-zvirata\/hmyz\/\" \/>\n<meta property=\"og:locale\" content=\"cs_CZ\" \/>\n<meta property=\"og:type\" content=\"article\" \/>\n<meta property=\"og:title\" content=\"Hmyz - Velkoobchodn\u00ed distributor\" \/>\n<meta property=\"og:description\" content=\"Krmivo pro dom\u00e1c\u00ed zv\u00ed\u0159ata s hmyzem poskytuje zv\u00ed\u0159at\u016fm zdrav\u00e9 a hodnotn\u00e9 slo\u017eky. Nab\u00edz\u00edme mimo jin\u00e9. cvr\u010dci, blanok\u0159\u00eddl\u00ed, kom\u00e1\u0159\u00ed a mu\u0161\u00ed larvy.\" \/>\n<meta property=\"og:url\" content=\"https:\/\/naturalpoland.com\/cs\/produkty\/suroviny-pro-krmiva-pro-zvirata\/hmyz\/\" \/>\n<meta property=\"og:site_name\" content=\"NATURAL POLAND - Velkoobchodn\u00ed distributor surovin\" \/>\n<meta property=\"article:publisher\" content=\"https:\/\/www.facebook.com\/naturalpoland.b2b\" \/>\n<meta property=\"og:image\" content=\"https:\/\/naturalpoland.com\/wp-content\/uploads\/insekty-do-karm-dla-zwierzat.jpg\" \/>\n\t<meta property=\"og:image:width\" content=\"650\" \/>\n\t<meta property=\"og:image:height\" content=\"650\" \/>\n\t<meta property=\"og:image:type\" content=\"image\/jpeg\" \/>\n<script type=\"application\/ld+json\" class=\"yoast-schema-graph\">{\"@context\":\"https:\\\/\\\/schema.org\",\"@graph\":[{\"@type\":\"WebPage\",\"@id\":\"https:\\\/\\\/naturalpoland.com\\\/cs\\\/produkty\\\/suroviny-pro-krmiva-pro-zvirata\\\/hmyz\\\/\",\"url\":\"https:\\\/\\\/naturalpoland.com\\\/cs\\\/produkty\\\/suroviny-pro-krmiva-pro-zvirata\\\/hmyz\\\/\",\"name\":\"Hmyz - Velkoobchodn\u00ed distributor\",\"isPartOf\":{\"@id\":\"https:\\\/\\\/naturalpoland.com\\\/cs\\\/#website\"},\"primaryImageOfPage\":{\"@id\":\"https:\\\/\\\/naturalpoland.com\\\/cs\\\/produkty\\\/suroviny-pro-krmiva-pro-zvirata\\\/hmyz\\\/#primaryimage\"},\"image\":{\"@id\":\"https:\\\/\\\/naturalpoland.com\\\/cs\\\/produkty\\\/suroviny-pro-krmiva-pro-zvirata\\\/hmyz\\\/#primaryimage\"},\"thumbnailUrl\":\"https:\\\/\\\/naturalpoland.com\\\/wp-content\\\/uploads\\\/insekty-do-karm-dla-zwierzat.jpg\",\"datePublished\":\"2023-08-10T09:15:02+00:00\",\"description\":\"Krmivo pro dom\u00e1c\u00ed zv\u00ed\u0159ata s hmyzem poskytuje zv\u00ed\u0159at\u016fm zdrav\u00e9 a hodnotn\u00e9 slo\u017eky. Nab\u00edz\u00edme mimo jin\u00e9. cvr\u010dci, blanok\u0159\u00eddl\u00ed, kom\u00e1\u0159\u00ed a mu\u0161\u00ed larvy.\",\"breadcrumb\":{\"@id\":\"https:\\\/\\\/naturalpoland.com\\\/cs\\\/produkty\\\/suroviny-pro-krmiva-pro-zvirata\\\/hmyz\\\/#breadcrumb\"},\"inLanguage\":\"cs\",\"potentialAction\":[{\"@type\":\"ReadAction\",\"target\":[\"https:\\\/\\\/naturalpoland.com\\\/cs\\\/produkty\\\/suroviny-pro-krmiva-pro-zvirata\\\/hmyz\\\/\"]}]},{\"@type\":\"ImageObject\",\"inLanguage\":\"cs\",\"@id\":\"https:\\\/\\\/naturalpoland.com\\\/cs\\\/produkty\\\/suroviny-pro-krmiva-pro-zvirata\\\/hmyz\\\/#primaryimage\",\"url\":\"https:\\\/\\\/naturalpoland.com\\\/wp-content\\\/uploads\\\/insekty-do-karm-dla-zwierzat.jpg\",\"contentUrl\":\"https:\\\/\\\/naturalpoland.com\\\/wp-content\\\/uploads\\\/insekty-do-karm-dla-zwierzat.jpg\",\"width\":650,\"height\":650,\"caption\":\"hmyz pro krmivo pro dom\u00e1c\u00ed zv\u00ed\u0159ata\"},{\"@type\":\"BreadcrumbList\",\"@id\":\"https:\\\/\\\/naturalpoland.com\\\/cs\\\/produkty\\\/suroviny-pro-krmiva-pro-zvirata\\\/hmyz\\\/#breadcrumb\",\"itemListElement\":[{\"@type\":\"ListItem\",\"position\":1,\"name\":\"Dom\u016f\",\"item\":\"https:\\\/\\\/naturalpoland.com\\\/cs\\\/\"},{\"@type\":\"ListItem\",\"position\":2,\"name\":\"Produkty\",\"item\":\"https:\\\/\\\/naturalpoland.com\\\/cs\\\/produkty\\\/\"},{\"@type\":\"ListItem\",\"position\":3,\"name\":\"Hmyz\"}]},{\"@type\":\"WebSite\",\"@id\":\"https:\\\/\\\/naturalpoland.com\\\/cs\\\/#website\",\"url\":\"https:\\\/\\\/naturalpoland.com\\\/cs\\\/\",\"name\":\"NATURAL POLAND - Velkoobchodn\u00ed distributor surovin\",\"description\":\"Surowce dla przemys\u0142u spo\u017cywczego, kosmetycznego i farmaceutycznego\",\"publisher\":{\"@id\":\"https:\\\/\\\/naturalpoland.com\\\/cs\\\/#organization\"},\"potentialAction\":[{\"@type\":\"SearchAction\",\"target\":{\"@type\":\"EntryPoint\",\"urlTemplate\":\"https:\\\/\\\/naturalpoland.com\\\/cs\\\/?s={search_term_string}\"},\"query-input\":{\"@type\":\"PropertyValueSpecification\",\"valueRequired\":true,\"valueName\":\"search_term_string\"}}],\"inLanguage\":\"cs\"},{\"@type\":\"Organization\",\"@id\":\"https:\\\/\\\/naturalpoland.com\\\/cs\\\/#organization\",\"name\":\"Natural Poland\",\"url\":\"https:\\\/\\\/naturalpoland.com\\\/cs\\\/\",\"logo\":{\"@type\":\"ImageObject\",\"inLanguage\":\"cs\",\"@id\":\"https:\\\/\\\/naturalpoland.com\\\/cs\\\/#\\\/schema\\\/logo\\\/image\\\/\",\"url\":\"https:\\\/\\\/naturalpoland.com\\\/wp-content\\\/uploads\\\/2021\\\/05\\\/natural-poland-icon.png\",\"contentUrl\":\"https:\\\/\\\/naturalpoland.com\\\/wp-content\\\/uploads\\\/2021\\\/05\\\/natural-poland-icon.png\",\"width\":512,\"height\":512,\"caption\":\"Natural Poland\"},\"image\":{\"@id\":\"https:\\\/\\\/naturalpoland.com\\\/cs\\\/#\\\/schema\\\/logo\\\/image\\\/\"},\"sameAs\":[\"https:\\\/\\\/www.facebook.com\\\/naturalpoland.b2b\",\"https:\\\/\\\/pl.linkedin.com\\\/company\\\/natural-poland\",\"https:\\\/\\\/www.youtube.com\\\/channel\\\/UCgeGGkvOMahZo-xu_MSEWxg\"]}]}<\/script>\n<!-- \/ Yoast SEO plugin. -->","yoast_head_json":{"title":"Hmyz - Velkoobchodn\u00ed distributor","description":"Krmivo pro dom\u00e1c\u00ed zv\u00ed\u0159ata s hmyzem poskytuje zv\u00ed\u0159at\u016fm zdrav\u00e9 a hodnotn\u00e9 slo\u017eky. Nab\u00edz\u00edme mimo jin\u00e9. cvr\u010dci, blanok\u0159\u00eddl\u00ed, kom\u00e1\u0159\u00ed a mu\u0161\u00ed larvy.","robots":{"index":"index","follow":"follow","max-snippet":"max-snippet:-1","max-image-preview":"max-image-preview:large","max-video-preview":"max-video-preview:-1"},"canonical":"https:\/\/naturalpoland.com\/cs\/produkty\/suroviny-pro-krmiva-pro-zvirata\/hmyz\/","og_locale":"cs_CZ","og_type":"article","og_title":"Hmyz - Velkoobchodn\u00ed distributor","og_description":"Krmivo pro dom\u00e1c\u00ed zv\u00ed\u0159ata s hmyzem poskytuje zv\u00ed\u0159at\u016fm zdrav\u00e9 a hodnotn\u00e9 slo\u017eky. Nab\u00edz\u00edme mimo jin\u00e9. cvr\u010dci, blanok\u0159\u00eddl\u00ed, kom\u00e1\u0159\u00ed a mu\u0161\u00ed larvy.","og_url":"https:\/\/naturalpoland.com\/cs\/produkty\/suroviny-pro-krmiva-pro-zvirata\/hmyz\/","og_site_name":"NATURAL POLAND - Velkoobchodn\u00ed distributor surovin","article_publisher":"https:\/\/www.facebook.com\/naturalpoland.b2b","og_image":[{"width":650,"height":650,"url":"https:\/\/naturalpoland.com\/wp-content\/uploads\/insekty-do-karm-dla-zwierzat.jpg","type":"image\/jpeg"}],"schema":{"@context":"https:\/\/schema.org","@graph":[{"@type":"WebPage","@id":"https:\/\/naturalpoland.com\/cs\/produkty\/suroviny-pro-krmiva-pro-zvirata\/hmyz\/","url":"https:\/\/naturalpoland.com\/cs\/produkty\/suroviny-pro-krmiva-pro-zvirata\/hmyz\/","name":"Hmyz - Velkoobchodn\u00ed distributor","isPartOf":{"@id":"https:\/\/naturalpoland.com\/cs\/#website"},"primaryImageOfPage":{"@id":"https:\/\/naturalpoland.com\/cs\/produkty\/suroviny-pro-krmiva-pro-zvirata\/hmyz\/#primaryimage"},"image":{"@id":"https:\/\/naturalpoland.com\/cs\/produkty\/suroviny-pro-krmiva-pro-zvirata\/hmyz\/#primaryimage"},"thumbnailUrl":"https:\/\/naturalpoland.com\/wp-content\/uploads\/insekty-do-karm-dla-zwierzat.jpg","datePublished":"2023-08-10T09:15:02+00:00","description":"Krmivo pro dom\u00e1c\u00ed zv\u00ed\u0159ata s hmyzem poskytuje zv\u00ed\u0159at\u016fm zdrav\u00e9 a hodnotn\u00e9 slo\u017eky. Nab\u00edz\u00edme mimo jin\u00e9. cvr\u010dci, blanok\u0159\u00eddl\u00ed, kom\u00e1\u0159\u00ed a mu\u0161\u00ed larvy.","breadcrumb":{"@id":"https:\/\/naturalpoland.com\/cs\/produkty\/suroviny-pro-krmiva-pro-zvirata\/hmyz\/#breadcrumb"},"inLanguage":"cs","potentialAction":[{"@type":"ReadAction","target":["https:\/\/naturalpoland.com\/cs\/produkty\/suroviny-pro-krmiva-pro-zvirata\/hmyz\/"]}]},{"@type":"ImageObject","inLanguage":"cs","@id":"https:\/\/naturalpoland.com\/cs\/produkty\/suroviny-pro-krmiva-pro-zvirata\/hmyz\/#primaryimage","url":"https:\/\/naturalpoland.com\/wp-content\/uploads\/insekty-do-karm-dla-zwierzat.jpg","contentUrl":"https:\/\/naturalpoland.com\/wp-content\/uploads\/insekty-do-karm-dla-zwierzat.jpg","width":650,"height":650,"caption":"hmyz pro krmivo pro dom\u00e1c\u00ed zv\u00ed\u0159ata"},{"@type":"BreadcrumbList","@id":"https:\/\/naturalpoland.com\/cs\/produkty\/suroviny-pro-krmiva-pro-zvirata\/hmyz\/#breadcrumb","itemListElement":[{"@type":"ListItem","position":1,"name":"Dom\u016f","item":"https:\/\/naturalpoland.com\/cs\/"},{"@type":"ListItem","position":2,"name":"Produkty","item":"https:\/\/naturalpoland.com\/cs\/produkty\/"},{"@type":"ListItem","position":3,"name":"Hmyz"}]},{"@type":"WebSite","@id":"https:\/\/naturalpoland.com\/cs\/#website","url":"https:\/\/naturalpoland.com\/cs\/","name":"NATURAL POLAND - Velkoobchodn\u00ed distributor surovin","description":"Surowce dla przemys\u0142u spo\u017cywczego, kosmetycznego i farmaceutycznego","publisher":{"@id":"https:\/\/naturalpoland.com\/cs\/#organization"},"potentialAction":[{"@type":"SearchAction","target":{"@type":"EntryPoint","urlTemplate":"https:\/\/naturalpoland.com\/cs\/?s={search_term_string}"},"query-input":{"@type":"PropertyValueSpecification","valueRequired":true,"valueName":"search_term_string"}}],"inLanguage":"cs"},{"@type":"Organization","@id":"https:\/\/naturalpoland.com\/cs\/#organization","name":"Natural Poland","url":"https:\/\/naturalpoland.com\/cs\/","logo":{"@type":"ImageObject","inLanguage":"cs","@id":"https:\/\/naturalpoland.com\/cs\/#\/schema\/logo\/image\/","url":"https:\/\/naturalpoland.com\/wp-content\/uploads\/2021\/05\/natural-poland-icon.png","contentUrl":"https:\/\/naturalpoland.com\/wp-content\/uploads\/2021\/05\/natural-poland-icon.png","width":512,"height":512,"caption":"Natural Poland"},"image":{"@id":"https:\/\/naturalpoland.com\/cs\/#\/schema\/logo\/image\/"},"sameAs":["https:\/\/www.facebook.com\/naturalpoland.b2b","https:\/\/pl.linkedin.com\/company\/natural-poland","https:\/\/www.youtube.com\/channel\/UCgeGGkvOMahZo-xu_MSEWxg"]}]}},"_links":{"self":[{"href":"https:\/\/naturalpoland.com\/cs\/wp-json\/wp\/v2\/product\/24814","targetHints":{"allow":["GET"]}}],"collection":[{"href":"https:\/\/naturalpoland.com\/cs\/wp-json\/wp\/v2\/product"}],"about":[{"href":"https:\/\/naturalpoland.com\/cs\/wp-json\/wp\/v2\/types\/product"}],"wp:featuredmedia":[{"embeddable":true,"href":"https:\/\/naturalpoland.com\/cs\/wp-json\/wp\/v2\/media\/24678"}],"wp:attachment":[{"href":"https:\/\/naturalpoland.com\/cs\/wp-json\/wp\/v2\/media?parent=24814"}],"wp:term":[{"taxonomy":"product_brand","embeddable":true,"href":"https:\/\/naturalpoland.com\/cs\/wp-json\/wp\/v2\/product_brand?post=24814"},{"taxonomy":"product_cat","embeddable":true,"href":"https:\/\/naturalpoland.com\/cs\/wp-json\/wp\/v2\/product_cat?post=24814"},{"taxonomy":"product_tag","embeddable":true,"href":"https:\/\/naturalpoland.com\/cs\/wp-json\/wp\/v2\/product_tag?post=24814"}],"curies":[{"name":"wp","href":"https:\/\/api.w.org\/{rel}","templated":true}]}}