{"id":24865,"date":"2023-07-25T13:41:24","date_gmt":"2023-08-10T10:36:05","guid":{"rendered":"https:\/\/naturalpoland.com\/produkty\/nezarazene\/maslo-z-pupalky-dvoulete\/"},"modified":"2023-08-10T12:36:05","modified_gmt":"2023-08-10T10:36:05","slug":"maslo-z-perleti","status":"publish","type":"product","link":"https:\/\/naturalpoland.com\/cs\/produkty\/produkty-pro-kosmeticky-prumysl\/kosmeticka-masla\/maslo-z-perleti\/","title":{"rendered":"M\u00e1slo z pupalky dvoulet\u00e9"},"content":{"rendered":"<p>Ve\u010dernice je rostlina, kter\u00e1 se v p\u0159\u00edrodn\u00ed medic\u00edn\u011b pou\u017e\u00edv\u00e1 ji\u017e po stalet\u00ed pro sv\u00e9 siln\u00e9 l\u00e9\u010div\u00e9 \u00fa\u010dinky. M\u00e1slo z pupalky dvoulet\u00e9 je tukov\u00fd extrakt z\u00edskan\u00fd ze semen t\u00e9to rostliny, kter\u00fd je obohacen o <strong>nenasycen\u00e9 mastn\u00e9 kyseliny<\/strong>, v\u010detn\u011b mimo\u0159\u00e1dn\u011b cenn\u00e9 <strong>kyseliny gama-linolenov\u00e9 (GLA<\/strong>). GLA je nezbytn\u00e1 pro spr\u00e1vnou funkci na\u0161\u00ed poko\u017eky, p\u0159isp\u00edv\u00e1 k jej\u00ed regeneraci a tak\u00e9 podporuje p\u0159irozenou ochrannou bari\u00e9ru poko\u017eky.<\/p>\n<p>M\u00e1slo z pupalky dvoulet\u00e9 je tak\u00e9 <strong>bohat\u00fdm zdrojem vitamin\u016f<\/strong>, miner\u00e1l\u016f a antioxidant\u016f, kter\u00e9 maj\u00ed antioxida\u010dn\u00ed \u00fa\u010dinek a zabra\u0148uj\u00ed po\u0161kozen\u00ed poko\u017eky voln\u00fdmi radik\u00e1ly. D\u00edky tomu pom\u00e1h\u00e1 pupalkov\u00e9 m\u00e1slo bojovat proti zn\u00e1mk\u00e1m st\u00e1rnut\u00ed pleti, jako jsou vr\u00e1sky, ztr\u00e1ta pru\u017enosti a nerovnom\u011brn\u00e1 pigmentace.<\/p>\n<p>D\u00edky sv\u00e9 bohat\u00e9 struktu\u0159e pupalkov\u00e9 m\u00e1slo dokonale hydratuje a vy\u017eivuje poko\u017eku, zanech\u00e1v\u00e1 ji jemnou, hladkou a z\u00e1\u0159ivou. D\u00edky sv\u00fdm zklid\u0148uj\u00edc\u00edm a regenera\u010dn\u00edm vlastnostem se doporu\u010duje zejm\u00e9na pro suchou, citlivou a podr\u00e1\u017ed\u011bnou poko\u017eku.<\/p>\n<p>Pravideln\u00e9 pou\u017e\u00edv\u00e1n\u00ed kosmetiky s pupalkov\u00fdm m\u00e1slem pom\u00e1h\u00e1 zlep\u0161ovat stav poko\u017eky, zvy\u0161uje jej\u00ed pru\u017enost a tak\u00e9 podporuje regenera\u010dn\u00ed procesy. Je to ide\u00e1ln\u00ed slo\u017eka pro ty, kte\u0159\u00ed cht\u011bj\u00ed pe\u010dovat o zdrav\u00ed a kr\u00e1su sv\u00e9 pleti p\u0159irozen\u00fdm zp\u016fsobem.<\/p>\n","protected":false},"excerpt":{"rendered":"<p>M\u00e1slo z pupalky dvoulet\u00e9 je kosmetick\u00fdm pokladem, mimo\u0159\u00e1dn\u011b cenn\u00fdm pro sv\u00e9 jedine\u010dn\u00e9 hydrata\u010dn\u00ed, regenera\u010dn\u00ed a zklid\u0148uj\u00edc\u00ed vlastnosti.<\/p>\n","protected":false},"featured_media":24451,"template":"","meta":[],"product_brand":[],"product_cat":[635],"product_tag":[],"class_list":{"0":"post-24865","1":"product","2":"type-product","3":"status-publish","4":"has-post-thumbnail","6":"product_cat-kosmeticka-masla","8":"first","9":"instock","10":"shipping-taxable","11":"product-type-simple"},"yoast_head":"<!-- This site is optimized with the Yoast SEO plugin v27.3 - https:\/\/yoast.com\/product\/yoast-seo-wordpress\/ -->\n<title>M\u00e1slo z pupalky dvoulet\u00e9 - Velkoobchodn\u00ed distributor<\/title>\n<meta name=\"description\" content=\"M\u00e1slo z pupalky dvoulet\u00e9 je kosmetick\u00fdm pokladem, mimo\u0159\u00e1dn\u011b cenn\u00fdm pro sv\u00e9 jedine\u010dn\u00e9 hydrata\u010dn\u00ed, regenera\u010dn\u00ed a zklid\u0148uj\u00edc\u00ed vlastnosti.\" \/>\n<meta name=\"robots\" content=\"index, follow, max-snippet:-1, max-image-preview:large, max-video-preview:-1\" \/>\n<link rel=\"canonical\" href=\"https:\/\/naturalpoland.com\/cs\/produkty\/produkty-pro-kosmeticky-prumysl\/kosmeticka-masla\/maslo-z-perleti\/\" \/>\n<meta property=\"og:locale\" content=\"cs_CZ\" \/>\n<meta property=\"og:type\" content=\"article\" \/>\n<meta property=\"og:title\" content=\"M\u00e1slo z pupalky dvoulet\u00e9 - Velkoobchodn\u00ed distributor\" \/>\n<meta property=\"og:description\" content=\"M\u00e1slo z pupalky dvoulet\u00e9 je kosmetick\u00fdm pokladem, mimo\u0159\u00e1dn\u011b cenn\u00fdm pro sv\u00e9 jedine\u010dn\u00e9 hydrata\u010dn\u00ed, regenera\u010dn\u00ed a zklid\u0148uj\u00edc\u00ed vlastnosti.\" \/>\n<meta property=\"og:url\" content=\"https:\/\/naturalpoland.com\/cs\/produkty\/produkty-pro-kosmeticky-prumysl\/kosmeticka-masla\/maslo-z-perleti\/\" \/>\n<meta property=\"og:site_name\" content=\"NATURAL POLAND - Velkoobchodn\u00ed distributor surovin\" \/>\n<meta property=\"article:publisher\" content=\"https:\/\/www.facebook.com\/naturalpoland.b2b\" \/>\n<meta property=\"og:image\" content=\"https:\/\/naturalpoland.com\/wp-content\/uploads\/Evening_Primrose_Butter.png\" \/>\n\t<meta property=\"og:image:width\" content=\"599\" \/>\n\t<meta property=\"og:image:height\" content=\"599\" \/>\n\t<meta property=\"og:image:type\" content=\"image\/png\" \/>\n<script type=\"application\/ld+json\" class=\"yoast-schema-graph\">{\"@context\":\"https:\\\/\\\/schema.org\",\"@graph\":[{\"@type\":\"WebPage\",\"@id\":\"https:\\\/\\\/naturalpoland.com\\\/cs\\\/produkty\\\/produkty-pro-kosmeticky-prumysl\\\/kosmeticka-masla\\\/maslo-z-perleti\\\/\",\"url\":\"https:\\\/\\\/naturalpoland.com\\\/cs\\\/produkty\\\/produkty-pro-kosmeticky-prumysl\\\/kosmeticka-masla\\\/maslo-z-perleti\\\/\",\"name\":\"M\u00e1slo z pupalky dvoulet\u00e9 - Velkoobchodn\u00ed distributor\",\"isPartOf\":{\"@id\":\"https:\\\/\\\/naturalpoland.com\\\/cs\\\/#website\"},\"primaryImageOfPage\":{\"@id\":\"https:\\\/\\\/naturalpoland.com\\\/cs\\\/produkty\\\/produkty-pro-kosmeticky-prumysl\\\/kosmeticka-masla\\\/maslo-z-perleti\\\/#primaryimage\"},\"image\":{\"@id\":\"https:\\\/\\\/naturalpoland.com\\\/cs\\\/produkty\\\/produkty-pro-kosmeticky-prumysl\\\/kosmeticka-masla\\\/maslo-z-perleti\\\/#primaryimage\"},\"thumbnailUrl\":\"https:\\\/\\\/naturalpoland.com\\\/wp-content\\\/uploads\\\/Evening_Primrose_Butter.png\",\"datePublished\":\"2023-08-10T10:36:05+00:00\",\"description\":\"M\u00e1slo z pupalky dvoulet\u00e9 je kosmetick\u00fdm pokladem, mimo\u0159\u00e1dn\u011b cenn\u00fdm pro sv\u00e9 jedine\u010dn\u00e9 hydrata\u010dn\u00ed, regenera\u010dn\u00ed a zklid\u0148uj\u00edc\u00ed vlastnosti.\",\"breadcrumb\":{\"@id\":\"https:\\\/\\\/naturalpoland.com\\\/cs\\\/produkty\\\/produkty-pro-kosmeticky-prumysl\\\/kosmeticka-masla\\\/maslo-z-perleti\\\/#breadcrumb\"},\"inLanguage\":\"cs\",\"potentialAction\":[{\"@type\":\"ReadAction\",\"target\":[\"https:\\\/\\\/naturalpoland.com\\\/cs\\\/produkty\\\/produkty-pro-kosmeticky-prumysl\\\/kosmeticka-masla\\\/maslo-z-perleti\\\/\"]}]},{\"@type\":\"ImageObject\",\"inLanguage\":\"cs\",\"@id\":\"https:\\\/\\\/naturalpoland.com\\\/cs\\\/produkty\\\/produkty-pro-kosmeticky-prumysl\\\/kosmeticka-masla\\\/maslo-z-perleti\\\/#primaryimage\",\"url\":\"https:\\\/\\\/naturalpoland.com\\\/wp-content\\\/uploads\\\/Evening_Primrose_Butter.png\",\"contentUrl\":\"https:\\\/\\\/naturalpoland.com\\\/wp-content\\\/uploads\\\/Evening_Primrose_Butter.png\",\"width\":599,\"height\":599,\"caption\":\"m\u00e1slo z pupalky dvoulet\u00e9\"},{\"@type\":\"BreadcrumbList\",\"@id\":\"https:\\\/\\\/naturalpoland.com\\\/cs\\\/produkty\\\/produkty-pro-kosmeticky-prumysl\\\/kosmeticka-masla\\\/maslo-z-perleti\\\/#breadcrumb\",\"itemListElement\":[{\"@type\":\"ListItem\",\"position\":1,\"name\":\"Dom\u016f\",\"item\":\"https:\\\/\\\/naturalpoland.com\\\/cs\\\/\"},{\"@type\":\"ListItem\",\"position\":2,\"name\":\"Produkty\",\"item\":\"https:\\\/\\\/naturalpoland.com\\\/cs\\\/produkty\\\/\"},{\"@type\":\"ListItem\",\"position\":3,\"name\":\"M\u00e1slo z pupalky dvoulet\u00e9\"}]},{\"@type\":\"WebSite\",\"@id\":\"https:\\\/\\\/naturalpoland.com\\\/cs\\\/#website\",\"url\":\"https:\\\/\\\/naturalpoland.com\\\/cs\\\/\",\"name\":\"NATURAL POLAND - Velkoobchodn\u00ed distributor surovin\",\"description\":\"Surowce dla przemys\u0142u spo\u017cywczego, kosmetycznego i farmaceutycznego\",\"publisher\":{\"@id\":\"https:\\\/\\\/naturalpoland.com\\\/cs\\\/#organization\"},\"potentialAction\":[{\"@type\":\"SearchAction\",\"target\":{\"@type\":\"EntryPoint\",\"urlTemplate\":\"https:\\\/\\\/naturalpoland.com\\\/cs\\\/?s={search_term_string}\"},\"query-input\":{\"@type\":\"PropertyValueSpecification\",\"valueRequired\":true,\"valueName\":\"search_term_string\"}}],\"inLanguage\":\"cs\"},{\"@type\":\"Organization\",\"@id\":\"https:\\\/\\\/naturalpoland.com\\\/cs\\\/#organization\",\"name\":\"Natural Poland\",\"url\":\"https:\\\/\\\/naturalpoland.com\\\/cs\\\/\",\"logo\":{\"@type\":\"ImageObject\",\"inLanguage\":\"cs\",\"@id\":\"https:\\\/\\\/naturalpoland.com\\\/cs\\\/#\\\/schema\\\/logo\\\/image\\\/\",\"url\":\"https:\\\/\\\/naturalpoland.com\\\/wp-content\\\/uploads\\\/2021\\\/05\\\/natural-poland-icon.png\",\"contentUrl\":\"https:\\\/\\\/naturalpoland.com\\\/wp-content\\\/uploads\\\/2021\\\/05\\\/natural-poland-icon.png\",\"width\":512,\"height\":512,\"caption\":\"Natural Poland\"},\"image\":{\"@id\":\"https:\\\/\\\/naturalpoland.com\\\/cs\\\/#\\\/schema\\\/logo\\\/image\\\/\"},\"sameAs\":[\"https:\\\/\\\/www.facebook.com\\\/naturalpoland.b2b\",\"https:\\\/\\\/pl.linkedin.com\\\/company\\\/natural-poland\",\"https:\\\/\\\/www.youtube.com\\\/channel\\\/UCgeGGkvOMahZo-xu_MSEWxg\"]}]}<\/script>\n<!-- \/ Yoast SEO plugin. -->","yoast_head_json":{"title":"M\u00e1slo z pupalky dvoulet\u00e9 - Velkoobchodn\u00ed distributor","description":"M\u00e1slo z pupalky dvoulet\u00e9 je kosmetick\u00fdm pokladem, mimo\u0159\u00e1dn\u011b cenn\u00fdm pro sv\u00e9 jedine\u010dn\u00e9 hydrata\u010dn\u00ed, regenera\u010dn\u00ed a zklid\u0148uj\u00edc\u00ed vlastnosti.","robots":{"index":"index","follow":"follow","max-snippet":"max-snippet:-1","max-image-preview":"max-image-preview:large","max-video-preview":"max-video-preview:-1"},"canonical":"https:\/\/naturalpoland.com\/cs\/produkty\/produkty-pro-kosmeticky-prumysl\/kosmeticka-masla\/maslo-z-perleti\/","og_locale":"cs_CZ","og_type":"article","og_title":"M\u00e1slo z pupalky dvoulet\u00e9 - Velkoobchodn\u00ed distributor","og_description":"M\u00e1slo z pupalky dvoulet\u00e9 je kosmetick\u00fdm pokladem, mimo\u0159\u00e1dn\u011b cenn\u00fdm pro sv\u00e9 jedine\u010dn\u00e9 hydrata\u010dn\u00ed, regenera\u010dn\u00ed a zklid\u0148uj\u00edc\u00ed vlastnosti.","og_url":"https:\/\/naturalpoland.com\/cs\/produkty\/produkty-pro-kosmeticky-prumysl\/kosmeticka-masla\/maslo-z-perleti\/","og_site_name":"NATURAL POLAND - Velkoobchodn\u00ed distributor surovin","article_publisher":"https:\/\/www.facebook.com\/naturalpoland.b2b","og_image":[{"width":599,"height":599,"url":"https:\/\/naturalpoland.com\/wp-content\/uploads\/Evening_Primrose_Butter.png","type":"image\/png"}],"schema":{"@context":"https:\/\/schema.org","@graph":[{"@type":"WebPage","@id":"https:\/\/naturalpoland.com\/cs\/produkty\/produkty-pro-kosmeticky-prumysl\/kosmeticka-masla\/maslo-z-perleti\/","url":"https:\/\/naturalpoland.com\/cs\/produkty\/produkty-pro-kosmeticky-prumysl\/kosmeticka-masla\/maslo-z-perleti\/","name":"M\u00e1slo z pupalky dvoulet\u00e9 - Velkoobchodn\u00ed distributor","isPartOf":{"@id":"https:\/\/naturalpoland.com\/cs\/#website"},"primaryImageOfPage":{"@id":"https:\/\/naturalpoland.com\/cs\/produkty\/produkty-pro-kosmeticky-prumysl\/kosmeticka-masla\/maslo-z-perleti\/#primaryimage"},"image":{"@id":"https:\/\/naturalpoland.com\/cs\/produkty\/produkty-pro-kosmeticky-prumysl\/kosmeticka-masla\/maslo-z-perleti\/#primaryimage"},"thumbnailUrl":"https:\/\/naturalpoland.com\/wp-content\/uploads\/Evening_Primrose_Butter.png","datePublished":"2023-08-10T10:36:05+00:00","description":"M\u00e1slo z pupalky dvoulet\u00e9 je kosmetick\u00fdm pokladem, mimo\u0159\u00e1dn\u011b cenn\u00fdm pro sv\u00e9 jedine\u010dn\u00e9 hydrata\u010dn\u00ed, regenera\u010dn\u00ed a zklid\u0148uj\u00edc\u00ed vlastnosti.","breadcrumb":{"@id":"https:\/\/naturalpoland.com\/cs\/produkty\/produkty-pro-kosmeticky-prumysl\/kosmeticka-masla\/maslo-z-perleti\/#breadcrumb"},"inLanguage":"cs","potentialAction":[{"@type":"ReadAction","target":["https:\/\/naturalpoland.com\/cs\/produkty\/produkty-pro-kosmeticky-prumysl\/kosmeticka-masla\/maslo-z-perleti\/"]}]},{"@type":"ImageObject","inLanguage":"cs","@id":"https:\/\/naturalpoland.com\/cs\/produkty\/produkty-pro-kosmeticky-prumysl\/kosmeticka-masla\/maslo-z-perleti\/#primaryimage","url":"https:\/\/naturalpoland.com\/wp-content\/uploads\/Evening_Primrose_Butter.png","contentUrl":"https:\/\/naturalpoland.com\/wp-content\/uploads\/Evening_Primrose_Butter.png","width":599,"height":599,"caption":"m\u00e1slo z pupalky dvoulet\u00e9"},{"@type":"BreadcrumbList","@id":"https:\/\/naturalpoland.com\/cs\/produkty\/produkty-pro-kosmeticky-prumysl\/kosmeticka-masla\/maslo-z-perleti\/#breadcrumb","itemListElement":[{"@type":"ListItem","position":1,"name":"Dom\u016f","item":"https:\/\/naturalpoland.com\/cs\/"},{"@type":"ListItem","position":2,"name":"Produkty","item":"https:\/\/naturalpoland.com\/cs\/produkty\/"},{"@type":"ListItem","position":3,"name":"M\u00e1slo z pupalky dvoulet\u00e9"}]},{"@type":"WebSite","@id":"https:\/\/naturalpoland.com\/cs\/#website","url":"https:\/\/naturalpoland.com\/cs\/","name":"NATURAL POLAND - Velkoobchodn\u00ed distributor surovin","description":"Surowce dla przemys\u0142u spo\u017cywczego, kosmetycznego i farmaceutycznego","publisher":{"@id":"https:\/\/naturalpoland.com\/cs\/#organization"},"potentialAction":[{"@type":"SearchAction","target":{"@type":"EntryPoint","urlTemplate":"https:\/\/naturalpoland.com\/cs\/?s={search_term_string}"},"query-input":{"@type":"PropertyValueSpecification","valueRequired":true,"valueName":"search_term_string"}}],"inLanguage":"cs"},{"@type":"Organization","@id":"https:\/\/naturalpoland.com\/cs\/#organization","name":"Natural Poland","url":"https:\/\/naturalpoland.com\/cs\/","logo":{"@type":"ImageObject","inLanguage":"cs","@id":"https:\/\/naturalpoland.com\/cs\/#\/schema\/logo\/image\/","url":"https:\/\/naturalpoland.com\/wp-content\/uploads\/2021\/05\/natural-poland-icon.png","contentUrl":"https:\/\/naturalpoland.com\/wp-content\/uploads\/2021\/05\/natural-poland-icon.png","width":512,"height":512,"caption":"Natural Poland"},"image":{"@id":"https:\/\/naturalpoland.com\/cs\/#\/schema\/logo\/image\/"},"sameAs":["https:\/\/www.facebook.com\/naturalpoland.b2b","https:\/\/pl.linkedin.com\/company\/natural-poland","https:\/\/www.youtube.com\/channel\/UCgeGGkvOMahZo-xu_MSEWxg"]}]}},"_links":{"self":[{"href":"https:\/\/naturalpoland.com\/cs\/wp-json\/wp\/v2\/product\/24865","targetHints":{"allow":["GET"]}}],"collection":[{"href":"https:\/\/naturalpoland.com\/cs\/wp-json\/wp\/v2\/product"}],"about":[{"href":"https:\/\/naturalpoland.com\/cs\/wp-json\/wp\/v2\/types\/product"}],"wp:featuredmedia":[{"embeddable":true,"href":"https:\/\/naturalpoland.com\/cs\/wp-json\/wp\/v2\/media\/24451"}],"wp:attachment":[{"href":"https:\/\/naturalpoland.com\/cs\/wp-json\/wp\/v2\/media?parent=24865"}],"wp:term":[{"taxonomy":"product_brand","embeddable":true,"href":"https:\/\/naturalpoland.com\/cs\/wp-json\/wp\/v2\/product_brand?post=24865"},{"taxonomy":"product_cat","embeddable":true,"href":"https:\/\/naturalpoland.com\/cs\/wp-json\/wp\/v2\/product_cat?post=24865"},{"taxonomy":"product_tag","embeddable":true,"href":"https:\/\/naturalpoland.com\/cs\/wp-json\/wp\/v2\/product_tag?post=24865"}],"curies":[{"name":"wp","href":"https:\/\/api.w.org\/{rel}","templated":true}]}}