{"id":24866,"date":"2023-07-31T16:18:27","date_gmt":"2023-08-10T10:36:10","guid":{"rendered":"https:\/\/naturalpoland.com\/produkty\/nezarazene\/redukovany-l-glutathion\/"},"modified":"2023-08-10T12:36:10","modified_gmt":"2023-08-10T10:36:10","slug":"redukovany-l-glutathion","status":"publish","type":"product","link":"https:\/\/naturalpoland.com\/cs\/produkty\/produkty-pro-kosmeticky-prumysl\/peptidy\/redukovany-l-glutathion\/","title":{"rendered":"Redukovan\u00fd L-glutathion"},"content":{"rendered":"<h3>\u00da\u010dinky redukovan\u00e9ho L-glutathionu<\/h3>\n<p>\u00da\u010dinek redukovan\u00e9ho L-glutathionu je zalo\u017een na <strong>inhibici aktivity tyrozin\u00e1zy<\/strong>, enzymu, kter\u00fd je kl\u00ed\u010dov\u00fd pro proces tvorby melaninu. Melanin je pigment zodpov\u011bdn\u00fd za barvu k\u016f\u017ee a jeho nadm\u011brn\u00e1 produkce m\u016f\u017ee v\u00e9st k nevzhledn\u00fdm pih\u00e1m a hyperpigmentaci. D\u00edky vlastnostem L-glutathionu je tento proces potla\u010den, co\u017e vede k jasn\u011bj\u0161\u00edmu t\u00f3nu pleti.<\/p>\n<p>Redukovan\u00fd L-glutathion je tak\u00e9 slo\u017eka se <strong>siln\u00fdmi antioxida\u010dn\u00edmi vlastnostmi<\/strong>, kter\u00e1 pom\u00e1h\u00e1 chr\u00e1nit poko\u017eku p\u0159ed po\u0161kozen\u00edm voln\u00fdmi radik\u00e1ly. Voln\u00e9 radik\u00e1ly jsou jedn\u00edm z hlavn\u00edch faktor\u016f urychluj\u00edc\u00edch proces st\u00e1rnut\u00ed pleti, tak\u017ee pou\u017e\u00edv\u00e1n\u00ed L-glutathionu m\u016f\u017ee pomoci udr\u017eet mladistv\u00fd vzhled pleti po del\u0161\u00ed dobu.<\/p>\n","protected":false},"excerpt":{"rendered":"<p>Redukovan\u00fd L-glutathion je \u00fa\u010dinn\u00e1 l\u00e1tka, kter\u00e1 hraje kl\u00ed\u010dovou roli v pokro\u010dil\u00e9 p\u00e9\u010di o ple\u0165. M\u00e1 b\u011bl\u00edc\u00ed a pihy odstra\u0148uj\u00edc\u00ed \u00fa\u010dinky. Pou\u017e\u00edv\u00e1 se v kosmetick\u00fdch p\u0159\u00edpravc\u00edch ur\u010den\u00fdch proti zm\u011bn\u011b barvy a nerovnom\u011brn\u00e9mu t\u00f3nu pleti.<\/p>\n","protected":false},"featured_media":24632,"template":"","meta":[],"product_brand":[],"product_cat":[2488],"product_tag":[],"class_list":{"0":"post-24866","1":"product","2":"type-product","3":"status-publish","4":"has-post-thumbnail","6":"product_cat-peptidy","8":"first","9":"instock","10":"shipping-taxable","11":"product-type-simple"},"yoast_head":"<!-- This site is optimized with the Yoast SEO plugin v27.4 - https:\/\/yoast.com\/product\/yoast-seo-wordpress\/ -->\n<title>Redukovan\u00fd L-glutathion - Velkoobchodn\u00ed distributor<\/title>\n<meta name=\"description\" content=\"Redukovan\u00fd L-glutathion se vyskytuje pod n\u00e1zvem INCI: GLUTATHIONE. Jeho pou\u017e\u00edv\u00e1n\u00ed p\u0159in\u00e1\u0161\u00ed viditeln\u00e9 v\u00fdsledky p\u0159i redukci pih a hyperpigmentace.\" \/>\n<meta name=\"robots\" content=\"index, follow, max-snippet:-1, max-image-preview:large, max-video-preview:-1\" \/>\n<link rel=\"canonical\" href=\"https:\/\/naturalpoland.com\/cs\/produkty\/produkty-pro-kosmeticky-prumysl\/peptidy\/redukovany-l-glutathion\/\" \/>\n<meta property=\"og:locale\" content=\"cs_CZ\" \/>\n<meta property=\"og:type\" content=\"article\" \/>\n<meta property=\"og:title\" content=\"Redukovan\u00fd L-glutathion - Velkoobchodn\u00ed distributor\" \/>\n<meta property=\"og:description\" content=\"Redukovan\u00fd L-glutathion se vyskytuje pod n\u00e1zvem INCI: GLUTATHIONE. Jeho pou\u017e\u00edv\u00e1n\u00ed p\u0159in\u00e1\u0161\u00ed viditeln\u00e9 v\u00fdsledky p\u0159i redukci pih a hyperpigmentace.\" \/>\n<meta property=\"og:url\" content=\"https:\/\/naturalpoland.com\/cs\/produkty\/produkty-pro-kosmeticky-prumysl\/peptidy\/redukovany-l-glutathion\/\" \/>\n<meta property=\"og:site_name\" content=\"NATURAL POLAND - Velkoobchodn\u00ed distributor surovin\" \/>\n<meta property=\"article:publisher\" content=\"https:\/\/www.facebook.com\/naturalpoland.b2b\" \/>\n<meta property=\"og:image\" content=\"https:\/\/naturalpoland.com\/wp-content\/uploads\/GLUTATHIONE.png\" \/>\n\t<meta property=\"og:image:width\" content=\"591\" \/>\n\t<meta property=\"og:image:height\" content=\"591\" \/>\n\t<meta property=\"og:image:type\" content=\"image\/png\" \/>\n<script type=\"application\/ld+json\" class=\"yoast-schema-graph\">{\"@context\":\"https:\\\/\\\/schema.org\",\"@graph\":[{\"@type\":\"WebPage\",\"@id\":\"https:\\\/\\\/naturalpoland.com\\\/cs\\\/produkty\\\/produkty-pro-kosmeticky-prumysl\\\/peptidy\\\/redukovany-l-glutathion\\\/\",\"url\":\"https:\\\/\\\/naturalpoland.com\\\/cs\\\/produkty\\\/produkty-pro-kosmeticky-prumysl\\\/peptidy\\\/redukovany-l-glutathion\\\/\",\"name\":\"Redukovan\u00fd L-glutathion - Velkoobchodn\u00ed distributor\",\"isPartOf\":{\"@id\":\"https:\\\/\\\/naturalpoland.com\\\/cs\\\/#website\"},\"primaryImageOfPage\":{\"@id\":\"https:\\\/\\\/naturalpoland.com\\\/cs\\\/produkty\\\/produkty-pro-kosmeticky-prumysl\\\/peptidy\\\/redukovany-l-glutathion\\\/#primaryimage\"},\"image\":{\"@id\":\"https:\\\/\\\/naturalpoland.com\\\/cs\\\/produkty\\\/produkty-pro-kosmeticky-prumysl\\\/peptidy\\\/redukovany-l-glutathion\\\/#primaryimage\"},\"thumbnailUrl\":\"https:\\\/\\\/naturalpoland.com\\\/wp-content\\\/uploads\\\/GLUTATHIONE.png\",\"datePublished\":\"2023-08-10T10:36:10+00:00\",\"description\":\"Redukovan\u00fd L-glutathion se vyskytuje pod n\u00e1zvem INCI: GLUTATHIONE. Jeho pou\u017e\u00edv\u00e1n\u00ed p\u0159in\u00e1\u0161\u00ed viditeln\u00e9 v\u00fdsledky p\u0159i redukci pih a hyperpigmentace.\",\"breadcrumb\":{\"@id\":\"https:\\\/\\\/naturalpoland.com\\\/cs\\\/produkty\\\/produkty-pro-kosmeticky-prumysl\\\/peptidy\\\/redukovany-l-glutathion\\\/#breadcrumb\"},\"inLanguage\":\"cs\",\"potentialAction\":[{\"@type\":\"ReadAction\",\"target\":[\"https:\\\/\\\/naturalpoland.com\\\/cs\\\/produkty\\\/produkty-pro-kosmeticky-prumysl\\\/peptidy\\\/redukovany-l-glutathion\\\/\"]}]},{\"@type\":\"ImageObject\",\"inLanguage\":\"cs\",\"@id\":\"https:\\\/\\\/naturalpoland.com\\\/cs\\\/produkty\\\/produkty-pro-kosmeticky-prumysl\\\/peptidy\\\/redukovany-l-glutathion\\\/#primaryimage\",\"url\":\"https:\\\/\\\/naturalpoland.com\\\/wp-content\\\/uploads\\\/GLUTATHIONE.png\",\"contentUrl\":\"https:\\\/\\\/naturalpoland.com\\\/wp-content\\\/uploads\\\/GLUTATHIONE.png\",\"width\":591,\"height\":591,\"caption\":\"redukovan\u00fd l-glutathion\"},{\"@type\":\"BreadcrumbList\",\"@id\":\"https:\\\/\\\/naturalpoland.com\\\/cs\\\/produkty\\\/produkty-pro-kosmeticky-prumysl\\\/peptidy\\\/redukovany-l-glutathion\\\/#breadcrumb\",\"itemListElement\":[{\"@type\":\"ListItem\",\"position\":1,\"name\":\"Dom\u016f\",\"item\":\"https:\\\/\\\/naturalpoland.com\\\/cs\\\/\"},{\"@type\":\"ListItem\",\"position\":2,\"name\":\"Produkty\",\"item\":\"https:\\\/\\\/naturalpoland.com\\\/cs\\\/produkty\\\/\"},{\"@type\":\"ListItem\",\"position\":3,\"name\":\"Redukovan\u00fd L-glutathion\"}]},{\"@type\":\"WebSite\",\"@id\":\"https:\\\/\\\/naturalpoland.com\\\/cs\\\/#website\",\"url\":\"https:\\\/\\\/naturalpoland.com\\\/cs\\\/\",\"name\":\"NATURAL POLAND - Velkoobchodn\u00ed distributor surovin\",\"description\":\"Surowce dla przemys\u0142u spo\u017cywczego, kosmetycznego i farmaceutycznego\",\"publisher\":{\"@id\":\"https:\\\/\\\/naturalpoland.com\\\/cs\\\/#organization\"},\"potentialAction\":[{\"@type\":\"SearchAction\",\"target\":{\"@type\":\"EntryPoint\",\"urlTemplate\":\"https:\\\/\\\/naturalpoland.com\\\/cs\\\/?s={search_term_string}\"},\"query-input\":{\"@type\":\"PropertyValueSpecification\",\"valueRequired\":true,\"valueName\":\"search_term_string\"}}],\"inLanguage\":\"cs\"},{\"@type\":\"Organization\",\"@id\":\"https:\\\/\\\/naturalpoland.com\\\/cs\\\/#organization\",\"name\":\"Natural Poland\",\"url\":\"https:\\\/\\\/naturalpoland.com\\\/cs\\\/\",\"logo\":{\"@type\":\"ImageObject\",\"inLanguage\":\"cs\",\"@id\":\"https:\\\/\\\/naturalpoland.com\\\/cs\\\/#\\\/schema\\\/logo\\\/image\\\/\",\"url\":\"https:\\\/\\\/naturalpoland.com\\\/wp-content\\\/uploads\\\/2021\\\/05\\\/natural-poland-icon.png\",\"contentUrl\":\"https:\\\/\\\/naturalpoland.com\\\/wp-content\\\/uploads\\\/2021\\\/05\\\/natural-poland-icon.png\",\"width\":512,\"height\":512,\"caption\":\"Natural Poland\"},\"image\":{\"@id\":\"https:\\\/\\\/naturalpoland.com\\\/cs\\\/#\\\/schema\\\/logo\\\/image\\\/\"},\"sameAs\":[\"https:\\\/\\\/www.facebook.com\\\/naturalpoland.b2b\",\"https:\\\/\\\/pl.linkedin.com\\\/company\\\/natural-poland\",\"https:\\\/\\\/www.youtube.com\\\/channel\\\/UCgeGGkvOMahZo-xu_MSEWxg\"]}]}<\/script>\n<!-- \/ Yoast SEO plugin. -->","yoast_head_json":{"title":"Redukovan\u00fd L-glutathion - Velkoobchodn\u00ed distributor","description":"Redukovan\u00fd L-glutathion se vyskytuje pod n\u00e1zvem INCI: GLUTATHIONE. Jeho pou\u017e\u00edv\u00e1n\u00ed p\u0159in\u00e1\u0161\u00ed viditeln\u00e9 v\u00fdsledky p\u0159i redukci pih a hyperpigmentace.","robots":{"index":"index","follow":"follow","max-snippet":"max-snippet:-1","max-image-preview":"max-image-preview:large","max-video-preview":"max-video-preview:-1"},"canonical":"https:\/\/naturalpoland.com\/cs\/produkty\/produkty-pro-kosmeticky-prumysl\/peptidy\/redukovany-l-glutathion\/","og_locale":"cs_CZ","og_type":"article","og_title":"Redukovan\u00fd L-glutathion - Velkoobchodn\u00ed distributor","og_description":"Redukovan\u00fd L-glutathion se vyskytuje pod n\u00e1zvem INCI: GLUTATHIONE. Jeho pou\u017e\u00edv\u00e1n\u00ed p\u0159in\u00e1\u0161\u00ed viditeln\u00e9 v\u00fdsledky p\u0159i redukci pih a hyperpigmentace.","og_url":"https:\/\/naturalpoland.com\/cs\/produkty\/produkty-pro-kosmeticky-prumysl\/peptidy\/redukovany-l-glutathion\/","og_site_name":"NATURAL POLAND - Velkoobchodn\u00ed distributor surovin","article_publisher":"https:\/\/www.facebook.com\/naturalpoland.b2b","og_image":[{"width":591,"height":591,"url":"https:\/\/naturalpoland.com\/wp-content\/uploads\/GLUTATHIONE.png","type":"image\/png"}],"schema":{"@context":"https:\/\/schema.org","@graph":[{"@type":"WebPage","@id":"https:\/\/naturalpoland.com\/cs\/produkty\/produkty-pro-kosmeticky-prumysl\/peptidy\/redukovany-l-glutathion\/","url":"https:\/\/naturalpoland.com\/cs\/produkty\/produkty-pro-kosmeticky-prumysl\/peptidy\/redukovany-l-glutathion\/","name":"Redukovan\u00fd L-glutathion - Velkoobchodn\u00ed distributor","isPartOf":{"@id":"https:\/\/naturalpoland.com\/cs\/#website"},"primaryImageOfPage":{"@id":"https:\/\/naturalpoland.com\/cs\/produkty\/produkty-pro-kosmeticky-prumysl\/peptidy\/redukovany-l-glutathion\/#primaryimage"},"image":{"@id":"https:\/\/naturalpoland.com\/cs\/produkty\/produkty-pro-kosmeticky-prumysl\/peptidy\/redukovany-l-glutathion\/#primaryimage"},"thumbnailUrl":"https:\/\/naturalpoland.com\/wp-content\/uploads\/GLUTATHIONE.png","datePublished":"2023-08-10T10:36:10+00:00","description":"Redukovan\u00fd L-glutathion se vyskytuje pod n\u00e1zvem INCI: GLUTATHIONE. Jeho pou\u017e\u00edv\u00e1n\u00ed p\u0159in\u00e1\u0161\u00ed viditeln\u00e9 v\u00fdsledky p\u0159i redukci pih a hyperpigmentace.","breadcrumb":{"@id":"https:\/\/naturalpoland.com\/cs\/produkty\/produkty-pro-kosmeticky-prumysl\/peptidy\/redukovany-l-glutathion\/#breadcrumb"},"inLanguage":"cs","potentialAction":[{"@type":"ReadAction","target":["https:\/\/naturalpoland.com\/cs\/produkty\/produkty-pro-kosmeticky-prumysl\/peptidy\/redukovany-l-glutathion\/"]}]},{"@type":"ImageObject","inLanguage":"cs","@id":"https:\/\/naturalpoland.com\/cs\/produkty\/produkty-pro-kosmeticky-prumysl\/peptidy\/redukovany-l-glutathion\/#primaryimage","url":"https:\/\/naturalpoland.com\/wp-content\/uploads\/GLUTATHIONE.png","contentUrl":"https:\/\/naturalpoland.com\/wp-content\/uploads\/GLUTATHIONE.png","width":591,"height":591,"caption":"redukovan\u00fd l-glutathion"},{"@type":"BreadcrumbList","@id":"https:\/\/naturalpoland.com\/cs\/produkty\/produkty-pro-kosmeticky-prumysl\/peptidy\/redukovany-l-glutathion\/#breadcrumb","itemListElement":[{"@type":"ListItem","position":1,"name":"Dom\u016f","item":"https:\/\/naturalpoland.com\/cs\/"},{"@type":"ListItem","position":2,"name":"Produkty","item":"https:\/\/naturalpoland.com\/cs\/produkty\/"},{"@type":"ListItem","position":3,"name":"Redukovan\u00fd L-glutathion"}]},{"@type":"WebSite","@id":"https:\/\/naturalpoland.com\/cs\/#website","url":"https:\/\/naturalpoland.com\/cs\/","name":"NATURAL POLAND - Velkoobchodn\u00ed distributor surovin","description":"Surowce dla przemys\u0142u spo\u017cywczego, kosmetycznego i farmaceutycznego","publisher":{"@id":"https:\/\/naturalpoland.com\/cs\/#organization"},"potentialAction":[{"@type":"SearchAction","target":{"@type":"EntryPoint","urlTemplate":"https:\/\/naturalpoland.com\/cs\/?s={search_term_string}"},"query-input":{"@type":"PropertyValueSpecification","valueRequired":true,"valueName":"search_term_string"}}],"inLanguage":"cs"},{"@type":"Organization","@id":"https:\/\/naturalpoland.com\/cs\/#organization","name":"Natural Poland","url":"https:\/\/naturalpoland.com\/cs\/","logo":{"@type":"ImageObject","inLanguage":"cs","@id":"https:\/\/naturalpoland.com\/cs\/#\/schema\/logo\/image\/","url":"https:\/\/naturalpoland.com\/wp-content\/uploads\/2021\/05\/natural-poland-icon.png","contentUrl":"https:\/\/naturalpoland.com\/wp-content\/uploads\/2021\/05\/natural-poland-icon.png","width":512,"height":512,"caption":"Natural Poland"},"image":{"@id":"https:\/\/naturalpoland.com\/cs\/#\/schema\/logo\/image\/"},"sameAs":["https:\/\/www.facebook.com\/naturalpoland.b2b","https:\/\/pl.linkedin.com\/company\/natural-poland","https:\/\/www.youtube.com\/channel\/UCgeGGkvOMahZo-xu_MSEWxg"]}]}},"_links":{"self":[{"href":"https:\/\/naturalpoland.com\/cs\/wp-json\/wp\/v2\/product\/24866","targetHints":{"allow":["GET"]}}],"collection":[{"href":"https:\/\/naturalpoland.com\/cs\/wp-json\/wp\/v2\/product"}],"about":[{"href":"https:\/\/naturalpoland.com\/cs\/wp-json\/wp\/v2\/types\/product"}],"wp:featuredmedia":[{"embeddable":true,"href":"https:\/\/naturalpoland.com\/cs\/wp-json\/wp\/v2\/media\/24632"}],"wp:attachment":[{"href":"https:\/\/naturalpoland.com\/cs\/wp-json\/wp\/v2\/media?parent=24866"}],"wp:term":[{"taxonomy":"product_brand","embeddable":true,"href":"https:\/\/naturalpoland.com\/cs\/wp-json\/wp\/v2\/product_brand?post=24866"},{"taxonomy":"product_cat","embeddable":true,"href":"https:\/\/naturalpoland.com\/cs\/wp-json\/wp\/v2\/product_cat?post=24866"},{"taxonomy":"product_tag","embeddable":true,"href":"https:\/\/naturalpoland.com\/cs\/wp-json\/wp\/v2\/product_tag?post=24866"}],"curies":[{"name":"wp","href":"https:\/\/api.w.org\/{rel}","templated":true}]}}