{"id":24867,"date":"2023-07-25T14:30:12","date_gmt":"2023-08-10T10:36:11","guid":{"rendered":"https:\/\/naturalpoland.com\/produkty\/nezarazene\/olivove-maslo\/"},"modified":"2024-09-18T12:44:09","modified_gmt":"2024-09-18T10:44:09","slug":"maslo-z-oliv","status":"publish","type":"product","link":"https:\/\/naturalpoland.com\/cs\/produkty\/produkty-pro-kosmeticky-prumysl\/kosmeticka-masla\/maslo-z-oliv\/","title":{"rendered":"Olivov\u00e9 m\u00e1slo"},"content":{"rendered":"<h2>Vlastnosti olivov\u00e9ho m\u00e1sla<\/h2>\n<p>  Olivov\u00e9 m\u00e1slo je bohat\u00e9 na nasycen\u00e9 mastn\u00e9 kyseliny, skvalen, lecitin, fytosteroly a vitaminy, v\u010detn\u011b. <strong><a href=\"https:\/\/naturalpoland.com\/produkty\/produkty-dla-przemyslu-farmaceutycznego-i-medycznego\/witaminy\/witamina-e\/\">vitaminu E<\/a><\/strong>kter\u00fd p\u016fsob\u00ed jako siln\u00fd antioxidant.<br \/>\nOlivov\u00e9 m\u00e1slo v\u00fdborn\u011b <strong>hydratuje<\/strong> a <strong>regeneruje poko\u017eku<\/strong>, <strong>posiluje lipidovou bari\u00e9ru<\/strong> a pom\u00e1h\u00e1 v boji proti zn\u00e1mk\u00e1m st\u00e1rnut\u00ed. <strong>Fytosteroly<\/strong> obsa\u017een\u00e9 v m\u00e1sle maj\u00ed protiz\u00e1n\u011btliv\u00e9 a regenera\u010dn\u00ed \u00fa\u010dinky, zklid\u0148uj\u00ed podr\u00e1\u017ed\u011bn\u00ed a podporuj\u00ed hojen\u00ed poko\u017eky.<br \/>\nM\u00e1slo je ide\u00e1ln\u00ed pro suchou, \u0161upinatou a popraskanou poko\u017eku, stejn\u011b jako pro jemnou poko\u017eku kolem o\u010d\u00ed a \u00fast.<br \/>\nD\u00edky sv\u00e9 biokompatibilit\u011b s lidskou poko\u017ekou nezp\u016fsobuje senzibilizaci ani podr\u00e1\u017ed\u011bn\u00ed.<br \/>\nJe <strong>bezpe\u010dn\u00fdm<\/strong> v\u00fdrobkem <strong>pro osoby s citlivou a alergickou<\/strong> poko\u017ekou <strong>,<\/strong> stejn\u011b jako <strong>pro osoby s<\/strong> ko\u017en\u00edmi probl\u00e9my, jako jsou ekz\u00e9my nebo atopick\u00e1 dermatitida.<br \/>\nLze jej pou\u017e\u00edvat p\u0159\u00edmo na poko\u017eku nebo jako p\u0159\u00edsadu do kr\u00e9m\u016f, ple\u0165ov\u00fdch vod, masek nebo mas\u00e1\u017en\u00edch p\u0159\u00edpravk\u016f.       <\/p>\n<h2>Pou\u017eit\u00ed olivov\u00e9ho m\u00e1sla<\/h2>\n<p>  D\u00edky sv\u00fdm hydrata\u010dn\u00edm a ochrann\u00fdm vlastnostem je olivov\u00e9 m\u00e1slo slo\u017ekou kosmetiky ur\u010den\u00e9 pro zralou a suchou ple\u0165, stejn\u011b jako pro ple\u0165 vy\u017eaduj\u00edc\u00ed intenzivn\u00ed regeneraci po vystaven\u00ed slunci nebo jin\u00fdm nep\u0159\u00edzniv\u00fdm vliv\u016fm prost\u0159ed\u00ed.<\/p>\n","protected":false},"excerpt":{"rendered":"<p>Olivov\u00e9 m\u00e1slo se z\u00edsk\u00e1v\u00e1 hydrogenac\u00ed za studena lisovan\u00e9ho olivov\u00e9ho oleje<em>(Olea Europaea)<\/em>.<br \/>\nVyzna\u010duje se m\u011bkkou, kr\u00e9movou konzistenc\u00ed, lehce nazelenalou barvou a jemnou v\u016fn\u00ed. <\/p>\n","protected":false},"featured_media":24464,"template":"","meta":{"_acf_changed":false},"product_brand":[],"product_cat":[635],"product_tag":[],"class_list":{"0":"post-24867","1":"product","2":"type-product","3":"status-publish","4":"has-post-thumbnail","6":"product_cat-kosmeticka-masla","7":"pa_metoda-pozyskiwania-hydrogenace","9":"first","10":"instock","11":"shipping-taxable","12":"product-type-simple"},"acf":[],"yoast_head":"<!-- This site is optimized with the Yoast SEO plugin v27.4 - https:\/\/yoast.com\/product\/yoast-seo-wordpress\/ -->\n<title>Olivov\u00e9 m\u00e1slo - NATURAL POLAND - Velkoobchodn\u00ed distributor surovin<\/title>\n<meta name=\"description\" content=\"Olivov\u00e9 m\u00e1slo je cennou kosmetickou ingredienc\u00ed s mnoha blahod\u00e1rn\u00fdmi \u00fa\u010dinky na poko\u017eku. Je bohat\u00fd na \u017eiviny, kter\u00e9 vy\u017eivuj\u00ed poko\u017eku.\" \/>\n<meta name=\"robots\" content=\"index, follow, max-snippet:-1, max-image-preview:large, max-video-preview:-1\" \/>\n<link rel=\"canonical\" href=\"https:\/\/naturalpoland.com\/cs\/produkty\/produkty-pro-kosmeticky-prumysl\/kosmeticka-masla\/maslo-z-oliv\/\" \/>\n<meta property=\"og:locale\" content=\"cs_CZ\" \/>\n<meta property=\"og:type\" content=\"article\" \/>\n<meta property=\"og:title\" content=\"Olivov\u00e9 m\u00e1slo - NATURAL POLAND - Velkoobchodn\u00ed distributor surovin\" \/>\n<meta property=\"og:description\" content=\"Olivov\u00e9 m\u00e1slo je cennou kosmetickou ingredienc\u00ed s mnoha blahod\u00e1rn\u00fdmi \u00fa\u010dinky na poko\u017eku. Je bohat\u00fd na \u017eiviny, kter\u00e9 vy\u017eivuj\u00ed poko\u017eku.\" \/>\n<meta property=\"og:url\" content=\"https:\/\/naturalpoland.com\/cs\/produkty\/produkty-pro-kosmeticky-prumysl\/kosmeticka-masla\/maslo-z-oliv\/\" \/>\n<meta property=\"og:site_name\" content=\"NATURAL POLAND - Velkoobchodn\u00ed distributor surovin\" \/>\n<meta property=\"article:publisher\" content=\"https:\/\/www.facebook.com\/naturalpoland.b2b\" \/>\n<meta property=\"article:modified_time\" content=\"2024-09-18T10:44:09+00:00\" \/>\n<meta property=\"og:image\" content=\"https:\/\/naturalpoland.com\/wp-content\/uploads\/olive_butter.png\" \/>\n\t<meta property=\"og:image:width\" content=\"599\" \/>\n\t<meta property=\"og:image:height\" content=\"599\" \/>\n\t<meta property=\"og:image:type\" content=\"image\/png\" \/>\n<script type=\"application\/ld+json\" class=\"yoast-schema-graph\">{\"@context\":\"https:\\\/\\\/schema.org\",\"@graph\":[{\"@type\":\"WebPage\",\"@id\":\"https:\\\/\\\/naturalpoland.com\\\/cs\\\/produkty\\\/produkty-pro-kosmeticky-prumysl\\\/kosmeticka-masla\\\/maslo-z-oliv\\\/\",\"url\":\"https:\\\/\\\/naturalpoland.com\\\/cs\\\/produkty\\\/produkty-pro-kosmeticky-prumysl\\\/kosmeticka-masla\\\/maslo-z-oliv\\\/\",\"name\":\"Olivov\u00e9 m\u00e1slo - NATURAL POLAND - Velkoobchodn\u00ed distributor surovin\",\"isPartOf\":{\"@id\":\"https:\\\/\\\/naturalpoland.com\\\/cs\\\/#website\"},\"primaryImageOfPage\":{\"@id\":\"https:\\\/\\\/naturalpoland.com\\\/cs\\\/produkty\\\/produkty-pro-kosmeticky-prumysl\\\/kosmeticka-masla\\\/maslo-z-oliv\\\/#primaryimage\"},\"image\":{\"@id\":\"https:\\\/\\\/naturalpoland.com\\\/cs\\\/produkty\\\/produkty-pro-kosmeticky-prumysl\\\/kosmeticka-masla\\\/maslo-z-oliv\\\/#primaryimage\"},\"thumbnailUrl\":\"https:\\\/\\\/naturalpoland.com\\\/wp-content\\\/uploads\\\/olive_butter.png\",\"datePublished\":\"2023-08-10T10:36:11+00:00\",\"dateModified\":\"2024-09-18T10:44:09+00:00\",\"description\":\"Olivov\u00e9 m\u00e1slo je cennou kosmetickou ingredienc\u00ed s mnoha blahod\u00e1rn\u00fdmi \u00fa\u010dinky na poko\u017eku. Je bohat\u00fd na \u017eiviny, kter\u00e9 vy\u017eivuj\u00ed poko\u017eku.\",\"breadcrumb\":{\"@id\":\"https:\\\/\\\/naturalpoland.com\\\/cs\\\/produkty\\\/produkty-pro-kosmeticky-prumysl\\\/kosmeticka-masla\\\/maslo-z-oliv\\\/#breadcrumb\"},\"inLanguage\":\"cs\",\"potentialAction\":[{\"@type\":\"ReadAction\",\"target\":[\"https:\\\/\\\/naturalpoland.com\\\/cs\\\/produkty\\\/produkty-pro-kosmeticky-prumysl\\\/kosmeticka-masla\\\/maslo-z-oliv\\\/\"]}]},{\"@type\":\"ImageObject\",\"inLanguage\":\"cs\",\"@id\":\"https:\\\/\\\/naturalpoland.com\\\/cs\\\/produkty\\\/produkty-pro-kosmeticky-prumysl\\\/kosmeticka-masla\\\/maslo-z-oliv\\\/#primaryimage\",\"url\":\"https:\\\/\\\/naturalpoland.com\\\/wp-content\\\/uploads\\\/olive_butter.png\",\"contentUrl\":\"https:\\\/\\\/naturalpoland.com\\\/wp-content\\\/uploads\\\/olive_butter.png\",\"width\":599,\"height\":599,\"caption\":\"olivov\u00e9 m\u00e1slo\"},{\"@type\":\"BreadcrumbList\",\"@id\":\"https:\\\/\\\/naturalpoland.com\\\/cs\\\/produkty\\\/produkty-pro-kosmeticky-prumysl\\\/kosmeticka-masla\\\/maslo-z-oliv\\\/#breadcrumb\",\"itemListElement\":[{\"@type\":\"ListItem\",\"position\":1,\"name\":\"Dom\u016f\",\"item\":\"https:\\\/\\\/naturalpoland.com\\\/cs\\\/\"},{\"@type\":\"ListItem\",\"position\":2,\"name\":\"Produkty\",\"item\":\"https:\\\/\\\/naturalpoland.com\\\/cs\\\/produkty\\\/\"},{\"@type\":\"ListItem\",\"position\":3,\"name\":\"Olivov\u00e9 m\u00e1slo\"}]},{\"@type\":\"WebSite\",\"@id\":\"https:\\\/\\\/naturalpoland.com\\\/cs\\\/#website\",\"url\":\"https:\\\/\\\/naturalpoland.com\\\/cs\\\/\",\"name\":\"NATURAL POLAND - Velkoobchodn\u00ed distributor surovin\",\"description\":\"Surowce dla przemys\u0142u spo\u017cywczego, kosmetycznego i farmaceutycznego\",\"publisher\":{\"@id\":\"https:\\\/\\\/naturalpoland.com\\\/cs\\\/#organization\"},\"potentialAction\":[{\"@type\":\"SearchAction\",\"target\":{\"@type\":\"EntryPoint\",\"urlTemplate\":\"https:\\\/\\\/naturalpoland.com\\\/cs\\\/?s={search_term_string}\"},\"query-input\":{\"@type\":\"PropertyValueSpecification\",\"valueRequired\":true,\"valueName\":\"search_term_string\"}}],\"inLanguage\":\"cs\"},{\"@type\":\"Organization\",\"@id\":\"https:\\\/\\\/naturalpoland.com\\\/cs\\\/#organization\",\"name\":\"Natural Poland\",\"url\":\"https:\\\/\\\/naturalpoland.com\\\/cs\\\/\",\"logo\":{\"@type\":\"ImageObject\",\"inLanguage\":\"cs\",\"@id\":\"https:\\\/\\\/naturalpoland.com\\\/cs\\\/#\\\/schema\\\/logo\\\/image\\\/\",\"url\":\"https:\\\/\\\/naturalpoland.com\\\/wp-content\\\/uploads\\\/2021\\\/05\\\/natural-poland-icon.png\",\"contentUrl\":\"https:\\\/\\\/naturalpoland.com\\\/wp-content\\\/uploads\\\/2021\\\/05\\\/natural-poland-icon.png\",\"width\":512,\"height\":512,\"caption\":\"Natural Poland\"},\"image\":{\"@id\":\"https:\\\/\\\/naturalpoland.com\\\/cs\\\/#\\\/schema\\\/logo\\\/image\\\/\"},\"sameAs\":[\"https:\\\/\\\/www.facebook.com\\\/naturalpoland.b2b\",\"https:\\\/\\\/pl.linkedin.com\\\/company\\\/natural-poland\",\"https:\\\/\\\/www.youtube.com\\\/channel\\\/UCgeGGkvOMahZo-xu_MSEWxg\"]}]}<\/script>\n<!-- \/ Yoast SEO plugin. -->","yoast_head_json":{"title":"Olivov\u00e9 m\u00e1slo - NATURAL POLAND - Velkoobchodn\u00ed distributor surovin","description":"Olivov\u00e9 m\u00e1slo je cennou kosmetickou ingredienc\u00ed s mnoha blahod\u00e1rn\u00fdmi \u00fa\u010dinky na poko\u017eku. Je bohat\u00fd na \u017eiviny, kter\u00e9 vy\u017eivuj\u00ed poko\u017eku.","robots":{"index":"index","follow":"follow","max-snippet":"max-snippet:-1","max-image-preview":"max-image-preview:large","max-video-preview":"max-video-preview:-1"},"canonical":"https:\/\/naturalpoland.com\/cs\/produkty\/produkty-pro-kosmeticky-prumysl\/kosmeticka-masla\/maslo-z-oliv\/","og_locale":"cs_CZ","og_type":"article","og_title":"Olivov\u00e9 m\u00e1slo - NATURAL POLAND - Velkoobchodn\u00ed distributor surovin","og_description":"Olivov\u00e9 m\u00e1slo je cennou kosmetickou ingredienc\u00ed s mnoha blahod\u00e1rn\u00fdmi \u00fa\u010dinky na poko\u017eku. Je bohat\u00fd na \u017eiviny, kter\u00e9 vy\u017eivuj\u00ed poko\u017eku.","og_url":"https:\/\/naturalpoland.com\/cs\/produkty\/produkty-pro-kosmeticky-prumysl\/kosmeticka-masla\/maslo-z-oliv\/","og_site_name":"NATURAL POLAND - Velkoobchodn\u00ed distributor surovin","article_publisher":"https:\/\/www.facebook.com\/naturalpoland.b2b","article_modified_time":"2024-09-18T10:44:09+00:00","og_image":[{"width":599,"height":599,"url":"https:\/\/naturalpoland.com\/wp-content\/uploads\/olive_butter.png","type":"image\/png"}],"schema":{"@context":"https:\/\/schema.org","@graph":[{"@type":"WebPage","@id":"https:\/\/naturalpoland.com\/cs\/produkty\/produkty-pro-kosmeticky-prumysl\/kosmeticka-masla\/maslo-z-oliv\/","url":"https:\/\/naturalpoland.com\/cs\/produkty\/produkty-pro-kosmeticky-prumysl\/kosmeticka-masla\/maslo-z-oliv\/","name":"Olivov\u00e9 m\u00e1slo - NATURAL POLAND - Velkoobchodn\u00ed distributor surovin","isPartOf":{"@id":"https:\/\/naturalpoland.com\/cs\/#website"},"primaryImageOfPage":{"@id":"https:\/\/naturalpoland.com\/cs\/produkty\/produkty-pro-kosmeticky-prumysl\/kosmeticka-masla\/maslo-z-oliv\/#primaryimage"},"image":{"@id":"https:\/\/naturalpoland.com\/cs\/produkty\/produkty-pro-kosmeticky-prumysl\/kosmeticka-masla\/maslo-z-oliv\/#primaryimage"},"thumbnailUrl":"https:\/\/naturalpoland.com\/wp-content\/uploads\/olive_butter.png","datePublished":"2023-08-10T10:36:11+00:00","dateModified":"2024-09-18T10:44:09+00:00","description":"Olivov\u00e9 m\u00e1slo je cennou kosmetickou ingredienc\u00ed s mnoha blahod\u00e1rn\u00fdmi \u00fa\u010dinky na poko\u017eku. Je bohat\u00fd na \u017eiviny, kter\u00e9 vy\u017eivuj\u00ed poko\u017eku.","breadcrumb":{"@id":"https:\/\/naturalpoland.com\/cs\/produkty\/produkty-pro-kosmeticky-prumysl\/kosmeticka-masla\/maslo-z-oliv\/#breadcrumb"},"inLanguage":"cs","potentialAction":[{"@type":"ReadAction","target":["https:\/\/naturalpoland.com\/cs\/produkty\/produkty-pro-kosmeticky-prumysl\/kosmeticka-masla\/maslo-z-oliv\/"]}]},{"@type":"ImageObject","inLanguage":"cs","@id":"https:\/\/naturalpoland.com\/cs\/produkty\/produkty-pro-kosmeticky-prumysl\/kosmeticka-masla\/maslo-z-oliv\/#primaryimage","url":"https:\/\/naturalpoland.com\/wp-content\/uploads\/olive_butter.png","contentUrl":"https:\/\/naturalpoland.com\/wp-content\/uploads\/olive_butter.png","width":599,"height":599,"caption":"olivov\u00e9 m\u00e1slo"},{"@type":"BreadcrumbList","@id":"https:\/\/naturalpoland.com\/cs\/produkty\/produkty-pro-kosmeticky-prumysl\/kosmeticka-masla\/maslo-z-oliv\/#breadcrumb","itemListElement":[{"@type":"ListItem","position":1,"name":"Dom\u016f","item":"https:\/\/naturalpoland.com\/cs\/"},{"@type":"ListItem","position":2,"name":"Produkty","item":"https:\/\/naturalpoland.com\/cs\/produkty\/"},{"@type":"ListItem","position":3,"name":"Olivov\u00e9 m\u00e1slo"}]},{"@type":"WebSite","@id":"https:\/\/naturalpoland.com\/cs\/#website","url":"https:\/\/naturalpoland.com\/cs\/","name":"NATURAL POLAND - Velkoobchodn\u00ed distributor surovin","description":"Surowce dla przemys\u0142u spo\u017cywczego, kosmetycznego i farmaceutycznego","publisher":{"@id":"https:\/\/naturalpoland.com\/cs\/#organization"},"potentialAction":[{"@type":"SearchAction","target":{"@type":"EntryPoint","urlTemplate":"https:\/\/naturalpoland.com\/cs\/?s={search_term_string}"},"query-input":{"@type":"PropertyValueSpecification","valueRequired":true,"valueName":"search_term_string"}}],"inLanguage":"cs"},{"@type":"Organization","@id":"https:\/\/naturalpoland.com\/cs\/#organization","name":"Natural Poland","url":"https:\/\/naturalpoland.com\/cs\/","logo":{"@type":"ImageObject","inLanguage":"cs","@id":"https:\/\/naturalpoland.com\/cs\/#\/schema\/logo\/image\/","url":"https:\/\/naturalpoland.com\/wp-content\/uploads\/2021\/05\/natural-poland-icon.png","contentUrl":"https:\/\/naturalpoland.com\/wp-content\/uploads\/2021\/05\/natural-poland-icon.png","width":512,"height":512,"caption":"Natural Poland"},"image":{"@id":"https:\/\/naturalpoland.com\/cs\/#\/schema\/logo\/image\/"},"sameAs":["https:\/\/www.facebook.com\/naturalpoland.b2b","https:\/\/pl.linkedin.com\/company\/natural-poland","https:\/\/www.youtube.com\/channel\/UCgeGGkvOMahZo-xu_MSEWxg"]}]}},"_links":{"self":[{"href":"https:\/\/naturalpoland.com\/cs\/wp-json\/wp\/v2\/product\/24867","targetHints":{"allow":["GET"]}}],"collection":[{"href":"https:\/\/naturalpoland.com\/cs\/wp-json\/wp\/v2\/product"}],"about":[{"href":"https:\/\/naturalpoland.com\/cs\/wp-json\/wp\/v2\/types\/product"}],"wp:featuredmedia":[{"embeddable":true,"href":"https:\/\/naturalpoland.com\/cs\/wp-json\/wp\/v2\/media\/24464"}],"wp:attachment":[{"href":"https:\/\/naturalpoland.com\/cs\/wp-json\/wp\/v2\/media?parent=24867"}],"wp:term":[{"taxonomy":"product_brand","embeddable":true,"href":"https:\/\/naturalpoland.com\/cs\/wp-json\/wp\/v2\/product_brand?post=24867"},{"taxonomy":"product_cat","embeddable":true,"href":"https:\/\/naturalpoland.com\/cs\/wp-json\/wp\/v2\/product_cat?post=24867"},{"taxonomy":"product_tag","embeddable":true,"href":"https:\/\/naturalpoland.com\/cs\/wp-json\/wp\/v2\/product_tag?post=24867"}],"curies":[{"name":"wp","href":"https:\/\/api.w.org\/{rel}","templated":true}]}}