{"id":24873,"date":"2023-07-25T12:58:24","date_gmt":"2023-08-10T10:36:13","guid":{"rendered":"https:\/\/naturalpoland.com\/produkty\/nezarazene\/dipeptid-2\/"},"modified":"2023-08-10T12:36:13","modified_gmt":"2023-08-10T10:36:13","slug":"dipeptid-2","status":"publish","type":"product","link":"https:\/\/naturalpoland.com\/cs\/produkty\/produkty-pro-kosmeticky-prumysl\/peptidy\/dipeptid-2\/","title":{"rendered":"Dipeptid-2"},"content":{"rendered":"<p>Mechanismus \u00fa\u010dinku dipeptidu-2 spo\u010d\u00edv\u00e1 v inhibici aktivity angiotenzin konvertuj\u00edc\u00edho enzymu (ACE). Tento enzym je zodpov\u011bdn\u00fd za \u0159\u00edzen\u00ed c\u00e9v a krevn\u00edho tlaku v t\u011ble a jeho inhibice pom\u00e1h\u00e1 zlep\u0161it mikrocirkulaci v poko\u017ece kolem o\u010d\u00ed, co\u017e vede ke sn\u00ed\u017een\u00ed tmav\u00fdch kruh\u016f a otok\u016f.<\/p>\n<p>V d\u016fsledku pou\u017e\u00edv\u00e1n\u00ed kosmetiky s dipeptidem-2 je poko\u017eka kolem o\u010d\u00ed pevn\u011bj\u0161\u00ed, hlad\u0161\u00ed a z\u00edsk\u00e1v\u00e1 mladistv\u00fd vzhled. Jedn\u00e1 se o slo\u017eku, kter\u00e1 m\u00e1 z\u00e1sadn\u00ed v\u00fdznam v p\u00e9\u010di o o\u010di, zejm\u00e9na pro ty, kte\u0159\u00ed se pot\u00fdkaj\u00ed s p\u0159\u00edznaky st\u00e1rnut\u00ed, jako jsou tmav\u00e9 kruhy, v\u00e1\u010dky pod o\u010dima nebo vr\u00e1sky.<\/p>\n","protected":false},"excerpt":{"rendered":"<p>Dipeptid-2 (INCI: DIPEPTIDE-2) je kosmetick\u00e1 slo\u017eka, jej\u00ed\u017e hlavn\u00ed funkc\u00ed je p\u00e9\u010de o poko\u017eku kolem o\u010d\u00ed. P\u016fsob\u00ed na citliv\u00e9 a v\u011bkem ohro\u017een\u00e9 oblasti a pom\u00e1h\u00e1 redukovat tmav\u00e9 kruhy pod o\u010dima a otoky.<\/p>\n","protected":false},"featured_media":24417,"template":"","meta":[],"product_brand":[],"product_cat":[2488],"product_tag":[],"class_list":{"0":"post-24873","1":"product","2":"type-product","3":"status-publish","4":"has-post-thumbnail","6":"product_cat-peptidy","8":"first","9":"instock","10":"shipping-taxable","11":"product-type-simple"},"yoast_head":"<!-- This site is optimized with the Yoast SEO plugin v27.4 - https:\/\/yoast.com\/product\/yoast-seo-wordpress\/ -->\n<title>Dipeptid-2 - Velkoobchodn\u00ed distributor<\/title>\n<meta name=\"description\" content=\"Dipeptid-2 je kosmetick\u00e1 slo\u017eka, jej\u00ed\u017e hlavn\u00ed funkc\u00ed je p\u00e9\u010de o poko\u017eku kolem o\u010d\u00ed. P\u016fsob\u00ed na choulostiv\u00e1 m\u00edsta a m\u00edsta n\u00e1chyln\u00e1 ke st\u00e1rnut\u00ed.\" \/>\n<meta name=\"robots\" content=\"index, follow, max-snippet:-1, max-image-preview:large, max-video-preview:-1\" \/>\n<link rel=\"canonical\" href=\"https:\/\/naturalpoland.com\/cs\/produkty\/produkty-pro-kosmeticky-prumysl\/peptidy\/dipeptid-2\/\" \/>\n<meta property=\"og:locale\" content=\"cs_CZ\" \/>\n<meta property=\"og:type\" content=\"article\" \/>\n<meta property=\"og:title\" content=\"Dipeptid-2 - Velkoobchodn\u00ed distributor\" \/>\n<meta property=\"og:description\" content=\"Dipeptid-2 je kosmetick\u00e1 slo\u017eka, jej\u00ed\u017e hlavn\u00ed funkc\u00ed je p\u00e9\u010de o poko\u017eku kolem o\u010d\u00ed. P\u016fsob\u00ed na choulostiv\u00e1 m\u00edsta a m\u00edsta n\u00e1chyln\u00e1 ke st\u00e1rnut\u00ed.\" \/>\n<meta property=\"og:url\" content=\"https:\/\/naturalpoland.com\/cs\/produkty\/produkty-pro-kosmeticky-prumysl\/peptidy\/dipeptid-2\/\" \/>\n<meta property=\"og:site_name\" content=\"NATURAL POLAND - Velkoobchodn\u00ed distributor surovin\" \/>\n<meta property=\"article:publisher\" content=\"https:\/\/www.facebook.com\/naturalpoland.b2b\" \/>\n<meta property=\"og:image\" content=\"https:\/\/naturalpoland.com\/wp-content\/uploads\/dipeptide-2.png\" \/>\n\t<meta property=\"og:image:width\" content=\"591\" \/>\n\t<meta property=\"og:image:height\" content=\"591\" \/>\n\t<meta property=\"og:image:type\" content=\"image\/png\" \/>\n<script type=\"application\/ld+json\" class=\"yoast-schema-graph\">{\"@context\":\"https:\\\/\\\/schema.org\",\"@graph\":[{\"@type\":\"WebPage\",\"@id\":\"https:\\\/\\\/naturalpoland.com\\\/cs\\\/produkty\\\/produkty-pro-kosmeticky-prumysl\\\/peptidy\\\/dipeptid-2\\\/\",\"url\":\"https:\\\/\\\/naturalpoland.com\\\/cs\\\/produkty\\\/produkty-pro-kosmeticky-prumysl\\\/peptidy\\\/dipeptid-2\\\/\",\"name\":\"Dipeptid-2 - Velkoobchodn\u00ed distributor\",\"isPartOf\":{\"@id\":\"https:\\\/\\\/naturalpoland.com\\\/cs\\\/#website\"},\"primaryImageOfPage\":{\"@id\":\"https:\\\/\\\/naturalpoland.com\\\/cs\\\/produkty\\\/produkty-pro-kosmeticky-prumysl\\\/peptidy\\\/dipeptid-2\\\/#primaryimage\"},\"image\":{\"@id\":\"https:\\\/\\\/naturalpoland.com\\\/cs\\\/produkty\\\/produkty-pro-kosmeticky-prumysl\\\/peptidy\\\/dipeptid-2\\\/#primaryimage\"},\"thumbnailUrl\":\"https:\\\/\\\/naturalpoland.com\\\/wp-content\\\/uploads\\\/dipeptide-2.png\",\"datePublished\":\"2023-08-10T10:36:13+00:00\",\"description\":\"Dipeptid-2 je kosmetick\u00e1 slo\u017eka, jej\u00ed\u017e hlavn\u00ed funkc\u00ed je p\u00e9\u010de o poko\u017eku kolem o\u010d\u00ed. P\u016fsob\u00ed na choulostiv\u00e1 m\u00edsta a m\u00edsta n\u00e1chyln\u00e1 ke st\u00e1rnut\u00ed.\",\"breadcrumb\":{\"@id\":\"https:\\\/\\\/naturalpoland.com\\\/cs\\\/produkty\\\/produkty-pro-kosmeticky-prumysl\\\/peptidy\\\/dipeptid-2\\\/#breadcrumb\"},\"inLanguage\":\"cs\",\"potentialAction\":[{\"@type\":\"ReadAction\",\"target\":[\"https:\\\/\\\/naturalpoland.com\\\/cs\\\/produkty\\\/produkty-pro-kosmeticky-prumysl\\\/peptidy\\\/dipeptid-2\\\/\"]}]},{\"@type\":\"ImageObject\",\"inLanguage\":\"cs\",\"@id\":\"https:\\\/\\\/naturalpoland.com\\\/cs\\\/produkty\\\/produkty-pro-kosmeticky-prumysl\\\/peptidy\\\/dipeptid-2\\\/#primaryimage\",\"url\":\"https:\\\/\\\/naturalpoland.com\\\/wp-content\\\/uploads\\\/dipeptide-2.png\",\"contentUrl\":\"https:\\\/\\\/naturalpoland.com\\\/wp-content\\\/uploads\\\/dipeptide-2.png\",\"width\":591,\"height\":591,\"caption\":\"Dipeptid-2\"},{\"@type\":\"BreadcrumbList\",\"@id\":\"https:\\\/\\\/naturalpoland.com\\\/cs\\\/produkty\\\/produkty-pro-kosmeticky-prumysl\\\/peptidy\\\/dipeptid-2\\\/#breadcrumb\",\"itemListElement\":[{\"@type\":\"ListItem\",\"position\":1,\"name\":\"Dom\u016f\",\"item\":\"https:\\\/\\\/naturalpoland.com\\\/cs\\\/\"},{\"@type\":\"ListItem\",\"position\":2,\"name\":\"Produkty\",\"item\":\"https:\\\/\\\/naturalpoland.com\\\/cs\\\/produkty\\\/\"},{\"@type\":\"ListItem\",\"position\":3,\"name\":\"Dipeptid-2\"}]},{\"@type\":\"WebSite\",\"@id\":\"https:\\\/\\\/naturalpoland.com\\\/cs\\\/#website\",\"url\":\"https:\\\/\\\/naturalpoland.com\\\/cs\\\/\",\"name\":\"NATURAL POLAND - Velkoobchodn\u00ed distributor surovin\",\"description\":\"Surowce dla przemys\u0142u spo\u017cywczego, kosmetycznego i farmaceutycznego\",\"publisher\":{\"@id\":\"https:\\\/\\\/naturalpoland.com\\\/cs\\\/#organization\"},\"potentialAction\":[{\"@type\":\"SearchAction\",\"target\":{\"@type\":\"EntryPoint\",\"urlTemplate\":\"https:\\\/\\\/naturalpoland.com\\\/cs\\\/?s={search_term_string}\"},\"query-input\":{\"@type\":\"PropertyValueSpecification\",\"valueRequired\":true,\"valueName\":\"search_term_string\"}}],\"inLanguage\":\"cs\"},{\"@type\":\"Organization\",\"@id\":\"https:\\\/\\\/naturalpoland.com\\\/cs\\\/#organization\",\"name\":\"Natural Poland\",\"url\":\"https:\\\/\\\/naturalpoland.com\\\/cs\\\/\",\"logo\":{\"@type\":\"ImageObject\",\"inLanguage\":\"cs\",\"@id\":\"https:\\\/\\\/naturalpoland.com\\\/cs\\\/#\\\/schema\\\/logo\\\/image\\\/\",\"url\":\"https:\\\/\\\/naturalpoland.com\\\/wp-content\\\/uploads\\\/2021\\\/05\\\/natural-poland-icon.png\",\"contentUrl\":\"https:\\\/\\\/naturalpoland.com\\\/wp-content\\\/uploads\\\/2021\\\/05\\\/natural-poland-icon.png\",\"width\":512,\"height\":512,\"caption\":\"Natural Poland\"},\"image\":{\"@id\":\"https:\\\/\\\/naturalpoland.com\\\/cs\\\/#\\\/schema\\\/logo\\\/image\\\/\"},\"sameAs\":[\"https:\\\/\\\/www.facebook.com\\\/naturalpoland.b2b\",\"https:\\\/\\\/pl.linkedin.com\\\/company\\\/natural-poland\",\"https:\\\/\\\/www.youtube.com\\\/channel\\\/UCgeGGkvOMahZo-xu_MSEWxg\"]}]}<\/script>\n<!-- \/ Yoast SEO plugin. -->","yoast_head_json":{"title":"Dipeptid-2 - Velkoobchodn\u00ed distributor","description":"Dipeptid-2 je kosmetick\u00e1 slo\u017eka, jej\u00ed\u017e hlavn\u00ed funkc\u00ed je p\u00e9\u010de o poko\u017eku kolem o\u010d\u00ed. P\u016fsob\u00ed na choulostiv\u00e1 m\u00edsta a m\u00edsta n\u00e1chyln\u00e1 ke st\u00e1rnut\u00ed.","robots":{"index":"index","follow":"follow","max-snippet":"max-snippet:-1","max-image-preview":"max-image-preview:large","max-video-preview":"max-video-preview:-1"},"canonical":"https:\/\/naturalpoland.com\/cs\/produkty\/produkty-pro-kosmeticky-prumysl\/peptidy\/dipeptid-2\/","og_locale":"cs_CZ","og_type":"article","og_title":"Dipeptid-2 - Velkoobchodn\u00ed distributor","og_description":"Dipeptid-2 je kosmetick\u00e1 slo\u017eka, jej\u00ed\u017e hlavn\u00ed funkc\u00ed je p\u00e9\u010de o poko\u017eku kolem o\u010d\u00ed. P\u016fsob\u00ed na choulostiv\u00e1 m\u00edsta a m\u00edsta n\u00e1chyln\u00e1 ke st\u00e1rnut\u00ed.","og_url":"https:\/\/naturalpoland.com\/cs\/produkty\/produkty-pro-kosmeticky-prumysl\/peptidy\/dipeptid-2\/","og_site_name":"NATURAL POLAND - Velkoobchodn\u00ed distributor surovin","article_publisher":"https:\/\/www.facebook.com\/naturalpoland.b2b","og_image":[{"width":591,"height":591,"url":"https:\/\/naturalpoland.com\/wp-content\/uploads\/dipeptide-2.png","type":"image\/png"}],"schema":{"@context":"https:\/\/schema.org","@graph":[{"@type":"WebPage","@id":"https:\/\/naturalpoland.com\/cs\/produkty\/produkty-pro-kosmeticky-prumysl\/peptidy\/dipeptid-2\/","url":"https:\/\/naturalpoland.com\/cs\/produkty\/produkty-pro-kosmeticky-prumysl\/peptidy\/dipeptid-2\/","name":"Dipeptid-2 - Velkoobchodn\u00ed distributor","isPartOf":{"@id":"https:\/\/naturalpoland.com\/cs\/#website"},"primaryImageOfPage":{"@id":"https:\/\/naturalpoland.com\/cs\/produkty\/produkty-pro-kosmeticky-prumysl\/peptidy\/dipeptid-2\/#primaryimage"},"image":{"@id":"https:\/\/naturalpoland.com\/cs\/produkty\/produkty-pro-kosmeticky-prumysl\/peptidy\/dipeptid-2\/#primaryimage"},"thumbnailUrl":"https:\/\/naturalpoland.com\/wp-content\/uploads\/dipeptide-2.png","datePublished":"2023-08-10T10:36:13+00:00","description":"Dipeptid-2 je kosmetick\u00e1 slo\u017eka, jej\u00ed\u017e hlavn\u00ed funkc\u00ed je p\u00e9\u010de o poko\u017eku kolem o\u010d\u00ed. P\u016fsob\u00ed na choulostiv\u00e1 m\u00edsta a m\u00edsta n\u00e1chyln\u00e1 ke st\u00e1rnut\u00ed.","breadcrumb":{"@id":"https:\/\/naturalpoland.com\/cs\/produkty\/produkty-pro-kosmeticky-prumysl\/peptidy\/dipeptid-2\/#breadcrumb"},"inLanguage":"cs","potentialAction":[{"@type":"ReadAction","target":["https:\/\/naturalpoland.com\/cs\/produkty\/produkty-pro-kosmeticky-prumysl\/peptidy\/dipeptid-2\/"]}]},{"@type":"ImageObject","inLanguage":"cs","@id":"https:\/\/naturalpoland.com\/cs\/produkty\/produkty-pro-kosmeticky-prumysl\/peptidy\/dipeptid-2\/#primaryimage","url":"https:\/\/naturalpoland.com\/wp-content\/uploads\/dipeptide-2.png","contentUrl":"https:\/\/naturalpoland.com\/wp-content\/uploads\/dipeptide-2.png","width":591,"height":591,"caption":"Dipeptid-2"},{"@type":"BreadcrumbList","@id":"https:\/\/naturalpoland.com\/cs\/produkty\/produkty-pro-kosmeticky-prumysl\/peptidy\/dipeptid-2\/#breadcrumb","itemListElement":[{"@type":"ListItem","position":1,"name":"Dom\u016f","item":"https:\/\/naturalpoland.com\/cs\/"},{"@type":"ListItem","position":2,"name":"Produkty","item":"https:\/\/naturalpoland.com\/cs\/produkty\/"},{"@type":"ListItem","position":3,"name":"Dipeptid-2"}]},{"@type":"WebSite","@id":"https:\/\/naturalpoland.com\/cs\/#website","url":"https:\/\/naturalpoland.com\/cs\/","name":"NATURAL POLAND - Velkoobchodn\u00ed distributor surovin","description":"Surowce dla przemys\u0142u spo\u017cywczego, kosmetycznego i farmaceutycznego","publisher":{"@id":"https:\/\/naturalpoland.com\/cs\/#organization"},"potentialAction":[{"@type":"SearchAction","target":{"@type":"EntryPoint","urlTemplate":"https:\/\/naturalpoland.com\/cs\/?s={search_term_string}"},"query-input":{"@type":"PropertyValueSpecification","valueRequired":true,"valueName":"search_term_string"}}],"inLanguage":"cs"},{"@type":"Organization","@id":"https:\/\/naturalpoland.com\/cs\/#organization","name":"Natural Poland","url":"https:\/\/naturalpoland.com\/cs\/","logo":{"@type":"ImageObject","inLanguage":"cs","@id":"https:\/\/naturalpoland.com\/cs\/#\/schema\/logo\/image\/","url":"https:\/\/naturalpoland.com\/wp-content\/uploads\/2021\/05\/natural-poland-icon.png","contentUrl":"https:\/\/naturalpoland.com\/wp-content\/uploads\/2021\/05\/natural-poland-icon.png","width":512,"height":512,"caption":"Natural Poland"},"image":{"@id":"https:\/\/naturalpoland.com\/cs\/#\/schema\/logo\/image\/"},"sameAs":["https:\/\/www.facebook.com\/naturalpoland.b2b","https:\/\/pl.linkedin.com\/company\/natural-poland","https:\/\/www.youtube.com\/channel\/UCgeGGkvOMahZo-xu_MSEWxg"]}]}},"_links":{"self":[{"href":"https:\/\/naturalpoland.com\/cs\/wp-json\/wp\/v2\/product\/24873","targetHints":{"allow":["GET"]}}],"collection":[{"href":"https:\/\/naturalpoland.com\/cs\/wp-json\/wp\/v2\/product"}],"about":[{"href":"https:\/\/naturalpoland.com\/cs\/wp-json\/wp\/v2\/types\/product"}],"wp:featuredmedia":[{"embeddable":true,"href":"https:\/\/naturalpoland.com\/cs\/wp-json\/wp\/v2\/media\/24417"}],"wp:attachment":[{"href":"https:\/\/naturalpoland.com\/cs\/wp-json\/wp\/v2\/media?parent=24873"}],"wp:term":[{"taxonomy":"product_brand","embeddable":true,"href":"https:\/\/naturalpoland.com\/cs\/wp-json\/wp\/v2\/product_brand?post=24873"},{"taxonomy":"product_cat","embeddable":true,"href":"https:\/\/naturalpoland.com\/cs\/wp-json\/wp\/v2\/product_cat?post=24873"},{"taxonomy":"product_tag","embeddable":true,"href":"https:\/\/naturalpoland.com\/cs\/wp-json\/wp\/v2\/product_tag?post=24873"}],"curies":[{"name":"wp","href":"https:\/\/api.w.org\/{rel}","templated":true}]}}