{"id":24904,"date":"2023-07-21T15:07:09","date_gmt":"2023-08-10T10:43:17","guid":{"rendered":"https:\/\/naturalpoland.com\/produkty\/nezarazene\/hroznove-maslo\/"},"modified":"2023-08-10T12:43:17","modified_gmt":"2023-08-10T10:43:17","slug":"maslo-hrozny","status":"publish","type":"product","link":"https:\/\/naturalpoland.com\/cs\/produkty\/produkty-pro-kosmeticky-prumysl\/kosmeticka-masla\/maslo-hrozny\/","title":{"rendered":"Hroznov\u00e9 m\u00e1slo"},"content":{"rendered":"<p>Hroznov\u00e9 m\u00e1slo je pro ple\u0165 skute\u010dn\u00fdm pokladem. Olej z hroznov\u00fdch sem\u00ednek je zn\u00e1m\u00fd vysok\u00fdm obsahem vitam\u00edn\u016f C, D a E a bohatstv\u00edm omega-6 mastn\u00fdch kyselin, tak\u017ee dod\u00e1v\u00e1 poko\u017ece z\u00e1kladn\u00ed \u017eiviny, pom\u00e1h\u00e1 j\u00ed bojovat proti voln\u00fdm radik\u00e1l\u016fm a zlep\u0161uje jej\u00ed pru\u017enost. V\u00fdsledkem je hlad\u0161\u00ed, jemn\u011bj\u0161\u00ed a pevn\u011bj\u0161\u00ed poko\u017eka.<\/p>\n<p>D\u00edky kr\u00e9mov\u00e9 textu\u0159e se hroznov\u00e9 m\u00e1slo snadno nan\u00e1\u0161\u00ed a rychle se vst\u0159eb\u00e1v\u00e1, ani\u017e by zanech\u00e1valo pocit mastnoty. D\u00edky tomu je ide\u00e1ln\u00ed pro p\u00e9\u010di o t\u011blo, ale tak\u00e9 o obli\u010dej a vlasy. Hroznov\u00e9 m\u00e1slo lze pou\u017e\u00edvat samostatn\u011b i jako obohacen\u00ed r\u016fzn\u00fdch kosmetick\u00fdch p\u0159\u00edpravk\u016f, jako jsou kr\u00e9my, ple\u0165ov\u00e9 vody, masky nebo \u0161ampony.<\/p>\n","protected":false},"excerpt":{"rendered":"<p>Hroznov\u00e9 m\u00e1slo vyu\u017e\u00edv\u00e1 blahod\u00e1rn\u00fdch vlastnost\u00ed oleje z hroznov\u00fdch jader a kombinac\u00ed s hydrogenovan\u00fdmi rostlinn\u00fdmi oleji vytv\u00e1\u0159\u00ed bohat\u00e9, v\u00fd\u017eivn\u00e9 m\u00e1slo s kr\u00e9movou texturou.<\/p>\n","protected":false},"featured_media":24360,"template":"","meta":{"_acf_changed":false},"product_brand":[],"product_cat":[635],"product_tag":[],"class_list":{"0":"post-24904","1":"product","2":"type-product","3":"status-publish","4":"has-post-thumbnail","6":"product_cat-kosmeticka-masla","8":"first","9":"instock","10":"shipping-taxable","11":"product-type-simple"},"acf":[],"yoast_head":"<!-- This site is optimized with the Yoast SEO plugin v27.4 - https:\/\/yoast.com\/product\/yoast-seo-wordpress\/ -->\n<title>Hroznov\u00e9 m\u00e1slo - Velkoobchodn\u00ed distributor<\/title>\n<meta name=\"description\" content=\"Hroznov\u00e9 m\u00e1slo je luxusn\u00ed kosmetick\u00e1 p\u0159\u00edsada, kter\u00e1 kombinuje bohatost oleje z hroznov\u00fdch jader s hydrogenovan\u00fdmi rostlinn\u00fdmi oleji.\" \/>\n<meta name=\"robots\" content=\"index, follow, max-snippet:-1, max-image-preview:large, max-video-preview:-1\" \/>\n<link rel=\"canonical\" href=\"https:\/\/naturalpoland.com\/cs\/produkty\/produkty-pro-kosmeticky-prumysl\/kosmeticka-masla\/maslo-hrozny\/\" \/>\n<meta property=\"og:locale\" content=\"cs_CZ\" \/>\n<meta property=\"og:type\" content=\"article\" \/>\n<meta property=\"og:title\" content=\"Hroznov\u00e9 m\u00e1slo - Velkoobchodn\u00ed distributor\" \/>\n<meta property=\"og:description\" content=\"Hroznov\u00e9 m\u00e1slo je luxusn\u00ed kosmetick\u00e1 p\u0159\u00edsada, kter\u00e1 kombinuje bohatost oleje z hroznov\u00fdch jader s hydrogenovan\u00fdmi rostlinn\u00fdmi oleji.\" \/>\n<meta property=\"og:url\" content=\"https:\/\/naturalpoland.com\/cs\/produkty\/produkty-pro-kosmeticky-prumysl\/kosmeticka-masla\/maslo-hrozny\/\" \/>\n<meta property=\"og:site_name\" content=\"NATURAL POLAND - Velkoobchodn\u00ed distributor surovin\" \/>\n<meta property=\"article:publisher\" content=\"https:\/\/www.facebook.com\/naturalpoland.b2b\" \/>\n<meta property=\"og:image\" content=\"https:\/\/naturalpoland.com\/wp-content\/uploads\/grape-butter.png\" \/>\n\t<meta property=\"og:image:width\" content=\"595\" \/>\n\t<meta property=\"og:image:height\" content=\"595\" \/>\n\t<meta property=\"og:image:type\" content=\"image\/png\" \/>\n<script type=\"application\/ld+json\" class=\"yoast-schema-graph\">{\"@context\":\"https:\\\/\\\/schema.org\",\"@graph\":[{\"@type\":\"WebPage\",\"@id\":\"https:\\\/\\\/naturalpoland.com\\\/cs\\\/produkty\\\/produkty-pro-kosmeticky-prumysl\\\/kosmeticka-masla\\\/maslo-hrozny\\\/\",\"url\":\"https:\\\/\\\/naturalpoland.com\\\/cs\\\/produkty\\\/produkty-pro-kosmeticky-prumysl\\\/kosmeticka-masla\\\/maslo-hrozny\\\/\",\"name\":\"Hroznov\u00e9 m\u00e1slo - Velkoobchodn\u00ed distributor\",\"isPartOf\":{\"@id\":\"https:\\\/\\\/naturalpoland.com\\\/cs\\\/#website\"},\"primaryImageOfPage\":{\"@id\":\"https:\\\/\\\/naturalpoland.com\\\/cs\\\/produkty\\\/produkty-pro-kosmeticky-prumysl\\\/kosmeticka-masla\\\/maslo-hrozny\\\/#primaryimage\"},\"image\":{\"@id\":\"https:\\\/\\\/naturalpoland.com\\\/cs\\\/produkty\\\/produkty-pro-kosmeticky-prumysl\\\/kosmeticka-masla\\\/maslo-hrozny\\\/#primaryimage\"},\"thumbnailUrl\":\"https:\\\/\\\/naturalpoland.com\\\/wp-content\\\/uploads\\\/grape-butter.png\",\"datePublished\":\"2023-08-10T10:43:17+00:00\",\"description\":\"Hroznov\u00e9 m\u00e1slo je luxusn\u00ed kosmetick\u00e1 p\u0159\u00edsada, kter\u00e1 kombinuje bohatost oleje z hroznov\u00fdch jader s hydrogenovan\u00fdmi rostlinn\u00fdmi oleji.\",\"breadcrumb\":{\"@id\":\"https:\\\/\\\/naturalpoland.com\\\/cs\\\/produkty\\\/produkty-pro-kosmeticky-prumysl\\\/kosmeticka-masla\\\/maslo-hrozny\\\/#breadcrumb\"},\"inLanguage\":\"cs\",\"potentialAction\":[{\"@type\":\"ReadAction\",\"target\":[\"https:\\\/\\\/naturalpoland.com\\\/cs\\\/produkty\\\/produkty-pro-kosmeticky-prumysl\\\/kosmeticka-masla\\\/maslo-hrozny\\\/\"]}]},{\"@type\":\"ImageObject\",\"inLanguage\":\"cs\",\"@id\":\"https:\\\/\\\/naturalpoland.com\\\/cs\\\/produkty\\\/produkty-pro-kosmeticky-prumysl\\\/kosmeticka-masla\\\/maslo-hrozny\\\/#primaryimage\",\"url\":\"https:\\\/\\\/naturalpoland.com\\\/wp-content\\\/uploads\\\/grape-butter.png\",\"contentUrl\":\"https:\\\/\\\/naturalpoland.com\\\/wp-content\\\/uploads\\\/grape-butter.png\",\"width\":595,\"height\":595,\"caption\":\"hroznov\u00e9 m\u00e1slo\"},{\"@type\":\"BreadcrumbList\",\"@id\":\"https:\\\/\\\/naturalpoland.com\\\/cs\\\/produkty\\\/produkty-pro-kosmeticky-prumysl\\\/kosmeticka-masla\\\/maslo-hrozny\\\/#breadcrumb\",\"itemListElement\":[{\"@type\":\"ListItem\",\"position\":1,\"name\":\"Dom\u016f\",\"item\":\"https:\\\/\\\/naturalpoland.com\\\/cs\\\/\"},{\"@type\":\"ListItem\",\"position\":2,\"name\":\"Produkty\",\"item\":\"https:\\\/\\\/naturalpoland.com\\\/cs\\\/produkty\\\/\"},{\"@type\":\"ListItem\",\"position\":3,\"name\":\"Hroznov\u00e9 m\u00e1slo\"}]},{\"@type\":\"WebSite\",\"@id\":\"https:\\\/\\\/naturalpoland.com\\\/cs\\\/#website\",\"url\":\"https:\\\/\\\/naturalpoland.com\\\/cs\\\/\",\"name\":\"NATURAL POLAND - Velkoobchodn\u00ed distributor surovin\",\"description\":\"Surowce dla przemys\u0142u spo\u017cywczego, kosmetycznego i farmaceutycznego\",\"publisher\":{\"@id\":\"https:\\\/\\\/naturalpoland.com\\\/cs\\\/#organization\"},\"potentialAction\":[{\"@type\":\"SearchAction\",\"target\":{\"@type\":\"EntryPoint\",\"urlTemplate\":\"https:\\\/\\\/naturalpoland.com\\\/cs\\\/?s={search_term_string}\"},\"query-input\":{\"@type\":\"PropertyValueSpecification\",\"valueRequired\":true,\"valueName\":\"search_term_string\"}}],\"inLanguage\":\"cs\"},{\"@type\":\"Organization\",\"@id\":\"https:\\\/\\\/naturalpoland.com\\\/cs\\\/#organization\",\"name\":\"Natural Poland\",\"url\":\"https:\\\/\\\/naturalpoland.com\\\/cs\\\/\",\"logo\":{\"@type\":\"ImageObject\",\"inLanguage\":\"cs\",\"@id\":\"https:\\\/\\\/naturalpoland.com\\\/cs\\\/#\\\/schema\\\/logo\\\/image\\\/\",\"url\":\"https:\\\/\\\/naturalpoland.com\\\/wp-content\\\/uploads\\\/2021\\\/05\\\/natural-poland-icon.png\",\"contentUrl\":\"https:\\\/\\\/naturalpoland.com\\\/wp-content\\\/uploads\\\/2021\\\/05\\\/natural-poland-icon.png\",\"width\":512,\"height\":512,\"caption\":\"Natural Poland\"},\"image\":{\"@id\":\"https:\\\/\\\/naturalpoland.com\\\/cs\\\/#\\\/schema\\\/logo\\\/image\\\/\"},\"sameAs\":[\"https:\\\/\\\/www.facebook.com\\\/naturalpoland.b2b\",\"https:\\\/\\\/pl.linkedin.com\\\/company\\\/natural-poland\",\"https:\\\/\\\/www.youtube.com\\\/channel\\\/UCgeGGkvOMahZo-xu_MSEWxg\"]}]}<\/script>\n<!-- \/ Yoast SEO plugin. -->","yoast_head_json":{"title":"Hroznov\u00e9 m\u00e1slo - Velkoobchodn\u00ed distributor","description":"Hroznov\u00e9 m\u00e1slo je luxusn\u00ed kosmetick\u00e1 p\u0159\u00edsada, kter\u00e1 kombinuje bohatost oleje z hroznov\u00fdch jader s hydrogenovan\u00fdmi rostlinn\u00fdmi oleji.","robots":{"index":"index","follow":"follow","max-snippet":"max-snippet:-1","max-image-preview":"max-image-preview:large","max-video-preview":"max-video-preview:-1"},"canonical":"https:\/\/naturalpoland.com\/cs\/produkty\/produkty-pro-kosmeticky-prumysl\/kosmeticka-masla\/maslo-hrozny\/","og_locale":"cs_CZ","og_type":"article","og_title":"Hroznov\u00e9 m\u00e1slo - Velkoobchodn\u00ed distributor","og_description":"Hroznov\u00e9 m\u00e1slo je luxusn\u00ed kosmetick\u00e1 p\u0159\u00edsada, kter\u00e1 kombinuje bohatost oleje z hroznov\u00fdch jader s hydrogenovan\u00fdmi rostlinn\u00fdmi oleji.","og_url":"https:\/\/naturalpoland.com\/cs\/produkty\/produkty-pro-kosmeticky-prumysl\/kosmeticka-masla\/maslo-hrozny\/","og_site_name":"NATURAL POLAND - Velkoobchodn\u00ed distributor surovin","article_publisher":"https:\/\/www.facebook.com\/naturalpoland.b2b","og_image":[{"width":595,"height":595,"url":"https:\/\/naturalpoland.com\/wp-content\/uploads\/grape-butter.png","type":"image\/png"}],"schema":{"@context":"https:\/\/schema.org","@graph":[{"@type":"WebPage","@id":"https:\/\/naturalpoland.com\/cs\/produkty\/produkty-pro-kosmeticky-prumysl\/kosmeticka-masla\/maslo-hrozny\/","url":"https:\/\/naturalpoland.com\/cs\/produkty\/produkty-pro-kosmeticky-prumysl\/kosmeticka-masla\/maslo-hrozny\/","name":"Hroznov\u00e9 m\u00e1slo - Velkoobchodn\u00ed distributor","isPartOf":{"@id":"https:\/\/naturalpoland.com\/cs\/#website"},"primaryImageOfPage":{"@id":"https:\/\/naturalpoland.com\/cs\/produkty\/produkty-pro-kosmeticky-prumysl\/kosmeticka-masla\/maslo-hrozny\/#primaryimage"},"image":{"@id":"https:\/\/naturalpoland.com\/cs\/produkty\/produkty-pro-kosmeticky-prumysl\/kosmeticka-masla\/maslo-hrozny\/#primaryimage"},"thumbnailUrl":"https:\/\/naturalpoland.com\/wp-content\/uploads\/grape-butter.png","datePublished":"2023-08-10T10:43:17+00:00","description":"Hroznov\u00e9 m\u00e1slo je luxusn\u00ed kosmetick\u00e1 p\u0159\u00edsada, kter\u00e1 kombinuje bohatost oleje z hroznov\u00fdch jader s hydrogenovan\u00fdmi rostlinn\u00fdmi oleji.","breadcrumb":{"@id":"https:\/\/naturalpoland.com\/cs\/produkty\/produkty-pro-kosmeticky-prumysl\/kosmeticka-masla\/maslo-hrozny\/#breadcrumb"},"inLanguage":"cs","potentialAction":[{"@type":"ReadAction","target":["https:\/\/naturalpoland.com\/cs\/produkty\/produkty-pro-kosmeticky-prumysl\/kosmeticka-masla\/maslo-hrozny\/"]}]},{"@type":"ImageObject","inLanguage":"cs","@id":"https:\/\/naturalpoland.com\/cs\/produkty\/produkty-pro-kosmeticky-prumysl\/kosmeticka-masla\/maslo-hrozny\/#primaryimage","url":"https:\/\/naturalpoland.com\/wp-content\/uploads\/grape-butter.png","contentUrl":"https:\/\/naturalpoland.com\/wp-content\/uploads\/grape-butter.png","width":595,"height":595,"caption":"hroznov\u00e9 m\u00e1slo"},{"@type":"BreadcrumbList","@id":"https:\/\/naturalpoland.com\/cs\/produkty\/produkty-pro-kosmeticky-prumysl\/kosmeticka-masla\/maslo-hrozny\/#breadcrumb","itemListElement":[{"@type":"ListItem","position":1,"name":"Dom\u016f","item":"https:\/\/naturalpoland.com\/cs\/"},{"@type":"ListItem","position":2,"name":"Produkty","item":"https:\/\/naturalpoland.com\/cs\/produkty\/"},{"@type":"ListItem","position":3,"name":"Hroznov\u00e9 m\u00e1slo"}]},{"@type":"WebSite","@id":"https:\/\/naturalpoland.com\/cs\/#website","url":"https:\/\/naturalpoland.com\/cs\/","name":"NATURAL POLAND - Velkoobchodn\u00ed distributor surovin","description":"Surowce dla przemys\u0142u spo\u017cywczego, kosmetycznego i farmaceutycznego","publisher":{"@id":"https:\/\/naturalpoland.com\/cs\/#organization"},"potentialAction":[{"@type":"SearchAction","target":{"@type":"EntryPoint","urlTemplate":"https:\/\/naturalpoland.com\/cs\/?s={search_term_string}"},"query-input":{"@type":"PropertyValueSpecification","valueRequired":true,"valueName":"search_term_string"}}],"inLanguage":"cs"},{"@type":"Organization","@id":"https:\/\/naturalpoland.com\/cs\/#organization","name":"Natural Poland","url":"https:\/\/naturalpoland.com\/cs\/","logo":{"@type":"ImageObject","inLanguage":"cs","@id":"https:\/\/naturalpoland.com\/cs\/#\/schema\/logo\/image\/","url":"https:\/\/naturalpoland.com\/wp-content\/uploads\/2021\/05\/natural-poland-icon.png","contentUrl":"https:\/\/naturalpoland.com\/wp-content\/uploads\/2021\/05\/natural-poland-icon.png","width":512,"height":512,"caption":"Natural Poland"},"image":{"@id":"https:\/\/naturalpoland.com\/cs\/#\/schema\/logo\/image\/"},"sameAs":["https:\/\/www.facebook.com\/naturalpoland.b2b","https:\/\/pl.linkedin.com\/company\/natural-poland","https:\/\/www.youtube.com\/channel\/UCgeGGkvOMahZo-xu_MSEWxg"]}]}},"_links":{"self":[{"href":"https:\/\/naturalpoland.com\/cs\/wp-json\/wp\/v2\/product\/24904","targetHints":{"allow":["GET"]}}],"collection":[{"href":"https:\/\/naturalpoland.com\/cs\/wp-json\/wp\/v2\/product"}],"about":[{"href":"https:\/\/naturalpoland.com\/cs\/wp-json\/wp\/v2\/types\/product"}],"wp:featuredmedia":[{"embeddable":true,"href":"https:\/\/naturalpoland.com\/cs\/wp-json\/wp\/v2\/media\/24360"}],"wp:attachment":[{"href":"https:\/\/naturalpoland.com\/cs\/wp-json\/wp\/v2\/media?parent=24904"}],"wp:term":[{"taxonomy":"product_brand","embeddable":true,"href":"https:\/\/naturalpoland.com\/cs\/wp-json\/wp\/v2\/product_brand?post=24904"},{"taxonomy":"product_cat","embeddable":true,"href":"https:\/\/naturalpoland.com\/cs\/wp-json\/wp\/v2\/product_cat?post=24904"},{"taxonomy":"product_tag","embeddable":true,"href":"https:\/\/naturalpoland.com\/cs\/wp-json\/wp\/v2\/product_tag?post=24904"}],"curies":[{"name":"wp","href":"https:\/\/api.w.org\/{rel}","templated":true}]}}