{"id":25028,"date":"2023-08-11T13:04:03","date_gmt":"2023-08-11T11:46:40","guid":{"rendered":"https:\/\/naturalpoland.com\/produkty\/nezarazene\/susena-zelenina\/"},"modified":"2023-08-11T13:46:40","modified_gmt":"2023-08-11T11:46:40","slug":"zelenina-susena","status":"publish","type":"product","link":"https:\/\/naturalpoland.com\/cs\/produkty\/suroviny-pro-krmiva-pro-zvirata\/zelenina-susena\/","title":{"rendered":"Su\u0161en\u00e1 zelenina"},"content":{"rendered":"<p>Nab\u00edz\u00edme \u0161irok\u00fd sortiment su\u0161en\u00e9 zeleniny, kter\u00e1 byla zpracov\u00e1na podle nejvy\u0161\u0161\u00edch standard\u016f kvality.<\/p>\n<ul>\n<li><strong>Fazolov\u00e9 vlo\u010dky<\/strong>: Vynikaj\u00edc\u00ed zdroj b\u00edlkovin a vl\u00e1kniny. Ide\u00e1ln\u00ed pro obohacen\u00ed krmn\u00e9 sm\u011bsi.<\/li>\n<li><strong>Brokolice<\/strong>: K brokolici: je bohat\u00e1 na vitam\u00edny, v\u010detn\u011b vitam\u00ednu C a K, a antioxidanty.<\/li>\n<li><strong>Hrachov\u00e9 vlo\u010dky<\/strong>: Obsahuj\u00ed velk\u00e9 mno\u017estv\u00ed b\u00edlkovin a jsou vynikaj\u00edc\u00edm zdrojem vl\u00e1kniny.<\/li>\n<li><strong>Pl\u00e1tky okurky<\/strong>: Skv\u011bl\u00fd zdroj drasl\u00edku a vitaminu K.<\/li>\n<li><strong>Karob<\/strong>: Karob: p\u0159\u00edrodn\u00ed sladidlo bohat\u00e9 na vitam\u00edny a miner\u00e1ly.<\/li>\n<li><strong>Kostky a pl\u00e1tky mrkve<\/strong>: Dod\u00e1vaj\u00ed beta-karoten a vitam\u00edny skupiny B.<\/li>\n<li><strong>Bramborov\u00e9 kostky a vlo\u010dky<\/strong>: Zdroj vitaminu C a drasl\u00edku.<\/li>\n<li><strong>D\u00fd\u0148ov\u00e9 vlo\u010dky<\/strong>: bohat\u00e9 na ho\u0159\u010d\u00edk, \u017eelezo a cenn\u00e9 antioxidanty.<\/li>\n<li><strong>P\u00f3rkov\u00e9 vlo\u010dky<\/strong>: Dod\u00e1vaj\u00ed \u017eelezo, vl\u00e1kninu a vitamin A.<\/li>\n<li><strong>\u010cerven\u00e1 a zelen\u00e1 paprika<\/strong>: bohat\u00fd zdroj vitaminu C a beta-karotenu.<\/li>\n<li><strong>Pastin\u00e1k<\/strong>: Vysok\u00fd obsah vitaminu C, kyseliny listov\u00e9 a drasl\u00edku.<\/li>\n<li><strong>Ko\u0159en \u0159epy<\/strong>: Obsahuje betanin, kter\u00fd m\u00e1 antioxida\u010dn\u00ed \u00fa\u010dinky.<\/li>\n<li><strong>Celerov\u00e9 vlo\u010dky<\/strong>: Zdroj vitamin\u016f skupiny B a drasl\u00edku.<\/li>\n<li><strong>Sladk\u00e9 brambory<\/strong>: Bohat\u00e9 na vitamin A a vl\u00e1kninu.<\/li>\n<li><strong>Raj\u010datov\u00e9 vlo\u010dky<\/strong>: Zdroj likopenu, antioxidantu drasl\u00edku.<\/li>\n<li><strong>Topinambur<\/strong>: Obsahuje inulin, prebiotickou vl\u00e1kninu.<\/li>\n<li><strong>Kapustov\u00e9 vlo\u010dky<\/strong>: Vysok\u00fd obsah vitaminu C a K.<\/li>\n<li><strong>Cukety nakr\u00e1jen\u00e9 na kosti\u010dky<\/strong>: Zdroj vitaminu C a drasl\u00edku.<\/li>\n<\/ul>\n","protected":false},"excerpt":{"rendered":"<p>Zelenina je kl\u00ed\u010dovou slo\u017ekou stravy mnoha zv\u00ed\u0159at, proto\u017ee jim dod\u00e1v\u00e1 nezbytn\u00e9 vitaminy, miner\u00e1ly a vl\u00e1kninu. Su\u0161en\u00edm zeleniny se tyto cenn\u00e9 \u017eiviny zachovaj\u00ed a z\u00e1rove\u0148 se prodlou\u017e\u00ed jej\u00ed trvanlivost.<\/p>\n","protected":false},"featured_media":24982,"template":"","meta":{"_acf_changed":false},"product_brand":[],"product_cat":[2507],"product_tag":[],"class_list":{"0":"post-25028","1":"product","2":"type-product","3":"status-publish","4":"has-post-thumbnail","6":"product_cat-suroviny-pro-krmiva-pro-zvirata","8":"first","9":"instock","10":"shipping-taxable","11":"product-type-simple"},"acf":[],"yoast_head":"<!-- This site is optimized with the Yoast SEO plugin v27.4 - https:\/\/yoast.com\/product\/yoast-seo-wordpress\/ -->\n<title>Su\u0161en\u00e1 zelenina - Velkoobchodn\u00ed distributor<\/title>\n<meta name=\"description\" content=\"Nab\u00edz\u00edme \u0161irok\u00fd sortiment su\u0161en\u00e9 zeleniny, kter\u00e1 byla zpracov\u00e1na podle nejvy\u0161\u0161\u00edch standard\u016f kvality.\" \/>\n<meta name=\"robots\" content=\"index, follow, max-snippet:-1, max-image-preview:large, max-video-preview:-1\" \/>\n<link rel=\"canonical\" href=\"https:\/\/naturalpoland.com\/cs\/produkty\/suroviny-pro-krmiva-pro-zvirata\/zelenina-susena\/\" \/>\n<meta property=\"og:locale\" content=\"cs_CZ\" \/>\n<meta property=\"og:type\" content=\"article\" \/>\n<meta property=\"og:title\" content=\"Su\u0161en\u00e1 zelenina - Velkoobchodn\u00ed distributor\" \/>\n<meta property=\"og:description\" content=\"Nab\u00edz\u00edme \u0161irok\u00fd sortiment su\u0161en\u00e9 zeleniny, kter\u00e1 byla zpracov\u00e1na podle nejvy\u0161\u0161\u00edch standard\u016f kvality.\" \/>\n<meta property=\"og:url\" content=\"https:\/\/naturalpoland.com\/cs\/produkty\/suroviny-pro-krmiva-pro-zvirata\/zelenina-susena\/\" \/>\n<meta property=\"og:site_name\" content=\"NATURAL POLAND - Velkoobchodn\u00ed distributor surovin\" \/>\n<meta property=\"article:publisher\" content=\"https:\/\/www.facebook.com\/naturalpoland.b2b\" \/>\n<meta property=\"og:image\" content=\"https:\/\/naturalpoland.com\/wp-content\/uploads\/warzywa-suszone.jpg\" \/>\n\t<meta property=\"og:image:width\" content=\"600\" \/>\n\t<meta property=\"og:image:height\" content=\"600\" \/>\n\t<meta property=\"og:image:type\" content=\"image\/jpeg\" \/>\n<script type=\"application\/ld+json\" class=\"yoast-schema-graph\">{\"@context\":\"https:\\\/\\\/schema.org\",\"@graph\":[{\"@type\":\"WebPage\",\"@id\":\"https:\\\/\\\/naturalpoland.com\\\/cs\\\/produkty\\\/suroviny-pro-krmiva-pro-zvirata\\\/zelenina-susena\\\/\",\"url\":\"https:\\\/\\\/naturalpoland.com\\\/cs\\\/produkty\\\/suroviny-pro-krmiva-pro-zvirata\\\/zelenina-susena\\\/\",\"name\":\"Su\u0161en\u00e1 zelenina - Velkoobchodn\u00ed distributor\",\"isPartOf\":{\"@id\":\"https:\\\/\\\/naturalpoland.com\\\/cs\\\/#website\"},\"primaryImageOfPage\":{\"@id\":\"https:\\\/\\\/naturalpoland.com\\\/cs\\\/produkty\\\/suroviny-pro-krmiva-pro-zvirata\\\/zelenina-susena\\\/#primaryimage\"},\"image\":{\"@id\":\"https:\\\/\\\/naturalpoland.com\\\/cs\\\/produkty\\\/suroviny-pro-krmiva-pro-zvirata\\\/zelenina-susena\\\/#primaryimage\"},\"thumbnailUrl\":\"https:\\\/\\\/naturalpoland.com\\\/wp-content\\\/uploads\\\/warzywa-suszone.jpg\",\"datePublished\":\"2023-08-11T11:46:40+00:00\",\"description\":\"Nab\u00edz\u00edme \u0161irok\u00fd sortiment su\u0161en\u00e9 zeleniny, kter\u00e1 byla zpracov\u00e1na podle nejvy\u0161\u0161\u00edch standard\u016f kvality.\",\"breadcrumb\":{\"@id\":\"https:\\\/\\\/naturalpoland.com\\\/cs\\\/produkty\\\/suroviny-pro-krmiva-pro-zvirata\\\/zelenina-susena\\\/#breadcrumb\"},\"inLanguage\":\"cs\",\"potentialAction\":[{\"@type\":\"ReadAction\",\"target\":[\"https:\\\/\\\/naturalpoland.com\\\/cs\\\/produkty\\\/suroviny-pro-krmiva-pro-zvirata\\\/zelenina-susena\\\/\"]}]},{\"@type\":\"ImageObject\",\"inLanguage\":\"cs\",\"@id\":\"https:\\\/\\\/naturalpoland.com\\\/cs\\\/produkty\\\/suroviny-pro-krmiva-pro-zvirata\\\/zelenina-susena\\\/#primaryimage\",\"url\":\"https:\\\/\\\/naturalpoland.com\\\/wp-content\\\/uploads\\\/warzywa-suszone.jpg\",\"contentUrl\":\"https:\\\/\\\/naturalpoland.com\\\/wp-content\\\/uploads\\\/warzywa-suszone.jpg\",\"width\":600,\"height\":600,\"caption\":\"su\u0161en\u00e1 zelenina\"},{\"@type\":\"BreadcrumbList\",\"@id\":\"https:\\\/\\\/naturalpoland.com\\\/cs\\\/produkty\\\/suroviny-pro-krmiva-pro-zvirata\\\/zelenina-susena\\\/#breadcrumb\",\"itemListElement\":[{\"@type\":\"ListItem\",\"position\":1,\"name\":\"Dom\u016f\",\"item\":\"https:\\\/\\\/naturalpoland.com\\\/cs\\\/\"},{\"@type\":\"ListItem\",\"position\":2,\"name\":\"Produkty\",\"item\":\"https:\\\/\\\/naturalpoland.com\\\/cs\\\/produkty\\\/\"},{\"@type\":\"ListItem\",\"position\":3,\"name\":\"Su\u0161en\u00e1 zelenina\"}]},{\"@type\":\"WebSite\",\"@id\":\"https:\\\/\\\/naturalpoland.com\\\/cs\\\/#website\",\"url\":\"https:\\\/\\\/naturalpoland.com\\\/cs\\\/\",\"name\":\"NATURAL POLAND - Velkoobchodn\u00ed distributor surovin\",\"description\":\"Surowce dla przemys\u0142u spo\u017cywczego, kosmetycznego i farmaceutycznego\",\"publisher\":{\"@id\":\"https:\\\/\\\/naturalpoland.com\\\/cs\\\/#organization\"},\"potentialAction\":[{\"@type\":\"SearchAction\",\"target\":{\"@type\":\"EntryPoint\",\"urlTemplate\":\"https:\\\/\\\/naturalpoland.com\\\/cs\\\/?s={search_term_string}\"},\"query-input\":{\"@type\":\"PropertyValueSpecification\",\"valueRequired\":true,\"valueName\":\"search_term_string\"}}],\"inLanguage\":\"cs\"},{\"@type\":\"Organization\",\"@id\":\"https:\\\/\\\/naturalpoland.com\\\/cs\\\/#organization\",\"name\":\"Natural Poland\",\"url\":\"https:\\\/\\\/naturalpoland.com\\\/cs\\\/\",\"logo\":{\"@type\":\"ImageObject\",\"inLanguage\":\"cs\",\"@id\":\"https:\\\/\\\/naturalpoland.com\\\/cs\\\/#\\\/schema\\\/logo\\\/image\\\/\",\"url\":\"https:\\\/\\\/naturalpoland.com\\\/wp-content\\\/uploads\\\/2021\\\/05\\\/natural-poland-icon.png\",\"contentUrl\":\"https:\\\/\\\/naturalpoland.com\\\/wp-content\\\/uploads\\\/2021\\\/05\\\/natural-poland-icon.png\",\"width\":512,\"height\":512,\"caption\":\"Natural Poland\"},\"image\":{\"@id\":\"https:\\\/\\\/naturalpoland.com\\\/cs\\\/#\\\/schema\\\/logo\\\/image\\\/\"},\"sameAs\":[\"https:\\\/\\\/www.facebook.com\\\/naturalpoland.b2b\",\"https:\\\/\\\/pl.linkedin.com\\\/company\\\/natural-poland\",\"https:\\\/\\\/www.youtube.com\\\/channel\\\/UCgeGGkvOMahZo-xu_MSEWxg\"]}]}<\/script>\n<!-- \/ Yoast SEO plugin. -->","yoast_head_json":{"title":"Su\u0161en\u00e1 zelenina - Velkoobchodn\u00ed distributor","description":"Nab\u00edz\u00edme \u0161irok\u00fd sortiment su\u0161en\u00e9 zeleniny, kter\u00e1 byla zpracov\u00e1na podle nejvy\u0161\u0161\u00edch standard\u016f kvality.","robots":{"index":"index","follow":"follow","max-snippet":"max-snippet:-1","max-image-preview":"max-image-preview:large","max-video-preview":"max-video-preview:-1"},"canonical":"https:\/\/naturalpoland.com\/cs\/produkty\/suroviny-pro-krmiva-pro-zvirata\/zelenina-susena\/","og_locale":"cs_CZ","og_type":"article","og_title":"Su\u0161en\u00e1 zelenina - Velkoobchodn\u00ed distributor","og_description":"Nab\u00edz\u00edme \u0161irok\u00fd sortiment su\u0161en\u00e9 zeleniny, kter\u00e1 byla zpracov\u00e1na podle nejvy\u0161\u0161\u00edch standard\u016f kvality.","og_url":"https:\/\/naturalpoland.com\/cs\/produkty\/suroviny-pro-krmiva-pro-zvirata\/zelenina-susena\/","og_site_name":"NATURAL POLAND - Velkoobchodn\u00ed distributor surovin","article_publisher":"https:\/\/www.facebook.com\/naturalpoland.b2b","og_image":[{"width":600,"height":600,"url":"https:\/\/naturalpoland.com\/wp-content\/uploads\/warzywa-suszone.jpg","type":"image\/jpeg"}],"schema":{"@context":"https:\/\/schema.org","@graph":[{"@type":"WebPage","@id":"https:\/\/naturalpoland.com\/cs\/produkty\/suroviny-pro-krmiva-pro-zvirata\/zelenina-susena\/","url":"https:\/\/naturalpoland.com\/cs\/produkty\/suroviny-pro-krmiva-pro-zvirata\/zelenina-susena\/","name":"Su\u0161en\u00e1 zelenina - Velkoobchodn\u00ed distributor","isPartOf":{"@id":"https:\/\/naturalpoland.com\/cs\/#website"},"primaryImageOfPage":{"@id":"https:\/\/naturalpoland.com\/cs\/produkty\/suroviny-pro-krmiva-pro-zvirata\/zelenina-susena\/#primaryimage"},"image":{"@id":"https:\/\/naturalpoland.com\/cs\/produkty\/suroviny-pro-krmiva-pro-zvirata\/zelenina-susena\/#primaryimage"},"thumbnailUrl":"https:\/\/naturalpoland.com\/wp-content\/uploads\/warzywa-suszone.jpg","datePublished":"2023-08-11T11:46:40+00:00","description":"Nab\u00edz\u00edme \u0161irok\u00fd sortiment su\u0161en\u00e9 zeleniny, kter\u00e1 byla zpracov\u00e1na podle nejvy\u0161\u0161\u00edch standard\u016f kvality.","breadcrumb":{"@id":"https:\/\/naturalpoland.com\/cs\/produkty\/suroviny-pro-krmiva-pro-zvirata\/zelenina-susena\/#breadcrumb"},"inLanguage":"cs","potentialAction":[{"@type":"ReadAction","target":["https:\/\/naturalpoland.com\/cs\/produkty\/suroviny-pro-krmiva-pro-zvirata\/zelenina-susena\/"]}]},{"@type":"ImageObject","inLanguage":"cs","@id":"https:\/\/naturalpoland.com\/cs\/produkty\/suroviny-pro-krmiva-pro-zvirata\/zelenina-susena\/#primaryimage","url":"https:\/\/naturalpoland.com\/wp-content\/uploads\/warzywa-suszone.jpg","contentUrl":"https:\/\/naturalpoland.com\/wp-content\/uploads\/warzywa-suszone.jpg","width":600,"height":600,"caption":"su\u0161en\u00e1 zelenina"},{"@type":"BreadcrumbList","@id":"https:\/\/naturalpoland.com\/cs\/produkty\/suroviny-pro-krmiva-pro-zvirata\/zelenina-susena\/#breadcrumb","itemListElement":[{"@type":"ListItem","position":1,"name":"Dom\u016f","item":"https:\/\/naturalpoland.com\/cs\/"},{"@type":"ListItem","position":2,"name":"Produkty","item":"https:\/\/naturalpoland.com\/cs\/produkty\/"},{"@type":"ListItem","position":3,"name":"Su\u0161en\u00e1 zelenina"}]},{"@type":"WebSite","@id":"https:\/\/naturalpoland.com\/cs\/#website","url":"https:\/\/naturalpoland.com\/cs\/","name":"NATURAL POLAND - Velkoobchodn\u00ed distributor surovin","description":"Surowce dla przemys\u0142u spo\u017cywczego, kosmetycznego i farmaceutycznego","publisher":{"@id":"https:\/\/naturalpoland.com\/cs\/#organization"},"potentialAction":[{"@type":"SearchAction","target":{"@type":"EntryPoint","urlTemplate":"https:\/\/naturalpoland.com\/cs\/?s={search_term_string}"},"query-input":{"@type":"PropertyValueSpecification","valueRequired":true,"valueName":"search_term_string"}}],"inLanguage":"cs"},{"@type":"Organization","@id":"https:\/\/naturalpoland.com\/cs\/#organization","name":"Natural Poland","url":"https:\/\/naturalpoland.com\/cs\/","logo":{"@type":"ImageObject","inLanguage":"cs","@id":"https:\/\/naturalpoland.com\/cs\/#\/schema\/logo\/image\/","url":"https:\/\/naturalpoland.com\/wp-content\/uploads\/2021\/05\/natural-poland-icon.png","contentUrl":"https:\/\/naturalpoland.com\/wp-content\/uploads\/2021\/05\/natural-poland-icon.png","width":512,"height":512,"caption":"Natural Poland"},"image":{"@id":"https:\/\/naturalpoland.com\/cs\/#\/schema\/logo\/image\/"},"sameAs":["https:\/\/www.facebook.com\/naturalpoland.b2b","https:\/\/pl.linkedin.com\/company\/natural-poland","https:\/\/www.youtube.com\/channel\/UCgeGGkvOMahZo-xu_MSEWxg"]}]}},"_links":{"self":[{"href":"https:\/\/naturalpoland.com\/cs\/wp-json\/wp\/v2\/product\/25028","targetHints":{"allow":["GET"]}}],"collection":[{"href":"https:\/\/naturalpoland.com\/cs\/wp-json\/wp\/v2\/product"}],"about":[{"href":"https:\/\/naturalpoland.com\/cs\/wp-json\/wp\/v2\/types\/product"}],"wp:featuredmedia":[{"embeddable":true,"href":"https:\/\/naturalpoland.com\/cs\/wp-json\/wp\/v2\/media\/24982"}],"wp:attachment":[{"href":"https:\/\/naturalpoland.com\/cs\/wp-json\/wp\/v2\/media?parent=25028"}],"wp:term":[{"taxonomy":"product_brand","embeddable":true,"href":"https:\/\/naturalpoland.com\/cs\/wp-json\/wp\/v2\/product_brand?post=25028"},{"taxonomy":"product_cat","embeddable":true,"href":"https:\/\/naturalpoland.com\/cs\/wp-json\/wp\/v2\/product_cat?post=25028"},{"taxonomy":"product_tag","embeddable":true,"href":"https:\/\/naturalpoland.com\/cs\/wp-json\/wp\/v2\/product_tag?post=25028"}],"curies":[{"name":"wp","href":"https:\/\/api.w.org\/{rel}","templated":true}]}}