{"id":25031,"date":"2023-08-11T13:26:40","date_gmt":"2023-08-11T11:46:42","guid":{"rendered":"https:\/\/naturalpoland.com\/produkty\/nezarazene\/susene-ovoce\/"},"modified":"2023-08-11T13:46:42","modified_gmt":"2023-08-11T11:46:42","slug":"susene-ovoce","status":"publish","type":"product","link":"https:\/\/naturalpoland.com\/cs\/produkty\/suroviny-pro-krmiva-pro-zvirata\/susene-ovoce\/","title":{"rendered":"Su\u0161en\u00e9 ovoce"},"content":{"rendered":"<ul>\n<li><strong>Jable\u010dn\u00e9 k\u0159upky<\/strong>: v\u011b\u010dn\u00e1 chu\u0165 \u010derstv\u00fdch jablek, zdroj vitaminu C a vl\u00e1kniny.<\/li>\n<li><strong>Jable\u010dn\u00e9 kostky<\/strong>: Koncentrovan\u00e9 jable\u010dn\u00e9 kostky v kompaktn\u00ed form\u011b, ide\u00e1ln\u00ed pro mal\u00e1 zv\u00ed\u0159ata.<\/li>\n<li><strong>Drcen\u00e9 jable\u010dn\u00e9<\/strong> k\u0159upky: ide\u00e1ln\u00ed do krmn\u00e9 sm\u011bsi nebo jako samostatn\u00fd pamlsek.<\/li>\n<li><strong>Kostky ananasu<\/strong>: Ananas: bohat\u00fd na bromelain, tr\u00e1vic\u00ed enzym, kter\u00fd pom\u00e1h\u00e1 tr\u00e1vit b\u00edlkoviny.<\/li>\n<li><strong>Ban\u00e1nov\u00e9 lup\u00ednky rozl\u00e1man\u00e9, neslazen\u00e9<\/strong>: P\u0159\u00edrodn\u00ed sladkost bez p\u0159idan\u00fdch cukr\u016f, zdroj drasl\u00edku.<\/li>\n<li><strong>Cel\u00e9 ban\u00e1nov\u00e9 lup\u00ednky, neslazen\u00e9<\/strong>: Chutn\u00e9 a bohat\u00e9 na vl\u00e1kninu &#8211; v\u00fdborn\u00e1 volba pro hlodavce.<\/li>\n<li><strong>Hru\u0161ky<\/strong>: Dod\u00e1vaj\u00ed vitam\u00edny A a C a d\u016fle\u017eit\u00e9 miner\u00e1ln\u00ed l\u00e1tky.<\/li>\n<li><strong>Jahody<\/strong>: Zdroj antioxidant\u016f, vitaminu C a vl\u00e1kniny.<\/li>\n<li><strong>Plody a slupky \u0161\u00edpku<\/strong>: bohat\u00e9 na vitamin C, podporuj\u00ed imunitn\u00ed syst\u00e9m.<\/li>\n<li><strong>Pr\u00e1\u0161ek ze slupek<\/strong> \u0161\u00edpk\u016f: Koncentr\u00e1t prosp\u011b\u0161n\u00fdch l\u00e1tek ze \u0161\u00edpk\u016f ve form\u011b, kter\u00e1 se snadno p\u0159id\u00e1v\u00e1 do krmiva.<\/li>\n<li><strong>Maliny<\/strong>: Poskytuj\u00ed d\u016fle\u017eit\u00e9 antioxidanty a jsou bohat\u00fdm zdrojem vitaminu C.<\/li>\n<li>Kokosov\u00e9 <strong>lup\u00ednky a kokosov\u00e1 mouka<\/strong>: zdroj zdrav\u00fdch tuk\u016f a energie s jemnou chut\u00ed.<\/li>\n<li><strong>Kostky manga<\/strong>: Obsahuj\u00ed mnoho vitam\u00edn\u016f a miner\u00e1l\u016f, v\u010detn\u011b vitam\u00edn\u016f A, E a C.<\/li>\n<li><strong>Papa kostky<\/strong>: Zdroj lysinu, esenci\u00e1ln\u00ed aminokyseliny, a vitamin\u016f C a A.<\/li>\n<\/ul>\n","protected":false},"excerpt":{"rendered":"<p>Ovoce je d\u016fle\u017eit\u00fdm dopl\u0148kem stravy mnoha \u017eivo\u010di\u0161n\u00fdch druh\u016f, proto\u017ee poskytuje vitaminy, miner\u00e1ly a p\u0159\u00edrodn\u00ed cukry, kter\u00e9 dod\u00e1vaj\u00ed t\u011blu energii. Su\u0161en\u00e9 ovoce si nejen zachov\u00e1v\u00e1 sv\u00e9 nutri\u010dn\u00ed vlastnosti, ale m\u00e1 tak\u00e9 del\u0161\u00ed trvanlivost a je pochoutkou pro mnoho zv\u00ed\u0159at.<\/p>\n","protected":false},"featured_media":24994,"template":"","meta":{"_acf_changed":false},"product_brand":[],"product_cat":[2507],"product_tag":[],"class_list":{"0":"post-25031","1":"product","2":"type-product","3":"status-publish","4":"has-post-thumbnail","6":"product_cat-suroviny-pro-krmiva-pro-zvirata","8":"first","9":"instock","10":"shipping-taxable","11":"product-type-simple"},"acf":[],"yoast_head":"<!-- This site is optimized with the Yoast SEO plugin v27.4 - https:\/\/yoast.com\/product\/yoast-seo-wordpress\/ -->\n<title>Su\u0161en\u00e9 ovoce - Velkoobchodn\u00ed distributor<\/title>\n<meta name=\"description\" content=\"Su\u0161en\u00e9 ovoce si nejen zachov\u00e1v\u00e1 sv\u00e9 nutri\u010dn\u00ed vlastnosti, ale m\u00e1 tak\u00e9 del\u0161\u00ed trvanlivost a je pochoutkou pro mnoho zv\u00ed\u0159at.\" \/>\n<meta name=\"robots\" content=\"index, follow, max-snippet:-1, max-image-preview:large, max-video-preview:-1\" \/>\n<link rel=\"canonical\" href=\"https:\/\/naturalpoland.com\/cs\/produkty\/suroviny-pro-krmiva-pro-zvirata\/susene-ovoce\/\" \/>\n<meta property=\"og:locale\" content=\"cs_CZ\" \/>\n<meta property=\"og:type\" content=\"article\" \/>\n<meta property=\"og:title\" content=\"Su\u0161en\u00e9 ovoce - Velkoobchodn\u00ed distributor\" \/>\n<meta property=\"og:description\" content=\"Su\u0161en\u00e9 ovoce si nejen zachov\u00e1v\u00e1 sv\u00e9 nutri\u010dn\u00ed vlastnosti, ale m\u00e1 tak\u00e9 del\u0161\u00ed trvanlivost a je pochoutkou pro mnoho zv\u00ed\u0159at.\" \/>\n<meta property=\"og:url\" content=\"https:\/\/naturalpoland.com\/cs\/produkty\/suroviny-pro-krmiva-pro-zvirata\/susene-ovoce\/\" \/>\n<meta property=\"og:site_name\" content=\"NATURAL POLAND - Velkoobchodn\u00ed distributor surovin\" \/>\n<meta property=\"article:publisher\" content=\"https:\/\/www.facebook.com\/naturalpoland.b2b\" \/>\n<meta property=\"og:image\" content=\"https:\/\/naturalpoland.com\/wp-content\/uploads\/owoce-suszone.jpg\" \/>\n\t<meta property=\"og:image:width\" content=\"600\" \/>\n\t<meta property=\"og:image:height\" content=\"600\" \/>\n\t<meta property=\"og:image:type\" content=\"image\/jpeg\" \/>\n<script type=\"application\/ld+json\" class=\"yoast-schema-graph\">{\"@context\":\"https:\\\/\\\/schema.org\",\"@graph\":[{\"@type\":\"WebPage\",\"@id\":\"https:\\\/\\\/naturalpoland.com\\\/cs\\\/produkty\\\/suroviny-pro-krmiva-pro-zvirata\\\/susene-ovoce\\\/\",\"url\":\"https:\\\/\\\/naturalpoland.com\\\/cs\\\/produkty\\\/suroviny-pro-krmiva-pro-zvirata\\\/susene-ovoce\\\/\",\"name\":\"Su\u0161en\u00e9 ovoce - Velkoobchodn\u00ed distributor\",\"isPartOf\":{\"@id\":\"https:\\\/\\\/naturalpoland.com\\\/cs\\\/#website\"},\"primaryImageOfPage\":{\"@id\":\"https:\\\/\\\/naturalpoland.com\\\/cs\\\/produkty\\\/suroviny-pro-krmiva-pro-zvirata\\\/susene-ovoce\\\/#primaryimage\"},\"image\":{\"@id\":\"https:\\\/\\\/naturalpoland.com\\\/cs\\\/produkty\\\/suroviny-pro-krmiva-pro-zvirata\\\/susene-ovoce\\\/#primaryimage\"},\"thumbnailUrl\":\"https:\\\/\\\/naturalpoland.com\\\/wp-content\\\/uploads\\\/owoce-suszone.jpg\",\"datePublished\":\"2023-08-11T11:46:42+00:00\",\"description\":\"Su\u0161en\u00e9 ovoce si nejen zachov\u00e1v\u00e1 sv\u00e9 nutri\u010dn\u00ed vlastnosti, ale m\u00e1 tak\u00e9 del\u0161\u00ed trvanlivost a je pochoutkou pro mnoho zv\u00ed\u0159at.\",\"breadcrumb\":{\"@id\":\"https:\\\/\\\/naturalpoland.com\\\/cs\\\/produkty\\\/suroviny-pro-krmiva-pro-zvirata\\\/susene-ovoce\\\/#breadcrumb\"},\"inLanguage\":\"cs\",\"potentialAction\":[{\"@type\":\"ReadAction\",\"target\":[\"https:\\\/\\\/naturalpoland.com\\\/cs\\\/produkty\\\/suroviny-pro-krmiva-pro-zvirata\\\/susene-ovoce\\\/\"]}]},{\"@type\":\"ImageObject\",\"inLanguage\":\"cs\",\"@id\":\"https:\\\/\\\/naturalpoland.com\\\/cs\\\/produkty\\\/suroviny-pro-krmiva-pro-zvirata\\\/susene-ovoce\\\/#primaryimage\",\"url\":\"https:\\\/\\\/naturalpoland.com\\\/wp-content\\\/uploads\\\/owoce-suszone.jpg\",\"contentUrl\":\"https:\\\/\\\/naturalpoland.com\\\/wp-content\\\/uploads\\\/owoce-suszone.jpg\",\"width\":600,\"height\":600,\"caption\":\"su\u0161en\u00e9 ovoce\"},{\"@type\":\"BreadcrumbList\",\"@id\":\"https:\\\/\\\/naturalpoland.com\\\/cs\\\/produkty\\\/suroviny-pro-krmiva-pro-zvirata\\\/susene-ovoce\\\/#breadcrumb\",\"itemListElement\":[{\"@type\":\"ListItem\",\"position\":1,\"name\":\"Dom\u016f\",\"item\":\"https:\\\/\\\/naturalpoland.com\\\/cs\\\/\"},{\"@type\":\"ListItem\",\"position\":2,\"name\":\"Produkty\",\"item\":\"https:\\\/\\\/naturalpoland.com\\\/cs\\\/produkty\\\/\"},{\"@type\":\"ListItem\",\"position\":3,\"name\":\"Su\u0161en\u00e9 ovoce\"}]},{\"@type\":\"WebSite\",\"@id\":\"https:\\\/\\\/naturalpoland.com\\\/cs\\\/#website\",\"url\":\"https:\\\/\\\/naturalpoland.com\\\/cs\\\/\",\"name\":\"NATURAL POLAND - Velkoobchodn\u00ed distributor surovin\",\"description\":\"Surowce dla przemys\u0142u spo\u017cywczego, kosmetycznego i farmaceutycznego\",\"publisher\":{\"@id\":\"https:\\\/\\\/naturalpoland.com\\\/cs\\\/#organization\"},\"potentialAction\":[{\"@type\":\"SearchAction\",\"target\":{\"@type\":\"EntryPoint\",\"urlTemplate\":\"https:\\\/\\\/naturalpoland.com\\\/cs\\\/?s={search_term_string}\"},\"query-input\":{\"@type\":\"PropertyValueSpecification\",\"valueRequired\":true,\"valueName\":\"search_term_string\"}}],\"inLanguage\":\"cs\"},{\"@type\":\"Organization\",\"@id\":\"https:\\\/\\\/naturalpoland.com\\\/cs\\\/#organization\",\"name\":\"Natural Poland\",\"url\":\"https:\\\/\\\/naturalpoland.com\\\/cs\\\/\",\"logo\":{\"@type\":\"ImageObject\",\"inLanguage\":\"cs\",\"@id\":\"https:\\\/\\\/naturalpoland.com\\\/cs\\\/#\\\/schema\\\/logo\\\/image\\\/\",\"url\":\"https:\\\/\\\/naturalpoland.com\\\/wp-content\\\/uploads\\\/2021\\\/05\\\/natural-poland-icon.png\",\"contentUrl\":\"https:\\\/\\\/naturalpoland.com\\\/wp-content\\\/uploads\\\/2021\\\/05\\\/natural-poland-icon.png\",\"width\":512,\"height\":512,\"caption\":\"Natural Poland\"},\"image\":{\"@id\":\"https:\\\/\\\/naturalpoland.com\\\/cs\\\/#\\\/schema\\\/logo\\\/image\\\/\"},\"sameAs\":[\"https:\\\/\\\/www.facebook.com\\\/naturalpoland.b2b\",\"https:\\\/\\\/pl.linkedin.com\\\/company\\\/natural-poland\",\"https:\\\/\\\/www.youtube.com\\\/channel\\\/UCgeGGkvOMahZo-xu_MSEWxg\"]}]}<\/script>\n<!-- \/ Yoast SEO plugin. -->","yoast_head_json":{"title":"Su\u0161en\u00e9 ovoce - Velkoobchodn\u00ed distributor","description":"Su\u0161en\u00e9 ovoce si nejen zachov\u00e1v\u00e1 sv\u00e9 nutri\u010dn\u00ed vlastnosti, ale m\u00e1 tak\u00e9 del\u0161\u00ed trvanlivost a je pochoutkou pro mnoho zv\u00ed\u0159at.","robots":{"index":"index","follow":"follow","max-snippet":"max-snippet:-1","max-image-preview":"max-image-preview:large","max-video-preview":"max-video-preview:-1"},"canonical":"https:\/\/naturalpoland.com\/cs\/produkty\/suroviny-pro-krmiva-pro-zvirata\/susene-ovoce\/","og_locale":"cs_CZ","og_type":"article","og_title":"Su\u0161en\u00e9 ovoce - Velkoobchodn\u00ed distributor","og_description":"Su\u0161en\u00e9 ovoce si nejen zachov\u00e1v\u00e1 sv\u00e9 nutri\u010dn\u00ed vlastnosti, ale m\u00e1 tak\u00e9 del\u0161\u00ed trvanlivost a je pochoutkou pro mnoho zv\u00ed\u0159at.","og_url":"https:\/\/naturalpoland.com\/cs\/produkty\/suroviny-pro-krmiva-pro-zvirata\/susene-ovoce\/","og_site_name":"NATURAL POLAND - Velkoobchodn\u00ed distributor surovin","article_publisher":"https:\/\/www.facebook.com\/naturalpoland.b2b","og_image":[{"width":600,"height":600,"url":"https:\/\/naturalpoland.com\/wp-content\/uploads\/owoce-suszone.jpg","type":"image\/jpeg"}],"schema":{"@context":"https:\/\/schema.org","@graph":[{"@type":"WebPage","@id":"https:\/\/naturalpoland.com\/cs\/produkty\/suroviny-pro-krmiva-pro-zvirata\/susene-ovoce\/","url":"https:\/\/naturalpoland.com\/cs\/produkty\/suroviny-pro-krmiva-pro-zvirata\/susene-ovoce\/","name":"Su\u0161en\u00e9 ovoce - Velkoobchodn\u00ed distributor","isPartOf":{"@id":"https:\/\/naturalpoland.com\/cs\/#website"},"primaryImageOfPage":{"@id":"https:\/\/naturalpoland.com\/cs\/produkty\/suroviny-pro-krmiva-pro-zvirata\/susene-ovoce\/#primaryimage"},"image":{"@id":"https:\/\/naturalpoland.com\/cs\/produkty\/suroviny-pro-krmiva-pro-zvirata\/susene-ovoce\/#primaryimage"},"thumbnailUrl":"https:\/\/naturalpoland.com\/wp-content\/uploads\/owoce-suszone.jpg","datePublished":"2023-08-11T11:46:42+00:00","description":"Su\u0161en\u00e9 ovoce si nejen zachov\u00e1v\u00e1 sv\u00e9 nutri\u010dn\u00ed vlastnosti, ale m\u00e1 tak\u00e9 del\u0161\u00ed trvanlivost a je pochoutkou pro mnoho zv\u00ed\u0159at.","breadcrumb":{"@id":"https:\/\/naturalpoland.com\/cs\/produkty\/suroviny-pro-krmiva-pro-zvirata\/susene-ovoce\/#breadcrumb"},"inLanguage":"cs","potentialAction":[{"@type":"ReadAction","target":["https:\/\/naturalpoland.com\/cs\/produkty\/suroviny-pro-krmiva-pro-zvirata\/susene-ovoce\/"]}]},{"@type":"ImageObject","inLanguage":"cs","@id":"https:\/\/naturalpoland.com\/cs\/produkty\/suroviny-pro-krmiva-pro-zvirata\/susene-ovoce\/#primaryimage","url":"https:\/\/naturalpoland.com\/wp-content\/uploads\/owoce-suszone.jpg","contentUrl":"https:\/\/naturalpoland.com\/wp-content\/uploads\/owoce-suszone.jpg","width":600,"height":600,"caption":"su\u0161en\u00e9 ovoce"},{"@type":"BreadcrumbList","@id":"https:\/\/naturalpoland.com\/cs\/produkty\/suroviny-pro-krmiva-pro-zvirata\/susene-ovoce\/#breadcrumb","itemListElement":[{"@type":"ListItem","position":1,"name":"Dom\u016f","item":"https:\/\/naturalpoland.com\/cs\/"},{"@type":"ListItem","position":2,"name":"Produkty","item":"https:\/\/naturalpoland.com\/cs\/produkty\/"},{"@type":"ListItem","position":3,"name":"Su\u0161en\u00e9 ovoce"}]},{"@type":"WebSite","@id":"https:\/\/naturalpoland.com\/cs\/#website","url":"https:\/\/naturalpoland.com\/cs\/","name":"NATURAL POLAND - Velkoobchodn\u00ed distributor surovin","description":"Surowce dla przemys\u0142u spo\u017cywczego, kosmetycznego i farmaceutycznego","publisher":{"@id":"https:\/\/naturalpoland.com\/cs\/#organization"},"potentialAction":[{"@type":"SearchAction","target":{"@type":"EntryPoint","urlTemplate":"https:\/\/naturalpoland.com\/cs\/?s={search_term_string}"},"query-input":{"@type":"PropertyValueSpecification","valueRequired":true,"valueName":"search_term_string"}}],"inLanguage":"cs"},{"@type":"Organization","@id":"https:\/\/naturalpoland.com\/cs\/#organization","name":"Natural Poland","url":"https:\/\/naturalpoland.com\/cs\/","logo":{"@type":"ImageObject","inLanguage":"cs","@id":"https:\/\/naturalpoland.com\/cs\/#\/schema\/logo\/image\/","url":"https:\/\/naturalpoland.com\/wp-content\/uploads\/2021\/05\/natural-poland-icon.png","contentUrl":"https:\/\/naturalpoland.com\/wp-content\/uploads\/2021\/05\/natural-poland-icon.png","width":512,"height":512,"caption":"Natural Poland"},"image":{"@id":"https:\/\/naturalpoland.com\/cs\/#\/schema\/logo\/image\/"},"sameAs":["https:\/\/www.facebook.com\/naturalpoland.b2b","https:\/\/pl.linkedin.com\/company\/natural-poland","https:\/\/www.youtube.com\/channel\/UCgeGGkvOMahZo-xu_MSEWxg"]}]}},"_links":{"self":[{"href":"https:\/\/naturalpoland.com\/cs\/wp-json\/wp\/v2\/product\/25031","targetHints":{"allow":["GET"]}}],"collection":[{"href":"https:\/\/naturalpoland.com\/cs\/wp-json\/wp\/v2\/product"}],"about":[{"href":"https:\/\/naturalpoland.com\/cs\/wp-json\/wp\/v2\/types\/product"}],"wp:featuredmedia":[{"embeddable":true,"href":"https:\/\/naturalpoland.com\/cs\/wp-json\/wp\/v2\/media\/24994"}],"wp:attachment":[{"href":"https:\/\/naturalpoland.com\/cs\/wp-json\/wp\/v2\/media?parent=25031"}],"wp:term":[{"taxonomy":"product_brand","embeddable":true,"href":"https:\/\/naturalpoland.com\/cs\/wp-json\/wp\/v2\/product_brand?post=25031"},{"taxonomy":"product_cat","embeddable":true,"href":"https:\/\/naturalpoland.com\/cs\/wp-json\/wp\/v2\/product_cat?post=25031"},{"taxonomy":"product_tag","embeddable":true,"href":"https:\/\/naturalpoland.com\/cs\/wp-json\/wp\/v2\/product_tag?post=25031"}],"curies":[{"name":"wp","href":"https:\/\/api.w.org\/{rel}","templated":true}]}}