{"id":26023,"date":"2023-10-02T14:38:02","date_gmt":"2023-10-02T12:38:02","guid":{"rendered":"https:\/\/naturalpoland.com\/produkty\/nezarazene\/psenicny-protein-lepek\/"},"modified":"2023-10-03T09:29:03","modified_gmt":"2023-10-03T07:29:03","slug":"protein-psenice-lepek","status":"publish","type":"product","link":"https:\/\/naturalpoland.com\/cs\/produkty\/produkty-pro-potravinarsky-prumysl\/rostlinne-bilkoviny\/protein-psenice-lepek\/","title":{"rendered":"P\u0161eni\u010dn\u00fd protein (lepek)"},"content":{"rendered":"<p>D\u00edky sv\u00fdm jedine\u010dn\u00fdm vazebn\u00fdm vlastnostem a pru\u017enosti se lepek hojn\u011b pou\u017e\u00edv\u00e1 nejen v peka\u0159sk\u00e9m pr\u016fmyslu, ale tak\u00e9 jako b\u00edlkovinn\u00e1 p\u0159\u00edsada do r\u016fzn\u00fdch potravin\u00e1\u0159sk\u00fdch v\u00fdrobk\u016f a krmiv.<\/p>\n<h3>Vlastnosti a pou\u017eit\u00ed p\u0161eni\u010dn\u00e9ho proteinu<\/h3>\n<ol>\n<li><strong>Vazebn\u00e9 vlastnosti:<\/strong> Lepek m\u00e1 jedine\u010dn\u00e9 vazebn\u00e9 vlastnosti, d\u00edky nim\u017e je vynikaj\u00edc\u00ed p\u0159\u00edsadou p\u0159i v\u00fdrob\u011b vegetari\u00e1nsk\u00fdch a vegansk\u00fdch v\u00fdrobk\u016f, jako je maso rostlinn\u00e9ho p\u016fvodu.<\/li>\n<li><strong>V\u00fd\u017eivov\u00e1 hodnota<\/strong>: P\u0161eni\u010dn\u00e1 b\u00edlkovina poskytuje esenci\u00e1ln\u00ed aminokyseliny a p\u0159edstavuje d\u016fle\u017eit\u00fd zdroj b\u00edlkovin ve strav\u011b.<\/li>\n<li><strong>Peka\u0159sk\u00fd pr\u016fmysl:<\/strong> lepek je nepostradateln\u00fd p\u0159i v\u00fdrob\u011b chleba a dal\u0161\u00edch peka\u0159sk\u00fdch v\u00fdrobk\u016f, dod\u00e1v\u00e1 t\u011bstu pru\u017enost a umo\u017e\u0148uje zadr\u017eovat plyny vznikaj\u00edc\u00ed p\u0159i kva\u0161en\u00ed, co\u017e vede k nad\u00fdchan\u00e9 a pru\u017en\u00e9 du\u017ein\u011b.<\/li>\n<li><strong>Kosmetika a dopl\u0148ky stravy:<\/strong> Lepek se pou\u017e\u00edv\u00e1 tak\u00e9 v kosmetice a dopl\u0148c\u00edch stravy jako pojivo, stabiliza\u010dn\u00ed a v\u00fd\u017eivn\u00e1 slo\u017eka.<\/li>\n<\/ol>\n<p>A\u010dkoli je lepek pro v\u011bt\u0161inu populace bezpe\u010dn\u00fd, lid\u00e9 s celiaki\u00ed, nesn\u00e1\u0161enlivost\u00ed lepku nebo alergi\u00ed na p\u0161enici by se mu m\u011bli vyh\u00fdbat. Spole\u010dnosti vyr\u00e1b\u011bj\u00edc\u00ed potraviny s lepkem by m\u011bly v\u011bnovat zvl\u00e1\u0161tn\u00ed pozornost ozna\u010dov\u00e1n\u00ed v\u00fdrobk\u016f, aby informovaly spot\u0159ebitele o p\u0159\u00edtomnosti lepku.<\/p>\n","protected":false},"excerpt":{"rendered":"<p><strong>P\u0161eni\u010dn\u00fd protein<\/strong>, obecn\u011b zn\u00e1m\u00fd jako <strong>lepek<\/strong>, je slo\u017eit\u00e1 sm\u011bs b\u00edlkovin, kter\u00e1 se nach\u00e1z\u00ed v p\u0161eni\u010dn\u00fdch zrnech. Lepek tvo\u0159\u00ed p\u0159ibli\u017en\u011b 80 % celkov\u00e9ho obsahu b\u00edlkovin v p\u0161eni\u010dn\u00fdch zrnech a je kl\u00ed\u010dovou slo\u017ekou, kter\u00e1 ur\u010duje texturu, strukturu a peka\u0159sk\u00e9 vlastnosti p\u0161eni\u010dn\u00fdch v\u00fdrobk\u016f.<\/p>\n","protected":false},"featured_media":25962,"template":"","meta":{"_acf_changed":false},"product_brand":[],"product_cat":[2663],"product_tag":[],"class_list":{"0":"post-26023","1":"product","2":"type-product","3":"status-publish","4":"has-post-thumbnail","6":"product_cat-rostlinne-bilkoviny","8":"first","9":"instock","10":"shipping-taxable","11":"product-type-simple"},"acf":[],"yoast_head":"<!-- This site is optimized with the Yoast SEO plugin v27.4 - https:\/\/yoast.com\/product\/yoast-seo-wordpress\/ -->\n<title>P\u0161eni\u010dn\u00fd protein (lepek) - Velkoobchodn\u00ed distributor<\/title>\n<meta name=\"description\" content=\"P\u0161eni\u010dn\u00fd protein, zn\u00e1m\u00fd jako lepek, je slo\u017eit\u00e1 sm\u011bs b\u00edlkovin, kter\u00e1 se nach\u00e1z\u00ed v p\u0161eni\u010dn\u00fdch zrnech. Obsah lepku je p\u0159ibli\u017en\u011b. 80 % celkov\u00e9ho obsahu b\u00edlkovin v p\u0161enici.\" \/>\n<meta name=\"robots\" content=\"index, follow, max-snippet:-1, max-image-preview:large, max-video-preview:-1\" \/>\n<link rel=\"canonical\" href=\"https:\/\/naturalpoland.com\/cs\/produkty\/produkty-pro-potravinarsky-prumysl\/rostlinne-bilkoviny\/protein-psenice-lepek\/\" \/>\n<meta property=\"og:locale\" content=\"cs_CZ\" \/>\n<meta property=\"og:type\" content=\"article\" \/>\n<meta property=\"og:title\" content=\"P\u0161eni\u010dn\u00fd protein (lepek) - Velkoobchodn\u00ed distributor\" \/>\n<meta property=\"og:description\" content=\"P\u0161eni\u010dn\u00fd protein, zn\u00e1m\u00fd jako lepek, je slo\u017eit\u00e1 sm\u011bs b\u00edlkovin, kter\u00e1 se nach\u00e1z\u00ed v p\u0161eni\u010dn\u00fdch zrnech. Obsah lepku je p\u0159ibli\u017en\u011b. 80 % celkov\u00e9ho obsahu b\u00edlkovin v p\u0161enici.\" \/>\n<meta property=\"og:url\" content=\"https:\/\/naturalpoland.com\/cs\/produkty\/produkty-pro-potravinarsky-prumysl\/rostlinne-bilkoviny\/protein-psenice-lepek\/\" \/>\n<meta property=\"og:site_name\" content=\"NATURAL POLAND - Velkoobchodn\u00ed distributor surovin\" \/>\n<meta property=\"article:publisher\" content=\"https:\/\/www.facebook.com\/naturalpoland.b2b\" \/>\n<meta property=\"article:modified_time\" content=\"2023-10-03T07:29:03+00:00\" \/>\n<meta property=\"og:image\" content=\"https:\/\/naturalpoland.com\/wp-content\/uploads\/bialko-pszenicy-gluten.jpg\" \/>\n\t<meta property=\"og:image:width\" content=\"650\" \/>\n\t<meta property=\"og:image:height\" content=\"650\" \/>\n\t<meta property=\"og:image:type\" content=\"image\/jpeg\" \/>\n<script type=\"application\/ld+json\" class=\"yoast-schema-graph\">{\"@context\":\"https:\\\/\\\/schema.org\",\"@graph\":[{\"@type\":\"WebPage\",\"@id\":\"https:\\\/\\\/naturalpoland.com\\\/cs\\\/produkty\\\/produkty-pro-potravinarsky-prumysl\\\/rostlinne-bilkoviny\\\/protein-psenice-lepek\\\/\",\"url\":\"https:\\\/\\\/naturalpoland.com\\\/cs\\\/produkty\\\/produkty-pro-potravinarsky-prumysl\\\/rostlinne-bilkoviny\\\/protein-psenice-lepek\\\/\",\"name\":\"P\u0161eni\u010dn\u00fd protein (lepek) - Velkoobchodn\u00ed distributor\",\"isPartOf\":{\"@id\":\"https:\\\/\\\/naturalpoland.com\\\/cs\\\/#website\"},\"primaryImageOfPage\":{\"@id\":\"https:\\\/\\\/naturalpoland.com\\\/cs\\\/produkty\\\/produkty-pro-potravinarsky-prumysl\\\/rostlinne-bilkoviny\\\/protein-psenice-lepek\\\/#primaryimage\"},\"image\":{\"@id\":\"https:\\\/\\\/naturalpoland.com\\\/cs\\\/produkty\\\/produkty-pro-potravinarsky-prumysl\\\/rostlinne-bilkoviny\\\/protein-psenice-lepek\\\/#primaryimage\"},\"thumbnailUrl\":\"https:\\\/\\\/naturalpoland.com\\\/wp-content\\\/uploads\\\/bialko-pszenicy-gluten.jpg\",\"datePublished\":\"2023-10-02T12:38:02+00:00\",\"dateModified\":\"2023-10-03T07:29:03+00:00\",\"description\":\"P\u0161eni\u010dn\u00fd protein, zn\u00e1m\u00fd jako lepek, je slo\u017eit\u00e1 sm\u011bs b\u00edlkovin, kter\u00e1 se nach\u00e1z\u00ed v p\u0161eni\u010dn\u00fdch zrnech. Obsah lepku je p\u0159ibli\u017en\u011b. 80 % celkov\u00e9ho obsahu b\u00edlkovin v p\u0161enici.\",\"breadcrumb\":{\"@id\":\"https:\\\/\\\/naturalpoland.com\\\/cs\\\/produkty\\\/produkty-pro-potravinarsky-prumysl\\\/rostlinne-bilkoviny\\\/protein-psenice-lepek\\\/#breadcrumb\"},\"inLanguage\":\"cs\",\"potentialAction\":[{\"@type\":\"ReadAction\",\"target\":[\"https:\\\/\\\/naturalpoland.com\\\/cs\\\/produkty\\\/produkty-pro-potravinarsky-prumysl\\\/rostlinne-bilkoviny\\\/protein-psenice-lepek\\\/\"]}]},{\"@type\":\"ImageObject\",\"inLanguage\":\"cs\",\"@id\":\"https:\\\/\\\/naturalpoland.com\\\/cs\\\/produkty\\\/produkty-pro-potravinarsky-prumysl\\\/rostlinne-bilkoviny\\\/protein-psenice-lepek\\\/#primaryimage\",\"url\":\"https:\\\/\\\/naturalpoland.com\\\/wp-content\\\/uploads\\\/bialko-pszenicy-gluten.jpg\",\"contentUrl\":\"https:\\\/\\\/naturalpoland.com\\\/wp-content\\\/uploads\\\/bialko-pszenicy-gluten.jpg\",\"width\":650,\"height\":650,\"caption\":\"lepek - p\u0161eni\u010dn\u00fd protein\"},{\"@type\":\"BreadcrumbList\",\"@id\":\"https:\\\/\\\/naturalpoland.com\\\/cs\\\/produkty\\\/produkty-pro-potravinarsky-prumysl\\\/rostlinne-bilkoviny\\\/protein-psenice-lepek\\\/#breadcrumb\",\"itemListElement\":[{\"@type\":\"ListItem\",\"position\":1,\"name\":\"Dom\u016f\",\"item\":\"https:\\\/\\\/naturalpoland.com\\\/cs\\\/\"},{\"@type\":\"ListItem\",\"position\":2,\"name\":\"Produkty\",\"item\":\"https:\\\/\\\/naturalpoland.com\\\/cs\\\/produkty\\\/\"},{\"@type\":\"ListItem\",\"position\":3,\"name\":\"P\u0161eni\u010dn\u00fd protein (lepek)\"}]},{\"@type\":\"WebSite\",\"@id\":\"https:\\\/\\\/naturalpoland.com\\\/cs\\\/#website\",\"url\":\"https:\\\/\\\/naturalpoland.com\\\/cs\\\/\",\"name\":\"NATURAL POLAND - Velkoobchodn\u00ed distributor surovin\",\"description\":\"Surowce dla przemys\u0142u spo\u017cywczego, kosmetycznego i farmaceutycznego\",\"publisher\":{\"@id\":\"https:\\\/\\\/naturalpoland.com\\\/cs\\\/#organization\"},\"potentialAction\":[{\"@type\":\"SearchAction\",\"target\":{\"@type\":\"EntryPoint\",\"urlTemplate\":\"https:\\\/\\\/naturalpoland.com\\\/cs\\\/?s={search_term_string}\"},\"query-input\":{\"@type\":\"PropertyValueSpecification\",\"valueRequired\":true,\"valueName\":\"search_term_string\"}}],\"inLanguage\":\"cs\"},{\"@type\":\"Organization\",\"@id\":\"https:\\\/\\\/naturalpoland.com\\\/cs\\\/#organization\",\"name\":\"Natural Poland\",\"url\":\"https:\\\/\\\/naturalpoland.com\\\/cs\\\/\",\"logo\":{\"@type\":\"ImageObject\",\"inLanguage\":\"cs\",\"@id\":\"https:\\\/\\\/naturalpoland.com\\\/cs\\\/#\\\/schema\\\/logo\\\/image\\\/\",\"url\":\"https:\\\/\\\/naturalpoland.com\\\/wp-content\\\/uploads\\\/2021\\\/05\\\/natural-poland-icon.png\",\"contentUrl\":\"https:\\\/\\\/naturalpoland.com\\\/wp-content\\\/uploads\\\/2021\\\/05\\\/natural-poland-icon.png\",\"width\":512,\"height\":512,\"caption\":\"Natural Poland\"},\"image\":{\"@id\":\"https:\\\/\\\/naturalpoland.com\\\/cs\\\/#\\\/schema\\\/logo\\\/image\\\/\"},\"sameAs\":[\"https:\\\/\\\/www.facebook.com\\\/naturalpoland.b2b\",\"https:\\\/\\\/pl.linkedin.com\\\/company\\\/natural-poland\",\"https:\\\/\\\/www.youtube.com\\\/channel\\\/UCgeGGkvOMahZo-xu_MSEWxg\"]}]}<\/script>\n<!-- \/ Yoast SEO plugin. -->","yoast_head_json":{"title":"P\u0161eni\u010dn\u00fd protein (lepek) - Velkoobchodn\u00ed distributor","description":"P\u0161eni\u010dn\u00fd protein, zn\u00e1m\u00fd jako lepek, je slo\u017eit\u00e1 sm\u011bs b\u00edlkovin, kter\u00e1 se nach\u00e1z\u00ed v p\u0161eni\u010dn\u00fdch zrnech. Obsah lepku je p\u0159ibli\u017en\u011b. 80 % celkov\u00e9ho obsahu b\u00edlkovin v p\u0161enici.","robots":{"index":"index","follow":"follow","max-snippet":"max-snippet:-1","max-image-preview":"max-image-preview:large","max-video-preview":"max-video-preview:-1"},"canonical":"https:\/\/naturalpoland.com\/cs\/produkty\/produkty-pro-potravinarsky-prumysl\/rostlinne-bilkoviny\/protein-psenice-lepek\/","og_locale":"cs_CZ","og_type":"article","og_title":"P\u0161eni\u010dn\u00fd protein (lepek) - Velkoobchodn\u00ed distributor","og_description":"P\u0161eni\u010dn\u00fd protein, zn\u00e1m\u00fd jako lepek, je slo\u017eit\u00e1 sm\u011bs b\u00edlkovin, kter\u00e1 se nach\u00e1z\u00ed v p\u0161eni\u010dn\u00fdch zrnech. Obsah lepku je p\u0159ibli\u017en\u011b. 80 % celkov\u00e9ho obsahu b\u00edlkovin v p\u0161enici.","og_url":"https:\/\/naturalpoland.com\/cs\/produkty\/produkty-pro-potravinarsky-prumysl\/rostlinne-bilkoviny\/protein-psenice-lepek\/","og_site_name":"NATURAL POLAND - Velkoobchodn\u00ed distributor surovin","article_publisher":"https:\/\/www.facebook.com\/naturalpoland.b2b","article_modified_time":"2023-10-03T07:29:03+00:00","og_image":[{"width":650,"height":650,"url":"https:\/\/naturalpoland.com\/wp-content\/uploads\/bialko-pszenicy-gluten.jpg","type":"image\/jpeg"}],"schema":{"@context":"https:\/\/schema.org","@graph":[{"@type":"WebPage","@id":"https:\/\/naturalpoland.com\/cs\/produkty\/produkty-pro-potravinarsky-prumysl\/rostlinne-bilkoviny\/protein-psenice-lepek\/","url":"https:\/\/naturalpoland.com\/cs\/produkty\/produkty-pro-potravinarsky-prumysl\/rostlinne-bilkoviny\/protein-psenice-lepek\/","name":"P\u0161eni\u010dn\u00fd protein (lepek) - Velkoobchodn\u00ed distributor","isPartOf":{"@id":"https:\/\/naturalpoland.com\/cs\/#website"},"primaryImageOfPage":{"@id":"https:\/\/naturalpoland.com\/cs\/produkty\/produkty-pro-potravinarsky-prumysl\/rostlinne-bilkoviny\/protein-psenice-lepek\/#primaryimage"},"image":{"@id":"https:\/\/naturalpoland.com\/cs\/produkty\/produkty-pro-potravinarsky-prumysl\/rostlinne-bilkoviny\/protein-psenice-lepek\/#primaryimage"},"thumbnailUrl":"https:\/\/naturalpoland.com\/wp-content\/uploads\/bialko-pszenicy-gluten.jpg","datePublished":"2023-10-02T12:38:02+00:00","dateModified":"2023-10-03T07:29:03+00:00","description":"P\u0161eni\u010dn\u00fd protein, zn\u00e1m\u00fd jako lepek, je slo\u017eit\u00e1 sm\u011bs b\u00edlkovin, kter\u00e1 se nach\u00e1z\u00ed v p\u0161eni\u010dn\u00fdch zrnech. Obsah lepku je p\u0159ibli\u017en\u011b. 80 % celkov\u00e9ho obsahu b\u00edlkovin v p\u0161enici.","breadcrumb":{"@id":"https:\/\/naturalpoland.com\/cs\/produkty\/produkty-pro-potravinarsky-prumysl\/rostlinne-bilkoviny\/protein-psenice-lepek\/#breadcrumb"},"inLanguage":"cs","potentialAction":[{"@type":"ReadAction","target":["https:\/\/naturalpoland.com\/cs\/produkty\/produkty-pro-potravinarsky-prumysl\/rostlinne-bilkoviny\/protein-psenice-lepek\/"]}]},{"@type":"ImageObject","inLanguage":"cs","@id":"https:\/\/naturalpoland.com\/cs\/produkty\/produkty-pro-potravinarsky-prumysl\/rostlinne-bilkoviny\/protein-psenice-lepek\/#primaryimage","url":"https:\/\/naturalpoland.com\/wp-content\/uploads\/bialko-pszenicy-gluten.jpg","contentUrl":"https:\/\/naturalpoland.com\/wp-content\/uploads\/bialko-pszenicy-gluten.jpg","width":650,"height":650,"caption":"lepek - p\u0161eni\u010dn\u00fd protein"},{"@type":"BreadcrumbList","@id":"https:\/\/naturalpoland.com\/cs\/produkty\/produkty-pro-potravinarsky-prumysl\/rostlinne-bilkoviny\/protein-psenice-lepek\/#breadcrumb","itemListElement":[{"@type":"ListItem","position":1,"name":"Dom\u016f","item":"https:\/\/naturalpoland.com\/cs\/"},{"@type":"ListItem","position":2,"name":"Produkty","item":"https:\/\/naturalpoland.com\/cs\/produkty\/"},{"@type":"ListItem","position":3,"name":"P\u0161eni\u010dn\u00fd protein (lepek)"}]},{"@type":"WebSite","@id":"https:\/\/naturalpoland.com\/cs\/#website","url":"https:\/\/naturalpoland.com\/cs\/","name":"NATURAL POLAND - Velkoobchodn\u00ed distributor surovin","description":"Surowce dla przemys\u0142u spo\u017cywczego, kosmetycznego i farmaceutycznego","publisher":{"@id":"https:\/\/naturalpoland.com\/cs\/#organization"},"potentialAction":[{"@type":"SearchAction","target":{"@type":"EntryPoint","urlTemplate":"https:\/\/naturalpoland.com\/cs\/?s={search_term_string}"},"query-input":{"@type":"PropertyValueSpecification","valueRequired":true,"valueName":"search_term_string"}}],"inLanguage":"cs"},{"@type":"Organization","@id":"https:\/\/naturalpoland.com\/cs\/#organization","name":"Natural Poland","url":"https:\/\/naturalpoland.com\/cs\/","logo":{"@type":"ImageObject","inLanguage":"cs","@id":"https:\/\/naturalpoland.com\/cs\/#\/schema\/logo\/image\/","url":"https:\/\/naturalpoland.com\/wp-content\/uploads\/2021\/05\/natural-poland-icon.png","contentUrl":"https:\/\/naturalpoland.com\/wp-content\/uploads\/2021\/05\/natural-poland-icon.png","width":512,"height":512,"caption":"Natural Poland"},"image":{"@id":"https:\/\/naturalpoland.com\/cs\/#\/schema\/logo\/image\/"},"sameAs":["https:\/\/www.facebook.com\/naturalpoland.b2b","https:\/\/pl.linkedin.com\/company\/natural-poland","https:\/\/www.youtube.com\/channel\/UCgeGGkvOMahZo-xu_MSEWxg"]}]}},"_links":{"self":[{"href":"https:\/\/naturalpoland.com\/cs\/wp-json\/wp\/v2\/product\/26023","targetHints":{"allow":["GET"]}}],"collection":[{"href":"https:\/\/naturalpoland.com\/cs\/wp-json\/wp\/v2\/product"}],"about":[{"href":"https:\/\/naturalpoland.com\/cs\/wp-json\/wp\/v2\/types\/product"}],"wp:featuredmedia":[{"embeddable":true,"href":"https:\/\/naturalpoland.com\/cs\/wp-json\/wp\/v2\/media\/25962"}],"wp:attachment":[{"href":"https:\/\/naturalpoland.com\/cs\/wp-json\/wp\/v2\/media?parent=26023"}],"wp:term":[{"taxonomy":"product_brand","embeddable":true,"href":"https:\/\/naturalpoland.com\/cs\/wp-json\/wp\/v2\/product_brand?post=26023"},{"taxonomy":"product_cat","embeddable":true,"href":"https:\/\/naturalpoland.com\/cs\/wp-json\/wp\/v2\/product_cat?post=26023"},{"taxonomy":"product_tag","embeddable":true,"href":"https:\/\/naturalpoland.com\/cs\/wp-json\/wp\/v2\/product_tag?post=26023"}],"curies":[{"name":"wp","href":"https:\/\/api.w.org\/{rel}","templated":true}]}}