{"id":26029,"date":"2023-10-02T14:27:48","date_gmt":"2023-10-02T12:27:48","guid":{"rendered":"https:\/\/naturalpoland.com\/produkty\/nezarazene\/sojovy-protein\/"},"modified":"2023-10-03T09:29:03","modified_gmt":"2023-10-03T07:29:03","slug":"protein-soja","status":"publish","type":"product","link":"https:\/\/naturalpoland.com\/cs\/produkty\/produkty-pro-potravinarsky-prumysl\/rostlinne-bilkoviny\/protein-soja\/","title":{"rendered":"S\u00f3jov\u00fd protein"},"content":{"rendered":"<p>S\u00f3jov\u00fd protein z\u00edskan\u00fd ze s\u00f3jov\u00fdch bob\u016f m\u00e1 kompletn\u00ed aminokyselinov\u00fd profil a poskytuje v\u0161echny esenci\u00e1ln\u00ed aminokyseliny pot\u0159ebn\u00e9 pro spr\u00e1vn\u00e9 fungov\u00e1n\u00ed organismu. Je vynikaj\u00edc\u00ed volbou pro vegetari\u00e1ny, vegany a v\u0161echny, kdo hledaj\u00ed alternativu k \u017eivo\u010di\u0161n\u00fdm b\u00edlkovin\u00e1m.<\/p>\n<p>Vysok\u00fd obsah <strong>izoflavon\u016f<\/strong>, kter\u00e9 jsou siln\u00fdmi <strong>antioxidanty<\/strong>, podporuje zdrav\u00ed bun\u011bk a kardiovaskul\u00e1rn\u00edho syst\u00e9mu a m\u00e1 tak\u00e9 hormon\u00e1ln\u011b podp\u016frn\u00fd \u00fa\u010dinek. Krom\u011b toho je s\u00f3jov\u00e1 b\u00edlkovina zdrojem d\u016fle\u017eit\u00fdch miner\u00e1l\u016f, jako je <strong>\u017eelezo, v\u00e1pn\u00edk<\/strong> a <strong>ho\u0159\u010d\u00edk<\/strong>, a tak\u00e9 <strong>vitamin\u016f skupiny B<\/strong>.<\/p>\n<h2>Vlastnosti s\u00f3jov\u00e9ho proteinu<\/h2>\n<p>Jedine\u010dn\u00e9 funk\u010dn\u00ed vlastnosti s\u00f3jov\u00e9 b\u00edlkoviny, jako je <strong>schopnost v\u00e1zat vodu a emulgovat<\/strong>, z n\u00ed \u010din\u00ed kl\u00ed\u010dovou slo\u017eku p\u0159i v\u00fdrob\u011b r\u016fzn\u00fdch potravin\u00e1\u0159sk\u00fdch v\u00fdrobk\u016f, v\u010detn\u011b rostlinn\u00e9ho masa, pe\u010diva, proteinov\u00fdch n\u00e1poj\u016f a jako p\u0159\u00edsadu do jogurt\u016f a s\u00fdr\u016f.<\/p>\n<p>D\u00edky sv\u00e9 <strong>hypoalergenn\u00ed povaze<\/strong> je s\u00f3jov\u00e1 b\u00edlkovina vhodn\u00e1 pro \u0161irokou \u0161k\u00e1lu spot\u0159ebitel\u016f, v\u010detn\u011b t\u011bch s potravinovou intoleranc\u00ed. Jeho neutr\u00e1ln\u00ed chu\u0165 a textura umo\u017e\u0148uj\u00ed snadn\u00e9 p\u0159izp\u016fsoben\u00ed r\u016fzn\u00fdm recept\u016fm a podporuj\u00ed kreativitu v\u00fdrobc\u016f potravin.<\/p>\n<p>S\u00f3jov\u00e1 b\u00edlkovina je ekologick\u00fd a udr\u017eiteln\u00fd produkt, a proto je ekologicky v\u00fdhodn\u00e1. P\u011bstov\u00e1n\u00ed s\u00f3ji je efektivn\u00ed z hlediska zdroj\u016f a rostlina sama o sob\u011b funguje jako p\u0159irozen\u00fd fix\u00e1tor dus\u00edku, co\u017e zlep\u0161uje kvalitu p\u016fdy. To m\u00e1 z\u00e1sadn\u00ed v\u00fdznam pro spole\u010dnosti, kter\u00e9 se p\u0159i sv\u00e9 \u010dinnosti zam\u011b\u0159uj\u00ed na odpov\u011bdnost k \u017eivotn\u00edmu prost\u0159ed\u00ed a udr\u017eitelnost.<\/p>\n","protected":false},"excerpt":{"rendered":"<p>S\u00f3jov\u00e1 b\u00edlkovina je vynikaj\u00edc\u00edm, kompletn\u00edm zdrojem rostlinn\u00fdch b\u00edlkovin, kter\u00fd se vyzna\u010duje koncentrovan\u00fdm obsahem b\u00edlkovin dosahuj\u00edc\u00edm a\u017e <strong>90 %<\/strong> ve verzi BI (Isolated Protein) a je k dispozici tak\u00e9 ve verzi s obsahem <strong>50 %<\/strong>.<\/p>\n","protected":false},"featured_media":25949,"template":"","meta":{"_acf_changed":false},"product_brand":[],"product_cat":[2663],"product_tag":[],"class_list":{"0":"post-26029","1":"product","2":"type-product","3":"status-publish","4":"has-post-thumbnail","6":"product_cat-rostlinne-bilkoviny","8":"first","9":"instock","10":"shipping-taxable","11":"product-type-simple"},"acf":[],"yoast_head":"<!-- This site is optimized with the Yoast SEO plugin v27.4 - https:\/\/yoast.com\/product\/yoast-seo-wordpress\/ -->\n<title>S\u00f3jov\u00fd protein - Velkoobchodn\u00ed distributor<\/title>\n<meta name=\"robots\" content=\"index, follow, max-snippet:-1, max-image-preview:large, max-video-preview:-1\" \/>\n<link rel=\"canonical\" href=\"https:\/\/naturalpoland.com\/cs\/produkty\/produkty-pro-potravinarsky-prumysl\/rostlinne-bilkoviny\/protein-soja\/\" \/>\n<meta property=\"og:locale\" content=\"cs_CZ\" \/>\n<meta property=\"og:type\" content=\"article\" \/>\n<meta property=\"og:title\" content=\"S\u00f3jov\u00fd protein - Velkoobchodn\u00ed distributor\" \/>\n<meta property=\"og:description\" content=\"S\u00f3jov\u00e1 b\u00edlkovina je vynikaj\u00edc\u00edm, kompletn\u00edm zdrojem rostlinn\u00fdch b\u00edlkovin, kter\u00fd se vyzna\u010duje koncentrovan\u00fdm obsahem b\u00edlkovin dosahuj\u00edc\u00edm a\u017e 90 % ve verzi BI (Isolated Protein) a je k dispozici tak\u00e9 ve verzi s obsahem 50 %.\" \/>\n<meta property=\"og:url\" content=\"https:\/\/naturalpoland.com\/cs\/produkty\/produkty-pro-potravinarsky-prumysl\/rostlinne-bilkoviny\/protein-soja\/\" \/>\n<meta property=\"og:site_name\" content=\"NATURAL POLAND - Velkoobchodn\u00ed distributor surovin\" \/>\n<meta property=\"article:publisher\" content=\"https:\/\/www.facebook.com\/naturalpoland.b2b\" \/>\n<meta property=\"article:modified_time\" content=\"2023-10-03T07:29:03+00:00\" \/>\n<meta property=\"og:image\" content=\"https:\/\/naturalpoland.com\/wp-content\/uploads\/bialko-sojowe.jpg\" \/>\n\t<meta property=\"og:image:width\" content=\"650\" \/>\n\t<meta property=\"og:image:height\" content=\"650\" \/>\n\t<meta property=\"og:image:type\" content=\"image\/jpeg\" \/>\n<script type=\"application\/ld+json\" class=\"yoast-schema-graph\">{\"@context\":\"https:\\\/\\\/schema.org\",\"@graph\":[{\"@type\":\"WebPage\",\"@id\":\"https:\\\/\\\/naturalpoland.com\\\/cs\\\/produkty\\\/produkty-pro-potravinarsky-prumysl\\\/rostlinne-bilkoviny\\\/protein-soja\\\/\",\"url\":\"https:\\\/\\\/naturalpoland.com\\\/cs\\\/produkty\\\/produkty-pro-potravinarsky-prumysl\\\/rostlinne-bilkoviny\\\/protein-soja\\\/\",\"name\":\"S\u00f3jov\u00fd protein - Velkoobchodn\u00ed distributor\",\"isPartOf\":{\"@id\":\"https:\\\/\\\/naturalpoland.com\\\/cs\\\/#website\"},\"primaryImageOfPage\":{\"@id\":\"https:\\\/\\\/naturalpoland.com\\\/cs\\\/produkty\\\/produkty-pro-potravinarsky-prumysl\\\/rostlinne-bilkoviny\\\/protein-soja\\\/#primaryimage\"},\"image\":{\"@id\":\"https:\\\/\\\/naturalpoland.com\\\/cs\\\/produkty\\\/produkty-pro-potravinarsky-prumysl\\\/rostlinne-bilkoviny\\\/protein-soja\\\/#primaryimage\"},\"thumbnailUrl\":\"https:\\\/\\\/naturalpoland.com\\\/wp-content\\\/uploads\\\/bialko-sojowe.jpg\",\"datePublished\":\"2023-10-02T12:27:48+00:00\",\"dateModified\":\"2023-10-03T07:29:03+00:00\",\"breadcrumb\":{\"@id\":\"https:\\\/\\\/naturalpoland.com\\\/cs\\\/produkty\\\/produkty-pro-potravinarsky-prumysl\\\/rostlinne-bilkoviny\\\/protein-soja\\\/#breadcrumb\"},\"inLanguage\":\"cs\",\"potentialAction\":[{\"@type\":\"ReadAction\",\"target\":[\"https:\\\/\\\/naturalpoland.com\\\/cs\\\/produkty\\\/produkty-pro-potravinarsky-prumysl\\\/rostlinne-bilkoviny\\\/protein-soja\\\/\"]}]},{\"@type\":\"ImageObject\",\"inLanguage\":\"cs\",\"@id\":\"https:\\\/\\\/naturalpoland.com\\\/cs\\\/produkty\\\/produkty-pro-potravinarsky-prumysl\\\/rostlinne-bilkoviny\\\/protein-soja\\\/#primaryimage\",\"url\":\"https:\\\/\\\/naturalpoland.com\\\/wp-content\\\/uploads\\\/bialko-sojowe.jpg\",\"contentUrl\":\"https:\\\/\\\/naturalpoland.com\\\/wp-content\\\/uploads\\\/bialko-sojowe.jpg\",\"width\":650,\"height\":650,\"caption\":\"s\u00f3jov\u00e9 b\u00edlkoviny\"},{\"@type\":\"BreadcrumbList\",\"@id\":\"https:\\\/\\\/naturalpoland.com\\\/cs\\\/produkty\\\/produkty-pro-potravinarsky-prumysl\\\/rostlinne-bilkoviny\\\/protein-soja\\\/#breadcrumb\",\"itemListElement\":[{\"@type\":\"ListItem\",\"position\":1,\"name\":\"Dom\u016f\",\"item\":\"https:\\\/\\\/naturalpoland.com\\\/cs\\\/\"},{\"@type\":\"ListItem\",\"position\":2,\"name\":\"Produkty\",\"item\":\"https:\\\/\\\/naturalpoland.com\\\/cs\\\/produkty\\\/\"},{\"@type\":\"ListItem\",\"position\":3,\"name\":\"S\u00f3jov\u00fd protein\"}]},{\"@type\":\"WebSite\",\"@id\":\"https:\\\/\\\/naturalpoland.com\\\/cs\\\/#website\",\"url\":\"https:\\\/\\\/naturalpoland.com\\\/cs\\\/\",\"name\":\"NATURAL POLAND - Velkoobchodn\u00ed distributor surovin\",\"description\":\"Surowce dla przemys\u0142u spo\u017cywczego, kosmetycznego i farmaceutycznego\",\"publisher\":{\"@id\":\"https:\\\/\\\/naturalpoland.com\\\/cs\\\/#organization\"},\"potentialAction\":[{\"@type\":\"SearchAction\",\"target\":{\"@type\":\"EntryPoint\",\"urlTemplate\":\"https:\\\/\\\/naturalpoland.com\\\/cs\\\/?s={search_term_string}\"},\"query-input\":{\"@type\":\"PropertyValueSpecification\",\"valueRequired\":true,\"valueName\":\"search_term_string\"}}],\"inLanguage\":\"cs\"},{\"@type\":\"Organization\",\"@id\":\"https:\\\/\\\/naturalpoland.com\\\/cs\\\/#organization\",\"name\":\"Natural Poland\",\"url\":\"https:\\\/\\\/naturalpoland.com\\\/cs\\\/\",\"logo\":{\"@type\":\"ImageObject\",\"inLanguage\":\"cs\",\"@id\":\"https:\\\/\\\/naturalpoland.com\\\/cs\\\/#\\\/schema\\\/logo\\\/image\\\/\",\"url\":\"https:\\\/\\\/naturalpoland.com\\\/wp-content\\\/uploads\\\/2021\\\/05\\\/natural-poland-icon.png\",\"contentUrl\":\"https:\\\/\\\/naturalpoland.com\\\/wp-content\\\/uploads\\\/2021\\\/05\\\/natural-poland-icon.png\",\"width\":512,\"height\":512,\"caption\":\"Natural Poland\"},\"image\":{\"@id\":\"https:\\\/\\\/naturalpoland.com\\\/cs\\\/#\\\/schema\\\/logo\\\/image\\\/\"},\"sameAs\":[\"https:\\\/\\\/www.facebook.com\\\/naturalpoland.b2b\",\"https:\\\/\\\/pl.linkedin.com\\\/company\\\/natural-poland\",\"https:\\\/\\\/www.youtube.com\\\/channel\\\/UCgeGGkvOMahZo-xu_MSEWxg\"]}]}<\/script>\n<!-- \/ Yoast SEO plugin. -->","yoast_head_json":{"title":"S\u00f3jov\u00fd protein - Velkoobchodn\u00ed distributor","robots":{"index":"index","follow":"follow","max-snippet":"max-snippet:-1","max-image-preview":"max-image-preview:large","max-video-preview":"max-video-preview:-1"},"canonical":"https:\/\/naturalpoland.com\/cs\/produkty\/produkty-pro-potravinarsky-prumysl\/rostlinne-bilkoviny\/protein-soja\/","og_locale":"cs_CZ","og_type":"article","og_title":"S\u00f3jov\u00fd protein - Velkoobchodn\u00ed distributor","og_description":"S\u00f3jov\u00e1 b\u00edlkovina je vynikaj\u00edc\u00edm, kompletn\u00edm zdrojem rostlinn\u00fdch b\u00edlkovin, kter\u00fd se vyzna\u010duje koncentrovan\u00fdm obsahem b\u00edlkovin dosahuj\u00edc\u00edm a\u017e 90 % ve verzi BI (Isolated Protein) a je k dispozici tak\u00e9 ve verzi s obsahem 50 %.","og_url":"https:\/\/naturalpoland.com\/cs\/produkty\/produkty-pro-potravinarsky-prumysl\/rostlinne-bilkoviny\/protein-soja\/","og_site_name":"NATURAL POLAND - Velkoobchodn\u00ed distributor surovin","article_publisher":"https:\/\/www.facebook.com\/naturalpoland.b2b","article_modified_time":"2023-10-03T07:29:03+00:00","og_image":[{"width":650,"height":650,"url":"https:\/\/naturalpoland.com\/wp-content\/uploads\/bialko-sojowe.jpg","type":"image\/jpeg"}],"schema":{"@context":"https:\/\/schema.org","@graph":[{"@type":"WebPage","@id":"https:\/\/naturalpoland.com\/cs\/produkty\/produkty-pro-potravinarsky-prumysl\/rostlinne-bilkoviny\/protein-soja\/","url":"https:\/\/naturalpoland.com\/cs\/produkty\/produkty-pro-potravinarsky-prumysl\/rostlinne-bilkoviny\/protein-soja\/","name":"S\u00f3jov\u00fd protein - Velkoobchodn\u00ed distributor","isPartOf":{"@id":"https:\/\/naturalpoland.com\/cs\/#website"},"primaryImageOfPage":{"@id":"https:\/\/naturalpoland.com\/cs\/produkty\/produkty-pro-potravinarsky-prumysl\/rostlinne-bilkoviny\/protein-soja\/#primaryimage"},"image":{"@id":"https:\/\/naturalpoland.com\/cs\/produkty\/produkty-pro-potravinarsky-prumysl\/rostlinne-bilkoviny\/protein-soja\/#primaryimage"},"thumbnailUrl":"https:\/\/naturalpoland.com\/wp-content\/uploads\/bialko-sojowe.jpg","datePublished":"2023-10-02T12:27:48+00:00","dateModified":"2023-10-03T07:29:03+00:00","breadcrumb":{"@id":"https:\/\/naturalpoland.com\/cs\/produkty\/produkty-pro-potravinarsky-prumysl\/rostlinne-bilkoviny\/protein-soja\/#breadcrumb"},"inLanguage":"cs","potentialAction":[{"@type":"ReadAction","target":["https:\/\/naturalpoland.com\/cs\/produkty\/produkty-pro-potravinarsky-prumysl\/rostlinne-bilkoviny\/protein-soja\/"]}]},{"@type":"ImageObject","inLanguage":"cs","@id":"https:\/\/naturalpoland.com\/cs\/produkty\/produkty-pro-potravinarsky-prumysl\/rostlinne-bilkoviny\/protein-soja\/#primaryimage","url":"https:\/\/naturalpoland.com\/wp-content\/uploads\/bialko-sojowe.jpg","contentUrl":"https:\/\/naturalpoland.com\/wp-content\/uploads\/bialko-sojowe.jpg","width":650,"height":650,"caption":"s\u00f3jov\u00e9 b\u00edlkoviny"},{"@type":"BreadcrumbList","@id":"https:\/\/naturalpoland.com\/cs\/produkty\/produkty-pro-potravinarsky-prumysl\/rostlinne-bilkoviny\/protein-soja\/#breadcrumb","itemListElement":[{"@type":"ListItem","position":1,"name":"Dom\u016f","item":"https:\/\/naturalpoland.com\/cs\/"},{"@type":"ListItem","position":2,"name":"Produkty","item":"https:\/\/naturalpoland.com\/cs\/produkty\/"},{"@type":"ListItem","position":3,"name":"S\u00f3jov\u00fd protein"}]},{"@type":"WebSite","@id":"https:\/\/naturalpoland.com\/cs\/#website","url":"https:\/\/naturalpoland.com\/cs\/","name":"NATURAL POLAND - Velkoobchodn\u00ed distributor surovin","description":"Surowce dla przemys\u0142u spo\u017cywczego, kosmetycznego i farmaceutycznego","publisher":{"@id":"https:\/\/naturalpoland.com\/cs\/#organization"},"potentialAction":[{"@type":"SearchAction","target":{"@type":"EntryPoint","urlTemplate":"https:\/\/naturalpoland.com\/cs\/?s={search_term_string}"},"query-input":{"@type":"PropertyValueSpecification","valueRequired":true,"valueName":"search_term_string"}}],"inLanguage":"cs"},{"@type":"Organization","@id":"https:\/\/naturalpoland.com\/cs\/#organization","name":"Natural Poland","url":"https:\/\/naturalpoland.com\/cs\/","logo":{"@type":"ImageObject","inLanguage":"cs","@id":"https:\/\/naturalpoland.com\/cs\/#\/schema\/logo\/image\/","url":"https:\/\/naturalpoland.com\/wp-content\/uploads\/2021\/05\/natural-poland-icon.png","contentUrl":"https:\/\/naturalpoland.com\/wp-content\/uploads\/2021\/05\/natural-poland-icon.png","width":512,"height":512,"caption":"Natural Poland"},"image":{"@id":"https:\/\/naturalpoland.com\/cs\/#\/schema\/logo\/image\/"},"sameAs":["https:\/\/www.facebook.com\/naturalpoland.b2b","https:\/\/pl.linkedin.com\/company\/natural-poland","https:\/\/www.youtube.com\/channel\/UCgeGGkvOMahZo-xu_MSEWxg"]}]}},"_links":{"self":[{"href":"https:\/\/naturalpoland.com\/cs\/wp-json\/wp\/v2\/product\/26029","targetHints":{"allow":["GET"]}}],"collection":[{"href":"https:\/\/naturalpoland.com\/cs\/wp-json\/wp\/v2\/product"}],"about":[{"href":"https:\/\/naturalpoland.com\/cs\/wp-json\/wp\/v2\/types\/product"}],"wp:featuredmedia":[{"embeddable":true,"href":"https:\/\/naturalpoland.com\/cs\/wp-json\/wp\/v2\/media\/25949"}],"wp:attachment":[{"href":"https:\/\/naturalpoland.com\/cs\/wp-json\/wp\/v2\/media?parent=26029"}],"wp:term":[{"taxonomy":"product_brand","embeddable":true,"href":"https:\/\/naturalpoland.com\/cs\/wp-json\/wp\/v2\/product_brand?post=26029"},{"taxonomy":"product_cat","embeddable":true,"href":"https:\/\/naturalpoland.com\/cs\/wp-json\/wp\/v2\/product_cat?post=26029"},{"taxonomy":"product_tag","embeddable":true,"href":"https:\/\/naturalpoland.com\/cs\/wp-json\/wp\/v2\/product_tag?post=26029"}],"curies":[{"name":"wp","href":"https:\/\/api.w.org\/{rel}","templated":true}]}}