{"id":26050,"date":"2023-10-02T15:24:23","date_gmt":"2023-10-02T13:24:23","guid":{"rendered":"https:\/\/naturalpoland.com\/produkty\/nezarazene\/dynovy-protein\/"},"modified":"2023-10-03T09:29:13","modified_gmt":"2023-10-03T07:29:13","slug":"protein-from-dynia","status":"publish","type":"product","link":"https:\/\/naturalpoland.com\/cs\/produkty\/produkty-pro-potravinarsky-prumysl\/rostlinne-bilkoviny\/protein-from-dynia\/","title":{"rendered":"D\u00fd\u0148ov\u00fd protein"},"content":{"rendered":"<h3>Vlastnosti d\u00fd\u0148ov\u00e9ho proteinu<\/h3>\n<ol>\n<li><strong>Bohat\u00e9 na \u017eiviny:<\/strong> D\u00fd\u0148ov\u00fd protein poskytuje \u0161irok\u00e9 spektrum aminokyselin, v\u010detn\u011b argininu a glutaminu, a obsahuje zanedbateln\u00e9 mno\u017estv\u00ed nasycen\u00fdch tuk\u016f a cukr\u016f.<\/li>\n<li><strong>Podpora metabolismu:<\/strong> Obsahuje ho\u0159\u010d\u00edk, \u017eelezo a zinek, kter\u00e9 jsou kl\u00ed\u010dov\u00e9 pro udr\u017een\u00ed zdrav\u00e9ho metabolismu.<\/li>\n<li><strong>Antioxida\u010dn\u00ed \u00fa\u010dinky:<\/strong> d\u00fd\u0148ov\u00fd protein je bohat\u00fd na antioxidanty, kter\u00e9 podporuj\u00ed imunitn\u00ed syst\u00e9m a urychluj\u00ed regeneraci po cvi\u010den\u00ed.<\/li>\n<li><strong>Vhodn\u00fd pro vegany<\/strong>: Jeliko\u017e se jedn\u00e1 o rostlinn\u00fd protein, je skv\u011blou volbou pro <strong>vegany<\/strong>, vegetari\u00e1ny a osoby s intoleranc\u00ed lakt\u00f3zy.<\/li>\n<\/ol>\n<p>D\u00edky sv\u00fdm nutri\u010dn\u00edm vlastnostem a vysok\u00e9mu obsahu b\u00edlkovin je d\u00fd\u0148ov\u00fd protein obl\u00edbenou slo\u017ekou dopl\u0148k\u016f stravy, fitness produkt\u016f a jako p\u0159\u00edsada do koktejl\u016f a smoothies. D\u00edky sv\u00e9 neutr\u00e1ln\u00ed chuti a struktu\u0159e se skv\u011ble hod\u00ed do pe\u010diva, sn\u00edda\u0148ov\u00fdch cere\u00e1li\u00ed a dal\u0161\u00edch pokrm\u016f.<\/p>\n<p>V\u00fdrobky z d\u00fd\u0148ov\u00fdch b\u00edlkovin lze \u00fa\u010dinn\u011b za\u0159adit do sortimentu ur\u010den\u00e9ho lidem s aktivn\u00edm \u017eivotn\u00edm stylem, vegan\u016fm, vegetari\u00e1n\u016fm a v\u0161em, kte\u0159\u00ed hledaj\u00ed alternativu k \u017eivo\u010di\u0161n\u00fdm b\u00edlkovin\u00e1m.<\/p>\n","protected":false},"excerpt":{"rendered":"<p>D\u00fd\u0148ov\u00fd protein obsahuje p\u0159ibli\u017en\u011b 60 % b\u00edlkovin a je vynikaj\u00edc\u00edm dopl\u0148kem stravy, kter\u00fd se pou\u017e\u00edv\u00e1 v r\u016fzn\u00fdch potravin\u00e1ch. Jedn\u00e1 se o druh rostlinn\u00e9ho proteinu z\u00edsk\u00e1van\u00e9ho z d\u00fd\u0148ov\u00fdch semen, kter\u00e1 se su\u0161\u00ed a lisuj\u00ed, aby se z nich vytvo\u0159il proteinov\u00fd koncentr\u00e1t.<\/p>\n","protected":false},"featured_media":26001,"template":"","meta":{"_acf_changed":false},"product_brand":[],"product_cat":[629,2663],"product_tag":[],"class_list":{"0":"post-26050","1":"product","2":"type-product","3":"status-publish","4":"has-post-thumbnail","6":"product_cat-pridavky-k-doplnkum-stravy","7":"product_cat-rostlinne-bilkoviny","9":"first","10":"instock","11":"shipping-taxable","12":"product-type-simple"},"acf":[],"yoast_head":"<!-- This site is optimized with the Yoast SEO plugin v27.4 - https:\/\/yoast.com\/product\/yoast-seo-wordpress\/ -->\n<title>D\u00fd\u0148ov\u00fd protein - Velkoobchodn\u00ed distributor<\/title>\n<meta name=\"description\" content=\"D\u00fd\u0148ov\u00fd protein, kter\u00fd obsahuje p\u0159ibli\u017en\u011b 60 % b\u00edlkovin, je druh rostlinn\u00e9ho proteinu z\u00edsk\u00e1van\u00e9ho ze su\u0161en\u00fdch a lisovan\u00fdch d\u00fd\u0148ov\u00fdch semen.\" \/>\n<meta name=\"robots\" content=\"index, follow, max-snippet:-1, max-image-preview:large, max-video-preview:-1\" \/>\n<link rel=\"canonical\" href=\"https:\/\/naturalpoland.com\/cs\/produkty\/produkty-pro-potravinarsky-prumysl\/rostlinne-bilkoviny\/protein-from-dynia\/\" \/>\n<meta property=\"og:locale\" content=\"cs_CZ\" \/>\n<meta property=\"og:type\" content=\"article\" \/>\n<meta property=\"og:title\" content=\"D\u00fd\u0148ov\u00fd protein - Velkoobchodn\u00ed distributor\" \/>\n<meta property=\"og:description\" content=\"D\u00fd\u0148ov\u00fd protein, kter\u00fd obsahuje p\u0159ibli\u017en\u011b 60 % b\u00edlkovin, je druh rostlinn\u00e9ho proteinu z\u00edsk\u00e1van\u00e9ho ze su\u0161en\u00fdch a lisovan\u00fdch d\u00fd\u0148ov\u00fdch semen.\" \/>\n<meta property=\"og:url\" content=\"https:\/\/naturalpoland.com\/cs\/produkty\/produkty-pro-potravinarsky-prumysl\/rostlinne-bilkoviny\/protein-from-dynia\/\" \/>\n<meta property=\"og:site_name\" content=\"NATURAL POLAND - Velkoobchodn\u00ed distributor surovin\" \/>\n<meta property=\"article:publisher\" content=\"https:\/\/www.facebook.com\/naturalpoland.b2b\" \/>\n<meta property=\"article:modified_time\" content=\"2023-10-03T07:29:13+00:00\" \/>\n<meta property=\"og:image\" content=\"https:\/\/naturalpoland.com\/wp-content\/uploads\/bialko-dyni.jpg\" \/>\n\t<meta property=\"og:image:width\" content=\"650\" \/>\n\t<meta property=\"og:image:height\" content=\"650\" \/>\n\t<meta property=\"og:image:type\" content=\"image\/jpeg\" \/>\n<script type=\"application\/ld+json\" class=\"yoast-schema-graph\">{\"@context\":\"https:\\\/\\\/schema.org\",\"@graph\":[{\"@type\":\"WebPage\",\"@id\":\"https:\\\/\\\/naturalpoland.com\\\/cs\\\/produkty\\\/produkty-pro-potravinarsky-prumysl\\\/rostlinne-bilkoviny\\\/protein-from-dynia\\\/\",\"url\":\"https:\\\/\\\/naturalpoland.com\\\/cs\\\/produkty\\\/produkty-pro-potravinarsky-prumysl\\\/rostlinne-bilkoviny\\\/protein-from-dynia\\\/\",\"name\":\"D\u00fd\u0148ov\u00fd protein - Velkoobchodn\u00ed distributor\",\"isPartOf\":{\"@id\":\"https:\\\/\\\/naturalpoland.com\\\/cs\\\/#website\"},\"primaryImageOfPage\":{\"@id\":\"https:\\\/\\\/naturalpoland.com\\\/cs\\\/produkty\\\/produkty-pro-potravinarsky-prumysl\\\/rostlinne-bilkoviny\\\/protein-from-dynia\\\/#primaryimage\"},\"image\":{\"@id\":\"https:\\\/\\\/naturalpoland.com\\\/cs\\\/produkty\\\/produkty-pro-potravinarsky-prumysl\\\/rostlinne-bilkoviny\\\/protein-from-dynia\\\/#primaryimage\"},\"thumbnailUrl\":\"https:\\\/\\\/naturalpoland.com\\\/wp-content\\\/uploads\\\/bialko-dyni.jpg\",\"datePublished\":\"2023-10-02T13:24:23+00:00\",\"dateModified\":\"2023-10-03T07:29:13+00:00\",\"description\":\"D\u00fd\u0148ov\u00fd protein, kter\u00fd obsahuje p\u0159ibli\u017en\u011b 60 % b\u00edlkovin, je druh rostlinn\u00e9ho proteinu z\u00edsk\u00e1van\u00e9ho ze su\u0161en\u00fdch a lisovan\u00fdch d\u00fd\u0148ov\u00fdch semen.\",\"breadcrumb\":{\"@id\":\"https:\\\/\\\/naturalpoland.com\\\/cs\\\/produkty\\\/produkty-pro-potravinarsky-prumysl\\\/rostlinne-bilkoviny\\\/protein-from-dynia\\\/#breadcrumb\"},\"inLanguage\":\"cs\",\"potentialAction\":[{\"@type\":\"ReadAction\",\"target\":[\"https:\\\/\\\/naturalpoland.com\\\/cs\\\/produkty\\\/produkty-pro-potravinarsky-prumysl\\\/rostlinne-bilkoviny\\\/protein-from-dynia\\\/\"]}]},{\"@type\":\"ImageObject\",\"inLanguage\":\"cs\",\"@id\":\"https:\\\/\\\/naturalpoland.com\\\/cs\\\/produkty\\\/produkty-pro-potravinarsky-prumysl\\\/rostlinne-bilkoviny\\\/protein-from-dynia\\\/#primaryimage\",\"url\":\"https:\\\/\\\/naturalpoland.com\\\/wp-content\\\/uploads\\\/bialko-dyni.jpg\",\"contentUrl\":\"https:\\\/\\\/naturalpoland.com\\\/wp-content\\\/uploads\\\/bialko-dyni.jpg\",\"width\":650,\"height\":650,\"caption\":\"D\u00fd\u0148ov\u00fd protein\"},{\"@type\":\"BreadcrumbList\",\"@id\":\"https:\\\/\\\/naturalpoland.com\\\/cs\\\/produkty\\\/produkty-pro-potravinarsky-prumysl\\\/rostlinne-bilkoviny\\\/protein-from-dynia\\\/#breadcrumb\",\"itemListElement\":[{\"@type\":\"ListItem\",\"position\":1,\"name\":\"Dom\u016f\",\"item\":\"https:\\\/\\\/naturalpoland.com\\\/cs\\\/\"},{\"@type\":\"ListItem\",\"position\":2,\"name\":\"Produkty\",\"item\":\"https:\\\/\\\/naturalpoland.com\\\/cs\\\/produkty\\\/\"},{\"@type\":\"ListItem\",\"position\":3,\"name\":\"D\u00fd\u0148ov\u00fd protein\"}]},{\"@type\":\"WebSite\",\"@id\":\"https:\\\/\\\/naturalpoland.com\\\/cs\\\/#website\",\"url\":\"https:\\\/\\\/naturalpoland.com\\\/cs\\\/\",\"name\":\"NATURAL POLAND - Velkoobchodn\u00ed distributor surovin\",\"description\":\"Surowce dla przemys\u0142u spo\u017cywczego, kosmetycznego i farmaceutycznego\",\"publisher\":{\"@id\":\"https:\\\/\\\/naturalpoland.com\\\/cs\\\/#organization\"},\"potentialAction\":[{\"@type\":\"SearchAction\",\"target\":{\"@type\":\"EntryPoint\",\"urlTemplate\":\"https:\\\/\\\/naturalpoland.com\\\/cs\\\/?s={search_term_string}\"},\"query-input\":{\"@type\":\"PropertyValueSpecification\",\"valueRequired\":true,\"valueName\":\"search_term_string\"}}],\"inLanguage\":\"cs\"},{\"@type\":\"Organization\",\"@id\":\"https:\\\/\\\/naturalpoland.com\\\/cs\\\/#organization\",\"name\":\"Natural Poland\",\"url\":\"https:\\\/\\\/naturalpoland.com\\\/cs\\\/\",\"logo\":{\"@type\":\"ImageObject\",\"inLanguage\":\"cs\",\"@id\":\"https:\\\/\\\/naturalpoland.com\\\/cs\\\/#\\\/schema\\\/logo\\\/image\\\/\",\"url\":\"https:\\\/\\\/naturalpoland.com\\\/wp-content\\\/uploads\\\/2021\\\/05\\\/natural-poland-icon.png\",\"contentUrl\":\"https:\\\/\\\/naturalpoland.com\\\/wp-content\\\/uploads\\\/2021\\\/05\\\/natural-poland-icon.png\",\"width\":512,\"height\":512,\"caption\":\"Natural Poland\"},\"image\":{\"@id\":\"https:\\\/\\\/naturalpoland.com\\\/cs\\\/#\\\/schema\\\/logo\\\/image\\\/\"},\"sameAs\":[\"https:\\\/\\\/www.facebook.com\\\/naturalpoland.b2b\",\"https:\\\/\\\/pl.linkedin.com\\\/company\\\/natural-poland\",\"https:\\\/\\\/www.youtube.com\\\/channel\\\/UCgeGGkvOMahZo-xu_MSEWxg\"]}]}<\/script>\n<!-- \/ Yoast SEO plugin. -->","yoast_head_json":{"title":"D\u00fd\u0148ov\u00fd protein - Velkoobchodn\u00ed distributor","description":"D\u00fd\u0148ov\u00fd protein, kter\u00fd obsahuje p\u0159ibli\u017en\u011b 60 % b\u00edlkovin, je druh rostlinn\u00e9ho proteinu z\u00edsk\u00e1van\u00e9ho ze su\u0161en\u00fdch a lisovan\u00fdch d\u00fd\u0148ov\u00fdch semen.","robots":{"index":"index","follow":"follow","max-snippet":"max-snippet:-1","max-image-preview":"max-image-preview:large","max-video-preview":"max-video-preview:-1"},"canonical":"https:\/\/naturalpoland.com\/cs\/produkty\/produkty-pro-potravinarsky-prumysl\/rostlinne-bilkoviny\/protein-from-dynia\/","og_locale":"cs_CZ","og_type":"article","og_title":"D\u00fd\u0148ov\u00fd protein - Velkoobchodn\u00ed distributor","og_description":"D\u00fd\u0148ov\u00fd protein, kter\u00fd obsahuje p\u0159ibli\u017en\u011b 60 % b\u00edlkovin, je druh rostlinn\u00e9ho proteinu z\u00edsk\u00e1van\u00e9ho ze su\u0161en\u00fdch a lisovan\u00fdch d\u00fd\u0148ov\u00fdch semen.","og_url":"https:\/\/naturalpoland.com\/cs\/produkty\/produkty-pro-potravinarsky-prumysl\/rostlinne-bilkoviny\/protein-from-dynia\/","og_site_name":"NATURAL POLAND - Velkoobchodn\u00ed distributor surovin","article_publisher":"https:\/\/www.facebook.com\/naturalpoland.b2b","article_modified_time":"2023-10-03T07:29:13+00:00","og_image":[{"width":650,"height":650,"url":"https:\/\/naturalpoland.com\/wp-content\/uploads\/bialko-dyni.jpg","type":"image\/jpeg"}],"schema":{"@context":"https:\/\/schema.org","@graph":[{"@type":"WebPage","@id":"https:\/\/naturalpoland.com\/cs\/produkty\/produkty-pro-potravinarsky-prumysl\/rostlinne-bilkoviny\/protein-from-dynia\/","url":"https:\/\/naturalpoland.com\/cs\/produkty\/produkty-pro-potravinarsky-prumysl\/rostlinne-bilkoviny\/protein-from-dynia\/","name":"D\u00fd\u0148ov\u00fd protein - Velkoobchodn\u00ed distributor","isPartOf":{"@id":"https:\/\/naturalpoland.com\/cs\/#website"},"primaryImageOfPage":{"@id":"https:\/\/naturalpoland.com\/cs\/produkty\/produkty-pro-potravinarsky-prumysl\/rostlinne-bilkoviny\/protein-from-dynia\/#primaryimage"},"image":{"@id":"https:\/\/naturalpoland.com\/cs\/produkty\/produkty-pro-potravinarsky-prumysl\/rostlinne-bilkoviny\/protein-from-dynia\/#primaryimage"},"thumbnailUrl":"https:\/\/naturalpoland.com\/wp-content\/uploads\/bialko-dyni.jpg","datePublished":"2023-10-02T13:24:23+00:00","dateModified":"2023-10-03T07:29:13+00:00","description":"D\u00fd\u0148ov\u00fd protein, kter\u00fd obsahuje p\u0159ibli\u017en\u011b 60 % b\u00edlkovin, je druh rostlinn\u00e9ho proteinu z\u00edsk\u00e1van\u00e9ho ze su\u0161en\u00fdch a lisovan\u00fdch d\u00fd\u0148ov\u00fdch semen.","breadcrumb":{"@id":"https:\/\/naturalpoland.com\/cs\/produkty\/produkty-pro-potravinarsky-prumysl\/rostlinne-bilkoviny\/protein-from-dynia\/#breadcrumb"},"inLanguage":"cs","potentialAction":[{"@type":"ReadAction","target":["https:\/\/naturalpoland.com\/cs\/produkty\/produkty-pro-potravinarsky-prumysl\/rostlinne-bilkoviny\/protein-from-dynia\/"]}]},{"@type":"ImageObject","inLanguage":"cs","@id":"https:\/\/naturalpoland.com\/cs\/produkty\/produkty-pro-potravinarsky-prumysl\/rostlinne-bilkoviny\/protein-from-dynia\/#primaryimage","url":"https:\/\/naturalpoland.com\/wp-content\/uploads\/bialko-dyni.jpg","contentUrl":"https:\/\/naturalpoland.com\/wp-content\/uploads\/bialko-dyni.jpg","width":650,"height":650,"caption":"D\u00fd\u0148ov\u00fd protein"},{"@type":"BreadcrumbList","@id":"https:\/\/naturalpoland.com\/cs\/produkty\/produkty-pro-potravinarsky-prumysl\/rostlinne-bilkoviny\/protein-from-dynia\/#breadcrumb","itemListElement":[{"@type":"ListItem","position":1,"name":"Dom\u016f","item":"https:\/\/naturalpoland.com\/cs\/"},{"@type":"ListItem","position":2,"name":"Produkty","item":"https:\/\/naturalpoland.com\/cs\/produkty\/"},{"@type":"ListItem","position":3,"name":"D\u00fd\u0148ov\u00fd protein"}]},{"@type":"WebSite","@id":"https:\/\/naturalpoland.com\/cs\/#website","url":"https:\/\/naturalpoland.com\/cs\/","name":"NATURAL POLAND - Velkoobchodn\u00ed distributor surovin","description":"Surowce dla przemys\u0142u spo\u017cywczego, kosmetycznego i farmaceutycznego","publisher":{"@id":"https:\/\/naturalpoland.com\/cs\/#organization"},"potentialAction":[{"@type":"SearchAction","target":{"@type":"EntryPoint","urlTemplate":"https:\/\/naturalpoland.com\/cs\/?s={search_term_string}"},"query-input":{"@type":"PropertyValueSpecification","valueRequired":true,"valueName":"search_term_string"}}],"inLanguage":"cs"},{"@type":"Organization","@id":"https:\/\/naturalpoland.com\/cs\/#organization","name":"Natural Poland","url":"https:\/\/naturalpoland.com\/cs\/","logo":{"@type":"ImageObject","inLanguage":"cs","@id":"https:\/\/naturalpoland.com\/cs\/#\/schema\/logo\/image\/","url":"https:\/\/naturalpoland.com\/wp-content\/uploads\/2021\/05\/natural-poland-icon.png","contentUrl":"https:\/\/naturalpoland.com\/wp-content\/uploads\/2021\/05\/natural-poland-icon.png","width":512,"height":512,"caption":"Natural Poland"},"image":{"@id":"https:\/\/naturalpoland.com\/cs\/#\/schema\/logo\/image\/"},"sameAs":["https:\/\/www.facebook.com\/naturalpoland.b2b","https:\/\/pl.linkedin.com\/company\/natural-poland","https:\/\/www.youtube.com\/channel\/UCgeGGkvOMahZo-xu_MSEWxg"]}]}},"_links":{"self":[{"href":"https:\/\/naturalpoland.com\/cs\/wp-json\/wp\/v2\/product\/26050","targetHints":{"allow":["GET"]}}],"collection":[{"href":"https:\/\/naturalpoland.com\/cs\/wp-json\/wp\/v2\/product"}],"about":[{"href":"https:\/\/naturalpoland.com\/cs\/wp-json\/wp\/v2\/types\/product"}],"wp:featuredmedia":[{"embeddable":true,"href":"https:\/\/naturalpoland.com\/cs\/wp-json\/wp\/v2\/media\/26001"}],"wp:attachment":[{"href":"https:\/\/naturalpoland.com\/cs\/wp-json\/wp\/v2\/media?parent=26050"}],"wp:term":[{"taxonomy":"product_brand","embeddable":true,"href":"https:\/\/naturalpoland.com\/cs\/wp-json\/wp\/v2\/product_brand?post=26050"},{"taxonomy":"product_cat","embeddable":true,"href":"https:\/\/naturalpoland.com\/cs\/wp-json\/wp\/v2\/product_cat?post=26050"},{"taxonomy":"product_tag","embeddable":true,"href":"https:\/\/naturalpoland.com\/cs\/wp-json\/wp\/v2\/product_tag?post=26050"}],"curies":[{"name":"wp","href":"https:\/\/api.w.org\/{rel}","templated":true}]}}