{"id":26065,"date":"2023-10-02T15:03:40","date_gmt":"2023-10-02T13:03:40","guid":{"rendered":"https:\/\/naturalpoland.com\/produkty\/nezarazene\/mandlovy-protein\/"},"modified":"2023-10-03T09:29:18","modified_gmt":"2023-10-03T07:29:18","slug":"mandlovy-protein","status":"publish","type":"product","link":"https:\/\/naturalpoland.com\/cs\/produkty\/produkty-pro-potravinarsky-prumysl\/rostlinne-bilkoviny\/mandlovy-protein\/","title":{"rendered":"Mandlov\u00fd protein"},"content":{"rendered":"<p>Mandlov\u00fd protein vyroben\u00fd z kvalitn\u00edch mandl\u00ed obsahuje 45 % b\u00edlkovin. Je vynikaj\u00edc\u00edm dopl\u0148kem r\u016fzn\u00fdch diet a slou\u017e\u00ed jako kl\u00ed\u010dov\u00e1 slo\u017eka mnoha potravin.<\/p>\n<h3>Vlastnosti a pou\u017eit\u00ed mandlov\u00e9ho proteinu<\/h3>\n<ol>\n<li><strong>Bohatstv\u00ed \u017eivin:<\/strong> Mandlov\u00fd protein poskytuje cenn\u00e9 aminokyseliny, vitam\u00edny skupiny B, vitamin E, ho\u0159\u010d\u00edk, v\u00e1pn\u00edk a \u017eelezo.<\/li>\n<li><strong>Alternativa k \u017eivo\u010di\u0161n\u00fdm b\u00edlkovin\u00e1m:<\/strong> Je vynikaj\u00edc\u00ed alternativou pro ty, kte\u0159\u00ed se vyh\u00fdbaj\u00ed \u017eivo\u010di\u0161n\u00fdm produkt\u016fm, a p\u0159edstavuje cenn\u00fd zdroj b\u00edlkovin pro vegetari\u00e1ny a vegany.<\/li>\n<li><strong>Podpora zdrav\u00ed:<\/strong> Mandlov\u00fd protein podporuje spr\u00e1vnou funkci srdce, ob\u011bhov\u00e9ho syst\u00e9mu, sval\u016f a nervov\u00e9ho syst\u00e9mu.<\/li>\n<li><strong>\u0160etrn\u00e9 k tr\u00e1vic\u00edmu syst\u00e9mu:<\/strong> D\u00edky sv\u00e9 lehce straviteln\u00e9 struktu\u0159e je ide\u00e1ln\u00ed pro osoby s citliv\u00fdm za\u017e\u00edvac\u00edm syst\u00e9mem.<\/li>\n<li><strong>Multifunk\u010dn\u00ed v kuchyni:<\/strong> je vynikaj\u00edc\u00edm dopl\u0148kem koktejl\u016f, smoothie, pe\u010diva, m\u00fcsli i mnoha dal\u0161\u00edch pokrm\u016f a dezert\u016f.<\/li>\n<\/ol>\n<p>Mandlov\u00fd protein se hojn\u011b pou\u017e\u00edv\u00e1 v potravin\u00e1\u0159sk\u00e9m pr\u016fmyslu a v dopl\u0148c\u00edch stravy, a to jako p\u0159\u00edsada do bezlepkov\u00fdch, vegetari\u00e1nsk\u00fdch a vegansk\u00fdch v\u00fdrobk\u016f. D\u00edky sv\u00e9 neutr\u00e1ln\u00ed chuti a kr\u00e9mov\u00e9 struktu\u0159e je ide\u00e1ln\u00ed p\u0159\u00edsadou do mnoha v\u00fdrobk\u016f, od n\u00e1poj\u016f a\u017e po pe\u010divo.<\/p>\n","protected":false},"excerpt":{"rendered":"<p>Mandlov\u00fd protein je \u017eivina bohat\u00e1 na esenci\u00e1ln\u00ed aminokyseliny, vitaminy a miner\u00e1ly, kter\u00e9 jsou nezbytn\u00e9 pro udr\u017een\u00ed zdrav\u00ed a pohody.<\/p>\n","protected":false},"featured_media":25988,"template":"","meta":{"_acf_changed":false},"product_brand":[],"product_cat":[629,2663],"product_tag":[],"class_list":{"0":"post-26065","1":"product","2":"type-product","3":"status-publish","4":"has-post-thumbnail","6":"product_cat-pridavky-k-doplnkum-stravy","7":"product_cat-rostlinne-bilkoviny","9":"first","10":"instock","11":"shipping-taxable","12":"product-type-simple"},"acf":[],"yoast_head":"<!-- This site is optimized with the Yoast SEO plugin v27.4 - https:\/\/yoast.com\/product\/yoast-seo-wordpress\/ -->\n<title>Mandlov\u00fd protein - Velkoobchodn\u00ed distributor<\/title>\n<meta name=\"description\" content=\"Mandlov\u00fd protein je \u017eivina bohat\u00e1 na esenci\u00e1ln\u00ed aminokyseliny, vitaminy a miner\u00e1ly, kter\u00e9 jsou nezbytn\u00e9 pro udr\u017een\u00ed zdrav\u00ed a pohody.\" \/>\n<meta name=\"robots\" content=\"index, follow, max-snippet:-1, max-image-preview:large, max-video-preview:-1\" \/>\n<link rel=\"canonical\" href=\"https:\/\/naturalpoland.com\/cs\/produkty\/produkty-pro-potravinarsky-prumysl\/rostlinne-bilkoviny\/mandlovy-protein\/\" \/>\n<meta property=\"og:locale\" content=\"cs_CZ\" \/>\n<meta property=\"og:type\" content=\"article\" \/>\n<meta property=\"og:title\" content=\"Mandlov\u00fd protein - Velkoobchodn\u00ed distributor\" \/>\n<meta property=\"og:description\" content=\"Mandlov\u00fd protein je \u017eivina bohat\u00e1 na esenci\u00e1ln\u00ed aminokyseliny, vitaminy a miner\u00e1ly, kter\u00e9 jsou nezbytn\u00e9 pro udr\u017een\u00ed zdrav\u00ed a pohody.\" \/>\n<meta property=\"og:url\" content=\"https:\/\/naturalpoland.com\/cs\/produkty\/produkty-pro-potravinarsky-prumysl\/rostlinne-bilkoviny\/mandlovy-protein\/\" \/>\n<meta property=\"og:site_name\" content=\"NATURAL POLAND - Velkoobchodn\u00ed distributor surovin\" \/>\n<meta property=\"article:publisher\" content=\"https:\/\/www.facebook.com\/naturalpoland.b2b\" \/>\n<meta property=\"article:modified_time\" content=\"2023-10-03T07:29:18+00:00\" \/>\n<meta property=\"og:image\" content=\"https:\/\/naturalpoland.com\/wp-content\/uploads\/bialko-migdalowe.jpg\" \/>\n\t<meta property=\"og:image:width\" content=\"650\" \/>\n\t<meta property=\"og:image:height\" content=\"650\" \/>\n\t<meta property=\"og:image:type\" content=\"image\/jpeg\" \/>\n<script type=\"application\/ld+json\" class=\"yoast-schema-graph\">{\"@context\":\"https:\\\/\\\/schema.org\",\"@graph\":[{\"@type\":\"WebPage\",\"@id\":\"https:\\\/\\\/naturalpoland.com\\\/cs\\\/produkty\\\/produkty-pro-potravinarsky-prumysl\\\/rostlinne-bilkoviny\\\/mandlovy-protein\\\/\",\"url\":\"https:\\\/\\\/naturalpoland.com\\\/cs\\\/produkty\\\/produkty-pro-potravinarsky-prumysl\\\/rostlinne-bilkoviny\\\/mandlovy-protein\\\/\",\"name\":\"Mandlov\u00fd protein - Velkoobchodn\u00ed distributor\",\"isPartOf\":{\"@id\":\"https:\\\/\\\/naturalpoland.com\\\/cs\\\/#website\"},\"primaryImageOfPage\":{\"@id\":\"https:\\\/\\\/naturalpoland.com\\\/cs\\\/produkty\\\/produkty-pro-potravinarsky-prumysl\\\/rostlinne-bilkoviny\\\/mandlovy-protein\\\/#primaryimage\"},\"image\":{\"@id\":\"https:\\\/\\\/naturalpoland.com\\\/cs\\\/produkty\\\/produkty-pro-potravinarsky-prumysl\\\/rostlinne-bilkoviny\\\/mandlovy-protein\\\/#primaryimage\"},\"thumbnailUrl\":\"https:\\\/\\\/naturalpoland.com\\\/wp-content\\\/uploads\\\/bialko-migdalowe.jpg\",\"datePublished\":\"2023-10-02T13:03:40+00:00\",\"dateModified\":\"2023-10-03T07:29:18+00:00\",\"description\":\"Mandlov\u00fd protein je \u017eivina bohat\u00e1 na esenci\u00e1ln\u00ed aminokyseliny, vitaminy a miner\u00e1ly, kter\u00e9 jsou nezbytn\u00e9 pro udr\u017een\u00ed zdrav\u00ed a pohody.\",\"breadcrumb\":{\"@id\":\"https:\\\/\\\/naturalpoland.com\\\/cs\\\/produkty\\\/produkty-pro-potravinarsky-prumysl\\\/rostlinne-bilkoviny\\\/mandlovy-protein\\\/#breadcrumb\"},\"inLanguage\":\"cs\",\"potentialAction\":[{\"@type\":\"ReadAction\",\"target\":[\"https:\\\/\\\/naturalpoland.com\\\/cs\\\/produkty\\\/produkty-pro-potravinarsky-prumysl\\\/rostlinne-bilkoviny\\\/mandlovy-protein\\\/\"]}]},{\"@type\":\"ImageObject\",\"inLanguage\":\"cs\",\"@id\":\"https:\\\/\\\/naturalpoland.com\\\/cs\\\/produkty\\\/produkty-pro-potravinarsky-prumysl\\\/rostlinne-bilkoviny\\\/mandlovy-protein\\\/#primaryimage\",\"url\":\"https:\\\/\\\/naturalpoland.com\\\/wp-content\\\/uploads\\\/bialko-migdalowe.jpg\",\"contentUrl\":\"https:\\\/\\\/naturalpoland.com\\\/wp-content\\\/uploads\\\/bialko-migdalowe.jpg\",\"width\":650,\"height\":650,\"caption\":\"mandlov\u00fd protein\"},{\"@type\":\"BreadcrumbList\",\"@id\":\"https:\\\/\\\/naturalpoland.com\\\/cs\\\/produkty\\\/produkty-pro-potravinarsky-prumysl\\\/rostlinne-bilkoviny\\\/mandlovy-protein\\\/#breadcrumb\",\"itemListElement\":[{\"@type\":\"ListItem\",\"position\":1,\"name\":\"Dom\u016f\",\"item\":\"https:\\\/\\\/naturalpoland.com\\\/cs\\\/\"},{\"@type\":\"ListItem\",\"position\":2,\"name\":\"Produkty\",\"item\":\"https:\\\/\\\/naturalpoland.com\\\/cs\\\/produkty\\\/\"},{\"@type\":\"ListItem\",\"position\":3,\"name\":\"Mandlov\u00fd protein\"}]},{\"@type\":\"WebSite\",\"@id\":\"https:\\\/\\\/naturalpoland.com\\\/cs\\\/#website\",\"url\":\"https:\\\/\\\/naturalpoland.com\\\/cs\\\/\",\"name\":\"NATURAL POLAND - Velkoobchodn\u00ed distributor surovin\",\"description\":\"Surowce dla przemys\u0142u spo\u017cywczego, kosmetycznego i farmaceutycznego\",\"publisher\":{\"@id\":\"https:\\\/\\\/naturalpoland.com\\\/cs\\\/#organization\"},\"potentialAction\":[{\"@type\":\"SearchAction\",\"target\":{\"@type\":\"EntryPoint\",\"urlTemplate\":\"https:\\\/\\\/naturalpoland.com\\\/cs\\\/?s={search_term_string}\"},\"query-input\":{\"@type\":\"PropertyValueSpecification\",\"valueRequired\":true,\"valueName\":\"search_term_string\"}}],\"inLanguage\":\"cs\"},{\"@type\":\"Organization\",\"@id\":\"https:\\\/\\\/naturalpoland.com\\\/cs\\\/#organization\",\"name\":\"Natural Poland\",\"url\":\"https:\\\/\\\/naturalpoland.com\\\/cs\\\/\",\"logo\":{\"@type\":\"ImageObject\",\"inLanguage\":\"cs\",\"@id\":\"https:\\\/\\\/naturalpoland.com\\\/cs\\\/#\\\/schema\\\/logo\\\/image\\\/\",\"url\":\"https:\\\/\\\/naturalpoland.com\\\/wp-content\\\/uploads\\\/2021\\\/05\\\/natural-poland-icon.png\",\"contentUrl\":\"https:\\\/\\\/naturalpoland.com\\\/wp-content\\\/uploads\\\/2021\\\/05\\\/natural-poland-icon.png\",\"width\":512,\"height\":512,\"caption\":\"Natural Poland\"},\"image\":{\"@id\":\"https:\\\/\\\/naturalpoland.com\\\/cs\\\/#\\\/schema\\\/logo\\\/image\\\/\"},\"sameAs\":[\"https:\\\/\\\/www.facebook.com\\\/naturalpoland.b2b\",\"https:\\\/\\\/pl.linkedin.com\\\/company\\\/natural-poland\",\"https:\\\/\\\/www.youtube.com\\\/channel\\\/UCgeGGkvOMahZo-xu_MSEWxg\"]}]}<\/script>\n<!-- \/ Yoast SEO plugin. -->","yoast_head_json":{"title":"Mandlov\u00fd protein - Velkoobchodn\u00ed distributor","description":"Mandlov\u00fd protein je \u017eivina bohat\u00e1 na esenci\u00e1ln\u00ed aminokyseliny, vitaminy a miner\u00e1ly, kter\u00e9 jsou nezbytn\u00e9 pro udr\u017een\u00ed zdrav\u00ed a pohody.","robots":{"index":"index","follow":"follow","max-snippet":"max-snippet:-1","max-image-preview":"max-image-preview:large","max-video-preview":"max-video-preview:-1"},"canonical":"https:\/\/naturalpoland.com\/cs\/produkty\/produkty-pro-potravinarsky-prumysl\/rostlinne-bilkoviny\/mandlovy-protein\/","og_locale":"cs_CZ","og_type":"article","og_title":"Mandlov\u00fd protein - Velkoobchodn\u00ed distributor","og_description":"Mandlov\u00fd protein je \u017eivina bohat\u00e1 na esenci\u00e1ln\u00ed aminokyseliny, vitaminy a miner\u00e1ly, kter\u00e9 jsou nezbytn\u00e9 pro udr\u017een\u00ed zdrav\u00ed a pohody.","og_url":"https:\/\/naturalpoland.com\/cs\/produkty\/produkty-pro-potravinarsky-prumysl\/rostlinne-bilkoviny\/mandlovy-protein\/","og_site_name":"NATURAL POLAND - Velkoobchodn\u00ed distributor surovin","article_publisher":"https:\/\/www.facebook.com\/naturalpoland.b2b","article_modified_time":"2023-10-03T07:29:18+00:00","og_image":[{"width":650,"height":650,"url":"https:\/\/naturalpoland.com\/wp-content\/uploads\/bialko-migdalowe.jpg","type":"image\/jpeg"}],"schema":{"@context":"https:\/\/schema.org","@graph":[{"@type":"WebPage","@id":"https:\/\/naturalpoland.com\/cs\/produkty\/produkty-pro-potravinarsky-prumysl\/rostlinne-bilkoviny\/mandlovy-protein\/","url":"https:\/\/naturalpoland.com\/cs\/produkty\/produkty-pro-potravinarsky-prumysl\/rostlinne-bilkoviny\/mandlovy-protein\/","name":"Mandlov\u00fd protein - Velkoobchodn\u00ed distributor","isPartOf":{"@id":"https:\/\/naturalpoland.com\/cs\/#website"},"primaryImageOfPage":{"@id":"https:\/\/naturalpoland.com\/cs\/produkty\/produkty-pro-potravinarsky-prumysl\/rostlinne-bilkoviny\/mandlovy-protein\/#primaryimage"},"image":{"@id":"https:\/\/naturalpoland.com\/cs\/produkty\/produkty-pro-potravinarsky-prumysl\/rostlinne-bilkoviny\/mandlovy-protein\/#primaryimage"},"thumbnailUrl":"https:\/\/naturalpoland.com\/wp-content\/uploads\/bialko-migdalowe.jpg","datePublished":"2023-10-02T13:03:40+00:00","dateModified":"2023-10-03T07:29:18+00:00","description":"Mandlov\u00fd protein je \u017eivina bohat\u00e1 na esenci\u00e1ln\u00ed aminokyseliny, vitaminy a miner\u00e1ly, kter\u00e9 jsou nezbytn\u00e9 pro udr\u017een\u00ed zdrav\u00ed a pohody.","breadcrumb":{"@id":"https:\/\/naturalpoland.com\/cs\/produkty\/produkty-pro-potravinarsky-prumysl\/rostlinne-bilkoviny\/mandlovy-protein\/#breadcrumb"},"inLanguage":"cs","potentialAction":[{"@type":"ReadAction","target":["https:\/\/naturalpoland.com\/cs\/produkty\/produkty-pro-potravinarsky-prumysl\/rostlinne-bilkoviny\/mandlovy-protein\/"]}]},{"@type":"ImageObject","inLanguage":"cs","@id":"https:\/\/naturalpoland.com\/cs\/produkty\/produkty-pro-potravinarsky-prumysl\/rostlinne-bilkoviny\/mandlovy-protein\/#primaryimage","url":"https:\/\/naturalpoland.com\/wp-content\/uploads\/bialko-migdalowe.jpg","contentUrl":"https:\/\/naturalpoland.com\/wp-content\/uploads\/bialko-migdalowe.jpg","width":650,"height":650,"caption":"mandlov\u00fd protein"},{"@type":"BreadcrumbList","@id":"https:\/\/naturalpoland.com\/cs\/produkty\/produkty-pro-potravinarsky-prumysl\/rostlinne-bilkoviny\/mandlovy-protein\/#breadcrumb","itemListElement":[{"@type":"ListItem","position":1,"name":"Dom\u016f","item":"https:\/\/naturalpoland.com\/cs\/"},{"@type":"ListItem","position":2,"name":"Produkty","item":"https:\/\/naturalpoland.com\/cs\/produkty\/"},{"@type":"ListItem","position":3,"name":"Mandlov\u00fd protein"}]},{"@type":"WebSite","@id":"https:\/\/naturalpoland.com\/cs\/#website","url":"https:\/\/naturalpoland.com\/cs\/","name":"NATURAL POLAND - Velkoobchodn\u00ed distributor surovin","description":"Surowce dla przemys\u0142u spo\u017cywczego, kosmetycznego i farmaceutycznego","publisher":{"@id":"https:\/\/naturalpoland.com\/cs\/#organization"},"potentialAction":[{"@type":"SearchAction","target":{"@type":"EntryPoint","urlTemplate":"https:\/\/naturalpoland.com\/cs\/?s={search_term_string}"},"query-input":{"@type":"PropertyValueSpecification","valueRequired":true,"valueName":"search_term_string"}}],"inLanguage":"cs"},{"@type":"Organization","@id":"https:\/\/naturalpoland.com\/cs\/#organization","name":"Natural Poland","url":"https:\/\/naturalpoland.com\/cs\/","logo":{"@type":"ImageObject","inLanguage":"cs","@id":"https:\/\/naturalpoland.com\/cs\/#\/schema\/logo\/image\/","url":"https:\/\/naturalpoland.com\/wp-content\/uploads\/2021\/05\/natural-poland-icon.png","contentUrl":"https:\/\/naturalpoland.com\/wp-content\/uploads\/2021\/05\/natural-poland-icon.png","width":512,"height":512,"caption":"Natural Poland"},"image":{"@id":"https:\/\/naturalpoland.com\/cs\/#\/schema\/logo\/image\/"},"sameAs":["https:\/\/www.facebook.com\/naturalpoland.b2b","https:\/\/pl.linkedin.com\/company\/natural-poland","https:\/\/www.youtube.com\/channel\/UCgeGGkvOMahZo-xu_MSEWxg"]}]}},"_links":{"self":[{"href":"https:\/\/naturalpoland.com\/cs\/wp-json\/wp\/v2\/product\/26065","targetHints":{"allow":["GET"]}}],"collection":[{"href":"https:\/\/naturalpoland.com\/cs\/wp-json\/wp\/v2\/product"}],"about":[{"href":"https:\/\/naturalpoland.com\/cs\/wp-json\/wp\/v2\/types\/product"}],"wp:featuredmedia":[{"embeddable":true,"href":"https:\/\/naturalpoland.com\/cs\/wp-json\/wp\/v2\/media\/25988"}],"wp:attachment":[{"href":"https:\/\/naturalpoland.com\/cs\/wp-json\/wp\/v2\/media?parent=26065"}],"wp:term":[{"taxonomy":"product_brand","embeddable":true,"href":"https:\/\/naturalpoland.com\/cs\/wp-json\/wp\/v2\/product_brand?post=26065"},{"taxonomy":"product_cat","embeddable":true,"href":"https:\/\/naturalpoland.com\/cs\/wp-json\/wp\/v2\/product_cat?post=26065"},{"taxonomy":"product_tag","embeddable":true,"href":"https:\/\/naturalpoland.com\/cs\/wp-json\/wp\/v2\/product_tag?post=26065"}],"curies":[{"name":"wp","href":"https:\/\/api.w.org\/{rel}","templated":true}]}}