{"id":26071,"date":"2023-10-02T14:54:20","date_gmt":"2023-10-02T12:54:20","guid":{"rendered":"https:\/\/naturalpoland.com\/produkty\/nezarazene\/lneny-protein\/"},"modified":"2023-10-03T09:29:23","modified_gmt":"2023-10-03T07:29:23","slug":"protein-seno","status":"publish","type":"product","link":"https:\/\/naturalpoland.com\/cs\/produkty\/produkty-pro-potravinarsky-prumysl\/rostlinne-bilkoviny\/protein-seno\/","title":{"rendered":"Ln\u011bn\u00fd protein"},"content":{"rendered":"<p>Produkt je k dispozici jako <strong>zlat\u00fd<\/strong> a <strong>hn\u011bd\u00fd<\/strong> <strong>ln\u011bn\u00fd protein<\/strong> (ka\u017ed\u00fd s obsahem 30 % b\u00edlkovin) a je vynikaj\u00edc\u00edm dopl\u0148kem stravy a podporou r\u016fzn\u00fdch potravin.<\/p>\n<h2>Vlastnosti ln\u011bn\u00e9ho proteinu<\/h2>\n<ol>\n<li><strong>Bohat\u00fd zdroj b\u00edlkovin<\/strong>: Ln\u011bn\u00e9 sem\u00ednko jako zdroj rostlinn\u00fdch b\u00edlkovin dod\u00e1v\u00e1 t\u011blu esenci\u00e1ln\u00ed aminokyseliny, kter\u00e9 podporuj\u00ed zdrav\u00ed a spr\u00e1vn\u00e9 fungov\u00e1n\u00ed organismu.<\/li>\n<li><strong>Vysok\u00fd obsah vl\u00e1kniny:<\/strong> Ln\u011bn\u00fd protein je zn\u00e1m\u00fd sv\u00fdm vysok\u00fdm obsahem vl\u00e1kniny, kter\u00e1 usnad\u0148uje tr\u00e1ven\u00ed a p\u0159isp\u00edv\u00e1 k udr\u017een\u00ed zdrav\u00e9 hladiny cholesterolu.<\/li>\n<li><strong>Pou\u017eit\u00ed v potravin\u00e1\u0159sk\u00e9m pr\u016fmyslu:<\/strong> Vynikaj\u00edc\u00ed jako p\u0159\u00edsada do r\u016fzn\u00fdch potravin\u00e1\u0159sk\u00fdch v\u00fdrobk\u016f, jako jsou energetick\u00e9 ty\u010dinky, m\u00fcsli, proteinov\u00e9 koktejly a pe\u010divo. Je tak\u00e9 vynikaj\u00edc\u00edm dopl\u0148kem vegetari\u00e1nsk\u00e9 a vegansk\u00e9 stravy.<\/li>\n<li><strong>Zdrav\u00ed prosp\u011b\u0161n\u00e9 vlastnosti<\/strong>: ln\u011bn\u00fd protein m\u00e1 protiz\u00e1n\u011btliv\u00e9 a antioxida\u010dn\u00ed vlastnosti a m\u016f\u017ee podporovat imunitn\u00ed syst\u00e9m.<\/li>\n<li><strong>Podpora hubnut\u00ed:<\/strong> D\u00edky vysok\u00e9mu obsahu vl\u00e1kniny mohou v\u00fdrobky s obsahem ln\u011bn\u00fdch b\u00edlkovin napom\u00e1hat hubnut\u00ed t\u00edm, \u017ee poskytuj\u00ed pocit sytosti a uspokojuj\u00ed chu\u0165 k j\u00eddlu po del\u0161\u00ed dobu.<\/li>\n<\/ol>\n<p>Ln\u011bn\u00fd protein se \u0161iroce pou\u017e\u00edv\u00e1 v potravin\u00e1\u0159sk\u00e9m, dopl\u0148kov\u00e9m a kosmetick\u00e9m pr\u016fmyslu. Pou\u017e\u00edv\u00e1 se jako p\u0159\u00edsada do bezlepkov\u00fdch, vegansk\u00fdch a vegetari\u00e1nsk\u00fdch v\u00fdrobk\u016f a tak\u00e9 jako obohacuj\u00edc\u00ed p\u0159\u00edsada do r\u016fzn\u00fdch funk\u010dn\u00edch potravin.<\/p>\n","protected":false},"excerpt":{"rendered":"<p>Ln\u011bn\u00e1 b\u00edlkovina z\u00edskan\u00e1 ze ln\u011bn\u00fdch sem\u00ednek je mimo\u0159\u00e1dn\u011b cennou \u017eivinou, kter\u00e1 nab\u00edz\u00ed \u0159adu zdrav\u00ed prosp\u011b\u0161n\u00fdch a funk\u010dn\u00edch vlastnost\u00ed.<\/p>\n","protected":false},"featured_media":25975,"template":"","meta":{"_acf_changed":false},"product_brand":[],"product_cat":[629,2663],"product_tag":[],"class_list":{"0":"post-26071","1":"product","2":"type-product","3":"status-publish","4":"has-post-thumbnail","6":"product_cat-pridavky-k-doplnkum-stravy","7":"product_cat-rostlinne-bilkoviny","9":"first","10":"instock","11":"shipping-taxable","12":"product-type-simple"},"acf":[],"yoast_head":"<!-- This site is optimized with the Yoast SEO plugin v27.4 - https:\/\/yoast.com\/product\/yoast-seo-wordpress\/ -->\n<title>Ln\u011bn\u00fd protein - Velkoobchodn\u00ed distributor<\/title>\n<meta name=\"description\" content=\"Ln\u011bn\u00e1 b\u00edlkovina z\u00edskan\u00e1 ze ln\u011bn\u00fdch sem\u00ednek je cennou \u017eivinou, kter\u00e1 m\u00e1 \u0159adu zdrav\u00ed prosp\u011b\u0161n\u00fdch \u00fa\u010dink\u016f.\" \/>\n<meta name=\"robots\" content=\"index, follow, max-snippet:-1, max-image-preview:large, max-video-preview:-1\" \/>\n<link rel=\"canonical\" href=\"https:\/\/naturalpoland.com\/cs\/produkty\/produkty-pro-potravinarsky-prumysl\/rostlinne-bilkoviny\/protein-seno\/\" \/>\n<meta property=\"og:locale\" content=\"cs_CZ\" \/>\n<meta property=\"og:type\" content=\"article\" \/>\n<meta property=\"og:title\" content=\"Ln\u011bn\u00fd protein - Velkoobchodn\u00ed distributor\" \/>\n<meta property=\"og:description\" content=\"Ln\u011bn\u00e1 b\u00edlkovina z\u00edskan\u00e1 ze ln\u011bn\u00fdch sem\u00ednek je cennou \u017eivinou, kter\u00e1 m\u00e1 \u0159adu zdrav\u00ed prosp\u011b\u0161n\u00fdch \u00fa\u010dink\u016f.\" \/>\n<meta property=\"og:url\" content=\"https:\/\/naturalpoland.com\/cs\/produkty\/produkty-pro-potravinarsky-prumysl\/rostlinne-bilkoviny\/protein-seno\/\" \/>\n<meta property=\"og:site_name\" content=\"NATURAL POLAND - Velkoobchodn\u00ed distributor surovin\" \/>\n<meta property=\"article:publisher\" content=\"https:\/\/www.facebook.com\/naturalpoland.b2b\" \/>\n<meta property=\"article:modified_time\" content=\"2023-10-03T07:29:23+00:00\" \/>\n<meta property=\"og:image\" content=\"https:\/\/naturalpoland.com\/wp-content\/uploads\/bialko-siemienia-lnianego.jpg\" \/>\n\t<meta property=\"og:image:width\" content=\"650\" \/>\n\t<meta property=\"og:image:height\" content=\"650\" \/>\n\t<meta property=\"og:image:type\" content=\"image\/jpeg\" \/>\n<script type=\"application\/ld+json\" class=\"yoast-schema-graph\">{\"@context\":\"https:\\\/\\\/schema.org\",\"@graph\":[{\"@type\":\"WebPage\",\"@id\":\"https:\\\/\\\/naturalpoland.com\\\/cs\\\/produkty\\\/produkty-pro-potravinarsky-prumysl\\\/rostlinne-bilkoviny\\\/protein-seno\\\/\",\"url\":\"https:\\\/\\\/naturalpoland.com\\\/cs\\\/produkty\\\/produkty-pro-potravinarsky-prumysl\\\/rostlinne-bilkoviny\\\/protein-seno\\\/\",\"name\":\"Ln\u011bn\u00fd protein - Velkoobchodn\u00ed distributor\",\"isPartOf\":{\"@id\":\"https:\\\/\\\/naturalpoland.com\\\/cs\\\/#website\"},\"primaryImageOfPage\":{\"@id\":\"https:\\\/\\\/naturalpoland.com\\\/cs\\\/produkty\\\/produkty-pro-potravinarsky-prumysl\\\/rostlinne-bilkoviny\\\/protein-seno\\\/#primaryimage\"},\"image\":{\"@id\":\"https:\\\/\\\/naturalpoland.com\\\/cs\\\/produkty\\\/produkty-pro-potravinarsky-prumysl\\\/rostlinne-bilkoviny\\\/protein-seno\\\/#primaryimage\"},\"thumbnailUrl\":\"https:\\\/\\\/naturalpoland.com\\\/wp-content\\\/uploads\\\/bialko-siemienia-lnianego.jpg\",\"datePublished\":\"2023-10-02T12:54:20+00:00\",\"dateModified\":\"2023-10-03T07:29:23+00:00\",\"description\":\"Ln\u011bn\u00e1 b\u00edlkovina z\u00edskan\u00e1 ze ln\u011bn\u00fdch sem\u00ednek je cennou \u017eivinou, kter\u00e1 m\u00e1 \u0159adu zdrav\u00ed prosp\u011b\u0161n\u00fdch \u00fa\u010dink\u016f.\",\"breadcrumb\":{\"@id\":\"https:\\\/\\\/naturalpoland.com\\\/cs\\\/produkty\\\/produkty-pro-potravinarsky-prumysl\\\/rostlinne-bilkoviny\\\/protein-seno\\\/#breadcrumb\"},\"inLanguage\":\"cs\",\"potentialAction\":[{\"@type\":\"ReadAction\",\"target\":[\"https:\\\/\\\/naturalpoland.com\\\/cs\\\/produkty\\\/produkty-pro-potravinarsky-prumysl\\\/rostlinne-bilkoviny\\\/protein-seno\\\/\"]}]},{\"@type\":\"ImageObject\",\"inLanguage\":\"cs\",\"@id\":\"https:\\\/\\\/naturalpoland.com\\\/cs\\\/produkty\\\/produkty-pro-potravinarsky-prumysl\\\/rostlinne-bilkoviny\\\/protein-seno\\\/#primaryimage\",\"url\":\"https:\\\/\\\/naturalpoland.com\\\/wp-content\\\/uploads\\\/bialko-siemienia-lnianego.jpg\",\"contentUrl\":\"https:\\\/\\\/naturalpoland.com\\\/wp-content\\\/uploads\\\/bialko-siemienia-lnianego.jpg\",\"width\":650,\"height\":650,\"caption\":\"ln\u011bn\u00fd protein\"},{\"@type\":\"BreadcrumbList\",\"@id\":\"https:\\\/\\\/naturalpoland.com\\\/cs\\\/produkty\\\/produkty-pro-potravinarsky-prumysl\\\/rostlinne-bilkoviny\\\/protein-seno\\\/#breadcrumb\",\"itemListElement\":[{\"@type\":\"ListItem\",\"position\":1,\"name\":\"Dom\u016f\",\"item\":\"https:\\\/\\\/naturalpoland.com\\\/cs\\\/\"},{\"@type\":\"ListItem\",\"position\":2,\"name\":\"Produkty\",\"item\":\"https:\\\/\\\/naturalpoland.com\\\/cs\\\/produkty\\\/\"},{\"@type\":\"ListItem\",\"position\":3,\"name\":\"Ln\u011bn\u00fd protein\"}]},{\"@type\":\"WebSite\",\"@id\":\"https:\\\/\\\/naturalpoland.com\\\/cs\\\/#website\",\"url\":\"https:\\\/\\\/naturalpoland.com\\\/cs\\\/\",\"name\":\"NATURAL POLAND - Velkoobchodn\u00ed distributor surovin\",\"description\":\"Surowce dla przemys\u0142u spo\u017cywczego, kosmetycznego i farmaceutycznego\",\"publisher\":{\"@id\":\"https:\\\/\\\/naturalpoland.com\\\/cs\\\/#organization\"},\"potentialAction\":[{\"@type\":\"SearchAction\",\"target\":{\"@type\":\"EntryPoint\",\"urlTemplate\":\"https:\\\/\\\/naturalpoland.com\\\/cs\\\/?s={search_term_string}\"},\"query-input\":{\"@type\":\"PropertyValueSpecification\",\"valueRequired\":true,\"valueName\":\"search_term_string\"}}],\"inLanguage\":\"cs\"},{\"@type\":\"Organization\",\"@id\":\"https:\\\/\\\/naturalpoland.com\\\/cs\\\/#organization\",\"name\":\"Natural Poland\",\"url\":\"https:\\\/\\\/naturalpoland.com\\\/cs\\\/\",\"logo\":{\"@type\":\"ImageObject\",\"inLanguage\":\"cs\",\"@id\":\"https:\\\/\\\/naturalpoland.com\\\/cs\\\/#\\\/schema\\\/logo\\\/image\\\/\",\"url\":\"https:\\\/\\\/naturalpoland.com\\\/wp-content\\\/uploads\\\/2021\\\/05\\\/natural-poland-icon.png\",\"contentUrl\":\"https:\\\/\\\/naturalpoland.com\\\/wp-content\\\/uploads\\\/2021\\\/05\\\/natural-poland-icon.png\",\"width\":512,\"height\":512,\"caption\":\"Natural Poland\"},\"image\":{\"@id\":\"https:\\\/\\\/naturalpoland.com\\\/cs\\\/#\\\/schema\\\/logo\\\/image\\\/\"},\"sameAs\":[\"https:\\\/\\\/www.facebook.com\\\/naturalpoland.b2b\",\"https:\\\/\\\/pl.linkedin.com\\\/company\\\/natural-poland\",\"https:\\\/\\\/www.youtube.com\\\/channel\\\/UCgeGGkvOMahZo-xu_MSEWxg\"]}]}<\/script>\n<!-- \/ Yoast SEO plugin. -->","yoast_head_json":{"title":"Ln\u011bn\u00fd protein - Velkoobchodn\u00ed distributor","description":"Ln\u011bn\u00e1 b\u00edlkovina z\u00edskan\u00e1 ze ln\u011bn\u00fdch sem\u00ednek je cennou \u017eivinou, kter\u00e1 m\u00e1 \u0159adu zdrav\u00ed prosp\u011b\u0161n\u00fdch \u00fa\u010dink\u016f.","robots":{"index":"index","follow":"follow","max-snippet":"max-snippet:-1","max-image-preview":"max-image-preview:large","max-video-preview":"max-video-preview:-1"},"canonical":"https:\/\/naturalpoland.com\/cs\/produkty\/produkty-pro-potravinarsky-prumysl\/rostlinne-bilkoviny\/protein-seno\/","og_locale":"cs_CZ","og_type":"article","og_title":"Ln\u011bn\u00fd protein - Velkoobchodn\u00ed distributor","og_description":"Ln\u011bn\u00e1 b\u00edlkovina z\u00edskan\u00e1 ze ln\u011bn\u00fdch sem\u00ednek je cennou \u017eivinou, kter\u00e1 m\u00e1 \u0159adu zdrav\u00ed prosp\u011b\u0161n\u00fdch \u00fa\u010dink\u016f.","og_url":"https:\/\/naturalpoland.com\/cs\/produkty\/produkty-pro-potravinarsky-prumysl\/rostlinne-bilkoviny\/protein-seno\/","og_site_name":"NATURAL POLAND - Velkoobchodn\u00ed distributor surovin","article_publisher":"https:\/\/www.facebook.com\/naturalpoland.b2b","article_modified_time":"2023-10-03T07:29:23+00:00","og_image":[{"width":650,"height":650,"url":"https:\/\/naturalpoland.com\/wp-content\/uploads\/bialko-siemienia-lnianego.jpg","type":"image\/jpeg"}],"schema":{"@context":"https:\/\/schema.org","@graph":[{"@type":"WebPage","@id":"https:\/\/naturalpoland.com\/cs\/produkty\/produkty-pro-potravinarsky-prumysl\/rostlinne-bilkoviny\/protein-seno\/","url":"https:\/\/naturalpoland.com\/cs\/produkty\/produkty-pro-potravinarsky-prumysl\/rostlinne-bilkoviny\/protein-seno\/","name":"Ln\u011bn\u00fd protein - Velkoobchodn\u00ed distributor","isPartOf":{"@id":"https:\/\/naturalpoland.com\/cs\/#website"},"primaryImageOfPage":{"@id":"https:\/\/naturalpoland.com\/cs\/produkty\/produkty-pro-potravinarsky-prumysl\/rostlinne-bilkoviny\/protein-seno\/#primaryimage"},"image":{"@id":"https:\/\/naturalpoland.com\/cs\/produkty\/produkty-pro-potravinarsky-prumysl\/rostlinne-bilkoviny\/protein-seno\/#primaryimage"},"thumbnailUrl":"https:\/\/naturalpoland.com\/wp-content\/uploads\/bialko-siemienia-lnianego.jpg","datePublished":"2023-10-02T12:54:20+00:00","dateModified":"2023-10-03T07:29:23+00:00","description":"Ln\u011bn\u00e1 b\u00edlkovina z\u00edskan\u00e1 ze ln\u011bn\u00fdch sem\u00ednek je cennou \u017eivinou, kter\u00e1 m\u00e1 \u0159adu zdrav\u00ed prosp\u011b\u0161n\u00fdch \u00fa\u010dink\u016f.","breadcrumb":{"@id":"https:\/\/naturalpoland.com\/cs\/produkty\/produkty-pro-potravinarsky-prumysl\/rostlinne-bilkoviny\/protein-seno\/#breadcrumb"},"inLanguage":"cs","potentialAction":[{"@type":"ReadAction","target":["https:\/\/naturalpoland.com\/cs\/produkty\/produkty-pro-potravinarsky-prumysl\/rostlinne-bilkoviny\/protein-seno\/"]}]},{"@type":"ImageObject","inLanguage":"cs","@id":"https:\/\/naturalpoland.com\/cs\/produkty\/produkty-pro-potravinarsky-prumysl\/rostlinne-bilkoviny\/protein-seno\/#primaryimage","url":"https:\/\/naturalpoland.com\/wp-content\/uploads\/bialko-siemienia-lnianego.jpg","contentUrl":"https:\/\/naturalpoland.com\/wp-content\/uploads\/bialko-siemienia-lnianego.jpg","width":650,"height":650,"caption":"ln\u011bn\u00fd protein"},{"@type":"BreadcrumbList","@id":"https:\/\/naturalpoland.com\/cs\/produkty\/produkty-pro-potravinarsky-prumysl\/rostlinne-bilkoviny\/protein-seno\/#breadcrumb","itemListElement":[{"@type":"ListItem","position":1,"name":"Dom\u016f","item":"https:\/\/naturalpoland.com\/cs\/"},{"@type":"ListItem","position":2,"name":"Produkty","item":"https:\/\/naturalpoland.com\/cs\/produkty\/"},{"@type":"ListItem","position":3,"name":"Ln\u011bn\u00fd protein"}]},{"@type":"WebSite","@id":"https:\/\/naturalpoland.com\/cs\/#website","url":"https:\/\/naturalpoland.com\/cs\/","name":"NATURAL POLAND - Velkoobchodn\u00ed distributor surovin","description":"Surowce dla przemys\u0142u spo\u017cywczego, kosmetycznego i farmaceutycznego","publisher":{"@id":"https:\/\/naturalpoland.com\/cs\/#organization"},"potentialAction":[{"@type":"SearchAction","target":{"@type":"EntryPoint","urlTemplate":"https:\/\/naturalpoland.com\/cs\/?s={search_term_string}"},"query-input":{"@type":"PropertyValueSpecification","valueRequired":true,"valueName":"search_term_string"}}],"inLanguage":"cs"},{"@type":"Organization","@id":"https:\/\/naturalpoland.com\/cs\/#organization","name":"Natural Poland","url":"https:\/\/naturalpoland.com\/cs\/","logo":{"@type":"ImageObject","inLanguage":"cs","@id":"https:\/\/naturalpoland.com\/cs\/#\/schema\/logo\/image\/","url":"https:\/\/naturalpoland.com\/wp-content\/uploads\/2021\/05\/natural-poland-icon.png","contentUrl":"https:\/\/naturalpoland.com\/wp-content\/uploads\/2021\/05\/natural-poland-icon.png","width":512,"height":512,"caption":"Natural Poland"},"image":{"@id":"https:\/\/naturalpoland.com\/cs\/#\/schema\/logo\/image\/"},"sameAs":["https:\/\/www.facebook.com\/naturalpoland.b2b","https:\/\/pl.linkedin.com\/company\/natural-poland","https:\/\/www.youtube.com\/channel\/UCgeGGkvOMahZo-xu_MSEWxg"]}]}},"_links":{"self":[{"href":"https:\/\/naturalpoland.com\/cs\/wp-json\/wp\/v2\/product\/26071","targetHints":{"allow":["GET"]}}],"collection":[{"href":"https:\/\/naturalpoland.com\/cs\/wp-json\/wp\/v2\/product"}],"about":[{"href":"https:\/\/naturalpoland.com\/cs\/wp-json\/wp\/v2\/types\/product"}],"wp:featuredmedia":[{"embeddable":true,"href":"https:\/\/naturalpoland.com\/cs\/wp-json\/wp\/v2\/media\/25975"}],"wp:attachment":[{"href":"https:\/\/naturalpoland.com\/cs\/wp-json\/wp\/v2\/media?parent=26071"}],"wp:term":[{"taxonomy":"product_brand","embeddable":true,"href":"https:\/\/naturalpoland.com\/cs\/wp-json\/wp\/v2\/product_brand?post=26071"},{"taxonomy":"product_cat","embeddable":true,"href":"https:\/\/naturalpoland.com\/cs\/wp-json\/wp\/v2\/product_cat?post=26071"},{"taxonomy":"product_tag","embeddable":true,"href":"https:\/\/naturalpoland.com\/cs\/wp-json\/wp\/v2\/product_tag?post=26071"}],"curies":[{"name":"wp","href":"https:\/\/api.w.org\/{rel}","templated":true}]}}