{"id":26082,"date":"2023-10-02T13:36:26","date_gmt":"2023-10-02T11:36:26","guid":{"rendered":"https:\/\/naturalpoland.com\/produkty\/nezarazene\/ryzovy-protein\/"},"modified":"2023-10-03T10:08:55","modified_gmt":"2023-10-03T08:08:55","slug":"protein-ryze","status":"publish","type":"product","link":"https:\/\/naturalpoland.com\/cs\/produkty\/produkty-pro-potravinarsky-prumysl\/rostlinne-bilkoviny\/protein-ryze\/","title":{"rendered":"R\u00fd\u017eov\u00fd protein"},"content":{"rendered":"<h2>Protein z b\u00edl\u00e9 a hn\u011bd\u00e9 r\u00fd\u017ee<\/h2>\n<p>R\u00fd\u017eov\u00fd protein je k dispozici <strong>v b\u00edl\u00e9<\/strong> (80 % obsahu b\u00edlkovin) a <strong>hn\u011bd\u00e9<\/strong> (80 % obsahu b\u00edlkovin) <strong>barv\u011b<\/strong>. B\u00edl\u00fd r\u00fd\u017eov\u00fd protein je jemn\u011bj\u0161\u00ed chuti a m\u00e1 sametov\u011bj\u0161\u00ed strukturu, tak\u017ee se skv\u011ble hod\u00ed do koktejl\u016f a \u0161ejk\u016f. Hn\u011bd\u00e1 verze m\u00e1 naopak o n\u011bco v\u00fdrazn\u011bj\u0161\u00ed chu\u0165 a v\u00edce vl\u00e1kniny, kter\u00e1 podporuje zdrav\u00fd tr\u00e1vic\u00ed syst\u00e9m.<\/p>\n<h2>Vlastnosti r\u00fd\u017eov\u00e9ho proteinu<\/h2>\n<p>Ob\u011b verze v\u00fdrobku jsou zdrojem energie a v\u00fd\u017eivov\u00fdch hodnot pot\u0159ebn\u00fdch pro spr\u00e1vn\u00e9 fungov\u00e1n\u00ed organismu. R\u00fd\u017eov\u00fd protein podporuje proces tvorby a regenerace svalov\u00e9 hmoty, co\u017e je nesm\u00edrn\u011b d\u016fle\u017eit\u00e9 pro sportovce, fyzicky aktivn\u00ed lidi a vegany a vegetari\u00e1ny, kte\u0159\u00ed hledaj\u00ed alternativn\u00ed zdroje b\u00edlkovin.<\/p>\n<p>Produkt je cen\u011bn tak\u00e9 pro svou neutr\u00e1ln\u00ed chu\u0165 a v\u0161estrannost v kuchyni. Lze jej p\u0159id\u00e1vat do \u0161irok\u00e9 \u0161k\u00e1ly pokrm\u016f, od proteinov\u00fdch koktejl\u016f po pala\u010dinky, dorty a dezerty v\u0161eho druhu. Jeho neutr\u00e1ln\u00ed chu\u0165ov\u00fd profil znamen\u00e1, \u017ee se dokonale m\u00eds\u00ed s ostatn\u00edmi p\u0159\u00edsadami, ani\u017e by naru\u0161oval jejich p\u0159irozenou chu\u0165.<\/p>\n<p>Krom\u011b toho je r\u00fd\u017eov\u00fd protein bezpe\u010dn\u00fdm produktem pro osoby s r\u016fzn\u00fdmi potravinov\u00fdmi intolerancemi, proto\u017ee neobsahuje lakt\u00f3zu, s\u00f3ju ani jin\u00e9 alergeny. Jedn\u00e1 se o velmi cen\u011bn\u00fd produkt na trhu se zdrav\u00fdmi potravinami a dopl\u0148ky stravy a jeho obliba st\u00e1le roste v reakci na rostouc\u00ed pov\u011bdom\u00ed spot\u0159ebitel\u016f o zdrav\u00e9m \u017eivotn\u00edm stylu a v\u00fd\u017eiv\u011b.<\/p>\n","protected":false},"excerpt":{"rendered":"<p>R\u00fd\u017eov\u00fd protein je jedine\u010dn\u00fd dopln\u011bk stravy. Tento protein je vyroben z nejkvalitn\u011bj\u0161\u00ed r\u00fd\u017ee a dod\u00e1v\u00e1 t\u011blu esenci\u00e1ln\u00ed aminokyseliny. Neobsahuje lepek, tak\u017ee je vynikaj\u00edc\u00ed volbou pro osoby s nesn\u00e1\u0161enlivost\u00ed lepku a celiaki\u00ed.<\/p>\n","protected":false},"featured_media":25897,"template":"","meta":{"_acf_changed":false},"product_brand":[],"product_cat":[629,2663],"product_tag":[],"class_list":{"0":"post-26082","1":"product","2":"type-product","3":"status-publish","4":"has-post-thumbnail","6":"product_cat-pridavky-k-doplnkum-stravy","7":"product_cat-rostlinne-bilkoviny","9":"first","10":"instock","11":"shipping-taxable","12":"product-type-simple"},"acf":[],"yoast_head":"<!-- This site is optimized with the Yoast SEO plugin v27.4 - https:\/\/yoast.com\/product\/yoast-seo-wordpress\/ -->\n<title>R\u00fd\u017eov\u00fd protein - Velkoobchodn\u00ed distributor<\/title>\n<meta name=\"description\" content=\"R\u00fd\u017eov\u00fd protein je jedine\u010dn\u00fd dopln\u011bk stravy. Tento protein je vyroben z nejkvalitn\u011bj\u0161\u00ed r\u00fd\u017ee a dod\u00e1v\u00e1 t\u011blu esenci\u00e1ln\u00ed aminokyseliny.\" \/>\n<meta name=\"robots\" content=\"index, follow, max-snippet:-1, max-image-preview:large, max-video-preview:-1\" \/>\n<link rel=\"canonical\" href=\"https:\/\/naturalpoland.com\/cs\/produkty\/produkty-pro-potravinarsky-prumysl\/rostlinne-bilkoviny\/protein-ryze\/\" \/>\n<meta property=\"og:locale\" content=\"cs_CZ\" \/>\n<meta property=\"og:type\" content=\"article\" \/>\n<meta property=\"og:title\" content=\"R\u00fd\u017eov\u00fd protein - Velkoobchodn\u00ed distributor\" \/>\n<meta property=\"og:description\" content=\"R\u00fd\u017eov\u00fd protein je jedine\u010dn\u00fd dopln\u011bk stravy. Tento protein je vyroben z nejkvalitn\u011bj\u0161\u00ed r\u00fd\u017ee a dod\u00e1v\u00e1 t\u011blu esenci\u00e1ln\u00ed aminokyseliny.\" \/>\n<meta property=\"og:url\" content=\"https:\/\/naturalpoland.com\/cs\/produkty\/produkty-pro-potravinarsky-prumysl\/rostlinne-bilkoviny\/protein-ryze\/\" \/>\n<meta property=\"og:site_name\" content=\"NATURAL POLAND - Velkoobchodn\u00ed distributor surovin\" \/>\n<meta property=\"article:publisher\" content=\"https:\/\/www.facebook.com\/naturalpoland.b2b\" \/>\n<meta property=\"article:modified_time\" content=\"2023-10-03T08:08:55+00:00\" \/>\n<meta property=\"og:image\" content=\"https:\/\/naturalpoland.com\/wp-content\/uploads\/bialko-ryzowe.jpg\" \/>\n\t<meta property=\"og:image:width\" content=\"650\" \/>\n\t<meta property=\"og:image:height\" content=\"650\" \/>\n\t<meta property=\"og:image:type\" content=\"image\/jpeg\" \/>\n<script type=\"application\/ld+json\" class=\"yoast-schema-graph\">{\"@context\":\"https:\\\/\\\/schema.org\",\"@graph\":[{\"@type\":\"WebPage\",\"@id\":\"https:\\\/\\\/naturalpoland.com\\\/cs\\\/produkty\\\/produkty-pro-potravinarsky-prumysl\\\/rostlinne-bilkoviny\\\/protein-ryze\\\/\",\"url\":\"https:\\\/\\\/naturalpoland.com\\\/cs\\\/produkty\\\/produkty-pro-potravinarsky-prumysl\\\/rostlinne-bilkoviny\\\/protein-ryze\\\/\",\"name\":\"R\u00fd\u017eov\u00fd protein - Velkoobchodn\u00ed distributor\",\"isPartOf\":{\"@id\":\"https:\\\/\\\/naturalpoland.com\\\/cs\\\/#website\"},\"primaryImageOfPage\":{\"@id\":\"https:\\\/\\\/naturalpoland.com\\\/cs\\\/produkty\\\/produkty-pro-potravinarsky-prumysl\\\/rostlinne-bilkoviny\\\/protein-ryze\\\/#primaryimage\"},\"image\":{\"@id\":\"https:\\\/\\\/naturalpoland.com\\\/cs\\\/produkty\\\/produkty-pro-potravinarsky-prumysl\\\/rostlinne-bilkoviny\\\/protein-ryze\\\/#primaryimage\"},\"thumbnailUrl\":\"https:\\\/\\\/naturalpoland.com\\\/wp-content\\\/uploads\\\/bialko-ryzowe.jpg\",\"datePublished\":\"2023-10-02T11:36:26+00:00\",\"dateModified\":\"2023-10-03T08:08:55+00:00\",\"description\":\"R\u00fd\u017eov\u00fd protein je jedine\u010dn\u00fd dopln\u011bk stravy. Tento protein je vyroben z nejkvalitn\u011bj\u0161\u00ed r\u00fd\u017ee a dod\u00e1v\u00e1 t\u011blu esenci\u00e1ln\u00ed aminokyseliny.\",\"breadcrumb\":{\"@id\":\"https:\\\/\\\/naturalpoland.com\\\/cs\\\/produkty\\\/produkty-pro-potravinarsky-prumysl\\\/rostlinne-bilkoviny\\\/protein-ryze\\\/#breadcrumb\"},\"inLanguage\":\"cs\",\"potentialAction\":[{\"@type\":\"ReadAction\",\"target\":[\"https:\\\/\\\/naturalpoland.com\\\/cs\\\/produkty\\\/produkty-pro-potravinarsky-prumysl\\\/rostlinne-bilkoviny\\\/protein-ryze\\\/\"]}]},{\"@type\":\"ImageObject\",\"inLanguage\":\"cs\",\"@id\":\"https:\\\/\\\/naturalpoland.com\\\/cs\\\/produkty\\\/produkty-pro-potravinarsky-prumysl\\\/rostlinne-bilkoviny\\\/protein-ryze\\\/#primaryimage\",\"url\":\"https:\\\/\\\/naturalpoland.com\\\/wp-content\\\/uploads\\\/bialko-ryzowe.jpg\",\"contentUrl\":\"https:\\\/\\\/naturalpoland.com\\\/wp-content\\\/uploads\\\/bialko-ryzowe.jpg\",\"width\":650,\"height\":650,\"caption\":\"r\u00fd\u017eov\u00fd protein\"},{\"@type\":\"BreadcrumbList\",\"@id\":\"https:\\\/\\\/naturalpoland.com\\\/cs\\\/produkty\\\/produkty-pro-potravinarsky-prumysl\\\/rostlinne-bilkoviny\\\/protein-ryze\\\/#breadcrumb\",\"itemListElement\":[{\"@type\":\"ListItem\",\"position\":1,\"name\":\"Dom\u016f\",\"item\":\"https:\\\/\\\/naturalpoland.com\\\/cs\\\/\"},{\"@type\":\"ListItem\",\"position\":2,\"name\":\"Produkty\",\"item\":\"https:\\\/\\\/naturalpoland.com\\\/cs\\\/produkty\\\/\"},{\"@type\":\"ListItem\",\"position\":3,\"name\":\"R\u00fd\u017eov\u00fd protein\"}]},{\"@type\":\"WebSite\",\"@id\":\"https:\\\/\\\/naturalpoland.com\\\/cs\\\/#website\",\"url\":\"https:\\\/\\\/naturalpoland.com\\\/cs\\\/\",\"name\":\"NATURAL POLAND - Velkoobchodn\u00ed distributor surovin\",\"description\":\"Surowce dla przemys\u0142u spo\u017cywczego, kosmetycznego i farmaceutycznego\",\"publisher\":{\"@id\":\"https:\\\/\\\/naturalpoland.com\\\/cs\\\/#organization\"},\"potentialAction\":[{\"@type\":\"SearchAction\",\"target\":{\"@type\":\"EntryPoint\",\"urlTemplate\":\"https:\\\/\\\/naturalpoland.com\\\/cs\\\/?s={search_term_string}\"},\"query-input\":{\"@type\":\"PropertyValueSpecification\",\"valueRequired\":true,\"valueName\":\"search_term_string\"}}],\"inLanguage\":\"cs\"},{\"@type\":\"Organization\",\"@id\":\"https:\\\/\\\/naturalpoland.com\\\/cs\\\/#organization\",\"name\":\"Natural Poland\",\"url\":\"https:\\\/\\\/naturalpoland.com\\\/cs\\\/\",\"logo\":{\"@type\":\"ImageObject\",\"inLanguage\":\"cs\",\"@id\":\"https:\\\/\\\/naturalpoland.com\\\/cs\\\/#\\\/schema\\\/logo\\\/image\\\/\",\"url\":\"https:\\\/\\\/naturalpoland.com\\\/wp-content\\\/uploads\\\/2021\\\/05\\\/natural-poland-icon.png\",\"contentUrl\":\"https:\\\/\\\/naturalpoland.com\\\/wp-content\\\/uploads\\\/2021\\\/05\\\/natural-poland-icon.png\",\"width\":512,\"height\":512,\"caption\":\"Natural Poland\"},\"image\":{\"@id\":\"https:\\\/\\\/naturalpoland.com\\\/cs\\\/#\\\/schema\\\/logo\\\/image\\\/\"},\"sameAs\":[\"https:\\\/\\\/www.facebook.com\\\/naturalpoland.b2b\",\"https:\\\/\\\/pl.linkedin.com\\\/company\\\/natural-poland\",\"https:\\\/\\\/www.youtube.com\\\/channel\\\/UCgeGGkvOMahZo-xu_MSEWxg\"]}]}<\/script>\n<!-- \/ Yoast SEO plugin. -->","yoast_head_json":{"title":"R\u00fd\u017eov\u00fd protein - Velkoobchodn\u00ed distributor","description":"R\u00fd\u017eov\u00fd protein je jedine\u010dn\u00fd dopln\u011bk stravy. Tento protein je vyroben z nejkvalitn\u011bj\u0161\u00ed r\u00fd\u017ee a dod\u00e1v\u00e1 t\u011blu esenci\u00e1ln\u00ed aminokyseliny.","robots":{"index":"index","follow":"follow","max-snippet":"max-snippet:-1","max-image-preview":"max-image-preview:large","max-video-preview":"max-video-preview:-1"},"canonical":"https:\/\/naturalpoland.com\/cs\/produkty\/produkty-pro-potravinarsky-prumysl\/rostlinne-bilkoviny\/protein-ryze\/","og_locale":"cs_CZ","og_type":"article","og_title":"R\u00fd\u017eov\u00fd protein - Velkoobchodn\u00ed distributor","og_description":"R\u00fd\u017eov\u00fd protein je jedine\u010dn\u00fd dopln\u011bk stravy. Tento protein je vyroben z nejkvalitn\u011bj\u0161\u00ed r\u00fd\u017ee a dod\u00e1v\u00e1 t\u011blu esenci\u00e1ln\u00ed aminokyseliny.","og_url":"https:\/\/naturalpoland.com\/cs\/produkty\/produkty-pro-potravinarsky-prumysl\/rostlinne-bilkoviny\/protein-ryze\/","og_site_name":"NATURAL POLAND - Velkoobchodn\u00ed distributor surovin","article_publisher":"https:\/\/www.facebook.com\/naturalpoland.b2b","article_modified_time":"2023-10-03T08:08:55+00:00","og_image":[{"width":650,"height":650,"url":"https:\/\/naturalpoland.com\/wp-content\/uploads\/bialko-ryzowe.jpg","type":"image\/jpeg"}],"schema":{"@context":"https:\/\/schema.org","@graph":[{"@type":"WebPage","@id":"https:\/\/naturalpoland.com\/cs\/produkty\/produkty-pro-potravinarsky-prumysl\/rostlinne-bilkoviny\/protein-ryze\/","url":"https:\/\/naturalpoland.com\/cs\/produkty\/produkty-pro-potravinarsky-prumysl\/rostlinne-bilkoviny\/protein-ryze\/","name":"R\u00fd\u017eov\u00fd protein - Velkoobchodn\u00ed distributor","isPartOf":{"@id":"https:\/\/naturalpoland.com\/cs\/#website"},"primaryImageOfPage":{"@id":"https:\/\/naturalpoland.com\/cs\/produkty\/produkty-pro-potravinarsky-prumysl\/rostlinne-bilkoviny\/protein-ryze\/#primaryimage"},"image":{"@id":"https:\/\/naturalpoland.com\/cs\/produkty\/produkty-pro-potravinarsky-prumysl\/rostlinne-bilkoviny\/protein-ryze\/#primaryimage"},"thumbnailUrl":"https:\/\/naturalpoland.com\/wp-content\/uploads\/bialko-ryzowe.jpg","datePublished":"2023-10-02T11:36:26+00:00","dateModified":"2023-10-03T08:08:55+00:00","description":"R\u00fd\u017eov\u00fd protein je jedine\u010dn\u00fd dopln\u011bk stravy. Tento protein je vyroben z nejkvalitn\u011bj\u0161\u00ed r\u00fd\u017ee a dod\u00e1v\u00e1 t\u011blu esenci\u00e1ln\u00ed aminokyseliny.","breadcrumb":{"@id":"https:\/\/naturalpoland.com\/cs\/produkty\/produkty-pro-potravinarsky-prumysl\/rostlinne-bilkoviny\/protein-ryze\/#breadcrumb"},"inLanguage":"cs","potentialAction":[{"@type":"ReadAction","target":["https:\/\/naturalpoland.com\/cs\/produkty\/produkty-pro-potravinarsky-prumysl\/rostlinne-bilkoviny\/protein-ryze\/"]}]},{"@type":"ImageObject","inLanguage":"cs","@id":"https:\/\/naturalpoland.com\/cs\/produkty\/produkty-pro-potravinarsky-prumysl\/rostlinne-bilkoviny\/protein-ryze\/#primaryimage","url":"https:\/\/naturalpoland.com\/wp-content\/uploads\/bialko-ryzowe.jpg","contentUrl":"https:\/\/naturalpoland.com\/wp-content\/uploads\/bialko-ryzowe.jpg","width":650,"height":650,"caption":"r\u00fd\u017eov\u00fd protein"},{"@type":"BreadcrumbList","@id":"https:\/\/naturalpoland.com\/cs\/produkty\/produkty-pro-potravinarsky-prumysl\/rostlinne-bilkoviny\/protein-ryze\/#breadcrumb","itemListElement":[{"@type":"ListItem","position":1,"name":"Dom\u016f","item":"https:\/\/naturalpoland.com\/cs\/"},{"@type":"ListItem","position":2,"name":"Produkty","item":"https:\/\/naturalpoland.com\/cs\/produkty\/"},{"@type":"ListItem","position":3,"name":"R\u00fd\u017eov\u00fd protein"}]},{"@type":"WebSite","@id":"https:\/\/naturalpoland.com\/cs\/#website","url":"https:\/\/naturalpoland.com\/cs\/","name":"NATURAL POLAND - Velkoobchodn\u00ed distributor surovin","description":"Surowce dla przemys\u0142u spo\u017cywczego, kosmetycznego i farmaceutycznego","publisher":{"@id":"https:\/\/naturalpoland.com\/cs\/#organization"},"potentialAction":[{"@type":"SearchAction","target":{"@type":"EntryPoint","urlTemplate":"https:\/\/naturalpoland.com\/cs\/?s={search_term_string}"},"query-input":{"@type":"PropertyValueSpecification","valueRequired":true,"valueName":"search_term_string"}}],"inLanguage":"cs"},{"@type":"Organization","@id":"https:\/\/naturalpoland.com\/cs\/#organization","name":"Natural Poland","url":"https:\/\/naturalpoland.com\/cs\/","logo":{"@type":"ImageObject","inLanguage":"cs","@id":"https:\/\/naturalpoland.com\/cs\/#\/schema\/logo\/image\/","url":"https:\/\/naturalpoland.com\/wp-content\/uploads\/2021\/05\/natural-poland-icon.png","contentUrl":"https:\/\/naturalpoland.com\/wp-content\/uploads\/2021\/05\/natural-poland-icon.png","width":512,"height":512,"caption":"Natural Poland"},"image":{"@id":"https:\/\/naturalpoland.com\/cs\/#\/schema\/logo\/image\/"},"sameAs":["https:\/\/www.facebook.com\/naturalpoland.b2b","https:\/\/pl.linkedin.com\/company\/natural-poland","https:\/\/www.youtube.com\/channel\/UCgeGGkvOMahZo-xu_MSEWxg"]}]}},"_links":{"self":[{"href":"https:\/\/naturalpoland.com\/cs\/wp-json\/wp\/v2\/product\/26082","targetHints":{"allow":["GET"]}}],"collection":[{"href":"https:\/\/naturalpoland.com\/cs\/wp-json\/wp\/v2\/product"}],"about":[{"href":"https:\/\/naturalpoland.com\/cs\/wp-json\/wp\/v2\/types\/product"}],"wp:featuredmedia":[{"embeddable":true,"href":"https:\/\/naturalpoland.com\/cs\/wp-json\/wp\/v2\/media\/25897"}],"wp:attachment":[{"href":"https:\/\/naturalpoland.com\/cs\/wp-json\/wp\/v2\/media?parent=26082"}],"wp:term":[{"taxonomy":"product_brand","embeddable":true,"href":"https:\/\/naturalpoland.com\/cs\/wp-json\/wp\/v2\/product_brand?post=26082"},{"taxonomy":"product_cat","embeddable":true,"href":"https:\/\/naturalpoland.com\/cs\/wp-json\/wp\/v2\/product_cat?post=26082"},{"taxonomy":"product_tag","embeddable":true,"href":"https:\/\/naturalpoland.com\/cs\/wp-json\/wp\/v2\/product_tag?post=26082"}],"curies":[{"name":"wp","href":"https:\/\/api.w.org\/{rel}","templated":true}]}}