{"id":26109,"date":"2023-10-02T14:15:36","date_gmt":"2023-10-02T12:15:36","guid":{"rendered":"https:\/\/naturalpoland.com\/produkty\/nezarazene\/slunecnicovy-protein\/"},"modified":"2023-10-03T10:09:07","modified_gmt":"2023-10-03T08:09:07","slug":"protein-slunecnice","status":"publish","type":"product","link":"https:\/\/naturalpoland.com\/cs\/produkty\/produkty-pro-potravinarsky-prumysl\/rostlinne-bilkoviny\/protein-slunecnice\/","title":{"rendered":"Slune\u010dnicov\u00fd protein"},"content":{"rendered":"<p>Slune\u010dnicov\u00e1 b\u00edlkovina m\u00e1 vynikaj\u00edc\u00ed aminokyselinov\u00fd profil, kter\u00fd zahrnuje v\u0161echny esenci\u00e1ln\u00ed aminokyseliny, tak\u017ee je kompletn\u00edm zdrojem b\u00edlkovin. Slune\u010dnicov\u00fd protein nav\u00edc neobsahuje alergeny, jako je lepek a s\u00f3ja, tak\u017ee je vynikaj\u00edc\u00ed volbou pro osoby s potravinovou intoleranc\u00ed nebo alergi\u00ed.<\/p>\n<p>N\u00edzk\u00fd obsah tuku a nedostatek cholesterolu jsou v\u00fdhodou pro lidi, kte\u0159\u00ed dbaj\u00ed na sv\u00e9 zdrav\u00ed. To pom\u00e1h\u00e1 udr\u017eovat norm\u00e1ln\u00ed hladinu cholesterolu v krvi a podporuje zdrav\u00ed kardiovaskul\u00e1rn\u00edho syst\u00e9mu.<\/p>\n<p>Slune\u010dnicov\u00e9 b\u00edlkoviny jsou snadno straviteln\u00e9 a t\u011blo je dok\u00e1\u017ee efektivn\u011b vyu\u017e\u00edt k tvorb\u011b a obnov\u011b svalov\u00e9 tk\u00e1n\u011b. Je tak\u00e9 bohat\u00fd na antioxidanty, kter\u00e9 pom\u00e1haj\u00ed bojovat proti voln\u00fdm radik\u00e1l\u016fm a podporuj\u00ed celkovou imunitu organismu.<\/p>\n<p>D\u00edky sv\u00e9 neutr\u00e1ln\u00ed chuti a struktu\u0159e je slune\u010dnicov\u00fd protein univerz\u00e1ln\u00ed slo\u017ekou, kterou lze p\u0159id\u00e1vat do \u0161irok\u00e9 \u0161k\u00e1ly potravin, od n\u00e1poj\u016f a koktejl\u016f a\u017e po pe\u010divo a t\u011bstoviny. Je tak\u00e9 vhodn\u00fdm dopl\u0148kem vegetari\u00e1nsk\u00e9 a vegansk\u00e9 stravy, proto\u017ee usnad\u0148uje p\u0159\u00edjem spr\u00e1vn\u00e9ho mno\u017estv\u00ed b\u00edlkovin.<\/p>\n<p>Slune\u010dnicov\u00e9 b\u00edlkoviny vyroben\u00e9 ekologicky a udr\u017eiteln\u00fdm zp\u016fsobem jsou odpov\u011bdnou a udr\u017eitelnou volbou. Jej\u00ed p\u011bstov\u00e1n\u00ed nevy\u017eaduje pou\u017e\u00edv\u00e1n\u00ed intenzivn\u00edch chemick\u00fdch l\u00e1tek a rostlina je sama o sob\u011b tolerantn\u00ed k \u0161irok\u00e9 \u0161k\u00e1le klimatick\u00fdch podm\u00ednek, co\u017e minimalizuje pot\u0159ebu intenzivn\u00edho zavla\u017eov\u00e1n\u00ed a dal\u0161\u00edch agronomick\u00fdch postup\u016f.<\/p>\n","protected":false},"excerpt":{"rendered":"<p>Slune\u010dnicov\u00fd protein je cenn\u00fdm dopl\u0148kem stravy, kter\u00fd poskytuje d\u016fle\u017eit\u00e9 nutri\u010dn\u00ed hodnoty s r\u016fzn\u00fdm obsahem b\u00edlkovin:<strong> 45 %, 50 %<\/strong> a <strong>60 %<\/strong>. Z\u00edsk\u00e1v\u00e1 se ze slune\u010dnicov\u00fdch sem\u00ednek a je alternativou k \u017eivo\u010di\u0161n\u00fdm b\u00edlkovin\u00e1m, stejn\u011b jako k jin\u00fdm rostlinn\u00fdm b\u00edlkovin\u00e1m.<\/p>\n","protected":false},"featured_media":25936,"template":"","meta":{"_acf_changed":false},"product_brand":[],"product_cat":[629,2663],"product_tag":[],"class_list":{"0":"post-26109","1":"product","2":"type-product","3":"status-publish","4":"has-post-thumbnail","6":"product_cat-pridavky-k-doplnkum-stravy","7":"product_cat-rostlinne-bilkoviny","9":"first","10":"instock","11":"shipping-taxable","12":"product-type-simple"},"acf":[],"yoast_head":"<!-- This site is optimized with the Yoast SEO plugin v27.4 - https:\/\/yoast.com\/product\/yoast-seo-wordpress\/ -->\n<title>Slune\u010dnicov\u00fd protein - Velkoobchodn\u00ed distributor<\/title>\n<meta name=\"description\" content=\"Slune\u010dnicov\u00fd protein je cenn\u00fdm dopl\u0148kem stravy, kter\u00fd poskytuje d\u016fle\u017eit\u00e9 nutri\u010dn\u00ed hodnoty s r\u016fzn\u00fdm obsahem b\u00edlkovin: 45 %, 50 % a 60 %.\" \/>\n<meta name=\"robots\" content=\"index, follow, max-snippet:-1, max-image-preview:large, max-video-preview:-1\" \/>\n<link rel=\"canonical\" href=\"https:\/\/naturalpoland.com\/cs\/produkty\/produkty-pro-potravinarsky-prumysl\/rostlinne-bilkoviny\/protein-slunecnice\/\" \/>\n<meta property=\"og:locale\" content=\"cs_CZ\" \/>\n<meta property=\"og:type\" content=\"article\" \/>\n<meta property=\"og:title\" content=\"Slune\u010dnicov\u00fd protein - Velkoobchodn\u00ed distributor\" \/>\n<meta property=\"og:description\" content=\"Slune\u010dnicov\u00fd protein je cenn\u00fdm dopl\u0148kem stravy, kter\u00fd poskytuje d\u016fle\u017eit\u00e9 nutri\u010dn\u00ed hodnoty s r\u016fzn\u00fdm obsahem b\u00edlkovin: 45 %, 50 % a 60 %.\" \/>\n<meta property=\"og:url\" content=\"https:\/\/naturalpoland.com\/cs\/produkty\/produkty-pro-potravinarsky-prumysl\/rostlinne-bilkoviny\/protein-slunecnice\/\" \/>\n<meta property=\"og:site_name\" content=\"NATURAL POLAND - Velkoobchodn\u00ed distributor surovin\" \/>\n<meta property=\"article:publisher\" content=\"https:\/\/www.facebook.com\/naturalpoland.b2b\" \/>\n<meta property=\"article:modified_time\" content=\"2023-10-03T08:09:07+00:00\" \/>\n<meta property=\"og:image\" content=\"https:\/\/naturalpoland.com\/wp-content\/uploads\/bialko-slonecznikowe.jpg\" \/>\n\t<meta property=\"og:image:width\" content=\"650\" \/>\n\t<meta property=\"og:image:height\" content=\"650\" \/>\n\t<meta property=\"og:image:type\" content=\"image\/jpeg\" \/>\n<script type=\"application\/ld+json\" class=\"yoast-schema-graph\">{\"@context\":\"https:\\\/\\\/schema.org\",\"@graph\":[{\"@type\":\"WebPage\",\"@id\":\"https:\\\/\\\/naturalpoland.com\\\/cs\\\/produkty\\\/produkty-pro-potravinarsky-prumysl\\\/rostlinne-bilkoviny\\\/protein-slunecnice\\\/\",\"url\":\"https:\\\/\\\/naturalpoland.com\\\/cs\\\/produkty\\\/produkty-pro-potravinarsky-prumysl\\\/rostlinne-bilkoviny\\\/protein-slunecnice\\\/\",\"name\":\"Slune\u010dnicov\u00fd protein - Velkoobchodn\u00ed distributor\",\"isPartOf\":{\"@id\":\"https:\\\/\\\/naturalpoland.com\\\/cs\\\/#website\"},\"primaryImageOfPage\":{\"@id\":\"https:\\\/\\\/naturalpoland.com\\\/cs\\\/produkty\\\/produkty-pro-potravinarsky-prumysl\\\/rostlinne-bilkoviny\\\/protein-slunecnice\\\/#primaryimage\"},\"image\":{\"@id\":\"https:\\\/\\\/naturalpoland.com\\\/cs\\\/produkty\\\/produkty-pro-potravinarsky-prumysl\\\/rostlinne-bilkoviny\\\/protein-slunecnice\\\/#primaryimage\"},\"thumbnailUrl\":\"https:\\\/\\\/naturalpoland.com\\\/wp-content\\\/uploads\\\/bialko-slonecznikowe.jpg\",\"datePublished\":\"2023-10-02T12:15:36+00:00\",\"dateModified\":\"2023-10-03T08:09:07+00:00\",\"description\":\"Slune\u010dnicov\u00fd protein je cenn\u00fdm dopl\u0148kem stravy, kter\u00fd poskytuje d\u016fle\u017eit\u00e9 nutri\u010dn\u00ed hodnoty s r\u016fzn\u00fdm obsahem b\u00edlkovin: 45 %, 50 % a 60 %.\",\"breadcrumb\":{\"@id\":\"https:\\\/\\\/naturalpoland.com\\\/cs\\\/produkty\\\/produkty-pro-potravinarsky-prumysl\\\/rostlinne-bilkoviny\\\/protein-slunecnice\\\/#breadcrumb\"},\"inLanguage\":\"cs\",\"potentialAction\":[{\"@type\":\"ReadAction\",\"target\":[\"https:\\\/\\\/naturalpoland.com\\\/cs\\\/produkty\\\/produkty-pro-potravinarsky-prumysl\\\/rostlinne-bilkoviny\\\/protein-slunecnice\\\/\"]}]},{\"@type\":\"ImageObject\",\"inLanguage\":\"cs\",\"@id\":\"https:\\\/\\\/naturalpoland.com\\\/cs\\\/produkty\\\/produkty-pro-potravinarsky-prumysl\\\/rostlinne-bilkoviny\\\/protein-slunecnice\\\/#primaryimage\",\"url\":\"https:\\\/\\\/naturalpoland.com\\\/wp-content\\\/uploads\\\/bialko-slonecznikowe.jpg\",\"contentUrl\":\"https:\\\/\\\/naturalpoland.com\\\/wp-content\\\/uploads\\\/bialko-slonecznikowe.jpg\",\"width\":650,\"height\":650,\"caption\":\"slune\u010dnicov\u00fd protein\"},{\"@type\":\"BreadcrumbList\",\"@id\":\"https:\\\/\\\/naturalpoland.com\\\/cs\\\/produkty\\\/produkty-pro-potravinarsky-prumysl\\\/rostlinne-bilkoviny\\\/protein-slunecnice\\\/#breadcrumb\",\"itemListElement\":[{\"@type\":\"ListItem\",\"position\":1,\"name\":\"Dom\u016f\",\"item\":\"https:\\\/\\\/naturalpoland.com\\\/cs\\\/\"},{\"@type\":\"ListItem\",\"position\":2,\"name\":\"Produkty\",\"item\":\"https:\\\/\\\/naturalpoland.com\\\/cs\\\/produkty\\\/\"},{\"@type\":\"ListItem\",\"position\":3,\"name\":\"Slune\u010dnicov\u00fd protein\"}]},{\"@type\":\"WebSite\",\"@id\":\"https:\\\/\\\/naturalpoland.com\\\/cs\\\/#website\",\"url\":\"https:\\\/\\\/naturalpoland.com\\\/cs\\\/\",\"name\":\"NATURAL POLAND - Velkoobchodn\u00ed distributor surovin\",\"description\":\"Surowce dla przemys\u0142u spo\u017cywczego, kosmetycznego i farmaceutycznego\",\"publisher\":{\"@id\":\"https:\\\/\\\/naturalpoland.com\\\/cs\\\/#organization\"},\"potentialAction\":[{\"@type\":\"SearchAction\",\"target\":{\"@type\":\"EntryPoint\",\"urlTemplate\":\"https:\\\/\\\/naturalpoland.com\\\/cs\\\/?s={search_term_string}\"},\"query-input\":{\"@type\":\"PropertyValueSpecification\",\"valueRequired\":true,\"valueName\":\"search_term_string\"}}],\"inLanguage\":\"cs\"},{\"@type\":\"Organization\",\"@id\":\"https:\\\/\\\/naturalpoland.com\\\/cs\\\/#organization\",\"name\":\"Natural Poland\",\"url\":\"https:\\\/\\\/naturalpoland.com\\\/cs\\\/\",\"logo\":{\"@type\":\"ImageObject\",\"inLanguage\":\"cs\",\"@id\":\"https:\\\/\\\/naturalpoland.com\\\/cs\\\/#\\\/schema\\\/logo\\\/image\\\/\",\"url\":\"https:\\\/\\\/naturalpoland.com\\\/wp-content\\\/uploads\\\/2021\\\/05\\\/natural-poland-icon.png\",\"contentUrl\":\"https:\\\/\\\/naturalpoland.com\\\/wp-content\\\/uploads\\\/2021\\\/05\\\/natural-poland-icon.png\",\"width\":512,\"height\":512,\"caption\":\"Natural Poland\"},\"image\":{\"@id\":\"https:\\\/\\\/naturalpoland.com\\\/cs\\\/#\\\/schema\\\/logo\\\/image\\\/\"},\"sameAs\":[\"https:\\\/\\\/www.facebook.com\\\/naturalpoland.b2b\",\"https:\\\/\\\/pl.linkedin.com\\\/company\\\/natural-poland\",\"https:\\\/\\\/www.youtube.com\\\/channel\\\/UCgeGGkvOMahZo-xu_MSEWxg\"]}]}<\/script>\n<!-- \/ Yoast SEO plugin. -->","yoast_head_json":{"title":"Slune\u010dnicov\u00fd protein - Velkoobchodn\u00ed distributor","description":"Slune\u010dnicov\u00fd protein je cenn\u00fdm dopl\u0148kem stravy, kter\u00fd poskytuje d\u016fle\u017eit\u00e9 nutri\u010dn\u00ed hodnoty s r\u016fzn\u00fdm obsahem b\u00edlkovin: 45 %, 50 % a 60 %.","robots":{"index":"index","follow":"follow","max-snippet":"max-snippet:-1","max-image-preview":"max-image-preview:large","max-video-preview":"max-video-preview:-1"},"canonical":"https:\/\/naturalpoland.com\/cs\/produkty\/produkty-pro-potravinarsky-prumysl\/rostlinne-bilkoviny\/protein-slunecnice\/","og_locale":"cs_CZ","og_type":"article","og_title":"Slune\u010dnicov\u00fd protein - Velkoobchodn\u00ed distributor","og_description":"Slune\u010dnicov\u00fd protein je cenn\u00fdm dopl\u0148kem stravy, kter\u00fd poskytuje d\u016fle\u017eit\u00e9 nutri\u010dn\u00ed hodnoty s r\u016fzn\u00fdm obsahem b\u00edlkovin: 45 %, 50 % a 60 %.","og_url":"https:\/\/naturalpoland.com\/cs\/produkty\/produkty-pro-potravinarsky-prumysl\/rostlinne-bilkoviny\/protein-slunecnice\/","og_site_name":"NATURAL POLAND - Velkoobchodn\u00ed distributor surovin","article_publisher":"https:\/\/www.facebook.com\/naturalpoland.b2b","article_modified_time":"2023-10-03T08:09:07+00:00","og_image":[{"width":650,"height":650,"url":"https:\/\/naturalpoland.com\/wp-content\/uploads\/bialko-slonecznikowe.jpg","type":"image\/jpeg"}],"schema":{"@context":"https:\/\/schema.org","@graph":[{"@type":"WebPage","@id":"https:\/\/naturalpoland.com\/cs\/produkty\/produkty-pro-potravinarsky-prumysl\/rostlinne-bilkoviny\/protein-slunecnice\/","url":"https:\/\/naturalpoland.com\/cs\/produkty\/produkty-pro-potravinarsky-prumysl\/rostlinne-bilkoviny\/protein-slunecnice\/","name":"Slune\u010dnicov\u00fd protein - Velkoobchodn\u00ed distributor","isPartOf":{"@id":"https:\/\/naturalpoland.com\/cs\/#website"},"primaryImageOfPage":{"@id":"https:\/\/naturalpoland.com\/cs\/produkty\/produkty-pro-potravinarsky-prumysl\/rostlinne-bilkoviny\/protein-slunecnice\/#primaryimage"},"image":{"@id":"https:\/\/naturalpoland.com\/cs\/produkty\/produkty-pro-potravinarsky-prumysl\/rostlinne-bilkoviny\/protein-slunecnice\/#primaryimage"},"thumbnailUrl":"https:\/\/naturalpoland.com\/wp-content\/uploads\/bialko-slonecznikowe.jpg","datePublished":"2023-10-02T12:15:36+00:00","dateModified":"2023-10-03T08:09:07+00:00","description":"Slune\u010dnicov\u00fd protein je cenn\u00fdm dopl\u0148kem stravy, kter\u00fd poskytuje d\u016fle\u017eit\u00e9 nutri\u010dn\u00ed hodnoty s r\u016fzn\u00fdm obsahem b\u00edlkovin: 45 %, 50 % a 60 %.","breadcrumb":{"@id":"https:\/\/naturalpoland.com\/cs\/produkty\/produkty-pro-potravinarsky-prumysl\/rostlinne-bilkoviny\/protein-slunecnice\/#breadcrumb"},"inLanguage":"cs","potentialAction":[{"@type":"ReadAction","target":["https:\/\/naturalpoland.com\/cs\/produkty\/produkty-pro-potravinarsky-prumysl\/rostlinne-bilkoviny\/protein-slunecnice\/"]}]},{"@type":"ImageObject","inLanguage":"cs","@id":"https:\/\/naturalpoland.com\/cs\/produkty\/produkty-pro-potravinarsky-prumysl\/rostlinne-bilkoviny\/protein-slunecnice\/#primaryimage","url":"https:\/\/naturalpoland.com\/wp-content\/uploads\/bialko-slonecznikowe.jpg","contentUrl":"https:\/\/naturalpoland.com\/wp-content\/uploads\/bialko-slonecznikowe.jpg","width":650,"height":650,"caption":"slune\u010dnicov\u00fd protein"},{"@type":"BreadcrumbList","@id":"https:\/\/naturalpoland.com\/cs\/produkty\/produkty-pro-potravinarsky-prumysl\/rostlinne-bilkoviny\/protein-slunecnice\/#breadcrumb","itemListElement":[{"@type":"ListItem","position":1,"name":"Dom\u016f","item":"https:\/\/naturalpoland.com\/cs\/"},{"@type":"ListItem","position":2,"name":"Produkty","item":"https:\/\/naturalpoland.com\/cs\/produkty\/"},{"@type":"ListItem","position":3,"name":"Slune\u010dnicov\u00fd protein"}]},{"@type":"WebSite","@id":"https:\/\/naturalpoland.com\/cs\/#website","url":"https:\/\/naturalpoland.com\/cs\/","name":"NATURAL POLAND - Velkoobchodn\u00ed distributor surovin","description":"Surowce dla przemys\u0142u spo\u017cywczego, kosmetycznego i farmaceutycznego","publisher":{"@id":"https:\/\/naturalpoland.com\/cs\/#organization"},"potentialAction":[{"@type":"SearchAction","target":{"@type":"EntryPoint","urlTemplate":"https:\/\/naturalpoland.com\/cs\/?s={search_term_string}"},"query-input":{"@type":"PropertyValueSpecification","valueRequired":true,"valueName":"search_term_string"}}],"inLanguage":"cs"},{"@type":"Organization","@id":"https:\/\/naturalpoland.com\/cs\/#organization","name":"Natural Poland","url":"https:\/\/naturalpoland.com\/cs\/","logo":{"@type":"ImageObject","inLanguage":"cs","@id":"https:\/\/naturalpoland.com\/cs\/#\/schema\/logo\/image\/","url":"https:\/\/naturalpoland.com\/wp-content\/uploads\/2021\/05\/natural-poland-icon.png","contentUrl":"https:\/\/naturalpoland.com\/wp-content\/uploads\/2021\/05\/natural-poland-icon.png","width":512,"height":512,"caption":"Natural Poland"},"image":{"@id":"https:\/\/naturalpoland.com\/cs\/#\/schema\/logo\/image\/"},"sameAs":["https:\/\/www.facebook.com\/naturalpoland.b2b","https:\/\/pl.linkedin.com\/company\/natural-poland","https:\/\/www.youtube.com\/channel\/UCgeGGkvOMahZo-xu_MSEWxg"]}]}},"_links":{"self":[{"href":"https:\/\/naturalpoland.com\/cs\/wp-json\/wp\/v2\/product\/26109","targetHints":{"allow":["GET"]}}],"collection":[{"href":"https:\/\/naturalpoland.com\/cs\/wp-json\/wp\/v2\/product"}],"about":[{"href":"https:\/\/naturalpoland.com\/cs\/wp-json\/wp\/v2\/types\/product"}],"wp:featuredmedia":[{"embeddable":true,"href":"https:\/\/naturalpoland.com\/cs\/wp-json\/wp\/v2\/media\/25936"}],"wp:attachment":[{"href":"https:\/\/naturalpoland.com\/cs\/wp-json\/wp\/v2\/media?parent=26109"}],"wp:term":[{"taxonomy":"product_brand","embeddable":true,"href":"https:\/\/naturalpoland.com\/cs\/wp-json\/wp\/v2\/product_brand?post=26109"},{"taxonomy":"product_cat","embeddable":true,"href":"https:\/\/naturalpoland.com\/cs\/wp-json\/wp\/v2\/product_cat?post=26109"},{"taxonomy":"product_tag","embeddable":true,"href":"https:\/\/naturalpoland.com\/cs\/wp-json\/wp\/v2\/product_tag?post=26109"}],"curies":[{"name":"wp","href":"https:\/\/api.w.org\/{rel}","templated":true}]}}