{"id":26112,"date":"2023-10-02T13:56:47","date_gmt":"2023-10-02T11:56:47","guid":{"rendered":"https:\/\/naturalpoland.com\/produkty\/nezarazene\/bilkoviny-z-bobu\/"},"modified":"2023-10-03T10:09:09","modified_gmt":"2023-10-03T08:09:09","slug":"protein-fazole","status":"publish","type":"product","link":"https:\/\/naturalpoland.com\/cs\/produkty\/produkty-pro-potravinarsky-prumysl\/rostlinne-bilkoviny\/protein-fazole\/","title":{"rendered":"B\u00edlkoviny z bob\u016f"},"content":{"rendered":"<p>Jeho nejv\u011bt\u0161\u00ed v\u00fdhodou je kompletn\u00ed aminokyselinov\u00fd profil &#8211; <strong>obsahuje v\u0161echny esenci\u00e1ln\u00ed aminokyseliny<\/strong>, co\u017e je mezi rostlinn\u00fdmi b\u00edlkovinami vz\u00e1cn\u00e9. D\u00edky tomu m\u016f\u017ee protein z bob\u016f \u00fa\u010dinn\u011b podporovat regenera\u010dn\u00ed procesy v t\u011ble, v\u00fdstavbu a obnovu svalov\u00e9 tk\u00e1n\u011b a norm\u00e1ln\u00ed pr\u016fb\u011bh mnoha kl\u00ed\u010dov\u00fdch metabolick\u00fdch proces\u016f.<\/p>\n<p>Nutri\u010dn\u00ed hodnoty b\u00edlkovin z bobu jsou dostate\u010dn\u011b v\u0161estrann\u00e9. Tento produkt mohou \u00fasp\u011b\u0161n\u011b pou\u017e\u00edvat jak sportovci, tak i lid\u00e9 s m\u00e9n\u011b aktivn\u00edm \u017eivotn\u00edm stylem. Jeho pravideln\u00e1 konzumace m\u016f\u017ee pomoci zlep\u0161it celkovou kondici organismu a splnit denn\u00ed normu b\u00edlkovin, kter\u00e1 je kl\u00ed\u010dov\u00e1 zejm\u00e9na p\u0159i vegetari\u00e1nsk\u00e9 a vegansk\u00e9 strav\u011b.<\/p>\n<p>D\u00edky sv\u00e9 jemn\u00e9, neutr\u00e1ln\u00ed chuti se protein z bobu v\u00fdborn\u011b hod\u00ed k r\u016fzn\u00fdm pokrm\u016fm. Lze je p\u0159id\u00e1vat do koktejl\u016f, proteinov\u00fdch koktejl\u016f, ovesn\u00fdch ka\u0161\u00ed, jogurt\u016f, sal\u00e1t\u016f nebo je pou\u017e\u00edt jako p\u0159\u00edsadu do pe\u010diva a hotov\u00fdch j\u00eddel, \u010d\u00edm\u017e se zv\u00fd\u0161\u00ed jejich v\u00fd\u017eivov\u00e1 hodnota.<\/p>\n<p>Boby nav\u00edc neobsahuj\u00ed lepek a jsou hypoalergenn\u00ed, tak\u017ee jsou bezpe\u010dn\u00e9 i pro osoby s potravinovou intoleranc\u00ed a alergi\u00ed. Spr\u00e1vn\u011b zpracovan\u00e1 slo\u017eka je pro t\u011blo snadno vst\u0159ebateln\u00e1 a straviteln\u00e1 bez dal\u0161\u00edho zat\u00ed\u017een\u00ed tr\u00e1vic\u00edho syst\u00e9mu.<\/p>\n<p>Nelze opomenout ani ekologick\u00e9 aspekty produkce b\u00edlkovin z bobu. Jedn\u00e1 se o udr\u017eitelnou surovinu, jej\u00ed\u017e p\u011bstov\u00e1n\u00ed m\u00e1 n\u00edzk\u00fd dopad na \u017eivotn\u00ed prost\u0159ed\u00ed, tak\u017ee je \u0161etrn\u00e1 k planet\u011b. V dob\u011b rostouc\u00edho pov\u011bdom\u00ed spot\u0159ebitel\u016f o \u017eivotn\u00edm prost\u0159ed\u00ed je takov\u00fd argument st\u00e1le d\u016fle\u017eit\u011bj\u0161\u00ed a b\u00edlkoviny z bob\u016f tato o\u010dek\u00e1v\u00e1n\u00ed rozhodn\u011b spl\u0148uj\u00ed.<\/p>\n","protected":false},"excerpt":{"rendered":"<p>Fazolov\u00fd protein s obsahem 60 % b\u00edlkovin je vynikaj\u00edc\u00edm rostlinn\u00fdm zdrojem b\u00edlkovin. Je to vynikaj\u00edc\u00ed alternativa pro ty, kte\u0159\u00ed hledaj\u00ed rozmanit\u00e9 a hodnotn\u00e9 zdroje b\u00edlkovin ve sv\u00e9 strav\u011b.<\/p>\n","protected":false},"featured_media":25923,"template":"","meta":{"_acf_changed":false},"product_brand":[],"product_cat":[2663],"product_tag":[],"class_list":{"0":"post-26112","1":"product","2":"type-product","3":"status-publish","4":"has-post-thumbnail","6":"product_cat-rostlinne-bilkoviny","8":"first","9":"instock","10":"shipping-taxable","11":"product-type-simple"},"acf":[],"yoast_head":"<!-- This site is optimized with the Yoast SEO plugin v27.4 - https:\/\/yoast.com\/product\/yoast-seo-wordpress\/ -->\n<title>B\u00edlkoviny z bob\u016f - Velkoobchodn\u00ed distributor<\/title>\n<meta name=\"robots\" content=\"index, follow, max-snippet:-1, max-image-preview:large, max-video-preview:-1\" \/>\n<link rel=\"canonical\" href=\"https:\/\/naturalpoland.com\/cs\/produkty\/produkty-pro-potravinarsky-prumysl\/rostlinne-bilkoviny\/protein-fazole\/\" \/>\n<meta property=\"og:locale\" content=\"cs_CZ\" \/>\n<meta property=\"og:type\" content=\"article\" \/>\n<meta property=\"og:title\" content=\"B\u00edlkoviny z bob\u016f - Velkoobchodn\u00ed distributor\" \/>\n<meta property=\"og:description\" content=\"Fazolov\u00fd protein s obsahem 60 % b\u00edlkovin je vynikaj\u00edc\u00edm rostlinn\u00fdm zdrojem b\u00edlkovin. Je to vynikaj\u00edc\u00ed alternativa pro ty, kte\u0159\u00ed hledaj\u00ed rozmanit\u00e9 a hodnotn\u00e9 zdroje b\u00edlkovin ve sv\u00e9 strav\u011b.\" \/>\n<meta property=\"og:url\" content=\"https:\/\/naturalpoland.com\/cs\/produkty\/produkty-pro-potravinarsky-prumysl\/rostlinne-bilkoviny\/protein-fazole\/\" \/>\n<meta property=\"og:site_name\" content=\"NATURAL POLAND - Velkoobchodn\u00ed distributor surovin\" \/>\n<meta property=\"article:publisher\" content=\"https:\/\/www.facebook.com\/naturalpoland.b2b\" \/>\n<meta property=\"article:modified_time\" content=\"2023-10-03T08:09:09+00:00\" \/>\n<meta property=\"og:image\" content=\"https:\/\/naturalpoland.com\/wp-content\/uploads\/bialko-bobu.jpg\" \/>\n\t<meta property=\"og:image:width\" content=\"650\" \/>\n\t<meta property=\"og:image:height\" content=\"650\" \/>\n\t<meta property=\"og:image:type\" content=\"image\/jpeg\" \/>\n<script type=\"application\/ld+json\" class=\"yoast-schema-graph\">{\"@context\":\"https:\\\/\\\/schema.org\",\"@graph\":[{\"@type\":\"WebPage\",\"@id\":\"https:\\\/\\\/naturalpoland.com\\\/cs\\\/produkty\\\/produkty-pro-potravinarsky-prumysl\\\/rostlinne-bilkoviny\\\/protein-fazole\\\/\",\"url\":\"https:\\\/\\\/naturalpoland.com\\\/cs\\\/produkty\\\/produkty-pro-potravinarsky-prumysl\\\/rostlinne-bilkoviny\\\/protein-fazole\\\/\",\"name\":\"B\u00edlkoviny z bob\u016f - Velkoobchodn\u00ed distributor\",\"isPartOf\":{\"@id\":\"https:\\\/\\\/naturalpoland.com\\\/cs\\\/#website\"},\"primaryImageOfPage\":{\"@id\":\"https:\\\/\\\/naturalpoland.com\\\/cs\\\/produkty\\\/produkty-pro-potravinarsky-prumysl\\\/rostlinne-bilkoviny\\\/protein-fazole\\\/#primaryimage\"},\"image\":{\"@id\":\"https:\\\/\\\/naturalpoland.com\\\/cs\\\/produkty\\\/produkty-pro-potravinarsky-prumysl\\\/rostlinne-bilkoviny\\\/protein-fazole\\\/#primaryimage\"},\"thumbnailUrl\":\"https:\\\/\\\/naturalpoland.com\\\/wp-content\\\/uploads\\\/bialko-bobu.jpg\",\"datePublished\":\"2023-10-02T11:56:47+00:00\",\"dateModified\":\"2023-10-03T08:09:09+00:00\",\"breadcrumb\":{\"@id\":\"https:\\\/\\\/naturalpoland.com\\\/cs\\\/produkty\\\/produkty-pro-potravinarsky-prumysl\\\/rostlinne-bilkoviny\\\/protein-fazole\\\/#breadcrumb\"},\"inLanguage\":\"cs\",\"potentialAction\":[{\"@type\":\"ReadAction\",\"target\":[\"https:\\\/\\\/naturalpoland.com\\\/cs\\\/produkty\\\/produkty-pro-potravinarsky-prumysl\\\/rostlinne-bilkoviny\\\/protein-fazole\\\/\"]}]},{\"@type\":\"ImageObject\",\"inLanguage\":\"cs\",\"@id\":\"https:\\\/\\\/naturalpoland.com\\\/cs\\\/produkty\\\/produkty-pro-potravinarsky-prumysl\\\/rostlinne-bilkoviny\\\/protein-fazole\\\/#primaryimage\",\"url\":\"https:\\\/\\\/naturalpoland.com\\\/wp-content\\\/uploads\\\/bialko-bobu.jpg\",\"contentUrl\":\"https:\\\/\\\/naturalpoland.com\\\/wp-content\\\/uploads\\\/bialko-bobu.jpg\",\"width\":650,\"height\":650,\"caption\":\"protein z bobu\"},{\"@type\":\"BreadcrumbList\",\"@id\":\"https:\\\/\\\/naturalpoland.com\\\/cs\\\/produkty\\\/produkty-pro-potravinarsky-prumysl\\\/rostlinne-bilkoviny\\\/protein-fazole\\\/#breadcrumb\",\"itemListElement\":[{\"@type\":\"ListItem\",\"position\":1,\"name\":\"Dom\u016f\",\"item\":\"https:\\\/\\\/naturalpoland.com\\\/cs\\\/\"},{\"@type\":\"ListItem\",\"position\":2,\"name\":\"Produkty\",\"item\":\"https:\\\/\\\/naturalpoland.com\\\/cs\\\/produkty\\\/\"},{\"@type\":\"ListItem\",\"position\":3,\"name\":\"B\u00edlkoviny z bob\u016f\"}]},{\"@type\":\"WebSite\",\"@id\":\"https:\\\/\\\/naturalpoland.com\\\/cs\\\/#website\",\"url\":\"https:\\\/\\\/naturalpoland.com\\\/cs\\\/\",\"name\":\"NATURAL POLAND - Velkoobchodn\u00ed distributor surovin\",\"description\":\"Surowce dla przemys\u0142u spo\u017cywczego, kosmetycznego i farmaceutycznego\",\"publisher\":{\"@id\":\"https:\\\/\\\/naturalpoland.com\\\/cs\\\/#organization\"},\"potentialAction\":[{\"@type\":\"SearchAction\",\"target\":{\"@type\":\"EntryPoint\",\"urlTemplate\":\"https:\\\/\\\/naturalpoland.com\\\/cs\\\/?s={search_term_string}\"},\"query-input\":{\"@type\":\"PropertyValueSpecification\",\"valueRequired\":true,\"valueName\":\"search_term_string\"}}],\"inLanguage\":\"cs\"},{\"@type\":\"Organization\",\"@id\":\"https:\\\/\\\/naturalpoland.com\\\/cs\\\/#organization\",\"name\":\"Natural Poland\",\"url\":\"https:\\\/\\\/naturalpoland.com\\\/cs\\\/\",\"logo\":{\"@type\":\"ImageObject\",\"inLanguage\":\"cs\",\"@id\":\"https:\\\/\\\/naturalpoland.com\\\/cs\\\/#\\\/schema\\\/logo\\\/image\\\/\",\"url\":\"https:\\\/\\\/naturalpoland.com\\\/wp-content\\\/uploads\\\/2021\\\/05\\\/natural-poland-icon.png\",\"contentUrl\":\"https:\\\/\\\/naturalpoland.com\\\/wp-content\\\/uploads\\\/2021\\\/05\\\/natural-poland-icon.png\",\"width\":512,\"height\":512,\"caption\":\"Natural Poland\"},\"image\":{\"@id\":\"https:\\\/\\\/naturalpoland.com\\\/cs\\\/#\\\/schema\\\/logo\\\/image\\\/\"},\"sameAs\":[\"https:\\\/\\\/www.facebook.com\\\/naturalpoland.b2b\",\"https:\\\/\\\/pl.linkedin.com\\\/company\\\/natural-poland\",\"https:\\\/\\\/www.youtube.com\\\/channel\\\/UCgeGGkvOMahZo-xu_MSEWxg\"]}]}<\/script>\n<!-- \/ Yoast SEO plugin. -->","yoast_head_json":{"title":"B\u00edlkoviny z bob\u016f - Velkoobchodn\u00ed distributor","robots":{"index":"index","follow":"follow","max-snippet":"max-snippet:-1","max-image-preview":"max-image-preview:large","max-video-preview":"max-video-preview:-1"},"canonical":"https:\/\/naturalpoland.com\/cs\/produkty\/produkty-pro-potravinarsky-prumysl\/rostlinne-bilkoviny\/protein-fazole\/","og_locale":"cs_CZ","og_type":"article","og_title":"B\u00edlkoviny z bob\u016f - Velkoobchodn\u00ed distributor","og_description":"Fazolov\u00fd protein s obsahem 60 % b\u00edlkovin je vynikaj\u00edc\u00edm rostlinn\u00fdm zdrojem b\u00edlkovin. Je to vynikaj\u00edc\u00ed alternativa pro ty, kte\u0159\u00ed hledaj\u00ed rozmanit\u00e9 a hodnotn\u00e9 zdroje b\u00edlkovin ve sv\u00e9 strav\u011b.","og_url":"https:\/\/naturalpoland.com\/cs\/produkty\/produkty-pro-potravinarsky-prumysl\/rostlinne-bilkoviny\/protein-fazole\/","og_site_name":"NATURAL POLAND - Velkoobchodn\u00ed distributor surovin","article_publisher":"https:\/\/www.facebook.com\/naturalpoland.b2b","article_modified_time":"2023-10-03T08:09:09+00:00","og_image":[{"width":650,"height":650,"url":"https:\/\/naturalpoland.com\/wp-content\/uploads\/bialko-bobu.jpg","type":"image\/jpeg"}],"schema":{"@context":"https:\/\/schema.org","@graph":[{"@type":"WebPage","@id":"https:\/\/naturalpoland.com\/cs\/produkty\/produkty-pro-potravinarsky-prumysl\/rostlinne-bilkoviny\/protein-fazole\/","url":"https:\/\/naturalpoland.com\/cs\/produkty\/produkty-pro-potravinarsky-prumysl\/rostlinne-bilkoviny\/protein-fazole\/","name":"B\u00edlkoviny z bob\u016f - Velkoobchodn\u00ed distributor","isPartOf":{"@id":"https:\/\/naturalpoland.com\/cs\/#website"},"primaryImageOfPage":{"@id":"https:\/\/naturalpoland.com\/cs\/produkty\/produkty-pro-potravinarsky-prumysl\/rostlinne-bilkoviny\/protein-fazole\/#primaryimage"},"image":{"@id":"https:\/\/naturalpoland.com\/cs\/produkty\/produkty-pro-potravinarsky-prumysl\/rostlinne-bilkoviny\/protein-fazole\/#primaryimage"},"thumbnailUrl":"https:\/\/naturalpoland.com\/wp-content\/uploads\/bialko-bobu.jpg","datePublished":"2023-10-02T11:56:47+00:00","dateModified":"2023-10-03T08:09:09+00:00","breadcrumb":{"@id":"https:\/\/naturalpoland.com\/cs\/produkty\/produkty-pro-potravinarsky-prumysl\/rostlinne-bilkoviny\/protein-fazole\/#breadcrumb"},"inLanguage":"cs","potentialAction":[{"@type":"ReadAction","target":["https:\/\/naturalpoland.com\/cs\/produkty\/produkty-pro-potravinarsky-prumysl\/rostlinne-bilkoviny\/protein-fazole\/"]}]},{"@type":"ImageObject","inLanguage":"cs","@id":"https:\/\/naturalpoland.com\/cs\/produkty\/produkty-pro-potravinarsky-prumysl\/rostlinne-bilkoviny\/protein-fazole\/#primaryimage","url":"https:\/\/naturalpoland.com\/wp-content\/uploads\/bialko-bobu.jpg","contentUrl":"https:\/\/naturalpoland.com\/wp-content\/uploads\/bialko-bobu.jpg","width":650,"height":650,"caption":"protein z bobu"},{"@type":"BreadcrumbList","@id":"https:\/\/naturalpoland.com\/cs\/produkty\/produkty-pro-potravinarsky-prumysl\/rostlinne-bilkoviny\/protein-fazole\/#breadcrumb","itemListElement":[{"@type":"ListItem","position":1,"name":"Dom\u016f","item":"https:\/\/naturalpoland.com\/cs\/"},{"@type":"ListItem","position":2,"name":"Produkty","item":"https:\/\/naturalpoland.com\/cs\/produkty\/"},{"@type":"ListItem","position":3,"name":"B\u00edlkoviny z bob\u016f"}]},{"@type":"WebSite","@id":"https:\/\/naturalpoland.com\/cs\/#website","url":"https:\/\/naturalpoland.com\/cs\/","name":"NATURAL POLAND - Velkoobchodn\u00ed distributor surovin","description":"Surowce dla przemys\u0142u spo\u017cywczego, kosmetycznego i farmaceutycznego","publisher":{"@id":"https:\/\/naturalpoland.com\/cs\/#organization"},"potentialAction":[{"@type":"SearchAction","target":{"@type":"EntryPoint","urlTemplate":"https:\/\/naturalpoland.com\/cs\/?s={search_term_string}"},"query-input":{"@type":"PropertyValueSpecification","valueRequired":true,"valueName":"search_term_string"}}],"inLanguage":"cs"},{"@type":"Organization","@id":"https:\/\/naturalpoland.com\/cs\/#organization","name":"Natural Poland","url":"https:\/\/naturalpoland.com\/cs\/","logo":{"@type":"ImageObject","inLanguage":"cs","@id":"https:\/\/naturalpoland.com\/cs\/#\/schema\/logo\/image\/","url":"https:\/\/naturalpoland.com\/wp-content\/uploads\/2021\/05\/natural-poland-icon.png","contentUrl":"https:\/\/naturalpoland.com\/wp-content\/uploads\/2021\/05\/natural-poland-icon.png","width":512,"height":512,"caption":"Natural Poland"},"image":{"@id":"https:\/\/naturalpoland.com\/cs\/#\/schema\/logo\/image\/"},"sameAs":["https:\/\/www.facebook.com\/naturalpoland.b2b","https:\/\/pl.linkedin.com\/company\/natural-poland","https:\/\/www.youtube.com\/channel\/UCgeGGkvOMahZo-xu_MSEWxg"]}]}},"_links":{"self":[{"href":"https:\/\/naturalpoland.com\/cs\/wp-json\/wp\/v2\/product\/26112","targetHints":{"allow":["GET"]}}],"collection":[{"href":"https:\/\/naturalpoland.com\/cs\/wp-json\/wp\/v2\/product"}],"about":[{"href":"https:\/\/naturalpoland.com\/cs\/wp-json\/wp\/v2\/types\/product"}],"wp:featuredmedia":[{"embeddable":true,"href":"https:\/\/naturalpoland.com\/cs\/wp-json\/wp\/v2\/media\/25923"}],"wp:attachment":[{"href":"https:\/\/naturalpoland.com\/cs\/wp-json\/wp\/v2\/media?parent=26112"}],"wp:term":[{"taxonomy":"product_brand","embeddable":true,"href":"https:\/\/naturalpoland.com\/cs\/wp-json\/wp\/v2\/product_brand?post=26112"},{"taxonomy":"product_cat","embeddable":true,"href":"https:\/\/naturalpoland.com\/cs\/wp-json\/wp\/v2\/product_cat?post=26112"},{"taxonomy":"product_tag","embeddable":true,"href":"https:\/\/naturalpoland.com\/cs\/wp-json\/wp\/v2\/product_tag?post=26112"}],"curies":[{"name":"wp","href":"https:\/\/api.w.org\/{rel}","templated":true}]}}