{"id":26119,"date":"2023-10-02T13:45:33","date_gmt":"2023-10-02T11:45:33","guid":{"rendered":"https:\/\/naturalpoland.com\/produkty\/nezarazene\/hrachovy-protein\/"},"modified":"2023-10-03T10:09:13","modified_gmt":"2023-10-03T08:09:13","slug":"hrachovy-protein","status":"publish","type":"product","link":"https:\/\/naturalpoland.com\/cs\/produkty\/produkty-pro-potravinarsky-prumysl\/rostlinne-bilkoviny\/hrachovy-protein\/","title":{"rendered":"Hrachov\u00fd protein"},"content":{"rendered":"<p>Hrachov\u00e1 b\u00edlkovina je bohat\u00e1 na aminokyseliny, v\u010detn\u011b exogenn\u00edch, kter\u00e9 si t\u011blo nedok\u00e1\u017ee samo vyrobit. To podporuje regeneraci sval\u016f, metabolick\u00e9 procesy a spr\u00e1vnou v\u00fdstavbu svalov\u00e9 tk\u00e1n\u011b.<\/p>\n<p><strong>Hrachov\u00fd protein 80%<\/strong> ocen\u00ed zejm\u00e9na sportovci a lid\u00e9, kte\u0159\u00ed dbaj\u00ed na svou postavu. D\u00edky vysok\u00e9mu obsahu b\u00edlkovin a n\u00edzk\u00e9mu obsahu sacharid\u016f a tuk\u016f je ide\u00e1ln\u00ed podporou pro tr\u00e9nuj\u00edc\u00ed. <strong>Hrachov\u00fd protein 50%<\/strong> je vynikaj\u00edc\u00ed volbou pro ty, kte\u0159\u00ed cht\u011bj\u00ed zpest\u0159it sv\u016fj j\u00eddeln\u00ed\u010dek dal\u0161\u00edm zdrojem b\u00edlkovin.<\/p>\n<p>Jedn\u00e1 se o snadno stravitelnou b\u00edlkovinu, kter\u00e1 nezat\u011b\u017euje tr\u00e1vic\u00ed syst\u00e9m a nezp\u016fsobuje potravinov\u00e9 alergie, tak\u017ee je pro v\u011bt\u0161inu spot\u0159ebitel\u016f bezpe\u010dn\u00e1. D\u00edky sv\u00e9 jemn\u00e9, neutr\u00e1ln\u00ed chuti se dob\u0159e m\u00eds\u00ed s r\u016fzn\u00fdmi produkty a st\u00e1v\u00e1 se skv\u011bl\u00fdm dopl\u0148kem koktejl\u016f, proteinov\u00fdch koktejl\u016f, pe\u010diva nebo pokrm\u016f k ve\u010de\u0159i.<\/p>\n<p>Dal\u0161\u00ed v\u00fdhodou hrachov\u00e9ho proteinu je jeho vliv na \u017eivotn\u00ed prost\u0159ed\u00ed. V\u00fdroba t\u011bchto b\u00edlkovin je mnohem ekologi\u010dt\u011bj\u0161\u00ed ne\u017e v\u00fdroba \u017eivo\u010di\u0161n\u00fdch b\u00edlkovin, co\u017e je d\u016fle\u017eit\u00fd argument pro st\u00e1le \u0161ir\u0161\u00ed okruh ekologicky uv\u011bdom\u011bl\u00fdch spot\u0159ebitel\u016f.<\/p>\n","protected":false},"excerpt":{"rendered":"<p>Hrachov\u00fd protein je jedn\u00edm z nejuniverz\u00e1ln\u011bj\u0161\u00edch rostlinn\u00fdch protein\u016f na trhu. Jedn\u00e1 se o univerz\u00e1ln\u00ed produkt, kter\u00fd reaguje na rostouc\u00ed popt\u00e1vku po alternativn\u00edch zdroj\u00edch b\u00edlkovin. To je v\u00fdhodn\u00e9 pro osoby s aktivn\u00edm \u017eivotn\u00edm stylem i pro ty, kte\u0159\u00ed hledaj\u00ed alternativu k \u017eivo\u010di\u0161n\u00fdm b\u00edlkovin\u00e1m ze zdravotn\u00edch nebo etick\u00fdch d\u016fvod\u016f.<\/p>\n","protected":false},"featured_media":25910,"template":"","meta":{"_acf_changed":false},"product_brand":[],"product_cat":[629,2663],"product_tag":[],"class_list":{"0":"post-26119","1":"product","2":"type-product","3":"status-publish","4":"has-post-thumbnail","6":"product_cat-pridavky-k-doplnkum-stravy","7":"product_cat-rostlinne-bilkoviny","9":"first","10":"instock","11":"shipping-taxable","12":"product-type-simple"},"acf":[],"yoast_head":"<!-- This site is optimized with the Yoast SEO plugin v27.4 - https:\/\/yoast.com\/product\/yoast-seo-wordpress\/ -->\n<title>Hrachov\u00fd protein - Velkoobchodn\u00ed distributor<\/title>\n<meta name=\"description\" content=\"Hrachov\u00fd protein je jedn\u00edm z nejuniverz\u00e1ln\u011bj\u0161\u00edch rostlinn\u00fdch protein\u016f na trhu. Reaguje na rostouc\u00ed popt\u00e1vku po alternativn\u00edch zdroj\u00edch b\u00edlkovin.\" \/>\n<meta name=\"robots\" content=\"index, follow, max-snippet:-1, max-image-preview:large, max-video-preview:-1\" \/>\n<link rel=\"canonical\" href=\"https:\/\/naturalpoland.com\/cs\/produkty\/produkty-pro-potravinarsky-prumysl\/rostlinne-bilkoviny\/hrachovy-protein\/\" \/>\n<meta property=\"og:locale\" content=\"cs_CZ\" \/>\n<meta property=\"og:type\" content=\"article\" \/>\n<meta property=\"og:title\" content=\"Hrachov\u00fd protein - Velkoobchodn\u00ed distributor\" \/>\n<meta property=\"og:description\" content=\"Hrachov\u00fd protein je jedn\u00edm z nejuniverz\u00e1ln\u011bj\u0161\u00edch rostlinn\u00fdch protein\u016f na trhu. Reaguje na rostouc\u00ed popt\u00e1vku po alternativn\u00edch zdroj\u00edch b\u00edlkovin.\" \/>\n<meta property=\"og:url\" content=\"https:\/\/naturalpoland.com\/cs\/produkty\/produkty-pro-potravinarsky-prumysl\/rostlinne-bilkoviny\/hrachovy-protein\/\" \/>\n<meta property=\"og:site_name\" content=\"NATURAL POLAND - Velkoobchodn\u00ed distributor surovin\" \/>\n<meta property=\"article:publisher\" content=\"https:\/\/www.facebook.com\/naturalpoland.b2b\" \/>\n<meta property=\"article:modified_time\" content=\"2023-10-03T08:09:13+00:00\" \/>\n<meta property=\"og:image\" content=\"https:\/\/naturalpoland.com\/wp-content\/uploads\/bialko-grochu.jpg\" \/>\n\t<meta property=\"og:image:width\" content=\"650\" \/>\n\t<meta property=\"og:image:height\" content=\"650\" \/>\n\t<meta property=\"og:image:type\" content=\"image\/jpeg\" \/>\n<script type=\"application\/ld+json\" class=\"yoast-schema-graph\">{\"@context\":\"https:\\\/\\\/schema.org\",\"@graph\":[{\"@type\":\"WebPage\",\"@id\":\"https:\\\/\\\/naturalpoland.com\\\/cs\\\/produkty\\\/produkty-pro-potravinarsky-prumysl\\\/rostlinne-bilkoviny\\\/hrachovy-protein\\\/\",\"url\":\"https:\\\/\\\/naturalpoland.com\\\/cs\\\/produkty\\\/produkty-pro-potravinarsky-prumysl\\\/rostlinne-bilkoviny\\\/hrachovy-protein\\\/\",\"name\":\"Hrachov\u00fd protein - Velkoobchodn\u00ed distributor\",\"isPartOf\":{\"@id\":\"https:\\\/\\\/naturalpoland.com\\\/cs\\\/#website\"},\"primaryImageOfPage\":{\"@id\":\"https:\\\/\\\/naturalpoland.com\\\/cs\\\/produkty\\\/produkty-pro-potravinarsky-prumysl\\\/rostlinne-bilkoviny\\\/hrachovy-protein\\\/#primaryimage\"},\"image\":{\"@id\":\"https:\\\/\\\/naturalpoland.com\\\/cs\\\/produkty\\\/produkty-pro-potravinarsky-prumysl\\\/rostlinne-bilkoviny\\\/hrachovy-protein\\\/#primaryimage\"},\"thumbnailUrl\":\"https:\\\/\\\/naturalpoland.com\\\/wp-content\\\/uploads\\\/bialko-grochu.jpg\",\"datePublished\":\"2023-10-02T11:45:33+00:00\",\"dateModified\":\"2023-10-03T08:09:13+00:00\",\"description\":\"Hrachov\u00fd protein je jedn\u00edm z nejuniverz\u00e1ln\u011bj\u0161\u00edch rostlinn\u00fdch protein\u016f na trhu. Reaguje na rostouc\u00ed popt\u00e1vku po alternativn\u00edch zdroj\u00edch b\u00edlkovin.\",\"breadcrumb\":{\"@id\":\"https:\\\/\\\/naturalpoland.com\\\/cs\\\/produkty\\\/produkty-pro-potravinarsky-prumysl\\\/rostlinne-bilkoviny\\\/hrachovy-protein\\\/#breadcrumb\"},\"inLanguage\":\"cs\",\"potentialAction\":[{\"@type\":\"ReadAction\",\"target\":[\"https:\\\/\\\/naturalpoland.com\\\/cs\\\/produkty\\\/produkty-pro-potravinarsky-prumysl\\\/rostlinne-bilkoviny\\\/hrachovy-protein\\\/\"]}]},{\"@type\":\"ImageObject\",\"inLanguage\":\"cs\",\"@id\":\"https:\\\/\\\/naturalpoland.com\\\/cs\\\/produkty\\\/produkty-pro-potravinarsky-prumysl\\\/rostlinne-bilkoviny\\\/hrachovy-protein\\\/#primaryimage\",\"url\":\"https:\\\/\\\/naturalpoland.com\\\/wp-content\\\/uploads\\\/bialko-grochu.jpg\",\"contentUrl\":\"https:\\\/\\\/naturalpoland.com\\\/wp-content\\\/uploads\\\/bialko-grochu.jpg\",\"width\":650,\"height\":650,\"caption\":\"hrachov\u00fd protein\"},{\"@type\":\"BreadcrumbList\",\"@id\":\"https:\\\/\\\/naturalpoland.com\\\/cs\\\/produkty\\\/produkty-pro-potravinarsky-prumysl\\\/rostlinne-bilkoviny\\\/hrachovy-protein\\\/#breadcrumb\",\"itemListElement\":[{\"@type\":\"ListItem\",\"position\":1,\"name\":\"Dom\u016f\",\"item\":\"https:\\\/\\\/naturalpoland.com\\\/cs\\\/\"},{\"@type\":\"ListItem\",\"position\":2,\"name\":\"Produkty\",\"item\":\"https:\\\/\\\/naturalpoland.com\\\/cs\\\/produkty\\\/\"},{\"@type\":\"ListItem\",\"position\":3,\"name\":\"Hrachov\u00fd protein\"}]},{\"@type\":\"WebSite\",\"@id\":\"https:\\\/\\\/naturalpoland.com\\\/cs\\\/#website\",\"url\":\"https:\\\/\\\/naturalpoland.com\\\/cs\\\/\",\"name\":\"NATURAL POLAND - Velkoobchodn\u00ed distributor surovin\",\"description\":\"Surowce dla przemys\u0142u spo\u017cywczego, kosmetycznego i farmaceutycznego\",\"publisher\":{\"@id\":\"https:\\\/\\\/naturalpoland.com\\\/cs\\\/#organization\"},\"potentialAction\":[{\"@type\":\"SearchAction\",\"target\":{\"@type\":\"EntryPoint\",\"urlTemplate\":\"https:\\\/\\\/naturalpoland.com\\\/cs\\\/?s={search_term_string}\"},\"query-input\":{\"@type\":\"PropertyValueSpecification\",\"valueRequired\":true,\"valueName\":\"search_term_string\"}}],\"inLanguage\":\"cs\"},{\"@type\":\"Organization\",\"@id\":\"https:\\\/\\\/naturalpoland.com\\\/cs\\\/#organization\",\"name\":\"Natural Poland\",\"url\":\"https:\\\/\\\/naturalpoland.com\\\/cs\\\/\",\"logo\":{\"@type\":\"ImageObject\",\"inLanguage\":\"cs\",\"@id\":\"https:\\\/\\\/naturalpoland.com\\\/cs\\\/#\\\/schema\\\/logo\\\/image\\\/\",\"url\":\"https:\\\/\\\/naturalpoland.com\\\/wp-content\\\/uploads\\\/2021\\\/05\\\/natural-poland-icon.png\",\"contentUrl\":\"https:\\\/\\\/naturalpoland.com\\\/wp-content\\\/uploads\\\/2021\\\/05\\\/natural-poland-icon.png\",\"width\":512,\"height\":512,\"caption\":\"Natural Poland\"},\"image\":{\"@id\":\"https:\\\/\\\/naturalpoland.com\\\/cs\\\/#\\\/schema\\\/logo\\\/image\\\/\"},\"sameAs\":[\"https:\\\/\\\/www.facebook.com\\\/naturalpoland.b2b\",\"https:\\\/\\\/pl.linkedin.com\\\/company\\\/natural-poland\",\"https:\\\/\\\/www.youtube.com\\\/channel\\\/UCgeGGkvOMahZo-xu_MSEWxg\"]}]}<\/script>\n<!-- \/ Yoast SEO plugin. -->","yoast_head_json":{"title":"Hrachov\u00fd protein - Velkoobchodn\u00ed distributor","description":"Hrachov\u00fd protein je jedn\u00edm z nejuniverz\u00e1ln\u011bj\u0161\u00edch rostlinn\u00fdch protein\u016f na trhu. Reaguje na rostouc\u00ed popt\u00e1vku po alternativn\u00edch zdroj\u00edch b\u00edlkovin.","robots":{"index":"index","follow":"follow","max-snippet":"max-snippet:-1","max-image-preview":"max-image-preview:large","max-video-preview":"max-video-preview:-1"},"canonical":"https:\/\/naturalpoland.com\/cs\/produkty\/produkty-pro-potravinarsky-prumysl\/rostlinne-bilkoviny\/hrachovy-protein\/","og_locale":"cs_CZ","og_type":"article","og_title":"Hrachov\u00fd protein - Velkoobchodn\u00ed distributor","og_description":"Hrachov\u00fd protein je jedn\u00edm z nejuniverz\u00e1ln\u011bj\u0161\u00edch rostlinn\u00fdch protein\u016f na trhu. Reaguje na rostouc\u00ed popt\u00e1vku po alternativn\u00edch zdroj\u00edch b\u00edlkovin.","og_url":"https:\/\/naturalpoland.com\/cs\/produkty\/produkty-pro-potravinarsky-prumysl\/rostlinne-bilkoviny\/hrachovy-protein\/","og_site_name":"NATURAL POLAND - Velkoobchodn\u00ed distributor surovin","article_publisher":"https:\/\/www.facebook.com\/naturalpoland.b2b","article_modified_time":"2023-10-03T08:09:13+00:00","og_image":[{"width":650,"height":650,"url":"https:\/\/naturalpoland.com\/wp-content\/uploads\/bialko-grochu.jpg","type":"image\/jpeg"}],"schema":{"@context":"https:\/\/schema.org","@graph":[{"@type":"WebPage","@id":"https:\/\/naturalpoland.com\/cs\/produkty\/produkty-pro-potravinarsky-prumysl\/rostlinne-bilkoviny\/hrachovy-protein\/","url":"https:\/\/naturalpoland.com\/cs\/produkty\/produkty-pro-potravinarsky-prumysl\/rostlinne-bilkoviny\/hrachovy-protein\/","name":"Hrachov\u00fd protein - Velkoobchodn\u00ed distributor","isPartOf":{"@id":"https:\/\/naturalpoland.com\/cs\/#website"},"primaryImageOfPage":{"@id":"https:\/\/naturalpoland.com\/cs\/produkty\/produkty-pro-potravinarsky-prumysl\/rostlinne-bilkoviny\/hrachovy-protein\/#primaryimage"},"image":{"@id":"https:\/\/naturalpoland.com\/cs\/produkty\/produkty-pro-potravinarsky-prumysl\/rostlinne-bilkoviny\/hrachovy-protein\/#primaryimage"},"thumbnailUrl":"https:\/\/naturalpoland.com\/wp-content\/uploads\/bialko-grochu.jpg","datePublished":"2023-10-02T11:45:33+00:00","dateModified":"2023-10-03T08:09:13+00:00","description":"Hrachov\u00fd protein je jedn\u00edm z nejuniverz\u00e1ln\u011bj\u0161\u00edch rostlinn\u00fdch protein\u016f na trhu. Reaguje na rostouc\u00ed popt\u00e1vku po alternativn\u00edch zdroj\u00edch b\u00edlkovin.","breadcrumb":{"@id":"https:\/\/naturalpoland.com\/cs\/produkty\/produkty-pro-potravinarsky-prumysl\/rostlinne-bilkoviny\/hrachovy-protein\/#breadcrumb"},"inLanguage":"cs","potentialAction":[{"@type":"ReadAction","target":["https:\/\/naturalpoland.com\/cs\/produkty\/produkty-pro-potravinarsky-prumysl\/rostlinne-bilkoviny\/hrachovy-protein\/"]}]},{"@type":"ImageObject","inLanguage":"cs","@id":"https:\/\/naturalpoland.com\/cs\/produkty\/produkty-pro-potravinarsky-prumysl\/rostlinne-bilkoviny\/hrachovy-protein\/#primaryimage","url":"https:\/\/naturalpoland.com\/wp-content\/uploads\/bialko-grochu.jpg","contentUrl":"https:\/\/naturalpoland.com\/wp-content\/uploads\/bialko-grochu.jpg","width":650,"height":650,"caption":"hrachov\u00fd protein"},{"@type":"BreadcrumbList","@id":"https:\/\/naturalpoland.com\/cs\/produkty\/produkty-pro-potravinarsky-prumysl\/rostlinne-bilkoviny\/hrachovy-protein\/#breadcrumb","itemListElement":[{"@type":"ListItem","position":1,"name":"Dom\u016f","item":"https:\/\/naturalpoland.com\/cs\/"},{"@type":"ListItem","position":2,"name":"Produkty","item":"https:\/\/naturalpoland.com\/cs\/produkty\/"},{"@type":"ListItem","position":3,"name":"Hrachov\u00fd protein"}]},{"@type":"WebSite","@id":"https:\/\/naturalpoland.com\/cs\/#website","url":"https:\/\/naturalpoland.com\/cs\/","name":"NATURAL POLAND - Velkoobchodn\u00ed distributor surovin","description":"Surowce dla przemys\u0142u spo\u017cywczego, kosmetycznego i farmaceutycznego","publisher":{"@id":"https:\/\/naturalpoland.com\/cs\/#organization"},"potentialAction":[{"@type":"SearchAction","target":{"@type":"EntryPoint","urlTemplate":"https:\/\/naturalpoland.com\/cs\/?s={search_term_string}"},"query-input":{"@type":"PropertyValueSpecification","valueRequired":true,"valueName":"search_term_string"}}],"inLanguage":"cs"},{"@type":"Organization","@id":"https:\/\/naturalpoland.com\/cs\/#organization","name":"Natural Poland","url":"https:\/\/naturalpoland.com\/cs\/","logo":{"@type":"ImageObject","inLanguage":"cs","@id":"https:\/\/naturalpoland.com\/cs\/#\/schema\/logo\/image\/","url":"https:\/\/naturalpoland.com\/wp-content\/uploads\/2021\/05\/natural-poland-icon.png","contentUrl":"https:\/\/naturalpoland.com\/wp-content\/uploads\/2021\/05\/natural-poland-icon.png","width":512,"height":512,"caption":"Natural Poland"},"image":{"@id":"https:\/\/naturalpoland.com\/cs\/#\/schema\/logo\/image\/"},"sameAs":["https:\/\/www.facebook.com\/naturalpoland.b2b","https:\/\/pl.linkedin.com\/company\/natural-poland","https:\/\/www.youtube.com\/channel\/UCgeGGkvOMahZo-xu_MSEWxg"]}]}},"_links":{"self":[{"href":"https:\/\/naturalpoland.com\/cs\/wp-json\/wp\/v2\/product\/26119","targetHints":{"allow":["GET"]}}],"collection":[{"href":"https:\/\/naturalpoland.com\/cs\/wp-json\/wp\/v2\/product"}],"about":[{"href":"https:\/\/naturalpoland.com\/cs\/wp-json\/wp\/v2\/types\/product"}],"wp:featuredmedia":[{"embeddable":true,"href":"https:\/\/naturalpoland.com\/cs\/wp-json\/wp\/v2\/media\/25910"}],"wp:attachment":[{"href":"https:\/\/naturalpoland.com\/cs\/wp-json\/wp\/v2\/media?parent=26119"}],"wp:term":[{"taxonomy":"product_brand","embeddable":true,"href":"https:\/\/naturalpoland.com\/cs\/wp-json\/wp\/v2\/product_brand?post=26119"},{"taxonomy":"product_cat","embeddable":true,"href":"https:\/\/naturalpoland.com\/cs\/wp-json\/wp\/v2\/product_cat?post=26119"},{"taxonomy":"product_tag","embeddable":true,"href":"https:\/\/naturalpoland.com\/cs\/wp-json\/wp\/v2\/product_tag?post=26119"}],"curies":[{"name":"wp","href":"https:\/\/api.w.org\/{rel}","templated":true}]}}